{"id":15843,"date":"2025-01-19T15:03:53","date_gmt":"2025-01-19T15:03:53","guid":{"rendered":"https:\/\/www.hydraulic-cylinders.net\/product\/bucket-cylinder-for-yishan-ys220\/"},"modified":"2025-01-19T15:03:59","modified_gmt":"2025-01-19T15:03:59","slug":"bucket-cylinder-for-yishan-ys220","status":"publish","type":"product","link":"https:\/\/www.hydraulic-cylinders.net\/sv\/produkt\/bucket-cylinder-for-yishan-ys220\/","title":{"rendered":"Skopscylinder f\u00f6r Yishan YS220"},"content":{"rendered":"<h1>Skopscylinder f\u00f6r Yishan YS220<\/h1>\n<h2>Introduktion<\/h2>\n<p>Skopcylindern f\u00f6r Yishan YS220 \u00e4r en specialiserad hydraulcylinder som \u00e4r utformad f\u00f6r att styra r\u00f6relsen hos skopor i tunga maskiner som gr\u00e4vmaskiner, gr\u00e4vlastare och frontlastare. Dess prim\u00e4ra funktion \u00e4r att g\u00f6ra det m\u00f6jligt f\u00f6r skopan att lyfta, s\u00e4nka och luta, vilket g\u00f6r det enklare att utf\u00f6ra olika materialhanteringsuppgifter. I hydrauliska system anv\u00e4nder skopcylindern tryckf\u00f6r\u00e4ndringen fr\u00e5n hydraulolja f\u00f6r att uppn\u00e5 exakt kontroll \u00f6ver skopan, vilket g\u00f6r det m\u00f6jligt f\u00f6r operat\u00f6rer att effektivt hantera tunga laster, anpassa sig till komplexa arbetsmilj\u00f6er och olika driftskrav.<\/p>\n<p><img decoding=\"async\" src=\"https:\/\/www.hydraulic-cylinders.net\/wp-content\/uploads\/2025\/01\/songte-company-2.webp\" alt=\"Skopscylinder f\u00f6r Yishan YS220\"><\/p>\n<h2>Drag<\/h2>\n<ul>\n<li>H\u00f6g h\u00e5llfasthet och h\u00e5llbarhet: Vanligtvis tillverkad av h\u00f6gh\u00e5llfast st\u00e5l eller aluminium, t\u00e5l den h\u00f6gt tryck och tunga belastningar och anpassar sig till tuffa arbetsmilj\u00f6er. Designen tar h\u00e4nsyn till slitstyrka och korrosionsbest\u00e4ndighet, vilket f\u00f6rl\u00e4nger dess livsl\u00e4ngd.<\/li>\n<li>Effektiv hydraulisk drift: Smidiga ut- och sammandragningsr\u00f6relser uppn\u00e5s genom att anv\u00e4nda hydrauloljetryck, vilket m\u00f6jligg\u00f6r snabb respons p\u00e5 kontrollkommandon och ger kraftfulla tryck- och dragkrafter, l\u00e4mpliga f\u00f6r hantering av tunga f\u00f6rem\u00e5l och komplexa arbetsuppgifter.<\/li>\n<li>Olika typer: Enkelverkande (hydrauliska cylindrar anv\u00e4nds endast i en riktning) eller dubbelverkande (hydrauliska cylindrar anv\u00e4nds i b\u00e5da riktningarna) cylindrar kan v\u00e4ljas efter driftskrav. Vissa modeller \u00e4r teleskopiska, vilket m\u00f6jligg\u00f6r st\u00f6rre utdrag utan att \u00f6ka de yttre m\u00e5tten, l\u00e4mpliga f\u00f6r applikationer med begr\u00e4nsat utrymme.<\/li>\n<li>Perfekt ers\u00e4ttning: V\u00e5ra produkter kan perfekt ers\u00e4tta dessa hydraulcylindrar.<\/li>\n<\/ul>\n<p><img decoding=\"async\" src=\"https:\/\/www.hydraulic-cylinders.net\/wp-content\/uploads\/2025\/01\/songte-cylinder-head-with-all-kinds-excavator-models.webp\" alt=\"Skopscylinder f\u00f6r Yishan YS220\"><\/p>\n<h2>Applikationer<\/h2>\n<h3>Byggutrustning:<\/h3>\n<p>I gr\u00e4vmaskiner \u00e4r de viktiga f\u00f6r att gr\u00e4va, lasta och flytta jord eller skr\u00e4p. I gr\u00e4vlastare underl\u00e4ttar skopcylindrar b\u00e5de gr\u00e4vning och lyftning. I frontlastare hj\u00e4lper de till att lyfta och luta last effektivt.<\/p>\n<h3>Jordbruksmaskiner:<\/h3>\n<p>Anv\u00e4nds i frontlastare f\u00f6r att skopa, lyfta och transportera jord, h\u00f6 och andra material. I gr\u00e4vmaskiner m\u00f6jligg\u00f6r skopcylindern gr\u00e4vning genom att l\u00e5ta skopan tr\u00e4nga ner i jorden.<\/p>\n<h2>Design\u00f6verv\u00e4ganden och urvalskriterier<\/h2>\n<ul>\n<li>B\u00e4rkapacitet: Hydraulcylindern m\u00e5ste ha tillr\u00e4cklig b\u00e4rkapacitet f\u00f6r att uppfylla applikationens krav.<\/li>\n<li>T\u00e4tningsprestanda: Olika t\u00e4tningskomponenter anv\u00e4nds, s\u00e5som kolvt\u00e4tningar och kolvst\u00e5ngst\u00e4tningar, tillverkade av slitstarka material som polyuretan och nitrilgummi, f\u00f6r att f\u00f6rb\u00e4ttra t\u00e4tningsprestanda.<\/li>\n<li>H\u00e5llbarhet: Cylinderhuset och den g\u00e4ngade \u00e4ndytan \u00e4r noggrant bearbetade f\u00f6r att f\u00f6rb\u00e4ttra slitstyrkan. Regelbunden sm\u00f6rjning \u00e4r n\u00f6dv\u00e4ndig f\u00f6r att f\u00f6rhindra slitage och s\u00e4kerst\u00e4lla normal drift.<\/li>\n<li>S\u00e4kerhet: L\u00e4mpliga s\u00e4kerhets\u00e5tg\u00e4rder b\u00f6r vidtas under installation och drift f\u00f6r att s\u00e4kerst\u00e4lla s\u00e4ker anv\u00e4ndning.<\/li>\n<li>Underh\u00e5ll: Regelbunden inspektion och underh\u00e5ll \u00e4r n\u00f6dv\u00e4ndigt f\u00f6r att uppt\u00e4cka och f\u00f6rebygga potentiella problem. Reservdelsbyte och reparationstj\u00e4nster finns ocks\u00e5 tillg\u00e4ngliga.<\/li>\n<\/ul>\n<p><img decoding=\"async\" src=\"https:\/\/www.hydraulic-cylinders.net\/wp-content\/uploads\/2025\/01\/songte-oil-pipes-and-spare-parts.webp\" alt=\"Skopscylinder f\u00f6r Yishan YS220\"><\/p>\n<h2>T\u00e4tning och sm\u00f6rjning<\/h2>\n<p>Olika t\u00e4tningskomponenter anv\u00e4nds, s\u00e5som kolvt\u00e4tningar och kolvst\u00e5ngst\u00e4tningar, tillverkade av slitstarka material som polyuretan och nitrilgummi, f\u00f6r att f\u00f6rb\u00e4ttra t\u00e4tningsprestanda. Cylinderhuset och den g\u00e4ngade \u00e4ndytan \u00e4r noggrant bearbetade f\u00f6r att f\u00f6rb\u00e4ttra slitstyrkan. Regelbunden sm\u00f6rjning \u00e4r n\u00f6dv\u00e4ndig f\u00f6r att f\u00f6rhindra slitage och s\u00e4kerst\u00e4lla normal drift.<\/p>\n<h2>Underh\u00e5ll och reparation<\/h2>\n<p>Regular inspection and maintenance are necessary to detect and prevent potential problems. Common maintenance tasks include regular checks, appropriate lubrication, and seal replacement. Proper installation, lubrication, and adjustment are critical to ensuring the longevity of the product. It is recommended to use appropriate installation brackets to secure the cylinder. We offer recommended inspection, repair, and replacement procedures, replacement parts, and rebuilding services to improve the product&#8217;s lifespan.<\/p>\n<p><img decoding=\"async\" src=\"https:\/\/www.hydraulic-cylinders.net\/wp-content\/uploads\/2025\/01\/songte-chushion-collar.webp\" alt=\"Skopscylinder f\u00f6r Yishan YS220\"><\/p>\n<h2>S\u00e4kerhets- och milj\u00f6h\u00e4nsyn<\/h2>\n<p>Korrekt anv\u00e4ndning av s\u00e4kerhets\u00e5tg\u00e4rder \u00e4r avg\u00f6rande vid anv\u00e4ndning av hydraulcylindrar. Var f\u00f6rsiktig s\u00e5 att l\u00e4ckage av hydraulv\u00e4tska undviks, vilket kan skada milj\u00f6n och uts\u00e4tta personal f\u00f6r fara.<\/p>\n<h2>Feldiagnos och fels\u00f6kning<\/h2>\n<p>N\u00e5gra vanliga problem med hydraulcylindrar inkluderar t\u00e4tningsfel, l\u00e4ckage och att de inte kan dras ut eller in. Dessa kan l\u00f6sas genom att identifiera orsaken och byta ut de skadade delarna. F\u00f6rebyggande \u00e5tg\u00e4rder som regelbundet underh\u00e5ll och inspektioner kan bidra till att f\u00f6rhindra problem innan de uppst\u00e5r.<\/p>\n<p><img decoding=\"async\" src=\"https:\/\/www.hydraulic-cylinders.net\/wp-content\/uploads\/2025\/01\/songte-bushings-with-all-kinds-of-excavator-models.webp\" alt=\"Skopscylinder f\u00f6r Yishan YS220\"><\/p>\n<h2>Om oss<\/h2>\n<p>We are a hydraulic cylinder manufacturer that produces a full range of products and has become one of the leading manufacturers and wholesale distributors of hydraulic cylinders in domestic and international markets. We adhere to the principle of excellent quality and rely on the industry&#8217;s manufacturing management strategy in our sophisticated manufacturing workshop. With our use of technology talents, digital high-end manufacturing equipment, and professional testing systems, we continuously improve our manufacturing platform, refine product quality production lines, and have strong creative capabilities. We meet the diverse needs of customers with high efficiency, high precision, and high-quality principles.<\/p>\n<ul>\n<li>Professionalism: Vi har ett team av experter som \u00e4r kunniga om hydraulcylindrar och deras till\u00e4mpningar.<\/li>\n<li>Internationell certifiering: V\u00e5ra produkter har erh\u00e5llit internationella certifieringar som CE och ISO9001.<\/li>\n<li>Anpassningstj\u00e4nster: Vi erbjuder skr\u00e4ddarsydda tj\u00e4nster f\u00f6r att m\u00f6ta v\u00e5ra kunders specifika behov.<\/li>\n<li>Produktionsutrustning: Vi anv\u00e4nder sofistikerad tillverkningsutrustning, s\u00e5som precisions-CNC-maskiner och svetsrobotar, f\u00f6r att s\u00e4kerst\u00e4lla h\u00f6gkvalitativa produkter.<\/li>\n<li>Eftermarknadsservice: Vi erbjuder eftermarknadsservice till v\u00e5ra kunder, inklusive teknisk support, reservdelsbyte och ombyggnadstj\u00e4nster.<\/li>\n<\/ul>\n<p><img decoding=\"async\" src=\"https:\/\/hzpt.com\/wp-content\/uploads\/2024\/11\/songte-company-1.webp\" alt=\"Skopscylinder f\u00f6r Yishan YS220\"><\/p>\n<p>F\u00f6rfattare: lyl<\/p>","protected":false},"excerpt":{"rendered":"<p>Bucket Cylinder For Yishan YS220 Introduction The Bucket Cylinder for Yishan YS220 is a specialized hydraulic cylinder designed to control the movement of buckets in heavy machinery such as excavators, backhoe loaders, and front loaders. Its primary function is to enable the bucket to lift, lower, and tilt, making it easier to carry out various [&hellip;]<\/p>","protected":false},"featured_media":14780,"comment_status":"open","ping_status":"closed","template":"","meta":{"_et_pb_use_builder":"","_et_pb_old_content":"","_et_gb_content_width":""},"product_brand":[],"product_cat":[1494],"product_tag":[1495,1496],"class_list":{"0":"post-15843","1":"product","2":"type-product","3":"status-publish","4":"has-post-thumbnail","6":"product_cat-bucket-cylinders","7":"product_tag-bucket-cylinders","8":"product_tag-hydraulic-cylinders","10":"first","11":"instock","12":"shipping-taxable","13":"product-type-simple"},"amp_enabled":true,"_links":{"self":[{"href":"https:\/\/www.hydraulic-cylinders.net\/sv\/wp-json\/wp\/v2\/product\/15843","targetHints":{"allow":["GET"]}}],"collection":[{"href":"https:\/\/www.hydraulic-cylinders.net\/sv\/wp-json\/wp\/v2\/product"}],"about":[{"href":"https:\/\/www.hydraulic-cylinders.net\/sv\/wp-json\/wp\/v2\/types\/product"}],"replies":[{"embeddable":true,"href":"https:\/\/www.hydraulic-cylinders.net\/sv\/wp-json\/wp\/v2\/comments?post=15843"}],"wp:featuredmedia":[{"embeddable":true,"href":"https:\/\/www.hydraulic-cylinders.net\/sv\/wp-json\/wp\/v2\/media\/14780"}],"wp:attachment":[{"href":"https:\/\/www.hydraulic-cylinders.net\/sv\/wp-json\/wp\/v2\/media?parent=15843"}],"wp:term":[{"taxonomy":"product_brand","embeddable":true,"href":"https:\/\/www.hydraulic-cylinders.net\/sv\/wp-json\/wp\/v2\/product_brand?post=15843"},{"taxonomy":"product_cat","embeddable":true,"href":"https:\/\/www.hydraulic-cylinders.net\/sv\/wp-json\/wp\/v2\/product_cat?post=15843"},{"taxonomy":"product_tag","embeddable":true,"href":"https:\/\/www.hydraulic-cylinders.net\/sv\/wp-json\/wp\/v2\/product_tag?post=15843"}],"curies":[{"name":"wp","href":"https:\/\/api.w.org\/{rel}","templated":true}]}}