{"id":15851,"date":"2025-01-19T15:04:30","date_gmt":"2025-01-19T15:04:30","guid":{"rendered":"https:\/\/www.hydraulic-cylinders.net\/product\/bucket-cylinder-for-john-deere-e360lc\/"},"modified":"2025-01-19T15:04:32","modified_gmt":"2025-01-19T15:04:32","slug":"bucket-cylinder-for-john-deere-e360lc","status":"publish","type":"product","link":"https:\/\/www.hydraulic-cylinders.net\/sv\/produkt\/bucket-cylinder-for-john-deere-e360lc\/","title":{"rendered":"Skopscylinder f\u00f6r John Deere E360LC"},"content":{"rendered":"<h1>Skopscylinder f\u00f6r John Deere E360LC<\/h1>\n<h2>Introduktion<\/h2>\n<p>Skopcylindern till John Deere E360LC \u00e4r en specialiserad hydraulcylinder som \u00e4r utformad f\u00f6r att styra skopans r\u00f6relse i tunga maskiner som gr\u00e4vmaskiner, gr\u00e4vlastare och frontlastare. Dess huvudsakliga funktion \u00e4r att g\u00f6ra det m\u00f6jligt f\u00f6r skopan att lyfta, s\u00e4nka och luta f\u00f6r att underl\u00e4tta olika materialhanteringsuppgifter. I hydrauliska system uppn\u00e5r skopcylindern exakt kontroll \u00f6ver skopan genom f\u00f6r\u00e4ndringar i hydrauloljetrycket, vilket g\u00f6r det m\u00f6jligt f\u00f6r f\u00f6rare att hantera tunga laster effektivt och anpassa sig till komplexa arbetsmilj\u00f6er och varierande arbetskrav.<\/p>\n<p><img decoding=\"async\" src=\"https:\/\/www.hydraulic-cylinders.net\/wp-content\/uploads\/2025\/01\/songte-company-2.webp\" alt=\"Bild av skopcylinder\"><\/p>\n<h2>Drag<\/h2>\n<ul>\n<li>\n<h3>H\u00f6g styrka och h\u00e5llbarhet<\/h3>\n<p>Skopscylindern, som vanligtvis \u00e4r tillverkad av h\u00f6gh\u00e5llfast st\u00e5l eller aluminium, t\u00e5l h\u00f6gt tryck och tunga belastningar och anpassar sig till tuffa arbetsmilj\u00f6er. Konstruktionen tar h\u00e4nsyn till slitstyrka och korrosionsbest\u00e4ndighet f\u00f6r att f\u00f6rl\u00e4nga dess livsl\u00e4ngd.<\/p>\n<\/li>\n<li>\n<h3>Effektiv hydraulisk drift<\/h3>\n<p>Genom att utnyttja hydrauloljetrycket uppn\u00e5r skopcylindern smidig ut- och sammandragningsr\u00f6relse, vilket m\u00f6jligg\u00f6r snabb respons p\u00e5 styrkommandon och ger kraftfulla tryck- och dragkrafter l\u00e4mpliga f\u00f6r hantering av tunga laster och komplexa operationer.<\/p>\n<\/li>\n<li>\n<h3>Olika typer<\/h3>\n<p>Skopcylindern kan vara en enkelverkande (med hydraulik endast i en riktning) eller dubbelverkande (med hydraulik i b\u00e5da riktningarna) cylinder, beroende p\u00e5 kraven, och vissa modeller \u00e4r teleskopiska, vilket m\u00f6jligg\u00f6r st\u00f6rre utdrag utan att \u00f6ka de yttersta m\u00e5tten, l\u00e4mpliga f\u00f6r applikationer med begr\u00e4nsat utrymme.<\/p>\n<\/li>\n<li>\n<h3>Perfekt ers\u00e4ttning<\/h3>\n<p>V\u00e5r produkt \u00e4r en perfekt ers\u00e4ttning f\u00f6r dessa hydraulcylindrar. <\/p>\n<\/li>\n<\/ul>\n<p><img decoding=\"async\" src=\"https:\/\/www.hydraulic-cylinders.net\/wp-content\/uploads\/2025\/01\/songte-cylinder-head-with-all-kinds-excavator-models.webp\" alt=\"Bild f\u00f6r utbyte av skopcylinder\"><\/p>\n<h2>Applikationer<\/h2>\n<p>Skopscylindern anv\u00e4nds i olika tunga maskiner s\u00e5som:<\/p>\n<ul>\n<li>\n<h3>Byggutrustning<\/h3>\n<p>Byggmaskiner anv\u00e4nder skopcylindrar f\u00f6r att gr\u00e4va, lasta och flytta jord eller skr\u00e4p. I gr\u00e4vlastare hj\u00e4lper skopcylindern till vid b\u00e5de gr\u00e4vning och lyftning. <\/p>\n<\/li>\n<li>\n<h3>Jordbruksutrustning<\/h3>\n<p>Skopcylindern anv\u00e4nds i frontlastare f\u00f6r att \u00f6sa, lyfta och transportera jord, h\u00f6 och andra material. I gr\u00e4vmaskiner uppn\u00e5r skopcylindern gr\u00e4vningseffekt genom att l\u00e5ta skopan tr\u00e4nga ner i jorden. I frontlastare hj\u00e4lper den till att lyfta och luta gods effektivt.<\/p>\n<\/li>\n<\/ul>\n<h2>Design\u00f6verv\u00e4ganden och urvalsstandarder<\/h2>\n<p>Skopcylindern har n\u00e5gra design\u00f6verv\u00e4ganden, inklusive b\u00e4rf\u00f6rm\u00e5ga, t\u00e4tning, h\u00e5llbarhet, s\u00e4kerhet och underh\u00e5llbarhet.<\/p>\n<ul>\n<li>\n<h3>B\u00e4rf\u00f6rm\u00e5ga<\/h3>\n<p>Skopscylindern m\u00e5ste kunna motst\u00e5 den last den \u00e4r avsedd att b\u00e4ra. Materialet som anv\u00e4nds i cylindern m\u00e5ste v\u00e4ljas i enlighet d\u00e4rmed. <\/p>\n<\/li>\n<li>\n<h3>T\u00e4tning<\/h3>\n<p>The bucket cylinder&#8217;s sealing system, including piston seals, rod seals, etc., should be made of wear-resistant materials such as polyurethane, nitrile rubber, etc., to achieve a long service life.<\/p>\n<\/li>\n<li>\n<h3>Varaktighet<\/h3>\n<p>The bucket cylinder&#8217;s cylinder and thread end surfaces should be finely treated to improve wear resistance. <\/p>\n<\/li>\n<li>\n<h3>S\u00e4kerhet<\/h3>\n<p>Skopcylindern m\u00e5ste vara konstruerad med s\u00e4kerhet i \u00e5tanke f\u00f6r att f\u00f6rhindra olyckor. <\/p>\n<\/li>\n<li>\n<h3>Underh\u00e5llbarhet<\/h3>\n<p>Skopscylindern m\u00e5ste vara l\u00e4tt att underh\u00e5lla f\u00f6r att minska stillest\u00e5ndstiden. <\/p>\n<\/li>\n<\/ul>\n<p><img decoding=\"async\" src=\"https:\/\/www.hydraulic-cylinders.net\/wp-content\/uploads\/2025\/01\/songte-oil-pipes-and-spare-parts.webp\" alt=\"Bild av reservdelar till skopa\"><\/p>\n<h2>T\u00e4tning och sm\u00f6rjning<\/h2>\n<p>Skopcylindern anv\u00e4nder olika t\u00e4tningskomponenter s\u00e5som kolvt\u00e4tningar, kolvst\u00e5ngst\u00e4tningar etc. T\u00e4tningskomponenterna \u00e4r tillverkade av slitstarka material s\u00e5som polyuretan, nitrilgummi etc. f\u00f6r att ge l\u00e5ng livsl\u00e4ngd. Cylindern och g\u00e4ng\u00e4ndytorna p\u00e5 skopcylindern \u00e4r ocks\u00e5 finbehandlade f\u00f6r att f\u00f6rb\u00e4ttra slitstyrkan. Skopcylindern kr\u00e4ver regelbunden sm\u00f6rjning med hydraulolja f\u00f6r att uppn\u00e5 smidig drift.<\/p>\n<h2>Inspektion och f\u00f6rebyggande underh\u00e5lls\u00e5tg\u00e4rder<\/h2>\n<p>Skopans cylinder beh\u00f6ver regelbunden inspektion och f\u00f6rebyggande underh\u00e5ll f\u00f6r att s\u00e4kerst\u00e4lla l\u00e5ng livsl\u00e4ngd. Tre vanliga underh\u00e5llsuppgifter inkluderar:<\/p>\n<ul>\n<li>\n<h3>Regelbunden inspektion<\/h3>\n<p>Regelbundna inspektioner hj\u00e4lper till att uppt\u00e4cka eventuella problem innan de blir till st\u00f6rre problem. <\/p>\n<\/li>\n<li>\n<h3>Sm\u00f6rjning<\/h3>\n<p>Korrekt sm\u00f6rjning hj\u00e4lper till att uppr\u00e4tth\u00e5lla en smidig drift av skopcylindern.<\/p>\n<\/li>\n<li>\n<h3>T\u00e4tningsbyte och kalibreringskontroller<\/h3>\n<p>Byte av t\u00e4tningar och kalibreringskontroller s\u00e4kerst\u00e4ller att skopcylindern fungerar korrekt. <\/p>\n<\/li>\n<\/ul>\n<p>Proper installation, lubrication, and adjustment are critical to the bucket cylinder&#8217;s performance. Correct cylinder alignment guidance during installation is essential. We recommend using appropriate installation brackets to secure the cylinder. We suggest following the recommended inspection, repair, and replacement procedures to increase the bucket cylinder&#8217;s service life.<\/p>\n<p><img decoding=\"async\" src=\"https:\/\/www.hydraulic-cylinders.net\/wp-content\/uploads\/2025\/01\/songte-chushion-collar.webp\" alt=\"Bild f\u00f6r underh\u00e5ll av skopcylinder\"><\/p>\n<h2>S\u00e4kerhets- och milj\u00f6h\u00e4nsyn<\/h2>\n<p>Skopscylindern m\u00e5ste anv\u00e4ndas med l\u00e4mpliga s\u00e4kerhets\u00e5tg\u00e4rder p\u00e5 plats, inklusive sp\u00e4rr-\/m\u00e4rkningsprocedurer, s\u00e4kerhetsskydd och varningsetiketter. Korrekt kassering av anv\u00e4nd hydraulolja \u00e4r avg\u00f6rande f\u00f6r att minimera milj\u00f6p\u00e5verkan.<\/p>\n<h2>Diagnos och vanliga problem<\/h2>\n<p>Vanliga problem som kan uppst\u00e5 med skopcylindrar inkluderar l\u00e4ckage och skador p\u00e5 cylinderhuset eller kolvst\u00e5ngen. L\u00e4ckage kan bero p\u00e5 skadade t\u00e4tningar eller slitna komponenter. Skador p\u00e5 cylinderhuset eller kolvst\u00e5ngen kan uppst\u00e5 p\u00e5 grund av exponering f\u00f6r \u00f6verdriven belastning eller korrosiva material. Regelbunden inspektion och f\u00f6rebyggande underh\u00e5ll kan hj\u00e4lpa till att uppt\u00e4cka dessa problem tidigt f\u00f6r att f\u00f6rhindra st\u00f6rre problem.<\/p>\n<p>Om problem uppst\u00e5r kan fels\u00f6kning hj\u00e4lpa till att diagnostisera och \u00e5tg\u00e4rda problemet. Vanliga l\u00f6sningar kan inkludera att byta ut skadade komponenter eller t\u00e4tningar och justera cylindern. F\u00f6rebyggande \u00e5tg\u00e4rder inkluderar regelbundet underh\u00e5ll och inspektion f\u00f6r att undvika potentiella problem.<\/p>\n<p><img decoding=\"async\" src=\"https:\/\/www.hydraulic-cylinders.net\/wp-content\/uploads\/2025\/01\/songte-bushings-with-all-kinds-of-excavator-models.webp\" alt=\"Fels\u00f6kningsbild f\u00f6r skopcylinder\"><\/p>\n<h2>Om v\u00e5rt f\u00f6retag<\/h2>\n<p>We are a producer of hydraulic cylinders that serve as a perfect replacement for hydraulic cylinders. We offer a full range of products and have become one of the leading manufacturers and wholesalers of hydraulic cylinders in the domestic and international markets. We follow the strategy of excellent quality, rely on the industrialized production management of fine manufacturing workshops, continuously improve the manufacturing platform of the workshop, improve the production quality of the product, and have a strong creative ability. Our principles of high efficiency, high precision, and high quality satisfy customers&#8217; diverse needs.<\/p>\n<p><img decoding=\"async\" src=\"https:\/\/hzpt.com\/wp-content\/uploads\/2024\/11\/songte-company-1.webp\" alt=\"Om v\u00e5rt f\u00f6retag\"><\/p>\n<h2>Professionalism, internationella certifieringar, anpassningstj\u00e4nster, produktionsutrustning och eftermarknadsservice<\/h2>\n<p>We pride ourselves on our professionalism, and all our products have passed international certifications. Our company provides customized services to meet customers&#8217; different needs. We have advanced production equipment and a professional inspection team to ensure product quality. Our after-sales service team provides timely and effective services, ensuring customers&#8217; satisfaction with our products.<\/p>\n<p><img decoding=\"async\" src=\"https:\/\/www.hydraulic-cylinders.net\/wp-content\/uploads\/2025\/01\/songte-company-3.webp\" alt=\"V\u00e5ra f\u00f6retagscertifieringar och tj\u00e4nster\"><\/p>\n<p>F\u00f6rfattare: lyl<\/p>","protected":false},"excerpt":{"rendered":"<p>Bucket Cylinder For John Deere E360LC Introduction The Bucket Cylinder for John Deere E360LC is a specialized hydraulic cylinder designed to control the movement of the bucket in heavy-duty machinery such as excavators, backhoe loaders, and front-end loaders. Its main function is to enable the bucket to lift, lower, and tilt to facilitate various material [&hellip;]<\/p>","protected":false},"featured_media":14761,"comment_status":"open","ping_status":"closed","template":"","meta":{"_et_pb_use_builder":"","_et_pb_old_content":"","_et_gb_content_width":""},"product_brand":[],"product_cat":[1494],"product_tag":[1495,1496],"class_list":{"0":"post-15851","1":"product","2":"type-product","3":"status-publish","4":"has-post-thumbnail","6":"product_cat-bucket-cylinders","7":"product_tag-bucket-cylinders","8":"product_tag-hydraulic-cylinders","10":"first","11":"instock","12":"shipping-taxable","13":"product-type-simple"},"amp_enabled":true,"_links":{"self":[{"href":"https:\/\/www.hydraulic-cylinders.net\/sv\/wp-json\/wp\/v2\/product\/15851","targetHints":{"allow":["GET"]}}],"collection":[{"href":"https:\/\/www.hydraulic-cylinders.net\/sv\/wp-json\/wp\/v2\/product"}],"about":[{"href":"https:\/\/www.hydraulic-cylinders.net\/sv\/wp-json\/wp\/v2\/types\/product"}],"replies":[{"embeddable":true,"href":"https:\/\/www.hydraulic-cylinders.net\/sv\/wp-json\/wp\/v2\/comments?post=15851"}],"wp:featuredmedia":[{"embeddable":true,"href":"https:\/\/www.hydraulic-cylinders.net\/sv\/wp-json\/wp\/v2\/media\/14761"}],"wp:attachment":[{"href":"https:\/\/www.hydraulic-cylinders.net\/sv\/wp-json\/wp\/v2\/media?parent=15851"}],"wp:term":[{"taxonomy":"product_brand","embeddable":true,"href":"https:\/\/www.hydraulic-cylinders.net\/sv\/wp-json\/wp\/v2\/product_brand?post=15851"},{"taxonomy":"product_cat","embeddable":true,"href":"https:\/\/www.hydraulic-cylinders.net\/sv\/wp-json\/wp\/v2\/product_cat?post=15851"},{"taxonomy":"product_tag","embeddable":true,"href":"https:\/\/www.hydraulic-cylinders.net\/sv\/wp-json\/wp\/v2\/product_tag?post=15851"}],"curies":[{"name":"wp","href":"https:\/\/api.w.org\/{rel}","templated":true}]}}