{"id":15852,"date":"2025-01-19T15:04:34","date_gmt":"2025-01-19T15:04:34","guid":{"rendered":"https:\/\/www.hydraulic-cylinders.net\/product\/bucket-cylinder-for-yuchai-yc08-8\/"},"modified":"2025-01-19T15:04:36","modified_gmt":"2025-01-19T15:04:36","slug":"bucket-cylinder-for-yuchai-yc08-8","status":"publish","type":"product","link":"https:\/\/www.hydraulic-cylinders.net\/sv\/produkt\/bucket-cylinder-for-yuchai-yc08-8\/","title":{"rendered":"Skopscylinder f\u00f6r Yuchai YC08-8"},"content":{"rendered":"<h1>Skopscylinder f\u00f6r Yuchai YC08-8<\/h1>\n<h2>Introduktion<\/h2>\n<p>Skopcylindern till Yuchai YC08-8 \u00e4r en specialdesignad hydraulcylinder som huvudsakligen anv\u00e4nds f\u00f6r att styra r\u00f6relsen hos spadar i tunga maskiner, s\u00e5som gr\u00e4vmaskiner, traktorgr\u00e4vare och frontlastare. Dess huvudsakliga funktion \u00e4r att f\u00e5 skopan att lyftas, s\u00e4nkas och lutas, vilket g\u00f6r det enklare att hantera olika materialhanteringsuppgifter. I hydraulsystemet styr skopcylindern skopans exakta r\u00f6relse genom att \u00e4ndra hydrauloljans tryck, vilket g\u00f6r att f\u00f6raren kan hantera tunga f\u00f6rem\u00e5l effektivt och anpassa sig till komplexa arbetsmilj\u00f6er och olika arbetskrav.<\/p>\n<p><img decoding=\"async\" src=\"https:\/\/www.hydraulic-cylinders.net\/wp-content\/uploads\/2025\/01\/songte-company-2.webp\"><\/p>\n<h2>Drag<\/h2>\n<ul>\n<li>H\u00f6g h\u00e5llfasthet och h\u00e5llbarhet: Den \u00e4r vanligtvis tillverkad av h\u00f6gh\u00e5llfast st\u00e5l eller aluminium, t\u00e5l h\u00f6gt tryck och tunga belastningar, anpassar sig till tuffa arbetsmilj\u00f6er och \u00e4r konstruerad med slitstyrka och korrosionsbest\u00e4ndighet f\u00f6r att f\u00f6rl\u00e4nga dess livsl\u00e4ngd.<\/li>\n<li>Effektiv hydraulisk drift: J\u00e4mna expansions- och kontraktionsr\u00f6relser uppn\u00e5s genom hydrauloljans tryck, vilket m\u00f6jligg\u00f6r snabb respons p\u00e5 styrkommandon, ger kraftfulla tryck- och dragkrafter och \u00e4r l\u00e4mpliga f\u00f6r hantering av tunga f\u00f6rem\u00e5l och komplexa operationer.<\/li>\n<li>Olika typer: Enkelverkande (hydrauliska anv\u00e4nds endast i en riktning) eller dubbelverkande (hydrauliska anv\u00e4nds i b\u00e5da riktningarna) cylindrar kan v\u00e4ljas efter behov f\u00f6r att m\u00f6ta olika driftskrav, och vissa modeller \u00e4r teleskopiska, vilket m\u00f6jligg\u00f6r st\u00f6rre utbyggnad utan att \u00f6ka de yttersta m\u00e5tten, l\u00e4mpliga f\u00f6r applikationer med begr\u00e4nsat utrymme.<\/li>\n<li>Anpassningsbar: V\u00e5ra produkter kan perfekt ers\u00e4tta dessa hydraulcylindrar.<\/li>\n<\/ul>\n<p><img decoding=\"async\" src=\"https:\/\/www.hydraulic-cylinders.net\/wp-content\/uploads\/2025\/01\/songte-cylinder-head-with-all-kinds-excavator-models.webp\"><\/p>\n<h2>Applikationer<\/h2>\n<p>Skopscylindrar anv\u00e4nds ofta inom olika branscher, inklusive:<\/p>\n<ul>\n<li>Byggmaskiner: I gr\u00e4vmaskiner \u00e4r de avg\u00f6rande f\u00f6r att gr\u00e4va, lasta och flytta jord eller skr\u00e4p. I gr\u00e4vmaskiner med gr\u00e4vaggregat hj\u00e4lper skopcylindern till med gr\u00e4vning och lyftning. <\/li>\n<li>Jordbruksmaskiner: Anv\u00e4nds f\u00f6r frontlastare, skopning, lyftning och transport av jord, h\u00f6 och andra material. <\/li>\n<li>Gr\u00e4vmaskiner: Skopans cylinder g\u00f6r att skopan kan tr\u00e4nga ner i jorden vid gr\u00e4vning. <\/li>\n<li>Lastare: Frontlastare hj\u00e4lper till med att lyfta och tilta laster effektivt. <\/li>\n<\/ul>\n<h2>Design\u00f6verv\u00e4ganden och urvalskriterier<\/h2>\n<ul>\n<li>B\u00e4rf\u00f6rm\u00e5ga: Cylindern m\u00e5ste kunna motst\u00e5 lastens vikt och hydraulv\u00e4tskans tryck utan att haverera. <\/li>\n<li>T\u00e4tning: Olika t\u00e4tningar som kolvt\u00e4tningar och kolvst\u00e5ngst\u00e4tningar anv\u00e4nds f\u00f6r att f\u00f6rhindra att hydraulv\u00e4tska l\u00e4cker.<\/li>\n<li>H\u00e5llbarhet: Cylindern m\u00e5ste vara tillverkad av h\u00f6gh\u00e5llfasta material som kan motst\u00e5 slitage och korrosion.<\/li>\n<li>S\u00e4kerhet: Cylindern m\u00e5ste vara konstruerad med s\u00e4kerhetsfunktioner f\u00f6r att f\u00f6rhindra olyckor.<\/li>\n<li>Underh\u00e5llbarhet: Cylindern m\u00e5ste vara l\u00e4tt att underh\u00e5lla och reparera f\u00f6r att s\u00e4kerst\u00e4lla dess l\u00e5nga livsl\u00e4ngd.<\/li>\n<\/ul>\n<p><img decoding=\"async\" src=\"https:\/\/www.hydraulic-cylinders.net\/wp-content\/uploads\/2025\/01\/songte-oil-pipes-and-spare-parts.webp\"><\/p>\n<h2>T\u00e4tning och sm\u00f6rjning<\/h2>\n<p>Olika t\u00e4tningar tillverkade av slitstarka material som polyuretan och nitrilgummi anv\u00e4nds i skopcylindrar f\u00f6r att f\u00f6rhindra att hydraulv\u00e4tska l\u00e4cker. Cylinderhuset och g\u00e4ngans \u00e4ndyta \u00e4r finbehandlade f\u00f6r att f\u00f6rb\u00e4ttra slitstyrkan. Regelbunden sm\u00f6rjning med l\u00e4mplig m\u00e4ngd hydraulolja \u00e4r n\u00f6dv\u00e4ndig f\u00f6r att bibeh\u00e5lla korrekt cylinderfunktion.<\/p>\n<h2>Underh\u00e5ll och reparation<\/h2>\n<p>Regelbunden inspektion, korrekt sm\u00f6rjning, byte av t\u00e4tningar och kalibreringskontroller \u00e4r vanliga underh\u00e5llsuppgifter. Korrekt installation, sm\u00f6rjning och justering \u00e4r avg\u00f6rande f\u00f6r att \u00f6ka cylinderns livsl\u00e4ngd. Korrekt inriktningsv\u00e4gledning ges under installationen, och l\u00e4mpliga installationsf\u00e4sten rekommenderas f\u00f6r att s\u00e4kra cylindern. Rekommenderade inspektions-, reparations- och utbytesprocedurer tillhandah\u00e5lls, och ombyggnadstj\u00e4nster finns tillg\u00e4ngliga f\u00f6r att \u00f6ka cylinderns livsl\u00e4ngd.<\/p>\n<p><img decoding=\"async\" src=\"https:\/\/www.hydraulic-cylinders.net\/wp-content\/uploads\/2025\/01\/songte-chushion-collar.webp\"><\/p>\n<h2>S\u00e4kerhets- och milj\u00f6h\u00e4nsyn<\/h2>\n<p>Vid anv\u00e4ndning av skopcylindrar \u00e4r s\u00e4kerhets\u00e5tg\u00e4rder avg\u00f6rande f\u00f6r att f\u00f6rhindra olyckor. Milj\u00f6n m\u00e5ste beaktas vid val av l\u00e4mplig cylindertyp och material.<\/p>\n<h2>Fels\u00f6kning och vanliga problem<\/h2>\n<p>Vanliga problem med skopcylindrar inkluderar l\u00e4ckage, cylinderdrift och otillr\u00e4cklig kraft. Fels\u00f6kningstips och l\u00f6sningar f\u00f6r att diagnostisera och l\u00f6sa problem ges, tillsammans med f\u00f6rebyggande \u00e5tg\u00e4rder f\u00f6r att minimera potentiella problem.<\/p>\n<p><img decoding=\"async\" src=\"https:\/\/www.hydraulic-cylinders.net\/wp-content\/uploads\/2025\/01\/songte-bushings-with-all-kinds-of-excavator-models.webp\"><\/p>\n<h2>Om oss<\/h2>\n<p>Vi \u00e4r en tillverkare av hydraulcylindrar som kan ers\u00e4tta OEM-delar. Vi erbjuder ett komplett sortiment av produkter och har blivit en av de ledande tillverkarna och grossistdistribut\u00f6rerna av hydraulcylindrar p\u00e5 den inhemska och internationella marknaden. Vi f\u00f6ljer principen om utm\u00e4rkt kvalitet och f\u00f6rlitar oss p\u00e5 industrialiserade produktionsledningsstrategier i fintillverkningsverkst\u00e4der. Vi f\u00f6rb\u00e4ttrar kontinuerligt verkst\u00e4dernas tillverkningsplattform genom att anv\u00e4nda tekniska talanger, digital avancerad tillverkningsutrustning och professionella testsystem, f\u00f6rb\u00e4ttrar produkternas produktionskvalitet och har starka produktionskapaciteter f\u00f6r att m\u00f6ta kundernas olika behov med h\u00f6g effektivitet, h\u00f6g precision och h\u00f6gkvalitativa principer.<\/p>\n<p><img decoding=\"async\" src=\"https:\/\/hzpt.com\/wp-content\/uploads\/2024\/11\/songte-company-1.webp\"><\/p>\n<h3>Professionalism<\/h3>\n<p>Vi har ett professionellt team och en komplett produktionslinje, fr\u00e5n design till produktion, testning och kvalitetskontroll, f\u00f6r att s\u00e4kerst\u00e4lla h\u00f6gsta m\u00f6jliga professionalism i tillverkningsprocessen.<\/p>\n<h3>Internationell certifiering<\/h3>\n<p>V\u00e5ra produkter har godk\u00e4nt olika internationella certifieringar, s\u00e5som ISO, CE och RoHS, f\u00f6r att s\u00e4kerst\u00e4lla v\u00e5ra produkters kvalitet och s\u00e4kerhet.<\/p>\n<h3>Anpassningstj\u00e4nster<\/h3>\n<p>Vi erbjuder anpassningsbara tj\u00e4nster f\u00f6r att m\u00f6ta kundernas specifika krav p\u00e5 produktspecifikationer, dimensioner och material, och ger professionell r\u00e5dgivning till kunder genom hela processen.<\/p>\n<h3>Tillverkningsutrustning<\/h3>\n<p>Vi anv\u00e4nder avancerad tillverkningsutrustning f\u00f6r att s\u00e4kerst\u00e4lla kvaliteten och noggrannheten hos v\u00e5ra produkter, inklusive CNC-svarvar, ytslipmaskiner och pl\u00e4teringsutrustning.<\/p>\n<h3>Eftermarknadsservice<\/h3>\n<p>Vi erbjuder utm\u00e4rkt eftermarknadsservice f\u00f6r att s\u00e4kerst\u00e4lla kundn\u00f6jdhet, inklusive installationsv\u00e4gledning, teknisk support samt utbytes- och reparationstj\u00e4nster.<\/p>\n<h4>F\u00f6rfattare: lyl.<\/h4>","protected":false},"excerpt":{"rendered":"<p>Bucket Cylinder For Yuchai YC08-8 Introduction The bucket cylinder for Yuchai YC08-8 is a specially designed hydraulic cylinder mainly used to control the movement of shovels in heavy machinery, such as excavators, backhoe excavators, and front loaders. Its main function is to make the bucket lift, lower and tilt, making it easier to handle various [&hellip;]<\/p>","protected":false},"featured_media":14789,"comment_status":"open","ping_status":"closed","template":"","meta":{"_et_pb_use_builder":"","_et_pb_old_content":"","_et_gb_content_width":""},"product_brand":[],"product_cat":[1494],"product_tag":[1495,1496],"class_list":{"0":"post-15852","1":"product","2":"type-product","3":"status-publish","4":"has-post-thumbnail","6":"product_cat-bucket-cylinders","7":"product_tag-bucket-cylinders","8":"product_tag-hydraulic-cylinders","10":"first","11":"instock","12":"shipping-taxable","13":"product-type-simple"},"amp_enabled":true,"_links":{"self":[{"href":"https:\/\/www.hydraulic-cylinders.net\/sv\/wp-json\/wp\/v2\/product\/15852","targetHints":{"allow":["GET"]}}],"collection":[{"href":"https:\/\/www.hydraulic-cylinders.net\/sv\/wp-json\/wp\/v2\/product"}],"about":[{"href":"https:\/\/www.hydraulic-cylinders.net\/sv\/wp-json\/wp\/v2\/types\/product"}],"replies":[{"embeddable":true,"href":"https:\/\/www.hydraulic-cylinders.net\/sv\/wp-json\/wp\/v2\/comments?post=15852"}],"wp:featuredmedia":[{"embeddable":true,"href":"https:\/\/www.hydraulic-cylinders.net\/sv\/wp-json\/wp\/v2\/media\/14789"}],"wp:attachment":[{"href":"https:\/\/www.hydraulic-cylinders.net\/sv\/wp-json\/wp\/v2\/media?parent=15852"}],"wp:term":[{"taxonomy":"product_brand","embeddable":true,"href":"https:\/\/www.hydraulic-cylinders.net\/sv\/wp-json\/wp\/v2\/product_brand?post=15852"},{"taxonomy":"product_cat","embeddable":true,"href":"https:\/\/www.hydraulic-cylinders.net\/sv\/wp-json\/wp\/v2\/product_cat?post=15852"},{"taxonomy":"product_tag","embeddable":true,"href":"https:\/\/www.hydraulic-cylinders.net\/sv\/wp-json\/wp\/v2\/product_tag?post=15852"}],"curies":[{"name":"wp","href":"https:\/\/api.w.org\/{rel}","templated":true}]}}