{"id":15855,"date":"2025-01-19T15:04:49","date_gmt":"2025-01-19T15:04:49","guid":{"rendered":"https:\/\/www.hydraulic-cylinders.net\/product\/bucket-cylinder-for-yuchai-yc35-8-2\/"},"modified":"2025-01-19T15:04:51","modified_gmt":"2025-01-19T15:04:51","slug":"bucket-cylinder-for-yuchai-yc35-8-2","status":"publish","type":"product","link":"https:\/\/www.hydraulic-cylinders.net\/sv\/produkt\/bucket-cylinder-for-yuchai-yc35-8-2\/","title":{"rendered":"Skopscylinder f\u00f6r Yuchai YC35-8"},"content":{"rendered":"<p><!DOCTYPE html><br \/>\n<html><br \/>\n<head><br \/>\n<title>Skopscylinder f\u00f6r Yuchai YC35-8<\/title><br \/>\n<\/head><br \/>\n<body><\/p>\n<h1>Skopscylinder f\u00f6r Yuchai YC35-8<\/h1>\n<h2>Introduktion<\/h2>\n<p>Skopcylindern till Yuchai YC35-8 \u00e4r en specialdesignad hydraulcylinder som anv\u00e4nds f\u00f6r att styra skopans r\u00f6relse i tunga maskiner som gr\u00e4vmaskiner, gr\u00e4vlastare och frontlastare. Dess huvudsakliga funktion \u00e4r att g\u00f6ra det m\u00f6jligt f\u00f6r skopan att lyfta, s\u00e4nka och luta, vilket underl\u00e4ttar olika materialhanteringsuppgifter. I hydraulsystemet uppn\u00e5r skopcylindern exakt kontroll \u00f6ver skopan genom tryckf\u00f6r\u00e4ndringar i hydrauloljan, vilket g\u00f6r det m\u00f6jligt f\u00f6r operat\u00f6rer att effektivt hantera tunga laster och anpassa sig till komplexa arbetsmilj\u00f6er och olika arbetskrav.<\/p>\n<p><img decoding=\"async\" src=\"https:\/\/www.hydraulic-cylinders.net\/wp-content\/uploads\/2025\/01\/songte-company-2.webp\" alt=\"Bild av skopcylinder\"><\/p>\n<h2>Drag<\/h2>\n<ul>\n<li><strong>H\u00f6g styrka och h\u00e5llbarhet:<\/strong> Den \u00e4r vanligtvis tillverkad av h\u00f6gh\u00e5llfast st\u00e5l eller aluminium och t\u00e5l h\u00f6gt tryck och tunga belastningar, vilket g\u00f6r den l\u00e4mplig f\u00f6r tuffa arbetsmilj\u00f6er. Konstruktionen tar h\u00e4nsyn till slitstyrka och korrosionsbest\u00e4ndighet, vilket f\u00f6rl\u00e4nger livsl\u00e4ngden.<\/li>\n<li><strong>Effektiv hydraulisk drift:<\/strong> Genom att utnyttja hydrauloljans tryck f\u00f6r att uppn\u00e5 smidiga ut- och indragningsr\u00f6relser kan den snabbt reagera p\u00e5 kontrollkommandon och ge kraftfulla tryck- och dragkrafter f\u00f6r hantering av tunga laster och komplexa uppgifter.<\/li>\n<li><strong>Olika typer:<\/strong> Finns som enkelverkande (hydrauliskt tryck anv\u00e4nds i en riktning) eller dubbelverkande (hydrauliskt tryck anv\u00e4nds i b\u00e5da riktningarna) cylindrar f\u00f6r att m\u00f6ta olika driftsbehov. Vissa modeller \u00e4r teleskopiska, vilket m\u00f6jligg\u00f6r st\u00f6rre utdrag utan att \u00f6ka de yttre m\u00e5tten, l\u00e4mpliga f\u00f6r applikationer med begr\u00e4nsat utrymme.<\/li>\n<li><strong>Perfekt ers\u00e4ttning:<\/strong> V\u00e5ra produkter kan perfekt ers\u00e4tta dessa hydraulcylindrar.<\/li>\n<\/ul>\n<p><img decoding=\"async\" src=\"https:\/\/www.hydraulic-cylinders.net\/wp-content\/uploads\/2025\/01\/songte-cylinder-head-with-all-kinds-excavator-models.webp\" alt=\"Bild av utbytescylinder\"><\/p>\n<h2>Applikationer<\/h2>\n<p>Skopcylindern f\u00f6r Yuchai YC35-8 anv\u00e4nds i olika utrustningar:<\/p>\n<ul>\n<li><strong>Byggutrustning:<\/strong> De finns i gr\u00e4vmaskiner och \u00e4r avg\u00f6rande f\u00f6r gr\u00e4vning, lastning och flyttning av jord eller skr\u00e4p. I gr\u00e4vlastare hj\u00e4lper skopcylindern till vid b\u00e5de gr\u00e4vning och lyftning.<\/li>\n<li><strong>Jordbruksmaskiner:<\/strong> Anv\u00e4nds i frontlastare f\u00f6r att \u00f6sa, lyfta och transportera jord, h\u00f6 och andra material.<\/li>\n<li><strong>Gr\u00e4vmaskiner:<\/strong> Skopans cylinder m\u00f6jligg\u00f6r gr\u00e4vning genom att l\u00e5ta skopan tr\u00e4nga ner i jorden.<\/li>\n<li><strong>Lastare:<\/strong> I frontlastare hj\u00e4lper de till med lyftning och tiltning f\u00f6r att effektivt dumpa last.<\/li>\n<\/ul>\n<h2>Design\u00f6verv\u00e4ganden och urvalskriterier<\/h2>\n<p>N\u00e4r det g\u00e4ller design\u00f6verv\u00e4ganden och urvalskriterier f\u00f6r skopcylindern b\u00f6r flera faktorer beaktas:<\/p>\n<ul>\n<li><strong>B\u00e4rkraft:<\/strong> Cylindern m\u00e5ste kunna motst\u00e5 de f\u00f6rv\u00e4ntade belastningarna och trycken.<\/li>\n<li><strong>T\u00e4tning:<\/strong> Korrekt t\u00e4tning \u00e4r avg\u00f6rande f\u00f6r att f\u00f6rhindra l\u00e4ckage och bibeh\u00e5lla optimal prestanda. Olika t\u00e4tningskomponenter som kolvt\u00e4tningar och kolvst\u00e5ngst\u00e4tningar tillverkade av slitstarka material som polyuretan och nitrilgummi anv\u00e4nds.<\/li>\n<li><strong>Varaktighet:<\/strong> Cylinderns konstruktion ska vara h\u00e5llbar f\u00f6r att klara de kr\u00e4vande arbetsf\u00f6rh\u00e5llandena och s\u00e4kerst\u00e4lla en l\u00e5ng livsl\u00e4ngd.<\/li>\n<li><strong>S\u00e4kerhet:<\/strong> S\u00e4kerhetsfunktioner b\u00f6r inf\u00f6rlivas f\u00f6r att f\u00f6rhindra olyckor och s\u00e4kerst\u00e4lla operat\u00f6rernas och omgivande personals v\u00e4lbefinnande.<\/li>\n<li><strong>Underh\u00e5llbarhet:<\/strong> Enkel \u00e5tkomst f\u00f6r underh\u00e5ll och reparationer \u00e4r avg\u00f6rande f\u00f6r att minimera stillest\u00e5ndstid och h\u00e5lla cylindern i optimalt skick.<\/li>\n<\/ul>\n<p><img decoding=\"async\" src=\"https:\/\/www.hydraulic-cylinders.net\/wp-content\/uploads\/2025\/01\/songte-oil-pipes-and-spare-parts.webp\" alt=\"Bild av hydrauliska cylinderdelar\"><\/p>\n<h2>T\u00e4tning och sm\u00f6rjning<\/h2>\n<p>Skopscylindern anv\u00e4nder olika t\u00e4tningskomponenter, s\u00e5som kolvt\u00e4tningar och kolvst\u00e5ngst\u00e4tningar, vilka \u00e4r tillverkade av slitstarka material som polyuretan och nitrilgummi. Cylinderhuset och de g\u00e4ngade \u00e4ndytorna \u00e4r fint bearbetade f\u00f6r att f\u00f6rb\u00e4ttra slitstyrkan. Regelbunden sm\u00f6rjning med l\u00e4mplig hydraulolja \u00e4r n\u00f6dv\u00e4ndig f\u00f6r att s\u00e4kerst\u00e4lla smidig drift.<\/p>\n<h2>Regelbunden inspektion och f\u00f6rebyggande underh\u00e5ll<\/h2>\n<p>F\u00f6r att s\u00e4kerst\u00e4lla optimal prestanda och livsl\u00e4ngd f\u00f6r skopcylindern b\u00f6r regelbunden inspektion och f\u00f6rebyggande underh\u00e5ll utf\u00f6ras:<\/p>\n<ul>\n<li>Kontrollera om det finns tecken p\u00e5 slitage, skador eller l\u00e4ckage.<\/li>\n<li>Sm\u00f6rj alla r\u00f6rliga delar ordentligt.<\/li>\n<li>Byt ut t\u00e4tningar vid behov.<\/li>\n<li>Utf\u00f6r kalibreringskontroller f\u00f6r att s\u00e4kerst\u00e4lla korrekt drift.<\/li>\n<\/ul>\n<p><img decoding=\"async\" src=\"https:\/\/www.hydraulic-cylinders.net\/wp-content\/uploads\/2025\/01\/songte-chushion-collar.webp\" alt=\"Bild av kuddekrage\"><\/p>\n<h2>S\u00e4kerhetsaspekter och milj\u00f6faktorer<\/h2>\n<p>N\u00e4r man anv\u00e4nder skopcylindern \u00e4r det viktigt att f\u00f6lja s\u00e4kerhets\u00e5tg\u00e4rder f\u00f6r att f\u00f6rhindra olyckor och s\u00e4kerst\u00e4lla en s\u00e4ker arbetsmilj\u00f6. S\u00e4kerhets\u00e5tg\u00e4rder b\u00f6r vidtas vid anv\u00e4ndning av cylindern.<\/p>\n<h2>Feldiagnos och vanliga problem<\/h2>\n<p>Vid eventuella fel \u00e4r det viktigt att diagnostisera och \u00e5tg\u00e4rda dem omedelbart. N\u00e5gra vanliga problem som kan uppst\u00e5 med skopcylindern inkluderar:<\/p>\n<ul>\n<li>L\u00e4ckage av hydraulolja<\/li>\n<li>Str\u00f6mf\u00f6rlust eller l\u00e5ngsam drift<\/li>\n<li>Onormalt ljud eller vibrationer<\/li>\n<\/ul>\n<p><img decoding=\"async\" src=\"https:\/\/www.hydraulic-cylinders.net\/wp-content\/uploads\/2025\/01\/songte-bushings-with-all-kinds-of-excavator-models.webp\" alt=\"Bussningar Bild\"><\/p>\n<h2>Fels\u00f6knings- och underh\u00e5llstips<\/h2>\n<p>F\u00f6r effektiv fels\u00f6kning och probleml\u00f6sning kan f\u00f6ljande tips vara till hj\u00e4lp:<\/p>\n<ul>\n<li>Ge v\u00e4gledning f\u00f6r korrekt inriktning av cylindern under installationen.<\/li>\n<li>Rekommendera anv\u00e4ndning av l\u00e4mpliga monteringsf\u00e4sten f\u00f6r att s\u00e4kra cylindern.<\/li>\n<li>Ge r\u00e5d om rekommenderade inspektions-, reparations- och utbytesprocedurer.<\/li>\n<li>Ge tips f\u00f6r att f\u00f6rl\u00e4nga skopcylinderns livsl\u00e4ngd.<\/li>\n<\/ul>\n<h2>V\u00e5rt f\u00f6retag<\/h2>\n<p>Vi \u00e4r en tillverkare av hydraulcylindrar f\u00f6r reservdelar och en av de ledande tillverkarna och grossistdistribut\u00f6rerna p\u00e5 den inhemska och internationella marknaden. Vi f\u00f6ljer principerna om utm\u00e4rkt kvalitet och f\u00f6rlitar oss p\u00e5 strategier f\u00f6r industriell produktionsledning i v\u00e5ra sofistikerade tillverkningsverkst\u00e4der. Med v\u00e5r tekniska kompetens, avancerad digital tillverkningsutrustning och professionella testsystem f\u00f6rb\u00e4ttrar vi kontinuerligt v\u00e5r tillverkningsplattform och finslipar produktionsv\u00e4gen f\u00f6r produktkvalitet. Vi har en stark kreativ f\u00f6rm\u00e5ga och str\u00e4var efter att m\u00f6ta olika kunders behov med h\u00f6g effektivitet, precision och kvalitet.<\/p>\n<p><img decoding=\"async\" src=\"https:\/\/www.hydraulic-cylinders.net\/wp-content\/uploads\/2025\/01\/songte-company-3.webp\" alt=\"F\u00f6retagsbild\"><\/p>\n<p>V\u00e5rt f\u00f6retag \u00e4r k\u00e4nt f\u00f6r:<\/p>\n<ul>\n<li>Professionalism<\/li>\n<li>Internationella certifieringar<\/li>\n<li>Anpassningstj\u00e4nster<\/li>\n<li>Avancerad produktionsutrustning<\/li>\n<li>Eftermarknadstj\u00e4nster<\/li>\n<\/ul>\n<p>F\u00f6rfattare: lyl<\/p>\n<p><\/body><br \/>\n<\/html><\/p>","protected":false},"excerpt":{"rendered":"<p>Bucket Cylinder For Yuchai YC35-8 Bucket Cylinder For Yuchai YC35-8 Introduction The bucket cylinder for Yuchai YC35-8 is a specially designed hydraulic cylinder used to control the movement of the bucket in heavy machinery such as excavators, backhoe loaders, and front-end loaders. Its main function is to enable the bucket to lift, lower, and tilt, [&hellip;]<\/p>","protected":false},"featured_media":14785,"comment_status":"open","ping_status":"closed","template":"","meta":{"_et_pb_use_builder":"","_et_pb_old_content":"","_et_gb_content_width":""},"product_brand":[],"product_cat":[1494],"product_tag":[1495,1496],"class_list":{"0":"post-15855","1":"product","2":"type-product","3":"status-publish","4":"has-post-thumbnail","6":"product_cat-bucket-cylinders","7":"product_tag-bucket-cylinders","8":"product_tag-hydraulic-cylinders","10":"first","11":"instock","12":"shipping-taxable","13":"product-type-simple"},"amp_enabled":true,"_links":{"self":[{"href":"https:\/\/www.hydraulic-cylinders.net\/sv\/wp-json\/wp\/v2\/product\/15855","targetHints":{"allow":["GET"]}}],"collection":[{"href":"https:\/\/www.hydraulic-cylinders.net\/sv\/wp-json\/wp\/v2\/product"}],"about":[{"href":"https:\/\/www.hydraulic-cylinders.net\/sv\/wp-json\/wp\/v2\/types\/product"}],"replies":[{"embeddable":true,"href":"https:\/\/www.hydraulic-cylinders.net\/sv\/wp-json\/wp\/v2\/comments?post=15855"}],"wp:featuredmedia":[{"embeddable":true,"href":"https:\/\/www.hydraulic-cylinders.net\/sv\/wp-json\/wp\/v2\/media\/14785"}],"wp:attachment":[{"href":"https:\/\/www.hydraulic-cylinders.net\/sv\/wp-json\/wp\/v2\/media?parent=15855"}],"wp:term":[{"taxonomy":"product_brand","embeddable":true,"href":"https:\/\/www.hydraulic-cylinders.net\/sv\/wp-json\/wp\/v2\/product_brand?post=15855"},{"taxonomy":"product_cat","embeddable":true,"href":"https:\/\/www.hydraulic-cylinders.net\/sv\/wp-json\/wp\/v2\/product_cat?post=15855"},{"taxonomy":"product_tag","embeddable":true,"href":"https:\/\/www.hydraulic-cylinders.net\/sv\/wp-json\/wp\/v2\/product_tag?post=15855"}],"curies":[{"name":"wp","href":"https:\/\/api.w.org\/{rel}","templated":true}]}}