{"id":15858,"date":"2025-01-19T15:05:08","date_gmt":"2025-01-19T15:05:08","guid":{"rendered":"https:\/\/www.hydraulic-cylinders.net\/product\/bucket-cylinder-for-yuchai-yc210lc-8\/"},"modified":"2025-01-19T15:05:11","modified_gmt":"2025-01-19T15:05:11","slug":"bucket-cylinder-for-yuchai-yc210lc-8","status":"publish","type":"product","link":"https:\/\/www.hydraulic-cylinders.net\/sv\/produkt\/bucket-cylinder-for-yuchai-yc210lc-8\/","title":{"rendered":"Skopscylinder f\u00f6r Yuchai YC210LC-8"},"content":{"rendered":"<h2>Skopscylinder f\u00f6r Yuchai YC210LC-8<\/h2>\n<p><img decoding=\"async\" src=\"https:\/\/www.hydraulic-cylinders.net\/wp-content\/uploads\/2025\/01\/songte-company-2.webp\"><\/p>\n<h3>Introduktion<\/h3>\n<p>Skopcylindern till Yuchai YC210LC-8 \u00e4r en specialdesignad hydraulcylinder som anv\u00e4nds f\u00f6r att styra skopans r\u00f6relse i tunga maskiner som gr\u00e4vmaskiner, gr\u00e4vlastare och hjullastare. Dess huvudsakliga funktion \u00e4r att g\u00f6ra det m\u00f6jligt f\u00f6r skopan att utf\u00f6ra lyft-, s\u00e4nk- och tiltningsr\u00f6relser, vilket g\u00f6r det enklare att hantera olika materialhanteringsuppgifter. I hydraulsystemet anv\u00e4nder skopcylindern f\u00f6r\u00e4ndringar i hydrauloljetrycket f\u00f6r att uppn\u00e5 exakt kontroll \u00f6ver skopan, vilket g\u00f6r det m\u00f6jligt f\u00f6r operat\u00f6rer att effektivt hantera tunga laster och anpassa sig till komplexa arbetsmilj\u00f6er och olika arbetskrav.<\/p>\n<h3>Drag<\/h3>\n<ul>\n<li>H\u00f6g h\u00e5llfasthet och h\u00e5llbarhet: Den \u00e4r vanligtvis tillverkad av h\u00f6gh\u00e5llfast st\u00e5l eller aluminium och t\u00e5l h\u00f6gt tryck och tunga belastningar, vilket g\u00f6r den l\u00e4mplig f\u00f6r tuffa arbetsf\u00f6rh\u00e5llanden. Designen tar h\u00e4nsyn till slitstyrka och korrosionsbest\u00e4ndighet, vilket f\u00f6rl\u00e4nger dess livsl\u00e4ngd.<\/li>\n<li>Effektiv hydraulisk drift: Genom att utnyttja hydrauloljans tryck uppn\u00e5r den mjuka teleskopr\u00f6relser, reagerar snabbt p\u00e5 styrkommandon, ger kraftfulla tryck- och dragkrafter och \u00e4r l\u00e4mplig f\u00f6r hantering av tunga laster och komplexa uppgifter.<\/li>\n<li>Olika typer: V\u00e4lj mellan enkelverkande (hydrauliska cylindrar anv\u00e4nds endast i en riktning) eller dubbelverkande (hydrauliska cylindrar anv\u00e4nds i b\u00e5da riktningarna) beroende p\u00e5 dina behov. Vissa modeller \u00e4r teleskopiska f\u00f6r att m\u00f6jligg\u00f6ra st\u00f6rre utdrag utan att \u00f6ka de yttersta m\u00e5tten, l\u00e4mpliga f\u00f6r applikationer med begr\u00e4nsat utrymme.<\/li>\n<li>Perfekt ers\u00e4ttning: V\u00e5ra produkter kan perfekt ers\u00e4tta dessa hydraulcylindrar. <img decoding=\"async\" src=\"https:\/\/www.hydraulic-cylinders.net\/wp-content\/uploads\/2025\/01\/songte-cylinder-head-with-all-kinds-excavator-models.webp\"><\/li>\n<\/ul>\n<h3>Applikationer<\/h3>\n<p>Skopcylindern till Yuchai YC210LC-8 anv\u00e4nds i olika typer av byggmaskiner, jordbruksmaskiner, gr\u00e4vmaskiner och hjullastare:<\/p>\n<ul>\n<li>Byggmaskiner: De finns i gr\u00e4vmaskiner och \u00e4r avg\u00f6rande f\u00f6r gr\u00e4vning, lastning och flyttning av jord eller skr\u00e4p. I gr\u00e4vlastare hj\u00e4lper skopcylindern till vid b\u00e5de gr\u00e4vning och lyftning.<\/li>\n<li>Jordbruksmaskiner: Anv\u00e4nds i frontlastare och hj\u00e4lper till med att \u00f6sa, lyfta och transportera jord, h\u00f6 och andra material.<\/li>\n<li>Gr\u00e4vmaskiner: Skopans cylinder m\u00f6jligg\u00f6r gr\u00e4vning genom att l\u00e5ta skopan tr\u00e4nga ner i jorden.<\/li>\n<li>Hjullastare: I hjullastare hj\u00e4lper de till att lyfta och tippa gods effektivt.<\/li>\n<\/ul>\n<h3>Design\u00f6verv\u00e4ganden och urvalskriterier<\/h3>\n<p>N\u00e4r det g\u00e4ller design\u00f6verv\u00e4ganden och urvalskriterier f\u00f6r skopcylindern tas flera viktiga faktorer i beaktande:<\/p>\n<ul>\n<li>B\u00e4rkraft<\/li>\n<li>T\u00e4tning<\/li>\n<li>Varaktighet<\/li>\n<li>S\u00e4kerhet<\/li>\n<li>Underh\u00e5llbarhet<\/li>\n<\/ul>\n<p><img decoding=\"async\" src=\"https:\/\/www.hydraulic-cylinders.net\/wp-content\/uploads\/2025\/01\/songte-oil-pipes-and-spare-parts.webp\"><\/p>\n<h3>T\u00e4tning och sm\u00f6rjning<\/h3>\n<p>Skopscylindern anv\u00e4nder olika t\u00e4tningar, s\u00e5som kolvt\u00e4tningar och kolvst\u00e5ngst\u00e4tningar, tillverkade av slitstarka material som polyuretan och nitrilgummi. Cylinderhuset och den g\u00e4ngade \u00e4ndytan genomg\u00e5r fin bearbetning f\u00f6r att f\u00f6rb\u00e4ttra slitstyrkan. Regelbunden sm\u00f6rjning kr\u00e4vs genom att tills\u00e4tta en l\u00e4mplig m\u00e4ngd hydraulolja f\u00f6r att s\u00e4kerst\u00e4lla smidig drift.<\/p>\n<h3>Regelbunden inspektion och f\u00f6rebyggande underh\u00e5lls\u00e5tg\u00e4rder<\/h3>\n<p>F\u00f6r att s\u00e4kerst\u00e4lla optimal prestanda och livsl\u00e4ngd b\u00f6r regelbunden inspektion och f\u00f6rebyggande underh\u00e5lls\u00e5tg\u00e4rder genomf\u00f6ras:<\/p>\n<ul>\n<li>Regelbunden inspektion och sm\u00f6rjning<\/li>\n<li>Byte av t\u00e4tningar vid behov<\/li>\n<li>Utf\u00f6ra kalibreringskontroller<\/li>\n<\/ul>\n<p><img decoding=\"async\" src=\"https:\/\/www.hydraulic-cylinders.net\/wp-content\/uploads\/2025\/01\/songte-chushion-collar.webp\"><\/p>\n<h3>S\u00e4kerhetsaspekter och milj\u00f6faktorer<\/h3>\n<p>Att beakta s\u00e4kerhets\u00e5tg\u00e4rder vid anv\u00e4ndning av skopcylindern \u00e4r avg\u00f6rande f\u00f6r att f\u00f6rhindra olyckor och s\u00e4kerst\u00e4lla en s\u00e4ker arbetsmilj\u00f6.<\/p>\n<h3>Fels\u00f6kning och vanliga problem<\/h3>\n<p>N\u00e4r du st\u00f6ter p\u00e5 problem med skopcylindern kan f\u00f6ljande fels\u00f6kningstips och l\u00f6sningar hj\u00e4lpa till att diagnostisera och l\u00f6sa problemen. Det \u00e4r ocks\u00e5 viktigt att implementera f\u00f6rebyggande \u00e5tg\u00e4rder f\u00f6r att minimera potentiella problem.<\/p>\n<p><img decoding=\"async\" src=\"https:\/\/www.hydraulic-cylinders.net\/wp-content\/uploads\/2025\/01\/songte-bushings-with-all-kinds-of-excavator-models.webp\"><\/p>\n<p>Kom ih\u00e5g att organisera artikeln logiskt, anv\u00e4nda underrubriker f\u00f6r enkel navigering, inkludera relevanta bilder eller diagram f\u00f6r att f\u00f6rb\u00e4ttra f\u00f6rst\u00e5elsen och se till att inneh\u00e5llet \u00e4r tydligt och koncist och passar l\u00e4sare med olika niv\u00e5er av teknisk kunskap.<\/p>\n<h2>V\u00e5rt f\u00f6retag<\/h2>\n<p><img decoding=\"async\" src=\"https:\/\/hzpt.com\/wp-content\/uploads\/2024\/11\/songte-company-1.webp\"><\/p>\n<p>Vi \u00e4r en tillverkare av hydraulcylindrar f\u00f6r reservdelar och en av de ledande tillverkarna och grossistdistribut\u00f6rerna p\u00e5 den inhemska och internationella marknaden. Vi f\u00f6ljer principerna om excellens och f\u00f6rlitar oss p\u00e5 industrialiserade produktionsstrategier i v\u00e5r f\u00f6rfinade tillverkningsverkstad. Med hj\u00e4lp av teknisk kompetens, digital avancerad tillverkningsutrustning och professionella testsystem f\u00f6rb\u00e4ttrar vi kontinuerligt v\u00e5r tillverkningsplattform, perfektionerar produktionsv\u00e4gen f\u00f6r produktkvalitet och har starka kreativa f\u00f6rm\u00e5gor. Vi str\u00e4var efter att m\u00f6ta v\u00e5ra kunders olika behov med h\u00f6g effektivitet, h\u00f6g precision och h\u00f6gkvalitativa principer.<\/p>\n<p><img decoding=\"async\" src=\"https:\/\/www.hydraulic-cylinders.net\/wp-content\/uploads\/2025\/01\/songte-company-3.webp\"><\/p>\n<p>V\u00e5rt f\u00f6retag \u00e4r k\u00e4nt f\u00f6r sin professionalism, internationella certifieringar, kundanpassade tj\u00e4nster, produktionsutrustning och eftermarknadsservice.<\/p>\n<p>F\u00f6rfattare: lyl<\/p>","protected":false},"excerpt":{"rendered":"<p>Bucket Cylinder For Yuchai YC210LC-8 Introduction The bucket cylinder for Yuchai YC210LC-8 is a specially designed hydraulic cylinder used to control the movement of the bucket in heavy machinery such as excavators, backhoe loaders, and wheel loaders. Its main function is to enable the bucket to perform lifting, lowering, and tilting actions, making it easier [&hellip;]<\/p>","protected":false},"featured_media":14780,"comment_status":"open","ping_status":"closed","template":"","meta":{"_et_pb_use_builder":"","_et_pb_old_content":"","_et_gb_content_width":""},"product_brand":[],"product_cat":[1494],"product_tag":[1495,1496],"class_list":{"0":"post-15858","1":"product","2":"type-product","3":"status-publish","4":"has-post-thumbnail","6":"product_cat-bucket-cylinders","7":"product_tag-bucket-cylinders","8":"product_tag-hydraulic-cylinders","10":"first","11":"instock","12":"shipping-taxable","13":"product-type-simple"},"amp_enabled":true,"_links":{"self":[{"href":"https:\/\/www.hydraulic-cylinders.net\/sv\/wp-json\/wp\/v2\/product\/15858","targetHints":{"allow":["GET"]}}],"collection":[{"href":"https:\/\/www.hydraulic-cylinders.net\/sv\/wp-json\/wp\/v2\/product"}],"about":[{"href":"https:\/\/www.hydraulic-cylinders.net\/sv\/wp-json\/wp\/v2\/types\/product"}],"replies":[{"embeddable":true,"href":"https:\/\/www.hydraulic-cylinders.net\/sv\/wp-json\/wp\/v2\/comments?post=15858"}],"wp:featuredmedia":[{"embeddable":true,"href":"https:\/\/www.hydraulic-cylinders.net\/sv\/wp-json\/wp\/v2\/media\/14780"}],"wp:attachment":[{"href":"https:\/\/www.hydraulic-cylinders.net\/sv\/wp-json\/wp\/v2\/media?parent=15858"}],"wp:term":[{"taxonomy":"product_brand","embeddable":true,"href":"https:\/\/www.hydraulic-cylinders.net\/sv\/wp-json\/wp\/v2\/product_brand?post=15858"},{"taxonomy":"product_cat","embeddable":true,"href":"https:\/\/www.hydraulic-cylinders.net\/sv\/wp-json\/wp\/v2\/product_cat?post=15858"},{"taxonomy":"product_tag","embeddable":true,"href":"https:\/\/www.hydraulic-cylinders.net\/sv\/wp-json\/wp\/v2\/product_tag?post=15858"}],"curies":[{"name":"wp","href":"https:\/\/api.w.org\/{rel}","templated":true}]}}