{"id":15862,"date":"2025-01-19T15:05:25","date_gmt":"2025-01-19T15:05:25","guid":{"rendered":"https:\/\/www.hydraulic-cylinders.net\/product\/bucket-cylinder-for-yuchai-yc50-8\/"},"modified":"2025-01-19T15:05:27","modified_gmt":"2025-01-19T15:05:27","slug":"bucket-cylinder-for-yuchai-yc50-8","status":"publish","type":"product","link":"https:\/\/www.hydraulic-cylinders.net\/sv\/produkt\/bucket-cylinder-for-yuchai-yc50-8\/","title":{"rendered":"Skopscylinder f\u00f6r Yuchai YC50-8"},"content":{"rendered":"<h1>Skopscylinder f\u00f6r Yuchai YC50-8<\/h1>\n<h2>Introduktion<\/h2>\n<p>Skopcylindern till Yuchai YC50-8 \u00e4r en specialiserad hydraulcylinder som \u00e4r utformad f\u00f6r att styra skopans r\u00f6relse i tunga maskiner som gr\u00e4vmaskiner, gr\u00e4vlastare och frontlastare. Dess huvudsakliga funktion \u00e4r att m\u00f6jligg\u00f6ra lyftning, s\u00e4nkning och lutning av skopan, vilket g\u00f6r det enklare att hantera olika materialhanteringsuppgifter. I ett hydraulsystem uppn\u00e5r skopcylindern exakt kontroll \u00f6ver skopan genom att utnyttja tryckf\u00f6r\u00e4ndringarna i hydrauloljan, vilket g\u00f6r det m\u00f6jligt f\u00f6r operat\u00f6rer att effektivt hantera tunga laster och anpassa sig till komplexa arbetsmilj\u00f6er och olika driftskrav.<\/p>\n<p><img decoding=\"async\" src=\"https:\/\/www.hydraulic-cylinders.net\/wp-content\/uploads\/2025\/01\/songte-company-2.webp\"\/><\/p>\n<h2>Drag<\/h2>\n<ul>\n<li><strong>H\u00f6g styrka och h\u00e5llbarhet:<\/strong> Skopscylindern, som vanligtvis \u00e4r tillverkad av h\u00f6gh\u00e5llfast st\u00e5l eller aluminium, kan motst\u00e5 h\u00f6gt tryck och tunga belastningar och anpassa sig till tuffa arbetsf\u00f6rh\u00e5llanden. Den \u00e4r konstruerad med h\u00e4nsyn till slitstyrka och korrosionsbest\u00e4ndighet, vilket f\u00f6rl\u00e4nger dess livsl\u00e4ngd.<\/li>\n<li><strong>Effektiv hydraulisk drift:<\/strong> Genom att utnyttja hydrauloljans tryck uppn\u00e5r skopcylindern smidiga ut- och inf\u00e4llningsr\u00f6relser, vilket m\u00f6jligg\u00f6r snabb respons p\u00e5 styrkommandon och ger kraftfulla tryck- och dragkrafter. Den \u00e4r l\u00e4mplig f\u00f6r hantering av tunga laster och komplexa driftsuppgifter.<\/li>\n<li><strong>Olika typer:<\/strong> Skopscylindern kan v\u00e4ljas som enkelverkande (hydraultryck anv\u00e4nds endast i en riktning) eller dubbelverkande (hydraultryck anv\u00e4nds i b\u00e5da riktningarna) cylindrar beroende p\u00e5 behov, f\u00f6r att tillgodose olika driftsbehov. Vissa modeller \u00e4r teleskopiska, vilket m\u00f6jligg\u00f6r st\u00f6rre utdrag utan att \u00f6ka de yttersta m\u00e5tten, vilket g\u00f6r dem l\u00e4mpliga f\u00f6r applikationer med begr\u00e4nsat utrymme.<\/li>\n<li><strong>Perfekt ers\u00e4ttning:<\/strong> V\u00e5r produkt kan perfekt ers\u00e4tta dessa hydraulcylindrar.<\/li>\n<\/ul>\n<p><img decoding=\"async\" src=\"https:\/\/www.hydraulic-cylinders.net\/wp-content\/uploads\/2025\/01\/songte-cylinder-head-with-all-kinds-excavator-models.webp\"\/><\/p>\n<h2>Applikationer<\/h2>\n<p>Skopscylindern anv\u00e4nds i olika typer av utrustning:<\/p>\n<ul>\n<li><strong>Byggutrustning:<\/strong> De finns i gr\u00e4vmaskiner och \u00e4r avg\u00f6rande f\u00f6r gr\u00e4vning, lastning och flyttning av jord eller skr\u00e4p. I gr\u00e4vlastare hj\u00e4lper skopcylindern till vid b\u00e5de gr\u00e4vning och lyftning.<\/li>\n<li><strong>Jordbruksmaskiner:<\/strong> De anv\u00e4nds i frontlastare och hj\u00e4lper till med att \u00f6sa, lyfta och transportera jord, h\u00f6 och andra material.<\/li>\n<li><strong>Gr\u00e4vmaskiner:<\/strong> Skopans cylinder m\u00f6jligg\u00f6r gr\u00e4vning genom att l\u00e5ta skopan tr\u00e4nga ner i jorden.<\/li>\n<li><strong>Frontlastare:<\/strong> I frontlastare hj\u00e4lper de till att lyfta och luta last effektivt.<\/li>\n<\/ul>\n<h2>Design\u00f6verv\u00e4ganden och urvalskriterier<\/h2>\n<p>N\u00e4r det g\u00e4ller design\u00f6verv\u00e4ganden och urvalskriterier \u00e4r f\u00f6ljande aspekter viktiga:<\/p>\n<ul>\n<li><strong>B\u00e4rkraft:<\/strong> Diskutera skopcylinderns f\u00f6rm\u00e5ga att b\u00e4ra tunga belastningar.<\/li>\n<li><strong>T\u00e4tning:<\/strong> Diskutera anv\u00e4ndningen av olika t\u00e4tningar, s\u00e5som kolvt\u00e4tningar och kolvst\u00e5ngst\u00e4tningar, tillverkade av slitstarka material som polyuretan och nitrilgummi.<\/li>\n<li><strong>Varaktighet:<\/strong> Diskutera den fina ytbehandlingen av cylinderhuset och den g\u00e4ngade \u00e4ndytan f\u00f6r att f\u00f6rb\u00e4ttra slitstyrkan.<\/li>\n<li><strong>S\u00e4kerhet:<\/strong> Diskutera s\u00e4kerhets\u00e5tg\u00e4rderna i samband med anv\u00e4ndning av skopcylindern.<\/li>\n<li><strong>Underh\u00e5llbarhet:<\/strong> Diskutera hur enkelt det \u00e4r att underh\u00e5lla och reparera skopcylindern.<\/li>\n<\/ul>\n<p><img decoding=\"async\" src=\"https:\/\/www.hydraulic-cylinders.net\/wp-content\/uploads\/2025\/01\/songte-oil-pipes-and-spare-parts.webp\"\/><\/p>\n<h2>T\u00e4tning och sm\u00f6rjning<\/h2>\n<p>Skopscylindern anv\u00e4nder olika t\u00e4tningar, s\u00e5som kolvt\u00e4tningar och kolvst\u00e5ngst\u00e4tningar, tillverkade av slitstarka material som polyuretan och nitrilgummi. Cylinderhuset och den g\u00e4ngade \u00e4ndytan genomg\u00e5r en fin ytbehandling f\u00f6r att f\u00f6rb\u00e4ttra slitstyrkan. Regelbunden sm\u00f6rjning med l\u00e4mplig m\u00e4ngd hydraulolja \u00e4r n\u00f6dv\u00e4ndig f\u00f6r att s\u00e4kerst\u00e4lla smidig drift och l\u00e5ng livsl\u00e4ngd.<\/p>\n<h2>Inspektion och f\u00f6rebyggande underh\u00e5ll<\/h2>\n<p>Regelbunden inspektion och f\u00f6rebyggande underh\u00e5ll \u00e4r avg\u00f6rande f\u00f6r att s\u00e4kerst\u00e4lla optimal prestanda hos skopcylindern. F\u00f6ljande \u00e5tg\u00e4rder b\u00f6r vidtas:<\/p>\n<ul>\n<li>Kontrollera cylindern f\u00f6r eventuella skador eller l\u00e4ckor.<\/li>\n<li>S\u00e4kerst\u00e4ll korrekt sm\u00f6rjning av alla r\u00f6rliga delar.<\/li>\n<li>Byt regelbundet packningar f\u00f6r att f\u00f6rhindra l\u00e4ckage.<\/li>\n<li>Utf\u00f6r kalibreringskontroller f\u00f6r att uppr\u00e4tth\u00e5lla korrekt drift.<\/li>\n<\/ul>\n<p><img decoding=\"async\" src=\"https:\/\/www.hydraulic-cylinders.net\/wp-content\/uploads\/2025\/01\/songte-chushion-collar.webp\"\/><\/p>\n<h2>S\u00e4kerhetsaspekter och milj\u00f6faktorer<\/h2>\n<p>Det \u00e4r av yttersta vikt att s\u00e4kerst\u00e4lla s\u00e4kerhets\u00e5tg\u00e4rder vid anv\u00e4ndning av skopcylindern. T\u00e4nk p\u00e5 milj\u00f6faktorerna n\u00e4r du v\u00e4ljer och anv\u00e4nder cylindern f\u00f6r att minimera eventuell negativ p\u00e5verkan.<\/p>\n<h2>Feldiagnos och vanliga problem<\/h2>\n<p>N\u00e4r du st\u00f6ter p\u00e5 fel eller vanliga problem med skopcylindern kan f\u00f6ljande tips och l\u00f6sningar hj\u00e4lpa till att diagnostisera och l\u00f6sa problem effektivt. Du kan ocks\u00e5 vidta f\u00f6rebyggande \u00e5tg\u00e4rder f\u00f6r att minimera potentiella problem.<\/p>\n<p><img decoding=\"async\" src=\"https:\/\/www.hydraulic-cylinders.net\/wp-content\/uploads\/2025\/01\/songte-bushings-with-all-kinds-of-excavator-models.webp\"\/><\/p>\n<h2>Underh\u00e5llsuppgifter<\/h2>\n<p>Lyft fram tre vanliga underh\u00e5llsuppgifter: regelbunden inspektion, korrekt sm\u00f6rjning och byte av t\u00e4tningar, tillsammans med vikten av korrekt installation, sm\u00f6rjning och justering. Ge v\u00e4gledning f\u00f6r korrekt justering av cylindern under installationen och rekommendera anv\u00e4ndning av l\u00e4mpliga monteringsf\u00e4sten f\u00f6r att s\u00e4kra cylindern. Rekommendera inspektions-, reparations- och utbytesprocedurer, erbjuda tj\u00e4nster f\u00f6r utbyte av delar och ombyggnad, och ge tips f\u00f6r att f\u00f6rl\u00e4nga skopcylinderns livsl\u00e4ngd.<\/p>\n<h2>V\u00e5rt f\u00f6retag<\/h2>\n<p>Vi \u00e4r en tillverkare som specialiserar oss p\u00e5 hydraulcylindrar f\u00f6r reservdelar. V\u00e5rt f\u00f6retag erbjuder ett brett utbud av produkter och har blivit en av de ledande tillverkarna och grossistdistribut\u00f6rerna av hydraulcylindrar p\u00e5 b\u00e5de inhemska och internationella marknader. Vi f\u00f6ljer principerna om excellens och f\u00f6rlitar oss p\u00e5 industrialiserade produktionsstrategier i v\u00e5r f\u00f6rfinade tillverkningsverkstad. Med fokus p\u00e5 teknisk talang, avancerad digital tillverkningsutrustning och professionella testsystem f\u00f6rb\u00e4ttrar vi kontinuerligt v\u00e5r tillverkningsplattform och v\u00e5ra produktionsv\u00e4gar av h\u00f6g produktkvalitet, vilket s\u00e4kerst\u00e4ller h\u00f6g effektivitet, precision och kvalitet f\u00f6r att m\u00f6ta olika kundkrav.<\/p>\n<p><img decoding=\"async\" src=\"https:\/\/hzpt.com\/wp-content\/uploads\/2024\/11\/songte-company-1.webp\"\/><\/p>\n<h2>Om v\u00e5rt f\u00f6retag<\/h2>\n<p>V\u00e5rt f\u00f6retag utm\u00e4rker sig i branschen av f\u00f6ljande sk\u00e4l:<\/p>\n<ul>\n<li>Professionalism<\/li>\n<li>Internationella certifieringar<\/li>\n<li>Anpassningstj\u00e4nster<\/li>\n<li>Produktionsutrustning<\/li>\n<li>Eftermarknadstj\u00e4nster<\/li>\n<\/ul>\n<p><img decoding=\"async\" src=\"https:\/\/www.hydraulic-cylinders.net\/wp-content\/uploads\/2025\/01\/songte-company-3.webp\"\/><\/p>\n<p>F\u00f6rfattare: lyl<\/p>","protected":false},"excerpt":{"rendered":"<p>Bucket Cylinder For Yuchai YC50-8 Introduction The bucket cylinder for Yuchai YC50-8 is a specialized hydraulic cylinder designed to control the movement of the bucket in heavy machinery such as excavators, backhoe loaders, and front loaders. Its main function is to enable the lifting, lowering, and tilting of the bucket, making it easier to handle [&hellip;]<\/p>","protected":false},"featured_media":14771,"comment_status":"open","ping_status":"closed","template":"","meta":{"_et_pb_use_builder":"","_et_pb_old_content":"","_et_gb_content_width":""},"product_brand":[],"product_cat":[1494],"product_tag":[1495,1496],"class_list":{"0":"post-15862","1":"product","2":"type-product","3":"status-publish","4":"has-post-thumbnail","6":"product_cat-bucket-cylinders","7":"product_tag-bucket-cylinders","8":"product_tag-hydraulic-cylinders","10":"first","11":"instock","12":"shipping-taxable","13":"product-type-simple"},"amp_enabled":true,"_links":{"self":[{"href":"https:\/\/www.hydraulic-cylinders.net\/sv\/wp-json\/wp\/v2\/product\/15862","targetHints":{"allow":["GET"]}}],"collection":[{"href":"https:\/\/www.hydraulic-cylinders.net\/sv\/wp-json\/wp\/v2\/product"}],"about":[{"href":"https:\/\/www.hydraulic-cylinders.net\/sv\/wp-json\/wp\/v2\/types\/product"}],"replies":[{"embeddable":true,"href":"https:\/\/www.hydraulic-cylinders.net\/sv\/wp-json\/wp\/v2\/comments?post=15862"}],"wp:featuredmedia":[{"embeddable":true,"href":"https:\/\/www.hydraulic-cylinders.net\/sv\/wp-json\/wp\/v2\/media\/14771"}],"wp:attachment":[{"href":"https:\/\/www.hydraulic-cylinders.net\/sv\/wp-json\/wp\/v2\/media?parent=15862"}],"wp:term":[{"taxonomy":"product_brand","embeddable":true,"href":"https:\/\/www.hydraulic-cylinders.net\/sv\/wp-json\/wp\/v2\/product_brand?post=15862"},{"taxonomy":"product_cat","embeddable":true,"href":"https:\/\/www.hydraulic-cylinders.net\/sv\/wp-json\/wp\/v2\/product_cat?post=15862"},{"taxonomy":"product_tag","embeddable":true,"href":"https:\/\/www.hydraulic-cylinders.net\/sv\/wp-json\/wp\/v2\/product_tag?post=15862"}],"curies":[{"name":"wp","href":"https:\/\/api.w.org\/{rel}","templated":true}]}}