{"id":15866,"date":"2025-01-19T15:05:41","date_gmt":"2025-01-19T15:05:41","guid":{"rendered":"https:\/\/www.hydraulic-cylinders.net\/product\/bucket-cylinder-for-yuchai-yc240lc-8\/"},"modified":"2025-01-19T15:05:46","modified_gmt":"2025-01-19T15:05:46","slug":"bucket-cylinder-for-yuchai-yc240lc-8","status":"publish","type":"product","link":"https:\/\/www.hydraulic-cylinders.net\/sv\/produkt\/bucket-cylinder-for-yuchai-yc240lc-8\/","title":{"rendered":"Skopscylinder f\u00f6r Yuchai YC240LC-8"},"content":{"rendered":"<h1>Skopscylinder f\u00f6r Yuchai YC240LC-8<\/h1>\n<h2>Introduktion<\/h2>\n<p>En skopcylinder \u00e4r en specialdesignad hydraulcylinder som fr\u00e4mst anv\u00e4nds f\u00f6r att styra skopans r\u00f6relse i tunga maskiner som gr\u00e4vmaskiner, gr\u00e4vlastare och frontlastare. Dess huvudsakliga funktion \u00e4r att g\u00f6ra det m\u00f6jligt f\u00f6r skopan att lyfta, s\u00e4nka och luta, vilket g\u00f6r det enklare att hantera olika materialhanteringsuppgifter. I hydraulsystemet uppn\u00e5r skopcylindern exakt kontroll \u00f6ver skopans r\u00f6relser genom f\u00f6r\u00e4ndringar i hydrauloljetrycket, vilket g\u00f6r det m\u00f6jligt f\u00f6r f\u00f6rare att effektivt hantera tunga laster, anpassa sig till komplexa arbetsmilj\u00f6er och olika driftsbehov.<\/p>\n<p><img decoding=\"async\" src=\"https:\/\/www.hydraulic-cylinders.net\/wp-content\/uploads\/2025\/01\/songte-company-2.webp\" alt=\"Skopscylinder\" \/><\/p>\n<h2>Drag<\/h2>\n<ul>\n<li>\n<h3>H\u00f6g styrka och h\u00e5llbarhet<\/h3>\n<p>Skopscylindrar \u00e4r vanligtvis tillverkade av h\u00f6gh\u00e5llfast st\u00e5l eller aluminium, kapabla att motst\u00e5 h\u00f6gt tryck och tunga belastningar, och konstruerade med slitstyrka och korrosionsbest\u00e4ndighet i \u00e5tanke, vilket f\u00f6rl\u00e4nger deras livsl\u00e4ngd.<\/p>\n<\/li>\n<li>\n<h3>Effektiv hydraulisk drift<\/h3>\n<p>Skopscylindrar utnyttjar hydrauloljans tryck f\u00f6r att uppn\u00e5 j\u00e4mn ut- och inf\u00e4llning, reagerar snabbt p\u00e5 styrkommandon och ger stark tryck- och dragkraft, l\u00e4mplig f\u00f6r hantering av tunga laster och komplexa driftsuppgifter.<\/p>\n<\/li>\n<li>\n<h3>Olika typer<\/h3>\n<p>Skopscylindrar kan v\u00e4ljas som enkelverkande (hydrauliska anv\u00e4nds endast i en riktning) eller dubbelverkande (hydrauliska anv\u00e4nds i b\u00e5da riktningarna) enligt behov, och vissa modeller \u00e4r teleskopiska, vilket m\u00f6jligg\u00f6r l\u00e4ngre utskjutning utan att \u00f6ka ytterm\u00e5tten, l\u00e4mpliga f\u00f6r applikationer med begr\u00e4nsat utrymme.<\/p>\n<\/li>\n<li>\n<h3>Perfekt ers\u00e4ttning<\/h3>\n<p>V\u00e5rt f\u00f6retag tillverkar skopcylindrar som perfekt kan ers\u00e4tta dessa hydraulcylindrar.<\/p>\n<p><img decoding=\"async\" src=\"https:\/\/www.hydraulic-cylinders.net\/wp-content\/uploads\/2025\/01\/songte-cylinder-head-with-all-kinds-excavator-models.webp\" alt=\"Byte av skopcylinder\" \/><\/p>\n<\/li>\n<li>\n<h3>Bred till\u00e4mpning<\/h3>\n<p>Skopscylindrar anv\u00e4nds ofta i olika tunga maskiner, inklusive:<\/p>\n<ul>\n<li><strong>Byggutrustning:<\/strong> Skopcylindrar \u00e4r viktiga f\u00f6r gr\u00e4vning, lastning och flyttning av jord eller skr\u00e4p i gr\u00e4vmaskiner. I gr\u00e4vlastare hj\u00e4lper skopcylindrar till med gr\u00e4vning och lyftning.<\/li>\n<li><strong>Jordbruksmaskiner:<\/strong> Anv\u00e4nds f\u00f6r frontlastare, skopcylindrar plockar upp, lyfter och transporterar jord, h\u00f6 och andra material. I gr\u00e4vmaskiner penetrerar skopcylindern jorden f\u00f6r att uppn\u00e5 gr\u00e4vning.<\/li>\n<li><strong>Lastare:<\/strong> I frontlastare hj\u00e4lper skopcylindrar till att lyfta och dumpa gods effektivt.<\/li>\n<\/ul>\n<\/li>\n<\/ul>\n<h2>Design\u00f6verv\u00e4ganden och urvalskriterier<\/h2>\n<p><img decoding=\"async\" src=\"https:\/\/www.hydraulic-cylinders.net\/wp-content\/uploads\/2025\/01\/songte-oil-pipes-and-spare-parts.webp\" alt=\"Skopscylinderdesign\" \/><\/p>\n<ul>\n<li>\n<h3>B\u00e4rkraft<\/h3>\n<p>Skopscylindrar \u00e4r konstruerade f\u00f6r att motst\u00e5 h\u00f6gt tryck och tunga belastningar, vilket s\u00e4kerst\u00e4ller att deras b\u00e4rkapacitet uppfyller branschstandarder.<\/p>\n<\/li>\n<li>\n<h3>T\u00e4tning och h\u00e5llbarhet<\/h3>\n<p>Skopscylindrar anv\u00e4nder olika t\u00e4tningskomponenter som kolvt\u00e4tningar, kolvst\u00e5ngst\u00e4tningar och torkart\u00e4tningar, tillverkade av material som polyuretan och nitrilgummi, som ger slitstyrka. Cylinderhuset och den g\u00e4ngade \u00e4ndytan genomg\u00e5r finbearbetning f\u00f6r att f\u00f6rb\u00e4ttra slitstyrkan. Regelbunden tillsats av l\u00e4mplig m\u00e4ngd hydraulolja \u00e4r n\u00f6dv\u00e4ndig f\u00f6r sm\u00f6rjning.<\/p>\n<\/li>\n<li>\n<h3>S\u00e4kerhet<\/h3>\n<p>Skopscylindrar m\u00e5ste ge tillf\u00f6rlitligt st\u00f6d och stabilitet f\u00f6r att s\u00e4kerst\u00e4lla s\u00e4kerheten vid drift. Det \u00e4r n\u00f6dv\u00e4ndigt att f\u00f6lja s\u00e4kerhetsriktlinjerna och v\u00e4lja l\u00e4mpliga s\u00e4kerhets\u00e5tg\u00e4rder f\u00f6r att f\u00f6rhindra olyckor under anv\u00e4ndning.<\/p>\n<\/li>\n<li>\n<h3>Underh\u00e5llbarhet<\/h3>\n<p>Skopscylindrar m\u00e5ste vara konstruerade f\u00f6r enkelt underh\u00e5ll och reparation. Regelbunden inspektion, snabb utbyte av slitna delar och kalibreringskontroller \u00e4r avg\u00f6rande f\u00f6r att f\u00f6rl\u00e4nga deras livsl\u00e4ngd.<\/p>\n<\/li>\n<\/ul>\n<h2>Installationsguide<\/h2>\n<p>Korrekt installation \u00e4r avg\u00f6rande f\u00f6r att skopcylindern ska fungera optimalt. F\u00f6ljande steg b\u00f6r vidtas:<\/p>\n<ul>\n<li>\n<h3>Inriktning<\/h3>\n<p>Rikta in cylinderst\u00e5ngen med lastens mittlinje.<\/p>\n<\/li>\n<li>\n<h3>Monteringsf\u00e4ste<\/h3>\n<p>Anv\u00e4nd ett l\u00e4mpligt monteringsf\u00e4ste f\u00f6r att f\u00e4sta cylindern.<\/p>\n<\/li>\n<li>\n<h3>Sm\u00f6rjning<\/h3>\n<p>Tills\u00e4tt l\u00e4mplig m\u00e4ngd hydraulolja i cylindern och kontrollera att den \u00e4r ordentligt smord.<\/p>\n<\/li>\n<\/ul>\n<h2>Underh\u00e5ll och reparation<\/h2>\n<p><img decoding=\"async\" src=\"https:\/\/www.hydraulic-cylinders.net\/wp-content\/uploads\/2025\/01\/songte-chushion-collar.webp\" alt=\"Underh\u00e5ll och reparation av skopcylinder\" \/><\/p>\n<ul>\n<li>\n<h3>Regelbunden inspektion<\/h3>\n<p>Regelbunden inspektion av skopcylindern f\u00f6r slitage, skador och l\u00e4ckor.<\/p>\n<\/li>\n<li>\n<h3>Sm\u00f6rjning<\/h3>\n<p>Regelbunden sm\u00f6rjning hj\u00e4lper till att f\u00f6rhindra slitage p\u00e5 cylinderkomponenter.<\/p>\n<\/li>\n<li>\n<h3>Byte av t\u00e4tning<\/h3>\n<p>Regelbundet byte av t\u00e4tningar och packningar f\u00f6r att s\u00e4kerst\u00e4lla korrekt t\u00e4tning och f\u00f6rhindra l\u00e4ckage.<\/p>\n<\/li>\n<li>\n<h3>Kalibreringskontroll<\/h3>\n<p>Regelbundna kalibreringskontroller s\u00e4kerst\u00e4ller att cylindern fungerar optimalt och effektivt.<\/p>\n<\/li>\n<\/ul>\n<h2>S\u00e4kerhetsaspekter och milj\u00f6faktorer<\/h2>\n<p>Det \u00e4r viktigt att f\u00f6lja s\u00e4kerhets\u00e5tg\u00e4rder vid anv\u00e4ndning av skopcylindrar f\u00f6r att f\u00f6rhindra olyckor och s\u00e4kerst\u00e4lla s\u00e4ker drift. Dessutom b\u00f6r milj\u00f6faktorer beaktas vid val av hydraulcylindrar f\u00f6r att f\u00f6rhindra skador p\u00e5 milj\u00f6n.<\/p>\n<p><img decoding=\"async\" src=\"https:\/\/hzpt.com\/wp-content\/uploads\/2024\/11\/songte-company-1.webp\" alt=\"S\u00e4kerhet f\u00f6r skopcylinder\" \/><\/p>\n<h2>Feldiagnos och vanliga problem<\/h2>\n<p><img decoding=\"async\" src=\"https:\/\/www.hydraulic-cylinders.net\/wp-content\/uploads\/2025\/01\/songte-bushings-with-all-kinds-of-excavator-models.webp\" alt=\"Feldiagnos f\u00f6r skopcylinder\" \/><\/p>\n<ul>\n<li>\n<h3>L\u00e4ckage<\/h3>\n<p>Kontrollera t\u00e4tningar och packningar f\u00f6r skador eller slitage och byt ut dem vid behov.<\/p>\n<\/li>\n<li>\n<h3>Minskad prestanda<\/h3>\n<p>Kontrollera hydraulsystemet f\u00f6r f\u00f6roreningar eller felaktig v\u00e4tskeniv\u00e5 och se till att det \u00e4r rent och korrekt fyllt.<\/p>\n<\/li>\n<li>\n<h3>Buller<\/h3>\n<p>Kontrollera cylindern f\u00f6r skador eller slitage och byt ut de ber\u00f6rda delarna.<\/p>\n<\/li>\n<\/ul>\n<h2>Om v\u00e5rt f\u00f6retag<\/h2>\n<p><img decoding=\"async\" src=\"https:\/\/www.hydraulic-cylinders.net\/wp-content\/uploads\/2025\/01\/songte-company-3.webp\" alt=\"Om v\u00e5rt f\u00f6retag\" \/><\/p>\n<p>Vi \u00e4r en tillverkare av hydraulcylindrar f\u00f6r ers\u00e4ttning med ett komplett produktsortiment och \u00e4r en av de ledande tillverkarna och grossisterna av hydraulcylindrar p\u00e5 den inhemska och utl\u00e4ndska marknaden. Vi f\u00f6ljer principerna om utm\u00e4rkt kvalitet, f\u00f6rlitar oss p\u00e5 den industrialiserade produktionsstrategin fr\u00e5n fintillverkningsverkst\u00e4der, f\u00f6rb\u00e4ttrar kontinuerligt verkstadens tillverkningsplattform, f\u00f6rb\u00e4ttrar produktens produktionskvalitet och har stark kreativ f\u00f6rm\u00e5ga, vilket tillgodoser kundernas olika behov med h\u00f6g effektivitet, h\u00f6g precision och h\u00f6g kvalitet.<\/p>\n<ul>\n<li>\n<h3>Professionalism<\/h3>\n<p>V\u00e5rt f\u00f6retag \u00e4r engagerat i kontinuerlig utveckling av hydraulcylinderteknik, med ett professionellt team av ingenj\u00f6rer och tekniska experter som leder branschen inom produktdesign och utveckling.<\/p>\n<\/li>\n<li>\n<h3>Internationell certifiering<\/h3>\n<p>V\u00e5rt f\u00f6retag har erh\u00e5llit ISO9001:2015-certifiering f\u00f6r kvalitetsledningssystem, vilket s\u00e4kerst\u00e4ller att v\u00e5ra produkter uppfyller internationella kvalitetsstandarder.<\/p>\n<\/li>\n<li>\n<h3>Anpassad tj\u00e4nst<\/h3>\n<p>V\u00e5rt f\u00f6retag tillhandah\u00e5ller kundanpassade hydraulcylindrar f\u00f6r att m\u00f6ta kundernas specifika behov och erbjuder h\u00f6gkvalitativa l\u00f6sningar f\u00f6r komplexa hydrauliska krav.<\/p>\n<\/li>\n<li>\n<h3>Produktionsutrustning<\/h3>\n<p>V\u00e5rt f\u00f6retag har avancerad produktionsutrustning, inklusive CNC-bearbetningscentraler, h\u00f6gprecisionssvarvar och annan specialiserad utrustning f\u00f6r produktion av hydraulcylindrar, f\u00f6r att s\u00e4kerst\u00e4lla h\u00f6gkvalitativa produkter.<\/p>\n<\/li>\n<li>\n<h3>Eftermarknadsservice<\/h3>\n<p>V\u00e5rt f\u00f6retag erbjuder omfattande eftermarknadsservice, inklusive underh\u00e5ll, reparation och renovering, vilket s\u00e4kerst\u00e4ller att v\u00e5ra produkter alltid \u00e4r i toppskick.<\/p>\n<\/li>\n<\/ul>\n<p>Artikel skriven av lyl.<\/p>","protected":false},"excerpt":{"rendered":"<p>Bucket Cylinder For Yuchai YC240LC-8 Introduction Bucket Cylinder is a specially designed hydraulic cylinder primarily used to control the movement of the bucket in heavy machinery such as excavators, backhoe loaders, and front-end loaders. Its main function is to enable the bucket to lift, lower, and tilt, making it easier to handle various material-handling tasks. [&hellip;]<\/p>","protected":false},"featured_media":14761,"comment_status":"open","ping_status":"closed","template":"","meta":{"_et_pb_use_builder":"","_et_pb_old_content":"","_et_gb_content_width":""},"product_brand":[],"product_cat":[1494],"product_tag":[1495,1496],"class_list":{"0":"post-15866","1":"product","2":"type-product","3":"status-publish","4":"has-post-thumbnail","6":"product_cat-bucket-cylinders","7":"product_tag-bucket-cylinders","8":"product_tag-hydraulic-cylinders","10":"first","11":"instock","12":"shipping-taxable","13":"product-type-simple"},"amp_enabled":true,"_links":{"self":[{"href":"https:\/\/www.hydraulic-cylinders.net\/sv\/wp-json\/wp\/v2\/product\/15866","targetHints":{"allow":["GET"]}}],"collection":[{"href":"https:\/\/www.hydraulic-cylinders.net\/sv\/wp-json\/wp\/v2\/product"}],"about":[{"href":"https:\/\/www.hydraulic-cylinders.net\/sv\/wp-json\/wp\/v2\/types\/product"}],"replies":[{"embeddable":true,"href":"https:\/\/www.hydraulic-cylinders.net\/sv\/wp-json\/wp\/v2\/comments?post=15866"}],"wp:featuredmedia":[{"embeddable":true,"href":"https:\/\/www.hydraulic-cylinders.net\/sv\/wp-json\/wp\/v2\/media\/14761"}],"wp:attachment":[{"href":"https:\/\/www.hydraulic-cylinders.net\/sv\/wp-json\/wp\/v2\/media?parent=15866"}],"wp:term":[{"taxonomy":"product_brand","embeddable":true,"href":"https:\/\/www.hydraulic-cylinders.net\/sv\/wp-json\/wp\/v2\/product_brand?post=15866"},{"taxonomy":"product_cat","embeddable":true,"href":"https:\/\/www.hydraulic-cylinders.net\/sv\/wp-json\/wp\/v2\/product_cat?post=15866"},{"taxonomy":"product_tag","embeddable":true,"href":"https:\/\/www.hydraulic-cylinders.net\/sv\/wp-json\/wp\/v2\/product_tag?post=15866"}],"curies":[{"name":"wp","href":"https:\/\/api.w.org\/{rel}","templated":true}]}}