{"id":15867,"date":"2025-01-19T15:05:48","date_gmt":"2025-01-19T15:05:48","guid":{"rendered":"https:\/\/www.hydraulic-cylinders.net\/product\/bucket-cylinder-for-yangong-yg70c\/"},"modified":"2025-01-19T15:05:50","modified_gmt":"2025-01-19T15:05:50","slug":"bucket-cylinder-for-yangong-yg70c","status":"publish","type":"product","link":"https:\/\/www.hydraulic-cylinders.net\/sv\/produkt\/bucket-cylinder-for-yangong-yg70c\/","title":{"rendered":"Skopscylinder f\u00f6r Yangong YG70C"},"content":{"rendered":"<h1>Skopscylinder f\u00f6r Yangong YG70C<\/h1>\n<h2>Introduktion<\/h2>\n<p>Skopcylindern till Yangong YG70C \u00e4r en specialdesignad hydraulcylinder som anv\u00e4nds f\u00f6r att styra skopans r\u00f6relse i tunga maskiner som gr\u00e4vmaskiner, gr\u00e4vlastare och frontlastare. Dess huvudsakliga funktion \u00e4r att g\u00f6ra det m\u00f6jligt att lyfta, s\u00e4nka och luta skopan, vilket g\u00f6r det enklare att hantera olika materialhanteringsuppgifter. I hydraulsystemet uppn\u00e5r skopcylindern exakt kontroll \u00f6ver skopan genom f\u00f6r\u00e4ndringar i hydrauloljetrycket, vilket g\u00f6r det m\u00f6jligt f\u00f6r f\u00f6rare att hantera tunga laster effektivt och anpassa sig till komplexa arbetsmilj\u00f6er och olika driftskrav.<\/p>\n<p><img decoding=\"async\" src=\"https:\/\/www.hydraulic-cylinders.net\/wp-content\/uploads\/2025\/01\/songte-company-2.webp\"><\/p>\n<h2>Drag<\/h2>\n<ul>\n<li>H\u00f6g h\u00e5llfasthet och h\u00e5llbarhet: Den \u00e4r vanligtvis tillverkad av h\u00f6gh\u00e5llfast st\u00e5l eller aluminium och t\u00e5l h\u00f6ga tryck och tunga belastningar, vilket g\u00f6r den l\u00e4mplig f\u00f6r tuffa arbetsmilj\u00f6er. Konstruktionen tar h\u00e4nsyn till slitstyrka och korrosionsbest\u00e4ndighet, vilket f\u00f6rl\u00e4nger livsl\u00e4ngden.<\/li>\n<li>Effektiv hydraulisk drift: Genom att utnyttja hydrauloljans tryck f\u00f6r att uppn\u00e5 smidig ut- och indragning kan den snabbt reagera p\u00e5 kontrollkommandon och ge stark tryck- och dragkraft, l\u00e4mplig f\u00f6r hantering av tunga f\u00f6rem\u00e5l och komplexa driftsuppgifter.<\/li>\n<li>Olika typer: Enkelverkande (hydrauliska cylindrar anv\u00e4nds endast i en riktning) eller dubbelverkande (hydrauliska cylindrar anv\u00e4nds i tv\u00e5 riktningar) cylindrar kan v\u00e4ljas efter behov f\u00f6r att m\u00f6ta olika driftsbehov. Vissa modeller \u00e4r teleskopiska, vilket m\u00f6jligg\u00f6r st\u00f6rre utdrag utan att \u00f6ka de yttersta m\u00e5tten, l\u00e4mpliga f\u00f6r applikationer med begr\u00e4nsat utrymme.<\/li>\n<li>Utbytbar: V\u00e5r produkt kan perfekt ers\u00e4tta dessa hydraulcylindrar.<\/li>\n<\/ul>\n<p><img decoding=\"async\" src=\"https:\/\/www.hydraulic-cylinders.net\/wp-content\/uploads\/2025\/01\/songte-cylinder-head-with-all-kinds-excavator-models.webp\"><\/p>\n<h2>Applikationer<\/h2>\n<p>Skopcylindern f\u00f6r Yangong YG70C anv\u00e4nds ofta i olika tunga maskiner, inklusive:<\/p>\n<ul>\n<li>Byggmaskiner: I gr\u00e4vmaskiner \u00e4r de avg\u00f6rande f\u00f6r att gr\u00e4va, lasta och flytta jord eller skr\u00e4p. I gr\u00e4vlastare hj\u00e4lper skopcylindern till med b\u00e5de gr\u00e4vning och lyftning. <\/li>\n<li>Jordbruksmaskiner: Anv\u00e4nds i frontlastare f\u00f6r att gr\u00e4va, lyfta och transportera jord, h\u00f6 och andra material.<\/li>\n<li>Gr\u00e4vmaskiner: Skopacylindern m\u00f6jligg\u00f6r gr\u00e4vning genom att skopan kan tr\u00e4nga ner i jorden. <\/li>\n<li>Lastare: I frontlastare hj\u00e4lper de till att lyfta och dumpa gods effektivt. <\/li>\n<\/ul>\n<h2>Design- och urvalskriterier<\/h2>\n<p>Skopscylindern f\u00f6r Yangong YG70C \u00e4r konstruerad med f\u00f6ljande \u00f6verv\u00e4ganden:<\/p>\n<ul>\n<li>B\u00e4rkraft<\/li>\n<li>T\u00e4tning<\/li>\n<li>Varaktighet<\/li>\n<li>S\u00e4kerhet<\/li>\n<li>Underh\u00e5llbarhet<\/li>\n<\/ul>\n<p>Cylindern har h\u00f6g b\u00e4rf\u00f6rm\u00e5ga, god t\u00e4tningsprestanda, utm\u00e4rkt h\u00e5llbarhet och enkelt underh\u00e5ll tack vare dess noggrant bearbetade cylinderhus och kolvst\u00e5ngsyta, slitstarka och korrosionsbest\u00e4ndiga material f\u00f6r t\u00e4tningar och periodisk sm\u00f6rjning med en l\u00e4mplig m\u00e4ngd hydraulolja.<\/p>\n<p><img decoding=\"async\" src=\"https:\/\/www.hydraulic-cylinders.net\/wp-content\/uploads\/2025\/01\/songte-oil-pipes-and-spare-parts.webp\"><\/p>\n<h2>Underh\u00e5ll<\/h2>\n<p>Regelbundet underh\u00e5ll \u00e4r viktigt f\u00f6r att s\u00e4kerst\u00e4lla skopcylinderns livsl\u00e4ngd och optimala prestanda. N\u00e5gra vanliga underh\u00e5llsuppgifter inkluderar:<\/p>\n<ul>\n<li>Regelbunden inspektion<\/li>\n<li>Korrekt sm\u00f6rjning<\/li>\n<li>Byte av t\u00e4tningar<\/li>\n<li>Kalibreringskontroll<\/li>\n<\/ul>\n<p>Korrekt installation, sm\u00f6rjning och justering \u00e4r avg\u00f6rande f\u00f6r skopcylinderns optimala prestanda. Det rekommenderas att anv\u00e4nda l\u00e4mpliga installationsst\u00f6d f\u00f6r att fixera cylindern och f\u00f6lja de rekommenderade inspektions-, reparations- och utbytesprocedurerna f\u00f6r att s\u00e4kerst\u00e4lla cylinderns livsl\u00e4ngd.<\/p>\n<p><img decoding=\"async\" src=\"https:\/\/www.hydraulic-cylinders.net\/wp-content\/uploads\/2025\/01\/songte-chushion-collar.webp\"><\/p>\n<h2>S\u00e4kerhets- och milj\u00f6h\u00e4nsyn<\/h2>\n<p>S\u00e4kerhets\u00e5tg\u00e4rder \u00e4r avg\u00f6rande vid anv\u00e4ndning av skopcylindern f\u00f6r att f\u00f6rhindra olyckor. Anv\u00e4ndning av s\u00e4kerhetsutrustning, s\u00e5som handskar och skyddsglas\u00f6gon, rekommenderas vid hantering av cylindern. Det \u00e4r ocks\u00e5 viktigt att kassera hydraulolja och annat avfall p\u00e5 ett s\u00e4kert s\u00e4tt, i enlighet med milj\u00f6f\u00f6reskrifter.<\/p>\n<h2>Feldiagnos och fels\u00f6kning<\/h2>\n<p>N\u00e5gra vanliga problem som kan uppst\u00e5 vid anv\u00e4ndning av skopcylindern inkluderar oljel\u00e4ckage, onormala ljud och l\u00e5ngsam r\u00f6relse. F\u00f6r att diagnostisera och fels\u00f6ka dessa problem rekommenderas att f\u00f6lja de rekommenderade inspektions- och reparationsprocedurerna.<\/p>\n<p><img decoding=\"async\" src=\"https:\/\/www.hydraulic-cylinders.net\/wp-content\/uploads\/2025\/01\/songte-bushings-with-all-kinds-of-excavator-models.webp\"><\/p>\n<h2>Om v\u00e5rt f\u00f6retag<\/h2>\n<p>Vi \u00e4r en ledande tillverkare och grossist av hydraulcylindrar och erbjuder ett komplett sortiment av produkter p\u00e5 den inhemska och internationella marknaden. Vi prioriterar utm\u00e4rkt kvalitet och f\u00f6rlitar oss p\u00e5 industrialiserade produktionsstrategier som st\u00f6ds av en finjusterad tillverkningsverkstad, teknisk talang, avancerad digital tillverkningsutrustning och professionella testsystem. Vi f\u00f6rb\u00e4ttrar kontinuerligt v\u00e5r tillverkningsplattform i verkstaden, finslipar produktionsv\u00e4gen f\u00f6r produktkvalitet och har en stark skapande f\u00f6rm\u00e5ga. Vi str\u00e4var efter att f\u00f6rse kunderna med effektiva, precisa och h\u00f6gkvalitativa produkter f\u00f6r att m\u00f6ta olika behov.<\/p>\n<p><img decoding=\"async\" src=\"https:\/\/hzpt.com\/wp-content\/uploads\/2024\/11\/songte-company-1.webp\"><\/p>\n<p>V\u00e5rt f\u00f6retag erbjuder professionella tj\u00e4nster, internationella certifieringar, kundanpassade tj\u00e4nster, produktionsutrustning och eftermarknadsservice. Vi str\u00e4var efter att f\u00f6rse v\u00e5ra kunder med h\u00f6gkvalitativa hydraulcylindrar och utm\u00e4rkta tj\u00e4nster.<\/p>\n<h2>F\u00f6rfattare: lyl<\/h2>","protected":false},"excerpt":{"rendered":"<p>Bucket Cylinder For Yangong YG70C Introduction The bucket cylinder for Yangong YG70C is a specially designed hydraulic cylinder used to control the movement of the bucket in heavy machinery such as excavators, backhoe loaders, and front-end loaders. Its main function is to enable the bucket to lift, lower, and tilt, making it easier to handle [&hellip;]<\/p>","protected":false},"featured_media":14789,"comment_status":"open","ping_status":"closed","template":"","meta":{"_et_pb_use_builder":"","_et_pb_old_content":"","_et_gb_content_width":""},"product_brand":[],"product_cat":[1494],"product_tag":[1495,1496],"class_list":{"0":"post-15867","1":"product","2":"type-product","3":"status-publish","4":"has-post-thumbnail","6":"product_cat-bucket-cylinders","7":"product_tag-bucket-cylinders","8":"product_tag-hydraulic-cylinders","10":"first","11":"instock","12":"shipping-taxable","13":"product-type-simple"},"amp_enabled":true,"_links":{"self":[{"href":"https:\/\/www.hydraulic-cylinders.net\/sv\/wp-json\/wp\/v2\/product\/15867","targetHints":{"allow":["GET"]}}],"collection":[{"href":"https:\/\/www.hydraulic-cylinders.net\/sv\/wp-json\/wp\/v2\/product"}],"about":[{"href":"https:\/\/www.hydraulic-cylinders.net\/sv\/wp-json\/wp\/v2\/types\/product"}],"replies":[{"embeddable":true,"href":"https:\/\/www.hydraulic-cylinders.net\/sv\/wp-json\/wp\/v2\/comments?post=15867"}],"wp:featuredmedia":[{"embeddable":true,"href":"https:\/\/www.hydraulic-cylinders.net\/sv\/wp-json\/wp\/v2\/media\/14789"}],"wp:attachment":[{"href":"https:\/\/www.hydraulic-cylinders.net\/sv\/wp-json\/wp\/v2\/media?parent=15867"}],"wp:term":[{"taxonomy":"product_brand","embeddable":true,"href":"https:\/\/www.hydraulic-cylinders.net\/sv\/wp-json\/wp\/v2\/product_brand?post=15867"},{"taxonomy":"product_cat","embeddable":true,"href":"https:\/\/www.hydraulic-cylinders.net\/sv\/wp-json\/wp\/v2\/product_cat?post=15867"},{"taxonomy":"product_tag","embeddable":true,"href":"https:\/\/www.hydraulic-cylinders.net\/sv\/wp-json\/wp\/v2\/product_tag?post=15867"}],"curies":[{"name":"wp","href":"https:\/\/api.w.org\/{rel}","templated":true}]}}