{"id":1587,"date":"2023-10-07T06:30:23","date_gmt":"2023-10-07T06:30:23","guid":{"rendered":"https:\/\/hydraulic-cylinders.net\/?post_type=product&#038;p=1587"},"modified":"2025-04-11T02:25:26","modified_gmt":"2025-04-11T02:25:26","slug":"rotary-drilling-pressurized-cylinder","status":"publish","type":"product","link":"https:\/\/www.hydraulic-cylinders.net\/sv\/produkt\/rotary-drilling-pressurized-cylinder\/","title":{"rendered":"Roterande borrningstryckcylinder"},"content":{"rendered":"<h1 style=\"text-align: center;\"><strong>Roterande borrningstryckcylinder<\/strong><\/h1>\n<p><img loading=\"lazy\" decoding=\"async\" class=\"aligncenter wp-image-1588\" src=\"https:\/\/hydraulic-cylinders.net\/wp-content\/uploads\/2023\/10\/pressurized-cylinder-1-300x300.webp\" alt=\"\" width=\"400\" height=\"400\" \/><\/p>\n<p>Den roterande borrcylindern \u00e4r en h\u00f6gpresterande hydraulisk komponent som \u00e4r speciellt utformad f\u00f6r att f\u00f6rb\u00e4ttra effektivitet och precision vid roterande borroperationer. Denna cylinder spelar en avg\u00f6rande roll f\u00f6r att styra borrmastens vertikala r\u00f6relse, vilket s\u00e4kerst\u00e4ller korrekt positionering och optimerad borrprestanda.<\/p>\n<p>Den roterande borrcylindern \u00e4r oumb\u00e4rlig f\u00f6r att maximera effektivitet och precision vid roterande borroperationer. Med sin \u00f6verl\u00e4gsna konstruktion, exakta hydrauliska styrning, justerbara slagl\u00e4ngd och f\u00f6rb\u00e4ttrade stabilitet ger denna cylinder operat\u00f6rerna m\u00f6jlighet att positionera borrmasten och optimera borrprestanda korrekt. Genom att f\u00f6lja korrekta anv\u00e4ndningsmetoder och rekommenderade underh\u00e5llspraxis kan operat\u00f6rerna s\u00e4kerst\u00e4lla den roterande borrcylinderns livsl\u00e4ngd och tillf\u00f6rlitlighet, vilket leder till s\u00e4kra och effektiva borroperationer. V\u00e4lj denna h\u00f6gpresterande hydraulkomponent f\u00f6r att h\u00f6ja din borrutrustning och uppn\u00e5 exceptionella borrresultat.<\/p>\n<p>Roterande borrcylinder med tryckcylinder, viktiga egenskaper:<\/p>\n<ol>\n<li>\u00d6verl\u00e4gsen konstruktion:<\/li>\n<\/ol>\n<ul>\n<li>Den roterande borrcylindern \u00e4r konstruerad av h\u00f6gkvalitativa material, vilket garanterar h\u00e5llbarhet och livsl\u00e4ngd.<\/li>\n<li>Den \u00e4r konstruerad f\u00f6r att motst\u00e5 de kr\u00e4vande f\u00f6rh\u00e5llanden som uppst\u00e5r vid borroperationer, inklusive tunga belastningar, vibrationer och extrema milj\u00f6er.<\/li>\n<\/ul>\n<ol start=\"2\">\n<li>Exakt hydraulisk styrning:<\/li>\n<\/ol>\n<ul>\n<li>Denna cylinder styrs via ett hydrauliskt styrsystem som anv\u00e4nder trycksatt hydraulv\u00e4tska f\u00f6r att styra borrmastens vertikala r\u00f6relse.<\/li>\n<li>Den exakta hydrauliska styrningen s\u00e4kerst\u00e4ller exakt och responsiv r\u00f6relse, vilket m\u00f6jligg\u00f6r exakt positionering och kontroll under borroperationer.<\/li>\n<\/ul>\n<ol start=\"3\">\n<li>Justerbar slagl\u00e4ngd:<\/li>\n<\/ol>\n<ul>\n<li>Den roterande trycksatta cylindern f\u00f6r borrning erbjuder en justerbar slagl\u00e4ngd, vilket ger flexibilitet f\u00f6r att anpassa sig till olika borrkrav och markf\u00f6rh\u00e5llanden.<\/li>\n<li>Denna justerbarhet g\u00f6r det m\u00f6jligt f\u00f6r operat\u00f6rer att uppn\u00e5 optimal borrprestanda och anpassa sig till olika projektspecifikationer.<\/li>\n<\/ul>\n<ol start=\"4\">\n<li>F\u00f6rb\u00e4ttrad stabilitet och s\u00e4kerhet:<\/li>\n<\/ol>\n<ul>\n<li>Cylinderns design betonar stabilitet och s\u00e4kerhet under borroperationer.<\/li>\n<li>Det minimerar effektivt vibrationer och s\u00e4kerst\u00e4ller smidiga r\u00f6relser, vilket f\u00f6rb\u00e4ttrar borrmastens \u00f6vergripande stabilitet.<\/li>\n<\/ul>\n<h2><strong>Parameter f\u00f6r tryckcylinder f\u00f6r roterande borrning:<\/strong><\/h2>\n<table border=\"1\" cellspacing=\"0\" cellpadding=\"0\">\n<tbody>\n<tr>\n<td>Produktnamn<\/td>\n<td>Roterande borrningstryckcylinder<\/td>\n<\/tr>\n<tr>\n<td>Drag:<\/td>\n<td>Kontrollera lyftning och s\u00e4nkning av motorhuvudet<\/td>\n<\/tr>\n<tr>\n<td>Borrdiameter:<\/td>\n<td>125 mm\uff5e210 mm<\/td>\n<\/tr>\n<tr>\n<td>St\u00e5ngdiameter:<\/td>\n<td>90 mm\uff5e150 mm<br \/>\nSlagl\u00e4ngd \u22648500 mm<\/td>\n<\/tr>\n<tr>\n<td>Tryck:<\/td>\n<td>upp till 35 MPa<\/td>\n<\/tr>\n<tr>\n<td>Applikationer f\u00f6r trycksatta cylinder:<\/td>\n<td>Rotationsborrning<\/td>\n<\/tr>\n<\/tbody>\n<\/table>\n<h2><strong>Identifieringsdiagram f\u00f6r tryckcylinder f\u00f6r roterande borrning:<\/strong><\/h2>\n<p><img loading=\"lazy\" decoding=\"async\" class=\"alignnone wp-image-1590 size-full\" src=\"https:\/\/hydraulic-cylinders.net\/wp-content\/uploads\/2023\/10\/pressurized-cylinder-2.webp\" alt=\"\" width=\"1418\" height=\"946\" srcset=\"https:\/\/hydraulic-cylinders.net\/wp-content\/uploads\/2023\/10\/pressurized-cylinder-2.webp 1418w, https:\/\/hydraulic-cylinders.net\/wp-content\/uploads\/2023\/10\/pressurized-cylinder-2-1280x854.webp 1280w, https:\/\/hydraulic-cylinders.net\/wp-content\/uploads\/2023\/10\/pressurized-cylinder-2-980x654.webp 980w, https:\/\/hydraulic-cylinders.net\/wp-content\/uploads\/2023\/10\/pressurized-cylinder-2-480x320.webp 480w\" sizes=\"(min-width: 0px) and (max-width: 480px) 480px, (min-width: 481px) and (max-width: 980px) 980px, (min-width: 981px) and (max-width: 1280px) 1280px, (min-width: 1281px) 1418px, 100vw\" \/><\/p>\n<h2><strong>Anv\u00e4ndningsmetod f\u00f6r roterande borrcylinder med tryck<\/strong><strong>:<\/strong><\/h2>\n<ol>\n<li><strong>Bekanta dig med driftskontroller och s\u00e4kerhetsriktlinjer:<\/strong><\/li>\n<\/ol>\n<ul>\n<li>Innan rotationsborrutrustningen anv\u00e4nds \u00e4r det viktigt att bekanta sig med utrustningstillverkarens driftskontroller och s\u00e4kerhetsriktlinjer.<\/li>\n<li>F\u00f6lj noggrant alla s\u00e4kerhetsprocedurer och f\u00f6rsiktighets\u00e5tg\u00e4rder f\u00f6r att s\u00e4kerst\u00e4lla s\u00e4kra och effektiva borrningsoperationer.<\/li>\n<\/ul>\n<ol start=\"2\">\n<li><strong>Justera slagl\u00e4ngden:<\/strong><\/li>\n<\/ol>\n<ul>\n<li>Anv\u00e4nd kontrollmekanismen, till exempel en kontrollpanel eller joystick, f\u00f6r att aktivera den roterande borrcylindern.<\/li>\n<li>Justera slagl\u00e4ngden efter de specifika borrkraven och markf\u00f6rh\u00e5llandena.<\/li>\n<li>Cylindern omvandlar den trycksatta hydraulv\u00e4tskan till den kraft som kr\u00e4vs f\u00f6r exakt positionering av borrmasten.<\/li>\n<\/ul>\n<ol start=\"3\">\n<li><strong>\u00d6vervakning och justering av borrmastens position:<\/strong><\/li>\n<\/ol>\n<ul>\n<li>\u00d6vervaka kontinuerligt borrmastens position under drift.<\/li>\n<li>G\u00f6r n\u00f6dv\u00e4ndiga justeringar f\u00f6r att s\u00e4kerst\u00e4lla noggrann borrning och bibeh\u00e5lla \u00f6nskad borrh\u00f6jd.<\/li>\n<\/ul>\n<h2><strong>Vilken hydraulisk lag anv\u00e4nder bromssystemet?<\/strong><\/h2>\n<p>Bromssystemet i fordon anv\u00e4nder vanligtvis Pascals hydrauliska lag. Pascals lag s\u00e4ger att n\u00e4r tryck appliceras p\u00e5 en v\u00e4tska i ett slutet system, \u00f6verf\u00f6rs trycket lika i alla riktningar. I ett fordons bromssystem m\u00f6jligg\u00f6r denna lag \u00f6verf\u00f6ring av kraft fr\u00e5n f\u00f6rarens fot som trycker p\u00e5 bromspedalen till bromsoken vid varje hjul.<\/p>\n<p>H\u00e4r \u00e4r en f\u00f6renklad f\u00f6rklaring av hur bromssystemet anv\u00e4nder Pascals lag:<\/p>\n<ol>\n<li><strong>Bromspedal:<\/strong><br \/>\nN\u00e4r f\u00f6raren trycker p\u00e5 bromspedalen appliceras kraft p\u00e5 en kolv i huvudcylindern.<\/li>\n<li><strong>Huvudcylinder:<\/strong><br \/>\nHuvudcylindern inneh\u00e5ller hydraulv\u00e4tska och inrymmer kolven. N\u00e4r f\u00f6raren trycker p\u00e5 bromspedalen komprimerar kolven v\u00e4tskan och \u00f6kar trycket.<\/li>\n<li><strong>Hydrauliska ledningar:<\/strong><br \/>\nDet \u00f6kade trycket \u00f6verf\u00f6rs via hydraulledningarna, som f\u00f6rbinder huvudcylindern med bromsoken eller hjulcylindrarna vid varje hjul.<\/li>\n<li><strong>Bromsok\/Hjulcylindrar:<\/strong><br \/>\nBromsoken (i skivbromsar) eller hjulcylindrarna (i trumbromsar) inneh\u00e5ller kolvar som p\u00e5verkas av hydraultrycket. Trycket som ut\u00f6vas av hydraulv\u00e4tskan f\u00e5r kolvarna att r\u00f6ra sig, vilket applicerar kraft p\u00e5 bromsbel\u00e4ggen eller bromsbackarna.<\/li>\n<li><strong>Bromsbel\u00e4gg\/-skor:<\/strong><br \/>\nBromsbel\u00e4ggen (i skivbromsar) eller bromsbackarna (i trumbromsar) pressas mot de roterande bromsskivorna eller bromstrummorna, vilket skapar friktion. Denna friktion saktar ner eller stoppar hjulens rotation, vilket retarderar fordonets hastighet.<\/li>\n<\/ol>\n<h2><strong>Fabrikens kapacitet och kapacitet:<\/strong><\/h2>\n<h3>(1) Montering<\/h3>\n<p>Vi har en f\u00f6rstklassig oberoende forsknings- och utvecklingsplattform. Verkstaden f\u00f6r tillverkning av hydraulcylindrar har fyra halvautomatiska monteringslinjer f\u00f6r lyftcylindrar och en automatisk monteringslinje f\u00f6r tiltcylindrar, med en planerad \u00e5rlig produktionskapacitet p\u00e5 1 miljon enheter. Specialcylinderverkstaden \u00e4r utrustad med olika specifikationer f\u00f6r ett halvautomatiskt reng\u00f6ringsmonteringssystem med en planerad \u00e5rlig produktionskapacitet p\u00e5 200 000 och utrustad med k\u00e4nd CNC-bearbetningsutrustning, ett fleroperationscenter, en specialutrustning f\u00f6r h\u00f6gprecisionscylindrar, en robotsvetsmaskin, en automatisk reng\u00f6ringsmaskin, en automatisk cylindermonteringsmaskin och en automatisk produktionslinje f\u00f6r m\u00e5lning. Befintlig kritisk utrustning p\u00e5 mer \u00e4n 300 set (set). Optimal allokering och effektiv anv\u00e4ndning av utrustningsresurser s\u00e4kerst\u00e4ller produkternas noggrannhetskrav och uppfyller produkternas h\u00f6ga kvalitetsbehov.<\/p>\n<p><img loading=\"lazy\" decoding=\"async\" class=\"alignnone wp-image-626\" src=\"https:\/\/hydraulic-cylinders.net\/wp-content\/uploads\/2023\/08\/hydraulic-cylinder-product-1-300x158.webp\" alt=\"\" width=\"495\" height=\"260\" srcset=\"https:\/\/hydraulic-cylinders.net\/wp-content\/uploads\/2023\/08\/hydraulic-cylinder-product-1-300x158.webp 495w, https:\/\/hydraulic-cylinders.net\/wp-content\/uploads\/2023\/08\/hydraulic-cylinder-product-1-480x252.webp 480w\" sizes=\"(min-width: 0px) and (max-width: 480px) 480px, (min-width: 481px) 495px, 100vw\" \/> <img loading=\"lazy\" decoding=\"async\" class=\"alignnone wp-image-627\" src=\"https:\/\/hydraulic-cylinders.net\/wp-content\/uploads\/2023\/08\/hydraulic-cylinder-product-2-300x189.webp\" alt=\"\" width=\"413\" height=\"260\" \/><\/p>\n<h3>(2) Maskinbearbetning<\/h3>\n<p>Bearbetningsverkstaden \u00e4r utrustad med en specialanpassad svarvcentral f\u00f6r lutande r\u00e4ls, bearbetningscenter, h\u00f6ghastighetsh\u00f6nsmaskin, svetsrobot och annan relaterad utrustning, som kan hantera bearbetning av cylinderr\u00f6r med en maximal innerdiameter p\u00e5 400 mm och en maximal l\u00e4ngd p\u00e5 6 meter.<\/p>\n<p><img loading=\"lazy\" decoding=\"async\" class=\"alignnone wp-image-628 size-large\" src=\"https:\/\/hydraulic-cylinders.net\/wp-content\/uploads\/2023\/08\/hydraulic-cylinder-product-3-1024x391.webp\" alt=\"\" width=\"1024\" height=\"391\" srcset=\"https:\/\/hydraulic-cylinders.net\/wp-content\/uploads\/2023\/08\/hydraulic-cylinder-product-3-980x374.webp 980w, https:\/\/hydraulic-cylinders.net\/wp-content\/uploads\/2023\/08\/hydraulic-cylinder-product-3-480x183.webp 480w\" sizes=\"(min-width: 0px) and (max-width: 480px) 480px, (min-width: 481px) and (max-width: 980px) 980px, (min-width: 981px) 1024px, 100vw\" \/><\/p>\n<h3>(3) Svetsning<\/h3>\n<p><img loading=\"lazy\" decoding=\"async\" class=\"alignnone wp-image-629 size-large\" src=\"https:\/\/hydraulic-cylinders.net\/wp-content\/uploads\/2023\/08\/hydraulic-cylinder-product-4-1024x510.webp\" alt=\"\" width=\"1024\" height=\"510\" srcset=\"https:\/\/hydraulic-cylinders.net\/wp-content\/uploads\/2023\/08\/hydraulic-cylinder-product-4-980x488.webp 980w, https:\/\/hydraulic-cylinders.net\/wp-content\/uploads\/2023\/08\/hydraulic-cylinder-product-4-480x239.webp 480w\" sizes=\"(min-width: 0px) and (max-width: 480px) 480px, (min-width: 481px) and (max-width: 980px) 980px, (min-width: 981px) 1024px, 100vw\" \/><\/p>\n<h3>(4) M\u00e5lning och ytbehandling<\/h3>\n<p>Med sm\u00e5 och medelstora cylindriska automatiska vattenbaserade f\u00e4rgbel\u00e4ggningslinjer, f\u00f6r att uppn\u00e5 automatisk robotlastning och lossning samt automatisk sprutning, \u00e4r den designade kapaciteten 4000 stycken per skift;<br \/>\nVi har \u00e4ven en halvautomatisk f\u00e4rgproduktionslinje f\u00f6r stora cylindrar som drivs av en sl\u00e4pkedja, med en designkapacitet p\u00e5 60 l\u00e5dor per skift.<\/p>\n<p><img loading=\"lazy\" decoding=\"async\" class=\"alignnone wp-image-630\" src=\"https:\/\/hydraulic-cylinders.net\/wp-content\/uploads\/2023\/08\/hydraulic-cylinder-product-5-300x213.webp\" alt=\"\" width=\"366\" height=\"260\" \/> <img loading=\"lazy\" decoding=\"async\" class=\"alignnone wp-image-631\" src=\"https:\/\/hydraulic-cylinders.net\/wp-content\/uploads\/2023\/08\/hydraulic-cylinder-product-6-300x225.webp\" alt=\"\" width=\"347\" height=\"260\" \/><\/p>\n<h3>(5) Testning<\/h3>\n<p>Vi har f\u00f6rstklassiga inspektionsanl\u00e4ggningar och testb\u00e4ddar f\u00f6r att s\u00e4kerst\u00e4lla att cylinderns prestanda uppfyller kraven.<\/p>\n<p><img loading=\"lazy\" decoding=\"async\" class=\"alignnone wp-image-632\" src=\"https:\/\/hydraulic-cylinders.net\/wp-content\/uploads\/2023\/08\/hydraulic-cylinder-product-8-300x200.webp\" alt=\"\" width=\"389\" height=\"260\" \/><\/p>\n<p>&nbsp;<\/p>\n<p>&nbsp;<\/p>\n<p>Vi \u00e4r en av de b\u00e4sta tillverkarna av hydraulcylindrar. Vi kan erbjuda ett helt\u00e4ckande utbud av hydraulcylindrar. Vi tillhandah\u00e5ller \u00e4ven motsvarande <a href=\"https:\/\/hzpt.com\/agricultural-pto-gearbox\/\" target=\"_blank\" rel=\"noopener\">jordbruksv\u00e4xell\u00e5dor<\/a>Vi har exporterat v\u00e5ra produkter till kunder \u00f6ver hela v\u00e4rlden och f\u00e5tt ett gott rykte tack vare v\u00e5r \u00f6verl\u00e4gsna produktkvalitet och kundservice. Vi v\u00e4lkomnar kunder b\u00e5de hemma och utomlands att kontakta oss f\u00f6r att f\u00f6rhandla aff\u00e4rer, utbyta information och <a href=\"https:\/\/www.hydraulic-cylinders.net\/sv\/contact-us\/\">samarbeta med oss<\/a>!<\/p>","protected":false},"excerpt":{"rendered":"<p>Rotary Drilling Pressurized Cylinder The rotary drilling pressurized cylinder is a high-performance hydraulic component specially designed to enhance efficiency and precision in rotary drilling operations. This cylinder plays a crucial role in controlling the vertical movement of the drilling mast, ensuring accurate positioning and optimized drilling performance. The rotary drilling pressurized cylinder is indispensable for [&hellip;]<\/p>","protected":false},"featured_media":1589,"comment_status":"open","ping_status":"closed","template":"","meta":{"_et_pb_use_builder":"","_et_pb_old_content":"","_et_gb_content_width":""},"product_brand":[],"product_cat":[1518,1549,1376],"product_tag":[1380],"class_list":{"0":"post-1587","1":"product","2":"type-product","3":"status-publish","4":"has-post-thumbnail","6":"product_cat-rotary-drilling-rig-hydraulic-cylinders","7":"product_cat-single-acting-hydraulic-cylinder","8":"product_cat-hydraulic-cylinder","9":"product_tag-hydraulic-cylinder","11":"first","12":"instock","13":"shipping-taxable","14":"product-type-simple"},"amp_enabled":true,"_links":{"self":[{"href":"https:\/\/www.hydraulic-cylinders.net\/sv\/wp-json\/wp\/v2\/product\/1587","targetHints":{"allow":["GET"]}}],"collection":[{"href":"https:\/\/www.hydraulic-cylinders.net\/sv\/wp-json\/wp\/v2\/product"}],"about":[{"href":"https:\/\/www.hydraulic-cylinders.net\/sv\/wp-json\/wp\/v2\/types\/product"}],"replies":[{"embeddable":true,"href":"https:\/\/www.hydraulic-cylinders.net\/sv\/wp-json\/wp\/v2\/comments?post=1587"}],"wp:featuredmedia":[{"embeddable":true,"href":"https:\/\/www.hydraulic-cylinders.net\/sv\/wp-json\/wp\/v2\/media\/1589"}],"wp:attachment":[{"href":"https:\/\/www.hydraulic-cylinders.net\/sv\/wp-json\/wp\/v2\/media?parent=1587"}],"wp:term":[{"taxonomy":"product_brand","embeddable":true,"href":"https:\/\/www.hydraulic-cylinders.net\/sv\/wp-json\/wp\/v2\/product_brand?post=1587"},{"taxonomy":"product_cat","embeddable":true,"href":"https:\/\/www.hydraulic-cylinders.net\/sv\/wp-json\/wp\/v2\/product_cat?post=1587"},{"taxonomy":"product_tag","embeddable":true,"href":"https:\/\/www.hydraulic-cylinders.net\/sv\/wp-json\/wp\/v2\/product_tag?post=1587"}],"curies":[{"name":"wp","href":"https:\/\/api.w.org\/{rel}","templated":true}]}}