{"id":15872,"date":"2025-01-19T15:06:14","date_gmt":"2025-01-19T15:06:14","guid":{"rendered":"https:\/\/www.hydraulic-cylinders.net\/product\/bucket-cylinder-for-xinyuan-crawler-excavator-xy60-8\/"},"modified":"2025-01-19T15:06:16","modified_gmt":"2025-01-19T15:06:16","slug":"bucket-cylinder-for-xinyuan-crawler-excavator-xy60-8","status":"publish","type":"product","link":"https:\/\/www.hydraulic-cylinders.net\/sv\/produkt\/bucket-cylinder-for-xinyuan-crawler-excavator-xy60-8\/","title":{"rendered":"Skopscylinder f\u00f6r Xinyuan bandgr\u00e4vmaskin XY60-8"},"content":{"rendered":"<h1>Skopscylinder f\u00f6r Xinyuan bandgr\u00e4vmaskin XY60-8<\/h1>\n<h2>Introduktion<\/h2>\n<p>En skopcylinder \u00e4r en specialiserad hydraulcylinder som \u00e4r konstruerad f\u00f6r att styra skopans r\u00f6relse i tunga maskiner som gr\u00e4vmaskiner, gr\u00e4vmaskiner och frontlastare. Dess huvudsakliga funktion \u00e4r att g\u00f6ra det m\u00f6jligt f\u00f6r skopan att lyfta, s\u00e4nka och luta f\u00f6r att underl\u00e4tta olika materialhanteringsuppgifter. I hydraulsystemet uppn\u00e5r skopcylindern exakt kontroll \u00f6ver skopans r\u00f6relse genom f\u00f6r\u00e4ndringar i hydrauloljetrycket, vilket g\u00f6r det m\u00f6jligt f\u00f6r f\u00f6rare att effektivt hantera tunga laster och anpassa sig till komplexa arbetsmilj\u00f6er och olika driftsbehov.<\/p>\n<p><img decoding=\"async\" src=\"https:\/\/www.hydraulic-cylinders.net\/wp-content\/uploads\/2025\/01\/songte-company-2.webp\"><\/p>\n<h2>Drag<\/h2>\n<ul>\n<li>H\u00f6g h\u00e5llfasthet och h\u00e5llbarhet: Vanligtvis tillverkad av h\u00f6gh\u00e5llfast st\u00e5l eller aluminium, t\u00e5l den h\u00f6gt tryck och tunga belastningar, anpassar sig till tuffa arbetsmilj\u00f6er och \u00e4r konstruerad med slitstyrka och korrosionsbest\u00e4ndighet i \u00e5tanke, vilket f\u00f6rl\u00e4nger dess livsl\u00e4ngd.<\/li>\n<li>Effektiv hydraulisk drift: Smidig ut- och ink\u00f6rning uppn\u00e5s med hj\u00e4lp av hydrauloljetryck, vilket m\u00f6jligg\u00f6r snabb respons p\u00e5 kontrollkommandon och ger kraftfull tryck- och dragkraft, l\u00e4mplig f\u00f6r hantering av tunga laster och komplexa arbetsuppgifter.<\/li>\n<li>Olika typer: Enkelverkande (hydrauliska cylindrar anv\u00e4nds endast i en riktning) eller dubbelverkande (hydrauliska cylindrar anv\u00e4nds i b\u00e5da riktningarna) cylindrar kan v\u00e4ljas efter behov f\u00f6r att m\u00f6ta olika driftsbehov. Vissa modeller \u00e4r teleskopiska, vilket m\u00f6jligg\u00f6r st\u00f6rre utdrag utan att \u00f6ka de yttre m\u00e5tten, vilket g\u00f6r dem l\u00e4mpliga f\u00f6r utrymmesbegr\u00e4nsade till\u00e4mpningar.<\/li>\n<li>Anpassningsbar: V\u00e5r produkt kan perfekt ers\u00e4tta dessa hydraulcylindrar.<\/li>\n<\/ul>\n<p><img decoding=\"async\" src=\"https:\/\/www.hydraulic-cylinders.net\/wp-content\/uploads\/2025\/01\/songte-cylinder-head-with-all-kinds-excavator-models.webp\"><\/p>\n<h2>Applikationer<\/h2>\n<p>Skopscylindern har olika till\u00e4mpningar i f\u00f6ljande entreprenadmaskiner:<\/p>\n<h3>Gr\u00e4vmaskiner<\/h3>\n<p>Skopans cylinder m\u00f6jligg\u00f6r gr\u00e4vning genom att l\u00e5ta skopan tr\u00e4nga ner i jorden.<\/p>\n<h3>Gr\u00e4vmaskiner<\/h3>\n<p>Skopcylindern assisterar vid b\u00e5de gr\u00e4vning och lyftning.<\/p>\n<h3>Frontlastare<\/h3>\n<p>Skopcylindern hj\u00e4lper till att lyfta och luta f\u00f6r att effektivt t\u00f6mma materialet.<\/p>\n<h3>Jordbruksmaskiner<\/h3>\n<p>Anv\u00e4nds f\u00f6r frontlastare, anv\u00e4nds den f\u00f6r att \u00f6sa, lyfta och transportera jord, h\u00f6 och andra material.<\/p>\n<p>I varje applikation spelar skopcylindrar en avg\u00f6rande roll i maskineriets drift.<\/p>\n<h2>Design\u00f6verv\u00e4ganden och urvalskriterier<\/h2>\n<p>Vid konstruktion av skopcylindrar m\u00e5ste flera faktorer beaktas. F\u00f6ljande \u00e4r n\u00e5gra av de viktigaste \u00f6verv\u00e4gandena:<\/p>\n<h3>Lastkapacitet<\/h3>\n<p>Skopscylindrar m\u00e5ste ha den styrka och h\u00e5llbarhet som kr\u00e4vs f\u00f6r att klara vikten av det material som hanteras.<\/p>\n<h3>T\u00e4tning<\/h3>\n<p>Anv\u00e4ndningen av olika t\u00e4tningselement s\u00e5som kolvt\u00e4tningsringar och st\u00e5ngt\u00e4tningsringar, valet av slitstarka material s\u00e5som polyuretan och nitrilgummi f\u00f6r t\u00e4tningselement, och finbearbetning av cylinderkroppar och g\u00e4ng\u00e4ndar f\u00f6r att f\u00f6rb\u00e4ttra slitstyrkan.<\/p>\n<h3>Varaktighet<\/h3>\n<p>Skopscylindrar m\u00e5ste konstrueras med slitstyrka och korrosionsbest\u00e4ndighet i \u00e5tanke f\u00f6r att \u00f6ka deras livsl\u00e4ngd.<\/p>\n<h3>S\u00e4kerhet<\/h3>\n<p>Skopscylindrar m\u00e5ste vara konstruerade f\u00f6r att f\u00f6rhindra l\u00e4ckage och s\u00e4kerst\u00e4lla operat\u00f6rernas s\u00e4kerhet medan maskinen \u00e4r i drift.<\/p>\n<h3>Underh\u00e5llbarhet<\/h3>\n<p>Skopscylindrar m\u00e5ste vara konstruerade s\u00e5 att de enkelt kan underh\u00e5llas och repareras vid behov.<\/p>\n<p><img decoding=\"async\" src=\"https:\/\/www.hydraulic-cylinders.net\/wp-content\/uploads\/2025\/01\/songte-oil-pipes-and-spare-parts.webp\"><\/p>\n<h2>T\u00e4tning och sm\u00f6rjning<\/h2>\n<p>Skopscylindrar anv\u00e4nder olika t\u00e4tningselement, s\u00e5som kolvt\u00e4tningsringar och st\u00e5ngt\u00e4tningsringar, vilka \u00e4r tillverkade av slitstarka material som polyuretan och nitrilgummi. Cylinderhuset och g\u00e4ng\u00e4ndarna \u00e4r bearbetade f\u00f6r att f\u00f6rb\u00e4ttra deras slitstyrka. Regelbunden tillsats av l\u00e4mpliga m\u00e4ngder hydraulolja f\u00f6r sm\u00f6rjning \u00e4r ocks\u00e5 n\u00f6dv\u00e4ndig.<\/p>\n<h2>Underh\u00e5ll och reparation<\/h2>\n<p>Regelbunden inspektion, korrekt sm\u00f6rjning, byte av t\u00e4tningar och kalibreringskontroller \u00e4r vanliga underh\u00e5llsuppgifter f\u00f6r skopcylindrar. Korrekt installation, sm\u00f6rjning och justering \u00e4r avg\u00f6rande, och det rekommenderas att ge korrekt v\u00e4gledning f\u00f6r att rikta in cylindern under installationen. Anv\u00e4ndning av l\u00e4mpliga monteringsf\u00e4sten f\u00f6r att s\u00e4kra cylindern och rekommenderade inspektions-, reparations- och utbytesprocedurer kan f\u00f6rl\u00e4nga skopcylinderns livsl\u00e4ngd.<\/p>\n<p><img decoding=\"async\" src=\"https:\/\/www.hydraulic-cylinders.net\/wp-content\/uploads\/2025\/01\/songte-chushion-collar.webp\"><\/p>\n<h2>S\u00e4kerhetsaspekter och milj\u00f6faktorer<\/h2>\n<p>Skopscylindern m\u00e5ste konstrueras och anv\u00e4ndas med s\u00e4kerhet i \u00e5tanke, och operat\u00f6rer m\u00e5ste f\u00f6lja s\u00e4kerhetsprotokoll och riktlinjer n\u00e4r de arbetar med maskiner. Skopscylindrar m\u00e5ste ocks\u00e5 kasseras p\u00e5 ett ansvarsfullt s\u00e4tt f\u00f6r att undvika negativ p\u00e5verkan p\u00e5 milj\u00f6n.<\/p>\n<h2>Fels\u00f6kning och vanliga problem<\/h2>\n<p>Vanliga problem med skopcylindrar inkluderar l\u00e4ckage, deformation och rost. Fels\u00f6kningstips och l\u00f6sningar kan hj\u00e4lpa l\u00e4sare att effektivt diagnostisera och l\u00f6sa dessa problem. F\u00f6rebyggande \u00e5tg\u00e4rder kan ocks\u00e5 implementeras f\u00f6r att minimera potentiella problem.<\/p>\n<p><img decoding=\"async\" src=\"https:\/\/www.hydraulic-cylinders.net\/wp-content\/uploads\/2025\/01\/songte-bushings-with-all-kinds-of-excavator-models.webp\"><\/p>\n<h2>Om v\u00e5rt f\u00f6retag<\/h2>\n<p>Vi \u00e4r en tillverkare av hydraulcylindrar som kan ers\u00e4tta konventionella hydraulcylindrar. V\u00e5rt f\u00f6retag erbjuder ett komplett produktsortiment och har blivit en av de ledande tillverkarna och grossistdistribut\u00f6rerna av hydraulcylindrar p\u00e5 inhemska och internationella marknader. Vi f\u00f6ljer principerna om utm\u00e4rkt kvalitet och f\u00f6rlitar oss p\u00e5 industrialiserade produktionsledningsstrategier i fintillverkningsverkst\u00e4der, med hj\u00e4lp av tekniska talanger, digital avancerad tillverkningsutrustning och professionella testsystem. Vi f\u00f6rb\u00e4ttrar kontinuerligt v\u00e5r tillverkningsplattform i verkstaden, f\u00f6rb\u00e4ttrar produktionsv\u00e4gen f\u00f6r produktkvalitet och har starka kreativa f\u00f6rm\u00e5gor f\u00f6r att m\u00f6ta v\u00e5ra kunders olika behov med h\u00f6g effektivitet, h\u00f6g precision och h\u00f6g kvalitet.<\/p>\n<p><img decoding=\"async\" src=\"https:\/\/hzpt.com\/wp-content\/uploads\/2024\/11\/songte-company-1.webp\"><\/p>\n<h3>Professionalism<\/h3>\n<p>Vi har ett team av mycket professionella och skickliga medarbetare som str\u00e4var efter att leverera h\u00f6gkvalitativa produkter till v\u00e5ra kunder.<\/p>\n<h3>Internationell certifiering<\/h3>\n<p>V\u00e5ra produkter \u00e4r certifierade av internationella organisationer som ISO och CE.<\/p>\n<h3>Anpassningstj\u00e4nster<\/h3>\n<p>Vi erbjuder skr\u00e4ddarsydda tj\u00e4nster f\u00f6r att m\u00f6ta v\u00e5ra kunders specifika behov.<\/p>\n<h3>Produktionsutrustning<\/h3>\n<p>Vi anv\u00e4nder avancerad och h\u00f6gklassig tillverkningsutrustning f\u00f6r att producera v\u00e5ra produkter.<\/p>\n<h3>Eftermarknadsservice<\/h3>\n<p>Vi erbjuder utm\u00e4rkt eftermarknadsservice f\u00f6r att s\u00e4kerst\u00e4lla kundn\u00f6jdhet.<\/p>\n<p>F\u00f6rfattare: lyl<\/p>","protected":false},"excerpt":{"rendered":"<p>Bucket Cylinder For Xinyuan Crawler Excavator XY60-8 Introduction A bucket cylinder is a specialized hydraulic cylinder designed for controlling the movement of the bucket in heavy machinery such as excavators, backhoe excavators, and front-end loaders. Its main function is to enable the bucket to lift, lower, and tilt to facilitate various material handling tasks. In [&hellip;]<\/p>","protected":false},"featured_media":14782,"comment_status":"open","ping_status":"closed","template":"","meta":{"_et_pb_use_builder":"","_et_pb_old_content":"","_et_gb_content_width":""},"product_brand":[],"product_cat":[1494],"product_tag":[1495,1496],"class_list":{"0":"post-15872","1":"product","2":"type-product","3":"status-publish","4":"has-post-thumbnail","6":"product_cat-bucket-cylinders","7":"product_tag-bucket-cylinders","8":"product_tag-hydraulic-cylinders","10":"first","11":"instock","12":"shipping-taxable","13":"product-type-simple"},"amp_enabled":true,"_links":{"self":[{"href":"https:\/\/www.hydraulic-cylinders.net\/sv\/wp-json\/wp\/v2\/product\/15872","targetHints":{"allow":["GET"]}}],"collection":[{"href":"https:\/\/www.hydraulic-cylinders.net\/sv\/wp-json\/wp\/v2\/product"}],"about":[{"href":"https:\/\/www.hydraulic-cylinders.net\/sv\/wp-json\/wp\/v2\/types\/product"}],"replies":[{"embeddable":true,"href":"https:\/\/www.hydraulic-cylinders.net\/sv\/wp-json\/wp\/v2\/comments?post=15872"}],"wp:featuredmedia":[{"embeddable":true,"href":"https:\/\/www.hydraulic-cylinders.net\/sv\/wp-json\/wp\/v2\/media\/14782"}],"wp:attachment":[{"href":"https:\/\/www.hydraulic-cylinders.net\/sv\/wp-json\/wp\/v2\/media?parent=15872"}],"wp:term":[{"taxonomy":"product_brand","embeddable":true,"href":"https:\/\/www.hydraulic-cylinders.net\/sv\/wp-json\/wp\/v2\/product_brand?post=15872"},{"taxonomy":"product_cat","embeddable":true,"href":"https:\/\/www.hydraulic-cylinders.net\/sv\/wp-json\/wp\/v2\/product_cat?post=15872"},{"taxonomy":"product_tag","embeddable":true,"href":"https:\/\/www.hydraulic-cylinders.net\/sv\/wp-json\/wp\/v2\/product_tag?post=15872"}],"curies":[{"name":"wp","href":"https:\/\/api.w.org\/{rel}","templated":true}]}}