{"id":15874,"date":"2025-01-19T15:06:22","date_gmt":"2025-01-19T15:06:22","guid":{"rendered":"https:\/\/www.hydraulic-cylinders.net\/product\/bucket-cylinder-for-xinyuan-wheel-excavator-xy65w-7-8\/"},"modified":"2025-01-19T15:06:24","modified_gmt":"2025-01-19T15:06:24","slug":"bucket-cylinder-for-xinyuan-wheel-excavator-xy65w-7-8","status":"publish","type":"product","link":"https:\/\/www.hydraulic-cylinders.net\/sv\/produkt\/bucket-cylinder-for-xinyuan-wheel-excavator-xy65w-7-8\/","title":{"rendered":"Skopscylinder f\u00f6r Xinyuan hjulgr\u00e4vmaskin XY65W-7-8"},"content":{"rendered":"<h1>Skopscylinder f\u00f6r Xinyuan hjulgr\u00e4vmaskin XY65W-7-8<\/h1>\n<h2>Introduktion<\/h2>\n<p>En skopcylinder \u00e4r en specialdesignad hydraulcylinder som fr\u00e4mst anv\u00e4nds i tunga maskiner som gr\u00e4vmaskiner, gr\u00e4vmaskiner och frontlastare f\u00f6r att styra skopans r\u00f6relse. Dess huvudsakliga funktion \u00e4r att l\u00e5ta skopan lyftas, s\u00e4nkas och lutas, vilket g\u00f6r det l\u00e4ttare att hantera olika material. I hydrauliska system styr skopcylindern skopans exakta r\u00f6relse genom f\u00f6r\u00e4ndringar i hydrauloljetrycket, vilket g\u00f6r det m\u00f6jligt f\u00f6r f\u00f6rare att effektivt hantera tunga laster och anpassa sig till komplexa arbetsmilj\u00f6er och olika arbetskrav.<\/p>\n<p><img decoding=\"async\" src=\"https:\/\/www.hydraulic-cylinders.net\/wp-content\/uploads\/2025\/01\/songte-company-2.webp\" alt=\"Bild av skopcylinder\" \/><\/p>\n<h2>Produktegenskaper<\/h2>\n<ul>\n<li><strong>H\u00f6g styrka och h\u00e5llbarhet:<\/strong> Skopcylindrar, som vanligtvis \u00e4r tillverkade av h\u00f6gh\u00e5llfast st\u00e5l eller aluminium, t\u00e5l h\u00f6ga tryck och tunga belastningar, och \u00e4r konstruerade med h\u00e4nsyn till slitstyrka och korrosionsbest\u00e4ndighet f\u00f6r att f\u00f6rl\u00e4nga deras livsl\u00e4ngd.<\/li>\n<li><strong>Effektiv hydraulisk drift:<\/strong> Skopscylindrar anv\u00e4nder hydrauliskt oljetryck f\u00f6r att uppn\u00e5 smidiga ut- och indragningsr\u00f6relser, vilket m\u00f6jligg\u00f6r snabb respons p\u00e5 styrkommandon, ger kraftfulla tryck- och dragkrafter och \u00e4r l\u00e4mpliga f\u00f6r hantering av tunga laster och komplexa arbetsuppgifter.<\/li>\n<li><strong>Olika typer:<\/strong> Skopscylindrar kan vara enkelverkande (hydraultryck anv\u00e4nds endast i en riktning) eller dubbelverkande (hydraultryck anv\u00e4nds i b\u00e5da riktningarna) och kan v\u00e4ljas enligt specifika driftskrav. Vissa modeller \u00e4r teleskopiska, vilket m\u00f6jligg\u00f6r st\u00f6rre utdrag utan att \u00f6ka ytterm\u00e5tten, och \u00e4r l\u00e4mpliga f\u00f6r applikationer med begr\u00e4nsat utrymme.<\/li>\n<li><strong>Byt ut befintliga hydraulcylindrar:<\/strong> V\u00e5r produkt kan perfekt ers\u00e4tta befintliga hydraulcylindrar.<\/li>\n<li><strong>Tillg\u00e4nglig f\u00f6r olika gr\u00e4vmaskinsmodeller:<\/strong> V\u00e5r produkt \u00e4r kompatibel med olika gr\u00e4vmaskinsmodeller.<\/li>\n<\/ul>\n<p><img decoding=\"async\" src=\"https:\/\/www.hydraulic-cylinders.net\/wp-content\/uploads\/2025\/01\/songte-cylinder-head-with-all-kinds-excavator-models.webp\" alt=\"Bild av gr\u00e4vmaskinmodeller\" \/><\/p>\n<h2>Applikationer<\/h2>\n<h3>Byggutrustning<\/h3>\n<p>Skopcylindrar \u00e4r viktiga f\u00f6r gr\u00e4vmaskiner, som anv\u00e4nds f\u00f6r att gr\u00e4va, lasta och flytta jord eller skr\u00e4p. I gr\u00e4vlastare hj\u00e4lper skopcylindrar till vid gr\u00e4vning och lyftning. I frontlastare hj\u00e4lper de till att lyfta och dumpa gods effektivt.<\/p>\n<h3>Jordbruksmaskiner<\/h3>\n<p>Skopcylindrar anv\u00e4nds i frontlastare f\u00f6r att skopa, lyfta och transportera jord, h\u00f6 och andra material. I gr\u00e4vmaskiner m\u00f6jligg\u00f6r skopcylindrar gr\u00e4vning genom att l\u00e5ta skopan tr\u00e4nga ner i jorden.<\/p>\n<h2>Design\u00f6verv\u00e4ganden och urvalskriterier<\/h2>\n<ul>\n<li><strong>B\u00e4rkraft:<\/strong> Hydraulcylindern m\u00e5ste kunna motst\u00e5 olika belastningar och tryck.<\/li>\n<li><strong>T\u00e4tning:<\/strong> Olika t\u00e4tningskomponenter som kolvt\u00e4tningar och kolvst\u00e5ngst\u00e4tningar kan anv\u00e4ndas f\u00f6r att \u00f6ka cylinderns livsl\u00e4ngd.<\/li>\n<li><strong>Varaktighet:<\/strong> Hydraulcylindern ska vara konstruerad f\u00f6r att motst\u00e5 slitage.<\/li>\n<li><strong>S\u00e4kerhet:<\/strong> Hydraulcylindern ska vara konstruerad s\u00e5 att den inte utg\u00f6r n\u00e5gra s\u00e4kerhetsrisker.<\/li>\n<li><strong>Underh\u00e5llbarhet:<\/strong> Hydraulcylindern ska vara l\u00e4tt att underh\u00e5lla och reparera.<\/li>\n<\/ul>\n<p><img decoding=\"async\" src=\"https:\/\/www.hydraulic-cylinders.net\/wp-content\/uploads\/2025\/01\/songte-oil-pipes-and-spare-parts.webp\" alt=\"Bild av oljer\u00f6r och reservdelar\" \/><\/p>\n<h2>T\u00e4tning och sm\u00f6rjning<\/h2>\n<p>Olika t\u00e4tningskomponenter som kolvt\u00e4tningar och kolvst\u00e5ngst\u00e4tningar kan anv\u00e4ndas f\u00f6r att \u00f6ka hydraulcylinderns livsl\u00e4ngd. T\u00e4tningarna kan vara tillverkade av slitstarka material som polyuretan och nitrilgummi. Dessutom \u00e4r cylinderhuset och de g\u00e4ngade \u00e4ndytorna finbearbetade f\u00f6r att f\u00f6rb\u00e4ttra slitstyrkan. Regelbunden tillsats av l\u00e4mplig m\u00e4ngd hydraulolja \u00e4r n\u00f6dv\u00e4ndig f\u00f6r sm\u00f6rjning.<\/p>\n<h2>Underh\u00e5ll och reparation<\/h2>\n<p>Regelbunden inspektion, korrekt sm\u00f6rjning, byte av t\u00e4tningar och kalibreringskontroller \u00e4r vanliga underh\u00e5llsuppgifter. Korrekt installation, sm\u00f6rjning och justering \u00e4r avg\u00f6rande f\u00f6r cylinderns livsl\u00e4ngd och prestanda. Under installationen rekommenderas att cylindern riktas in korrekt och att l\u00e4mpliga monteringsf\u00e4sten anv\u00e4nds f\u00f6r att s\u00e4kra cylindern. De rekommenderade inspektions-, reparations- och utbytesprocedurerna f\u00f6rl\u00e4nger cylinderns livsl\u00e4ngd.<\/p>\n<p><img decoding=\"async\" src=\"https:\/\/www.hydraulic-cylinders.net\/wp-content\/uploads\/2025\/01\/songte-chushion-collar.webp\" alt=\"Bild p\u00e5 vadderad krage\" \/><\/p>\n<h2>S\u00e4kerhets- och milj\u00f6h\u00e4nsyn<\/h2>\n<p>Vid anv\u00e4ndning av hydraulcylindrar \u00e4r s\u00e4kerhets\u00e5tg\u00e4rder av yttersta vikt. Korrekt anv\u00e4ndning och underh\u00e5ll av hydraulcylindrar kan minska risken f\u00f6r olyckor, och milj\u00f6v\u00e4nlig hydraulv\u00e4tska b\u00f6r anv\u00e4ndas f\u00f6r att minska f\u00f6roreningar.<\/p>\n<h2>Feldiagnos och fels\u00f6kning<\/h2>\n<p>Vanliga problem som kan uppst\u00e5 med hydraulcylindrar inkluderar oljel\u00e4ckage, b\u00f6jning av cylinderst\u00e5ngen och otillr\u00e4cklig kraft. Dessa problem kan diagnostiseras och l\u00f6sas med hj\u00e4lp av l\u00e4mpliga fels\u00f6kningstekniker och genom att f\u00f6lja rekommenderade f\u00f6rebyggande \u00e5tg\u00e4rder.<\/p>\n<p><img decoding=\"async\" src=\"https:\/\/www.hydraulic-cylinders.net\/wp-content\/uploads\/2025\/01\/songte-bushings-with-all-kinds-of-excavator-models.webp\" alt=\"Bussningar Bild\" \/><\/p>\n<h2>Om oss<\/h2>\n<p>Vi \u00e4r en tillverkare som producerar hydraulcylindrar och vi erbjuder en m\u00e4ngd olika produkter f\u00f6r hydraulcylindrar. V\u00e5rt f\u00f6retag \u00e4r en av de ledande tillverkarna och grossistdistribut\u00f6rerna av hydraulcylindrar p\u00e5 den inhemska och internationella marknaden. Vi f\u00f6ljer principen om utm\u00e4rkt kvalitet och f\u00f6rlitar oss p\u00e5 industrialiserade produktionsstrategier i v\u00e5ra sofistikerade tillverkningsverkst\u00e4der. Vi f\u00f6rb\u00e4ttrar kontinuerligt v\u00e5r tillverkningsplattform, perfekta produktionslinjer av h\u00f6g produktkvalitet och har starka kreativa f\u00f6rm\u00e5gor. Med principerna om h\u00f6g effektivitet, h\u00f6g precision och h\u00f6g kvalitet kan vi m\u00f6ta v\u00e5ra kunders olika behov.<\/p>\n<ul>\n<li><strong>Professionalism:<\/strong> Vi \u00e4r specialiserade p\u00e5 tillverkning av hydraulcylindrar.<\/li>\n<li><strong>Internationell certifiering:<\/strong> V\u00e5ra produkter har internationella certifieringar som ISO9001, CE och TUV.<\/li>\n<li><strong>Anpassningstj\u00e4nster:<\/strong> Vi erbjuder skr\u00e4ddarsydda tj\u00e4nster f\u00f6r att m\u00f6ta specifika kundbehov.<\/li>\n<li><strong>Avancerad produktionsutrustning:<\/strong> Vi har avancerad produktionsutrustning, inklusive CNC-maskiner och robotsvetsmaskiner.<\/li>\n<li><strong>Eftermarknadsservice:<\/strong> Vi erbjuder utm\u00e4rkt eftermarknadsservice f\u00f6r att s\u00e4kerst\u00e4lla kundn\u00f6jdhet.<\/li>\n<\/ul>\n<p><img decoding=\"async\" src=\"https:\/\/hzpt.com\/wp-content\/uploads\/2024\/11\/songte-company-1.webp\" alt=\"F\u00f6retagsbild\" \/><\/p>\n<p>F\u00f6rfattare: lyl<\/p>","protected":false},"excerpt":{"rendered":"<p>Bucket Cylinder For Xinyuan Wheel Excavator XY65W-7-8 Introduction A bucket cylinder is a specially designed hydraulic cylinder used primarily in heavy machinery such as excavators, backhoes, and front loaders to control the movement of the bucket. Its main function is to allow the bucket to lift, lower, and tilt, making it easier to handle various [&hellip;]<\/p>","protected":false},"featured_media":14778,"comment_status":"open","ping_status":"closed","template":"","meta":{"_et_pb_use_builder":"","_et_pb_old_content":"","_et_gb_content_width":""},"product_brand":[],"product_cat":[1494],"product_tag":[1495,1496],"class_list":{"0":"post-15874","1":"product","2":"type-product","3":"status-publish","4":"has-post-thumbnail","6":"product_cat-bucket-cylinders","7":"product_tag-bucket-cylinders","8":"product_tag-hydraulic-cylinders","10":"first","11":"instock","12":"shipping-taxable","13":"product-type-simple"},"amp_enabled":true,"_links":{"self":[{"href":"https:\/\/www.hydraulic-cylinders.net\/sv\/wp-json\/wp\/v2\/product\/15874","targetHints":{"allow":["GET"]}}],"collection":[{"href":"https:\/\/www.hydraulic-cylinders.net\/sv\/wp-json\/wp\/v2\/product"}],"about":[{"href":"https:\/\/www.hydraulic-cylinders.net\/sv\/wp-json\/wp\/v2\/types\/product"}],"replies":[{"embeddable":true,"href":"https:\/\/www.hydraulic-cylinders.net\/sv\/wp-json\/wp\/v2\/comments?post=15874"}],"wp:featuredmedia":[{"embeddable":true,"href":"https:\/\/www.hydraulic-cylinders.net\/sv\/wp-json\/wp\/v2\/media\/14778"}],"wp:attachment":[{"href":"https:\/\/www.hydraulic-cylinders.net\/sv\/wp-json\/wp\/v2\/media?parent=15874"}],"wp:term":[{"taxonomy":"product_brand","embeddable":true,"href":"https:\/\/www.hydraulic-cylinders.net\/sv\/wp-json\/wp\/v2\/product_brand?post=15874"},{"taxonomy":"product_cat","embeddable":true,"href":"https:\/\/www.hydraulic-cylinders.net\/sv\/wp-json\/wp\/v2\/product_cat?post=15874"},{"taxonomy":"product_tag","embeddable":true,"href":"https:\/\/www.hydraulic-cylinders.net\/sv\/wp-json\/wp\/v2\/product_tag?post=15874"}],"curies":[{"name":"wp","href":"https:\/\/api.w.org\/{rel}","templated":true}]}}