{"id":15875,"date":"2025-01-19T15:06:26","date_gmt":"2025-01-19T15:06:26","guid":{"rendered":"https:\/\/www.hydraulic-cylinders.net\/product\/bucket-cylinder-for-xinyuan-wheel-excavator-xy75w-8-9\/"},"modified":"2025-01-19T15:06:29","modified_gmt":"2025-01-19T15:06:29","slug":"bucket-cylinder-for-xinyuan-wheel-excavator-xy75w-8-9","status":"publish","type":"product","link":"https:\/\/www.hydraulic-cylinders.net\/sv\/produkt\/bucket-cylinder-for-xinyuan-wheel-excavator-xy75w-8-9\/","title":{"rendered":"Skopscylinder f\u00f6r Xinyuan hjulgr\u00e4vmaskin XY75W-8-9"},"content":{"rendered":"<h1>Skopscylinder f\u00f6r Xinyuan hjulgr\u00e4vmaskin XY75W-8-9<\/h1>\n<h2>Introduktion<\/h2>\n<p>En skopcylinder \u00e4r en specialdesignad hydraulcylinder som anv\u00e4nds f\u00f6r att styra skopans r\u00f6relse i tunga maskiner som gr\u00e4vmaskiner, traktorgr\u00e4vmaskiner och frontlastare. Dess huvudsakliga funktion \u00e4r att g\u00f6ra det m\u00f6jligt f\u00f6r skopan att lyfta, s\u00e4nka och luta f\u00f6r enkel hantering av olika material. I hydraulsystemet uppn\u00e5r skopcylindern exakt kontroll \u00f6ver skopan genom att \u00e4ndra hydrauloljans tryck, vilket g\u00f6r det m\u00f6jligt f\u00f6r operat\u00f6rer att effektivt hantera tunga laster och anpassa sig till komplexa arbetsmilj\u00f6er och olika driftskrav.<\/p>\n<p><img decoding=\"async\" src=\"https:\/\/www.hydraulic-cylinders.net\/wp-content\/uploads\/2025\/01\/songte-company-2.webp\" alt=\"Skopscylinder\"><\/p>\n<h2>Drag<\/h2>\n<ul>\n<li>H\u00f6g h\u00e5llfasthet och h\u00e5llbarhet: Vanligtvis tillverkad av h\u00f6gh\u00e5llfast st\u00e5l eller aluminium, t\u00e5l den h\u00f6gt tryck och tunga belastningar, anpassar sig till tuffa arbetsmilj\u00f6er och dess design tar h\u00e4nsyn till slitstyrka och korrosionsbest\u00e4ndighet f\u00f6r att f\u00f6rl\u00e4nga dess livsl\u00e4ngd.<\/li>\n<li>Effektiv hydraulisk drift: Smidiga ut- och indragningsr\u00f6relser uppn\u00e5s genom att utnyttja hydrauloljans tryck, vilket ger kraftfull tryck- och dragkraft och \u00e4r l\u00e4mpliga f\u00f6r hantering av tunga laster och komplexa driftsuppgifter.<\/li>\n<li>Flera typer: Enkelverkande (hydrauliska cylindrar anv\u00e4nds endast i en riktning) eller dubbelverkande (hydrauliska cylindrar anv\u00e4nds i b\u00e5da riktningarna) cylindrar kan v\u00e4ljas efter operativa behov. Vissa modeller \u00e4r teleskopiska, vilket m\u00f6jligg\u00f6r st\u00f6rre utdrag utan att \u00f6ka de yttre m\u00e5tten, l\u00e4mpliga f\u00f6r applikationer med begr\u00e4nsat utrymme. <\/li>\n<li>Perfekt ers\u00e4ttning: V\u00e5ra produkter kan perfekt ers\u00e4tta dessa hydraulcylindrar. <\/li>\n<\/ul>\n<p><img decoding=\"async\" src=\"https:\/\/www.hydraulic-cylinders.net\/wp-content\/uploads\/2025\/01\/songte-cylinder-head-with-all-kinds-excavator-models.webp\" alt=\"Produkt\"><\/p>\n<h2>Applikationer<\/h2>\n<p>Skopcylindern \u00e4r viktig f\u00f6r att gr\u00e4va, lasta och flytta jord eller skr\u00e4p i entreprenadmaskiner. I gr\u00e4vmaskiner hj\u00e4lper skopcylindrar till med gr\u00e4vning och lyftning. I jordbruksmaskiner anv\u00e4nds de f\u00f6r frontlastare, f\u00f6r att skopa, lyfta och transportera jord, h\u00f6 och andra material. I gr\u00e4vmaskiner uppn\u00e5r skopcylindrar gr\u00e4vnings\u00e5tg\u00e4rder genom att l\u00e5ta skopan tr\u00e4nga ner i jorden. I frontlastare hj\u00e4lper de till med att lyfta och dumpa gods effektivt.<\/p>\n<h2>Design\u00f6verv\u00e4ganden och urvalskriterier<\/h2>\n<ul>\n<li>B\u00e4rf\u00f6rm\u00e5ga: Cylinderns b\u00e4rf\u00f6rm\u00e5ga b\u00f6r beaktas vid val av l\u00e4mplig cylinder f\u00f6r till\u00e4mpningen.<\/li>\n<li>T\u00e4tning: Olika t\u00e4tningskomponenter som kolvt\u00e4tningar och kolvst\u00e5ngst\u00e4tningar b\u00f6r anv\u00e4ndas. T\u00e4tningskomponenterna b\u00f6r vara tillverkade av slitstarka material som polyuretan och nitrilgummi. Cylinderhus och g\u00e4ngade \u00e4ndytor b\u00f6r finbearbetas f\u00f6r att f\u00f6rb\u00e4ttra slitstyrkan, och hydraulolja b\u00f6r tills\u00e4ttas regelbundet f\u00f6r sm\u00f6rjning.<\/li>\n<li>H\u00e5llbarhet: H\u00e4nsyn b\u00f6r tas till cylinderns design f\u00f6r att s\u00e4kerst\u00e4lla dess h\u00e5llbarhet. Den b\u00f6r vara tillverkad av h\u00f6gh\u00e5llfasta och h\u00e5llbara material f\u00f6r att motst\u00e5 slitage, korrosion och andra milj\u00f6faktorer.<\/li>\n<li>S\u00e4kerhet: S\u00e4kerhet b\u00f6r vara en grundl\u00e4ggande faktor vid design och val. Cylindern b\u00f6r vara konstruerad och vald f\u00f6r s\u00e4ker drift, och l\u00e4mpliga s\u00e4kerhets\u00e5tg\u00e4rder b\u00f6r vidtas.<\/li>\n<li>Underh\u00e5ll: Underh\u00e5ll b\u00f6r beaktas vid design och val av cylindrar. Cylindrar b\u00f6r konstrueras f\u00f6r att vara enkla att underh\u00e5lla och reparera, och schemalagt underh\u00e5ll b\u00f6r utf\u00f6ras f\u00f6r att f\u00f6rl\u00e4nga cylinderns livsl\u00e4ngd.<\/li>\n<\/ul>\n<p><img decoding=\"async\" src=\"https:\/\/www.hydraulic-cylinders.net\/wp-content\/uploads\/2025\/01\/songte-oil-pipes-and-spare-parts.webp\" alt=\"Produkt\"><\/p>\n<h2>Underh\u00e5ll och installation<\/h2>\n<p>F\u00f6ljande \u00e4r tre vanliga underh\u00e5llsuppgifter:<\/p>\n<ol>\n<li>Regelbunden inspektion<\/li>\n<li>Korrekt sm\u00f6rjning<\/li>\n<li>T\u00e4tningsbyte och kalibreringskontroll<\/li>\n<\/ol>\n<p>Korrekt installation, sm\u00f6rjning och justering \u00e4r avg\u00f6rande f\u00f6r att s\u00e4kerst\u00e4lla skopcylinderns livsl\u00e4ngd. Korrekt inriktning av cylindern b\u00f6r beaktas under installationen, och l\u00e4mpliga monteringsf\u00e4sten b\u00f6r anv\u00e4ndas f\u00f6r att s\u00e4kra cylindern. Rekommenderade inspektions-, reparations- och utbytesprocedurer b\u00f6r f\u00f6ljas, och renoveringstj\u00e4nster b\u00f6r tillhandah\u00e5llas f\u00f6r att f\u00f6rl\u00e4nga produktens livsl\u00e4ngd.<\/p>\n<p><img decoding=\"async\" src=\"https:\/\/www.hydraulic-cylinders.net\/wp-content\/uploads\/2025\/01\/songte-chushion-collar.webp\" alt=\"Produkt\"><\/p>\n<h2>S\u00e4kerhets- och milj\u00f6h\u00e4nsyn<\/h2>\n<p>L\u00e4mpliga s\u00e4kerhets\u00e5tg\u00e4rder b\u00f6r vidtas vid anv\u00e4ndning av skopcylindern f\u00f6r att undvika olyckor och s\u00e4kerst\u00e4lla s\u00e4kra arbetsrutiner. Milj\u00f6faktorer b\u00f6r ocks\u00e5 beaktas vid val och anv\u00e4ndning av cylindern f\u00f6r att minimera negativ milj\u00f6p\u00e5verkan.<\/p>\n<h2>Diagnos och fels\u00f6kning<\/h2>\n<p>F\u00f6ljande \u00e4r n\u00e5gra vanliga problem som kan uppst\u00e5 vid anv\u00e4ndning av skopcylindern:<\/p>\n<ul>\n<li>T\u00e4tningsfel<\/li>\n<li>\u00d6verdrivet l\u00e4ckage<\/li>\n<li>Minskad driftseffektivitet<\/li>\n<\/ul>\n<p>Fels\u00f6kningstips och l\u00f6sningar b\u00f6r tillhandah\u00e5llas f\u00f6r att hj\u00e4lpa till att diagnostisera och l\u00f6sa problem effektivt, och f\u00f6rebyggande \u00e5tg\u00e4rder b\u00f6r vidtas f\u00f6r att minimera potentiella problem.<\/p>\n<p><img decoding=\"async\" src=\"https:\/\/www.hydraulic-cylinders.net\/wp-content\/uploads\/2025\/01\/songte-bushings-with-all-kinds-of-excavator-models.webp\" alt=\"Produkt\"><\/p>\n<h2>Om v\u00e5rt f\u00f6retag<\/h2>\n<p>Vi \u00e4r en tillverkare av hydraulcylindrar som ers\u00e4tter befintliga cylindrar. V\u00e5rt f\u00f6retag erbjuder ett komplett produktsortiment och har blivit en av de ledande tillverkarna och grossisterna av hydraulcylindrar p\u00e5 inhemska och utl\u00e4ndska marknader. Vi fokuserar p\u00e5 utm\u00e4rkt kvalitet, f\u00f6rlitar oss p\u00e5 den industrialiserade produktionsstrategin i en sofistikerad tillverkningsverkstad, f\u00f6rb\u00e4ttrar st\u00e4ndigt verkstadens tillverkningsplattform, finslipar kvaliteten p\u00e5 v\u00e5ra produkter och besitter stark kreativitet. Med principerna om h\u00f6g effektivitet, h\u00f6g precision och h\u00f6g kvalitet str\u00e4var vi efter att m\u00f6ta v\u00e5ra kunders olika behov.<\/p>\n<p><img decoding=\"async\" src=\"https:\/\/hzpt.com\/wp-content\/uploads\/2024\/11\/songte-company-1.webp\" alt=\"F\u00f6retag\"><\/p>\n<h3>Professionalism<\/h3>\n<p>Vi \u00e4r ett team av yrkesverksamma som \u00e4r dedikerade till att tillhandah\u00e5lla utm\u00e4rkta produkter och tj\u00e4nster till v\u00e5ra kunder. V\u00e5rt team best\u00e5r av ingenj\u00f6rer, tekniker och andra skickliga yrkesm\u00e4n som arbetar h\u00e5rt f\u00f6r att s\u00e4kerst\u00e4lla att v\u00e5ra produkter uppfyller h\u00f6gsta m\u00f6jliga standard f\u00f6r kvalitet och tillf\u00f6rlitlighet.<\/p>\n<h3>Internationella certifieringar<\/h3>\n<p>V\u00e5rt f\u00f6retag har erh\u00e5llit olika internationella certifieringar, inklusive ISO9001, CE och andra, f\u00f6r att s\u00e4kerst\u00e4lla att v\u00e5ra produkter uppfyller de h\u00f6gsta internationella standarderna.<\/p>\n<h3>Anpassningstj\u00e4nster<\/h3>\n<p>Vi erbjuder kundanpassade tj\u00e4nster f\u00f6r att m\u00f6ta v\u00e5ra kunders unika behov. Vi samarbetar med v\u00e5ra kunder f\u00f6r att designa och tillverka hydraulcylindrar som uppfyller deras specifika krav och behov.<\/p>\n<h3>Produktionsutrustning<\/h3>\n<p>V\u00e5rt f\u00f6retag har investerat kraftigt i avancerad produktionsutrustning f\u00f6r att s\u00e4kerst\u00e4lla att vi snabbt och effektivt kan tillverka h\u00f6gkvalitativa hydraulcylindrar.<\/p>\n<h3>Eftermarknadsservice<\/h3>\n<p>Vi erbjuder utm\u00e4rkt eftermarknadsservice f\u00f6r att s\u00e4kerst\u00e4lla att v\u00e5ra kunder \u00e4r n\u00f6jda med v\u00e5ra produkter. Vi erbjuder teknisk support, underh\u00e5ll, reparation och ombyggnadstj\u00e4nster f\u00f6r att hj\u00e4lpa v\u00e5ra kunder att f\u00e5 ut det mesta av v\u00e5ra produkter.<\/p>\n<p>F\u00f6rfattare: lyl.<\/p>","protected":false},"excerpt":{"rendered":"<p>Bucket Cylinder For Xinyuan Wheel Excavator XY75W-8-9 Introduction A bucket cylinder is a specially designed hydraulic cylinder used to control the movement of a bucket in heavy machinery such as excavators, backhoe excavators, and front-end loaders. Its main function is to enable the bucket to lift, lower, and tilt for easy handling of various materials. [&hellip;]<\/p>","protected":false},"featured_media":14776,"comment_status":"open","ping_status":"closed","template":"","meta":{"_et_pb_use_builder":"","_et_pb_old_content":"","_et_gb_content_width":""},"product_brand":[],"product_cat":[1494],"product_tag":[1495,1496],"class_list":{"0":"post-15875","1":"product","2":"type-product","3":"status-publish","4":"has-post-thumbnail","6":"product_cat-bucket-cylinders","7":"product_tag-bucket-cylinders","8":"product_tag-hydraulic-cylinders","10":"first","11":"instock","12":"shipping-taxable","13":"product-type-simple"},"amp_enabled":true,"_links":{"self":[{"href":"https:\/\/www.hydraulic-cylinders.net\/sv\/wp-json\/wp\/v2\/product\/15875","targetHints":{"allow":["GET"]}}],"collection":[{"href":"https:\/\/www.hydraulic-cylinders.net\/sv\/wp-json\/wp\/v2\/product"}],"about":[{"href":"https:\/\/www.hydraulic-cylinders.net\/sv\/wp-json\/wp\/v2\/types\/product"}],"replies":[{"embeddable":true,"href":"https:\/\/www.hydraulic-cylinders.net\/sv\/wp-json\/wp\/v2\/comments?post=15875"}],"wp:featuredmedia":[{"embeddable":true,"href":"https:\/\/www.hydraulic-cylinders.net\/sv\/wp-json\/wp\/v2\/media\/14776"}],"wp:attachment":[{"href":"https:\/\/www.hydraulic-cylinders.net\/sv\/wp-json\/wp\/v2\/media?parent=15875"}],"wp:term":[{"taxonomy":"product_brand","embeddable":true,"href":"https:\/\/www.hydraulic-cylinders.net\/sv\/wp-json\/wp\/v2\/product_brand?post=15875"},{"taxonomy":"product_cat","embeddable":true,"href":"https:\/\/www.hydraulic-cylinders.net\/sv\/wp-json\/wp\/v2\/product_cat?post=15875"},{"taxonomy":"product_tag","embeddable":true,"href":"https:\/\/www.hydraulic-cylinders.net\/sv\/wp-json\/wp\/v2\/product_tag?post=15875"}],"curies":[{"name":"wp","href":"https:\/\/api.w.org\/{rel}","templated":true}]}}