{"id":15906,"date":"2025-01-19T15:08:48","date_gmt":"2025-01-19T15:08:48","guid":{"rendered":"https:\/\/www.hydraulic-cylinders.net\/product\/bucket-cylinder-for-wacker-e6003\/"},"modified":"2025-01-19T15:08:53","modified_gmt":"2025-01-19T15:08:53","slug":"bucket-cylinder-for-wacker-e6003","status":"publish","type":"product","link":"https:\/\/www.hydraulic-cylinders.net\/sv\/produkt\/bucket-cylinder-for-wacker-e6003\/","title":{"rendered":"Skopscylinder f\u00f6r Wacker E6003"},"content":{"rendered":"<h2>Skopscylinder f\u00f6r Wacker E6003<\/h2>\n<h3>Introduktion<\/h3>\n<p>En skopcylinder f\u00f6r Wacker E6003 \u00e4r en specialdesignad hydraulcylinder som fr\u00e4mst anv\u00e4nds f\u00f6r att styra skopans r\u00f6relse i tunga maskiner som gr\u00e4vmaskiner, gr\u00e4vlastare och frontlastare. Dess huvudsakliga funktion \u00e4r att l\u00e5ta skopan r\u00f6ra sig upp\u00e5t, ned\u00e5t och tiltande, vilket g\u00f6r det enkelt att transportera olika material. I hydraulsystemet uppn\u00e5r skopcylindern exakt kontroll \u00f6ver skopan genom f\u00f6r\u00e4ndringar i hydrauloljetrycket, vilket g\u00f6r det m\u00f6jligt f\u00f6r f\u00f6rare att hantera tunga laster effektivt, anpassa sig till komplexa arbetsmilj\u00f6er och olika driftskrav.<\/p>\n<div>\n  <img decoding=\"async\" src=\"https:\/\/www.hydraulic-cylinders.net\/wp-content\/uploads\/2025\/01\/songte-company-2.webp\" alt=\"Skopscylinder f\u00f6r Wacker E6003\">\n<\/div>\n<h3>Drag<\/h3>\n<ul>\n<li><strong>H\u00f6g styrka och h\u00e5llbarhet:<\/strong> Skopcylindern, som vanligtvis \u00e4r tillverkad av h\u00f6gh\u00e5llfast st\u00e5l eller aluminium, kan motst\u00e5 h\u00f6gt tryck och tunga belastningar, samtidigt som den \u00e4r konstruerad med slitstyrka och korrosionsbest\u00e4ndighet i \u00e5tanke, vilket f\u00f6rl\u00e4nger dess livsl\u00e4ngd.<\/li>\n<li><strong>Effektiv hydraulisk drift:<\/strong> Med hj\u00e4lp av hydrauloljetryck f\u00f6r att uppn\u00e5 smidig ut- och ink\u00f6rning reagerar skopcylindern snabbt p\u00e5 styrkommandon och ger en kraftfull tryck- och dragkraft, l\u00e4mplig f\u00f6r hantering av tunga f\u00f6rem\u00e5l och komplexa uppgifter.<\/li>\n<li><strong>Olika typer:<\/strong> Skopscylindrar kan v\u00e4ljas enligt enkelverkande (hydraulik anv\u00e4nds endast i en riktning) eller dubbelverkande (hydraulik anv\u00e4nds i b\u00e5da riktningarna), s\u00e5v\u00e4l som vissa modeller som \u00e4r teleskopiska, vilket m\u00f6jligg\u00f6r st\u00f6rre utdrag utan att \u00f6ka den yttre storleken, l\u00e4mpliga f\u00f6r applikationer med begr\u00e4nsat utrymme.<\/li>\n<li><strong>Utbytbar:<\/strong> V\u00e5ra skopcylindrar kan perfekt ers\u00e4tta dessa hydraulcylindrar.<\/li>\n<li><strong>Anpassningsbar:<\/strong> V\u00e5rt f\u00f6retag kan producera olika storlekar och typer av skopcylindrar enligt kundens krav.<\/li>\n<\/ul>\n<div>\n  <img decoding=\"async\" src=\"https:\/\/www.hydraulic-cylinders.net\/wp-content\/uploads\/2025\/01\/songte-cylinder-head-with-all-kinds-excavator-models.webp\" alt=\"Skopscylinder f\u00f6r Wacker E6003\">\n<\/div>\n<h3>Applikationer<\/h3>\n<p>Skopscylindern anv\u00e4nds ofta inom olika industrier och maskiner, s\u00e5som:<\/p>\n<ul>\n<li><strong>Byggutrustning:<\/strong> I gr\u00e4vmaskiner \u00e4r de avg\u00f6rande f\u00f6r att gr\u00e4va, lasta och flytta jord eller skr\u00e4p. I gr\u00e4vlastare hj\u00e4lper skopcylindern till med gr\u00e4vning och lyftning.<\/li>\n<li><strong>Jordbruksmaskiner:<\/strong> Anv\u00e4nds i frontlastare f\u00f6r att \u00f6sa, lyfta och transportera jord, h\u00f6 och andra material.<\/li>\n<li><strong>Gr\u00e4vmaskiner:<\/strong> Skopans cylinder m\u00f6jligg\u00f6r gr\u00e4vning genom att l\u00e5ta skopan tr\u00e4nga ner i jorden.<\/li>\n<li><strong>Lastare:<\/strong> I frontlastare hj\u00e4lper de till med att lyfta och tippa laster effektivt.<\/li>\n<\/ul>\n<h3>Design\u00f6verv\u00e4ganden och urvalskriterier<\/h3>\n<p>Skopscylindrar \u00e4r konstruerade med olika faktorer i \u00e5tanke, s\u00e5som:<\/p>\n<ul>\n<li><strong>B\u00e4rkraft:<\/strong> Cylindern ska kunna b\u00e4ra lastens vikt.<\/li>\n<li><strong>T\u00e4tning:<\/strong> T\u00e4tning \u00e4r avg\u00f6rande f\u00f6r att f\u00f6rhindra att hydrauloljan l\u00e4cker och \u00e4ven f\u00f6r att skydda cylindern fr\u00e5n kontaminering.<\/li>\n<li><strong>Varaktighet:<\/strong> Cylindern b\u00f6r vara tillverkad av h\u00f6gkvalitativa material som t\u00e5l tuffa f\u00f6rh\u00e5llanden och har l\u00e5ng livsl\u00e4ngd.<\/li>\n<li><strong>S\u00e4kerhet:<\/strong> S\u00e4kerhetsfunktioner b\u00f6r inkluderas i konstruktionen f\u00f6r att f\u00f6rhindra olyckor och skador.<\/li>\n<li><strong>Underh\u00e5ll:<\/strong> Cylindern ska vara l\u00e4tt att underh\u00e5lla och reparera f\u00f6r att minimera stillest\u00e5ndstiden.<\/li>\n<\/ul>\n<div>\n  <img decoding=\"async\" src=\"https:\/\/www.hydraulic-cylinders.net\/wp-content\/uploads\/2025\/01\/songte-oil-pipes-and-spare-parts.webp\" alt=\"Skopscylinder f\u00f6r Wacker E6003\">\n<\/div>\n<h3>T\u00e4tning och sm\u00f6rjning<\/h3>\n<p>Skopscylindrar anv\u00e4nder olika t\u00e4tningar, s\u00e5som kolvt\u00e4tningar, kolvst\u00e5ngst\u00e4tningar och torkart\u00e4tningar, tillverkade av slitstarka material som polyuretan och nitrilgummi. Cylinderhuset och g\u00e4ng\u00e4nden \u00e4r fint bearbetade f\u00f6r att f\u00f6rb\u00e4ttra slitstyrkan. Regelbundet underh\u00e5ll och korrekt sm\u00f6rjning \u00e4r avg\u00f6rande f\u00f6r att s\u00e4kerst\u00e4lla cylinderns livsl\u00e4ngd och prestanda.<\/p>\n<h3>Underh\u00e5ll och reparation<\/h3>\n<p>Regelbunden inspektion, korrekt sm\u00f6rjning, byte av t\u00e4tningar och kalibreringskontroller \u00e4r vanliga underh\u00e5llsuppgifter f\u00f6r skopcylindrar. Korrekt installation och inriktning av cylindern \u00e4r avg\u00f6rande, och l\u00e4mpliga monteringsf\u00e4sten b\u00f6r anv\u00e4ndas f\u00f6r att s\u00e4kra cylindern. Rekommenderade inspektions-, reparations- och utbytesprocedurer b\u00f6r f\u00f6ljas f\u00f6r optimal anv\u00e4ndning och livsl\u00e4ngd f\u00f6r skopcylindern.<\/p>\n<div>\n  <img decoding=\"async\" src=\"https:\/\/www.hydraulic-cylinders.net\/wp-content\/uploads\/2025\/01\/songte-chushion-collar.webp\" alt=\"Skopscylinder f\u00f6r Wacker E6003\">\n<\/div>\n<h3>S\u00e4kerhets- och milj\u00f6h\u00e4nsyn<\/h3>\n<p>S\u00e4kerhets\u00e5tg\u00e4rder \u00e4r avg\u00f6rande vid anv\u00e4ndning av skopcylindrar. Operat\u00f6rer b\u00f6r f\u00f6lja l\u00e4mpliga s\u00e4kerhetsriktlinjer och anv\u00e4nda l\u00e4mplig personlig skyddsutrustning. Milj\u00f6h\u00e4nsyn b\u00f6r ocks\u00e5 beaktas, s\u00e5som att anv\u00e4nda milj\u00f6v\u00e4nlig hydraulolja och kassera anv\u00e4nd olja p\u00e5 r\u00e4tt s\u00e4tt.<\/p>\n<h3>Feldiagnos och fels\u00f6kning<\/h3>\n<p>Vanliga problem med skopcylindrar inkluderar l\u00e4ckor, d\u00e5lig prestanda och skador p\u00e5 cylindern. Fels\u00f6kningstips och l\u00f6sningar b\u00f6r tillhandah\u00e5llas f\u00f6r att hj\u00e4lpa l\u00e4sarna att diagnostisera och l\u00f6sa problem effektivt. F\u00f6rebyggande \u00e5tg\u00e4rder b\u00f6r ocks\u00e5 f\u00f6resl\u00e5s f\u00f6r att minimera potentiella problem.<\/p>\n<div>\n  <img decoding=\"async\" src=\"https:\/\/www.hydraulic-cylinders.net\/wp-content\/uploads\/2025\/01\/songte-bushings-with-all-kinds-of-excavator-models.webp\" alt=\"Skopscylinder f\u00f6r Wacker E6003\">\n<\/div>\n<h3>Om v\u00e5rt f\u00f6retag<\/h3>\n<p>Vi \u00e4r en tillverkare av hydraulcylindrar f\u00f6r reservdelar med ett komplett produktsortiment och \u00e4r nu en av de ledande tillverkarna och grossistdistribut\u00f6rerna av hydraulcylindrar p\u00e5 inhemska och utl\u00e4ndska marknader. Vi f\u00f6ljer principen om utm\u00e4rkt kvalitet och f\u00f6rlitar oss p\u00e5 den industriella produktionsledningsstrategin fr\u00e5n fintillverkningsverkst\u00e4der. V\u00e5rt f\u00f6retag f\u00f6rb\u00e4ttrar kontinuerligt verkstadens tillverkningsplattform, full\u00e4ndar produktionsv\u00e4gen f\u00f6r produktkvalitet och har en stark kreativ f\u00f6rm\u00e5ga att m\u00f6ta kundernas olika behov med h\u00f6g effektivitet, h\u00f6g precision och h\u00f6g kvalitet. <\/p>\n<p>V\u00e5rt f\u00f6retag erbjuder professionella tj\u00e4nster, allt fr\u00e5n internationella certifieringar till kundanpassade tj\u00e4nster, avancerad produktionsutrustning och eftermarknadsservice.<\/p>\n<div>\n  <img decoding=\"async\" src=\"https:\/\/hzpt.com\/wp-content\/uploads\/2024\/11\/songte-company-1.webp\" alt=\"Skopscylinder f\u00f6r Wacker E6003\">\n<\/div>\n<p>F\u00f6rfattare: lyl.<\/p>","protected":false},"excerpt":{"rendered":"<p>Bucket Cylinder For Wacker E6003 Introduction A bucket cylinder for Wacker E6003 is a specially designed hydraulic cylinder used primarily to control the movement of the bucket in heavy machinery such as excavators, backhoe loaders, and front loaders. Its main function is to allow the bucket to move up, down, and tilt, making it easy [&hellip;]<\/p>","protected":false},"featured_media":14773,"comment_status":"open","ping_status":"closed","template":"","meta":{"_et_pb_use_builder":"","_et_pb_old_content":"","_et_gb_content_width":""},"product_brand":[],"product_cat":[1494],"product_tag":[1495,1496],"class_list":{"0":"post-15906","1":"product","2":"type-product","3":"status-publish","4":"has-post-thumbnail","6":"product_cat-bucket-cylinders","7":"product_tag-bucket-cylinders","8":"product_tag-hydraulic-cylinders","10":"first","11":"instock","12":"shipping-taxable","13":"product-type-simple"},"amp_enabled":true,"_links":{"self":[{"href":"https:\/\/www.hydraulic-cylinders.net\/sv\/wp-json\/wp\/v2\/product\/15906","targetHints":{"allow":["GET"]}}],"collection":[{"href":"https:\/\/www.hydraulic-cylinders.net\/sv\/wp-json\/wp\/v2\/product"}],"about":[{"href":"https:\/\/www.hydraulic-cylinders.net\/sv\/wp-json\/wp\/v2\/types\/product"}],"replies":[{"embeddable":true,"href":"https:\/\/www.hydraulic-cylinders.net\/sv\/wp-json\/wp\/v2\/comments?post=15906"}],"wp:featuredmedia":[{"embeddable":true,"href":"https:\/\/www.hydraulic-cylinders.net\/sv\/wp-json\/wp\/v2\/media\/14773"}],"wp:attachment":[{"href":"https:\/\/www.hydraulic-cylinders.net\/sv\/wp-json\/wp\/v2\/media?parent=15906"}],"wp:term":[{"taxonomy":"product_brand","embeddable":true,"href":"https:\/\/www.hydraulic-cylinders.net\/sv\/wp-json\/wp\/v2\/product_brand?post=15906"},{"taxonomy":"product_cat","embeddable":true,"href":"https:\/\/www.hydraulic-cylinders.net\/sv\/wp-json\/wp\/v2\/product_cat?post=15906"},{"taxonomy":"product_tag","embeddable":true,"href":"https:\/\/www.hydraulic-cylinders.net\/sv\/wp-json\/wp\/v2\/product_tag?post=15906"}],"curies":[{"name":"wp","href":"https:\/\/api.w.org\/{rel}","templated":true}]}}