{"id":15912,"date":"2025-01-19T15:09:22","date_gmt":"2025-01-19T15:09:22","guid":{"rendered":"https:\/\/www.hydraulic-cylinders.net\/product\/bucket-cylinder-for-aotai-at60e-9\/"},"modified":"2025-01-19T15:09:24","modified_gmt":"2025-01-19T15:09:24","slug":"bucket-cylinder-for-aotai-at60e-9","status":"publish","type":"product","link":"https:\/\/www.hydraulic-cylinders.net\/sv\/produkt\/bucket-cylinder-for-aotai-at60e-9\/","title":{"rendered":"Skopscylinder f\u00f6r Aotai AT60E-9"},"content":{"rendered":"<h1>Skopscylinder f\u00f6r Aotai AT60E-9<\/h1>\n<h2>Introduktion<\/h2>\n<p>En skopcylinder \u00e4r en specialiserad hydraulcylinder som \u00e4r konstruerad f\u00f6r att styra skopans r\u00f6relse i tunga maskiner som gr\u00e4vmaskiner, gr\u00e4vlastare och frontlastare. Dess huvudsakliga funktion \u00e4r att g\u00f6ra det m\u00f6jligt f\u00f6r skopan att lyfta, s\u00e4nka och luta, vilket g\u00f6r det enklare att utf\u00f6ra olika materialhanteringsuppgifter. Skopcylindern uppn\u00e5r exakt kontroll \u00f6ver skopans r\u00f6relser genom att anv\u00e4nda f\u00f6r\u00e4ndringar i hydrauloljetrycket i hydraulsystemet, vilket g\u00f6r det m\u00f6jligt f\u00f6r f\u00f6rare att hantera tunga laster effektivt och anpassa sig till komplexa arbetsmilj\u00f6er och olika arbetskrav.<\/p>\n<p><img decoding=\"async\" src=\"https:\/\/www.hydraulic-cylinders.net\/wp-content\/uploads\/2025\/01\/songte-company-2.webp\" alt=\"Skopscylinder f\u00f6r Aotai AT60E-9 bild\"><\/p>\n<h2>Drag<\/h2>\n<ul>\n<li>\n<h3>H\u00f6g styrka och h\u00e5llbarhet<\/h3>\n<p>Skopscylindern, som vanligtvis \u00e4r tillverkad av h\u00f6gh\u00e5llfast st\u00e5l eller aluminium, t\u00e5l h\u00f6gt tryck och tunga belastningar och anpassar sig till tuffa arbetsmilj\u00f6er. Dess design tar h\u00e4nsyn till slitstyrka och korrosionsbest\u00e4ndighet, vilket f\u00f6rl\u00e4nger dess livsl\u00e4ngd.<\/p>\n<\/li>\n<li>\n<h3>Effektiv hydraulisk drift<\/h3>\n<p>Genom att anv\u00e4nda hydrauloljetryck f\u00f6r att uppn\u00e5 smidiga ut- och sammandragningsr\u00f6relser kan skopcylindern reagera snabbt p\u00e5 man\u00f6verkommandon, vilket ger kraftfulla tryck- och dragkrafter som \u00e4r l\u00e4mpliga f\u00f6r hantering av tunga laster och komplexa arbetsuppgifter.<\/p>\n<\/li>\n<li>\n<h3>Olika typer<\/h3>\n<p>Skopscylindern kan vara enkelverkande (med hydraulik i endast en riktning) eller dubbelverkande (med hydraulik i b\u00e5da riktningarna) beroende p\u00e5 driftskraven. Vissa modeller \u00e4r teleskopiska, vilket m\u00f6jligg\u00f6r st\u00f6rre utdrag utan att \u00f6ka de yttre m\u00e5tten, vilket g\u00f6r dem l\u00e4mpliga f\u00f6r applikationer med begr\u00e4nsat utrymme.<\/p>\n<\/li>\n<li>\n<h3>Kan produceras av v\u00e5rt f\u00f6retag<\/h3>\n<p>V\u00e5r produkt kan perfekt ers\u00e4tta dessa hydraulcylindrar.<\/p>\n<\/li>\n<\/ul>\n<p><img decoding=\"async\" src=\"https:\/\/www.hydraulic-cylinders.net\/wp-content\/uploads\/2025\/01\/songte-cylinder-head-with-all-kinds-excavator-models.webp\" alt=\"Aotai AT60E-9\"><\/p>\n<h2>Applikationer<\/h2>\n<p>Skopscylindern har m\u00e5nga olika anv\u00e4ndningsomr\u00e5den, s\u00e5som:<\/p>\n<ul>\n<li>\n<h3>Byggutrustning<\/h3>\n<p>I gr\u00e4vmaskiner \u00e4r de viktiga f\u00f6r att gr\u00e4va, lasta och flytta jord eller skr\u00e4p. I gr\u00e4vlastare hj\u00e4lper skopcylindern till med b\u00e5de gr\u00e4vning och lyftning. <\/p>\n<\/li>\n<li>\n<h3>Jordbruksmaskiner<\/h3>\n<p>De anv\u00e4nds i frontlastare f\u00f6r att \u00f6sa, lyfta och transportera jord, h\u00f6 och andra material. I gr\u00e4vmaskiner m\u00f6jligg\u00f6r skopcylindern gr\u00e4vning i jorden. I frontlastare hj\u00e4lper de till med att lyfta och dumpa last effektivt.<\/p>\n<\/li>\n<\/ul>\n<h2>Design\u00f6verv\u00e4ganden och urvalskriterier<\/h2>\n<p>Att beakta vid konstruktionen av skopcylindern inkluderar b\u00e4rf\u00f6rm\u00e5ga, t\u00e4tning, h\u00e5llbarhet, s\u00e4kerhet och underh\u00e5llbarhet. Viktiga diskussionspunkter inkluderar:<\/p>\n<ul>\n<li>\n<h3>B\u00e4rf\u00f6rm\u00e5ga<\/h3>\n<p>Skopscylindern m\u00e5ste kunna motst\u00e5 vikten av det hanterade materialet och de krafter som genereras under dess drift.<\/p>\n<\/li>\n<li>\n<h3>T\u00e4tning<\/h3>\n<p>Olika typer av t\u00e4tningar, s\u00e5som kolvt\u00e4tningar och kolvst\u00e5ngst\u00e4tningar, anv\u00e4nds f\u00f6r att f\u00f6rhindra l\u00e4ckage av hydraulv\u00e4tska, och de m\u00e5ste t\u00e5la h\u00f6g temperatur och tryck.<\/p>\n<\/li>\n<li>\n<h3>Varaktighet<\/h3>\n<p>Skopcylindern m\u00e5ste vara konstruerad f\u00f6r att motst\u00e5 tuffa arbetsf\u00f6rh\u00e5llanden och motst\u00e5 slitage \u00f6ver tid.<\/p>\n<\/li>\n<li>\n<h3>S\u00e4kerhet<\/h3>\n<p>Skopscylindern m\u00e5ste konstrueras och installeras f\u00f6r att minimera risken f\u00f6r olyckor, s\u00e5som l\u00e4ckor eller cylinderfel.<\/p>\n<\/li>\n<li>\n<h3>Underh\u00e5llbarhet<\/h3>\n<p>Skopscylindern m\u00e5ste vara konstruerad f\u00f6r att underl\u00e4tta underh\u00e5ll och reparation, inklusive enkel \u00e5tkomst till t\u00e4tningar och cylinderns insida.<\/p>\n<\/li>\n<\/ul>\n<p><img decoding=\"async\" src=\"https:\/\/www.hydraulic-cylinders.net\/wp-content\/uploads\/2025\/01\/songte-oil-pipes-and-spare-parts.webp\" alt=\"Aotai AT60E-9 Reservdelar\"><\/p>\n<h2>T\u00e4tning och sm\u00f6rjning f\u00f6r skopcylinder<\/h2>\n<p>T\u00e4tning och sm\u00f6rjning av skopcylindern \u00e4r avg\u00f6rande f\u00f6r att s\u00e4kerst\u00e4lla dess l\u00e5nga livsl\u00e4ngd. F\u00f6ljande \u00e5tg\u00e4rder rekommenderas:<\/p>\n<ul>\n<li>\n<h3>Anv\u00e4ndning av h\u00e5llbara t\u00e4tningar<\/h3>\n<p>T\u00e4tningar som kolvt\u00e4tningar och kolvst\u00e5ngst\u00e4tningar b\u00f6r vara tillverkade av slitstarka material som polyuretan och nitrilgummi.<\/p>\n<\/li>\n<li>\n<h3>Fin ytbehandling<\/h3>\n<p>Cylindern och g\u00e4ngytan b\u00f6r finbearbetas f\u00f6r att f\u00f6rb\u00e4ttra slitstyrkan.<\/p>\n<\/li>\n<li>\n<h3>Regelbunden sm\u00f6rjning<\/h3>\n<p>Skopscylindern b\u00f6r sm\u00f6rjas med en l\u00e4mplig m\u00e4ngd hydraulolja med j\u00e4mna mellanrum.<\/p>\n<\/li>\n<\/ul>\n<h2>Underh\u00e5ll och reparation<\/h2>\n<p>Regelbunden inspektion och f\u00f6rebyggande underh\u00e5lls\u00e5tg\u00e4rder \u00e4r avg\u00f6rande f\u00f6r att bibeh\u00e5lla skopcylinderns tillf\u00f6rlitlighet och f\u00f6rl\u00e4nga dess livsl\u00e4ngd. Vanliga underh\u00e5llsuppgifter inkluderar:<\/p>\n<ul>\n<li>\n<h3>Regelbundna inspektioner<\/h3>\n<p>Regelbundna kontroller b\u00f6r utf\u00f6ras f\u00f6r att bed\u00f6ma skopcylinderns skick och uppt\u00e4cka eventuella tecken p\u00e5 skador eller slitage.<\/p>\n<\/li>\n<li>\n<h3>Korrekt sm\u00f6rjning<\/h3>\n<p>Skopscylindern b\u00f6r sm\u00f6rjas p\u00e5 l\u00e4mpligt s\u00e4tt f\u00f6r att s\u00e4kerst\u00e4lla att den fungerar smidigt.<\/p>\n<\/li>\n<li>\n<h3>Byte av t\u00e4tning<\/h3>\n<p>Slitna t\u00e4tningar b\u00f6r bytas ut s\u00e5 snart som m\u00f6jligt f\u00f6r att f\u00f6rhindra l\u00e4ckage av hydraulv\u00e4tska och s\u00e4kerst\u00e4lla korrekt funktion.<\/p>\n<\/li>\n<li>\n<h3>Kontroll av justering<\/h3>\n<p>Korrekt inriktning av cylindern \u00e4r avg\u00f6rande f\u00f6r dess effektiva funktion. Det rekommenderas att anv\u00e4nda l\u00e4mpliga installationsst\u00f6d f\u00f6r att fixera cylindern p\u00e5 plats.<\/p>\n<\/li>\n<li>\n<h3>Reservdelsbyte och ombyggnadstj\u00e4nster<\/h3>\n<p>Reservdelar och reparationstj\u00e4nster finns tillg\u00e4ngliga f\u00f6r att f\u00f6rb\u00e4ttra skopcylinderns livsl\u00e4ngd och prestanda.<\/p>\n<\/li>\n<\/ul>\n<p><img decoding=\"async\" src=\"https:\/\/www.hydraulic-cylinders.net\/wp-content\/uploads\/2025\/01\/songte-chushion-collar.webp\" alt=\"Skopscylinder f\u00f6r Aotai AT60E-9 d\u00e4mpkrage\"><\/p>\n<h2>S\u00e4kerhetsaspekter och milj\u00f6faktorer<\/h2>\n<p>S\u00e4kerhets\u00e5tg\u00e4rder \u00e4r avg\u00f6rande vid arbete med hydraulcylindrar f\u00f6r att f\u00f6rhindra olyckor och s\u00e4kerst\u00e4lla f\u00f6rarens och \u00e5sk\u00e5darnas s\u00e4kerhet. Milj\u00f6faktorer som h\u00f6ga temperaturer, luftfuktighet och korrosion kan ocks\u00e5 p\u00e5verka skopcylinderns prestanda och livsl\u00e4ngd.<\/p>\n<h2>Fels\u00f6kning och vanliga problem<\/h2>\n<p>F\u00f6ljande \u00e4r n\u00e5gra vanliga problem med skopcylindern och m\u00f6jliga l\u00f6sningar:<\/p>\n<ul>\n<li>\n<h3>L\u00e4ckage<\/h3>\n<p>L\u00e4ckage av hydraulv\u00e4tska \u00e4r ett vanligt problem med skopcylindrar och kan orsakas av skadade t\u00e4tningar, feljusterade komponenter eller slitna delar. L\u00f6sningen \u00e4r att omedelbart byta ut de felaktiga komponenterna.<\/p>\n<\/li>\n<li>\n<h3>Brist p\u00e5 makt<\/h3>\n<p>Om skopcylindern inte ger tillr\u00e4ckligt med kraft kan det bero p\u00e5 l\u00e5gt hydraultryck eller en trasig hydraulpump. L\u00f6sningen \u00e4r att kontrollera och justera hydraultrycket och byta ut hydraulpumpen vid behov.<\/p>\n<\/li>\n<li>\n<h3>Fastnat cylinder<\/h3>\n<p>Om skopcylindern har fastnat i ett l\u00e4ge kan det bero p\u00e5 en skadad kolv eller st\u00e5ng eller en felaktigt justerad komponent. L\u00f6sningen \u00e4r att byta ut de felaktiga komponenterna och justera cylindern korrekt.<\/p>\n<\/li>\n<\/ul>\n<p><img decoding=\"async\" src=\"https:\/\/www.hydraulic-cylinders.net\/wp-content\/uploads\/2025\/01\/songte-bushings-with-all-kinds-of-excavator-models.webp\" alt=\"Skopscylinder f\u00f6r Aotai AT60E-9 bussningar\"><\/p>\n<h2>Om v\u00e5rt f\u00f6retag<\/h2>\n<p>Vi \u00e4r en tillverkare av hydraulcylindrar f\u00f6r ers\u00e4ttning med ett komplett produktsortiment och \u00e4r nu en av de ledande tillverkarna och grossistdistribut\u00f6rerna av hydraulcylindrar p\u00e5 b\u00e5de inhemska och internationella marknader. Vi f\u00f6ljer principen om utm\u00e4rkt kvalitet och f\u00f6rlitar oss p\u00e5 industrialiserade produktionsstrategier i fint bearbetade tillverkningsverkst\u00e4der. Genom att anv\u00e4nda tekniska talanger, digital avancerad tillverkningsutrustning och professionella testsystem f\u00f6rb\u00e4ttrar vi kontinuerligt tillverkningsplattformen f\u00f6r verkst\u00e4der, f\u00f6rb\u00e4ttrar produktkvaliteten och produktionsv\u00e4garna och har en stark kreativ f\u00f6rm\u00e5ga att m\u00f6ta kundernas krav med h\u00f6g effektivitet, noggrannhet och kvalitet.<\/p>\n<ul>\n<li>\n<h3>Professionalism<\/h3>\n<p>V\u00e5rt f\u00f6retag har ett starkt tekniskt team, avancerad produktionsutrustning och professionella testsystem f\u00f6r att s\u00e4kerst\u00e4lla kvaliteten p\u00e5 v\u00e5ra produkter.<\/p>\n<\/li>\n<li>\n<h3>Internationell certifiering<\/h3>\n<p>V\u00e5ra produkter har klarat olika internationella certifieringar som ISO9001:2015, SGS och CE.<\/p>\n<\/li>\n<li>\n<h3>Anpassningstj\u00e4nster<\/h3>\n<p>Vi erbjuder skr\u00e4ddarsydda tj\u00e4nster enligt kundernas krav f\u00f6r att m\u00f6ta deras olika behov.<\/p>\n<\/li>\n<li>\n<h3>Produktionsutrustning<\/h3>\n<p>Vi anv\u00e4nder avancerad produktionsutrustning, s\u00e5som automatiska svetsmaskiner, CNC-bearbetningscentraler och precisionsslipmaskiner, f\u00f6r att f\u00f6rb\u00e4ttra produktkvaliteten och produktionseffektiviteten.<\/p>\n<\/li>\n<li>\n<h3>Eftermarknadstj\u00e4nster<\/h3>\n<p>Vi erbjuder en omfattande eftermarknadsservice, inklusive teknisk support, garanti och reparationstj\u00e4nster f\u00f6r att s\u00e4kerst\u00e4lla kundn\u00f6jdhet.<\/p>\n<\/li>\n<\/ul>\n<p><img decoding=\"async\" src=\"https:\/\/hzpt.com\/wp-content\/uploads\/2024\/11\/songte-company-1.webp\" alt=\"Skopscylinder f\u00f6r Aotai AT60E-9 Company\"><\/p>\n<p>F\u00f6rfattare: lyl.<\/p>","protected":false},"excerpt":{"rendered":"<p>Bucket Cylinder for Aotai AT60E-9 Introduction A bucket cylinder is a specialized hydraulic cylinder designed for controlling the motion of the bucket in heavy machinery such as excavators, backhoe loaders, and front-end loaders. Its main function is to enable the bucket to lift, lower, and tilt, making it easier to carry out various material handling [&hellip;]<\/p>","protected":false},"featured_media":14789,"comment_status":"open","ping_status":"closed","template":"","meta":{"_et_pb_use_builder":"","_et_pb_old_content":"","_et_gb_content_width":""},"product_brand":[],"product_cat":[1494],"product_tag":[1495,1496],"class_list":{"0":"post-15912","1":"product","2":"type-product","3":"status-publish","4":"has-post-thumbnail","6":"product_cat-bucket-cylinders","7":"product_tag-bucket-cylinders","8":"product_tag-hydraulic-cylinders","10":"first","11":"instock","12":"shipping-taxable","13":"product-type-simple"},"amp_enabled":true,"_links":{"self":[{"href":"https:\/\/www.hydraulic-cylinders.net\/sv\/wp-json\/wp\/v2\/product\/15912","targetHints":{"allow":["GET"]}}],"collection":[{"href":"https:\/\/www.hydraulic-cylinders.net\/sv\/wp-json\/wp\/v2\/product"}],"about":[{"href":"https:\/\/www.hydraulic-cylinders.net\/sv\/wp-json\/wp\/v2\/types\/product"}],"replies":[{"embeddable":true,"href":"https:\/\/www.hydraulic-cylinders.net\/sv\/wp-json\/wp\/v2\/comments?post=15912"}],"wp:featuredmedia":[{"embeddable":true,"href":"https:\/\/www.hydraulic-cylinders.net\/sv\/wp-json\/wp\/v2\/media\/14789"}],"wp:attachment":[{"href":"https:\/\/www.hydraulic-cylinders.net\/sv\/wp-json\/wp\/v2\/media?parent=15912"}],"wp:term":[{"taxonomy":"product_brand","embeddable":true,"href":"https:\/\/www.hydraulic-cylinders.net\/sv\/wp-json\/wp\/v2\/product_brand?post=15912"},{"taxonomy":"product_cat","embeddable":true,"href":"https:\/\/www.hydraulic-cylinders.net\/sv\/wp-json\/wp\/v2\/product_cat?post=15912"},{"taxonomy":"product_tag","embeddable":true,"href":"https:\/\/www.hydraulic-cylinders.net\/sv\/wp-json\/wp\/v2\/product_tag?post=15912"}],"curies":[{"name":"wp","href":"https:\/\/api.w.org\/{rel}","templated":true}]}}