{"id":15919,"date":"2025-01-19T15:09:51","date_gmt":"2025-01-19T15:09:51","guid":{"rendered":"https:\/\/www.hydraulic-cylinders.net\/product\/bucket-cylinder-for-atlas-3608lc\/"},"modified":"2025-01-19T15:09:55","modified_gmt":"2025-01-19T15:09:55","slug":"bucket-cylinder-for-atlas-3608lc","status":"publish","type":"product","link":"https:\/\/www.hydraulic-cylinders.net\/sv\/produkt\/bucket-cylinder-for-atlas-3608lc\/","title":{"rendered":"Skopscylinder f\u00f6r Atlas 3608LC"},"content":{"rendered":"<p><!DOCTYPE html><br \/>\n<html><br \/>\n<head><br \/>\n<title>Skopscylinder f\u00f6r Atlas 3608LC<\/title><br \/>\n<\/head><br \/>\n<body><\/p>\n<h1>Skopscylinder f\u00f6r Atlas 3608LC<\/h1>\n<h2>Vad \u00e4r en hinkcylinder?<\/h2>\n<p>En skopcylinder \u00e4r en specialdesignad hydraulcylinder som anv\u00e4nds f\u00f6r att styra skopans r\u00f6relse i tunga maskiner som gr\u00e4vmaskiner, gr\u00e4vlastare och frontlastare. Dess huvudsakliga funktion \u00e4r att m\u00f6jligg\u00f6ra lyftning, s\u00e4nkning och lutning av skopan, vilket g\u00f6r det enklare att hantera olika materialhanteringsuppgifter. I ett hydraulsystem uppn\u00e5r skopcylindern exakt kontroll \u00f6ver skopan genom att variera hydrauloljans tryck, vilket g\u00f6r det m\u00f6jligt f\u00f6r operat\u00f6rer att effektivt hantera tunga laster och anpassa sig till komplexa arbetsmilj\u00f6er och olika arbetskrav.<\/p>\n<p><img decoding=\"async\" src=\"https:\/\/www.hydraulic-cylinders.net\/wp-content\/uploads\/2025\/01\/songte-company-2.webp\" alt=\"Bild av skopcylinder\"><\/p>\n<h2>Funktioner hos skopcylindern f\u00f6r Atlas 3608LC<\/h2>\n<ul>\n<li>H\u00f6g h\u00e5llfasthet och h\u00e5llbarhet: Vanligtvis tillverkad av h\u00f6gh\u00e5llfast st\u00e5l eller aluminium, t\u00e5l h\u00f6gt tryck och tunga belastningar och anpassar sig till tuffa arbetsmilj\u00f6er. Utformad med h\u00e4nsyn till slitstyrka och korrosionsbest\u00e4ndighet f\u00f6r att f\u00f6rl\u00e4nga dess livsl\u00e4ngd.<\/li>\n<li>Effektiv hydraulisk drift: Utnyttjar hydrauloljans tryck f\u00f6r att uppn\u00e5 smidiga ut- och indragningsr\u00f6relser, vilket s\u00e4kerst\u00e4ller snabb respons p\u00e5 kontrollkommandon och ger kraftfulla tryck- och dragkrafter l\u00e4mpliga f\u00f6r hantering av tunga laster och komplexa uppgifter.<\/li>\n<li>Olika typer: Finns som enkelverkande (hydrauliskt tryck i en riktning) eller dubbelverkande (hydrauliskt tryck i b\u00e5da riktningarna) cylindrar, vilket m\u00f6jligg\u00f6r olika driftskrav. Vissa modeller \u00e4r teleskopiska, vilket m\u00f6jligg\u00f6r st\u00f6rre utbyggnad utan att \u00f6ka de yttre m\u00e5tten, perfekt f\u00f6r applikationer med begr\u00e4nsat utrymme.<\/li>\n<li>Perfekt ers\u00e4ttning: V\u00e5ra produkter kan perfekt ers\u00e4tta dessa hydraulcylindrar, vilket ger p\u00e5litlig prestanda och kompatibilitet.<\/li>\n<\/ul>\n<p><img decoding=\"async\" src=\"https:\/\/www.hydraulic-cylinders.net\/wp-content\/uploads\/2025\/01\/songte-cylinder-head-with-all-kinds-excavator-models.webp\" alt=\"Byte av skopcylinder\"><\/p>\n<h2>Applikationer<\/h2>\n<ul>\n<li>Byggutrustning: De finns i gr\u00e4vmaskiner och \u00e4r viktiga f\u00f6r att gr\u00e4va, lasta och flytta jord eller skr\u00e4p. I gr\u00e4vlastare hj\u00e4lper skopcylindern till vid b\u00e5de gr\u00e4vning och lyftning.<\/li>\n<li>Jordbruksmaskiner: Anv\u00e4nds i frontlastare f\u00f6r att \u00f6sa, lyfta och transportera jord, h\u00f6 och andra material.<\/li>\n<li>Gr\u00e4vmaskiner: Skopans cylinder m\u00f6jligg\u00f6r gr\u00e4vning genom att l\u00e5ta skopan tr\u00e4nga ner i jorden.<\/li>\n<li>Lastare: I frontlastare hj\u00e4lper de till med effektiv lyftning och lossning av gods.<\/li>\n<\/ul>\n<h2>Design\u00f6verv\u00e4ganden och urvalskriterier<\/h2>\n<ul>\n<li>B\u00e4rf\u00f6rm\u00e5ga: Diskutera cylinderns f\u00f6rm\u00e5ga att motst\u00e5 belastningar och tryck.<\/li>\n<li>T\u00e4tning: Diskutera anv\u00e4ndningen av olika t\u00e4tningskomponenter s\u00e5som kolvt\u00e4tningar och kolvst\u00e5ngst\u00e4tningar, med hj\u00e4lp av h\u00e5llbara material som polyuretan och nitrilgummi.<\/li>\n<li>H\u00e5llbarhet: Framh\u00e4v den fina ytbehandlingen av cylinderhuset och de g\u00e4ngade \u00e4ndarna f\u00f6r att f\u00f6rb\u00e4ttra slitstyrkan.<\/li>\n<li>S\u00e4kerhet: Ta h\u00e4nsyn till s\u00e4kerhetsaspekter i konstruktionen och s\u00e4kerst\u00e4ll att cylindern fungerar s\u00e4kert och tillf\u00f6rlitligt.<\/li>\n<li>Underh\u00e5llbarhet: Diskutera hur enkelt det \u00e4r att underh\u00e5lla och reparera, med betoning p\u00e5 tillg\u00e5ngen till reservdelar och ombyggnadstj\u00e4nster.<\/li>\n<\/ul>\n<p><img decoding=\"async\" src=\"https:\/\/www.hydraulic-cylinders.net\/wp-content\/uploads\/2025\/01\/songte-oil-pipes-and-spare-parts.webp\" alt=\"Hydrauliska cylinderdelar\"><\/p>\n<h2>T\u00e4tning och sm\u00f6rjning<\/h2>\n<p>Skopscylindern anv\u00e4nder olika t\u00e4tningar, s\u00e5som kolvt\u00e4tningar och kolvst\u00e5ngst\u00e4tningar, vilka \u00e4r tillverkade av slitstarka material som polyuretan och nitrilgummi. Cylinderhuset och de g\u00e4ngade \u00e4ndarna genomg\u00e5r en finbehandling f\u00f6r att f\u00f6rb\u00e4ttra slitstyrkan. Regelbunden sm\u00f6rjning med l\u00e4mplig hydraulolja \u00e4r n\u00f6dv\u00e4ndig f\u00f6r att s\u00e4kerst\u00e4lla smidig drift och cylinderns l\u00e5nga livsl\u00e4ngd.<\/p>\n<h2>Regelbunden inspektion och f\u00f6rebyggande underh\u00e5ll<\/h2>\n<ul>\n<li>Utf\u00f6r regelbundna inspektioner f\u00f6r att kontrollera om det finns tecken p\u00e5 slitage, l\u00e4ckor eller skador p\u00e5 cylindern och dess komponenter.<\/li>\n<li>S\u00e4kerst\u00e4ll korrekt sm\u00f6rjning av cylindern och byt ut t\u00e4tningar vid behov f\u00f6r att bibeh\u00e5lla optimal prestanda.<\/li>\n<li>Implementera f\u00f6rebyggande \u00e5tg\u00e4rder f\u00f6r att minimera potentiella problem, s\u00e5som att undvika \u00f6verbelastning och f\u00f6lja rekommenderade driftsriktlinjer.<\/li>\n<\/ul>\n<h2>Produktinstallationsguide<\/h2>\n<p>Korrekt installation av skopcylindern \u00e4r avg\u00f6rande f\u00f6r dess prestanda och livsl\u00e4ngd. F\u00f6lj dessa riktlinjer:<\/p>\n<ul>\n<li>S\u00e4kerst\u00e4ll korrekt inriktning av cylindern under installationen.<\/li>\n<li>Anv\u00e4nd l\u00e4mpliga monteringsf\u00e4sten f\u00f6r att f\u00e4sta cylindern p\u00e5 plats.<\/li>\n<li>F\u00f6lj rekommenderade procedurer f\u00f6r inspektion, reparation och utbyte.<\/li>\n<li>Ge tips f\u00f6r att \u00f6ka cylinderns livsl\u00e4ngd, s\u00e5som att anv\u00e4nda den inom dess angivna gr\u00e4nser och undvika \u00f6verdrivet slitage.<\/li>\n<\/ul>\n<p><img decoding=\"async\" src=\"https:\/\/www.hydraulic-cylinders.net\/wp-content\/uploads\/2025\/01\/songte-chushion-collar.webp\" alt=\"Installation av skopcylinder\"><\/p>\n<h2>S\u00e4kerhetsaspekter och milj\u00f6faktorer<\/h2>\n<p>Betona vikten av s\u00e4kerhets\u00e5tg\u00e4rder vid arbete med skopcylindern och lyft fram eventuella milj\u00f6faktorer att beakta.<\/p>\n<h2>Fels\u00f6kning och vanliga problem<\/h2>\n<p>Diskutera potentiella problem och ge fels\u00f6kningstips och l\u00f6sningar f\u00f6r att hj\u00e4lpa l\u00e4sarna att effektivt diagnostisera och l\u00f6sa problem. F\u00f6resl\u00e5 \u00e4ven f\u00f6rebyggande \u00e5tg\u00e4rder f\u00f6r att minimera potentiella problem.<\/p>\n<p><img decoding=\"async\" src=\"https:\/\/www.hydraulic-cylinders.net\/wp-content\/uploads\/2025\/01\/songte-bushings-with-all-kinds-of-excavator-models.webp\" alt=\"Skopscylinderbussningar\"><\/p>\n<p>Kom ih\u00e5g att organisera artikeln logiskt, anv\u00e4nda underrubriker f\u00f6r enkel navigering, inkludera relevanta bilder eller diagram f\u00f6r att f\u00f6rb\u00e4ttra f\u00f6rst\u00e5elsen och se till att inneh\u00e5llet \u00e4r tydligt, koncist och l\u00e4mpligt f\u00f6r l\u00e4sare med varierande tekniska kunskapsniv\u00e5er.<\/p>\n<h2>Om v\u00e5rt f\u00f6retag<\/h2>\n<p>Vi \u00e4r en ledande tillverkare och grossistdistribut\u00f6r av hydraulcylindrar p\u00e5 den inhemska och internationella marknaden. V\u00e5rt f\u00f6retag erbjuder ett omfattande produktsortiment och f\u00f6ljer en strategi f\u00f6r industriell produktionshantering, med f\u00f6rlitande p\u00e5 utm\u00e4rkt kvalitet, sofistikerade tillverkningsverkst\u00e4der och till\u00e4mpning av avancerad teknik och professionella testsystem. Med hj\u00e4lp av avancerad tillverkningsutrustning str\u00e4var vi efter effektivitet, precision och h\u00f6gkvalitativa produkter f\u00f6r att m\u00f6ta v\u00e5ra kunders olika behov.<\/p>\n<p><img decoding=\"async\" src=\"https:\/\/www.hydraulic-cylinders.net\/wp-content\/uploads\/2025\/01\/songte-company-3.webp\" alt=\"F\u00f6retagsbild\"><\/p>\n<ul>\n<li>Professionalism: V\u00e5rt team best\u00e5r av tekniska experter som s\u00e4kerst\u00e4ller h\u00f6gsta m\u00f6jliga niv\u00e5 av professionalism i alla aspekter av v\u00e5r verksamhet.<\/li>\n<li>Internationell certifiering: V\u00e5ra produkter uppfyller internationella kvalitetsstandarder och \u00e4r certifierade f\u00f6r sin tillf\u00f6rlitlighet och prestanda.<\/li>\n<li>Anpassningstj\u00e4nster: Vi erbjuder anpassningstj\u00e4nster f\u00f6r att m\u00f6ta specifika kundkrav och tillhandah\u00e5ller skr\u00e4ddarsydda l\u00f6sningar.<\/li>\n<li>Avancerad produktionsutrustning: Vi har investerat i toppmodern tillverkningsutrustning f\u00f6r att s\u00e4kerst\u00e4lla precision och effektivitet.<\/li>\n<li>Eftermarknadsservice: Vi erbjuder omfattande eftermarknadsservice, inklusive underh\u00e5ll, reparation och utbyte av delar, f\u00f6r att st\u00f6dja v\u00e5ra kunder och f\u00f6rl\u00e4nga livsl\u00e4ngden p\u00e5 v\u00e5ra produkter.<\/li>\n<\/ul>\n<p>F\u00f6rfattare: lyl<\/p>\n<p><\/body><br \/>\n<\/html><\/p>","protected":false},"excerpt":{"rendered":"<p>Bucket Cylinder For Atlas 3608LC Bucket Cylinder For Atlas 3608LC What is a Bucket Cylinder? A bucket cylinder is a specially designed hydraulic cylinder used to control the movement of the bucket in heavy machinery such as excavators, backhoe loaders, and front-end loaders. Its main function is to enable the lifting, lowering, and tilting of [&hellip;]<\/p>","protected":false},"featured_media":14778,"comment_status":"open","ping_status":"closed","template":"","meta":{"_et_pb_use_builder":"","_et_pb_old_content":"","_et_gb_content_width":""},"product_brand":[],"product_cat":[1494],"product_tag":[1495,1496],"class_list":{"0":"post-15919","1":"product","2":"type-product","3":"status-publish","4":"has-post-thumbnail","6":"product_cat-bucket-cylinders","7":"product_tag-bucket-cylinders","8":"product_tag-hydraulic-cylinders","10":"first","11":"instock","12":"shipping-taxable","13":"product-type-simple"},"amp_enabled":true,"_links":{"self":[{"href":"https:\/\/www.hydraulic-cylinders.net\/sv\/wp-json\/wp\/v2\/product\/15919","targetHints":{"allow":["GET"]}}],"collection":[{"href":"https:\/\/www.hydraulic-cylinders.net\/sv\/wp-json\/wp\/v2\/product"}],"about":[{"href":"https:\/\/www.hydraulic-cylinders.net\/sv\/wp-json\/wp\/v2\/types\/product"}],"replies":[{"embeddable":true,"href":"https:\/\/www.hydraulic-cylinders.net\/sv\/wp-json\/wp\/v2\/comments?post=15919"}],"wp:featuredmedia":[{"embeddable":true,"href":"https:\/\/www.hydraulic-cylinders.net\/sv\/wp-json\/wp\/v2\/media\/14778"}],"wp:attachment":[{"href":"https:\/\/www.hydraulic-cylinders.net\/sv\/wp-json\/wp\/v2\/media?parent=15919"}],"wp:term":[{"taxonomy":"product_brand","embeddable":true,"href":"https:\/\/www.hydraulic-cylinders.net\/sv\/wp-json\/wp\/v2\/product_brand?post=15919"},{"taxonomy":"product_cat","embeddable":true,"href":"https:\/\/www.hydraulic-cylinders.net\/sv\/wp-json\/wp\/v2\/product_cat?post=15919"},{"taxonomy":"product_tag","embeddable":true,"href":"https:\/\/www.hydraulic-cylinders.net\/sv\/wp-json\/wp\/v2\/product_tag?post=15919"}],"curies":[{"name":"wp","href":"https:\/\/api.w.org\/{rel}","templated":true}]}}