{"id":15921,"date":"2025-01-19T15:10:04","date_gmt":"2025-01-19T15:10:04","guid":{"rendered":"https:\/\/www.hydraulic-cylinders.net\/product\/bucket-cylinder-for-atlas-7808lc\/"},"modified":"2025-01-19T15:10:14","modified_gmt":"2025-01-19T15:10:14","slug":"bucket-cylinder-for-atlas-7808lc","status":"publish","type":"product","link":"https:\/\/www.hydraulic-cylinders.net\/sv\/produkt\/bucket-cylinder-for-atlas-7808lc\/","title":{"rendered":"Skopscylinder f\u00f6r Atlas 7808LC"},"content":{"rendered":"<h1>Skopscylinder f\u00f6r Atlas 7808LC<\/h1>\n<h2>Introduktion<\/h2>\n<p>Skopcylindern till Atlas 7808LC \u00e4r en typ av hydraulcylinder som \u00e4r speciellt konstruerad f\u00f6r att styra r\u00f6relsen hos skopor i tunga maskiner som gr\u00e4vmaskiner, gr\u00e4vlastare och frontlastare. Dess huvudsakliga funktion \u00e4r att l\u00e5ta skopan lyftas, s\u00e4nkas och lutas, vilket underl\u00e4ttar olika materialhanteringsuppgifter. I hydraulsystemet uppn\u00e5r skopcylindern exakt kontroll \u00f6ver skopan genom f\u00f6r\u00e4ndringar i hydrauloljetrycket, vilket g\u00f6r det m\u00f6jligt f\u00f6r f\u00f6rare att hantera tunga laster effektivt och anpassa sig till komplexa arbetsmilj\u00f6er och olika driftskrav.<\/p>\n<p><img decoding=\"async\" src=\"https:\/\/www.hydraulic-cylinders.net\/wp-content\/uploads\/2025\/01\/songte-company-2.webp\" alt=\"Skopscylinder\" style=\"width:100%\"><\/p>\n<h2>Drag<\/h2>\n<ul>\n<li>\n<h3>H\u00f6g styrka och h\u00e5llbarhet<\/h3>\n<p>Skopscylindrar tillverkas vanligtvis av h\u00f6gh\u00e5llfast st\u00e5l eller aluminium, vilket g\u00f6r att de kan motst\u00e5 h\u00f6gt tryck och tunga belastningar, och anpassa sig till tuffa arbetsmilj\u00f6er. Deras design tar h\u00e4nsyn till slitage- och korrosionsbest\u00e4ndighet, vilket f\u00f6rl\u00e4nger deras livsl\u00e4ngd.<\/p>\n<\/li>\n<li>\n<h3>Effektiv hydraulisk drift<\/h3>\n<p>Skopscylindrar anv\u00e4nder hydrauliskt oljetryck f\u00f6r att uppn\u00e5 j\u00e4mn ut- och inf\u00e4llning, vilket g\u00f6r att de kan reagera snabbt p\u00e5 styrkommandon, ge kraftfull tryck- och dragkraft och vara l\u00e4mpliga f\u00f6r hantering av tunga laster och komplexa driftsuppgifter.<\/p>\n<\/li>\n<li>\n<h3>Flera typer<\/h3>\n<p>Skopscylindrar finns i enkelverkande (hydrauliska i en riktning) eller dubbelverkande (hydrauliska i tv\u00e5 riktningar) modeller f\u00f6r att m\u00f6ta olika driftskrav. Vissa modeller \u00e4r teleskopiska, vilket m\u00f6jligg\u00f6r st\u00f6rre utdrag utan att \u00f6ka de yttersta m\u00e5tten, vilket g\u00f6r dem l\u00e4mpliga f\u00f6r applikationer med begr\u00e4nsat utrymme.<\/p>\n<\/li>\n<li>\n<h3>Utbytbar<\/h3>\n<p>V\u00e5rt f\u00f6retag kan producera denna produkt och v\u00e5r produkt kan perfekt ers\u00e4tta dessa hydraulcylindrar.<\/p>\n<\/li>\n<\/ul>\n<p><img decoding=\"async\" src=\"https:\/\/www.hydraulic-cylinders.net\/wp-content\/uploads\/2025\/01\/songte-cylinder-head-with-all-kinds-excavator-models.webp\" alt=\"Hydraulcylinder\" style=\"width:100%\"><\/p>\n<h2>Applikationer<\/h2>\n<p>Skopscylindrar anv\u00e4nds ofta i olika byggmaskiner, jordbruksmaskiner och andra industrier, inklusive:<\/p>\n<ul>\n<li>\n<h3>Byggutrustning<\/h3>\n<p>Skopcylindrar finns i gr\u00e4vmaskiner, d\u00e4r de \u00e4r viktiga f\u00f6r att gr\u00e4va, lasta och flytta jord eller skr\u00e4p. I gr\u00e4vlastare hj\u00e4lper skopcylindern till med b\u00e5de gr\u00e4vning och lyftning. I frontlastare hj\u00e4lper de till med att lyfta och dumpa gods effektivt.<\/p>\n<\/li>\n<li>\n<h3>Jordbruksmaskiner<\/h3>\n<p>Skopcylindrar anv\u00e4nds i frontlastare f\u00f6r att \u00f6sa, lyfta och transportera jord, h\u00f6 och andra material.<\/p>\n<\/li>\n<li>\n<h3>Gr\u00e4vmaskiner<\/h3>\n<p>Skopcylindrar g\u00f6r det m\u00f6jligt f\u00f6r gr\u00e4vmaskiner att tr\u00e4nga ner i jorden genom att l\u00e5ta skopan r\u00f6ra sig genom den.<\/p>\n<\/li>\n<\/ul>\n<h2>Design\u00f6verv\u00e4ganden och urvalskriterier<\/h2>\n<p>N\u00e4r det g\u00e4ller design\u00f6verv\u00e4ganden f\u00f6r skopcylindrar \u00e4r flera viktiga faktorer avg\u00f6rande f\u00f6r deras tillf\u00f6rlitliga prestanda, inklusive:<\/p>\n<ul>\n<li>\n<h3>B\u00e4rf\u00f6rm\u00e5ga<\/h3>\n<p>Skopcylinderns b\u00e4rf\u00f6rm\u00e5ga \u00e4r avg\u00f6rande och m\u00e5ste vara konstruerad f\u00f6r att hantera vikten av lasten som lyfts eller flyttas.<\/p>\n<\/li>\n<li>\n<h3>T\u00e4tning och h\u00e5llbarhet<\/h3>\n<p>Skopscylindrar kr\u00e4ver tillf\u00f6rlitliga t\u00e4tningar f\u00f6r att f\u00f6rhindra oljel\u00e4ckage, vilket kan orsaka hydrauliska fel och leda till stillest\u00e5ndstid f\u00f6r utrustningen. Dessutom m\u00e5ste cylinderns h\u00e5llbarhet beaktas f\u00f6r att s\u00e4kerst\u00e4lla l\u00e5ng livsl\u00e4ngd.<\/p>\n<\/li>\n<li>\n<h3>S\u00e4kerhet<\/h3>\n<p>Skopscylindern m\u00e5ste vara konstruerad med anv\u00e4ndars\u00e4kerhet i \u00e5tanke f\u00f6r att f\u00f6rhindra olyckor eller skador som kan intr\u00e4ffa under drift.<\/p>\n<\/li>\n<li>\n<h3>Underh\u00e5ll och reparation<\/h3>\n<p>Cylindern m\u00e5ste vara konstruerad f\u00f6r att m\u00f6jligg\u00f6ra enkelt underh\u00e5ll och reparation. Detta kan inkludera funktioner som utbytbara delar eller enkel \u00e5tkomst f\u00f6r inspektion och underh\u00e5ll.<\/p>\n<\/li>\n<\/ul>\n<p><img decoding=\"async\" src=\"https:\/\/www.hydraulic-cylinders.net\/wp-content\/uploads\/2025\/01\/songte-oil-pipes-and-spare-parts.webp\" alt=\"Hydraulcylinder\" style=\"width:100%\"><\/p>\n<h2>T\u00e4tning och sm\u00f6rjning<\/h2>\n<p>Skopscylindrar anv\u00e4nder olika t\u00e4tningskomponenter, inklusive kolvt\u00e4tningar och kolvst\u00e5ngst\u00e4tningar, vilka vanligtvis \u00e4r tillverkade av slitstarka material som polyuretan eller nitrilgummi. F\u00f6r att s\u00e4kerst\u00e4lla l\u00e5ng livsl\u00e4ngd m\u00e5ste cylinderkroppen och kolvst\u00e5ngsytan behandlas f\u00f6r slitstyrka. Regelbunden sm\u00f6rjning med hydraulolja \u00e4r ocks\u00e5 n\u00f6dv\u00e4ndig f\u00f6r att bibeh\u00e5lla cylinderns korrekta funktion.<\/p>\n<h2>Underh\u00e5ll och reparation<\/h2>\n<p>F\u00f6r att s\u00e4kerst\u00e4lla korrekt drift och f\u00f6rl\u00e4nga skopcylinderns livsl\u00e4ngd \u00e4r regelbundna inspektioner och f\u00f6rebyggande underh\u00e5ll n\u00f6dv\u00e4ndiga. Detta kan inkludera uppgifter som:<\/p>\n<ul>\n<li>\n<h3>Regelbunden inspektion<\/h3>\n<p>Regelbunden inspektion av cylinder, t\u00e4tningar, monteringsf\u00e4sten och kopplingar kan f\u00f6rhindra att sm\u00e5 problem blir till stora problem och i slut\u00e4ndan minska driftstopp.<\/p>\n<\/li>\n<li>\n<h3>Korrekt sm\u00f6rjning<\/h3>\n<p>Korrekt sm\u00f6rjning av cylindern \u00e4r avg\u00f6rande f\u00f6r dess smidiga drift. Detta kan inkludera anv\u00e4ndning av l\u00e4mplig hydraulolja eller fett, beroende p\u00e5 cylinderns konstruktion.<\/p>\n<\/li>\n<li>\n<h3>Byte av t\u00e4tning och kalibreringskontroll<\/h3>\n<p>Att byta ut slitna t\u00e4tningar och kontrollera kalibreringen kan f\u00f6rb\u00e4ttra cylinderns prestanda och livsl\u00e4ngd.<\/p>\n<\/li>\n<\/ul>\n<p><img decoding=\"async\" src=\"https:\/\/www.hydraulic-cylinders.net\/wp-content\/uploads\/2025\/01\/songte-chushion-collar.webp\" alt=\"Hydraulcylinder\" style=\"width:100%\"><\/p>\n<h2>S\u00e4kerhetsaspekter och milj\u00f6faktorer<\/h2>\n<p>Skopscylindrar kr\u00e4ver korrekt anv\u00e4ndning och underh\u00e5ll f\u00f6r att s\u00e4kerst\u00e4lla s\u00e4ker drift. Operat\u00f6rer b\u00f6r utbildas i korrekt anv\u00e4ndning av cylindern och f\u00f6lja alla s\u00e4kerhetsriktlinjer. Milj\u00f6faktorer, s\u00e5som temperatur, fuktighet och exponering f\u00f6r kemikalier, kan ocks\u00e5 p\u00e5verka cylinderns prestanda och m\u00e5ste beaktas.<\/p>\n<h2>Vanliga problem och fels\u00f6kning<\/h2>\n<p>N\u00e5gra vanliga problem som kan uppst\u00e5 med skopcylindrar inkluderar l\u00e4ckage, l\u00e5ngsam eller ok\u00e4nslig drift och skador p\u00e5 cylinderhuset eller t\u00e4tningarna. Fels\u00f6kning av dessa problem kan inneb\u00e4ra att kontrollera att sm\u00f6rjningen \u00e4r korrekt, inspektera t\u00e4tningar och kopplingar samt unders\u00f6ka cylindern f\u00f6r skador. Regelbundet f\u00f6rebyggande underh\u00e5ll kan bidra till att minska f\u00f6rekomsten av dessa problem.<\/p>\n<p><img decoding=\"async\" src=\"https:\/\/www.hydraulic-cylinders.net\/wp-content\/uploads\/2025\/01\/songte-bushings-with-all-kinds-of-excavator-models.webp\" alt=\"Hydraulcylinder\" style=\"width:100%\"><\/p>\n<h2>Om v\u00e5rt f\u00f6retag<\/h2>\n<p>Vi \u00e4r en ledande tillverkare och grossistdistribut\u00f6r av hydraulcylindrar p\u00e5 den inhemska och internationella marknaden. V\u00e5rt f\u00f6retag f\u00f6ljer principen om utm\u00e4rkt kvalitet och f\u00f6rlitar sig p\u00e5 industrialiserade produktionsstrategier baserade p\u00e5 precisionstillverkningsverkst\u00e4der, tekniska talanger, digital avancerad tillverkningsutrustning samt professionella testsystem. V\u00e5rt f\u00f6retag f\u00f6rb\u00e4ttrar kontinuerligt verkstadsplattformen, f\u00f6rb\u00e4ttrar produktkvaliteten och produktionsv\u00e4gen och har starka produktionskapaciteter f\u00f6r att m\u00f6ta kundernas olika behov med h\u00f6g effektivitet, precision och kvalitet. <\/p>\n<p>V\u00e5rt f\u00f6retag erbjuder olika produkter och tj\u00e4nster s\u00e5som:<\/p>\n<ul>\n<li>\n<h3>Professionalism<\/h3>\n<p>Vi anst\u00e4ller ett team av yrkesverksamma med m\u00e5nga \u00e5rs erfarenhet inom branschen f\u00f6r att s\u00e4kerst\u00e4lla att v\u00e5ra produkter uppfyller h\u00f6gsta m\u00f6jliga standard f\u00f6r kvalitet och tillf\u00f6rlitlighet.<\/p>\n<\/li>\n<li>\n<h3>Internationell certifiering<\/h3>\n<p>V\u00e5ra produkter \u00e4r certifierade enligt internationella standarder, s\u00e5som ISO 9001:2015, vilket s\u00e4kerst\u00e4ller att v\u00e5ra kunder kan lita p\u00e5 v\u00e5ra produkter.<\/p>\n<\/li>\n<li>\n<h3>Anpassningstj\u00e4nster<\/h3>\n<p>Vi erbjuder skr\u00e4ddarsydda tj\u00e4nster f\u00f6r att m\u00f6ta v\u00e5ra kunders unika behov och tillhandah\u00e5ller skr\u00e4ddarsydda l\u00f6sningar som \u00e4r utformade f\u00f6r att uppfylla specifika krav.<\/p>\n<\/li>\n<li>\n<h3>Produktionsutrustning<\/h3>\n<p>Vi anv\u00e4nder avancerad produktionsutrustning, s\u00e5som CNC-maskiner, f\u00f6r att s\u00e4kerst\u00e4lla precisionstillverkning och h\u00f6gkvalitativa produkter.<\/p>\n<\/li>\n<li>\n<h3>Eftermarknadsservice<\/h3>\n<p>Vi erbjuder service efter f\u00f6rs\u00e4ljning f\u00f6r att s\u00e4kerst\u00e4lla att v\u00e5ra kunder \u00e4r n\u00f6jda med v\u00e5ra produkter och tj\u00e4nster, och erbjuder underh\u00e5ll, reparation och utbytestj\u00e4nster.<\/p>\n<\/li>\n<\/ul>\n<p><img decoding=\"async\" src=\"https:\/\/hzpt.com\/wp-content\/uploads\/2024\/11\/songte-company-1.webp\" alt=\"Hydraulcylinder\" style=\"width:100%\"><\/p>\n<p>F\u00f6rfattare: lyl<\/p>","protected":false},"excerpt":{"rendered":"<p>Bucket Cylinder For Atlas 7808LC Introduction The bucket cylinder for Atlas 7808LC is a type of hydraulic cylinder that is specially designed for controlling the movement of buckets in heavy machinery such as excavators, backhoe loaders, and front-end loaders. Its main function is to allow the bucket to be lifted, lowered and tilted, thereby facilitating [&hellip;]<\/p>","protected":false},"featured_media":14773,"comment_status":"open","ping_status":"closed","template":"","meta":{"_et_pb_use_builder":"","_et_pb_old_content":"","_et_gb_content_width":""},"product_brand":[],"product_cat":[1494],"product_tag":[1495,1496],"class_list":{"0":"post-15921","1":"product","2":"type-product","3":"status-publish","4":"has-post-thumbnail","6":"product_cat-bucket-cylinders","7":"product_tag-bucket-cylinders","8":"product_tag-hydraulic-cylinders","10":"first","11":"instock","12":"shipping-taxable","13":"product-type-simple"},"amp_enabled":true,"_links":{"self":[{"href":"https:\/\/www.hydraulic-cylinders.net\/sv\/wp-json\/wp\/v2\/product\/15921","targetHints":{"allow":["GET"]}}],"collection":[{"href":"https:\/\/www.hydraulic-cylinders.net\/sv\/wp-json\/wp\/v2\/product"}],"about":[{"href":"https:\/\/www.hydraulic-cylinders.net\/sv\/wp-json\/wp\/v2\/types\/product"}],"replies":[{"embeddable":true,"href":"https:\/\/www.hydraulic-cylinders.net\/sv\/wp-json\/wp\/v2\/comments?post=15921"}],"wp:featuredmedia":[{"embeddable":true,"href":"https:\/\/www.hydraulic-cylinders.net\/sv\/wp-json\/wp\/v2\/media\/14773"}],"wp:attachment":[{"href":"https:\/\/www.hydraulic-cylinders.net\/sv\/wp-json\/wp\/v2\/media?parent=15921"}],"wp:term":[{"taxonomy":"product_brand","embeddable":true,"href":"https:\/\/www.hydraulic-cylinders.net\/sv\/wp-json\/wp\/v2\/product_brand?post=15921"},{"taxonomy":"product_cat","embeddable":true,"href":"https:\/\/www.hydraulic-cylinders.net\/sv\/wp-json\/wp\/v2\/product_cat?post=15921"},{"taxonomy":"product_tag","embeddable":true,"href":"https:\/\/www.hydraulic-cylinders.net\/sv\/wp-json\/wp\/v2\/product_tag?post=15921"}],"curies":[{"name":"wp","href":"https:\/\/api.w.org\/{rel}","templated":true}]}}