{"id":15923,"date":"2025-01-19T15:10:21","date_gmt":"2025-01-19T15:10:21","guid":{"rendered":"https:\/\/www.hydraulic-cylinders.net\/product\/bucket-cylinder-for-bonny-ced1000-7\/"},"modified":"2025-01-19T15:10:23","modified_gmt":"2025-01-19T15:10:23","slug":"bucket-cylinder-for-bonny-ced1000-7","status":"publish","type":"product","link":"https:\/\/www.hydraulic-cylinders.net\/sv\/produkt\/bucket-cylinder-for-bonny-ced1000-7\/","title":{"rendered":"Skopscylinder f\u00f6r Bonny CED1000-7"},"content":{"rendered":"<h1>Skopscylinder f\u00f6r Bonny CED1000-7<\/h1>\n<h2>Introduktion<\/h2>\n<p>En skopcylinder \u00e4r en specialdesignad hydraulcylinder som anv\u00e4nds f\u00f6r att styra skopans r\u00f6relse i tunga maskiner som gr\u00e4vmaskiner, gr\u00e4vmaskiner och frontlastare. Dess huvudsakliga funktion \u00e4r att g\u00f6ra det m\u00f6jligt att lyfta, s\u00e4nka och luta skopan, vilket g\u00f6r det enkelt att hantera olika materialhanteringsuppgifter. I hydraulsystemet anv\u00e4nder skopcylindern tryckf\u00f6r\u00e4ndringen i hydrauloljan f\u00f6r att uppn\u00e5 exakt kontroll \u00f6ver skopan, vilket g\u00f6r det m\u00f6jligt f\u00f6r operat\u00f6rer att effektivt hantera tunga f\u00f6rem\u00e5l och anpassa sig till komplexa arbetsmilj\u00f6er och olika arbetskrav.<\/p>\n<p><img loading=\"lazy\" decoding=\"async\" src=\"https:\/\/www.hydraulic-cylinders.net\/wp-content\/uploads\/2025\/01\/songte-company-2.webp\" alt=\"Skopscylinder f\u00f6r Bonny CED1000-7\" width=\"500\" height=\"300\"><\/p>\n<h2>Drag<\/h2>\n<ol>\n<li>\n<h3>H\u00f6g styrka och h\u00e5llbarhet<\/h3>\n<p>Skopscylindrar \u00e4r vanligtvis tillverkade av h\u00f6gh\u00e5llfast st\u00e5l eller aluminium som t\u00e5l h\u00f6gt tryck och tunga belastningar och anpassar sig till tuffa arbetsmilj\u00f6er. Konstruktionen tar h\u00e4nsyn till slitstyrka och korrosionsbest\u00e4ndighet, vilket f\u00f6rl\u00e4nger livsl\u00e4ngden.<\/p>\n<\/li>\n<li>\n<h3>Effektiv hydraulisk drift<\/h3>\n<p>Skopscylindrar anv\u00e4nder hydrauliskt oljetryck f\u00f6r att uppn\u00e5 smidiga ut- och inf\u00e4llningsr\u00f6relser, vilket m\u00f6jligg\u00f6r snabb respons p\u00e5 styrkommandon och ger kraftfulla tryck- och dragkrafter som \u00e4r l\u00e4mpliga f\u00f6r hantering av tunga f\u00f6rem\u00e5l och komplexa arbetsuppgifter.<\/p>\n<\/li>\n<li>\n<h3>Olika typer<\/h3>\n<p>Skopscylindrar kan v\u00e4ljas som enkelverkande (hydrauliska anv\u00e4nds endast i en riktning) eller dubbelverkande (hydrauliska anv\u00e4nds i b\u00e5da riktningarna) beroende p\u00e5 driftsbehov. Vissa modeller \u00e4r teleskopiska, vilket m\u00f6jligg\u00f6r st\u00f6rre utdrag utan att \u00f6ka de yttersta m\u00e5tten, l\u00e4mpliga f\u00f6r applikationer med begr\u00e4nsat utrymme.<\/p>\n<\/li>\n<li>\n<h3>Utbytbar<\/h3>\n<p>V\u00e5r produkt kan perfekt ers\u00e4tta dessa hydraulcylindrar.<\/p>\n<\/li>\n<li>\n<h3>Ans\u00f6kan<\/h3>\n<p>Skopcylindrar anv\u00e4nds i olika byggmaskiner, jordbruksmaskiner, gr\u00e4vmaskiner och frontlastare. De \u00e4r viktiga f\u00f6r att gr\u00e4va, lasta och flytta jord eller skr\u00e4p. Skopcylindrar hj\u00e4lper till med att gr\u00e4va, lyfta och dumpa jord i gr\u00e4vlastare. F\u00f6r frontlastare hj\u00e4lper de till med att lyfta och luta last effektivt.<\/p>\n<\/li>\n<\/ol>\n<h2>Design\u00f6verv\u00e4ganden och urvalsstandarder<\/h2>\n<p><img loading=\"lazy\" decoding=\"async\" src=\"https:\/\/www.hydraulic-cylinders.net\/wp-content\/uploads\/2025\/01\/songte-oil-pipes-and-spare-parts.webp\" alt=\"Skopscylinderdesign\" width=\"500\" height=\"300\"><\/p>\n<p>Skopscylindrar \u00e4r kritiska komponenter i tunga maskiner och m\u00e5ste konstrueras och v\u00e4ljas med flera faktorer i \u00e5tanke:<\/p>\n<ol>\n<li>\n<h3>B\u00e4rkraft<\/h3>\n<p>Skopscylindrar b\u00f6r konstrueras f\u00f6r att motst\u00e5 de maximala krafter och p\u00e5frestningar de kan uts\u00e4ttas f\u00f6r i f\u00e4lt. Konstruktionen b\u00f6r ocks\u00e5 ta h\u00e4nsyn till den maximala arbetsbelastningen.<\/p>\n<\/li>\n<li>\n<h3>T\u00e4tning<\/h3>\n<p>Skopscylindrar anv\u00e4nder olika t\u00e4tningskomponenter s\u00e5som kolvt\u00e4tningar, kolvst\u00e5ngst\u00e4tningar etc. De m\u00e5ste vara tillverkade av slitstarka material s\u00e5som polyuretan och nitrilgummi. Cylinderhuset och g\u00e4ngytan genomg\u00e5r finbearbetning f\u00f6r att f\u00f6rb\u00e4ttra slitstyrkan. Regelbunden sm\u00f6rjning \u00e4r avg\u00f6rande f\u00f6r att f\u00f6rhindra skador fr\u00e5n otillr\u00e4cklig sm\u00f6rjning.<\/p>\n<\/li>\n<li>\n<h3>H\u00e5llbarhet och s\u00e4kerhet<\/h3>\n<p>Skopscylindrar m\u00e5ste vara konstruerade f\u00f6r att motst\u00e5 tunga belastningar och ogynnsamma arbetsf\u00f6rh\u00e5llanden. De m\u00e5ste vara tillr\u00e4ckligt h\u00e5llbara f\u00f6r att h\u00e5lla l\u00e4nge och garantera s\u00e4kerheten.<\/p>\n<\/li>\n<li>\n<h3>Underh\u00e5ll<\/h3>\n<p>Skopscylindrar kr\u00e4ver regelbundet underh\u00e5ll och reparation f\u00f6r att f\u00f6rl\u00e4nga sin livsl\u00e4ngd. Inspektion, utbyte och kalibrering av delar som t\u00e4tningar och packningar \u00e4r n\u00f6dv\u00e4ndiga f\u00f6r att f\u00f6rhindra fel och minimera driftstopp.<\/p>\n<\/li>\n<\/ol>\n<h2>Installationsguide<\/h2>\n<p><img loading=\"lazy\" decoding=\"async\" src=\"https:\/\/www.hydraulic-cylinders.net\/wp-content\/uploads\/2025\/01\/songte-chushion-collar.webp\" alt=\"Installationsguide f\u00f6r skopcylinder\" width=\"500\" height=\"300\"><\/p>\n<p>Korrekt installation \u00e4r avg\u00f6rande f\u00f6r optimal prestanda och livsl\u00e4ngd f\u00f6r skopcylindern. F\u00f6ljande \u00e4r de rekommenderade installationsprocedurerna:<\/p>\n<ol>\n<li>Rikta in cylindern korrekt och anv\u00e4nd l\u00e4mpliga monteringsf\u00e4sten f\u00f6r att f\u00e4sta cylindern p\u00e5 plats.<\/li>\n<li>Se till att alla hydrauliska anslutningar \u00e4r p\u00e5 plats och s\u00e4krade.<\/li>\n<li>Kontrollera hydrauloljeniv\u00e5n och fyll p\u00e5 vid behov.<\/li>\n<li>Starta maskinen och testa cylinderns funktion f\u00f6r att s\u00e4kerst\u00e4lla att den fungerar korrekt.<\/li>\n<\/ol>\n<h2>Underh\u00e5llsuppgifter<\/h2>\n<p><img loading=\"lazy\" decoding=\"async\" src=\"https:\/\/www.hydraulic-cylinders.net\/wp-content\/uploads\/2025\/01\/songte-bushings-with-all-kinds-of-excavator-models.webp\" alt=\"Underh\u00e5llsuppgifter\" width=\"500\" height=\"300\"><\/p>\n<p>Regelbundet underh\u00e5ll \u00e4r viktigt f\u00f6r att f\u00f6rl\u00e4nga skopcylinderns livsl\u00e4ngd. F\u00f6ljande \u00e4r vanliga underh\u00e5llsuppgifter:<\/p>\n<ol>\n<li>Regelbunden inspektion av cylindern f\u00f6r tecken p\u00e5 slitage och skador.<\/li>\n<li>Regelbunden sm\u00f6rjning av cylindern f\u00f6r att f\u00f6rhindra skador p\u00e5 grund av otillr\u00e4cklig sm\u00f6rjning.<\/li>\n<li>Byte av slitna eller skadade t\u00e4tningar och packningar.<\/li>\n<li>Kalibreringskontroller f\u00f6r att s\u00e4kerst\u00e4lla korrekt cylinderfunktion.<\/li>\n<\/ol>\n<h2>S\u00e4kerhetsaspekter och milj\u00f6faktorer<\/h2>\n<p>Vid anv\u00e4ndning av skopcylindrar \u00e4r s\u00e4kerhet h\u00f6gsta prioritet. Operat\u00f6rer b\u00f6r vara tillr\u00e4ckligt utbildade och f\u00f6lja alla s\u00e4kerhetsriktlinjer f\u00f6r att undvika olyckor. Dessutom kan milj\u00f6faktorer som temperatur och fuktighet p\u00e5verka skopcylinderns prestanda och livsl\u00e4ngd. Korrekt f\u00f6rvaring och underh\u00e5ll kan minimera dessa effekter.<\/p>\n<h2>Fels\u00f6kning och vanliga problem<\/h2>\n<p><img loading=\"lazy\" decoding=\"async\" src=\"https:\/\/hzpt.com\/wp-content\/uploads\/2024\/11\/songte-company-1.webp\" alt=\"Fels\u00f6kning och vanliga problem\" width=\"500\" height=\"300\"><\/p>\n<p>Skopscylindrar kan st\u00f6ta p\u00e5 flera problem som kan p\u00e5verka deras prestanda. F\u00f6ljande \u00e4r vanliga problem:<\/p>\n<ol>\n<li>L\u00e4ckande olja<\/li>\n<li>L\u00e5ngsam drift<\/li>\n<li>Minskad effekt<\/li>\n<li>\u00d6verdrivet buller eller vibrationer<\/li>\n<\/ol>\n<p>Korrekt diagnos och snabba \u00e5tg\u00e4rder kan hj\u00e4lpa till att l\u00f6sa dessa problem och f\u00f6rhindra ytterligare skador p\u00e5 skopcylindern.<\/p>\n<h2>Om v\u00e5rt f\u00f6retag<\/h2>\n<p><img loading=\"lazy\" decoding=\"async\" src=\"https:\/\/www.hydraulic-cylinders.net\/wp-content\/uploads\/2025\/01\/songte-company-3.webp\" alt=\"Om v\u00e5rt f\u00f6retag\" width=\"500\" height=\"300\"><\/p>\n<p>Vi \u00e4r en ledande tillverkare och grossist av hydraulcylindrar p\u00e5 den inhemska och internationella marknaden. V\u00e5rt f\u00f6retag producerar ett komplett sortiment av produkter och f\u00f6ljer utm\u00e4rkt kvalitet med branschstandardiserade produktionsstrategier. Vi f\u00f6rlitar oss p\u00e5 ett team av tekniska talanger, avancerad digital tillverkningsutrustning och professionella testsystem f\u00f6r att kontinuerligt f\u00f6rb\u00e4ttra v\u00e5r tillverkningsplattform och v\u00e5ra produktionsv\u00e4gar med produktkvalitet. V\u00e5ra produkter \u00e4r l\u00e4mpliga f\u00f6r kundernas m\u00e5ngsidiga behov och f\u00f6ljer principer f\u00f6r h\u00f6g effektivitet, h\u00f6g precision och h\u00f6g kvalitet.<\/p>\n<p>Vi erbjuder kundanpassade tj\u00e4nster, produktionsutrustning och eftermarknadsservice till v\u00e5ra kunder. Vi str\u00e4var efter att tillhandah\u00e5lla h\u00f6gkvalitativa produkter som uppfyller v\u00e5ra kunders behov och f\u00f6rv\u00e4ntningar.<\/p>\n<p>Den h\u00e4r artikeln \u00e4r skriven av lyl.<\/p>","protected":false},"excerpt":{"rendered":"<p>Bucket Cylinder For Bonny CED1000-7 Introduction A bucket cylinder is a specially designed hydraulic cylinder used to control the movement of the bucket in heavy machinery such as excavators, backhoe excavators, and front-end loaders. Its main function is to enable the bucket to lift, lower, and tilt, making it easy to handle various material handling [&hellip;]<\/p>","protected":false},"featured_media":14769,"comment_status":"open","ping_status":"closed","template":"","meta":{"_et_pb_use_builder":"","_et_pb_old_content":"","_et_gb_content_width":""},"product_brand":[],"product_cat":[1494],"product_tag":[1495,1496],"class_list":{"0":"post-15923","1":"product","2":"type-product","3":"status-publish","4":"has-post-thumbnail","6":"product_cat-bucket-cylinders","7":"product_tag-bucket-cylinders","8":"product_tag-hydraulic-cylinders","10":"first","11":"instock","12":"shipping-taxable","13":"product-type-simple"},"amp_enabled":true,"_links":{"self":[{"href":"https:\/\/www.hydraulic-cylinders.net\/sv\/wp-json\/wp\/v2\/product\/15923","targetHints":{"allow":["GET"]}}],"collection":[{"href":"https:\/\/www.hydraulic-cylinders.net\/sv\/wp-json\/wp\/v2\/product"}],"about":[{"href":"https:\/\/www.hydraulic-cylinders.net\/sv\/wp-json\/wp\/v2\/types\/product"}],"replies":[{"embeddable":true,"href":"https:\/\/www.hydraulic-cylinders.net\/sv\/wp-json\/wp\/v2\/comments?post=15923"}],"wp:featuredmedia":[{"embeddable":true,"href":"https:\/\/www.hydraulic-cylinders.net\/sv\/wp-json\/wp\/v2\/media\/14769"}],"wp:attachment":[{"href":"https:\/\/www.hydraulic-cylinders.net\/sv\/wp-json\/wp\/v2\/media?parent=15923"}],"wp:term":[{"taxonomy":"product_brand","embeddable":true,"href":"https:\/\/www.hydraulic-cylinders.net\/sv\/wp-json\/wp\/v2\/product_brand?post=15923"},{"taxonomy":"product_cat","embeddable":true,"href":"https:\/\/www.hydraulic-cylinders.net\/sv\/wp-json\/wp\/v2\/product_cat?post=15923"},{"taxonomy":"product_tag","embeddable":true,"href":"https:\/\/www.hydraulic-cylinders.net\/sv\/wp-json\/wp\/v2\/product_tag?post=15923"}],"curies":[{"name":"wp","href":"https:\/\/api.w.org\/{rel}","templated":true}]}}