{"id":15925,"date":"2025-01-19T15:10:29","date_gmt":"2025-01-19T15:10:29","guid":{"rendered":"https:\/\/www.hydraulic-cylinders.net\/product\/bucket-cylinder-for-bonny-wzy32-7\/"},"modified":"2025-01-19T15:10:31","modified_gmt":"2025-01-19T15:10:31","slug":"bucket-cylinder-for-bonny-wzy32-7","status":"publish","type":"product","link":"https:\/\/www.hydraulic-cylinders.net\/sv\/produkt\/bucket-cylinder-for-bonny-wzy32-7\/","title":{"rendered":"Skopscylinder f\u00f6r Bonny WZY32-7"},"content":{"rendered":"<h1>Skopscylinder f\u00f6r Bonny WZY32-7<\/h1>\n<h2>Introduktion<\/h2>\n<p>En skopcylinder \u00e4r en specialdesignad hydraulcylinder som fr\u00e4mst anv\u00e4nds f\u00f6r att styra r\u00f6relsen av skopor i tunga maskiner som gr\u00e4vmaskiner, traktorgr\u00e4vmaskiner och frontlastare. Dess huvudsakliga funktion \u00e4r att g\u00f6ra det m\u00f6jligt att lyfta, s\u00e4nka och luta skopan, vilket g\u00f6r det enklare att hantera olika materialhanteringsuppgifter. Skopcylindrar arbetar exakt i det hydrauliska systemet, vilket m\u00f6jligg\u00f6r effektiv hantering av tunga laster och anpassning till komplexa arbetsmilj\u00f6er och olika arbetskrav.<\/p>\n<p><img decoding=\"async\" src=\"https:\/\/www.hydraulic-cylinders.net\/wp-content\/uploads\/2025\/01\/songte-company-2.webp\" alt=\"Skopscylinder f\u00f6r Bonny WZY32-7 bild\" \/><\/p>\n<h2>Drag<\/h2>\n<ul>\n<li>H\u00f6g h\u00e5llfasthet och h\u00e5llbarhet: Vanligtvis tillverkad av h\u00f6gh\u00e5llfast st\u00e5l eller aluminium, t\u00e5l den h\u00f6gt tryck och tunga belastningar, anpassar sig till tuffa arbetsmilj\u00f6er och \u00e4r konstruerad med h\u00e4nsyn till slitstyrka och korrosionsbest\u00e4ndighet, vilket f\u00f6rl\u00e4nger dess livsl\u00e4ngd.<\/li>\n<li>Effektiv hydraulisk drift: Med hydrauloljans tryck f\u00f6r att uppn\u00e5 en smidig teleskopisk r\u00f6relse kan den snabbt reagera p\u00e5 kontrollkommandon och ge kraftfull tryck- och dragkraft, l\u00e4mplig f\u00f6r hantering av tunga laster och komplexa arbetsuppgifter.<\/li>\n<li>Flera typer: Enkelverkande (hydrauliska anv\u00e4nds endast i en riktning) eller dubbelverkande (hydrauliska anv\u00e4nds i tv\u00e5 riktningar) cylindrar kan v\u00e4ljas efter behov f\u00f6r att m\u00f6ta olika driftsbehov. Vissa modeller \u00e4r teleskopiska, vilket m\u00f6jligg\u00f6r st\u00f6rre expansion utan att \u00f6ka de yttre m\u00e5tten, l\u00e4mpliga f\u00f6r applikationer med begr\u00e4nsat utrymme.<\/li>\n<li>Perfekt ers\u00e4ttning: V\u00e5ra produkter kan perfekt ers\u00e4tta dessa hydraulcylindrar.<\/li>\n<\/ul>\n<p><img decoding=\"async\" src=\"https:\/\/www.hydraulic-cylinders.net\/wp-content\/uploads\/2025\/01\/songte-cylinder-head-with-all-kinds-excavator-models.webp\" alt=\"Skopscylinder f\u00f6r Bonny WZY32-7 bild\" \/><\/p>\n<h2>Applikationer<\/h2>\n<p>Skopscylindrar anv\u00e4nds i olika industrier, s\u00e5som:<\/p>\n<ul>\n<li>Byggutrustning: I gr\u00e4vmaskiner \u00e4r de viktiga f\u00f6r att gr\u00e4va, lasta och flytta jord eller skr\u00e4p. I gr\u00e4vmaskiner med gr\u00e4vaggregat hj\u00e4lper skopcylindrar till med gr\u00e4vning och lyftning. I frontlastare hj\u00e4lper de till med att lyfta och tilta laster effektivt.<\/li>\n<li>Jordbruksmaskiner: Anv\u00e4nds av frontlastare f\u00f6r att skopa, lyfta och transportera jord, h\u00f6 och andra material. I gr\u00e4vmaskiner m\u00f6jligg\u00f6r skopcylindrar gr\u00e4vning genom att l\u00e5ta skopan tr\u00e4nga ner i jorden.<\/li>\n<\/ul>\n<h2>Design\u00f6verv\u00e4ganden och urvalskriterier<\/h2>\n<p>Vid konstruktion av skopcylindrar m\u00e5ste olika faktorer beaktas, s\u00e5som:<\/p>\n<ul>\n<li>B\u00e4rf\u00f6rm\u00e5ga: Cylindern m\u00e5ste ha tillr\u00e4cklig styrka f\u00f6r att b\u00e4ra den last den b\u00e4r.<\/li>\n<li>T\u00e4tning: Cylindern m\u00e5ste vara luftt\u00e4t f\u00f6r att f\u00f6rhindra l\u00e4ckage av hydraulv\u00e4tska.<\/li>\n<li>H\u00e5llbarhet: Cylindern m\u00e5ste kunna motst\u00e5 slitage.<\/li>\n<li>S\u00e4kerhet: Cylindern m\u00e5ste uppfylla s\u00e4kerhetsstandarder och f\u00f6rhindra olyckor.<\/li>\n<li>Underh\u00e5ll: Cylindern m\u00e5ste vara l\u00e4ttsk\u00f6tt f\u00f6r att f\u00f6rl\u00e4nga dess livsl\u00e4ngd.<\/li>\n<\/ul>\n<p>V\u00e5ra skopcylindrar har genomg\u00e5tt rigor\u00f6sa tester f\u00f6r att s\u00e4kerst\u00e4lla att de uppfyller alla dessa kriterier. Vi anv\u00e4nder h\u00f6gkvalitativa t\u00e4tningsmaterial och precisionstillverkningsprocesser f\u00f6r att garantera h\u00e5llbarhet och s\u00e4kerhet. Regelbundet underh\u00e5ll, inklusive sm\u00f6rjning och t\u00e4tningsbyte, \u00e4r avg\u00f6rande f\u00f6r att s\u00e4kerst\u00e4lla optimal prestanda och livsl\u00e4ngd.<\/p>\n<p><img decoding=\"async\" src=\"https:\/\/www.hydraulic-cylinders.net\/wp-content\/uploads\/2025\/01\/songte-oil-pipes-and-spare-parts.webp\" alt=\"Skopscylinder f\u00f6r Bonny WZY32-7 bild\" \/><\/p>\n<h2>T\u00e4tning och sm\u00f6rjning<\/h2>\n<p>Vi anv\u00e4nder olika t\u00e4tningskomponenter som kolvt\u00e4tningar och kolvst\u00e5ngst\u00e4tningar, tillverkade av slitstarka material som polyuretan och nitrilgummi, f\u00f6r att s\u00e4kerst\u00e4lla luftt\u00e4thet. Cylinderhuset och de g\u00e4ngade \u00e4ndytorna \u00e4r fint bearbetade f\u00f6r att f\u00f6rb\u00e4ttra slitstyrkan. Regelbunden sm\u00f6rjning med hydraulolja \u00e4r n\u00f6dv\u00e4ndig f\u00f6r att s\u00e4kerst\u00e4lla smidig drift och f\u00f6rl\u00e4nga cylinderns livsl\u00e4ngd.<\/p>\n<h2>Underh\u00e5ll och reparation<\/h2>\n<p>Regelbunden inspektion, korrekt sm\u00f6rjning, byte av t\u00e4tningar och kalibreringskontroller \u00e4r vanliga underh\u00e5llsuppgifter. Korrekt installation, sm\u00f6rjning och justering \u00e4r avg\u00f6rande. Under installationen \u00e4r korrekt uppriktning n\u00f6dv\u00e4ndig, och vi rekommenderar att man anv\u00e4nder l\u00e4mpliga monteringsf\u00e4sten f\u00f6r att s\u00e4kra cylindern. Vi erbjuder \u00e4ven rekommenderade inspektions-, reparations- och utbytesprocedurer, samt reservdelar och renoveringstj\u00e4nster f\u00f6r att f\u00f6rl\u00e4nga skopcylinderns livsl\u00e4ngd.<\/p>\n<p><img decoding=\"async\" src=\"https:\/\/www.hydraulic-cylinders.net\/wp-content\/uploads\/2025\/01\/songte-chushion-collar.webp\" alt=\"Skopscylinder f\u00f6r Bonny WZY32-7 bild\" \/><\/p>\n<h2>S\u00e4kerhets- och milj\u00f6h\u00e4nsyn<\/h2>\n<p>Skopscylindrar m\u00e5ste anv\u00e4ndas med l\u00e4mpliga s\u00e4kerhets\u00e5tg\u00e4rder f\u00f6r att f\u00f6rhindra olyckor. Hydraulv\u00e4tskan m\u00e5ste kasseras p\u00e5 l\u00e4mpligt s\u00e4tt f\u00f6r att f\u00f6rhindra milj\u00f6skador.<\/p>\n<h2>Feldiagnos och vanliga problem<\/h2>\n<p>Vanliga problem med skopcylindrar inkluderar l\u00e4ckor, otillr\u00e4cklig kraft och oregelbundna r\u00f6relser. Dessa problem kan orsakas av olika faktorer som slitna t\u00e4tningar, skadade kolvar eller igensatta filter. Korrekt diagnos och snabb reparation \u00e4r n\u00f6dv\u00e4ndiga f\u00f6r att f\u00f6rhindra ytterligare skador eller olyckor.<\/p>\n<h2>Om v\u00e5rt f\u00f6retag<\/h2>\n<p>Vi \u00e4r en tillverkare av hydraulcylindrar f\u00f6r reservdelar med kompletta produktkategorier och har blivit en av de ledande tillverkarna och grossistdistribut\u00f6rerna av hydraulcylindrar p\u00e5 den inhemska och internationella marknaden. Vi f\u00f6ljer principen om utm\u00e4rkt kvalitet och f\u00f6rlitar oss p\u00e5 strategier f\u00f6r industriell produktionsledning f\u00f6r fintillverkningsverkst\u00e4der. Vi f\u00f6rb\u00e4ttrar kontinuerligt v\u00e5r tillverkningsplattform, finslipar v\u00e5r produktionslinje f\u00f6r produktkvalitet och har starka kreativa f\u00f6rm\u00e5gor. Vi m\u00f6ter kundernas efterfr\u00e5gan med h\u00f6g effektivitet, h\u00f6g precision och h\u00f6gkvalitativa principer.<\/p>\n<p><img decoding=\"async\" src=\"https:\/\/hzpt.com\/wp-content\/uploads\/2024\/11\/songte-company-1.webp\" alt=\"Skopscylinder f\u00f6r Bonny WZY32-7 bild\" \/><\/p>\n<h3>Professionalism<\/h3>\n<p>Vi har ett team av experter med omfattande erfarenhet av hydraulcylindrar och relaterade omr\u00e5den. V\u00e5r personal \u00e4r kunnig och vi har avancerad teknik och utrustning f\u00f6r att producera h\u00f6gkvalitativa skopcylindrar.<\/p>\n<h3>Internationell certifiering<\/h3>\n<p>V\u00e5ra produkter har klarat internationella certifieringar som CE, SGS och ISO 9001. Vi f\u00f6ljer strikta kvalitetskontrollstandarder f\u00f6r att s\u00e4kerst\u00e4lla kvaliteten p\u00e5 v\u00e5ra produkter.<\/p>\n<h3>Anpassningstj\u00e4nster<\/h3>\n<p>Vi erbjuder anpassningstj\u00e4nster f\u00f6r att m\u00f6ta kundernas specifika behov, s\u00e5som design, storlek och materialval.<\/p>\n<h3>Produktionsutrustning<\/h3>\n<p>Vi har avancerad produktionsutrustning som CNC-maskiner och testinstrument f\u00f6r att s\u00e4kerst\u00e4lla effektiv och noggrann produktion.<\/p>\n<h3>Eftermarknadsservice<\/h3>\n<p>Vi erbjuder omfattande eftermarknadsservice, inklusive teknisk support, reparation och utbyte. V\u00e5r kundtj\u00e4nstpersonal finns tillg\u00e4nglig f\u00f6r att hj\u00e4lpa kunder med eventuella fr\u00e5gor eller problem.<\/p>\n<p>Den h\u00e4r artikeln \u00e4r skriven av lyl.<\/p>","protected":false},"excerpt":{"rendered":"<p>Bucket Cylinder For Bonny WZY32-7 Introduction A bucket cylinder is a specially designed hydraulic cylinder used primarily for controlling the movement of buckets in heavy machinery such as excavators, backhoe excavators, and front-end loaders. Its main function is to enable the bucket to be lifted, lowered, and tilted, making it easier to handle various material [&hellip;]<\/p>","protected":false},"featured_media":14762,"comment_status":"open","ping_status":"closed","template":"","meta":{"_et_pb_use_builder":"","_et_pb_old_content":"","_et_gb_content_width":""},"product_brand":[],"product_cat":[1494],"product_tag":[1495,1496],"class_list":{"0":"post-15925","1":"product","2":"type-product","3":"status-publish","4":"has-post-thumbnail","6":"product_cat-bucket-cylinders","7":"product_tag-bucket-cylinders","8":"product_tag-hydraulic-cylinders","10":"first","11":"instock","12":"shipping-taxable","13":"product-type-simple"},"amp_enabled":true,"_links":{"self":[{"href":"https:\/\/www.hydraulic-cylinders.net\/sv\/wp-json\/wp\/v2\/product\/15925","targetHints":{"allow":["GET"]}}],"collection":[{"href":"https:\/\/www.hydraulic-cylinders.net\/sv\/wp-json\/wp\/v2\/product"}],"about":[{"href":"https:\/\/www.hydraulic-cylinders.net\/sv\/wp-json\/wp\/v2\/types\/product"}],"replies":[{"embeddable":true,"href":"https:\/\/www.hydraulic-cylinders.net\/sv\/wp-json\/wp\/v2\/comments?post=15925"}],"wp:featuredmedia":[{"embeddable":true,"href":"https:\/\/www.hydraulic-cylinders.net\/sv\/wp-json\/wp\/v2\/media\/14762"}],"wp:attachment":[{"href":"https:\/\/www.hydraulic-cylinders.net\/sv\/wp-json\/wp\/v2\/media?parent=15925"}],"wp:term":[{"taxonomy":"product_brand","embeddable":true,"href":"https:\/\/www.hydraulic-cylinders.net\/sv\/wp-json\/wp\/v2\/product_brand?post=15925"},{"taxonomy":"product_cat","embeddable":true,"href":"https:\/\/www.hydraulic-cylinders.net\/sv\/wp-json\/wp\/v2\/product_cat?post=15925"},{"taxonomy":"product_tag","embeddable":true,"href":"https:\/\/www.hydraulic-cylinders.net\/sv\/wp-json\/wp\/v2\/product_tag?post=15925"}],"curies":[{"name":"wp","href":"https:\/\/api.w.org\/{rel}","templated":true}]}}