{"id":15926,"date":"2025-01-19T15:10:33","date_gmt":"2025-01-19T15:10:33","guid":{"rendered":"https:\/\/www.hydraulic-cylinders.net\/product\/bucket-cylinder-for-bonny-wzyq42-6\/"},"modified":"2025-01-19T15:10:35","modified_gmt":"2025-01-19T15:10:35","slug":"bucket-cylinder-for-bonny-wzyq42-6","status":"publish","type":"product","link":"https:\/\/www.hydraulic-cylinders.net\/sv\/produkt\/bucket-cylinder-for-bonny-wzyq42-6\/","title":{"rendered":"Skopscylinder f\u00f6r Bonny WZYQ42-6"},"content":{"rendered":"<h1>Skopscylinder f\u00f6r Bonny WZYQ42-6<\/h1>\n<h2>Introduktion<\/h2>\n<p>Skopcylindern \u00e4r en specialdesignad hydraulcylinder som fr\u00e4mst anv\u00e4nds f\u00f6r att styra skopans r\u00f6relse i tunga maskiner som gr\u00e4vmaskiner, gr\u00e4vlastare och frontlastare. Dess huvudsakliga funktion \u00e4r att g\u00f6ra det m\u00f6jligt att lyfta, s\u00e4nka och luta skopan, vilket g\u00f6r den bekv\u00e4m f\u00f6r olika materialhanteringsuppgifter. I hydraulsystemet uppn\u00e5r skopcylindern exakt kontroll \u00f6ver skopan genom att utnyttja tryckf\u00f6r\u00e4ndringarna i hydrauloljan, vilket g\u00f6r det m\u00f6jligt f\u00f6r operat\u00f6rer att effektivt hantera tunga laster och anpassa sig till komplexa arbetsmilj\u00f6er och olika arbetskrav.<\/p>\n<p><img decoding=\"async\" src=\"https:\/\/www.hydraulic-cylinders.net\/wp-content\/uploads\/2025\/01\/songte-company-2.webp\" alt=\"Bild av skopcylinder\"><\/p>\n<h2>Drag<\/h2>\n<ul>\n<li>H\u00f6g h\u00e5llfasthet och h\u00e5llbarhet: Den \u00e4r vanligtvis tillverkad av h\u00f6gh\u00e5llfast st\u00e5l eller aluminium, t\u00e5l h\u00f6gt tryck och tunga belastningar, anpassar sig till tuffa arbetsmilj\u00f6er och \u00e4r utformad med h\u00e4nsyn till slitstyrka och korrosionsbest\u00e4ndighet f\u00f6r att f\u00f6rl\u00e4nga dess livsl\u00e4ngd.<\/li>\n<li>Effektiv hydraulisk drift: Genom att utnyttja hydrauloljans tryck f\u00f6r att uppn\u00e5 smidiga ut- och indragningsr\u00f6relser kan den snabbt reagera p\u00e5 kontrollkommandon och ge kraftfulla tryck- och dragkrafter, l\u00e4mplig f\u00f6r hantering av tunga laster och komplexa arbetsuppgifter.<\/li>\n<li>Olika typer: Finns som enkelverkande (hydrauliskt tryck anv\u00e4nds endast i en riktning) eller dubbelverkande (hydrauliskt tryck anv\u00e4nds i b\u00e5da riktningarna) cylindrar f\u00f6r att m\u00f6ta olika driftskrav. Vissa modeller \u00e4r teleskopiska, vilket m\u00f6jligg\u00f6r st\u00f6rre utdrag utan att \u00f6ka de yttre m\u00e5tten, vilket g\u00f6r dem l\u00e4mpliga f\u00f6r applikationer med begr\u00e4nsat utrymme.<\/li>\n<\/ul>\n<p><img decoding=\"async\" src=\"https:\/\/www.hydraulic-cylinders.net\/wp-content\/uploads\/2025\/01\/songte-cylinder-head-with-all-kinds-excavator-models.webp\" alt=\"Typer av skopcylinder\"><\/p>\n<h2>Applikationer<\/h2>\n<p>Skopscylindern anv\u00e4nds i olika typer av utrustning:<\/p>\n<ul>\n<li>Byggmaskiner: De finns i gr\u00e4vmaskiner och \u00e4r avg\u00f6rande f\u00f6r att gr\u00e4va, lasta och flytta jord eller skr\u00e4p. I gr\u00e4vlastare underl\u00e4ttar skopcylindern b\u00e5de gr\u00e4vning och lyftning.<\/li>\n<li>Jordbruksmaskiner: Anv\u00e4nds i frontlastare f\u00f6r att \u00f6sa, lyfta och transportera jord, h\u00f6 och andra material.<\/li>\n<li>Gr\u00e4vmaskiner: Skopans cylinder m\u00f6jligg\u00f6r gr\u00e4vning genom att l\u00e5ta skopan tr\u00e4nga ner i jorden.<\/li>\n<li>Lastare: Frontlastare hj\u00e4lper till att lyfta och dumpa last effektivt.<\/li>\n<\/ul>\n<h2>Design\u00f6verv\u00e4ganden och urvalskriterier<\/h2>\n<p>N\u00e4r det g\u00e4ller design\u00f6verv\u00e4ganden och urvalskriterier f\u00f6r skopcylindern spelar flera faktorer en avg\u00f6rande roll:<\/p>\n<ul>\n<li>B\u00e4rf\u00f6rm\u00e5ga<\/li>\n<li>T\u00e4tningsegenskaper<\/li>\n<li>Varaktighet<\/li>\n<li>S\u00e4kerhet<\/li>\n<li>Underh\u00e5llbarhet<\/li>\n<\/ul>\n<p><img decoding=\"async\" src=\"https:\/\/www.hydraulic-cylinders.net\/wp-content\/uploads\/2025\/01\/songte-oil-pipes-and-spare-parts.webp\" alt=\"Att t\u00e4nka p\u00e5 vid konstruktion av skopcylinder\"><\/p>\n<h2>T\u00e4tning och sm\u00f6rjning<\/h2>\n<p>Skopscylindern anv\u00e4nder olika t\u00e4tningskomponenter, s\u00e5som kolvt\u00e4tningar och kolvst\u00e5ngst\u00e4tningar, tillverkade av slitstarka material som polyuretan och nitrilgummi. Cylinderhuset och de g\u00e4ngade \u00e4ndarna genomg\u00e5r en fin ytbehandling f\u00f6r att f\u00f6rb\u00e4ttra slitstyrkan. Regelbunden sm\u00f6rjning med l\u00e4mplig hydraulolja \u00e4r n\u00f6dv\u00e4ndig.<\/p>\n<h2>Regelbunden inspektion och f\u00f6rebyggande underh\u00e5ll<\/h2>\n<ul>\n<li>Inspektera cylindern f\u00f6r tecken p\u00e5 slitage eller skador<\/li>\n<li>Korrekt sm\u00f6rjning<\/li>\n<li>Byte av t\u00e4tning<\/li>\n<li>Kalibreringskontroller<\/li>\n<\/ul>\n<h2>Guide f\u00f6r korrekt produktinstallation<\/h2>\n<p>Korrekt installation av skopcylindern \u00e4r avg\u00f6rande:<\/p>\n<ul>\n<li>Ge v\u00e4gledning f\u00f6r korrekt justering av cylindern<\/li>\n<li>Rekommenderar att anv\u00e4nda l\u00e4mpliga monteringsf\u00e4sten f\u00f6r att s\u00e4kra cylindern<\/li>\n<li>Tillhandah\u00e5ll kontroll-, reparations- och utbytesprocedurer<\/li>\n<li>Erbjuder reservdelar och ombyggnadstj\u00e4nster<\/li>\n<\/ul>\n<p><img decoding=\"async\" src=\"https:\/\/www.hydraulic-cylinders.net\/wp-content\/uploads\/2025\/01\/songte-chushion-collar.webp\" alt=\"Installationsguide f\u00f6r skopcylinder\"><\/p>\n<h2>S\u00e4kerhetsaspekter och milj\u00f6faktorer<\/h2>\n<p>Vikten av s\u00e4kerhets\u00e5tg\u00e4rder vid anv\u00e4ndning av skopcylindern med avseende p\u00e5 de n\u00e4mnda nyckelorden.<\/p>\n<h2>Fels\u00f6kning och vanliga problem<\/h2>\n<p>Feldiagnos och vanliga problem relaterade till skopcylindern:<\/p>\n<ul>\n<li>Tillhandah\u00e5ller tips och l\u00f6sningar f\u00f6r fels\u00f6kning<\/li>\n<li>F\u00f6resl\u00e5 f\u00f6rebyggande \u00e5tg\u00e4rder f\u00f6r att minimera potentiella problem<\/li>\n<\/ul>\n<p><img decoding=\"async\" src=\"https:\/\/www.hydraulic-cylinders.net\/wp-content\/uploads\/2025\/01\/songte-bushings-with-all-kinds-of-excavator-models.webp\" alt=\"Fels\u00f6kning av skopcylinder\"><\/p>\n<p>Kom ih\u00e5g att organisera artikeln logiskt, anv\u00e4nda underrubriker f\u00f6r enkel navigering, inkludera relevanta bilder eller diagram f\u00f6r att f\u00f6rb\u00e4ttra f\u00f6rst\u00e5elsen och s\u00e4kerst\u00e4lla att inneh\u00e5llet \u00e4r tydligt, koncist och l\u00e4mpligt f\u00f6r l\u00e4sare med olika niv\u00e5er av teknisk kunskap.<\/p>\n<h2>Om v\u00e5rt f\u00f6retag<\/h2>\n<p>Vi \u00e4r en tillverkare av hydrauliska reservcylindrar och en av de ledande tillverkarna och grossistdistribut\u00f6rerna p\u00e5 den inhemska och internationella marknaden. V\u00e5rt f\u00f6retag f\u00f6ljer en strategi f\u00f6r industriell produktionsstyrning baserad p\u00e5 utm\u00e4rkt kvalitet och f\u00f6rlitar sig p\u00e5 anv\u00e4ndningen av avancerad tillverkningsutrustning, professionella testsystem och teknisk talang. Vi f\u00f6rb\u00e4ttrar kontinuerligt v\u00e5r tillverkningsplattform och v\u00e5ra produktionsv\u00e4gar med h\u00f6g produktkvalitet, vilket ger kunderna effektiva, precisa och h\u00f6gkvalitativa l\u00f6sningar f\u00f6r att m\u00f6ta olika behov.<\/p>\n<p><img decoding=\"async\" src=\"https:\/\/www.hydraulic-cylinders.net\/wp-content\/uploads\/2025\/01\/songte-company-3.webp\" alt=\"F\u00f6retags\u00f6versikt\"><\/p>\n<p>Dessutom erbjuder vi professionalism, internationella certifieringar, kundanpassade tj\u00e4nster, avancerad produktionsutrustning och omfattande eftermarknadsservice. <\/p>\n<p>F\u00f6rfattare: lyl<\/p>","protected":false},"excerpt":{"rendered":"<p>Bucket Cylinder For Bonny WZYQ42-6 Introduction The bucket cylinder is a specially designed hydraulic cylinder that is primarily used to control the movement of the bucket in heavy machinery such as excavators, backhoe loaders, and front loaders. Its main function is to enable the bucket to lift, lower, and tilt, making it convenient for various [&hellip;]<\/p>","protected":false},"featured_media":14761,"comment_status":"open","ping_status":"closed","template":"","meta":{"_et_pb_use_builder":"","_et_pb_old_content":"","_et_gb_content_width":""},"product_brand":[],"product_cat":[1494],"product_tag":[1495,1496],"class_list":{"0":"post-15926","1":"product","2":"type-product","3":"status-publish","4":"has-post-thumbnail","6":"product_cat-bucket-cylinders","7":"product_tag-bucket-cylinders","8":"product_tag-hydraulic-cylinders","10":"first","11":"instock","12":"shipping-taxable","13":"product-type-simple"},"amp_enabled":true,"_links":{"self":[{"href":"https:\/\/www.hydraulic-cylinders.net\/sv\/wp-json\/wp\/v2\/product\/15926","targetHints":{"allow":["GET"]}}],"collection":[{"href":"https:\/\/www.hydraulic-cylinders.net\/sv\/wp-json\/wp\/v2\/product"}],"about":[{"href":"https:\/\/www.hydraulic-cylinders.net\/sv\/wp-json\/wp\/v2\/types\/product"}],"replies":[{"embeddable":true,"href":"https:\/\/www.hydraulic-cylinders.net\/sv\/wp-json\/wp\/v2\/comments?post=15926"}],"wp:featuredmedia":[{"embeddable":true,"href":"https:\/\/www.hydraulic-cylinders.net\/sv\/wp-json\/wp\/v2\/media\/14761"}],"wp:attachment":[{"href":"https:\/\/www.hydraulic-cylinders.net\/sv\/wp-json\/wp\/v2\/media?parent=15926"}],"wp:term":[{"taxonomy":"product_brand","embeddable":true,"href":"https:\/\/www.hydraulic-cylinders.net\/sv\/wp-json\/wp\/v2\/product_brand?post=15926"},{"taxonomy":"product_cat","embeddable":true,"href":"https:\/\/www.hydraulic-cylinders.net\/sv\/wp-json\/wp\/v2\/product_cat?post=15926"},{"taxonomy":"product_tag","embeddable":true,"href":"https:\/\/www.hydraulic-cylinders.net\/sv\/wp-json\/wp\/v2\/product_tag?post=15926"}],"curies":[{"name":"wp","href":"https:\/\/api.w.org\/{rel}","templated":true}]}}