{"id":15928,"date":"2025-01-19T15:10:41","date_gmt":"2025-01-19T15:10:41","guid":{"rendered":"https:\/\/www.hydraulic-cylinders.net\/product\/bucket-cylinder-for-bonny-ce400-5-400-7\/"},"modified":"2025-01-19T15:10:43","modified_gmt":"2025-01-19T15:10:43","slug":"bucket-cylinder-for-bonny-ce400-5-400-7","status":"publish","type":"product","link":"https:\/\/www.hydraulic-cylinders.net\/sv\/produkt\/bucket-cylinder-for-bonny-ce400-5-400-7\/","title":{"rendered":"Skopscylinder f\u00f6r Bonny CE400-5\/400-7"},"content":{"rendered":"<h1>Skopscylinder f\u00f6r Bonny CE400-5\/400-7<\/h1>\n<h2>Introduktion<\/h2>\n<p>Skopcylindern till Bonny CE400-5\/400-7 \u00e4r en specialdesignad hydraulcylinder som huvudsakligen anv\u00e4nds i tunga maskiner f\u00f6r att styra skopans r\u00f6relse, s\u00e5som gr\u00e4vmaskiner, gr\u00e4vmaskiner och frontlastare. Dess huvudsakliga funktion \u00e4r att lyfta, s\u00e4nka och luta skopan, vilket g\u00f6r det enklare att hantera olika materialhanteringsuppgifter. I hydraulsystemet uppn\u00e5r skopcylindern exakt kontroll \u00f6ver skopan genom att \u00e4ndra hydrauloljans tryck, vilket g\u00f6r det m\u00f6jligt f\u00f6r operat\u00f6rer att effektivt hantera tunga f\u00f6rem\u00e5l och anpassa sig till komplexa arbetsmilj\u00f6er och varierande arbetskrav.<\/p>\n<p><img decoding=\"async\" src=\"https:\/\/www.hydraulic-cylinders.net\/wp-content\/uploads\/2025\/01\/songte-company-2.webp\" alt=\"Bild av skopcylinder\"><\/p>\n<h2>Drag<\/h2>\n<ul>\n<li>H\u00f6g h\u00e5llfasthet och h\u00e5llbarhet: Vanligtvis tillverkad av h\u00f6gh\u00e5llfast st\u00e5l eller aluminium, t\u00e5l den h\u00f6gt tryck och tunga belastningar, anpassar sig till tuffa arbetsmilj\u00f6er och \u00e4r utformad med slitstyrka och korrosionsbest\u00e4ndighet f\u00f6r att f\u00f6rl\u00e4nga livsl\u00e4ngden.<\/li>\n<li>Effektiv hydraulisk drift: Smidig teleskopisk r\u00f6relse uppn\u00e5s med hj\u00e4lp av hydrauloljans tryck, som snabbt kan reagera p\u00e5 styrkommandon, ge kraftfulla tryck- och dragkrafter och \u00e4r l\u00e4mplig f\u00f6r hantering av tunga f\u00f6rem\u00e5l och komplexa arbetsuppgifter.<\/li>\n<li>Olika typer: Enkelverkande (hydrauliska anv\u00e4nds endast i en riktning) eller dubbelverkande (hydrauliska anv\u00e4nds i b\u00e5da riktningarna) cylindrar kan v\u00e4ljas efter behov f\u00f6r att m\u00f6ta olika driftsbehov. Vissa modeller \u00e4r teleskopiska, vilket m\u00f6jligg\u00f6r st\u00f6rre utdrag utan att \u00f6ka de yttersta m\u00e5tten, l\u00e4mpliga f\u00f6r applikationer med begr\u00e4nsat utrymme.<\/li>\n<li>L\u00e4tt att byta ut: V\u00e5ra produkter kan perfekt ers\u00e4tta dessa hydraulcylindrar.<\/li>\n<\/ul>\n<p><img decoding=\"async\" src=\"https:\/\/www.hydraulic-cylinders.net\/wp-content\/uploads\/2025\/01\/songte-cylinder-head-with-all-kinds-excavator-models.webp\" alt=\"Bild f\u00f6r utbyte av skopcylinder\"><\/p>\n<h2>Applikationer<\/h2>\n<p>Skopscylindern har omfattande till\u00e4mpningar inom olika omr\u00e5den, s\u00e5som:<\/p>\n<h3>Byggutrustning<\/h3>\n<p>I gr\u00e4vmaskiner \u00e4r de viktiga f\u00f6r att gr\u00e4va, lasta och flytta jord eller skr\u00e4p. I gr\u00e4vmaskiner med gr\u00e4vaggregat hj\u00e4lper skopcylindrar till med b\u00e5de gr\u00e4vning och lyftning. F\u00f6r frontlastare hj\u00e4lper de till med att lyfta och tippa gods effektivt.<\/p>\n<h3>Jordbruksmaskiner<\/h3>\n<p>Anv\u00e4nds f\u00f6r frontlastare f\u00f6r att plocka upp, lyfta och transportera jord, h\u00f6 och andra material. I gr\u00e4vmaskiner utf\u00f6r skopcylindrar gr\u00e4vning genom att l\u00e5ta skopan tr\u00e4nga ner i jorden.<\/p>\n<h2>Design\u00f6verv\u00e4ganden och urvalskriterier<\/h2>\n<p>N\u00e4r det g\u00e4ller design\u00f6verv\u00e4ganden m\u00e5ste skopcylindern kunna b\u00e4ra belastningar, bibeh\u00e5lla t\u00e4tningsf\u00f6rm\u00e5gan samt vara h\u00e5llbar, s\u00e4ker och reparerbar. Viktiga punkter inkluderar:<\/p>\n<ul>\n<li>Lastkapacitet: Skopans cylinder m\u00e5ste kunna b\u00e4ra lasten fr\u00e5n de material som hanteras.<\/li>\n<li>T\u00e4tningsbarhet: Olika t\u00e4tningskomponenter som kolvt\u00e4tningar och kolvst\u00e5ngst\u00e4tningar anv\u00e4nds, och t\u00e4tningskomponenter av slitstarka material som polyuretan och nitrilgummi v\u00e4ljs.<\/li>\n<li>H\u00e5llbarhet: Cylinderhuset och de g\u00e4ngade \u00e4ndytorna \u00e4r fint bearbetade f\u00f6r att f\u00f6rb\u00e4ttra slitstyrkan och f\u00f6r att v\u00e4lja material som har slitstyrka och korrosionsbest\u00e4ndighet.<\/li>\n<li>S\u00e4kerhet: Cylindern m\u00e5ste konstrueras med s\u00e4kerhetsaspekter i \u00e5tanke, s\u00e5som att f\u00f6rhindra oljel\u00e4ckage och s\u00e4kerst\u00e4lla att den kan motst\u00e5 tryck och tunga belastningar.<\/li>\n<li>Reparerbarhet: Cylindern m\u00e5ste vara l\u00e4tt att demontera och montera f\u00f6r att underl\u00e4tta underh\u00e5ll och reparation.<\/li>\n<\/ul>\n<p><img decoding=\"async\" src=\"https:\/\/www.hydraulic-cylinders.net\/wp-content\/uploads\/2025\/01\/songte-oil-pipes-and-spare-parts.webp\" alt=\"Bild av skopcylinderdesign\"><\/p>\n<h2>T\u00e4tning och sm\u00f6rjning<\/h2>\n<p>Olika t\u00e4tningskomponenter anv\u00e4nds i skopcylindern, s\u00e5som kolvt\u00e4tningar och kolvst\u00e5ngst\u00e4tningar, och t\u00e4tningskomponenter tillverkade av slitstarka material som polyuretan och nitrilgummi \u00e4r utvalda. Cylinderhuset och de g\u00e4ngade \u00e4ndytorna \u00e4r finbearbetade f\u00f6r att f\u00f6rb\u00e4ttra slitstyrkan, och hydraulolja tills\u00e4tts regelbundet f\u00f6r sm\u00f6rjning.<\/p>\n<h2>Underh\u00e5ll och reparation<\/h2>\n<p>Regelbunden inspektion, l\u00e4mplig sm\u00f6rjning, byte av t\u00e4tningar och kalibreringskontroller \u00e4r vanliga underh\u00e5llsuppgifter. Korrekt installation, sm\u00f6rjning och justering \u00e4r viktigt. Under installationen m\u00e5ste cylindern vara korrekt justerad och l\u00e4mpliga monteringsf\u00e4sten b\u00f6r anv\u00e4ndas f\u00f6r att s\u00e4kra den. Rekommenderade inspektions-, reparations- och utbytesprocedurer finns tillg\u00e4ngliga, liksom reservdelar och renoveringstj\u00e4nster f\u00f6r att f\u00f6rl\u00e4nga skopcylinderns livsl\u00e4ngd.<\/p>\n<p><img decoding=\"async\" src=\"https:\/\/www.hydraulic-cylinders.net\/wp-content\/uploads\/2025\/01\/songte-chushion-collar.webp\" alt=\"Bild p\u00e5 reparation av skopcylinder\"><\/p>\n<h2>S\u00e4kerhetsaspekter och milj\u00f6faktorer<\/h2>\n<p>N\u00e4r man anv\u00e4nder skopcylindern \u00e4r s\u00e4kerhets\u00e5tg\u00e4rder viktiga f\u00f6r att f\u00f6rhindra olyckor. Det \u00e4r viktigt att f\u00f6lja tillverkarens instruktioner och underh\u00e5lla cylindern korrekt. Milj\u00f6faktorer som temperatur och fuktighet b\u00f6r ocks\u00e5 beaktas vid f\u00f6rvaring eller anv\u00e4ndning av cylindern.<\/p>\n<h2>Fels\u00f6kning och vanliga problem<\/h2>\n<p>Vanliga problem med skopcylindern inkluderar oljel\u00e4ckage, skador p\u00e5 t\u00e4tningarna och \u00f6verdrivet cylinderslitage. Fels\u00f6kning och l\u00f6sning av dessa problem kr\u00e4ver kunskap om hydraulsystem och cylinderns konstruktion. Regelbunden inspektion och underh\u00e5ll kan bidra till att f\u00f6rhindra att dessa problem uppst\u00e5r.<\/p>\n<p><img decoding=\"async\" src=\"https:\/\/www.hydraulic-cylinders.net\/wp-content\/uploads\/2025\/01\/songte-bushings-with-all-kinds-of-excavator-models.webp\" alt=\"Bild av vanliga problem med skopcylinder\"><\/p>\n<h2>Om v\u00e5rt f\u00f6retag<\/h2>\n<p>Vi \u00e4r en tillverkare av hydraulcylindrar f\u00f6r reservcylindrar med ett komplett produktsortiment och har blivit en av de ledande tillverkarna och grossistdistribut\u00f6rerna av hydraulcylindrar p\u00e5 inhemska och utl\u00e4ndska marknader. Vi f\u00f6ljer principen om enast\u00e5ende kvalitet, f\u00f6rlitar oss p\u00e5 industriella produktionsledningsstrategier i sofistikerade tillverkningsverkst\u00e4der och f\u00f6rb\u00e4ttrar kontinuerligt verkstadens tillverkningsplattform genom till\u00e4mpning av tekniska talanger, digital avancerad tillverkningsutrustning och professionella testsystem, vilket full\u00e4ndar produkternas produktionskvalitet. Vi har starka kreativa f\u00f6rm\u00e5gor och f\u00f6ljer principer f\u00f6r h\u00f6g effektivitet, h\u00f6g precision och h\u00f6g kvalitet f\u00f6r att m\u00f6ta olika kunders behov.<\/p>\n<p><img decoding=\"async\" src=\"https:\/\/hzpt.com\/wp-content\/uploads\/2024\/11\/songte-company-1.webp\" alt=\"Om v\u00e5rt f\u00f6retag Bild\"><\/p>\n<h3>Professionalism<\/h3>\n<p>Vi har ett team av yrkesverksamma som \u00e4r v\u00e4lutbildade och erfarna inom omr\u00e5det hydraulcylindrar. V\u00e5rt fokus p\u00e5 kvalitetskontroll och testning s\u00e4kerst\u00e4ller att v\u00e5ra produkter uppfyller eller \u00f6vertr\u00e4ffar branschstandarder.<\/p>\n<h3>Internationell certifiering<\/h3>\n<p>V\u00e5ra produkter har erh\u00e5llit olika internationella certifieringar, s\u00e5som ISO, CE och SGS, vilket s\u00e4kerst\u00e4ller att v\u00e5ra produkter h\u00e5ller h\u00f6gsta kvalitetsstandard.<\/p>\n<h3>Anpassningstj\u00e4nster<\/h3>\n<p>Vi erbjuder skr\u00e4ddarsydda tj\u00e4nster f\u00f6r att m\u00f6ta v\u00e5ra kunders specifika behov.<\/p>\n<h3>Produktionsutrustning<\/h3>\n<p>V\u00e5r tillverkningsprocess f\u00f6rlitar sig p\u00e5 avancerad digital precisionsutrustning f\u00f6r att s\u00e4kerst\u00e4lla produkter av h\u00f6gsta kvalitet.<\/p>\n<h3>Eftermarknadsservice<\/h3>\n<p>Vi erbjuder service efter k\u00f6pet f\u00f6r att s\u00e4kerst\u00e4lla att v\u00e5ra kunder f\u00e5r b\u00e4sta m\u00f6jliga support och tillfredsst\u00e4llelse.<\/p>\n<p>F\u00f6rfattare: lyl.<\/p>","protected":false},"excerpt":{"rendered":"<p>Bucket Cylinder For Bonny CE400-5\/400-7 Introduction The bucket cylinder for Bonny CE400-5\/400-7 is a specially designed hydraulic cylinder used mainly in heavy machinery to control the movement of the bucket, such as excavators, backhoe excavators, and front-end loaders. Its main function is to lift, lower, and tilt the bucket, making it easier to handle various [&hellip;]<\/p>","protected":false},"featured_media":14788,"comment_status":"open","ping_status":"closed","template":"","meta":{"_et_pb_use_builder":"","_et_pb_old_content":"","_et_gb_content_width":""},"product_brand":[],"product_cat":[1494],"product_tag":[1495,1496],"class_list":{"0":"post-15928","1":"product","2":"type-product","3":"status-publish","4":"has-post-thumbnail","6":"product_cat-bucket-cylinders","7":"product_tag-bucket-cylinders","8":"product_tag-hydraulic-cylinders","10":"first","11":"instock","12":"shipping-taxable","13":"product-type-simple"},"amp_enabled":true,"_links":{"self":[{"href":"https:\/\/www.hydraulic-cylinders.net\/sv\/wp-json\/wp\/v2\/product\/15928","targetHints":{"allow":["GET"]}}],"collection":[{"href":"https:\/\/www.hydraulic-cylinders.net\/sv\/wp-json\/wp\/v2\/product"}],"about":[{"href":"https:\/\/www.hydraulic-cylinders.net\/sv\/wp-json\/wp\/v2\/types\/product"}],"replies":[{"embeddable":true,"href":"https:\/\/www.hydraulic-cylinders.net\/sv\/wp-json\/wp\/v2\/comments?post=15928"}],"wp:featuredmedia":[{"embeddable":true,"href":"https:\/\/www.hydraulic-cylinders.net\/sv\/wp-json\/wp\/v2\/media\/14788"}],"wp:attachment":[{"href":"https:\/\/www.hydraulic-cylinders.net\/sv\/wp-json\/wp\/v2\/media?parent=15928"}],"wp:term":[{"taxonomy":"product_brand","embeddable":true,"href":"https:\/\/www.hydraulic-cylinders.net\/sv\/wp-json\/wp\/v2\/product_brand?post=15928"},{"taxonomy":"product_cat","embeddable":true,"href":"https:\/\/www.hydraulic-cylinders.net\/sv\/wp-json\/wp\/v2\/product_cat?post=15928"},{"taxonomy":"product_tag","embeddable":true,"href":"https:\/\/www.hydraulic-cylinders.net\/sv\/wp-json\/wp\/v2\/product_tag?post=15928"}],"curies":[{"name":"wp","href":"https:\/\/api.w.org\/{rel}","templated":true}]}}