{"id":15932,"date":"2025-01-19T15:10:59","date_gmt":"2025-01-19T15:10:59","guid":{"rendered":"https:\/\/www.hydraulic-cylinders.net\/product\/bucket-cylinder-for-bonny-wzyd18-6\/"},"modified":"2025-01-19T15:11:02","modified_gmt":"2025-01-19T15:11:02","slug":"bucket-cylinder-for-bonny-wzyd18-6","status":"publish","type":"product","link":"https:\/\/www.hydraulic-cylinders.net\/sv\/produkt\/bucket-cylinder-for-bonny-wzyd18-6\/","title":{"rendered":"Skopscylinder f\u00f6r Bonny WZYD18-6"},"content":{"rendered":"<h1>Skopscylinder f\u00f6r Bonny WZYD18-6<\/h1>\n<h2>Introduktion<\/h2>\n<p>Skopcylindern till Bonny WZYD18-6 \u00e4r en typ av specialiserad hydraulcylinder som \u00e4r utformad f\u00f6r att styra skopans r\u00f6relse i tunga maskiner som gr\u00e4vmaskiner, gr\u00e4vmaskiner och frontlastare. Dess huvudsakliga funktion \u00e4r att underl\u00e4tta lyftning, s\u00e4nkning och lutning av skopan, vilket m\u00f6jligg\u00f6r effektiv hantering av olika material. I hydraulsystemet uppn\u00e5r skopcylindern exakt kontroll \u00f6ver skopan genom att variera hydrauloljans tryck, vilket g\u00f6r det m\u00f6jligt f\u00f6r operat\u00f6rer att hantera tunga laster effektivt och anpassa sig till komplexa arbetsmilj\u00f6er och olika driftskrav.<\/p>\n<p><img decoding=\"async\" src=\"https:\/\/www.hydraulic-cylinders.net\/wp-content\/uploads\/2025\/01\/songte-company-2.webp\" alt=\"Skopscylinder f\u00f6r Bonny WZYD18-6\"><\/p>\n<h2>Produktegenskaper<\/h2>\n<ul>\n<li>\n<h3>H\u00f6g styrka och h\u00e5llbarhet<\/h3>\n<p>Skopscylindern, som vanligtvis \u00e4r tillverkad av h\u00f6gh\u00e5llfast st\u00e5l eller aluminium, kan motst\u00e5 h\u00f6gt tryck och tunga belastningar och anpassa sig till tuffa arbetsmilj\u00f6er. Dess design tar h\u00e4nsyn till slitstyrka och korrosionsbest\u00e4ndighet, vilket f\u00f6rl\u00e4nger dess livsl\u00e4ngd.<\/p>\n<\/li>\n<li>\n<h3>Effektiv hydraulisk drift<\/h3>\n<p>Genom att utnyttja hydrauloljans tryck uppn\u00e5r skopcylindern smidiga ut- och indragningsr\u00f6relser, med snabb respons p\u00e5 styrkommandon, vilket ger kraftfulla tryck- och dragkrafter, vilket g\u00f6r den l\u00e4mplig f\u00f6r hantering av tunga laster och komplexa driftsuppgifter.<\/p>\n<\/li>\n<li>\n<h3>Olika typer<\/h3>\n<p>Skopscylindern kan v\u00e4ljas som enkelverkande (med hydraulik i endast en riktning) eller dubbelverkande (med hydraulik i tv\u00e5 riktningar) cylindrar beroende p\u00e5 driftskrav. Vissa modeller \u00e4r teleskopiska, vilket m\u00f6jligg\u00f6r st\u00f6rre utdrag utan att \u00f6ka ytterm\u00e5tten, vilket g\u00f6r dem l\u00e4mpliga f\u00f6r applikationer med begr\u00e4nsat utrymme.<\/p>\n<\/li>\n<li>\n<h3>Produkttillg\u00e4nglighet<\/h3>\n<p>V\u00e5ra produkter kan perfekt ers\u00e4tta dessa hydraulcylindrar, och vi erbjuder en m\u00e4ngd olika alternativ att v\u00e4lja mellan. <\/p>\n<\/li>\n<li>\n<h3>Applikationsscenarier<\/h3>\n<p>Skopcylindern anv\u00e4nds ofta inom olika industrier, inklusive byggutrustning, jordbruksmaskiner, gr\u00e4vmaskiner och lastare.<\/p>\n<\/li>\n<\/ul>\n<h2>Design\u00f6verv\u00e4ganden och urvalskriterier<\/h2>\n<p>Skopscylindrar \u00e4r kritiska komponenter i hydraulsystem och b\u00f6r konstrueras och v\u00e4ljas noggrant, med h\u00e4nsyn till faktorer som b\u00e4rf\u00f6rm\u00e5ga, t\u00e4tning, h\u00e5llbarhet, s\u00e4kerhet och underh\u00e5llbarhet. N\u00e5gra av de viktigaste design\u00f6verv\u00e4gandena och urvalskriterierna \u00e4r:<\/p>\n<ul>\n<li>\n<h3>B\u00e4rf\u00f6rm\u00e5ga<\/h3>\n<p>Skopscylindern m\u00e5ste kunna motst\u00e5 den maximala belastning som den sannolikt kommer att uts\u00e4ttas f\u00f6r under drift, utan risk f\u00f6r fel. Storlek, typ och material som anv\u00e4nds i dess konstruktion m\u00e5ste v\u00e4ljas noggrant baserat p\u00e5 den specifika till\u00e4mpningen.<\/p>\n<\/li>\n<li>\n<h3>T\u00e4tning<\/h3>\n<p>Skopscylindern m\u00e5ste vara effektivt t\u00e4tad f\u00f6r att f\u00f6rhindra l\u00e4ckage av hydraulv\u00e4tska, vilket kan orsaka driftsproblem och \u00f6ka underh\u00e5llsbehovet. Olika typer av t\u00e4tningar, s\u00e5som kolvt\u00e4tningar och kolvst\u00e5ngst\u00e4tningar, tillverkade av material som polyuretan och nitrilgummi, kan anv\u00e4ndas f\u00f6r att s\u00e4kerst\u00e4lla effektiv t\u00e4tning. Cylinderhuset och de g\u00e4ngade \u00e4ndytorna b\u00f6r ocks\u00e5 vara finbearbetade f\u00f6r att f\u00f6rb\u00e4ttra slitstyrkan.<\/p>\n<\/li>\n<li>\n<h3>Varaktighet<\/h3>\n<p>Skopscylindern m\u00e5ste vara h\u00e5llbar, motst\u00e5ndskraftig mot slitage och korrosion, och kunna motst\u00e5 tuffa driftsf\u00f6rh\u00e5llanden. H\u00f6gkvalitativa material, exakta tillverkningsprocesser och l\u00e4mpliga ytbehandlingar kan bidra till att s\u00e4kerst\u00e4lla en l\u00e5ng livsl\u00e4ngd.<\/p>\n<\/li>\n<li>\n<h3>S\u00e4kerhet<\/h3>\n<p>Skopans cylinder m\u00e5ste vara konstruerad f\u00f6r att uppfylla s\u00e4kerhetskrav, s\u00e5som att undvika risk f\u00f6r buckling eller pl\u00f6tsligt fel, och f\u00f6rhindra utsl\u00e4pp av hydraulv\u00e4tska under tryck. Korrekta installations-, underh\u00e5lls- och driftsprocedurer m\u00e5ste f\u00f6ljas f\u00f6r att garantera s\u00e4kerheten.<\/p>\n<\/li>\n<li>\n<h3>Underh\u00e5llbarhet<\/h3>\n<p>Skopscylindern m\u00e5ste vara konstruerad f\u00f6r att underl\u00e4tta underh\u00e5ll och reparation vid behov, inklusive enkel demontering och montering, tillg\u00e5ng till reservdelar och tillg\u00e5ng till teknisk support.<\/p>\n<\/li>\n<\/ul>\n<p><img decoding=\"async\" src=\"https:\/\/www.hydraulic-cylinders.net\/wp-content\/uploads\/2025\/01\/songte-oil-pipes-and-spare-parts.webp\" alt=\"Skopscylinder f\u00f6r Bonny WZYD18-6\"><\/p>\n<h2>T\u00e4tning och sm\u00f6rjning<\/h2>\n<p>Skopcylindern kr\u00e4ver effektiv t\u00e4tning och sm\u00f6rjning f\u00f6r att s\u00e4kerst\u00e4lla smidig drift och f\u00f6rhindra l\u00e4ckage av hydraulv\u00e4tska. Olika typer av t\u00e4tningar, s\u00e5som kolvt\u00e4tningar och kolvst\u00e5ngst\u00e4tningar, tillverkade av material som polyuretan och nitrilgummi, kan anv\u00e4ndas f\u00f6r att s\u00e4kerst\u00e4lla effektiv t\u00e4tning. Cylinderhuset och de g\u00e4ngade \u00e4ndytorna b\u00f6r ocks\u00e5 finbearbetas f\u00f6r att f\u00f6rb\u00e4ttra slitstyrkan. Regelbunden tillsats av l\u00e4mplig hydraulolja kan s\u00e4kerst\u00e4lla korrekt sm\u00f6rjning av skopcylindern.<\/p>\n<h2>Underh\u00e5ll och reparation<\/h2>\n<p>Regelbundet underh\u00e5ll och reparation \u00e4r avg\u00f6rande f\u00f6r att s\u00e4kerst\u00e4lla att skopcylindern fungerar korrekt och f\u00f6rl\u00e4nger dess livsl\u00e4ngd. N\u00e5gra av de vanliga underh\u00e5llsuppgifterna inkluderar regelbundna kontroller, l\u00e4mplig sm\u00f6rjning och kalibreringskontroller. Korrekt installation, sm\u00f6rjning och justering \u00e4r ocks\u00e5 avg\u00f6rande f\u00f6r att s\u00e4kerst\u00e4lla skopcylinderns livsl\u00e4ngd. Det rekommenderas ocks\u00e5 att anv\u00e4nda l\u00e4mpliga monteringsf\u00e4sten f\u00f6r att s\u00e4kra cylindern och f\u00f6lja rekommenderade inspektions-, reparations- och utbytesprocedurer.<\/p>\n<p><img decoding=\"async\" src=\"https:\/\/www.hydraulic-cylinders.net\/wp-content\/uploads\/2025\/01\/songte-chushion-collar.webp\" alt=\"Skopscylinder f\u00f6r Bonny WZYD18-6\"><\/p>\n<h2>S\u00e4kerhetsaspekter och milj\u00f6faktorer<\/h2>\n<p>Skopscylindrar m\u00e5ste anv\u00e4ndas med l\u00e4mpliga s\u00e4kerhets\u00e5tg\u00e4rder f\u00f6r att f\u00f6rhindra olyckor och s\u00e4kerst\u00e4lla s\u00e4ker drift. N\u00e5gra av de milj\u00f6faktorer att beakta vid anv\u00e4ndning av skopcylindern inkluderar tillr\u00e4cklig ventilation och korrekt kassering av hydraulv\u00e4tska.<\/p>\n<h2>Fels\u00f6kning och vanliga problem<\/h2>\n<p>Skopscylindrar kan uppleva olika driftsproblem, s\u00e5som l\u00e4ckage eller tryckf\u00f6rlust. Det \u00e4r viktigt att diagnostisera problemet korrekt och vidta l\u00e4mpliga \u00e5tg\u00e4rder f\u00f6r att l\u00f6sa det. N\u00e5gra av de vanliga problemen och l\u00f6sningarna inkluderar kontroll av korrekt sm\u00f6rjning, kontroll av t\u00e4tningar f\u00f6r skador och inspektion av cylinderkomponenter f\u00f6r slitage.<\/p>\n<p><img decoding=\"async\" src=\"https:\/\/www.hydraulic-cylinders.net\/wp-content\/uploads\/2025\/01\/songte-bushings-with-all-kinds-of-excavator-models.webp\" alt=\"Skopscylinder f\u00f6r Bonny WZYD18-6\"><\/p>\n<h2>Om v\u00e5rt f\u00f6retag<\/h2>\n<p>Vi \u00e4r en ledande tillverkare och grossistdistribut\u00f6r av hydraulcylindrar p\u00e5 den inhemska och internationella marknaden. V\u00e5ra produkter h\u00e5ller utm\u00e4rkt kvalitet och vi f\u00f6ljer exakta tillverkningsmetoder i v\u00e5r strategi f\u00f6r industrialiserad produktionshantering. Vi har ett team av experter, avancerad tillverkningsutrustning och specialiserade testsystem, vilket g\u00f6r att vi kan tillhandah\u00e5lla h\u00f6gkvalitativa produkter som m\u00f6ter v\u00e5ra kunders olika behov. Vi erbjuder kundanpassade tj\u00e4nster och v\u00e5ra produkter \u00e4r internationellt certifierade. V\u00e5rt f\u00f6retag tillhandah\u00e5ller en rad produktionsutrustningar, utm\u00e4rkt eftermarknadsservice och vi har en stark f\u00f6rm\u00e5ga att skapa h\u00f6gkvalitativa produkter som m\u00f6ter kundernas behov.<\/p>\n<ul>\n<li>\n<h3>Professionalism<\/h3>\n<p>V\u00e5rt f\u00f6retag har yrkesm\u00e4n med l\u00e5ng erfarenhet inom hydraulcylindrar, och vi anv\u00e4nder precisa tillverkningstekniker f\u00f6r att s\u00e4kerst\u00e4lla h\u00f6gkvalitativa produkter.<\/p>\n<\/li>\n<li>\n<h3>Internationell certifiering<\/h3>\n<p>V\u00e5ra produkter \u00e4r internationellt certifierade f\u00f6r att s\u00e4kerst\u00e4lla att de uppfyller de h\u00f6gsta standarderna f\u00f6r kvalitet och s\u00e4kerhet.<\/p>\n<\/li>\n<li>\n<h3>Anpassad tj\u00e4nst<\/h3>\n<p>Vi erbjuder skr\u00e4ddarsydda tj\u00e4nster f\u00f6r att m\u00f6ta v\u00e5ra kunders specifika behov.<\/p>\n<\/li>\n<li>\n<h3>Produktionsutrustning<\/h3>\n<p>V\u00e5rt f\u00f6retag har avancerad tillverkningsutrustning, vilket g\u00f6r att vi kan producera h\u00f6gkvalitativa produkter effektivt.<\/p>\n<\/li>\n<li>\n<h3>Eftermarknadsservice<\/h3>\n<p>Vi erbjuder utm\u00e4rkt eftermarknadsservice f\u00f6r att s\u00e4kerst\u00e4lla att v\u00e5ra kunder \u00e4r n\u00f6jda med v\u00e5ra produkter och tj\u00e4nster.<\/p>\n<\/li>\n<\/ul>\n<p><img decoding=\"async\" src=\"https:\/\/hzpt.com\/wp-content\/uploads\/2024\/11\/songte-company-1.webp\" alt=\"Skopscylinder f\u00f6r Bonny WZYD18-6\"><\/p>\n<p>F\u00f6rfattare: lyl<\/p>","protected":false},"excerpt":{"rendered":"<p>Bucket Cylinder for Bonny WZYD18-6 Introduction The bucket cylinder for Bonny WZYD18-6 is a type of specialized hydraulic cylinder designed to control the movement of the bucket in heavy machinery such as excavators, backhoe excavators, and front-end loaders. Its main function is to facilitate the lifting, lowering, and tilting of the bucket, thereby enabling efficient [&hellip;]<\/p>","protected":false},"featured_media":14782,"comment_status":"open","ping_status":"closed","template":"","meta":{"_et_pb_use_builder":"","_et_pb_old_content":"","_et_gb_content_width":""},"product_brand":[],"product_cat":[1494],"product_tag":[1495,1496],"class_list":{"0":"post-15932","1":"product","2":"type-product","3":"status-publish","4":"has-post-thumbnail","6":"product_cat-bucket-cylinders","7":"product_tag-bucket-cylinders","8":"product_tag-hydraulic-cylinders","10":"first","11":"instock","12":"shipping-taxable","13":"product-type-simple"},"amp_enabled":true,"_links":{"self":[{"href":"https:\/\/www.hydraulic-cylinders.net\/sv\/wp-json\/wp\/v2\/product\/15932","targetHints":{"allow":["GET"]}}],"collection":[{"href":"https:\/\/www.hydraulic-cylinders.net\/sv\/wp-json\/wp\/v2\/product"}],"about":[{"href":"https:\/\/www.hydraulic-cylinders.net\/sv\/wp-json\/wp\/v2\/types\/product"}],"replies":[{"embeddable":true,"href":"https:\/\/www.hydraulic-cylinders.net\/sv\/wp-json\/wp\/v2\/comments?post=15932"}],"wp:featuredmedia":[{"embeddable":true,"href":"https:\/\/www.hydraulic-cylinders.net\/sv\/wp-json\/wp\/v2\/media\/14782"}],"wp:attachment":[{"href":"https:\/\/www.hydraulic-cylinders.net\/sv\/wp-json\/wp\/v2\/media?parent=15932"}],"wp:term":[{"taxonomy":"product_brand","embeddable":true,"href":"https:\/\/www.hydraulic-cylinders.net\/sv\/wp-json\/wp\/v2\/product_brand?post=15932"},{"taxonomy":"product_cat","embeddable":true,"href":"https:\/\/www.hydraulic-cylinders.net\/sv\/wp-json\/wp\/v2\/product_cat?post=15932"},{"taxonomy":"product_tag","embeddable":true,"href":"https:\/\/www.hydraulic-cylinders.net\/sv\/wp-json\/wp\/v2\/product_tag?post=15932"}],"curies":[{"name":"wp","href":"https:\/\/api.w.org\/{rel}","templated":true}]}}