{"id":15934,"date":"2025-01-19T15:11:09","date_gmt":"2025-01-19T15:11:09","guid":{"rendered":"https:\/\/www.hydraulic-cylinders.net\/product\/bucket-cylinder-for-bonny-ced1250-7\/"},"modified":"2025-01-19T15:11:15","modified_gmt":"2025-01-19T15:11:15","slug":"bucket-cylinder-for-bonny-ced1250-7","status":"publish","type":"product","link":"https:\/\/www.hydraulic-cylinders.net\/sv\/produkt\/bucket-cylinder-for-bonny-ced1250-7\/","title":{"rendered":"Skopscylinder f\u00f6r Bonny CED1250-7"},"content":{"rendered":"<h2>Skopscylinder f\u00f6r Bonny CED1250-7<\/h2>\n<p>Skopcylindern f\u00f6r Bonny CED1250-7 \u00e4r en specialiserad hydraulcylinder konstruerad f\u00f6r att styra skopans r\u00f6relse i tunga maskiner som gr\u00e4vmaskiner, gr\u00e4vlastare och frontlastare. Dess huvudsakliga funktion \u00e4r att m\u00f6jligg\u00f6ra lyftning, s\u00e4nkning och lutning av skopan, vilket underl\u00e4ttar olika materialhanteringsuppgifter. I ett hydraulsystem uppn\u00e5r skopcylindern exakt kontroll \u00f6ver skopan genom f\u00f6r\u00e4ndringar i hydrauloljetrycket, vilket g\u00f6r det m\u00f6jligt f\u00f6r f\u00f6rare att effektivt hantera tunga laster och anpassa sig till komplexa arbetsmilj\u00f6er och olika arbetskrav.<\/p>\n<p><img decoding=\"async\" src=\"https:\/\/www.hydraulic-cylinders.net\/wp-content\/uploads\/2025\/01\/songte-company-2.webp\"><\/p>\n<h3>Funktioner hos skopcylindern:<\/h3>\n<ol>\n<li><strong>H\u00f6g styrka och h\u00e5llbarhet:<\/strong> Den \u00e4r vanligtvis tillverkad av h\u00f6gh\u00e5llfast st\u00e5l eller aluminium och t\u00e5l h\u00f6gt tryck och tunga belastningar, vilket g\u00f6r den l\u00e4mplig f\u00f6r tuffa arbetsmilj\u00f6er. Konstruktionen tar h\u00e4nsyn till slitstyrka och korrosionsbest\u00e4ndighet, vilket f\u00f6rl\u00e4nger livsl\u00e4ngden.<\/li>\n<li><strong>Effektiv hydraulisk drift:<\/strong> Genom att utnyttja hydrauloljans tryck uppn\u00e5r den smidiga f\u00f6rl\u00e4ngnings- och sammandragningsr\u00f6relser, ger snabb respons p\u00e5 kontrollkommandon och levererar kraftfulla tryck- och dragkrafter, l\u00e4mplig f\u00f6r hantering av tunga laster och komplexa arbetsuppgifter.<\/li>\n<li><strong>Olika typer:<\/strong> Finns med enkelverkande (hydraulisk anv\u00e4ndning endast i en riktning) eller dubbelverkande (hydraulisk anv\u00e4ndning i b\u00e5da riktningarna) cylindrar f\u00f6r att m\u00f6ta olika driftskrav. Vissa modeller \u00e4r teleskopiska, vilket m\u00f6jligg\u00f6r st\u00f6rre utdrag utan att \u00f6ka de yttre m\u00e5tten, l\u00e4mpliga f\u00f6r applikationer med begr\u00e4nsat utrymme.<\/li>\n<li><strong>Perfekt ers\u00e4ttning:<\/strong> V\u00e5r produkt kan perfekt ers\u00e4tta dessa hydraulcylindrar. <\/li>\n<\/ol>\n<p><img decoding=\"async\" src=\"https:\/\/www.hydraulic-cylinders.net\/wp-content\/uploads\/2025\/01\/songte-cylinder-head-with-all-kinds-excavator-models.webp\"><\/p>\n<h3>Anv\u00e4ndningsomr\u00e5den f\u00f6r skopcylindern:<\/h3>\n<p>Skopscylindern anv\u00e4nds i olika typer av utrustning, inklusive:<\/p>\n<ol>\n<li><strong>Byggutrustning:<\/strong> De finns i gr\u00e4vmaskiner och \u00e4r avg\u00f6rande f\u00f6r gr\u00e4vning, lastning och flyttning av jord eller skr\u00e4p. I gr\u00e4vlastare hj\u00e4lper skopcylindern till vid b\u00e5de gr\u00e4vning och lyftning.<\/li>\n<li><strong>Jordbruksmaskiner:<\/strong> Anv\u00e4nds i frontlastare f\u00f6r att \u00f6sa, lyfta och transportera jord, h\u00f6 och andra material.<\/li>\n<li><strong>Gr\u00e4vmaskiner:<\/strong> Skopans cylinder m\u00f6jligg\u00f6r gr\u00e4vning genom att l\u00e5ta skopan tr\u00e4nga ner i jorden.<\/li>\n<li><strong>Frontlastare:<\/strong> I frontlastare hj\u00e4lper de till att lyfta och tilta gods effektivt.<\/li>\n<\/ol>\n<h3>Design\u00f6verv\u00e4ganden och urvalskriterier:<\/h3>\n<p>Vid utformningen av skopcylindern beaktas flera faktorer och urvalskriterier:<\/p>\n<ol>\n<li><strong>B\u00e4rkraft:<\/strong> Cylindern \u00e4r konstruerad f\u00f6r att motst\u00e5 avsedd belastning och driftsf\u00f6rh\u00e5llanden.<\/li>\n<li><strong>T\u00e4tning:<\/strong> Olika t\u00e4tningskomponenter, s\u00e5som kolvt\u00e4tningar och kolvst\u00e5ngst\u00e4tningar, anv\u00e4nds f\u00f6r att s\u00e4kerst\u00e4lla korrekt t\u00e4tning och f\u00f6rhindra oljel\u00e4ckage.<\/li>\n<li><strong>Varaktighet:<\/strong> Cylindern \u00e4r konstruerad f\u00f6r att motst\u00e5 f\u00f6rv\u00e4ntat slitage under drift.<\/li>\n<li><strong>S\u00e4kerhet:<\/strong> S\u00e4kerhetsfunktioner \u00e4r integrerade f\u00f6r att f\u00f6rhindra olyckor och s\u00e4kerst\u00e4lla operat\u00f6rens skydd.<\/li>\n<li><strong>Underh\u00e5llbarhet:<\/strong> Cylinderkonstruktionen m\u00f6jligg\u00f6r enkelt underh\u00e5ll och reparation, vilket minimerar stillest\u00e5ndstiden.<\/li>\n<\/ol>\n<p><img decoding=\"async\" src=\"https:\/\/www.hydraulic-cylinders.net\/wp-content\/uploads\/2025\/01\/songte-oil-pipes-and-spare-parts.webp\"><\/p>\n<h3>T\u00e4tning och sm\u00f6rjning:<\/h3>\n<p>Skopscylindern inneh\u00e5ller olika t\u00e4tningskomponenter, s\u00e5som kolvt\u00e4tningar och kolvst\u00e5ngst\u00e4tningar, tillverkade av slitstarka material som polyuretan och nitrilgummi. Cylinderhuset och de g\u00e4ngade \u00e4ndarna genomg\u00e5r noggrann behandling f\u00f6r att f\u00f6rb\u00e4ttra slitstyrkan. Regelbunden sm\u00f6rjning med l\u00e4mplig m\u00e4ngd hydraulolja kr\u00e4vs f\u00f6r att s\u00e4kerst\u00e4lla smidig drift.<\/p>\n<h3>Regelbunden inspektion och f\u00f6rebyggande underh\u00e5ll:<\/h3>\n<p>F\u00f6r att s\u00e4kerst\u00e4lla skopcylinderns livsl\u00e4ngd och prestanda rekommenderas regelbunden inspektion och f\u00f6rebyggande underh\u00e5lls\u00e5tg\u00e4rder. Detta inkluderar:<\/p>\n<ol>\n<li>Kontrollera regelbundet om det finns tecken p\u00e5 skador eller slitage.<\/li>\n<li>Applicera l\u00e4mpligt sm\u00f6rjmedel.<\/li>\n<li>Byte av t\u00e4tningar vid behov.<\/li>\n<li>Utf\u00f6ra kalibreringskontroller.<\/li>\n<\/ol>\n<h3>Korrekt installationsguide:<\/h3>\n<p>F\u00f6r korrekt installation av skopcylindern, f\u00f6lj dessa steg:<\/p>\n<ol>\n<li>Rikta in cylindern korrekt under installationen.<\/li>\n<li>Anv\u00e4nd l\u00e4mpliga monteringsf\u00e4sten f\u00f6r att f\u00e4sta cylindern.<\/li>\n<\/ol>\n<p><img decoding=\"async\" src=\"https:\/\/www.hydraulic-cylinders.net\/wp-content\/uploads\/2025\/01\/songte-chushion-collar.webp\"><\/p>\n<h3>S\u00e4kerhetsaspekter och milj\u00f6faktorer:<\/h3>\n<p>N\u00e4r du anv\u00e4nder skopcylindern \u00e4r det viktigt att f\u00f6lja s\u00e4kerhets\u00e5tg\u00e4rder f\u00f6r att f\u00f6rhindra olyckor och s\u00e4kerst\u00e4lla en s\u00e4ker arbetsmilj\u00f6.<\/p>\n<h3>Feldiagnos och vanliga problem:<\/h3>\n<p>Vanliga fel och problem som kan uppst\u00e5 med skopcylindern inkluderar:<\/p>\n<ol>\n<li>L\u00e4ckage av hydraulolja.<\/li>\n<li>Minskad prestanda eller bristande respons.<\/li>\n<li>Onormalt ljud under drift.<\/li>\n<\/ol>\n<p>F\u00f6r fels\u00f6kning och l\u00f6sning av dessa problem, se f\u00f6ljande tips och l\u00f6sningar:<\/p>\n<h3>Underh\u00e5llsuppgifter:<\/h3>\n<p>Vanliga underh\u00e5llsuppgifter f\u00f6r skopcylindern inkluderar regelbunden inspektion, korrekt sm\u00f6rjning, byte av t\u00e4tningar och kalibreringskontroller. Betona vikten av korrekt installation, sm\u00f6rjning och justering. Ge v\u00e4gledning om hur cylindern riktas in under installationen och rekommendera anv\u00e4ndning av l\u00e4mpliga installationsf\u00e4sten f\u00f6r att s\u00e4kra cylindern. F\u00f6resl\u00e5 rekommenderade inspektions-, reparations- och utbytesprocedurer, tillsammans med tips f\u00f6r att f\u00f6rl\u00e4nga skopcylinderns livsl\u00e4ngd.<\/p>\n<p><img decoding=\"async\" src=\"https:\/\/www.hydraulic-cylinders.net\/wp-content\/uploads\/2025\/01\/songte-bushings-with-all-kinds-of-excavator-models.webp\"><\/p>\n<p>Kom ih\u00e5g att organisera artikeln logiskt, anv\u00e4nda underrubriker f\u00f6r enkel navigering, inkludera relevanta bilder eller diagram f\u00f6r att f\u00f6rb\u00e4ttra f\u00f6rst\u00e5elsen och se till att inneh\u00e5llet \u00e4r tydligt, koncist och l\u00e4mpligt f\u00f6r l\u00e4sare med olika niv\u00e5er av teknisk kunskap.<\/p>\n<h2>Om v\u00e5rt f\u00f6retag<\/h2>\n<p>Vi \u00e4r en tillverkare av hydraulcylindrar f\u00f6r reservdelar och en av de ledande tillverkarna och grossistdistribut\u00f6rerna p\u00e5 den inhemska och internationella marknaden. V\u00e5rt f\u00f6retag f\u00f6ljer principerna om utm\u00e4rkt kvalitet och f\u00f6rlitar sig p\u00e5 strategier f\u00f6r industriell produktionsledning i v\u00e4lutrustade tillverkningsverkst\u00e4der. Med hj\u00e4lp av teknisk kompetens, digital avancerad tillverkningsutrustning och professionella testsystem f\u00f6rb\u00e4ttrar vi kontinuerligt v\u00e5r tillverkningsplattform och finslipar produktionsv\u00e4gen f\u00f6r produktkvalitet. Vi har en stark kreativ f\u00f6rm\u00e5ga och str\u00e4var efter att m\u00f6ta kundernas olika behov med h\u00f6g effektivitet, h\u00f6g noggrannhet och h\u00f6gkvalitativa principer.<\/p>\n<p><img decoding=\"async\" src=\"https:\/\/hzpt.com\/wp-content\/uploads\/2024\/11\/songte-company-1.webp\"><\/p>\n<h3>V\u00e5ra f\u00f6retags h\u00f6jdpunkter:<\/h3>\n<ol>\n<li>Professionalism<\/li>\n<li>Internationella certifieringar<\/li>\n<li>Anpassningstj\u00e4nster<\/li>\n<li>Avancerad produktionsutrustning<\/li>\n<li>Eftermarknadstj\u00e4nster<\/li>\n<\/ol>\n<p><img decoding=\"async\" src=\"https:\/\/www.hydraulic-cylinders.net\/wp-content\/uploads\/2025\/01\/songte-company-3.webp\"><\/p>\n<p>F\u00f6rfattare: lyl<\/p>","protected":false},"excerpt":{"rendered":"<p>Bucket Cylinder For Bonny CED1250-7 The Bucket Cylinder for Bonny CED1250-7 is a specialized hydraulic cylinder designed for controlling the movement of the bucket in heavy machinery such as excavators, backhoe loaders, and front-end loaders. Its main function is to enable the lifting, lowering, and tilting of the bucket, facilitating various material handling tasks. In [&hellip;]<\/p>","protected":false},"featured_media":14778,"comment_status":"open","ping_status":"closed","template":"","meta":{"_et_pb_use_builder":"","_et_pb_old_content":"","_et_gb_content_width":""},"product_brand":[],"product_cat":[1494],"product_tag":[1495,1496],"class_list":{"0":"post-15934","1":"product","2":"type-product","3":"status-publish","4":"has-post-thumbnail","6":"product_cat-bucket-cylinders","7":"product_tag-bucket-cylinders","8":"product_tag-hydraulic-cylinders","10":"first","11":"instock","12":"shipping-taxable","13":"product-type-simple"},"amp_enabled":true,"_links":{"self":[{"href":"https:\/\/www.hydraulic-cylinders.net\/sv\/wp-json\/wp\/v2\/product\/15934","targetHints":{"allow":["GET"]}}],"collection":[{"href":"https:\/\/www.hydraulic-cylinders.net\/sv\/wp-json\/wp\/v2\/product"}],"about":[{"href":"https:\/\/www.hydraulic-cylinders.net\/sv\/wp-json\/wp\/v2\/types\/product"}],"replies":[{"embeddable":true,"href":"https:\/\/www.hydraulic-cylinders.net\/sv\/wp-json\/wp\/v2\/comments?post=15934"}],"wp:featuredmedia":[{"embeddable":true,"href":"https:\/\/www.hydraulic-cylinders.net\/sv\/wp-json\/wp\/v2\/media\/14778"}],"wp:attachment":[{"href":"https:\/\/www.hydraulic-cylinders.net\/sv\/wp-json\/wp\/v2\/media?parent=15934"}],"wp:term":[{"taxonomy":"product_brand","embeddable":true,"href":"https:\/\/www.hydraulic-cylinders.net\/sv\/wp-json\/wp\/v2\/product_brand?post=15934"},{"taxonomy":"product_cat","embeddable":true,"href":"https:\/\/www.hydraulic-cylinders.net\/sv\/wp-json\/wp\/v2\/product_cat?post=15934"},{"taxonomy":"product_tag","embeddable":true,"href":"https:\/\/www.hydraulic-cylinders.net\/sv\/wp-json\/wp\/v2\/product_tag?post=15934"}],"curies":[{"name":"wp","href":"https:\/\/api.w.org\/{rel}","templated":true}]}}