{"id":15937,"date":"2025-01-19T15:11:26","date_gmt":"2025-01-19T15:11:26","guid":{"rendered":"https:\/\/www.hydraulic-cylinders.net\/product\/bucket-cylinder-for-bonny-ctd460-6\/"},"modified":"2025-01-19T15:11:28","modified_gmt":"2025-01-19T15:11:28","slug":"bucket-cylinder-for-bonny-ctd460-6","status":"publish","type":"product","link":"https:\/\/www.hydraulic-cylinders.net\/sv\/produkt\/bucket-cylinder-for-bonny-ctd460-6\/","title":{"rendered":"Skopscylinder f\u00f6r Bonny CTD460-6"},"content":{"rendered":"<h1>Skopscylinder f\u00f6r Bonny CTD460-6<\/h1>\n<h2>Introduktion<\/h2>\n<p>En skopcylinder \u00e4r en specialdesignad hydraulcylinder som fr\u00e4mst anv\u00e4nds f\u00f6r att styra r\u00f6relsen hos skopor i tunga maskiner som gr\u00e4vmaskiner, gr\u00e4vmaskiner och frontlastare. Dess huvudsakliga funktion \u00e4r att g\u00f6ra det m\u00f6jligt f\u00f6r skopan att lyfta, s\u00e4nka och luta, vilket g\u00f6r det l\u00e4ttare att hantera olika material.<\/p>\n<p><img decoding=\"async\" src=\"https:\/\/www.hydraulic-cylinders.net\/wp-content\/uploads\/2025\/01\/songte-company-2.webp\"><\/p>\n<h3>Definition och f\u00f6rklaring<\/h3>\n<p>I ett hydraulsystem anv\u00e4nder en skopcylinder f\u00f6r\u00e4ndringar i hydrauloljetrycket f\u00f6r att uppn\u00e5 exakt kontroll \u00f6ver skopan, vilket g\u00f6r det m\u00f6jligt f\u00f6r f\u00f6rare att effektivt hantera tunga laster och anpassa sig till komplexa arbetsmilj\u00f6er och varierande arbetskrav.<\/p>\n<h2>Drag<\/h2>\n<ul>\n<li>\n<h3>H\u00f6g styrka och h\u00e5llbarhet<\/h3>\n<\/li>\n<p>Skopscylindrar \u00e4r vanligtvis tillverkade av h\u00f6gh\u00e5llfast st\u00e5l eller aluminium och t\u00e5l h\u00f6gt tryck och tunga belastningar, vilket g\u00f6r dem l\u00e4mpliga f\u00f6r tuffa arbetsmilj\u00f6er. Konstruktionen tar h\u00e4nsyn till slitstyrka och korrosionsbest\u00e4ndighet, vilket f\u00f6rl\u00e4nger livsl\u00e4ngden.<\/p>\n<li>\n<h3>Effektiv hydraulisk drift<\/h3>\n<\/li>\n<p>Skopscylindrar anv\u00e4nder trycket fr\u00e5n hydraulolja f\u00f6r att uppn\u00e5 j\u00e4mn f\u00f6rl\u00e4ngning och sammandragning, vilket ger starka tryck- och dragkrafter och reagerar snabbt p\u00e5 man\u00f6verkommandon. De \u00e4r l\u00e4mpliga f\u00f6r hantering av tunga laster och komplexa arbetsuppgifter.<\/p>\n<li>\n<h3>Olika typer<\/h3>\n<\/li>\n<p>Skopscylindrar kan v\u00e4ljas efter behov, inklusive enkelverkande (hydrauliska cylindrar anv\u00e4nds endast i en riktning) eller dubbelverkande (hydrauliska cylindrar anv\u00e4nds i tv\u00e5 riktningar) f\u00f6r att m\u00f6ta olika driftskrav. Vissa modeller \u00e4r teleskopiska, vilket m\u00f6jligg\u00f6r st\u00f6rre utdrag utan att \u00f6ka de yttersta m\u00e5tten, vilket g\u00f6r dem l\u00e4mpliga f\u00f6r applikationer med begr\u00e4nsat utrymme.<\/p>\n<li>\n<h3>Perfekt ers\u00e4ttning<\/h3>\n<\/li>\n<p>V\u00e5ra produkter kan perfekt ers\u00e4tta dessa hydraulcylindrar.<\/p>\n<\/ul>\n<p><img decoding=\"async\" src=\"https:\/\/www.hydraulic-cylinders.net\/wp-content\/uploads\/2025\/01\/songte-cylinder-head-with-all-kinds-excavator-models.webp\"><\/p>\n<h2>Applikationer<\/h2>\n<ul>\n<li>\n<h3>Byggutrustning<\/h3>\n<\/li>\n<p>I gr\u00e4vmaskiner \u00e4r skopcylindrar viktiga f\u00f6r gr\u00e4vning, lastning och flyttning av jord eller skr\u00e4p. I gr\u00e4vmaskiner hj\u00e4lper skopcylindrar till med b\u00e5de gr\u00e4vning och lyftning. Skopcylindrar anv\u00e4nds f\u00f6r frontlastare f\u00f6r att skopa, lyfta och transportera jord, h\u00f6 och andra material.<\/p>\n<li>\n<h3>Gr\u00e4vmaskiner<\/h3>\n<\/li>\n<p>Skopcylindrar i gr\u00e4vmaskiner g\u00f6r att skopan kan tr\u00e4nga ner i jorden vid gr\u00e4vning.<\/p>\n<li>\n<h3>Lastare<\/h3>\n<\/li>\n<p>Skopcylindrar i frontlastare hj\u00e4lper till att lyfta och dumpa gods effektivt.<\/p>\n<\/ul>\n<h2>Design\u00f6verv\u00e4ganden och urvalskriterier<\/h2>\n<p>Skopscylindrar \u00e4r f\u00f6rem\u00e5l f\u00f6r olika design\u00f6verv\u00e4ganden och urvalskriterier. Dessa inkluderar:<\/p>\n<ul>\n<li>\n<h3>B\u00e4rkraft<\/h3>\n<\/li>\n<p>B\u00e4rf\u00f6rm\u00e5gan \u00e4r en viktig faktor vid konstruktion av skopcylindrar. En cylinder m\u00e5ste kunna motst\u00e5 de belastningar den kommer att uts\u00e4ttas f\u00f6r under drift.<\/p>\n<li>\n<h3>T\u00e4tning<\/h3>\n<\/li>\n<p>Olika t\u00e4tningskomponenter, inklusive kolvt\u00e4tningar och kolvst\u00e5ngst\u00e4tningar, anv\u00e4nds f\u00f6r att f\u00f6rhindra v\u00e4tskel\u00e4ckage fr\u00e5n cylindern. T\u00e4tningar \u00e4r vanligtvis tillverkade av slitstarka material som polyuretan och nitrilgummi.<\/p>\n<li>\n<h3>Varaktighet<\/h3>\n<\/li>\n<p>Skopscylindrar m\u00e5ste vara tillr\u00e4ckligt h\u00e5llbara f\u00f6r att motst\u00e5 de h\u00e5rda f\u00f6rh\u00e5llandena i driftsmilj\u00f6n. Cylinderhuset och de g\u00e4ngade \u00e4ndytorna m\u00e5ste f\u00f6rfinas f\u00f6r att f\u00f6rb\u00e4ttra slitstyrkan.<\/p>\n<li>\n<h3>S\u00e4kerhet<\/h3>\n<\/li>\n<p>S\u00e4kerhet \u00e4r en viktig fr\u00e5ga n\u00e4r man arbetar med hydrauliska system. Korrekt installation och underh\u00e5ll kan bidra till att f\u00f6rhindra olyckor.<\/p>\n<li>\n<h3>Underh\u00e5ll<\/h3>\n<\/li>\n<p>Korrekt underh\u00e5ll \u00e4r avg\u00f6rande f\u00f6r att s\u00e4kerst\u00e4lla skopcylindrarnas livsl\u00e4ngd och s\u00e4kerhet. Rutinm\u00e4ssiga underh\u00e5llsuppgifter inkluderar inspektion och byte av t\u00e4tningar, kontroll av l\u00e4ckor och kalibrering av cylindern.<\/p>\n<\/ul>\n<p><img decoding=\"async\" src=\"https:\/\/www.hydraulic-cylinders.net\/wp-content\/uploads\/2025\/01\/songte-oil-pipes-and-spare-parts.webp\"><\/p>\n<h2>T\u00e4tning och sm\u00f6rjning<\/h2>\n<p>Skopscylindrar anv\u00e4nder en m\u00e4ngd olika t\u00e4tningskomponenter, inklusive kolvt\u00e4tningar och kolvst\u00e5ngst\u00e4tningar, f\u00f6r att f\u00f6rhindra v\u00e4tskel\u00e4ckage. T\u00e4tningar \u00e4r vanligtvis tillverkade av slitstarka material som polyuretan och nitrilgummi. Cylinderhuset och de g\u00e4ngade \u00e4ndytorna \u00e4r f\u00f6rfinade f\u00f6r att f\u00f6rb\u00e4ttra slitstyrkan. Regelbunden tillsats av r\u00e4tt m\u00e4ngd hydraulolja \u00e4r avg\u00f6rande f\u00f6r att skopscylindrarna ska h\u00e5llas smorda och fungera smidigt.<\/p>\n<h2>Inspektion och f\u00f6rebyggande underh\u00e5lls\u00e5tg\u00e4rder<\/h2>\n<p>Rutinm\u00e4ssig inspektion och f\u00f6rebyggande underh\u00e5lls\u00e5tg\u00e4rder kan bidra till att s\u00e4kerst\u00e4lla att skopcylindrarna fungerar effektivt och s\u00e4kert. Underh\u00e5llsuppgifter inkluderar:<\/p>\n<ul>\n<li>\n<h3>Korrekt installation<\/h3>\n<\/li>\n<p>Korrekt installation \u00e4r nyckeln till att s\u00e4kerst\u00e4lla att skopcylindrar fungerar s\u00e4kert och effektivt. Korrekt justering av cylindern, anv\u00e4ndning av l\u00e4mpliga monteringsf\u00e4sten f\u00f6r att s\u00e4kra cylindern och efterf\u00f6ljande rekommenderade inspektions-, reparations- och utbytesprocedurer kan \u00f6ka cylinderns livsl\u00e4ngd.<\/p>\n<li>\n<h3>Sm\u00f6rjning<\/h3>\n<\/li>\n<p>Regelbunden sm\u00f6rjning \u00e4r avg\u00f6rande f\u00f6r att skopcylindrarna ska fungera smidigt. Att tills\u00e4tta r\u00e4tt m\u00e4ngd hydraulolja vid rekommenderade intervall hj\u00e4lper till att h\u00e5lla t\u00e4tningarna smorda och minska friktionen.<\/p>\n<li>\n<h3>Byte av t\u00e4tning och kalibreringskontroll<\/h3>\n<\/li>\n<p>Regelbunden inspektion och byte av slitna t\u00e4tningar kan bidra till att f\u00f6rhindra v\u00e4tskel\u00e4ckage. Kalibreringskontroller s\u00e4kerst\u00e4ller att cylinderns prestanda uppfyller angivna standarder.<\/p>\n<\/ul>\n<p><img decoding=\"async\" src=\"https:\/\/www.hydraulic-cylinders.net\/wp-content\/uploads\/2025\/01\/songte-chushion-collar.webp\"><\/p>\n<h2>S\u00e4kerhetsaspekter och milj\u00f6faktorer<\/h2>\n<p>Skopscylindrar arbetar under h\u00f6gt tryck, s\u00e5 l\u00e4mpliga s\u00e4kerhets\u00e5tg\u00e4rder \u00e4r avg\u00f6rande. Arbetare b\u00f6r b\u00e4ra l\u00e4mplig personlig skyddsutrustning och f\u00f6lja rekommenderade s\u00e4kerhetsriktlinjer n\u00e4r de arbetar med hydrauliska system. Milj\u00f6h\u00e4nsyn inkluderar korrekt kassering av hydraulv\u00e4tska och andra farliga material.<\/p>\n<h2>Fels\u00f6kning och vanliga problem<\/h2>\n<p>Vanliga problem med skopcylindern inkluderar v\u00e4tskel\u00e4ckage, otillr\u00e4cklig funktion och feljustering. Fels\u00f6kningstips inkluderar kontroll av l\u00e4ckor, kontroll av t\u00e4tningar f\u00f6r slitage och kontroll av korrekt justering. F\u00f6rebyggande \u00e5tg\u00e4rder inkluderar korrekt installation, regelbunden inspektion och underh\u00e5ll.<\/p>\n<p><img decoding=\"async\" src=\"https:\/\/www.hydraulic-cylinders.net\/wp-content\/uploads\/2025\/01\/songte-bushings-with-all-kinds-of-excavator-models.webp\"><\/p>\n<h2>Om v\u00e5rt f\u00f6retag<\/h2>\n<p>Vi \u00e4r en tillverkare av hydraulcylindrar med ett komplett produktsortiment och har blivit en av de ledande tillverkarna och grossistdistribut\u00f6rerna av hydraulcylindrar p\u00e5 den inhemska och internationella marknaden. Vi f\u00f6ljer principen om utm\u00e4rkt kvalitet och f\u00f6rlitar oss p\u00e5 industrialiserade produktionsstrategier i f\u00f6rfinade tillverkningsverkst\u00e4der. Vi f\u00f6rb\u00e4ttrar kontinuerligt v\u00e5ra tillverkningsplattformar genom att anv\u00e4nda teknisk talang, digital avancerad tillverkningsutrustning och professionella testsystem, vilket g\u00f6r det m\u00f6jligt f\u00f6r oss att producera h\u00f6gkvalitativa produkter med h\u00f6g effektivitet, h\u00f6g precision och h\u00f6g kvalitet f\u00f6r att m\u00f6ta kundernas olika behov.<\/p>\n<ul>\n<li>\n<h3>Professionalism<\/h3>\n<\/li>\n<p>Vi har ett team av erfarna experter som \u00e4r dedikerade till att erbjuda de b\u00e4sta l\u00f6sningarna f\u00f6r v\u00e5ra kunders behov.<\/p>\n<li>\n<h3>Internationell certifiering<\/h3>\n<\/li>\n<p>V\u00e5ra produkter \u00e4r certifierade f\u00f6r att uppfylla internationella standarder f\u00f6r kvalitet och s\u00e4kerhet.<\/p>\n<li>\n<h3>Anpassningstj\u00e4nster<\/h3>\n<\/li>\n<p>Vi erbjuder kundanpassade hydraulcylinderl\u00f6sningar skr\u00e4ddarsydda efter v\u00e5ra kunders unika behov.<\/p>\n<li>\n<h3>Produktionsutrustning<\/h3>\n<\/li>\n<p>Vi anv\u00e4nder avancerad tillverkningsutrustning f\u00f6r att producera h\u00f6gkvalitativa hydraulcylindrar.<\/p>\n<li>\n<h3>Eftermarknadstj\u00e4nster<\/h3>\n<\/li>\n<p>Vi erbjuder support efter f\u00f6rs\u00e4ljning till alla v\u00e5ra kunder under hela v\u00e5ra produkters livscykel.<\/p>\n<\/ul>\n<p><img decoding=\"async\" src=\"https:\/\/hzpt.com\/wp-content\/uploads\/2024\/11\/songte-company-1.webp\"><\/p>\n<p>F\u00f6rfattare: lyl<\/p>","protected":false},"excerpt":{"rendered":"<p>Bucket Cylinder For Bonny CTD460-6 Introduction A bucket cylinder is a specially designed hydraulic cylinder used primarily to control the movement of buckets in heavy machinery such as excavators, backhoes, and front loaders. Its main function is to enable the bucket to lift, lower, and tilt, making it easier to handle various materials. Definition and [&hellip;]<\/p>","protected":false},"featured_media":14771,"comment_status":"open","ping_status":"closed","template":"","meta":{"_et_pb_use_builder":"","_et_pb_old_content":"","_et_gb_content_width":""},"product_brand":[],"product_cat":[1494],"product_tag":[1495,1496],"class_list":{"0":"post-15937","1":"product","2":"type-product","3":"status-publish","4":"has-post-thumbnail","6":"product_cat-bucket-cylinders","7":"product_tag-bucket-cylinders","8":"product_tag-hydraulic-cylinders","10":"first","11":"instock","12":"shipping-taxable","13":"product-type-simple"},"amp_enabled":true,"_links":{"self":[{"href":"https:\/\/www.hydraulic-cylinders.net\/sv\/wp-json\/wp\/v2\/product\/15937","targetHints":{"allow":["GET"]}}],"collection":[{"href":"https:\/\/www.hydraulic-cylinders.net\/sv\/wp-json\/wp\/v2\/product"}],"about":[{"href":"https:\/\/www.hydraulic-cylinders.net\/sv\/wp-json\/wp\/v2\/types\/product"}],"replies":[{"embeddable":true,"href":"https:\/\/www.hydraulic-cylinders.net\/sv\/wp-json\/wp\/v2\/comments?post=15937"}],"wp:featuredmedia":[{"embeddable":true,"href":"https:\/\/www.hydraulic-cylinders.net\/sv\/wp-json\/wp\/v2\/media\/14771"}],"wp:attachment":[{"href":"https:\/\/www.hydraulic-cylinders.net\/sv\/wp-json\/wp\/v2\/media?parent=15937"}],"wp:term":[{"taxonomy":"product_brand","embeddable":true,"href":"https:\/\/www.hydraulic-cylinders.net\/sv\/wp-json\/wp\/v2\/product_brand?post=15937"},{"taxonomy":"product_cat","embeddable":true,"href":"https:\/\/www.hydraulic-cylinders.net\/sv\/wp-json\/wp\/v2\/product_cat?post=15937"},{"taxonomy":"product_tag","embeddable":true,"href":"https:\/\/www.hydraulic-cylinders.net\/sv\/wp-json\/wp\/v2\/product_tag?post=15937"}],"curies":[{"name":"wp","href":"https:\/\/api.w.org\/{rel}","templated":true}]}}