{"id":15941,"date":"2025-01-19T15:11:42","date_gmt":"2025-01-19T15:11:42","guid":{"rendered":"https:\/\/www.hydraulic-cylinders.net\/product\/bucket-cylinder-for-bonny-ced460-8-ced480-9\/"},"modified":"2025-01-19T15:11:44","modified_gmt":"2025-01-19T15:11:44","slug":"bucket-cylinder-for-bonny-ced460-8-ced480-9","status":"publish","type":"product","link":"https:\/\/www.hydraulic-cylinders.net\/sv\/produkt\/bucket-cylinder-for-bonny-ced460-8-ced480-9\/","title":{"rendered":"Skopscylinder f\u00f6r Bonny CED460-8\/CED480-9"},"content":{"rendered":"<h2>Skopscylinder f\u00f6r Bonny CED460-8\/CED480-9<\/h2>\n<p>\n    <img decoding=\"async\" src=\"https:\/\/www.hydraulic-cylinders.net\/wp-content\/uploads\/2025\/01\/songte-company-2.webp\" alt=\"Skopscylinder\" \/><br \/>\n    En skopcylinder \u00e4r en specialiserad hydraulcylinder som \u00e4r konstruerad f\u00f6r att styra r\u00f6relsen hos skopor i tunga maskiner som gr\u00e4vmaskiner, gr\u00e4vlastare och frontlastare. Dess huvudsakliga funktion \u00e4r att m\u00f6jligg\u00f6ra lyftning, s\u00e4nkning och lutning av skopan, vilket m\u00f6jligg\u00f6r effektiv hantering av olika material. I ett hydraulsystem uppn\u00e5r skopcylindern exakt kontroll \u00f6ver skopan genom att utnyttja f\u00f6r\u00e4ndringar i hydrauloljetrycket, vilket g\u00f6r det m\u00f6jligt f\u00f6r operat\u00f6rer att effektivt hantera tunga laster och anpassa sig till komplexa arbetsmilj\u00f6er och olika arbetskrav.\n<\/p>\n<h3>Produktegenskaper<\/h3>\n<ul>\n<li><strong>H\u00f6g styrka och h\u00e5llbarhet:<\/strong> Skopscylindern, som vanligtvis \u00e4r tillverkad av h\u00f6gh\u00e5llfast st\u00e5l eller aluminium, t\u00e5l h\u00f6gt tryck och tunga belastningar och anpassar sig till tuffa arbetsf\u00f6rh\u00e5llanden. Dess design tar h\u00e4nsyn till slitstyrka och korrosionsbest\u00e4ndighet, vilket f\u00f6rl\u00e4nger dess livsl\u00e4ngd.<\/li>\n<li><strong>Effektiv hydraulisk drift:<\/strong> Genom att utnyttja hydrauloljetrycket uppn\u00e5r skopcylindern smidiga ut- och inf\u00e4llningsr\u00f6relser, kan snabbt reagera p\u00e5 styrkommandon och ge kraftfulla tryck- och dragkrafter, vilket g\u00f6r den l\u00e4mplig f\u00f6r hantering av tunga laster och komplexa arbetsuppgifter.<\/li>\n<li><strong>M\u00e5ngsidiga typer:<\/strong> Skopscylindern kan v\u00e4ljas som enkelverkande (hydraulisk endast i en riktning) eller dubbelverkande (hydraulisk i b\u00e5da riktningarna) cylindrar beroende p\u00e5 behov, f\u00f6r att tillgodose olika driftsbehov. Vissa modeller \u00e4r teleskopiska, vilket m\u00f6jligg\u00f6r st\u00f6rre utdrag utan att \u00f6ka de yttersta m\u00e5tten, vilket g\u00f6r dem idealiska f\u00f6r applikationer med begr\u00e4nsat utrymme.<\/li>\n<li><strong>Perfekt ers\u00e4ttning:<\/strong> V\u00e5ra produkter kan perfekt ers\u00e4tta dessa hydraulcylindrar. <img decoding=\"async\" src=\"https:\/\/www.hydraulic-cylinders.net\/wp-content\/uploads\/2025\/01\/songte-cylinder-head-with-all-kinds-excavator-models.webp\" alt=\"Topplock\" \/><\/li>\n<\/ul>\n<h3>Applikationer<\/h3>\n<p>\n    <strong>Byggutrustning:<\/strong> De finns i gr\u00e4vmaskiner och \u00e4r avg\u00f6rande f\u00f6r att gr\u00e4va, lasta och flytta jord eller skr\u00e4p. I gr\u00e4vlastare hj\u00e4lper skopcylindern till med b\u00e5de gr\u00e4vning och lyftning.<br \/>\n    <strong>Jordbruksmaskiner:<\/strong> De anv\u00e4nds i frontlastare och hj\u00e4lper till med att \u00f6sa, lyfta och transportera jord, h\u00f6 och andra material.<br \/>\n    <strong>Gr\u00e4vmaskiner:<\/strong> Skopans cylinder m\u00f6jligg\u00f6r gr\u00e4vning genom att l\u00e5ta skopan tr\u00e4nga ner i jorden.<br \/>\n    <strong>Lastare:<\/strong> I frontlastare hj\u00e4lper de till att lyfta och lossa gods effektivt.\n<\/p>\n<h3>Design\u00f6verv\u00e4ganden och urvalskriterier<\/h3>\n<p>\n    <img decoding=\"async\" src=\"https:\/\/www.hydraulic-cylinders.net\/wp-content\/uploads\/2025\/01\/songte-oil-pipes-and-spare-parts.webp\" alt=\"Oljer\u00f6r och reservdelar\" \/><br \/>\n    Konstruktions\u00f6verv\u00e4gandena f\u00f6r skopcylindrar inkluderar b\u00e4rf\u00f6rm\u00e5ga, t\u00e4tning, h\u00e5llbarhet, s\u00e4kerhet och underh\u00e5llbarhet. Varje aspekt \u00e4r avg\u00f6rande f\u00f6r att s\u00e4kerst\u00e4lla optimal prestanda och livsl\u00e4ngd f\u00f6r cylindern.\n<\/p>\n<h3>T\u00e4tning och sm\u00f6rjning<\/h3>\n<p>\n    Olika t\u00e4tningselement, s\u00e5som kolvt\u00e4tningar och kolvst\u00e5ngst\u00e4tningar, anv\u00e4nds i skopcylindern. Dessa t\u00e4tningar \u00e4r tillverkade av slitstarka material som polyuretan och nitrilgummi. Cylinderhuset och de g\u00e4ngade \u00e4ndytorna genomg\u00e5r finbearbetning f\u00f6r att f\u00f6rb\u00e4ttra slitstyrkan. Regelbunden sm\u00f6rjning med l\u00e4mplig hydraulolja \u00e4r n\u00f6dv\u00e4ndig f\u00f6r att s\u00e4kerst\u00e4lla smidig drift och l\u00e5ng livsl\u00e4ngd.\n<\/p>\n<h3>Regelbunden inspektion och f\u00f6rebyggande underh\u00e5ll<\/h3>\n<p>\n    Det \u00e4r viktigt att regelbundet inspektera och utf\u00f6ra f\u00f6rebyggande underh\u00e5lls\u00e5tg\u00e4rder p\u00e5 skopcylindern. Detta inkluderar att kontrollera eventuella l\u00e4ckor, s\u00e4kerst\u00e4lla korrekt sm\u00f6rjning, byta t\u00e4tningar vid behov och utf\u00f6ra kalibreringskontroller f\u00f6r att bibeh\u00e5lla optimal prestanda. Genom att f\u00f6lja korrekta installationsanvisningar, inklusive att rikta cylindern korrekt och anv\u00e4nda l\u00e4mpliga installationsf\u00e4sten f\u00f6r att s\u00e4kra cylindern, kan skopcylinderns livsl\u00e4ngd f\u00f6rl\u00e4ngas. Rekommenderade inspektions-, reparations- och utbytesprocedurer, samt tips f\u00f6r att \u00f6ka cylinderns livsl\u00e4ngd, b\u00f6r f\u00f6ljas.\n<\/p>\n<h3>S\u00e4kerhetsaspekter och milj\u00f6faktorer<\/h3>\n<p>\n    Vid anv\u00e4ndning av skopcylindrar \u00e4r det avg\u00f6rande att prioritera s\u00e4kerhets\u00e5tg\u00e4rder f\u00f6r att f\u00f6rhindra olyckor och s\u00e4kerst\u00e4lla skyddet av personal och utrustning. Detta inkluderar att f\u00f6lja rekommenderade driftsprocedurer, s\u00e4kerhetsriktlinjer och anv\u00e4nda l\u00e4mplig personlig skyddsutrustning (PPE) vid arbete med hydrauliska system. Milj\u00f6faktorer b\u00f6r ocks\u00e5 beaktas, s\u00e5som att undvika oljespill och korrekt kassera anv\u00e4nd hydraulolja och komponenter.\n<\/p>\n<h3>Feldiagnos och vanliga problem<\/h3>\n<p>\n    <img decoding=\"async\" src=\"https:\/\/www.hydraulic-cylinders.net\/wp-content\/uploads\/2025\/01\/songte-bushings-with-all-kinds-of-excavator-models.webp\" alt=\"Bussningar\" \/><br \/>\n    Det \u00e4r viktigt att kunna diagnostisera och \u00e5tg\u00e4rda fel som kan uppst\u00e5 med skopcylindern. Vanliga problem kan inkludera l\u00e4ckor, otillr\u00e4ckligt tryck, l\u00e5ngsam respons eller onormala ljud. Fels\u00f6kningstips och l\u00f6sningar b\u00f6r tillhandah\u00e5llas f\u00f6r att hj\u00e4lpa l\u00e4sarna att effektivt diagnostisera och l\u00f6sa problem. Dessutom b\u00f6r f\u00f6rebyggande \u00e5tg\u00e4rder f\u00f6resl\u00e5s f\u00f6r att minimera potentiella problem.\n<\/p>\n<h3>Installationsguide<\/h3>\n<p>\n    En korrekt installationsguide b\u00f6r tillhandah\u00e5llas f\u00f6r att s\u00e4kerst\u00e4lla korrekt installation av skopcylindern. Detta inkluderar korrekt justering av cylindern, anv\u00e4ndning av l\u00e4mpliga installationsf\u00e4sten f\u00f6r att s\u00e4kra cylindern och f\u00f6ljning av rekommenderade \u00e5tdragningsspecifikationer. Dessutom b\u00f6r korrekta t\u00e4tningsmetoder och anv\u00e4ndning av l\u00e4mpliga komponenter betonas.\n<\/p>\n<h3>Underh\u00e5llsuppgifter<\/h3>\n<p>\n    <img decoding=\"async\" src=\"https:\/\/www.hydraulic-cylinders.net\/wp-content\/uploads\/2025\/01\/songte-chushion-collar.webp\" alt=\"Kuddekrage\" \/><br \/>\n    Vanliga underh\u00e5llsuppgifter f\u00f6r skopcylindrar inkluderar regelbunden inspektion, l\u00e4mplig sm\u00f6rjning, byte av t\u00e4tningar och kalibreringskontroller. Vikten av korrekt installation, sm\u00f6rjning och justering b\u00f6r betonas. Korrekt uppriktningsv\u00e4gledning under installation, rekommenderade inspektions-, reparations- och utbytesprocedurer, samt information om reservdelar och renoveringstj\u00e4nster b\u00f6r tillhandah\u00e5llas f\u00f6r att \u00f6ka skopcylinderns livsl\u00e4ngd.\n<\/p>\n<h3>Om v\u00e5rt f\u00f6retag<\/h3>\n<p>\n    <img decoding=\"async\" src=\"https:\/\/hzpt.com\/wp-content\/uploads\/2024\/11\/songte-company-1.webp\" alt=\"F\u00f6retag\" \/><br \/>\n    Vi \u00e4r en tillverkare av hydraulcylindrar f\u00f6r reservdelar och erbjuder ett brett utbud av produkter. Vi har blivit en av de ledande tillverkarna och grossistdistribut\u00f6rerna av hydraulcylindrar p\u00e5 den inhemska och internationella marknaden. Med fokus p\u00e5 utm\u00e4rkt kvalitet f\u00f6rlitar vi oss p\u00e5 industrialiserade produktionsledningsstrategier i v\u00e5ra sofistikerade tillverkningsverkst\u00e4der. V\u00e5rt f\u00f6retag f\u00f6rb\u00e4ttrar kontinuerligt tillverkningsplattformen, f\u00f6rb\u00e4ttrar produktionsv\u00e4gen f\u00f6r produktkvalitet och har starka innovationsf\u00f6rm\u00e5gor. Vi str\u00e4var efter att m\u00f6ta kundernas olika behov med h\u00f6g effektivitet, precision och kvalitet.\n<\/p>\n<h3>Om v\u00e5rt f\u00f6retag (forts\u00e4ttning)<\/h3>\n<ul>\n<li><strong>Professionalism:<\/strong> Vi \u00e4r stolta \u00f6ver v\u00e5r expertis och professionalism inom tillverkning av hydraulcylindrar.<\/li>\n<li><strong>Internationella certifieringar:<\/strong> V\u00e5ra produkter uppfyller internationella certifieringar, vilket garanterar deras kvalitet och tillf\u00f6rlitlighet.<\/li>\n<li><strong>Anpassningstj\u00e4nster:<\/strong> Vi erbjuder anpassningstj\u00e4nster f\u00f6r att m\u00f6ta specifika kundkrav.<\/li>\n<li><strong>Produktionsutrustning:<\/strong> V\u00e5rt f\u00f6retag anv\u00e4nder den senaste produktionsutrustningen och tekniken.<\/li>\n<li><strong>Eftermarknadsservice:<\/strong> Vi erbjuder omfattande eftermarknadsservice, inklusive reservdelsbyte och renovering.<\/li>\n<\/ul>\n<p>\n    F\u00f6rfattare: lyl<\/p>","protected":false},"excerpt":{"rendered":"<p>Bucket Cylinder For Bonny CED460-8\/CED480-9 A bucket cylinder is a specialized hydraulic cylinder designed for controlling the movement of buckets in heavy machinery such as excavators, backhoe loaders, and front loaders. Its main function is to enable lifting, lowering, and tilting of the bucket, allowing for efficient handling of various materials. In a hydraulic system, [&hellip;]<\/p>","protected":false},"featured_media":14761,"comment_status":"open","ping_status":"closed","template":"","meta":{"_et_pb_use_builder":"","_et_pb_old_content":"","_et_gb_content_width":""},"product_brand":[],"product_cat":[1494],"product_tag":[1495,1496],"class_list":{"0":"post-15941","1":"product","2":"type-product","3":"status-publish","4":"has-post-thumbnail","6":"product_cat-bucket-cylinders","7":"product_tag-bucket-cylinders","8":"product_tag-hydraulic-cylinders","10":"first","11":"instock","12":"shipping-taxable","13":"product-type-simple"},"amp_enabled":true,"_links":{"self":[{"href":"https:\/\/www.hydraulic-cylinders.net\/sv\/wp-json\/wp\/v2\/product\/15941","targetHints":{"allow":["GET"]}}],"collection":[{"href":"https:\/\/www.hydraulic-cylinders.net\/sv\/wp-json\/wp\/v2\/product"}],"about":[{"href":"https:\/\/www.hydraulic-cylinders.net\/sv\/wp-json\/wp\/v2\/types\/product"}],"replies":[{"embeddable":true,"href":"https:\/\/www.hydraulic-cylinders.net\/sv\/wp-json\/wp\/v2\/comments?post=15941"}],"wp:featuredmedia":[{"embeddable":true,"href":"https:\/\/www.hydraulic-cylinders.net\/sv\/wp-json\/wp\/v2\/media\/14761"}],"wp:attachment":[{"href":"https:\/\/www.hydraulic-cylinders.net\/sv\/wp-json\/wp\/v2\/media?parent=15941"}],"wp:term":[{"taxonomy":"product_brand","embeddable":true,"href":"https:\/\/www.hydraulic-cylinders.net\/sv\/wp-json\/wp\/v2\/product_brand?post=15941"},{"taxonomy":"product_cat","embeddable":true,"href":"https:\/\/www.hydraulic-cylinders.net\/sv\/wp-json\/wp\/v2\/product_cat?post=15941"},{"taxonomy":"product_tag","embeddable":true,"href":"https:\/\/www.hydraulic-cylinders.net\/sv\/wp-json\/wp\/v2\/product_tag?post=15941"}],"curies":[{"name":"wp","href":"https:\/\/api.w.org\/{rel}","templated":true}]}}