{"id":1595,"date":"2023-10-07T08:23:14","date_gmt":"2023-10-07T08:23:14","guid":{"rendered":"https:\/\/hydraulic-cylinders.net\/?post_type=product&#038;p=1595"},"modified":"2025-04-11T03:36:18","modified_gmt":"2025-04-11T03:36:18","slug":"mining-dump-truck-rear-suspension-cylinder","status":"publish","type":"product","link":"https:\/\/www.hydraulic-cylinders.net\/sv\/produkt\/mining-dump-truck-rear-suspension-cylinder\/","title":{"rendered":"Bakre fj\u00e4dringscylinder f\u00f6r gruvtruck"},"content":{"rendered":"<h1 style=\"text-align: center;\"><strong>Bakre fj\u00e4dringscylinder f\u00f6r gruvtruck<\/strong><\/h1>\n<p><img loading=\"lazy\" decoding=\"async\" class=\"aligncenter wp-image-1596\" src=\"https:\/\/hydraulic-cylinders.net\/wp-content\/uploads\/2023\/10\/rear-suspension-cylinder-1-300x300.webp\" alt=\"\" width=\"400\" height=\"400\" \/><\/p>\n<p>Bakre fj\u00e4dringscylindern p\u00e5 gruvdumprar \u00e4r en viktig komponent som \u00e4r speciellt utformad f\u00f6r att optimera stabiliteten och prestandan hos gruvdumprar. Med sin robusta konstruktion och avancerade funktioner spelar denna cylinder en avg\u00f6rande roll f\u00f6r att absorbera st\u00f6tar, bibeh\u00e5lla korrekt fj\u00e4dring och f\u00f6rb\u00e4ttra den totala effektiviteten vid tung gruvdrift.<\/p>\n<p>Bakre fj\u00e4dringscylindern f\u00f6r gruvdumprar \u00e4r en viktig komponent f\u00f6r att f\u00f6rb\u00e4ttra stabilitet, b\u00e4rf\u00f6rm\u00e5ga och \u00f6vergripande prestanda hos gruvdumprar. Dess robusta konstruktion, \u00f6verl\u00e4gsna st\u00f6td\u00e4mpning och exakta fj\u00e4dringskontroll g\u00f6r den till en v\u00e4rdefull tillg\u00e5ng i den kr\u00e4vande gruvindustrin. Genom att f\u00f6lja korrekta anv\u00e4ndningsmetoder och implementera regelbundet underh\u00e5ll kan f\u00f6rare s\u00e4kerst\u00e4lla h\u00e5llbarheten och tillf\u00f6rlitligheten hos bakre fj\u00e4dringscylindern f\u00f6r gruvdumprar, vilket leder till s\u00e4ker och effektiv gruvdrift. V\u00e4lj denna h\u00f6gpresterande cylinder f\u00f6r att f\u00f6rb\u00e4ttra stabilitet, produktivitet och f\u00f6rarkomfort i din gruvdumprarflotta.<\/p>\n<p>Bakre fj\u00e4dringscylinder f\u00f6r gruvtruck, viktiga egenskaper:<\/p>\n<ol>\n<li>Robust och h\u00e5llbar konstruktion:<\/li>\n<\/ol>\n<ul>\n<li>Bakre fj\u00e4dringscylindern f\u00f6r gruvdumprar \u00e4r byggd av h\u00f6gkvalitativa material, vilket s\u00e4kerst\u00e4ller dess h\u00e5llbarhet och livsl\u00e4ngd i tuffa gruvmilj\u00f6er.<\/li>\n<li>Den t\u00e5l tunga belastningar, konstanta vibrationer och utmanande terr\u00e4ng, vilket ger p\u00e5litlig prestanda under hela sin livsl\u00e4ngd.<\/li>\n<\/ul>\n<ol start=\"2\">\n<li>\u00d6verl\u00e4gsen st\u00f6td\u00e4mpning:<\/li>\n<\/ol>\n<ul>\n<li>Denna cylinder \u00e4r utrustad med avancerad st\u00f6td\u00e4mpningsteknik, vilket effektivt minimerar effekterna av st\u00f6tar och vibrationer som uppst\u00e5r under gruvdrift.<\/li>\n<li>Det f\u00f6rb\u00e4ttrar dumptruckens stabilitet, minskar belastningen p\u00e5 fordonets komponenter och s\u00e4kerst\u00e4ller en j\u00e4mnare och bekv\u00e4mare k\u00f6rning f\u00f6r b\u00e5de f\u00f6raren och nyttolasten.<\/li>\n<\/ul>\n<ol start=\"3\">\n<li>Exakt fj\u00e4dringskontroll:<\/li>\n<\/ol>\n<ul>\n<li>Den bakre fj\u00e4dringscylindern p\u00e5 gruvtrucken m\u00f6jligg\u00f6r exakt kontroll \u00f6ver fj\u00e4dringssystemet, vilket g\u00f6r det m\u00f6jligt f\u00f6r f\u00f6rarna att justera fj\u00e4dringsinst\u00e4llningarna efter specifika gruvf\u00f6rh\u00e5llanden.<\/li>\n<li>Denna funktion hj\u00e4lper till att optimera lastbilens prestanda genom att s\u00e4kerst\u00e4lla r\u00e4tt balans mellan b\u00e4rf\u00f6rm\u00e5ga, man\u00f6vrerbarhet och stabilitet.<\/li>\n<\/ul>\n<h2><strong>Bakre fj\u00e4dringscylinder f\u00f6r gruvdrift: Parameter:<\/strong><\/h2>\n<table border=\"1\" cellspacing=\"0\" cellpadding=\"0\">\n<tbody>\n<tr>\n<td>Produktnamn<\/td>\n<td>Bakre fj\u00e4dringscylinder f\u00f6r gruvtruck<\/td>\n<\/tr>\n<tr>\n<td>Drag:<\/td>\n<td>St\u00f6d vikt, absorbera och eliminera vibrationer<\/td>\n<\/tr>\n<tr>\n<td>Borrdiameter:<\/td>\n<td>150 mm\uff5e450 mm<\/td>\n<\/tr>\n<tr>\n<td>St\u00e5ngdiameter:<\/td>\n<td>120 mm\uff5e400 mm<br \/>\nSlagl\u00e4ngd \u2264400 mm<\/td>\n<\/tr>\n<tr>\n<td>Tryckkraft:<\/td>\n<td>Maximalt 38 MPa<\/td>\n<\/tr>\n<tr>\n<td>Applikationer f\u00f6r bakre fj\u00e4dringscylinder:<\/td>\n<td>Gruvdriftsdumper<\/td>\n<\/tr>\n<\/tbody>\n<\/table>\n<h2><strong>Diagram f\u00f6r identifiering av cylinder f\u00f6r gruvdriftsdumper:<\/strong><\/h2>\n<p><img loading=\"lazy\" decoding=\"async\" class=\"alignnone wp-image-1594 size-full\" src=\"https:\/\/hydraulic-cylinders.net\/wp-content\/uploads\/2023\/10\/mining-dump-truck-cylinder.webp\" alt=\"\" width=\"1418\" height=\"946\" srcset=\"https:\/\/hydraulic-cylinders.net\/wp-content\/uploads\/2023\/10\/mining-dump-truck-cylinder.webp 1418w, https:\/\/hydraulic-cylinders.net\/wp-content\/uploads\/2023\/10\/mining-dump-truck-cylinder-1280x854.webp 1280w, https:\/\/hydraulic-cylinders.net\/wp-content\/uploads\/2023\/10\/mining-dump-truck-cylinder-980x654.webp 980w, https:\/\/hydraulic-cylinders.net\/wp-content\/uploads\/2023\/10\/mining-dump-truck-cylinder-480x320.webp 480w\" sizes=\"(min-width: 0px) and (max-width: 480px) 480px, (min-width: 481px) and (max-width: 980px) 980px, (min-width: 981px) and (max-width: 1280px) 1280px, (min-width: 1281px) 1418px, 100vw\" \/><\/p>\n<h2><strong>Anv\u00e4ndningsmetod f\u00f6r gruvdrift av bakre fj\u00e4dringscylinder f\u00f6r dumper<\/strong><strong>:<\/strong><\/h2>\n<ol>\n<li><strong>Installation och kalibrering:<\/strong><\/li>\n<\/ol>\n<ul>\n<li>Bakre fj\u00e4dringscylindern f\u00f6r gruvdumper b\u00f6r installeras och kalibreras av kvalificerade tekniker som \u00e4r bekanta med de specifika kraven f\u00f6r gruvdumper.<\/li>\n<li>Korrekt installation och kalibrering s\u00e4kerst\u00e4ller optimal prestanda och efterlevnad av s\u00e4kerhetsstandarder.<\/li>\n<\/ul>\n<ol start=\"2\">\n<li><strong>Justering av fj\u00e4dring:<\/strong><\/li>\n<\/ol>\n<ul>\n<li>Anv\u00e4nd fj\u00e4dringskontrollsystemet i lastbilens hytt f\u00f6r att justera bakre fj\u00e4dringsinst\u00e4llningarna.<\/li>\n<li>Ta h\u00e4nsyn till faktorer som lastvikt, terr\u00e4ngf\u00f6rh\u00e5llanden och \u00f6nskad k\u00f6rh\u00f6jd n\u00e4r du justerar fj\u00e4dringen.<\/li>\n<\/ul>\n<ol start=\"3\">\n<li><strong>Regelbunden \u00f6vervakning:<\/strong><\/li>\n<\/ol>\n<ul>\n<li>\u00d6vervaka kontinuerligt prestandan hos gruvdumperns bakre fj\u00e4dringssystem under drift.<\/li>\n<li>Var uppm\u00e4rksam p\u00e5 eventuella tecken p\u00e5 kraftig studsning, instabilitet eller ovanliga ljud, eftersom de kan tyda p\u00e5 att justering eller underh\u00e5ll beh\u00f6vs.<\/li>\n<\/ul>\n<h2><strong>Vad \u00e4r laddtryck i ett hydraulsystem?<\/strong><\/h2>\n<p>I ett hydraulsystem avser laddtrycket trycket hos hydraulv\u00e4tskan i systemet. Det \u00e4r det tryck som ut\u00f6vas p\u00e5 v\u00e4tskan av en extern kraftk\u00e4lla, s\u00e5som en pump eller ackumulator, f\u00f6r att ge den energi som kr\u00e4vs f\u00f6r att systemet ska kunna utf\u00f6ra sina avsedda funktioner.<\/p>\n<p>Laddtrycket \u00e4r en avg\u00f6rande parameter i ett hydraulsystem eftersom det avg\u00f6r kraften och hastigheten med vilken de hydrauliska st\u00e4lldonen, s\u00e5som cylindrar eller motorer, kan arbeta. H\u00e4r \u00e4r n\u00e5gra viktiga punkter att f\u00f6rst\u00e5 om laddtryck:<\/p>\n<ol>\n<li><strong>Kraftproduktion:<\/strong> En hydraulpump genererar prim\u00e4rt laddtryck, vilket drar v\u00e4tska fr\u00e5n en reservoar och trycks\u00e4tter den. Pumpen f\u00f6rser kontinuerligt systemet med ett specificerat tryck f\u00f6r att s\u00e4kerst\u00e4lla j\u00e4mn drift.<\/li>\n<li><strong>Systemdesign:<\/strong> Laddtrycket best\u00e4ms vanligtvis av hydraulsystemets konstruktionskrav. Det p\u00e5verkas av faktorer som lastkapacitet, \u00f6nskad driftshastighet och st\u00e4lldonstyp.<\/li>\n<li><strong>Tryckreglering:<\/strong> Hydrauliska system har ofta \u00f6vertrycksventiler eller styrventiler f\u00f6r att reglera laddtrycket. Dessa ventiler s\u00e4kerst\u00e4ller att trycket h\u00e5lls inom ett s\u00e4kert och optimalt omr\u00e5de och skyddar systemet mot \u00f6vertryck.<\/li>\n<li><strong>Kraft och hastighet:<\/strong> Laddtrycket p\u00e5verkar direkt effekten och hastigheten med vilken hydrauliska st\u00e4lldon arbetar. H\u00f6gre laddtryck \u00f6kar kraftuttaget, vilket g\u00f6r att systemet kan flytta tyngre laster. Omv\u00e4nt kan l\u00e4gre laddtryck minska kraftuttaget men ge en j\u00e4mnare och mer exakt styrning f\u00f6r specifika till\u00e4mpningar.<\/li>\n<li><strong>Effektivitet och v\u00e4rmegenerering:<\/strong> Laddtrycket p\u00e5verkar ocks\u00e5 hydraulsystemets totala effektivitet. H\u00f6gre laddtryck kan \u00f6ka energif\u00f6rbrukningen och generera mer v\u00e4rme i systemet. Effektiv tryckreglering och korrekt systemdesign hj\u00e4lper till att minska energif\u00f6rluster och hantera v\u00e4rmeavledning.<\/li>\n<li><strong>Tryckf\u00f6rluster:<\/strong> Det \u00e4r viktigt att beakta tryckf\u00f6rluster i hydraulsystemet p\u00e5 grund av v\u00e4tskefriktion, fl\u00f6desbegr\u00e4nsningar och tryckfall \u00f6ver ventiler och komponenter. Dessa f\u00f6rluster kan p\u00e5verka det faktiska laddtrycket som st\u00e4lldonen upplever och b\u00f6r minimeras f\u00f6r att bibeh\u00e5lla \u00f6nskad prestanda.<\/li>\n<\/ol>\n<h2><strong>Fabrikens kapacitet och kapacitet:<\/strong><\/h2>\n<h3>(1) Montering<\/h3>\n<p>Vi har en f\u00f6rstklassig oberoende forsknings- och utvecklingsplattform. Verkstaden f\u00f6r tillverkning av hydraulcylindrar har fyra halvautomatiska monteringslinjer f\u00f6r lyftcylindrar och en automatisk monteringslinje f\u00f6r tiltcylindrar, med en planerad \u00e5rlig produktionskapacitet p\u00e5 1 miljon enheter. Specialcylinderverkstaden \u00e4r utrustad med olika specifikationer f\u00f6r ett halvautomatiskt reng\u00f6ringsmonteringssystem med en planerad \u00e5rlig produktionskapacitet p\u00e5 200 000 och utrustad med k\u00e4nd CNC-bearbetningsutrustning, ett fleroperationscenter, en specialutrustning f\u00f6r h\u00f6gprecisionscylindrar, en robotsvetsmaskin, en automatisk reng\u00f6ringsmaskin, en automatisk cylindermonteringsmaskin och en automatisk produktionslinje f\u00f6r m\u00e5lning. Befintlig kritisk utrustning p\u00e5 mer \u00e4n 300 set (set). Optimal allokering och effektiv anv\u00e4ndning av utrustningsresurser s\u00e4kerst\u00e4ller produkternas noggrannhetskrav och uppfyller produkternas h\u00f6ga kvalitetsbehov.<\/p>\n<p><img loading=\"lazy\" decoding=\"async\" class=\"alignnone wp-image-626\" src=\"https:\/\/hydraulic-cylinders.net\/wp-content\/uploads\/2023\/08\/hydraulic-cylinder-product-1-300x158.webp\" alt=\"\" width=\"495\" height=\"260\" srcset=\"https:\/\/hydraulic-cylinders.net\/wp-content\/uploads\/2023\/08\/hydraulic-cylinder-product-1-300x158.webp 495w, https:\/\/hydraulic-cylinders.net\/wp-content\/uploads\/2023\/08\/hydraulic-cylinder-product-1-480x252.webp 480w\" sizes=\"(min-width: 0px) and (max-width: 480px) 480px, (min-width: 481px) 495px, 100vw\" \/> <img loading=\"lazy\" decoding=\"async\" class=\"alignnone wp-image-627\" src=\"https:\/\/hydraulic-cylinders.net\/wp-content\/uploads\/2023\/08\/hydraulic-cylinder-product-2-300x189.webp\" alt=\"\" width=\"413\" height=\"260\" \/><\/p>\n<h3>(2) Maskinbearbetning<\/h3>\n<p>Bearbetningsverkstaden \u00e4r utrustad med en specialanpassad svarvcentral f\u00f6r lutande r\u00e4ls, bearbetningscenter, h\u00f6ghastighetsh\u00f6nsmaskin, svetsrobot och annan relaterad utrustning, som kan hantera bearbetning av cylinderr\u00f6r med en maximal innerdiameter p\u00e5 400 mm och en maximal l\u00e4ngd p\u00e5 6 meter.<\/p>\n<p><img loading=\"lazy\" decoding=\"async\" class=\"alignnone wp-image-628 size-large\" src=\"https:\/\/hydraulic-cylinders.net\/wp-content\/uploads\/2023\/08\/hydraulic-cylinder-product-3-1024x391.webp\" alt=\"\" width=\"1024\" height=\"391\" srcset=\"https:\/\/hydraulic-cylinders.net\/wp-content\/uploads\/2023\/08\/hydraulic-cylinder-product-3-980x374.webp 980w, https:\/\/hydraulic-cylinders.net\/wp-content\/uploads\/2023\/08\/hydraulic-cylinder-product-3-480x183.webp 480w\" sizes=\"(min-width: 0px) and (max-width: 480px) 480px, (min-width: 481px) and (max-width: 980px) 980px, (min-width: 981px) 1024px, 100vw\" \/><\/p>\n<h3>(3) Svetsning<\/h3>\n<p><img loading=\"lazy\" decoding=\"async\" class=\"alignnone wp-image-629 size-large\" src=\"https:\/\/hydraulic-cylinders.net\/wp-content\/uploads\/2023\/08\/hydraulic-cylinder-product-4-1024x510.webp\" alt=\"\" width=\"1024\" height=\"510\" srcset=\"https:\/\/hydraulic-cylinders.net\/wp-content\/uploads\/2023\/08\/hydraulic-cylinder-product-4-980x488.webp 980w, https:\/\/hydraulic-cylinders.net\/wp-content\/uploads\/2023\/08\/hydraulic-cylinder-product-4-480x239.webp 480w\" sizes=\"(min-width: 0px) and (max-width: 480px) 480px, (min-width: 481px) and (max-width: 980px) 980px, (min-width: 981px) 1024px, 100vw\" \/><\/p>\n<h3>(4) M\u00e5lning och ytbehandling<\/h3>\n<p>Med sm\u00e5 och medelstora cylindriska automatiska vattenbaserade f\u00e4rgbel\u00e4ggningslinjer, f\u00f6r att uppn\u00e5 automatisk robotlastning och lossning samt automatisk sprutning, \u00e4r den designade kapaciteten 4000 stycken per skift;<br \/>\nVi har \u00e4ven en halvautomatisk f\u00e4rgproduktionslinje f\u00f6r stora cylindrar som drivs av en sl\u00e4pkedja, med en designkapacitet p\u00e5 60 l\u00e5dor per skift.<\/p>\n<p><img loading=\"lazy\" decoding=\"async\" class=\"alignnone wp-image-630\" src=\"https:\/\/hydraulic-cylinders.net\/wp-content\/uploads\/2023\/08\/hydraulic-cylinder-product-5-300x213.webp\" alt=\"\" width=\"366\" height=\"260\" \/> <img loading=\"lazy\" decoding=\"async\" class=\"alignnone wp-image-631\" src=\"https:\/\/hydraulic-cylinders.net\/wp-content\/uploads\/2023\/08\/hydraulic-cylinder-product-6-300x225.webp\" alt=\"\" width=\"347\" height=\"260\" \/><\/p>\n<h3>(5) Testning<\/h3>\n<p>Vi har f\u00f6rstklassiga inspektionsanl\u00e4ggningar och testb\u00e4ddar f\u00f6r att s\u00e4kerst\u00e4lla att cylinderns prestanda uppfyller kraven.<\/p>\n<p><img loading=\"lazy\" decoding=\"async\" class=\"alignnone wp-image-632\" src=\"https:\/\/hydraulic-cylinders.net\/wp-content\/uploads\/2023\/08\/hydraulic-cylinder-product-8-300x200.webp\" alt=\"\" width=\"389\" height=\"260\" \/><\/p>\n<p>&nbsp;<\/p>\n<p>&nbsp;<\/p>\n<p>Vi \u00e4r en av de b\u00e4sta tillverkarna av hydraulcylindrar. Vi kan erbjuda ett helt\u00e4ckande utbud av hydraulcylindrar. Vi tillhandah\u00e5ller \u00e4ven motsvarande <a href=\"https:\/\/hzpt.com\/agricultural-pto-gearbox\/\" target=\"_blank\" rel=\"noopener\">jordbruksv\u00e4xell\u00e5dor<\/a>Vi har exporterat v\u00e5ra produkter till kunder \u00f6ver hela v\u00e4rlden och f\u00e5tt ett gott rykte tack vare v\u00e5r \u00f6verl\u00e4gsna produktkvalitet och kundservice. Vi v\u00e4lkomnar kunder b\u00e5de hemma och utomlands att kontakta oss f\u00f6r att f\u00f6rhandla aff\u00e4rer, utbyta information och <a href=\"https:\/\/www.hydraulic-cylinders.net\/sv\/contact-us\/\">samarbeta med oss<\/a>!<\/p>","protected":false},"excerpt":{"rendered":"<p>Mining Dump Truck Rear Suspension Cylinder The mining dump truck rear suspension cylinder is a vital component specifically designed to optimize the stability and performance of mining dump trucks. With its robust construction and advanced features, this cylinder plays a crucial role in absorbing shocks, maintaining proper suspension, and enhancing the overall efficiency of heavy-duty [&hellip;]<\/p>","protected":false},"featured_media":1598,"comment_status":"open","ping_status":"closed","template":"","meta":{"_et_pb_use_builder":"","_et_pb_old_content":"","_et_gb_content_width":""},"product_brand":[],"product_cat":[1550,1517,1532,1376],"product_tag":[1380],"class_list":{"0":"post-1595","1":"product","2":"type-product","3":"status-publish","4":"has-post-thumbnail","6":"product_cat-double-acting-hydraulic-cylinder","7":"product_cat-dump-truck-hydraulic-cylinders","8":"product_cat-mining-dump-truck-hydraulic-cylinders","9":"product_cat-hydraulic-cylinder","10":"product_tag-hydraulic-cylinder","12":"first","13":"instock","14":"shipping-taxable","15":"product-type-simple"},"amp_enabled":true,"_links":{"self":[{"href":"https:\/\/www.hydraulic-cylinders.net\/sv\/wp-json\/wp\/v2\/product\/1595","targetHints":{"allow":["GET"]}}],"collection":[{"href":"https:\/\/www.hydraulic-cylinders.net\/sv\/wp-json\/wp\/v2\/product"}],"about":[{"href":"https:\/\/www.hydraulic-cylinders.net\/sv\/wp-json\/wp\/v2\/types\/product"}],"replies":[{"embeddable":true,"href":"https:\/\/www.hydraulic-cylinders.net\/sv\/wp-json\/wp\/v2\/comments?post=1595"}],"wp:featuredmedia":[{"embeddable":true,"href":"https:\/\/www.hydraulic-cylinders.net\/sv\/wp-json\/wp\/v2\/media\/1598"}],"wp:attachment":[{"href":"https:\/\/www.hydraulic-cylinders.net\/sv\/wp-json\/wp\/v2\/media?parent=1595"}],"wp:term":[{"taxonomy":"product_brand","embeddable":true,"href":"https:\/\/www.hydraulic-cylinders.net\/sv\/wp-json\/wp\/v2\/product_brand?post=1595"},{"taxonomy":"product_cat","embeddable":true,"href":"https:\/\/www.hydraulic-cylinders.net\/sv\/wp-json\/wp\/v2\/product_cat?post=1595"},{"taxonomy":"product_tag","embeddable":true,"href":"https:\/\/www.hydraulic-cylinders.net\/sv\/wp-json\/wp\/v2\/product_tag?post=1595"}],"curies":[{"name":"wp","href":"https:\/\/api.w.org\/{rel}","templated":true}]}}