{"id":15950,"date":"2025-01-19T15:12:27","date_gmt":"2025-01-19T15:12:27","guid":{"rendered":"https:\/\/www.hydraulic-cylinders.net\/product\/bucket-cylinder-for-bada-wys40\/"},"modified":"2025-01-19T15:12:29","modified_gmt":"2025-01-19T15:12:29","slug":"bucket-cylinder-for-bada-wys40","status":"publish","type":"product","link":"https:\/\/www.hydraulic-cylinders.net\/sv\/produkt\/bucket-cylinder-for-bada-wys40\/","title":{"rendered":"Skopscylinder f\u00f6r Bada WYS40"},"content":{"rendered":"<h1>Skopscylinder f\u00f6r Bada WYS40<\/h1>\n<h2>Introduktion<\/h2>\n<p>Skopcylindern \u00e4r en specialiserad hydraulcylinder som \u00e4r konstruerad f\u00f6r att styra skopans r\u00f6relse i tunga maskiner som gr\u00e4vmaskiner, gr\u00e4vmaskiner och frontlastare. Dess prim\u00e4ra funktion \u00e4r att g\u00f6ra det m\u00f6jligt f\u00f6r skopan att lyfta, s\u00e4nka och luta, vilket g\u00f6r det enklare att hantera olika materialhanteringsuppgifter. I hydraulsystemet anv\u00e4nder skopcylindern hydrauloljans tryckf\u00f6r\u00e4ndring f\u00f6r att exakt styra skopan, vilket g\u00f6r det m\u00f6jligt f\u00f6r operat\u00f6rer att effektivt hantera tunga laster och anpassa sig till komplexa arbetsmilj\u00f6er och olika arbetskrav.<\/p>\n<p><img decoding=\"async\" src=\"https:\/\/www.hydraulic-cylinders.net\/wp-content\/uploads\/2025\/01\/songte-company-2.webp\" alt=\"Bild av skopcylinder\"><\/p>\n<h2>Drag<\/h2>\n<ul>\n<li>H\u00f6g h\u00e5llfasthet och h\u00e5llbarhet: Den \u00e4r vanligtvis tillverkad av h\u00f6gh\u00e5llfast st\u00e5l eller aluminium, t\u00e5l h\u00f6gt tryck och tunga belastningar, anpassar sig till tuffa arbetsmilj\u00f6er och \u00e4r konstruerad f\u00f6r slitstyrka och korrosionsbest\u00e4ndighet f\u00f6r att f\u00f6rl\u00e4nga livsl\u00e4ngden.<\/li>\n<li>Effektiva hydrauliska funktioner: Genom att anv\u00e4nda hydrauloljans tryck f\u00f6r att uppn\u00e5 j\u00e4mn expansion och kontraktion kan den snabbt reagera p\u00e5 kontrollkommandon, ge kraftfulla tryck- och dragkrafter och \u00e4r l\u00e4mplig f\u00f6r hantering av tunga laster och komplexa arbetsuppgifter.<\/li>\n<li>Olika typer: Enkelverkande (hydrauliska cylindrar anv\u00e4nds endast i en riktning) eller dubbelverkande (hydrauliska cylindrar anv\u00e4nds i b\u00e5da riktningarna) cylindrar kan v\u00e4ljas efter behov f\u00f6r att m\u00f6ta olika driftskrav. Vissa modeller \u00e4r teleskopiska, vilket m\u00f6jligg\u00f6r st\u00f6rre utdrag utan att \u00f6ka de yttre m\u00e5tten, l\u00e4mpliga f\u00f6r applikationer med begr\u00e4nsat utrymme.<\/li>\n<li>Kan anv\u00e4ndas som ers\u00e4ttning f\u00f6r andra hydraulcylindrar.<\/li>\n<li>L\u00e4tt att installera och underh\u00e5lla.<\/li>\n<\/ul>\n<p><img decoding=\"async\" src=\"https:\/\/www.hydraulic-cylinders.net\/wp-content\/uploads\/2025\/01\/songte-cylinder-head-with-all-kinds-excavator-models.webp\" alt=\"Bild av skopcylinder\"><\/p>\n<h2>Applikationer<\/h2>\n<p>Skopscylindern anv\u00e4nds ofta i olika tunga maskiner, inklusive:<\/p>\n<ul>\n<li>Byggutrustning: I gr\u00e4vmaskiner \u00e4r de viktiga f\u00f6r gr\u00e4vning, lastning och flyttning av jord eller skr\u00e4p. I gr\u00e4vmaskiner med gr\u00e4vaggregat hj\u00e4lper skopcylindern till med b\u00e5de gr\u00e4vning och lyftning. <\/li>\n<li>Jordbruksmaskiner: Anv\u00e4nds i frontlastare f\u00f6r att \u00f6sa, lyfta och transportera jord, h\u00f6 och andra material. <\/li>\n<li>Gr\u00e4vmaskiner: Skopcylindrar utf\u00f6r gr\u00e4vnings\u00e5tg\u00e4rder genom att l\u00e5ta skoporna tr\u00e4nga ner i jorden. <\/li>\n<li>Lastare: Frontlastare hj\u00e4lper till med att lyfta och dumpa gods effektivt.<\/li>\n<\/ul>\n<p>Varje till\u00e4mpning av cylindern beskrivs i detalj nedan:<\/p>\n<h3>Byggutrustning<\/h3>\n<p>Skopscylindrar spelar en avg\u00f6rande roll i gr\u00e4vmaskiner, eftersom de ansvarar f\u00f6r att gr\u00e4va, \u00f6sa och flytta jord och skr\u00e4p. De g\u00f6r det m\u00f6jligt f\u00f6r gr\u00e4vmaskiner att slutf\u00f6ra sitt arbete effektivt och hantera \u00e4ven de mest utmanande gr\u00e4vningarna. Gr\u00e4vmaskiner anv\u00e4nder ocks\u00e5 skopcylindrar f\u00f6r att hj\u00e4lpa till med gr\u00e4vning och lyft. I dessa maskiner \u00e4r cylindern avg\u00f6rande f\u00f6r att kontrollera skopans r\u00f6relse och position, vilket g\u00f6r att f\u00f6rarna kan uppn\u00e5 exakta resultat.<\/p>\n<h3>Jordbruksmaskiner<\/h3>\n<p>Skopscylindrar anv\u00e4nds i frontlastare f\u00f6r att \u00f6sa, lyfta och transportera jord, h\u00f6 och andra material. Cylindern g\u00f6r det m\u00f6jligt f\u00f6r lastaren att utf\u00f6ra dessa uppgifter effektivt och med stor precision. Genom att kontrollera skopans position och r\u00f6relse g\u00f6r cylindern det m\u00f6jligt f\u00f6r lastaren att lyfta och transportera \u00e4ven de tyngsta lasterna.<\/p>\n<h3>Gr\u00e4vmaskiner<\/h3>\n<p>I gr\u00e4vmaskiner till\u00e5ter skopcylindern skopan att tr\u00e4nga ner i jorden f\u00f6r att utf\u00f6ra gr\u00e4vnings\u00e5tg\u00e4rder. Cylindern styr skopans r\u00f6relse och position, vilket g\u00f6r att f\u00f6rarna kan uppn\u00e5 exakta resultat. Gr\u00e4vmaskiner anv\u00e4nds i en m\u00e4ngd olika till\u00e4mpningar, inklusive gruvdrift, byggnation och rivning.<\/p>\n<h3>Lastare<\/h3>\n<p>Frontlastare anv\u00e4nder skopcylindrar f\u00f6r att lyfta och dumpa gods effektivt. Genom att kontrollera skopans r\u00f6relse och position g\u00f6r cylindern att lastaren enkelt kan hantera tunga laster. Lastare anv\u00e4nds i en m\u00e4ngd olika till\u00e4mpningar, inklusive jordbruk, bygg och gruvdrift.<\/p>\n<h2>Design\u00f6verv\u00e4ganden och urvalskriterier<\/h2>\n<p>Vid konstruktion av skopcylindrar m\u00e5ste faktorer som lastkapacitet, t\u00e4tning, h\u00e5llbarhet, s\u00e4kerhet och underh\u00e5llsv\u00e4nlighet beaktas. Nedan f\u00f6ljer konstruktions\u00f6verv\u00e4gandena:<\/p>\n<ul>\n<li>Lastkapacitet: Cylindern ska vara konstruerad f\u00f6r att motst\u00e5 den maximala belastningen den kommer att uts\u00e4ttas f\u00f6r.<\/li>\n<li>T\u00e4tning: H\u00f6gkvalitativa t\u00e4tningsmaterial b\u00f6r anv\u00e4ndas f\u00f6r att f\u00f6rhindra l\u00e4ckage av hydraulv\u00e4tska och s\u00e4kerst\u00e4lla smidig drift.<\/li>\n<li>H\u00e5llbarhet: Cylindern b\u00f6r vara konstruerad f\u00f6r att motst\u00e5 den tuffa arbetsmilj\u00f6n och minimera slitage.<\/li>\n<li>S\u00e4kerhet: Cylindern b\u00f6r vara konstruerad f\u00f6r att s\u00e4kerst\u00e4lla operat\u00f6rens s\u00e4kerhet och f\u00f6rhindra olyckor.<\/li>\n<li>Underh\u00e5llbarhet: Cylindern ska vara l\u00e4tt att underh\u00e5lla, med utbytbara delar och tydliga instruktioner f\u00f6r underh\u00e5llsprocedurer.<\/li>\n<\/ul>\n<p><img decoding=\"async\" src=\"https:\/\/www.hydraulic-cylinders.net\/wp-content\/uploads\/2025\/01\/songte-oil-pipes-and-spare-parts.webp\" alt=\"Bild av skopcylinder\"><\/p>\n<h2>T\u00e4tning och sm\u00f6rjning<\/h2>\n<p>Olika t\u00e4tningar, s\u00e5som kolvt\u00e4tningar och kolvst\u00e5ngst\u00e4tningar, b\u00f6r anv\u00e4ndas f\u00f6r att s\u00e4kerst\u00e4lla cylinderns t\u00e4tning. T\u00e4tningarna b\u00f6r vara tillverkade av slitstarka material som polyuretan och nitrilgummi f\u00f6r att s\u00e4kerst\u00e4lla l\u00e5ng livsl\u00e4ngd. Cylindern b\u00f6r vara konstruerad med en fint bearbetad cylinderkropp och g\u00e4ngade \u00e4ndyta f\u00f6r att f\u00f6rb\u00e4ttra slitstyrkan. Regelbunden sm\u00f6rjning med hydraulolja \u00e4r n\u00f6dv\u00e4ndig f\u00f6r att s\u00e4kerst\u00e4lla smidig drift och f\u00f6rl\u00e4nga cylinderns livsl\u00e4ngd.<\/p>\n<h2>Underh\u00e5ll och reparation<\/h2>\n<p>Regelbundet underh\u00e5ll och reparation kr\u00e4vs f\u00f6r att s\u00e4kerst\u00e4lla att cylindern fungerar korrekt och f\u00f6rl\u00e4nger dess livsl\u00e4ngd. Vanliga underh\u00e5llsuppgifter inkluderar regelbunden inspektion, l\u00e4mplig sm\u00f6rjning, byte av t\u00e4tningar och kalibreringskontroller. Korrekt installation, sm\u00f6rjning och justering \u00e4r avg\u00f6rande f\u00f6r att s\u00e4kerst\u00e4lla att cylindern fungerar korrekt. Det rekommenderas att anv\u00e4nda l\u00e4mpliga monteringsf\u00e4sten f\u00f6r att s\u00e4kra cylindern. Rekommenderade inspektions-, reparations- och utbytesprocedurer b\u00f6r f\u00f6ljas, och renoveringstj\u00e4nster b\u00f6r anv\u00e4ndas, om n\u00f6dv\u00e4ndigt, f\u00f6r att f\u00f6rb\u00e4ttra cylinderns livsl\u00e4ngd.<\/p>\n<p><img decoding=\"async\" src=\"https:\/\/www.hydraulic-cylinders.net\/wp-content\/uploads\/2025\/01\/songte-chushion-collar.webp\" alt=\"Bild av skopcylinder\"><\/p>\n<h2>S\u00e4kerhets- och milj\u00f6h\u00e4nsyn<\/h2>\n<p>Vid anv\u00e4ndning av skopcylindern b\u00f6r s\u00e4kerhets\u00e5tg\u00e4rder vidtas f\u00f6r att f\u00f6rhindra olyckor. Det \u00e4r viktigt att f\u00f6lja tillverkarens instruktioner och s\u00e4kerst\u00e4lla att cylindern installeras korrekt, underh\u00e5lls regelbundet och inspekteras ofta. Att hantera cylindern f\u00f6rsiktigt och b\u00e4ra skyddsutrustning kan bidra till att f\u00f6rhindra olyckor. Milj\u00f6faktorer b\u00f6r ocks\u00e5 beaktas vid anv\u00e4ndning av cylindern. Korrekt hantering av hydraulolja och andra farliga material \u00e4r n\u00f6dv\u00e4ndigt f\u00f6r att minimera milj\u00f6p\u00e5verkan.<\/p>\n<h2>Feldiagnos och fels\u00f6kning<\/h2>\n<p>Vanliga problem med skopcylindern inkluderar l\u00e4ckage, l\u00e5ngsam eller ok\u00e4nslig r\u00f6relse och onormalt ljud. F\u00f6r att diagnostisera och fels\u00f6ka dessa problem \u00e4r det n\u00f6dv\u00e4ndigt att inspektera cylindern regelbundet och anv\u00e4nda l\u00e4mpliga verktyg f\u00f6r att identifiera problemet. Regelbundet underh\u00e5ll och reparation kan bidra till att f\u00f6rhindra att dessa problem uppst\u00e5r.<\/p>\n<h2>F\u00f6retagsintroduktion<\/h2>\n<p>Vi \u00e4r en tillverkare av hydraulcylindrar f\u00f6r reservdelar och erbjuder ett omfattande utbud av produkter och tj\u00e4nster f\u00f6r att m\u00f6ta v\u00e5ra kunders olika behov. Med fokus p\u00e5 utm\u00e4rkt kvalitet f\u00f6rlitar vi oss p\u00e5 en f\u00f6rfinad tillverkningsverkstad och industrialiserade produktionsledningsstrategier f\u00f6r att st\u00e4ndigt f\u00f6rb\u00e4ttra v\u00e5r tillverkningsplattform och finslipa v\u00e5r produktionslinje f\u00f6r produktkvalitet. Vi har en stark f\u00f6rm\u00e5ga att skapa h\u00f6geffektiva, h\u00f6gprecisions- och h\u00f6gkvalitativa produkter som m\u00f6ter v\u00e5ra kunders olika behov.<\/p>\n<p>V\u00e5rt f\u00f6retag k\u00e4nnetecknas av:<\/p>\n<ul>\n<li>Professionalism: Vi har ett team av h\u00f6gkvalificerade yrkesm\u00e4n som \u00e4r experter p\u00e5 design och produktion av hydraulcylindrar.<\/li>\n<li>Internationell certifiering: V\u00e5ra produkter har certifierats av olika internationella organisationer, vilket garanterar deras kvalitet och s\u00e4kerhet.<\/li>\n<li>Anpassningstj\u00e4nster: Vi erbjuder skr\u00e4ddarsydda tj\u00e4nster f\u00f6r att m\u00f6ta v\u00e5ra kunders specifika behov.<\/li>\n<li>Produktionsutrustning: Vi har avancerad tillverkningsutrustning och testsystem f\u00f6r att s\u00e4kerst\u00e4lla kvaliteten p\u00e5 v\u00e5ra produkter.<\/li>\n<li>Eftermarknadsservice: Vi erbjuder omfattande eftermarknadsservice, inklusive underh\u00e5ll, reparation och utbytestj\u00e4nster.<\/li>\n<\/ul>\n<p><img decoding=\"async\" src=\"https:\/\/hzpt.com\/wp-content\/uploads\/2024\/11\/songte-company-1.webp\" alt=\"Bild av skopcylinder\"><\/p>\n<p>Vi \u00e4r engagerade i att f\u00f6rse v\u00e5ra kunder med de b\u00e4sta produkterna och tj\u00e4nsterna, och vi str\u00e4var efter att kontinuerligt f\u00f6rb\u00e4ttra v\u00e5r tillverkningskapacitet och produktkvalitet. V\u00e5rt m\u00e5l \u00e4r att bli en ledande tillverkare och grossist av hydraulcylindrar p\u00e5 den inhemska och internationella marknaden.<\/p>\n<p><em>F\u00f6rfattare: lyl<\/em><\/p>","protected":false},"excerpt":{"rendered":"<p>Bucket Cylinder For Bada WYS40 Introduction The bucket cylinder is a specialized hydraulic cylinder designed for controlling the movement of the bucket in heavy machinery such as excavators, backhoe excavators, and front-end loaders. Its primary function is to enable the bucket to lift, lower, and tilt, making it easier to handle various material handling tasks. [&hellip;]<\/p>","protected":false},"featured_media":14776,"comment_status":"open","ping_status":"closed","template":"","meta":{"_et_pb_use_builder":"","_et_pb_old_content":"","_et_gb_content_width":""},"product_brand":[],"product_cat":[1494],"product_tag":[1495,1496],"class_list":{"0":"post-15950","1":"product","2":"type-product","3":"status-publish","4":"has-post-thumbnail","6":"product_cat-bucket-cylinders","7":"product_tag-bucket-cylinders","8":"product_tag-hydraulic-cylinders","10":"first","11":"instock","12":"shipping-taxable","13":"product-type-simple"},"amp_enabled":true,"_links":{"self":[{"href":"https:\/\/www.hydraulic-cylinders.net\/sv\/wp-json\/wp\/v2\/product\/15950","targetHints":{"allow":["GET"]}}],"collection":[{"href":"https:\/\/www.hydraulic-cylinders.net\/sv\/wp-json\/wp\/v2\/product"}],"about":[{"href":"https:\/\/www.hydraulic-cylinders.net\/sv\/wp-json\/wp\/v2\/types\/product"}],"replies":[{"embeddable":true,"href":"https:\/\/www.hydraulic-cylinders.net\/sv\/wp-json\/wp\/v2\/comments?post=15950"}],"wp:featuredmedia":[{"embeddable":true,"href":"https:\/\/www.hydraulic-cylinders.net\/sv\/wp-json\/wp\/v2\/media\/14776"}],"wp:attachment":[{"href":"https:\/\/www.hydraulic-cylinders.net\/sv\/wp-json\/wp\/v2\/media?parent=15950"}],"wp:term":[{"taxonomy":"product_brand","embeddable":true,"href":"https:\/\/www.hydraulic-cylinders.net\/sv\/wp-json\/wp\/v2\/product_brand?post=15950"},{"taxonomy":"product_cat","embeddable":true,"href":"https:\/\/www.hydraulic-cylinders.net\/sv\/wp-json\/wp\/v2\/product_cat?post=15950"},{"taxonomy":"product_tag","embeddable":true,"href":"https:\/\/www.hydraulic-cylinders.net\/sv\/wp-json\/wp\/v2\/product_tag?post=15950"}],"curies":[{"name":"wp","href":"https:\/\/api.w.org\/{rel}","templated":true}]}}