{"id":15951,"date":"2025-01-19T15:12:31","date_gmt":"2025-01-19T15:12:31","guid":{"rendered":"https:\/\/www.hydraulic-cylinders.net\/product\/bucket-cylinder-for-baoding-wy65-6\/"},"modified":"2025-01-19T15:12:33","modified_gmt":"2025-01-19T15:12:33","slug":"bucket-cylinder-for-baoding-wy65-6","status":"publish","type":"product","link":"https:\/\/www.hydraulic-cylinders.net\/sv\/produkt\/bucket-cylinder-for-baoding-wy65-6\/","title":{"rendered":"Skopscylinder f\u00f6r Baoding WY65-6"},"content":{"rendered":"<h1>Skopscylinder f\u00f6r Baoding WY65-6<\/h1>\n<h2>Introduktion<\/h2>\n<p>Skopcylindern till Baoding WY65-6 \u00e4r en typ av hydraulcylinder som \u00e4r speciellt utformad f\u00f6r att styra skopans r\u00f6relse i tunga maskiner som gr\u00e4vmaskiner, traktorgr\u00e4vmaskiner och frontlastare. Dess huvudsakliga funktion \u00e4r att g\u00f6ra det m\u00f6jligt f\u00f6r skopan att lyfta, s\u00e4nka och luta, vilket g\u00f6r det enklare att hantera olika materialhanteringsuppgifter. I hydraulsystemet anv\u00e4nder skopcylindern tryckf\u00f6r\u00e4ndringen fr\u00e5n hydrauloljan f\u00f6r att uppn\u00e5 exakt kontroll \u00f6ver skopan, vilket g\u00f6r att f\u00f6raren effektivt kan hantera tunga laster, anpassa sig till komplexa arbetsmilj\u00f6er och olika arbetskrav.<\/p>\n<p><img decoding=\"async\" src=\"https:\/\/www.hydraulic-cylinders.net\/wp-content\/uploads\/2025\/01\/songte-company-2.webp\" alt=\"skopcylinder f\u00f6r Baoding WY65-6\"><\/p>\n<h2>Drag<\/h2>\n<ul>\n<li>H\u00f6g h\u00e5llfasthet och h\u00e5llbarhet: vanligtvis tillverkad av h\u00f6gh\u00e5llfast st\u00e5l eller aluminium, t\u00e5l h\u00f6ga tryck och tunga belastningar, anpassar sig till tuffa arbetsmilj\u00f6er och \u00e4r konstruerad f\u00f6r h\u00e5llbarhet och korrosionsbest\u00e4ndighet f\u00f6r att f\u00f6rl\u00e4nga livsl\u00e4ngden.<\/li>\n<li>Effektiv hydraulisk drift: Genom att anv\u00e4nda hydrauloljans tryck f\u00f6r att uppn\u00e5 smidiga expansions- och kontraktionsr\u00f6relser kan cylindern snabbt reagera p\u00e5 styrkommandon, ge stark tryck- och dragkraft och \u00e4r l\u00e4mplig f\u00f6r hantering av tunga laster och komplexa arbetsuppgifter.<\/li>\n<li>Olika typer: enkelverkande (hydrauliska cylindrar anv\u00e4nds endast i en riktning) eller dubbelverkande (hydrauliska cylindrar anv\u00e4nds i b\u00e5da riktningarna) cylindrar kan v\u00e4ljas efter behov f\u00f6r att m\u00f6ta olika driftskrav. Vissa modeller \u00e4r teleskopiska, vilket m\u00f6jligg\u00f6r st\u00f6rre utbyggnad utan att \u00f6ka den yttre storleken, l\u00e4mpliga f\u00f6r applikationer med begr\u00e4nsat utrymme.<\/li>\n<li>L\u00e4tt att installera: V\u00e5r skopcylinder kan enkelt ers\u00e4tta andra hydraulcylindrar. Vi erbjuder ett brett utbud av cylinderhuvuden som \u00e4r kompatibla med olika gr\u00e4vmaskinsmodeller.<\/li>\n<\/ul>\n<p><img decoding=\"async\" src=\"https:\/\/www.hydraulic-cylinders.net\/wp-content\/uploads\/2025\/01\/songte-cylinder-head-with-all-kinds-excavator-models.webp\" alt=\"skopcylinder f\u00f6r Baoding WY65-6\"><\/p>\n<h2>Applikationer<\/h2>\n<p>Skopscylindern anv\u00e4nds ofta i olika tunga maskiner s\u00e5som:<\/p>\n<ul>\n<li>Anl\u00e4ggningsutrustning: gr\u00e4vmaskiner, traktorgr\u00e4vare och frontlastare \u00e4r viktiga f\u00f6r att gr\u00e4va, lasta och flytta jord eller skr\u00e4p.<\/li>\n<li>Jordbruksmaskiner: anv\u00e4nds i frontlastare f\u00f6r att \u00f6sa, lyfta och transportera jord, h\u00f6 och andra material.<\/li>\n<li>Gr\u00e4vmaskiner: skopcylindern g\u00f6r att skopan kan tr\u00e4nga ner i jorden f\u00f6r att utf\u00f6ra gr\u00e4vning.<\/li>\n<li>Lastare: i frontlastare hj\u00e4lper de till att lyfta och tilta gods effektivt.<\/li>\n<\/ul>\n<h2>Design\u00f6verv\u00e4ganden och urvalskriterier<\/h2>\n<ul>\n<li>B\u00e4rf\u00f6rm\u00e5ga: Cylindern m\u00e5ste kunna b\u00e4ra lastens vikt och motst\u00e5 de krafter som genereras under drift.<\/li>\n<li>T\u00e4tning: Cylindern m\u00e5ste t\u00e4tas ordentligt f\u00f6r att f\u00f6rhindra oljel\u00e4ckage och s\u00e4kerst\u00e4lla att hydraulsystemet fungerar korrekt.<\/li>\n<li>H\u00e5llbarhet: Cylindern m\u00e5ste motst\u00e5 tuffa arbetsf\u00f6rh\u00e5llanden och h\u00f6ga tryck f\u00f6r att s\u00e4kerst\u00e4lla l\u00e5ng livsl\u00e4ngd.<\/li>\n<li>S\u00e4kerhet: Cylindern m\u00e5ste konstrueras med s\u00e4kerhet i \u00e5tanke f\u00f6r att f\u00f6rhindra olyckor under drift.<\/li>\n<li>Underh\u00e5llbarhet: Cylindern m\u00e5ste vara enkel att underh\u00e5lla och reparera f\u00f6r att minimera driftstopp och minska kostnaderna.<\/li>\n<\/ul>\n<p><img decoding=\"async\" src=\"https:\/\/www.hydraulic-cylinders.net\/wp-content\/uploads\/2025\/01\/songte-oil-pipes-and-spare-parts.webp\" alt=\"skopcylinder f\u00f6r Baoding WY65-6\"><\/p>\n<h2>T\u00e4tning och sm\u00f6rjning<\/h2>\n<p>V\u00e5ra skopcylinder anv\u00e4nder olika t\u00e4tningskomponenter som kolvt\u00e4tningar, kolvst\u00e5ngst\u00e4tningar etc., tillverkade av slitstarka material som polyuretan och nitrilgummi. Cylinderhuset och g\u00e4ng\u00e4nden \u00e4r fint bearbetade f\u00f6r att f\u00f6rb\u00e4ttra slitstyrkan. Regelbunden tillsats av hydraulolja f\u00f6r att sm\u00f6rja cylindern kan f\u00f6rl\u00e4nga dess livsl\u00e4ngd.<\/p>\n<h2>Underh\u00e5ll och reparation<\/h2>\n<p>Regelbunden inspektion, sm\u00f6rjning, byte av t\u00e4tningar och kalibreringskontroller \u00e4r vanliga underh\u00e5llsuppgifter f\u00f6r hydraulcylindrar. Korrekt installation, sm\u00f6rjning och justering \u00e4r avg\u00f6rande f\u00f6r skopcylinderns livsl\u00e4ngd. Vi rekommenderar att man anv\u00e4nder l\u00e4mpliga monteringsf\u00e4sten f\u00f6r att s\u00e4kra cylindern.<\/p>\n<p><img decoding=\"async\" src=\"https:\/\/www.hydraulic-cylinders.net\/wp-content\/uploads\/2025\/01\/songte-chushion-collar.webp\" alt=\"skopcylinder f\u00f6r Baoding WY65-6\"><\/p>\n<h2>S\u00e4kerhetsaspekter och milj\u00f6faktorer<\/h2>\n<p>L\u00e4mpliga s\u00e4kerhets\u00e5tg\u00e4rder \u00e4r n\u00f6dv\u00e4ndiga vid anv\u00e4ndning av tunga maskiner som gr\u00e4vmaskiner, traktorgr\u00e4vare och frontlastare. Regelbundet underh\u00e5ll och inspektion kan minimera risken f\u00f6r olyckor. Dessutom \u00e4r det viktigt att kassera anv\u00e4nd hydraulolja p\u00e5 ett s\u00e4kert s\u00e4tt f\u00f6r att f\u00f6rhindra milj\u00f6skador.<\/p>\n<h2>Fels\u00f6kning och vanliga problem<\/h2>\n<p>Vanliga problem med hydraulcylindrar inkluderar oljel\u00e4ckage, l\u00e5g effektivitet och funktionsfel. Fels\u00f6kning inneb\u00e4r att identifiera grundorsaken till problemet och sedan till\u00e4mpa l\u00e4mplig l\u00f6sning. Regelbunden inspektion och underh\u00e5ll kan minska risken f\u00f6r att problem uppst\u00e5r.<\/p>\n<p><img decoding=\"async\" src=\"https:\/\/www.hydraulic-cylinders.net\/wp-content\/uploads\/2025\/01\/songte-bushings-with-all-kinds-of-excavator-models.webp\" alt=\"skopcylinder f\u00f6r Baoding WY65-6\"><\/p>\n<h2>Om oss<\/h2>\n<p>Vi \u00e4r en ledande tillverkare och grossistdistribut\u00f6r av hydraulcylindrar p\u00e5 den inhemska och internationella marknaden. V\u00e5ra produkter \u00e4r av utm\u00e4rkt kvalitet och vi f\u00f6ljer den industriella produktionsstrategin med hj\u00e4lp av avancerad digital tillverkningsutrustning och professionella testsystem. V\u00e5rt uppdrag \u00e4r att tillhandah\u00e5lla effektiva, precisa och h\u00f6gkvalitativa produkter f\u00f6r att m\u00f6ta v\u00e5ra kunders olika behov.<\/p>\n<p>V\u00e5rt f\u00f6retag erbjuder professionella tj\u00e4nster, internationella certifieringar, kundanpassade tj\u00e4nster, toppmodern produktionsutrustning och eftermarknadsservice. Vi str\u00e4var efter att f\u00f6rse v\u00e5ra kunder med de b\u00e4sta produkterna och tj\u00e4nsterna.<\/p>\n<p><img decoding=\"async\" src=\"https:\/\/hzpt.com\/wp-content\/uploads\/2024\/11\/songte-company-1.webp\" alt=\"skopcylinder f\u00f6r Baoding WY65-6\"><\/p>\n<p>F\u00f6rfattare: lyl<\/p>","protected":false},"excerpt":{"rendered":"<p>Bucket Cylinder For Baoding WY65-6 Introduction The bucket cylinder for Baoding WY65-6 is a type of hydraulic cylinder designed specifically to control the movement of the bucket in heavy machinery such as excavators, backhoe excavators, and front loaders. Its main function is to enable the bucket to lift, lower, and tilt, making it easier to [&hellip;]<\/p>","protected":false},"featured_media":14773,"comment_status":"open","ping_status":"closed","template":"","meta":{"_et_pb_use_builder":"","_et_pb_old_content":"","_et_gb_content_width":""},"product_brand":[],"product_cat":[1494],"product_tag":[1495,1496],"class_list":{"0":"post-15951","1":"product","2":"type-product","3":"status-publish","4":"has-post-thumbnail","6":"product_cat-bucket-cylinders","7":"product_tag-bucket-cylinders","8":"product_tag-hydraulic-cylinders","10":"first","11":"instock","12":"shipping-taxable","13":"product-type-simple"},"amp_enabled":true,"_links":{"self":[{"href":"https:\/\/www.hydraulic-cylinders.net\/sv\/wp-json\/wp\/v2\/product\/15951","targetHints":{"allow":["GET"]}}],"collection":[{"href":"https:\/\/www.hydraulic-cylinders.net\/sv\/wp-json\/wp\/v2\/product"}],"about":[{"href":"https:\/\/www.hydraulic-cylinders.net\/sv\/wp-json\/wp\/v2\/types\/product"}],"replies":[{"embeddable":true,"href":"https:\/\/www.hydraulic-cylinders.net\/sv\/wp-json\/wp\/v2\/comments?post=15951"}],"wp:featuredmedia":[{"embeddable":true,"href":"https:\/\/www.hydraulic-cylinders.net\/sv\/wp-json\/wp\/v2\/media\/14773"}],"wp:attachment":[{"href":"https:\/\/www.hydraulic-cylinders.net\/sv\/wp-json\/wp\/v2\/media?parent=15951"}],"wp:term":[{"taxonomy":"product_brand","embeddable":true,"href":"https:\/\/www.hydraulic-cylinders.net\/sv\/wp-json\/wp\/v2\/product_brand?post=15951"},{"taxonomy":"product_cat","embeddable":true,"href":"https:\/\/www.hydraulic-cylinders.net\/sv\/wp-json\/wp\/v2\/product_cat?post=15951"},{"taxonomy":"product_tag","embeddable":true,"href":"https:\/\/www.hydraulic-cylinders.net\/sv\/wp-json\/wp\/v2\/product_tag?post=15951"}],"curies":[{"name":"wp","href":"https:\/\/api.w.org\/{rel}","templated":true}]}}