{"id":15952,"date":"2025-01-19T15:12:35","date_gmt":"2025-01-19T15:12:35","guid":{"rendered":"https:\/\/www.hydraulic-cylinders.net\/product\/bucket-cylinder-for-baoding-wy150\/"},"modified":"2025-01-19T15:12:37","modified_gmt":"2025-01-19T15:12:37","slug":"bucket-cylinder-for-baoding-wy150","status":"publish","type":"product","link":"https:\/\/www.hydraulic-cylinders.net\/sv\/produkt\/bucket-cylinder-for-baoding-wy150\/","title":{"rendered":"Skopscylinder f\u00f6r Baoding WY150"},"content":{"rendered":"<h2>Skopscylinder f\u00f6r Baoding WY150<\/h2>\n<h3>Introduktion<\/h3>\n<p>Skopcylindern till Baoding WY150 \u00e4r en specialiserad hydraulcylinder som fr\u00e4mst anv\u00e4nds f\u00f6r att styra r\u00f6relsen hos skopor i tunga maskiner som gr\u00e4vmaskiner, gr\u00e4vlastare och frontlastare. Dess huvudsakliga funktion \u00e4r att g\u00f6ra det m\u00f6jligt f\u00f6r skopan att lyfta, s\u00e4nka och luta, vilket underl\u00e4ttar olika materialhanteringsuppgifter. I hydrauliska system uppn\u00e5r skopcylindern exakt kontroll \u00f6ver skopan genom f\u00f6r\u00e4ndringar i hydrauloljetrycket, vilket g\u00f6r det m\u00f6jligt f\u00f6r f\u00f6rare att hantera tunga laster effektivt och anpassa sig till komplexa arbetsmilj\u00f6er och olika arbetskrav.<\/p>\n<p><img decoding=\"async\" src=\"https:\/\/www.hydraulic-cylinders.net\/wp-content\/uploads\/2025\/01\/songte-company-2.webp\" alt=\"bild av skopcylinder\"><\/p>\n<h3>Drag<\/h3>\n<ul>\n<li>H\u00f6g h\u00e5llfasthet och h\u00e5llbarhet: Skopscylindern \u00e4r vanligtvis tillverkad av h\u00f6gh\u00e5llfast st\u00e5l eller aluminium och t\u00e5l h\u00f6gt tryck och tunga belastningar, vilket g\u00f6r den l\u00e4mplig f\u00f6r tuffa arbetsmilj\u00f6er. Konstruktionen tar h\u00e4nsyn till slitstyrka och korrosionsbest\u00e4ndighet f\u00f6r att f\u00f6rl\u00e4nga livsl\u00e4ngden.<\/li>\n<li>Effektiv hydraulisk drift: Genom att anv\u00e4nda hydrauloljetryck f\u00f6r att uppn\u00e5 smidiga ut- och sammandragningsr\u00f6relser kan skopcylindern reagera snabbt p\u00e5 styrkommandon, vilket ger starka tryck- och dragkrafter som \u00e4r l\u00e4mpliga f\u00f6r hantering av tunga laster och komplexa arbetsuppgifter.<\/li>\n<li>Olika typer: Enkelverkande (hydrauliska cylindrar anv\u00e4nds endast i en riktning) eller dubbelverkande (hydrauliska cylindrar anv\u00e4nds i b\u00e5da riktningarna) cylindrar kan v\u00e4ljas efter driftskrav. Vissa modeller \u00e4r teleskopiska, vilket m\u00f6jligg\u00f6r st\u00f6rre utdrag utan att \u00f6ka de yttre m\u00e5tten, vilket g\u00f6r dem l\u00e4mpliga f\u00f6r till\u00e4mpningar med begr\u00e4nsat utrymme.<\/li>\n<li>Tillverkad av v\u00e5rt f\u00f6retag: V\u00e5ra produkter kan perfekt ers\u00e4tta dessa hydraulcylindrar.<\/li>\n<\/ul>\n<p><img decoding=\"async\" src=\"https:\/\/www.hydraulic-cylinders.net\/wp-content\/uploads\/2025\/01\/songte-cylinder-head-with-all-kinds-excavator-models.webp\" alt=\"f\u00f6retagsbild f\u00f6r skopa cylinder\"><\/p>\n<h3>Applikationer<\/h3>\n<p>Skopscylindern har ett brett anv\u00e4ndningsomr\u00e5de, inklusive:<\/p>\n<ul>\n<li>Byggmaskiner: I gr\u00e4vmaskiner \u00e4r de viktiga f\u00f6r att gr\u00e4va, lasta och flytta jord eller skr\u00e4p. I gr\u00e4vlastare hj\u00e4lper skopcylindern till med b\u00e5de gr\u00e4vning och lyftning. <\/li>\n<li>Jordbruksmaskiner: Anv\u00e4nds f\u00f6r frontlastare, f\u00f6r att \u00f6sa, lyfta och transportera jord, h\u00f6 och andra material. <\/li>\n<li>Gr\u00e4vmaskiner: Skopans cylinder m\u00f6jligg\u00f6r gr\u00e4vning genom att l\u00e5ta skopan tr\u00e4nga ner i jorden. <\/li>\n<li>Frontlastare: I frontlastare hj\u00e4lper de till med att lyfta och luta last effektivt. <\/li>\n<\/ul>\n<h3>Design\u00f6verv\u00e4ganden och urvalskriterier<\/h3>\n<p>Designaspekterna f\u00f6r skopcylindern inkluderar:<\/p>\n<ul>\n<li>B\u00e4rf\u00f6rm\u00e5ga: F\u00f6r att s\u00e4kerst\u00e4lla att cylindern t\u00e5l h\u00f6ga belastningar och tryck.<\/li>\n<li>T\u00e4tning: Olika t\u00e4tningskomponenter som kolvt\u00e4tningar och kolvst\u00e5ngst\u00e4tningar kan anv\u00e4ndas, med material som polyuretan och nitrilgummi som \u00e4r slitstarka.<\/li>\n<li>H\u00e5llbarhet: Cylindrarna \u00e4r tillverkade av h\u00f6gh\u00e5llfasta material f\u00f6r att s\u00e4kerst\u00e4lla l\u00e5ng livsl\u00e4ngd.<\/li>\n<li>S\u00e4kerhet: Cylinderns design inneh\u00e5ller \u00e4ven s\u00e4kerhetsfunktioner som tryckavlastningsventiler.<\/li>\n<li>Underh\u00e5llbarhet: Cylindern \u00e4r konstruerad f\u00f6r att vara enkel att underh\u00e5lla och reparera, med reservdelar allm\u00e4nt tillg\u00e4ngliga.<\/li>\n<\/ul>\n<p><img decoding=\"async\" src=\"https:\/\/www.hydraulic-cylinders.net\/wp-content\/uploads\/2025\/01\/songte-oil-pipes-and-spare-parts.webp\" alt=\"bild av skopcylinderdesign\"><\/p>\n<p>Skopscylindern kan t\u00e4tas och sm\u00f6rjas med hj\u00e4lp av olika komponenter, s\u00e5som kolvt\u00e4tningar och st\u00e5ngt\u00e4tningar tillverkade av slitstarka material som polyuretan och nitrilgummi. Cylinderns hus och g\u00e4ngade \u00e4ndyta genomg\u00e5r finbearbetning f\u00f6r att f\u00f6rb\u00e4ttra slitstyrkan, och regelbunden sm\u00f6rjning med hydraulolja \u00e4r n\u00f6dv\u00e4ndig.<\/p>\n<h3>Underh\u00e5ll och reparation<\/h3>\n<p>Regelbunden inspektion, korrekt sm\u00f6rjning, byte av t\u00e4tningar och kalibreringskontroller \u00e4r vanliga underh\u00e5llsuppgifter som b\u00f6r utf\u00f6ras p\u00e5 skopcylindern. Korrekt installationsanvisning b\u00f6r ges under installationen, med rekommenderad anv\u00e4ndning av l\u00e4mpliga monteringsf\u00e4sten f\u00f6r att s\u00e4kra cylindern. Rekommenderade inspektions-, reparations- och utbytesprocedurer kan f\u00f6rl\u00e4nga cylinderns livsl\u00e4ngd.<\/p>\n<p><img decoding=\"async\" src=\"https:\/\/www.hydraulic-cylinders.net\/wp-content\/uploads\/2025\/01\/songte-chushion-collar.webp\" alt=\"bild av underh\u00e5ll av skopcylinder\"><\/p>\n<h3>S\u00e4kerhetsaspekter och milj\u00f6faktorer<\/h3>\n<p>Under anv\u00e4ndning b\u00f6r s\u00e4kerhets\u00e5tg\u00e4rder vidtas vid man\u00f6vrering av skopcylindern f\u00f6r att f\u00f6rhindra olyckor. Milj\u00f6faktorer b\u00f6r ocks\u00e5 beaktas vid konstruktion och anv\u00e4ndning av cylindern f\u00f6r att minimera deras p\u00e5verkan p\u00e5 omgivningen.<\/p>\n<h3>Fels\u00f6kning och vanliga problem<\/h3>\n<p>Vanliga problem med skopcylindern inkluderar oljel\u00e4ckage, otillr\u00e4cklig lyftkraft och onormala ljud. Korrekt diagnos och probleml\u00f6sningstekniker b\u00f6r anv\u00e4ndas f\u00f6r att \u00e5tg\u00e4rda eventuella problem.<\/p>\n<p><img decoding=\"async\" src=\"https:\/\/www.hydraulic-cylinders.net\/wp-content\/uploads\/2025\/01\/songte-bushings-with-all-kinds-of-excavator-models.webp\" alt=\"fels\u00f6kningsbild f\u00f6r skopcylinder\"><\/p>\n<h3>Om v\u00e5rt f\u00f6retag<\/h3>\n<p>Vi \u00e4r en tillverkare av hydraulcylindrar f\u00f6r reservdelar med ett brett produktsortiment. Vi har blivit en av de ledande tillverkarna och grossistdistribut\u00f6rerna av hydraulcylindrar p\u00e5 inhemska och utl\u00e4ndska marknader, och f\u00f6ljer principen om utm\u00e4rkt kvalitet. Vi f\u00f6rlitar oss p\u00e5 den industrialiserade produktionsstrategin fr\u00e5n fina tillverkningsverkst\u00e4der och f\u00f6rb\u00e4ttrar kontinuerligt tillverkningsplattformen och produktionskvaliteten p\u00e5 v\u00e5ra produkter genom att investera i teknisk talang, digital avancerad tillverkningsutrustning och professionella testsystem. Vi har starka kreativa f\u00f6rm\u00e5gor och v\u00e5ra produkter k\u00e4nnetecknas av h\u00f6g effektivitet, h\u00f6g precision och h\u00f6g kvalitet, samtidigt som vi m\u00f6ter kundernas olika behov.<\/p>\n<p><img decoding=\"async\" src=\"https:\/\/hzpt.com\/wp-content\/uploads\/2024\/11\/songte-company-1.webp\" alt=\"f\u00f6retagsbild\"><\/p>\n<p>V\u00e5rt f\u00f6retag k\u00e4nnetecknas av professionalism, internationell certifiering, anpassningstj\u00e4nster, produktionsutrustning och eftermarknadsservice.<\/p>\n<h2>F\u00f6rfattare: lyl<\/h2>","protected":false},"excerpt":{"rendered":"<p>Bucket Cylinder For Baoding WY150 Introduction The bucket cylinder for Baoding WY150 is a specialized hydraulic cylinder that is primarily used to control the movement of buckets in heavy machinery such as excavators, backhoe loaders, and front-end loaders. Its main function is to enable the bucket to lift, lower, and tilt, which facilitates various material [&hellip;]<\/p>","protected":false},"featured_media":14771,"comment_status":"open","ping_status":"closed","template":"","meta":{"_et_pb_use_builder":"","_et_pb_old_content":"","_et_gb_content_width":""},"product_brand":[],"product_cat":[1494],"product_tag":[1495,1496],"class_list":{"0":"post-15952","1":"product","2":"type-product","3":"status-publish","4":"has-post-thumbnail","6":"product_cat-bucket-cylinders","7":"product_tag-bucket-cylinders","8":"product_tag-hydraulic-cylinders","10":"first","11":"instock","12":"shipping-taxable","13":"product-type-simple"},"amp_enabled":true,"_links":{"self":[{"href":"https:\/\/www.hydraulic-cylinders.net\/sv\/wp-json\/wp\/v2\/product\/15952","targetHints":{"allow":["GET"]}}],"collection":[{"href":"https:\/\/www.hydraulic-cylinders.net\/sv\/wp-json\/wp\/v2\/product"}],"about":[{"href":"https:\/\/www.hydraulic-cylinders.net\/sv\/wp-json\/wp\/v2\/types\/product"}],"replies":[{"embeddable":true,"href":"https:\/\/www.hydraulic-cylinders.net\/sv\/wp-json\/wp\/v2\/comments?post=15952"}],"wp:featuredmedia":[{"embeddable":true,"href":"https:\/\/www.hydraulic-cylinders.net\/sv\/wp-json\/wp\/v2\/media\/14771"}],"wp:attachment":[{"href":"https:\/\/www.hydraulic-cylinders.net\/sv\/wp-json\/wp\/v2\/media?parent=15952"}],"wp:term":[{"taxonomy":"product_brand","embeddable":true,"href":"https:\/\/www.hydraulic-cylinders.net\/sv\/wp-json\/wp\/v2\/product_brand?post=15952"},{"taxonomy":"product_cat","embeddable":true,"href":"https:\/\/www.hydraulic-cylinders.net\/sv\/wp-json\/wp\/v2\/product_cat?post=15952"},{"taxonomy":"product_tag","embeddable":true,"href":"https:\/\/www.hydraulic-cylinders.net\/sv\/wp-json\/wp\/v2\/product_tag?post=15952"}],"curies":[{"name":"wp","href":"https:\/\/api.w.org\/{rel}","templated":true}]}}