{"id":15956,"date":"2025-01-19T15:12:51","date_gmt":"2025-01-19T15:12:51","guid":{"rendered":"https:\/\/www.hydraulic-cylinders.net\/product\/bucket-cylinder-for-baoding-wy90-7\/"},"modified":"2025-01-19T15:12:53","modified_gmt":"2025-01-19T15:12:53","slug":"bucket-cylinder-for-baoding-wy90-7","status":"publish","type":"product","link":"https:\/\/www.hydraulic-cylinders.net\/sv\/produkt\/bucket-cylinder-for-baoding-wy90-7\/","title":{"rendered":"Skonkcylinder f\u00f6r Baoding WY90-7"},"content":{"rendered":"<h1>Skonkcylinder f\u00f6r Baoding WY90-7<\/h1>\n<h2>Produktdefinition<\/h2>\n<p>Skopcylindern till Baoding WY90-7 \u00e4r en specialiserad hydraulcylinder som fr\u00e4mst \u00e4r konstruerad f\u00f6r att styra r\u00f6relsen hos spadar i tunga maskiner som gr\u00e4vmaskiner, gr\u00e4vlastare och frontlastare. Dess huvudsakliga funktion \u00e4r att g\u00f6ra det m\u00f6jligt f\u00f6r skopan att lyfta, s\u00e4nka och luta, vilket g\u00f6r det enklare att hantera en m\u00e4ngd olika materialhanteringsuppgifter. I ett hydraulsystem anv\u00e4nder skopcylindern f\u00f6r\u00e4ndringar i hydrauloljetrycket f\u00f6r att uppn\u00e5 exakt kontroll \u00f6ver skopan, vilket g\u00f6r det m\u00f6jligt f\u00f6r operat\u00f6rer att effektivt hantera tunga laster och anpassa sig till komplexa arbetsmilj\u00f6er och varierande arbetskrav.<\/p>\n<p><img decoding=\"async\" src=\"https:\/\/www.hydraulic-cylinders.net\/wp-content\/uploads\/2025\/01\/songte-company-2.webp\" alt=\"skopcylinder f\u00f6r Baoding WY90-7\" \/><\/p>\n<h2>Produktegenskaper<\/h2>\n<ul>\n<li>H\u00f6g h\u00e5llfasthet och h\u00e5llbarhet: Den \u00e4r vanligtvis tillverkad av h\u00f6gh\u00e5llfast st\u00e5l eller aluminium, t\u00e5l h\u00f6gt tryck och tunga belastningar, anpassar sig till tuffa arbetsmilj\u00f6er och \u00e4r utformad med slitstyrka och korrosionsbest\u00e4ndighet, vilket f\u00f6rl\u00e4nger livsl\u00e4ngden.<\/li>\n<li>Effektiv hydraulisk drift: Smidig ut- och indragning uppn\u00e5s genom att anv\u00e4nda hydrauloljetrycket, vilket kan reagera snabbt p\u00e5 man\u00f6verkommandon och ge kraftfulla tryck- och dragkrafter, l\u00e4mpliga f\u00f6r hantering av tunga laster och komplexa arbetsuppgifter.<\/li>\n<li>Olika typer: Enkelverkande (hydrauliska cylindrar anv\u00e4nds endast i en riktning) eller dubbelverkande (hydrauliska cylindrar anv\u00e4nds i b\u00e5da riktningarna) cylindrar kan v\u00e4ljas efter behov f\u00f6r att m\u00f6ta olika driftsbehov. Vissa modeller \u00e4r teleskopiska, vilket m\u00f6jligg\u00f6r st\u00f6rre utdrag utan att \u00f6ka de yttre m\u00e5tten, l\u00e4mpliga f\u00f6r applikationer med begr\u00e4nsat utrymme.<\/li>\n<li>Kompatibel med olika maskiner: V\u00e5r produkt kan perfekt ers\u00e4tta dessa hydraulcylindrar.<\/li>\n<\/ul>\n<p><img decoding=\"async\" src=\"https:\/\/www.hydraulic-cylinders.net\/wp-content\/uploads\/2025\/01\/songte-cylinder-head-with-all-kinds-excavator-models.webp\" alt=\"kompatibel hydraulcylinder f\u00f6r olika maskiner\" \/><\/p>\n<h2>Applikationer<\/h2>\n<p>Skopcylindern f\u00f6r Baoding WY90-7 kan anv\u00e4ndas i olika tunga maskiner, inklusive:<\/p>\n<ul>\n<li>Byggutrustning: Det \u00e4r viktigt f\u00f6r gr\u00e4vmaskiner, eftersom de gr\u00e4ver, lastar och flyttar jord eller skr\u00e4p. I gr\u00e4vlastare hj\u00e4lper skopcylindern till vid gr\u00e4vning och lyftning. <\/li>\n<li>Jordbruksmaskiner: Anv\u00e4nds i frontlastare f\u00f6r att \u00f6sa, lyfta och transportera jord, h\u00f6 och andra material. <\/li>\n<li>Gr\u00e4vmaskiner: Skopans cylinder m\u00f6jligg\u00f6r gr\u00e4vning genom att l\u00e5ta skopan tr\u00e4nga ner i jorden.<\/li>\n<li>Lastare: I frontlastare hj\u00e4lper de till att lyfta och luta last effektivt.<\/li>\n<\/ul>\n<h2>Design\u00f6verv\u00e4ganden och urvalskriterier<\/h2>\n<p>Vid konstruktionen av skopcylindern f\u00f6r Baoding WY90-7 beaktades flera faktorer, inklusive:<\/p>\n<h3>B\u00e4rkraft<\/h3>\n<p>Cylindern \u00e4r byggd f\u00f6r att motst\u00e5 enorma belastningar och \u00e4r tillverkad av h\u00f6gh\u00e5llfasta material som klarar tunga maskiner och tuffa arbetsmilj\u00f6er.<\/p>\n<h3>T\u00e4tning<\/h3>\n<p>Cylindern anv\u00e4nder olika t\u00e4tningar som kolvt\u00e4tningar, st\u00e5ngt\u00e4tningar och torkart\u00e4tningar tillverkade av polyuretan, nitrilgummi etc. f\u00f6r att motst\u00e5 slitage och f\u00f6rhindra l\u00e4ckage av hydraulv\u00e4tska.<\/p>\n<h3>Varaktighet<\/h3>\n<p>Cylindern \u00e4r konstruerad f\u00f6r att vara h\u00e5llbar och motst\u00e5 korrosion, och cylinderns \u00e4ndytor och g\u00e4ngade \u00e4ndar \u00e4r fint bearbetade f\u00f6r att f\u00f6rb\u00e4ttra slitstyrkan.<\/p>\n<h3>S\u00e4kerhet<\/h3>\n<p>Skopscylindern \u00e4r konstruerad f\u00f6r att vara s\u00e4ker och orsakar inga skador eller personskador n\u00e4r den anv\u00e4nds korrekt. Den \u00e4r utrustad med s\u00e4kerhetsmekanismer f\u00f6r att f\u00f6rhindra olyckor, s\u00e5som s\u00e4kerhetsventiler som f\u00f6rhindrar att cylindern spricker eller kollapsar om hydraulsystemet slutar fungera.<\/p>\n<h3>Underh\u00e5ll<\/h3>\n<p>Skopscylindern kr\u00e4ver regelbundet underh\u00e5ll, inklusive reng\u00f6ring, inspektion och sm\u00f6rjning. Det rekommenderas att anv\u00e4ndare regelbundet byter ut slitna t\u00e4tningar och andra komponenter och fyller p\u00e5 hydraulolja f\u00f6r att cylindern ska fungera korrekt.<\/p>\n<p><img decoding=\"async\" src=\"https:\/\/www.hydraulic-cylinders.net\/wp-content\/uploads\/2025\/01\/songte-oil-pipes-and-spare-parts.webp\" alt=\"reservdelar till skopcylinder\" \/><\/p>\n<h2>T\u00e4tning och sm\u00f6rjning<\/h2>\n<p>Skopscylindern anv\u00e4nder olika t\u00e4tningar som kolvt\u00e4tningar, kolvst\u00e5ngst\u00e4tningar och avstrykart\u00e4tningar tillverkade av polyuretan, nitrilgummi etc. f\u00f6r att motst\u00e5 slitage och f\u00f6rhindra l\u00e4ckage av hydraulv\u00e4tska. Den kr\u00e4ver regelbunden sm\u00f6rjning i form av hydraulolja f\u00f6r att s\u00e4kerst\u00e4lla smidig drift och f\u00f6rhindra slitage. Cylinderns \u00e4ndytor och g\u00e4ngade \u00e4ndar \u00e4r finbearbetade f\u00f6r att f\u00f6rb\u00e4ttra slitstyrkan, men de kr\u00e4ver fortfarande regelbunden sm\u00f6rjning.<\/p>\n<h2>Underh\u00e5ll och reparation<\/h2>\n<p>Regelbundet underh\u00e5ll och reparation av skopcylindern \u00e4r avg\u00f6rande f\u00f6r att s\u00e4kerst\u00e4lla att den fungerar korrekt och h\u00e5ller l\u00e4nge. Underh\u00e5llsuppgifter inkluderar reng\u00f6ring, inspektion och sm\u00f6rjning. Reparationsuppgifter inkluderar byte av slitna t\u00e4tningar och andra komponenter samt ombyggnad av cylindern vid behov. F\u00f6ljande \u00e4r n\u00e5gra tips f\u00f6r korrekt underh\u00e5ll och reparation:<\/p>\n<ul>\n<li>Kontrollera regelbundet cylindern f\u00f6r slitage, l\u00e4ckor och andra problem.<\/li>\n<li>Byt ut slitna packningar och andra komponenter regelbundet f\u00f6r att cylindern ska fungera korrekt.<\/li>\n<li>Fyll p\u00e5 hydraulolja regelbundet f\u00f6r att s\u00e4kerst\u00e4lla smidig drift och f\u00f6rhindra slitage.<\/li>\n<li>Rikta in cylindern korrekt under installationen och anv\u00e4nd l\u00e4mpliga monteringsf\u00e4sten f\u00f6r att s\u00e4kra cylindern.<\/li>\n<li>F\u00f6lj rekommenderade inspektions-, reparations- och utbytesprocedurer f\u00f6r att s\u00e4kerst\u00e4lla s\u00e4ker och effektiv drift av cylindern.<\/li>\n<li>Anv\u00e4nd endast originaldelar och komponenter f\u00f6r att underh\u00e5lla cylindern.<\/li>\n<\/ul>\n<p><img decoding=\"async\" src=\"https:\/\/www.hydraulic-cylinders.net\/wp-content\/uploads\/2025\/01\/songte-chushion-collar.webp\" alt=\"d\u00e4mpningskrage f\u00f6r skopcylinder\" \/><\/p>\n<h2>S\u00e4kerhets- och milj\u00f6h\u00e4nsyn<\/h2>\n<p>Vid anv\u00e4ndning av skopcylindern m\u00e5ste s\u00e4kerhets\u00e5tg\u00e4rder vidtas f\u00f6r att f\u00f6rhindra olyckor och skador. Det \u00e4r viktigt att f\u00f6lja tillverkarens instruktioner f\u00f6r s\u00e4ker anv\u00e4ndning och underh\u00e5ll och att anv\u00e4nda l\u00e4mplig personlig skyddsutrustning, s\u00e5som handskar och skyddsglas\u00f6gon.<\/p>\n<h2>Fels\u00f6kning och vanliga problem<\/h2>\n<p>Skopscylindern kan uppleva olika problem, s\u00e5som l\u00e4ckor, slitna t\u00e4tningar och andra problem. Fels\u00f6kning av dessa problem kr\u00e4ver en grundl\u00e4ggande f\u00f6rst\u00e5else f\u00f6r cylindern och dess komponenter. F\u00f6ljande \u00e4r n\u00e5gra vanliga problem och deras l\u00f6sningar:<\/p>\n<ul>\n<li>L\u00e4ckande cylinder: Kontrollera t\u00e4tningar och andra komponenter f\u00f6r slitage och byt ut dem vid behov.<\/li>\n<li>Slitna t\u00e4tningar: Byt ut t\u00e4tningarna mot originaldelar och komponenter.<\/li>\n<li>Andra problem: F\u00f6lj tillverkarens rekommenderade fels\u00f6kningsprocedurer f\u00f6r att identifiera och l\u00f6sa problemet.<\/li>\n<\/ul>\n<p><img decoding=\"async\" src=\"https:\/\/www.hydraulic-cylinders.net\/wp-content\/uploads\/2025\/01\/songte-bushings-with-all-kinds-of-excavator-models.webp\" alt=\"bussningar f\u00f6r skopcylinder\" \/><\/p>\n<h2>Om v\u00e5rt f\u00f6retag<\/h2>\n<p>Vi \u00e4r en tillverkare av hydraulcylindrar som kan ers\u00e4tta skopcylindern f\u00f6r Baoding WY90-7. V\u00e5rt f\u00f6retag har ett komplett produktsortiment och \u00e4r en av de ledande tillverkarna och grossistdistribut\u00f6rerna av hydraulcylindrar p\u00e5 den inhemska och internationella marknaden. Vi f\u00f6ljer principen om utm\u00e4rkt kvalitet, f\u00f6rlitar oss p\u00e5 strategier f\u00f6r industriell produktionsledning i fina tillverkningsverkst\u00e4der, kontinuerlig f\u00f6rb\u00e4ttring av v\u00e5ra tillverkningsplattformar, finslipar produkternas produktionskvalitet och har en stark f\u00f6rm\u00e5ga att skapa. V\u00e5rt f\u00f6retag tillgodoser kundernas olika behov med h\u00f6g effektivitet, h\u00f6g precision och h\u00f6gkvalitativa principer. <\/p>\n<p><img decoding=\"async\" src=\"https:\/\/hzpt.com\/wp-content\/uploads\/2024\/11\/songte-company-1.webp\" alt=\"f\u00f6retagslogotyp\" \/><\/p>\n<h3>V\u00e5ra specialiseringar<\/h3>\n<ul>\n<li>Professionalism<\/li>\n<li>Internationell certifiering<\/li>\n<li>Anpassade tj\u00e4nster<\/li>\n<li>Avancerad produktionsutrustning<\/li>\n<li>Utm\u00e4rkt kundservice<\/li>\n<\/ul>\n<p>V\u00e5rt f\u00f6retags produkter har klarat olika internationella certifieringar, s\u00e5som ISO 9001, CE och SGS, och vi har ett professionellt tekniskt team som erbjuder kundanpassade tj\u00e4nster. V\u00e5rt f\u00f6retag f\u00f6ljer strikta kvalitetskontroll\u00e5tg\u00e4rder och anv\u00e4nder avancerad produktionsutrustning f\u00f6r att s\u00e4kerst\u00e4lla att v\u00e5ra produkter uppfyller h\u00f6ga kvalitetsstandarder. Vi erbjuder \u00e4ven utm\u00e4rkt eftermarknadsservice f\u00f6r att garantera kundn\u00f6jdhet.<\/p>\n<p>Om du letar efter en p\u00e5litlig leverant\u00f6r av hydraulcylindrar, v\u00e4nligen kontakta oss f\u00f6r mer information.<\/p>\n<p>F\u00f6rfattare: lyl.<\/p>","protected":false},"excerpt":{"rendered":"<p>Bucket Cylinder For Baoding WY90-7 Product Definition The bucket cylinder for Baoding WY90-7 is a specialized hydraulic cylinder designed primarily for controlling the movement of shovels in heavy machinery such as excavators, backhoe loaders, and front-end loaders. Its main function is to enable the shovel to lift, lower and tilt, making it easier to handle [&hellip;]<\/p>","protected":false},"featured_media":14761,"comment_status":"open","ping_status":"closed","template":"","meta":{"_et_pb_use_builder":"","_et_pb_old_content":"","_et_gb_content_width":""},"product_brand":[],"product_cat":[1494],"product_tag":[1495,1496],"class_list":{"0":"post-15956","1":"product","2":"type-product","3":"status-publish","4":"has-post-thumbnail","6":"product_cat-bucket-cylinders","7":"product_tag-bucket-cylinders","8":"product_tag-hydraulic-cylinders","10":"first","11":"instock","12":"shipping-taxable","13":"product-type-simple"},"amp_enabled":true,"_links":{"self":[{"href":"https:\/\/www.hydraulic-cylinders.net\/sv\/wp-json\/wp\/v2\/product\/15956","targetHints":{"allow":["GET"]}}],"collection":[{"href":"https:\/\/www.hydraulic-cylinders.net\/sv\/wp-json\/wp\/v2\/product"}],"about":[{"href":"https:\/\/www.hydraulic-cylinders.net\/sv\/wp-json\/wp\/v2\/types\/product"}],"replies":[{"embeddable":true,"href":"https:\/\/www.hydraulic-cylinders.net\/sv\/wp-json\/wp\/v2\/comments?post=15956"}],"wp:featuredmedia":[{"embeddable":true,"href":"https:\/\/www.hydraulic-cylinders.net\/sv\/wp-json\/wp\/v2\/media\/14761"}],"wp:attachment":[{"href":"https:\/\/www.hydraulic-cylinders.net\/sv\/wp-json\/wp\/v2\/media?parent=15956"}],"wp:term":[{"taxonomy":"product_brand","embeddable":true,"href":"https:\/\/www.hydraulic-cylinders.net\/sv\/wp-json\/wp\/v2\/product_brand?post=15956"},{"taxonomy":"product_cat","embeddable":true,"href":"https:\/\/www.hydraulic-cylinders.net\/sv\/wp-json\/wp\/v2\/product_cat?post=15956"},{"taxonomy":"product_tag","embeddable":true,"href":"https:\/\/www.hydraulic-cylinders.net\/sv\/wp-json\/wp\/v2\/product_tag?post=15956"}],"curies":[{"name":"wp","href":"https:\/\/api.w.org\/{rel}","templated":true}]}}