{"id":15959,"date":"2025-01-19T15:13:05","date_gmt":"2025-01-19T15:13:05","guid":{"rendered":"https:\/\/www.hydraulic-cylinders.net\/product\/bucket-cylinder-for-baoding-sc400-8\/"},"modified":"2025-01-19T15:13:07","modified_gmt":"2025-01-19T15:13:07","slug":"bucket-cylinder-for-baoding-sc400-8","status":"publish","type":"product","link":"https:\/\/www.hydraulic-cylinders.net\/sv\/produkt\/bucket-cylinder-for-baoding-sc400-8\/","title":{"rendered":"Skopcylinder f\u00f6r Baoding SC400.8"},"content":{"rendered":"<h1>Skopcylinder f\u00f6r Baoding SC400.8<\/h1>\n<h2>Introduktion<\/h2>\n<p>En skopcylinder \u00e4r en specialdesignad hydraulcylinder som huvudsakligen anv\u00e4nds f\u00f6r att styra skopans r\u00f6relse i tunga maskiner som gr\u00e4vmaskiner, gr\u00e4vmaskiner och frontlastare. Dess huvudsakliga funktion \u00e4r att g\u00f6ra det m\u00f6jligt f\u00f6r skopan att lyfta, s\u00e4nka och luta, vilket g\u00f6r det enklare att hantera olika materialhanteringsuppgifter. I hydraulsystemet uppn\u00e5r skopcylindern exakt kontroll \u00f6ver skopans r\u00f6relse genom f\u00f6r\u00e4ndringar i hydrauloljetrycket, vilket g\u00f6r det m\u00f6jligt f\u00f6r f\u00f6rare att effektivt hantera tunga laster och anpassa sig till komplexa arbetsmilj\u00f6er och olika driftsbehov.<\/p>\n<p><img decoding=\"async\" src=\"https:\/\/www.hydraulic-cylinders.net\/wp-content\/uploads\/2025\/01\/songte-company-2.webp\" alt=\"Skopcylinder f\u00f6r Baoding SC400.8\" \/><\/p>\n<h3>Drag<\/h3>\n<ul>\n<li>H\u00f6g h\u00e5llfasthet och h\u00e5llbarhet: vanligtvis tillverkad av h\u00f6gh\u00e5llfast st\u00e5l eller aluminium, t\u00e5l h\u00f6gt tryck och tunga belastningar, och konstruerad med h\u00e4nsyn till slitstyrka och korrosionsbest\u00e4ndighet f\u00f6r att f\u00f6rl\u00e4nga livsl\u00e4ngden.<\/li>\n<li>Effektiv hydraulisk drift: anv\u00e4nder hydrauloljetryck f\u00f6r att uppn\u00e5 smidig ut- och indragning, kan reagera snabbt p\u00e5 kontrollkommandon, ger kraftfull tryck- och dragkraft, l\u00e4mplig f\u00f6r hantering av tunga laster och komplexa driftsuppgifter.<\/li>\n<li>Flera typer: enkelverkande (hydrauliska endast i en riktning) eller dubbelverkande (hydrauliska i b\u00e5da riktningarna) cylindrar kan v\u00e4ljas efter driftsbehov, vissa modeller \u00e4r teleskopiska, vilket m\u00f6jligg\u00f6r st\u00f6rre utdrag utan att \u00f6ka den yttre storleken, l\u00e4mpliga f\u00f6r applikationer med begr\u00e4nsat utrymme.<\/li>\n<li>Kan ers\u00e4tta hydraulcylindrar: v\u00e5ra produkter kan perfekt ers\u00e4tta dessa hydraulcylindrar. <\/li>\n<\/ul>\n<p><img decoding=\"async\" src=\"https:\/\/www.hydraulic-cylinders.net\/wp-content\/uploads\/2025\/01\/songte-cylinder-head-with-all-kinds-excavator-models.webp\" alt=\"Skopcylinder f\u00f6r Baoding SC400.8\" \/><\/p>\n<h3>Applikationer<\/h3>\n<p>Skopscylindern anv\u00e4nds ofta inom olika branscher, s\u00e5som:<\/p>\n<ul>\n<li>Byggmaskiner: I gr\u00e4vmaskiner \u00e4r de viktiga f\u00f6r att gr\u00e4va, lasta och flytta jord eller skr\u00e4p. I gr\u00e4vmaskiner med gr\u00e4vaggregat hj\u00e4lper skopcylindrar till b\u00e5de med gr\u00e4vning och lyftning. <\/li>\n<li>Jordbruksmaskiner: anv\u00e4nds f\u00f6r frontlastare, skopning, lyftning och transport av jord, h\u00f6 och andra material; gr\u00e4vmaskiner: skopcylindrar m\u00f6jligg\u00f6r gr\u00e4vning genom att l\u00e5ta skopan tr\u00e4nga ner i jorden. <\/li>\n<li>Lastare: i frontlastare hj\u00e4lper de till med att lyfta och tilta samt effektivt dumpa gods. <\/li>\n<\/ul>\n<h3>Design\u00f6verv\u00e4ganden och urvalskriterier<\/h3>\n<p>Skopscylinderns design \u00e4r avg\u00f6rande f\u00f6r dess prestanda och livsl\u00e4ngd. F\u00f6ljande \u00e4r n\u00e5gra viktiga design\u00f6verv\u00e4ganden:<\/p>\n<h4>Lastkapacitet<\/h4>\n<p>Skopscylindern m\u00e5ste vara konstruerad f\u00f6r att hantera den maximala belastningen den kommer att uts\u00e4ttas f\u00f6r. Lastkapaciteten best\u00e4ms av cylinderns storlek, h\u00e5llfasthet och material.<\/p>\n<h4>T\u00e4tning<\/h4>\n<p>Cylindern m\u00e5ste vara t\u00e4tad f\u00f6r att f\u00f6rhindra l\u00e4ckage och kontaminering av hydraulv\u00e4tskan. T\u00e4tningssystemet b\u00f6r vara konstruerat med h\u00f6gkvalitativa material som polyuretan och nitrilgummi f\u00f6r att s\u00e4kerst\u00e4lla h\u00e5llbarhet och l\u00e5ng livsl\u00e4ngd.<\/p>\n<h4>Varaktighet<\/h4>\n<p>Vid konstruktionen av skopcylindern b\u00f6r man ta h\u00e4nsyn till slitstyrka och korrosionsbest\u00e4ndighet f\u00f6r att f\u00f6rl\u00e4nga dess livsl\u00e4ngd.<\/p>\n<h4>S\u00e4kerhet<\/h4>\n<p>Cylindern m\u00e5ste konstrueras med s\u00e4kerhet i \u00e5tanke f\u00f6r att f\u00f6rhindra olyckor och skador. Installationsprocessen b\u00f6r innefatta korrekt uppriktning och anv\u00e4ndning av l\u00e4mpliga monteringsf\u00e4sten f\u00f6r att f\u00e4sta cylindern p\u00e5 plats.<\/p>\n<h4>Underh\u00e5ll<\/h4>\n<p>Skopscylindern m\u00e5ste vara konstruerad f\u00f6r enkelt underh\u00e5ll och reparation. Regelbunden inspektion, sm\u00f6rjning och byte av t\u00e4tningar \u00e4r n\u00f6dv\u00e4ndiga f\u00f6r att s\u00e4kerst\u00e4lla optimal prestanda och livsl\u00e4ngd.<\/p>\n<p><img decoding=\"async\" src=\"https:\/\/www.hydraulic-cylinders.net\/wp-content\/uploads\/2025\/01\/songte-oil-pipes-and-spare-parts.webp\" alt=\"Skopcylinder f\u00f6r Baoding SC400.8\" \/><\/p>\n<h3>T\u00e4tning och sm\u00f6rjning<\/h3>\n<p>Skopscylindern kr\u00e4ver olika t\u00e4tningskomponenter, s\u00e5som kolvt\u00e4tningar och kolvst\u00e5ngst\u00e4tningar, tillverkade av h\u00f6gkvalitativa material som polyuretan och nitrilgummi f\u00f6r att s\u00e4kerst\u00e4lla h\u00e5llbarhet och l\u00e5ng livsl\u00e4ngd. Cylinderns insida b\u00f6r sm\u00f6rjas med hydraulolja f\u00f6r att ge smidig drift och f\u00f6rhindra slitage. Regelbundna oljebyten \u00e4r n\u00f6dv\u00e4ndiga f\u00f6r att bibeh\u00e5lla cylinderns korrekta funktion.<\/p>\n<h3>Underh\u00e5ll och reparation<\/h3>\n<p>Regelbundet underh\u00e5ll och reparationer \u00e4r avg\u00f6rande f\u00f6r att s\u00e4kerst\u00e4lla skopcylinderns livsl\u00e4ngd och optimera dess prestanda. F\u00f6ljande \u00e4r vanliga underh\u00e5llsuppgifter:<\/p>\n<ul>\n<li>Regelbunden inspektion<\/li>\n<li>Korrekt sm\u00f6rjning<\/li>\n<li>Byte av t\u00e4tning<\/li>\n<\/ul>\n<p>Korrekt installation, sm\u00f6rjning och justering \u00e4r avg\u00f6rande f\u00f6r optimal prestanda. Under installationen \u00e4r korrekt uppriktning avg\u00f6rande. Anv\u00e4ndning av l\u00e4mpliga monteringsf\u00e4sten f\u00f6r att f\u00e4sta cylindern p\u00e5 plats rekommenderas. Vi erbjuder \u00e4ven reservdelar och renoveringstj\u00e4nster f\u00f6r att f\u00f6rl\u00e4nga skopcylinderns livsl\u00e4ngd.<\/p>\n<p><img decoding=\"async\" src=\"https:\/\/www.hydraulic-cylinders.net\/wp-content\/uploads\/2025\/01\/songte-chushion-collar.webp\" alt=\"Skopcylinder f\u00f6r Baoding SC400.8\" \/><\/p>\n<h3>S\u00e4kerhets- och milj\u00f6h\u00e4nsyn<\/h3>\n<p>Vid anv\u00e4ndning av skopcylindern m\u00e5ste l\u00e4mpliga s\u00e4kerhets\u00e5tg\u00e4rder vidtas f\u00f6r att f\u00f6rhindra olyckor och skador. F\u00f6ljande \u00e4r n\u00e5gra viktiga s\u00e4kerhets\u00f6verv\u00e4ganden:<\/p>\n<ul>\n<li>Anv\u00e4nd l\u00e4mplig personlig skyddsutrustning<\/li>\n<li>S\u00e4kerst\u00e4ll korrekt installation och underh\u00e5ll<\/li>\n<li>\u00d6verskrid inte cylinderns lastkapacitet<\/li>\n<li>F\u00f6lj alla tillverkarens riktlinjer och rekommendationer<\/li>\n<\/ul>\n<p>Milj\u00f6p\u00e5verkan \u00e4r ocks\u00e5 en viktig faktor att beakta. Skopscylindern b\u00f6r konstrueras och tillverkas med milj\u00f6n i \u00e5tanke, med anv\u00e4ndning av h\u00e5llbara material och produktionsprocesser d\u00e4r det \u00e4r m\u00f6jligt.<\/p>\n<h3>Fels\u00f6kning och vanliga problem<\/h3>\n<p>Problem med skopcylindern kan p\u00e5verka prestandan hos tunga maskiner avsev\u00e4rt. F\u00f6ljande \u00e4r n\u00e5gra vanliga problem och deras l\u00f6sningar:<\/p>\n<ul>\n<li>L\u00e4ckage: Kontrollera t\u00e4tningarna och byt ut dem vid behov. S\u00e4kerst\u00e4ll att alla anslutningar \u00e4r \u00e5tdragna och att det inte finns n\u00e5gra skador p\u00e5 kolven eller cylindern.<\/li>\n<li>L\u00e5ngsam drift: Kontrollera hydraulsystemet f\u00f6r l\u00e4ckor eller skador. S\u00e4kerst\u00e4ll att hydrauloljan har r\u00e4tt niv\u00e5 och att det inte finns n\u00e5gra luftfickor i systemet.<\/li>\n<li>Cylindern g\u00e5r inte att f\u00e4lla ut eller in: Kontrollera hydraulsystemet f\u00f6r l\u00e4ckor eller skador. S\u00e4kerst\u00e4ll att hydrauloljan har r\u00e4tt niv\u00e5 och att det inte finns n\u00e5gra luftfickor i systemet.<\/li>\n<\/ul>\n<p>F\u00f6rebyggande underh\u00e5ll \u00e4r nyckeln till att undvika dessa problem. Regelbunden inspektion, sm\u00f6rjning och byte av t\u00e4tningar kan bidra till att f\u00f6rhindra att potentiella problem utvecklas till allvarliga problem.<\/p>\n<p><img decoding=\"async\" src=\"https:\/\/www.hydraulic-cylinders.net\/wp-content\/uploads\/2025\/01\/songte-bushings-with-all-kinds-of-excavator-models.webp\" alt=\"Skopcylinder f\u00f6r Baoding SC400.8\" \/><\/p>\n<h3>Om oss<\/h3>\n<p>Vi \u00e4r en tillverkare av hydraulcylindrar f\u00f6r reservdelar, med ett brett produktsortiment som g\u00f6r oss till en av de ledande tillverkarna och grossistdistribut\u00f6rerna av hydraulcylindrar p\u00e5 inhemska och internationella marknader. Vi f\u00f6ljer principen om utm\u00e4rkt kvalitet, f\u00f6rlitar oss p\u00e5 industrialiserade produktionsstrategier i fint tillverkade verkst\u00e4der och f\u00f6rb\u00e4ttrar kontinuerligt v\u00e5ra tillverkningsplattformar och produktionslinjer f\u00f6r produktkvalitet genom att anv\u00e4nda teknisk talang, digital avancerad tillverkningsutrustning och professionella testsystem. Vi har styrkan att skapa h\u00f6geffektiva, h\u00f6gprecisions- och h\u00f6gkvalitativa produkter och m\u00f6ta olika kundbehov.<\/p>\n<p>V\u00e5rt f\u00f6retag erbjuder m\u00e5nga f\u00f6rdelar, bland annat:<\/p>\n<ul>\n<li>Professionalism<\/li>\n<li>Internationell certifiering<\/li>\n<li>Anpassningstj\u00e4nster<\/li>\n<li>Avancerad produktionsutrustning<\/li>\n<li>Utm\u00e4rkt kundservice<\/li>\n<\/ul>\n<p><img decoding=\"async\" src=\"https:\/\/hzpt.com\/wp-content\/uploads\/2024\/11\/songte-company-1.webp\" alt=\"Skopcylinder f\u00f6r Baoding SC400.8\" \/><\/p>\n<p>F\u00f6rfattare: lyl<\/p>","protected":false},"excerpt":{"rendered":"<p>Bucket Cylinder For Baoding SC400.8 Introduction A bucket cylinder is a specially designed hydraulic cylinder mainly used to control the movement of the bucket in heavy machinery such as excavators, backhoe excavators, and front loaders. Its main function is to enable the bucket to lift, lower, and tilt, making it easier to handle various material [&hellip;]<\/p>","protected":false},"featured_media":14787,"comment_status":"open","ping_status":"closed","template":"","meta":{"_et_pb_use_builder":"","_et_pb_old_content":"","_et_gb_content_width":""},"product_brand":[],"product_cat":[1494],"product_tag":[1495,1496],"class_list":{"0":"post-15959","1":"product","2":"type-product","3":"status-publish","4":"has-post-thumbnail","6":"product_cat-bucket-cylinders","7":"product_tag-bucket-cylinders","8":"product_tag-hydraulic-cylinders","10":"first","11":"instock","12":"shipping-taxable","13":"product-type-simple"},"amp_enabled":true,"_links":{"self":[{"href":"https:\/\/www.hydraulic-cylinders.net\/sv\/wp-json\/wp\/v2\/product\/15959","targetHints":{"allow":["GET"]}}],"collection":[{"href":"https:\/\/www.hydraulic-cylinders.net\/sv\/wp-json\/wp\/v2\/product"}],"about":[{"href":"https:\/\/www.hydraulic-cylinders.net\/sv\/wp-json\/wp\/v2\/types\/product"}],"replies":[{"embeddable":true,"href":"https:\/\/www.hydraulic-cylinders.net\/sv\/wp-json\/wp\/v2\/comments?post=15959"}],"wp:featuredmedia":[{"embeddable":true,"href":"https:\/\/www.hydraulic-cylinders.net\/sv\/wp-json\/wp\/v2\/media\/14787"}],"wp:attachment":[{"href":"https:\/\/www.hydraulic-cylinders.net\/sv\/wp-json\/wp\/v2\/media?parent=15959"}],"wp:term":[{"taxonomy":"product_brand","embeddable":true,"href":"https:\/\/www.hydraulic-cylinders.net\/sv\/wp-json\/wp\/v2\/product_brand?post=15959"},{"taxonomy":"product_cat","embeddable":true,"href":"https:\/\/www.hydraulic-cylinders.net\/sv\/wp-json\/wp\/v2\/product_cat?post=15959"},{"taxonomy":"product_tag","embeddable":true,"href":"https:\/\/www.hydraulic-cylinders.net\/sv\/wp-json\/wp\/v2\/product_tag?post=15959"}],"curies":[{"name":"wp","href":"https:\/\/api.w.org\/{rel}","templated":true}]}}