{"id":15960,"date":"2025-01-19T15:13:10","date_gmt":"2025-01-19T15:13:10","guid":{"rendered":"https:\/\/www.hydraulic-cylinders.net\/product\/bucket-cylinder-for-baoding-wy75-7\/"},"modified":"2025-01-19T15:13:13","modified_gmt":"2025-01-19T15:13:13","slug":"bucket-cylinder-for-baoding-wy75-7","status":"publish","type":"product","link":"https:\/\/www.hydraulic-cylinders.net\/sv\/produkt\/bucket-cylinder-for-baoding-wy75-7\/","title":{"rendered":"Skopscylinder f\u00f6r Baoding WY75-7"},"content":{"rendered":"<h1>Skopscylinder f\u00f6r Baoding WY75-7<\/h1>\n<h2>Introduktion<\/h2>\n<p>En skopcylinder \u00e4r en typ av hydraulcylinder som \u00e4r speciellt konstruerad f\u00f6r att styra r\u00f6relsen hos skopor i tunga maskiner som gr\u00e4vmaskiner, traktorgr\u00e4vare och frontlastare. Dess huvudsakliga funktion \u00e4r att g\u00f6ra det m\u00f6jligt f\u00f6r skopan att lyfta, s\u00e4nka och luta, vilket g\u00f6r det enklare f\u00f6r olika materialhanteringsuppgifter. I hydrauliska system m\u00f6jligg\u00f6r skopcylindrar exakt styrning av skopan genom att variera hydrauloljans tryck, vilket g\u00f6r det m\u00f6jligt f\u00f6r operat\u00f6rer att hantera tunga laster effektivt, anpassa sig till komplexa arbetsmilj\u00f6er och olika driftskrav.<\/p>\n<p><img decoding=\"async\" src=\"https:\/\/www.hydraulic-cylinders.net\/wp-content\/uploads\/2025\/01\/songte-company-2.webp\" alt=\"Bild av skopcylinder\"><\/p>\n<h2>Drag<\/h2>\n<ul>\n<li>H\u00f6g h\u00e5llfasthet och h\u00e5llbarhet: Vanligtvis tillverkad av h\u00f6gh\u00e5llfast st\u00e5l eller aluminium, t\u00e5l h\u00f6gt tryck och tunga belastningar, \u00e4r anpassningsbar till tuffa arbetsmilj\u00f6er, konstruerad med slitstyrka och korrosionsbest\u00e4ndighet i \u00e5tanke och kan f\u00f6rl\u00e4nga livsl\u00e4ngden.<\/li>\n<li>Effektiv hydraulisk drift: Utnyttjar hydrauloljans tryck f\u00f6r att uppn\u00e5 smidiga ut- och indragningsr\u00f6relser, kan reagera snabbt p\u00e5 kontrollkommandon och ger kraftfull tryck- och dragkraft, l\u00e4mplig f\u00f6r hantering av tunga laster och komplexa driftsuppgifter.<\/li>\n<li>Olika typer: Enkelverkande (med hydraulik endast i en riktning) eller dubbelverkande (med hydraulik i tv\u00e5 riktningar) cylindrar kan v\u00e4ljas enligt driftskraven. Vissa modeller \u00e4r teleskopiska, vilket m\u00f6jligg\u00f6r st\u00f6rre utdrag utan att \u00f6ka ytterm\u00e5tten, l\u00e4mpliga f\u00f6r applikationer med begr\u00e4nsat utrymme.<\/li>\n<\/ul>\n<p>Vi kan producera denna produkt, som perfekt kan ers\u00e4tta dessa hydraulcylindrar.<\/p>\n<p><img decoding=\"async\" src=\"https:\/\/www.hydraulic-cylinders.net\/wp-content\/uploads\/2025\/01\/songte-cylinder-head-with-all-kinds-excavator-models.webp\" alt=\"Bild av hydraulcylinder\"><\/p>\n<h2>Applikationer<\/h2>\n<p>Skopscylindern har ett brett anv\u00e4ndningsomr\u00e5de:<\/p>\n<ul>\n<li>Byggmaskiner: I gr\u00e4vmaskiner \u00e4r de viktiga f\u00f6r att gr\u00e4va, lasta och flytta jord eller skr\u00e4p. I gr\u00e4vmaskiner med gr\u00e4vaggregat hj\u00e4lper skopcylindrar till b\u00e5de vid gr\u00e4vning och lyftning. <\/li>\n<li>Jordbruksmaskiner: Anv\u00e4nds i frontlastare f\u00f6r att skopa, lyfta och transportera jord, h\u00f6 och andra material, och i gr\u00e4vmaskiner f\u00f6r gr\u00e4vning genom att l\u00e5ta skopan tr\u00e4nga ner i jorden.<\/li>\n<li>Lastare: Frontlastare hj\u00e4lper till att lyfta och dumpa gods effektivt.<\/li>\n<\/ul>\n<h2>Design\u00f6verv\u00e4ganden och urvalskriterier<\/h2>\n<p>F\u00f6ljande design\u00f6verv\u00e4ganden och urvalskriterier \u00e4r avg\u00f6rande f\u00f6r att s\u00e4kerst\u00e4lla skopcylinderns livsl\u00e4ngd och prestanda:<\/p>\n<ul>\n<li>B\u00e4rf\u00f6rm\u00e5ga: Cylindern ska kunna motst\u00e5 h\u00f6gt tryck och tunga belastningar.<\/li>\n<li>T\u00e4tning: Cylindern b\u00f6r vara konstruerad med h\u00f6gkvalitativa t\u00e4tningar f\u00f6r att f\u00f6rhindra l\u00e4ckage av hydraulolja.<\/li>\n<li>H\u00e5llbarhet: Materialen som anv\u00e4nds i cylindern ska kunna motst\u00e5 slitage och korrosion.<\/li>\n<li>S\u00e4kerhet: Cylindern b\u00f6r konstrueras med s\u00e4kerhet i \u00e5tanke, och f\u00f6rsiktighets\u00e5tg\u00e4rder b\u00f6r vidtas f\u00f6r att undvika olyckor eller funktionsfel.<\/li>\n<li>Underh\u00e5llbarhet: Cylindern b\u00f6r vara konstruerad f\u00f6r att m\u00f6jligg\u00f6ra enkelt underh\u00e5ll och reparation.<\/li>\n<\/ul>\n<p><img decoding=\"async\" src=\"https:\/\/www.hydraulic-cylinders.net\/wp-content\/uploads\/2025\/01\/songte-oil-pipes-and-spare-parts.webp\" alt=\"Bild av hydraulcylinder\"><\/p>\n<h2>T\u00e4tning och sm\u00f6rjning<\/h2>\n<p>Skopscylindern kr\u00e4ver olika t\u00e4tningskomponenter, s\u00e5som kolvt\u00e4tningar och kolvst\u00e5ngst\u00e4tningar, tillverkade av slitstarka material som polyuretan och nitrilgummi. Cylinderns och g\u00e4ngornas yta genomg\u00e5r noggrann behandling f\u00f6r att f\u00f6rb\u00e4ttra slitstyrkan. Regelbunden p\u00e5fyllning av hydraulolja \u00e4r n\u00f6dv\u00e4ndig f\u00f6r att s\u00e4kerst\u00e4lla att cylindern \u00e4r tillr\u00e4ckligt smord.<\/p>\n<h2>Underh\u00e5ll och reparation<\/h2>\n<p>Regelbundna inspektioner och f\u00f6rebyggande underh\u00e5ll \u00e4r avg\u00f6rande f\u00f6r att f\u00f6rl\u00e4nga skopcylinderns livsl\u00e4ngd. F\u00f6ljande \u00e4r n\u00e5gra vanliga underh\u00e5llsuppgifter:<\/p>\n<ul>\n<li>Regelbunden inspektion<\/li>\n<li>Korrekt sm\u00f6rjning<\/li>\n<li>Byte av t\u00e4tning<\/li>\n<li>Kalibreringskontroller<\/li>\n<\/ul>\n<p><img decoding=\"async\" src=\"https:\/\/www.hydraulic-cylinders.net\/wp-content\/uploads\/2025\/01\/songte-chushion-collar.webp\" alt=\"Bild av hydraulcylinder\"><\/p>\n<h2>S\u00e4kerhetsaspekter och milj\u00f6faktorer<\/h2>\n<p>Det \u00e4r avg\u00f6rande att beakta s\u00e4kerhets\u00e5tg\u00e4rder vid anv\u00e4ndning av skopcylindern. Det \u00e4r viktigt att f\u00f6lja tillverkarens instruktioner och anv\u00e4nda l\u00e4mplig personlig skyddsutrustning (PPE). Milj\u00f6faktorer som temperatur, fuktighet och atmosf\u00e4rstryck b\u00f6r ocks\u00e5 beaktas vid anv\u00e4ndning av cylindern.<\/p>\n<h2>Fels\u00f6kning och vanliga problem<\/h2>\n<p>N\u00e5gra vanliga problem i samband med skopcylindern inkluderar l\u00e4ckage, funktionsfel och slitage. Att identifiera och l\u00f6sa dessa problem kr\u00e4ver korrekt fels\u00f6kningsf\u00f6rm\u00e5ga. F\u00f6rebyggande \u00e5tg\u00e4rder som regelbundna inspektioner och underh\u00e5ll kan bidra till att minska f\u00f6rekomsten av dessa problem.<\/p>\n<p><img decoding=\"async\" src=\"https:\/\/www.hydraulic-cylinders.net\/wp-content\/uploads\/2025\/01\/songte-bushings-with-all-kinds-of-excavator-models.webp\" alt=\"Bild av hydraulcylinder\"><\/p>\n<h2>Om v\u00e5rt f\u00f6retag<\/h2>\n<p>Vi \u00e4r en ledande tillverkare och grossist av hydraulcylindrar p\u00e5 b\u00e5de den inhemska och internationella marknaden. V\u00e5r produktionslinje omfattar olika typer av hydraulcylindrar. Vi f\u00f6ljer utm\u00e4rkta kvalitets- och produktionsstyrningsstrategier och f\u00f6rlitar oss p\u00e5 avancerad tillverkningsutrustning och professionella testsystem. Vi har ett expertteam som kan m\u00f6ta olika kundkrav med h\u00f6g effektivitet, precision och kvalitet.<\/p>\n<h3>V\u00e5r expertis<\/h3>\n<p>Vi erbjuder f\u00f6ljande expertis:<\/p>\n<ul>\n<li>Internationell certifiering<\/li>\n<li>Anpassningstj\u00e4nster<\/li>\n<li>Toppmodern produktionsutrustning<\/li>\n<li>Eftermarknadsservice<\/li>\n<\/ul>\n<p><img decoding=\"async\" src=\"https:\/\/hzpt.com\/wp-content\/uploads\/2024\/11\/songte-company-1.webp\" alt=\"Bild av hydraulcylinder\"><\/p>\n<p>F\u00f6rfattare: lyl.<\/p>","protected":false},"excerpt":{"rendered":"<p>Bucket Cylinder For Baoding WY75-7 Introduction A bucket cylinder is a type of hydraulic cylinder specially designed for controlling the movement of buckets in heavy machinery such as excavators, backhoe excavators, and front loaders. Its main function is to enable the bucket to lift, lower, and tilt, making it easier for various material handling tasks. [&hellip;]<\/p>","protected":false},"featured_media":14785,"comment_status":"open","ping_status":"closed","template":"","meta":{"_et_pb_use_builder":"","_et_pb_old_content":"","_et_gb_content_width":""},"product_brand":[],"product_cat":[1494],"product_tag":[1495,1496],"class_list":{"0":"post-15960","1":"product","2":"type-product","3":"status-publish","4":"has-post-thumbnail","6":"product_cat-bucket-cylinders","7":"product_tag-bucket-cylinders","8":"product_tag-hydraulic-cylinders","10":"first","11":"instock","12":"shipping-taxable","13":"product-type-simple"},"amp_enabled":true,"_links":{"self":[{"href":"https:\/\/www.hydraulic-cylinders.net\/sv\/wp-json\/wp\/v2\/product\/15960","targetHints":{"allow":["GET"]}}],"collection":[{"href":"https:\/\/www.hydraulic-cylinders.net\/sv\/wp-json\/wp\/v2\/product"}],"about":[{"href":"https:\/\/www.hydraulic-cylinders.net\/sv\/wp-json\/wp\/v2\/types\/product"}],"replies":[{"embeddable":true,"href":"https:\/\/www.hydraulic-cylinders.net\/sv\/wp-json\/wp\/v2\/comments?post=15960"}],"wp:featuredmedia":[{"embeddable":true,"href":"https:\/\/www.hydraulic-cylinders.net\/sv\/wp-json\/wp\/v2\/media\/14785"}],"wp:attachment":[{"href":"https:\/\/www.hydraulic-cylinders.net\/sv\/wp-json\/wp\/v2\/media?parent=15960"}],"wp:term":[{"taxonomy":"product_brand","embeddable":true,"href":"https:\/\/www.hydraulic-cylinders.net\/sv\/wp-json\/wp\/v2\/product_brand?post=15960"},{"taxonomy":"product_cat","embeddable":true,"href":"https:\/\/www.hydraulic-cylinders.net\/sv\/wp-json\/wp\/v2\/product_cat?post=15960"},{"taxonomy":"product_tag","embeddable":true,"href":"https:\/\/www.hydraulic-cylinders.net\/sv\/wp-json\/wp\/v2\/product_tag?post=15960"}],"curies":[{"name":"wp","href":"https:\/\/api.w.org\/{rel}","templated":true}]}}