{"id":15970,"date":"2025-01-19T15:13:55","date_gmt":"2025-01-19T15:13:55","guid":{"rendered":"https:\/\/www.hydraulic-cylinders.net\/product\/bucket-cylinder-for-dasin-ds50-7\/"},"modified":"2025-01-19T15:14:00","modified_gmt":"2025-01-19T15:14:00","slug":"bucket-cylinder-for-dasin-ds50-7","status":"publish","type":"product","link":"https:\/\/www.hydraulic-cylinders.net\/sv\/produkt\/bucket-cylinder-for-dasin-ds50-7\/","title":{"rendered":"Skopscylinder f\u00f6r Dasin DS50-7"},"content":{"rendered":"<h2>Introduktion<\/h2>\n<h3>Skopscylinder f\u00f6r Dasin DS50-7<\/h3>\n<p>En skopcylinder \u00e4r en specialdesignad hydraulcylinder som huvudsakligen anv\u00e4nds f\u00f6r att styra skopans r\u00f6relse i tunga maskiner som gr\u00e4vmaskiner, gr\u00e4vlastare och frontlastare. Dess huvudsakliga funktion \u00e4r att g\u00f6ra det m\u00f6jligt f\u00f6r skopan att lyfta, s\u00e4nka och luta, vilket g\u00f6r den l\u00e4mplig f\u00f6r olika materialhanteringsuppgifter. I hydraulsystemet anv\u00e4nder skopcylindern hydrauloljans tryck f\u00f6r att exakt styra skopan, vilket g\u00f6r att f\u00f6raren kan hantera tunga laster effektivt, anpassa sig till komplexa arbetsmilj\u00f6er och varierande arbetskrav.<\/p>\n<p><img decoding=\"async\" src=\"https:\/\/www.hydraulic-cylinders.net\/wp-content\/uploads\/2025\/01\/songte-company-2.webp\"\/><\/p>\n<h2>Funktioner hos skopcylinder f\u00f6r Dasin DS50-7<\/h2>\n<ul>\n<li>\n<h3>H\u00f6g styrka och h\u00e5llbarhet<\/h3>\n<p>Skopscylindrar \u00e4r vanligtvis tillverkade av h\u00f6gh\u00e5llfast st\u00e5l eller aluminium, t\u00e5l h\u00f6gt tryck och tunga belastningar och anpassar sig till tuffa arbetsmilj\u00f6er. Konstruktionen tar h\u00e4nsyn till slitstyrka och korrosionsbest\u00e4ndighet, vilket f\u00f6rl\u00e4nger cylinderns livsl\u00e4ngd.<\/p>\n<\/li>\n<li>\n<h3>Effektiv hydraulisk drift<\/h3>\n<p>Skopscylindrar anv\u00e4nder trycket fr\u00e5n hydraulolja f\u00f6r att uppn\u00e5 smidig ut- och inf\u00e4llning, reagera snabbt p\u00e5 kontrollkommandon, ge starka tryck- och dragkrafter och \u00e4r l\u00e4mpliga f\u00f6r hantering av tunga laster och komplexa arbetsuppgifter.<\/p>\n<\/li>\n<li>\n<h3>Olika typer<\/h3>\n<p>Skopscylindrar kan vara enkelverkande (med hydraulik i endast en riktning) eller dubbelverkande (med hydraulik i tv\u00e5 riktningar) och kan uppfylla olika driftsbehov. Vissa modeller \u00e4r teleskopiska, vilket m\u00f6jligg\u00f6r st\u00f6rre utdrag utan att \u00f6ka de yttersta m\u00e5tten, l\u00e4mpliga f\u00f6r applikationer med begr\u00e4nsat utrymme.<\/p>\n<\/li>\n<li>\n<h3>Kan anpassas<\/h3>\n<p>V\u00e5r produkt kan perfekt ers\u00e4tta dessa hydraulcylindrar, och vi erbjuder anpassningstj\u00e4nster f\u00f6r att m\u00f6ta specifika behov.<\/p>\n<\/li>\n<li>\n<h3>Brett utbud av till\u00e4mpningar<\/h3>\n<p>Skopcylindrar anv\u00e4nds ofta inom olika omr\u00e5den som entreprenadmaskiner, jordbruksmaskiner, gr\u00e4vmaskiner och lastare, f\u00f6r att n\u00e4mna n\u00e5gra. Inom entreprenadmaskiner \u00e4r skopcylindrar avg\u00f6rande f\u00f6r att gr\u00e4va, lasta och flytta jord eller skr\u00e4p. Inom jordbruksmaskiner anv\u00e4nds de f\u00f6r att lyfta och transportera jord, h\u00f6 och andra material. I gr\u00e4vmaskiner och lastare m\u00f6jligg\u00f6r skopcylindrar gr\u00e4vning, lyftning och t\u00f6mning.<\/p>\n<\/li>\n<\/ul>\n<p><img decoding=\"async\" src=\"https:\/\/www.hydraulic-cylinders.net\/wp-content\/uploads\/2025\/01\/songte-cylinder-head-with-all-kinds-excavator-models.webp\"\/><\/p>\n<h2>Design\u00f6verv\u00e4ganden och urvalskriterier<\/h2>\n<ul>\n<li>\n<h3>B\u00e4rkraft<\/h3>\n<p>Cylindern m\u00e5ste ha tillr\u00e4cklig b\u00e4rf\u00f6rm\u00e5ga f\u00f6r att klara de belastningar och tryck som uppst\u00e5r under drift.<\/p>\n<\/li>\n<li>\n<h3>T\u00e4tning<\/h3>\n<p>Cylindern m\u00e5ste vara ordentligt t\u00e4tad f\u00f6r att f\u00f6rhindra oljel\u00e4ckage och s\u00e4kerst\u00e4lla tillf\u00f6rlitlig drift. Vi anv\u00e4nder olika t\u00e4tningskomponenter som kolvt\u00e4tningsringar, st\u00e5ngt\u00e4tningsringar och polyuretan- eller nitrilgummit\u00e4tningar, vilka \u00e4r tillverkade av slitstarka material.<\/p>\n<\/li>\n<li>\n<h3>Varaktighet<\/h3>\n<p>Cylindern m\u00e5ste vara tillverkad av h\u00f6gkvalitativa material, ha utm\u00e4rkt slitstyrka och vara korrosionsbest\u00e4ndig f\u00f6r att f\u00f6rl\u00e4nga dess livsl\u00e4ngd.<\/p>\n<\/li>\n<li>\n<h3>S\u00e4kerhet<\/h3>\n<p>Cylindern m\u00e5ste vara konstruerad med s\u00e4kerhetsfunktioner f\u00f6r att f\u00f6rhindra olyckor, s\u00e5som tryckavlastningsventiler, d\u00e4mpningskragar och s\u00e4kerhetsl\u00e5s.<\/p>\n<\/li>\n<li>\n<h3>Underh\u00e5ll<\/h3>\n<p>Cylindern m\u00e5ste vara l\u00e4tt att underh\u00e5lla, och byte av delar ska g\u00e5 snabbt och enkelt. Vi anv\u00e4nder h\u00f6gkvalitativa oljer\u00f6r och reservdelar, som \u00e4r l\u00e4tta att underh\u00e5lla och byta ut.<\/p>\n<\/li>\n<\/ul>\n<p><img decoding=\"async\" src=\"https:\/\/www.hydraulic-cylinders.net\/wp-content\/uploads\/2025\/01\/songte-oil-pipes-and-spare-parts.webp\"\/><\/p>\n<h2>Underh\u00e5lls- och installationsguide<\/h2>\n<p>Regelbundet underh\u00e5ll \u00e4r avg\u00f6rande f\u00f6r att s\u00e4kerst\u00e4lla skopcylindrarnas livsl\u00e4ngd och effektivitet. H\u00e4r \u00e4r n\u00e5gra vanliga underh\u00e5llsuppgifter:<\/p>\n<ul>\n<li>\n<h3>Regelbunden inspektion<\/h3>\n<p>Inspektera cylindern och relaterade delar regelbundet f\u00f6r tecken p\u00e5 slitage eller skador och byt ut delar vid behov. Kontrollera kolvst\u00e5ngen f\u00f6r rakhet och eventuella tecken p\u00e5 b\u00f6jning eller deformation.<\/p>\n<\/li>\n<li>\n<h3>Korrekt sm\u00f6rjning<\/h3>\n<p>Anv\u00e4nd l\u00e4mplig hydraulolja och sm\u00f6rj cylindern regelbundet f\u00f6r att s\u00e4kerst\u00e4lla smidig drift och f\u00f6rhindra \u00f6verdrivet slitage. F\u00f6lj tillverkarens rekommendationer f\u00f6r oljetyp och volym.<\/p>\n<\/li>\n<li>\n<h3>Byte av t\u00e4tning och kalibreringskontroll<\/h3>\n<p>Om cylindern l\u00e4cker eller inte fungerar korrekt, kontrollera t\u00e4tningarna och byt ut dem vid behov. Kontrollera cylinderns kalibrering f\u00f6r att s\u00e4kerst\u00e4lla korrekt funktion.<\/p>\n<\/li>\n<\/ul>\n<p>Korrekt installation \u00e4r ocks\u00e5 avg\u00f6rande f\u00f6r skopcylinderns livsl\u00e4ngd och effektivitet. H\u00e4r \u00e4r n\u00e5gra viktiga installationstips:<\/p>\n<ul>\n<li>\n<h3>Korrekt inriktning<\/h3>\n<p>S\u00e4kerst\u00e4ll att cylindern \u00e4r korrekt inriktad med utrustningen och att st\u00e5ng\u00e4nden \u00e4r korrekt f\u00e4st vid skopan eller andra tillbeh\u00f6r.<\/p>\n<\/li>\n<li>\n<h3>Anv\u00e4ndning av installationsf\u00e4ste<\/h3>\n<p>Anv\u00e4nd l\u00e4mpliga monteringsf\u00e4sten f\u00f6r att f\u00e4sta cylindern p\u00e5 utrustningen f\u00f6r att f\u00f6rhindra r\u00f6relse eller skador under drift.<\/p>\n<\/li>\n<li>\n<h3>Inspektions- och reparationsprocedurer<\/h3>\n<p>F\u00f6lj de rekommenderade procedurerna f\u00f6r inspektion, reparation och utbyte f\u00f6r att s\u00e4kerst\u00e4lla s\u00e4ker och effektiv drift av cylindern.<\/p>\n<\/li>\n<\/ul>\n<p><img decoding=\"async\" src=\"https:\/\/www.hydraulic-cylinders.net\/wp-content\/uploads\/2025\/01\/songte-chushion-collar.webp\"\/><\/p>\n<h2>S\u00e4kerhetsaspekter och milj\u00f6faktorer<\/h2>\n<p>Skopscylindrar arbetar under h\u00f6gt tryck och kan vara farliga om de inte installeras och anv\u00e4nds korrekt. F\u00f6lj alltid tillverkarens instruktioner och s\u00e4kerhetsf\u00f6reskrifter f\u00f6r att f\u00f6rhindra olyckor. Milj\u00f6m\u00e4ssigt b\u00f6r hydraulolja kasseras p\u00e5 r\u00e4tt s\u00e4tt f\u00f6r att f\u00f6rhindra kontaminering av mark och vatten, och cylindern b\u00f6r kontrolleras regelbundet f\u00f6r l\u00e4ckor f\u00f6r att f\u00f6rhindra oljespill.<\/p>\n<p><img decoding=\"async\" src=\"https:\/\/www.hydraulic-cylinders.net\/wp-content\/uploads\/2025\/01\/songte-bushings-with-all-kinds-of-excavator-models.webp\"\/><\/p>\n<h2>Fels\u00f6kning och vanliga problem<\/h2>\n<p>N\u00e5gra vanliga problem som kan uppst\u00e5 med skopcylindrar inkluderar l\u00e4ckage, oj\u00e4mn drift och att de inte g\u00e5r att dra ut eller in. Fels\u00f6kningstips inkluderar kontroll av t\u00e4tningarna, s\u00e4kerst\u00e4llande av korrekt sm\u00f6rjning och kontroll av cylinderns kalibrering.<\/p>\n<h2>Om v\u00e5rt f\u00f6retag<\/h2>\n<p>Vi \u00e4r en tillverkare av hydraulcylindrar f\u00f6r reservdelar, en ledande tillverkare och grossistdistribut\u00f6r av hydraulcylindrar p\u00e5 den inhemska och internationella marknaden. Vi f\u00f6ljer filosofin om utm\u00e4rkt kvalitet, f\u00f6rlitar oss p\u00e5 den industrialiserade produktionsstrategin i en sofistikerad tillverkningsverkstad, f\u00f6rb\u00e4ttrar kontinuerligt verkstadens tillverkningsplattform, f\u00f6rb\u00e4ttrar produkternas produktionskvalitet och har en stark skapande f\u00f6rm\u00e5ga att m\u00f6ta kundernas olika behov med h\u00f6g effektivitet, h\u00f6g precision och h\u00f6ga kvalitetsprinciper.<\/p>\n<p><img decoding=\"async\" src=\"https:\/\/hzpt.com\/wp-content\/uploads\/2024\/11\/songte-company-1.webp\"\/><\/p>\n<h3>Professionalism<\/h3>\n<p>Vi har ett team av erfarna yrkesm\u00e4n som \u00e4r engagerade i att tillhandah\u00e5lla h\u00f6gkvalitativa hydrauliska cylinderl\u00f6sningar till kunder.<\/p>\n<h3>Internationell certifiering<\/h3>\n<p>V\u00e5ra produkter har internationella certifieringar som ISO9001, CE och ROHS, vilket s\u00e4kerst\u00e4ller att de uppfyller internationella standarder och krav.<\/p>\n<h3>Anpassningstj\u00e4nster<\/h3>\n<p>Vi tillhandah\u00e5ller skr\u00e4ddarsydda hydraulcylinderl\u00f6sningar f\u00f6r att m\u00f6ta specifika driftsbehov.<\/p>\n<h3>Avancerad produktionsutrustning<\/h3>\n<p>V\u00e5r produktionsutrustning \u00e4r toppmodern, vilket g\u00f6r att vi kan producera h\u00f6gkvalitativa hydraulcylindrar effektivt och noggrant.<\/p>\n<h3>Eftermarknadsservice<\/h3>\n<p>Vi erbjuder utm\u00e4rkt eftermarknadsservice, inklusive reparations- och utbytestj\u00e4nster, f\u00f6r att s\u00e4kerst\u00e4lla att v\u00e5ra kunder f\u00e5r b\u00e4sta m\u00f6jliga support.<\/p>\n<h2>F\u00f6rfattare<\/h2>\n<p>lyl<\/p>","protected":false},"excerpt":{"rendered":"<p>Introduction Bucket Cylinder For Dasin DS50-7 A bucket cylinder is a specially designed hydraulic cylinder used mainly to control the movement of the bucket in heavy machinery such as excavators, backhoe loaders, and front loaders. Its main function is to enable the bucket to perform lifting, lowering, and tilting, making it suitable for various material [&hellip;]<\/p>","protected":false},"featured_media":14762,"comment_status":"open","ping_status":"closed","template":"","meta":{"_et_pb_use_builder":"","_et_pb_old_content":"","_et_gb_content_width":""},"product_brand":[],"product_cat":[1494],"product_tag":[1495,1496],"class_list":{"0":"post-15970","1":"product","2":"type-product","3":"status-publish","4":"has-post-thumbnail","6":"product_cat-bucket-cylinders","7":"product_tag-bucket-cylinders","8":"product_tag-hydraulic-cylinders","10":"first","11":"instock","12":"shipping-taxable","13":"product-type-simple"},"amp_enabled":true,"_links":{"self":[{"href":"https:\/\/www.hydraulic-cylinders.net\/sv\/wp-json\/wp\/v2\/product\/15970","targetHints":{"allow":["GET"]}}],"collection":[{"href":"https:\/\/www.hydraulic-cylinders.net\/sv\/wp-json\/wp\/v2\/product"}],"about":[{"href":"https:\/\/www.hydraulic-cylinders.net\/sv\/wp-json\/wp\/v2\/types\/product"}],"replies":[{"embeddable":true,"href":"https:\/\/www.hydraulic-cylinders.net\/sv\/wp-json\/wp\/v2\/comments?post=15970"}],"wp:featuredmedia":[{"embeddable":true,"href":"https:\/\/www.hydraulic-cylinders.net\/sv\/wp-json\/wp\/v2\/media\/14762"}],"wp:attachment":[{"href":"https:\/\/www.hydraulic-cylinders.net\/sv\/wp-json\/wp\/v2\/media?parent=15970"}],"wp:term":[{"taxonomy":"product_brand","embeddable":true,"href":"https:\/\/www.hydraulic-cylinders.net\/sv\/wp-json\/wp\/v2\/product_brand?post=15970"},{"taxonomy":"product_cat","embeddable":true,"href":"https:\/\/www.hydraulic-cylinders.net\/sv\/wp-json\/wp\/v2\/product_cat?post=15970"},{"taxonomy":"product_tag","embeddable":true,"href":"https:\/\/www.hydraulic-cylinders.net\/sv\/wp-json\/wp\/v2\/product_tag?post=15970"}],"curies":[{"name":"wp","href":"https:\/\/api.w.org\/{rel}","templated":true}]}}