{"id":15974,"date":"2025-01-19T15:14:15","date_gmt":"2025-01-19T15:14:15","guid":{"rendered":"https:\/\/www.hydraulic-cylinders.net\/product\/bucket-cylinder-for-dasin-ds60-7\/"},"modified":"2025-01-19T15:14:21","modified_gmt":"2025-01-19T15:14:21","slug":"bucket-cylinder-for-dasin-ds60-7","status":"publish","type":"product","link":"https:\/\/www.hydraulic-cylinders.net\/sv\/produkt\/bucket-cylinder-for-dasin-ds60-7\/","title":{"rendered":"Skopscylinder f\u00f6r Dasin DS60-7"},"content":{"rendered":"<h1>Skopscylinder f\u00f6r Dasin DS60-7<\/h1>\n<h2>Introduktion<\/h2>\n<p>En skopcylinder \u00e4r en specialdesignad hydraulcylinder som fr\u00e4mst anv\u00e4nds f\u00f6r att styra r\u00f6relsen hos skopor i tunga maskiner som gr\u00e4vmaskiner, traktorgr\u00e4vare och frontlastare. Dess huvudsakliga funktion \u00e4r att g\u00f6ra det m\u00f6jligt f\u00f6r skopan att lyfta, s\u00e4nka och luta, vilket g\u00f6r det enklare f\u00f6r olika materialhanteringsuppgifter. I hydrauliska system uppn\u00e5r skopcylindrar exakt kontroll \u00f6ver skopan genom att anv\u00e4nda tryckf\u00f6r\u00e4ndringen fr\u00e5n hydrauloljan, vilket g\u00f6r det m\u00f6jligt f\u00f6r operat\u00f6rer att effektivt hantera tunga f\u00f6rem\u00e5l och anpassa sig till komplexa arbetsmilj\u00f6er och olika driftskrav.<\/p>\n<p><img decoding=\"async\" src=\"https:\/\/www.hydraulic-cylinders.net\/wp-content\/uploads\/2025\/01\/songte-company-2.webp\" alt=\"Skopscylinder f\u00f6r Dasin DS60-7\"><\/p>\n<h2>Drag<\/h2>\n<ul>\n<li>H\u00f6g h\u00e5llfasthet och h\u00e5llbarhet: Vanligtvis tillverkad av h\u00f6gh\u00e5llfast st\u00e5l eller aluminium, t\u00e5l h\u00f6gt tryck och tunga belastningar, l\u00e4mplig f\u00f6r tuffa arbetsmilj\u00f6er, konstruerad med slitstyrka och korrosionsbest\u00e4ndighet i \u00e5tanke, vilket f\u00f6rl\u00e4nger livsl\u00e4ngden.<\/li>\n<li>Effektiv hydraulisk drift: Genom att anv\u00e4nda hydrauloljans tryck f\u00f6r att uppn\u00e5 j\u00e4mn expansion och kontraktion kan den snabbt reagera p\u00e5 kontrollkommandon, ge kraftfull tryck- och dragkraft och \u00e4r l\u00e4mplig f\u00f6r hantering av tunga f\u00f6rem\u00e5l och komplexa driftsuppgifter.<\/li>\n<li>Flera typer: Enkelverkande (hydrauliska i endast en riktning) eller dubbelverkande (hydrauliska i b\u00e5da riktningarna) cylindrar kan v\u00e4ljas efter behov f\u00f6r att m\u00f6ta olika driftsbehov. Vissa modeller \u00e4r teleskopiska, vilket m\u00f6jligg\u00f6r st\u00f6rre utdrag utan att \u00f6ka de yttre m\u00e5tten, l\u00e4mpliga f\u00f6r utrymmesbegr\u00e4nsade till\u00e4mpningar.<\/li>\n<li>Kan ers\u00e4tta hydraulcylindrar: V\u00e5ra produkter kan perfekt ers\u00e4tta dessa hydraulcylindrar.<\/li>\n<\/ul>\n<p><img decoding=\"async\" src=\"https:\/\/www.hydraulic-cylinders.net\/wp-content\/uploads\/2025\/01\/songte-cylinder-head-with-all-kinds-excavator-models.webp\" alt=\"Skopscylinder f\u00f6r Dasin DS60-7\"><\/p>\n<h2>Applikationer<\/h2>\n<p>Skopscylindrar anv\u00e4nds i en m\u00e4ngd olika till\u00e4mpningar, inklusive:<\/p>\n<ul>\n<li>Anl\u00e4ggningsutrustning: I gr\u00e4vmaskiner \u00e4r de avg\u00f6rande f\u00f6r att gr\u00e4va, lasta och flytta jord eller skr\u00e4p. I gr\u00e4vmaskiner med gr\u00e4vaggregat hj\u00e4lper skopcylindrar till med b\u00e5de gr\u00e4vning och lyftning. F\u00f6r frontlastare hj\u00e4lper de till med att lyfta och dumpa last effektivt.<\/li>\n<li>Jordbruksmaskiner: Anv\u00e4nds i frontlastare f\u00f6r att \u00f6sa, lyfta och transportera jord, h\u00f6 och andra material. I gr\u00e4vmaskiner m\u00f6jligg\u00f6r skopcylindrar gr\u00e4vning genom att l\u00e5ta skopan tr\u00e4nga ner i jorden.<\/li>\n<\/ul>\n<h2>Design\u00f6verv\u00e4ganden och urvalskriterier<\/h2>\n<p>Vid konstruktion av skopcylindrar m\u00e5ste faktorer som lastkapacitet, t\u00e4tning, h\u00e5llbarhet, s\u00e4kerhet och underh\u00e5llbarhet beaktas. N\u00e5gra \u00f6verv\u00e4ganden inkluderar:<\/p>\n<ul>\n<li>Lastkapacitet: Skopscylindrar m\u00e5ste konstrueras f\u00f6r att motst\u00e5 den maximala f\u00f6rv\u00e4ntade belastningen utan att deformeras eller g\u00e5 s\u00f6nder.<\/li>\n<li>T\u00e4tning: Olika t\u00e4tningselement, s\u00e5som kolvt\u00e4tningar och kolvst\u00e5ngst\u00e4tningar, m\u00e5ste anv\u00e4ndas f\u00f6r att s\u00e4kerst\u00e4lla att hydraulv\u00e4tska inte l\u00e4cker och att f\u00f6roreningar inte kommer in i cylindern.<\/li>\n<li>H\u00e5llbarhet: Cylinderns hus och kolvst\u00e5ng m\u00e5ste vara tillverkade av material som \u00e4r motst\u00e5ndskraftiga mot slitage och korrosion, vilket s\u00e4kerst\u00e4ller l\u00e5ng livsl\u00e4ngd.<\/li>\n<li>S\u00e4kerhet: Skopscylindern m\u00e5ste vara konstruerad f\u00f6r att f\u00f6rhindra olyckor och s\u00e4kerst\u00e4lla f\u00f6rarens s\u00e4kerhet.<\/li>\n<li>Underh\u00e5llbarhet: Skopscylindrar b\u00f6r vara enkla att underh\u00e5lla och reparera f\u00f6r att minimera driftstopp och tillh\u00f6rande kostnader.<\/li>\n<\/ul>\n<p><img decoding=\"async\" src=\"https:\/\/www.hydraulic-cylinders.net\/wp-content\/uploads\/2025\/01\/songte-oil-pipes-and-spare-parts.webp\" alt=\"Skopscylinder f\u00f6r Dasin DS60-7\"><\/p>\n<h2>T\u00e4tning och sm\u00f6rjning<\/h2>\n<p>Olika t\u00e4tningselement, s\u00e5som kolvt\u00e4tningar och kolvst\u00e5ngst\u00e4tningar, anv\u00e4nds f\u00f6r att s\u00e4kerst\u00e4lla att hydraulv\u00e4tska inte l\u00e4cker och att f\u00f6roreningar inte kommer in i cylindern. Dessutom \u00e4r cylinderns hus och kolvst\u00e5ng tillverkade av material som \u00e4r motst\u00e5ndskraftiga mot slitage och korrosion. Regelbunden tillsats av l\u00e4mplig m\u00e4ngd hydraulolja f\u00f6r sm\u00f6rjning \u00e4r n\u00f6dv\u00e4ndig f\u00f6r att underh\u00e5lla skopcylindern.<\/p>\n<h2>Underh\u00e5ll och f\u00f6rebyggande<\/h2>\n<p>Korrekt underh\u00e5ll och f\u00f6rebyggande \u00e5tg\u00e4rder \u00e4r avg\u00f6rande f\u00f6r att f\u00f6rl\u00e4nga skopcylinderns livsl\u00e4ngd. Regelbunden inspektion, l\u00e4mplig sm\u00f6rjning, byte av t\u00e4tningar och kalibreringskontroller \u00e4r vanliga underh\u00e5llsuppgifter. Korrekt uppriktningsv\u00e4gledning under installationen och anv\u00e4ndning av l\u00e4mpliga installationsf\u00e4sten rekommenderas f\u00f6r att s\u00e4kerst\u00e4lla att skopcylindern installeras korrekt. Artikeln ger ocks\u00e5 en rekommenderad inspektions-, reparations- och utbytesprocedur f\u00f6r delar och renoveringstj\u00e4nster f\u00f6r att \u00f6ka produktens livsl\u00e4ngd.<\/p>\n<p><img decoding=\"async\" src=\"https:\/\/www.hydraulic-cylinders.net\/wp-content\/uploads\/2025\/01\/songte-chushion-collar.webp\" alt=\"Skopscylinder f\u00f6r Dasin DS60-7\"><\/p>\n<h2>S\u00e4kerhets- och milj\u00f6h\u00e4nsyn<\/h2>\n<p>Vid anv\u00e4ndning av skopcylindrar m\u00e5ste s\u00e4kerhets\u00e5tg\u00e4rder som l\u00e4mplig personlig skyddsutrustning b\u00e4ras och korrekta driftsinstruktioner f\u00f6ljas f\u00f6r att f\u00f6rhindra olyckor. Av milj\u00f6h\u00e4nsyn m\u00e5ste anv\u00e4ndningen av hydrauloljan f\u00f6lja lokala milj\u00f6f\u00f6reskrifter.<\/p>\n<h2>Diagnos och fels\u00f6kning<\/h2>\n<p>Vid fel eller funktionsfel p\u00e5 skopcylindern \u00e4r korrekt diagnos och fels\u00f6kning n\u00f6dv\u00e4ndig f\u00f6r att identifiera orsaken till problemet. Artikeln ger tips och l\u00f6sningar f\u00f6r fels\u00f6kning och diagnostisering av problem, samt f\u00f6rebyggande \u00e5tg\u00e4rder f\u00f6r att minimera potentiella problem.<\/p>\n<p><img decoding=\"async\" src=\"https:\/\/www.hydraulic-cylinders.net\/wp-content\/uploads\/2025\/01\/songte-bushings-with-all-kinds-of-excavator-models.webp\" alt=\"Skopscylinder f\u00f6r Dasin DS60-7\"><\/p>\n<h2>Om v\u00e5rt f\u00f6retag<\/h2>\n<p>Vi \u00e4r en tillverkare av hydraulcylindrar f\u00f6r ers\u00e4ttning med ett brett produktsortiment och \u00e4r en av de ledande tillverkarna och grossistdistribut\u00f6rerna av hydraulcylindrar p\u00e5 den inhemska och internationella marknaden. Vi f\u00f6ljer principerna om utm\u00e4rkt kvalitet, f\u00f6rlitar oss p\u00e5 industrialiserade produktionsstrategier i noggrant utformade tillverkningsverkst\u00e4der, forts\u00e4tter att f\u00f6rb\u00e4ttra verkstadens tillverkningsplattform, f\u00f6rb\u00e4ttrar kvaliteten p\u00e5 produktproduktionslinjen och har en stark kreativ f\u00f6rm\u00e5ga. Med principerna om effektivitet, precision och kvalitet m\u00f6ter vi v\u00e5ra kunders olika behov. Vi erbjuder professionella, internationellt certifierade, kundanpassade tj\u00e4nster, produktionsutrustning och eftermarknadsservice.<\/p>\n<p><img decoding=\"async\" src=\"https:\/\/hzpt.com\/wp-content\/uploads\/2024\/11\/songte-company-1.webp\" alt=\"Skopscylinder f\u00f6r Dasin DS60-7\"><\/p>\n<p>F\u00f6rfattare: lyl<\/p>","protected":false},"excerpt":{"rendered":"<p>Bucket Cylinder For Dasin DS60-7 Introduction A bucket cylinder is a specially designed hydraulic cylinder used primarily to control the movement of buckets in heavy machinery such as excavators, backhoe excavators, and front loaders. Its main function is to enable the bucket to lift, lower, and tilt, making it easier for various materials handling tasks. [&hellip;]<\/p>","protected":false},"featured_media":14787,"comment_status":"open","ping_status":"closed","template":"","meta":{"_et_pb_use_builder":"","_et_pb_old_content":"","_et_gb_content_width":""},"product_brand":[],"product_cat":[1494],"product_tag":[1495,1496],"class_list":{"0":"post-15974","1":"product","2":"type-product","3":"status-publish","4":"has-post-thumbnail","6":"product_cat-bucket-cylinders","7":"product_tag-bucket-cylinders","8":"product_tag-hydraulic-cylinders","10":"first","11":"instock","12":"shipping-taxable","13":"product-type-simple"},"amp_enabled":true,"_links":{"self":[{"href":"https:\/\/www.hydraulic-cylinders.net\/sv\/wp-json\/wp\/v2\/product\/15974","targetHints":{"allow":["GET"]}}],"collection":[{"href":"https:\/\/www.hydraulic-cylinders.net\/sv\/wp-json\/wp\/v2\/product"}],"about":[{"href":"https:\/\/www.hydraulic-cylinders.net\/sv\/wp-json\/wp\/v2\/types\/product"}],"replies":[{"embeddable":true,"href":"https:\/\/www.hydraulic-cylinders.net\/sv\/wp-json\/wp\/v2\/comments?post=15974"}],"wp:featuredmedia":[{"embeddable":true,"href":"https:\/\/www.hydraulic-cylinders.net\/sv\/wp-json\/wp\/v2\/media\/14787"}],"wp:attachment":[{"href":"https:\/\/www.hydraulic-cylinders.net\/sv\/wp-json\/wp\/v2\/media?parent=15974"}],"wp:term":[{"taxonomy":"product_brand","embeddable":true,"href":"https:\/\/www.hydraulic-cylinders.net\/sv\/wp-json\/wp\/v2\/product_brand?post=15974"},{"taxonomy":"product_cat","embeddable":true,"href":"https:\/\/www.hydraulic-cylinders.net\/sv\/wp-json\/wp\/v2\/product_cat?post=15974"},{"taxonomy":"product_tag","embeddable":true,"href":"https:\/\/www.hydraulic-cylinders.net\/sv\/wp-json\/wp\/v2\/product_tag?post=15974"}],"curies":[{"name":"wp","href":"https:\/\/api.w.org\/{rel}","templated":true}]}}