{"id":15979,"date":"2025-01-19T15:14:40","date_gmt":"2025-01-19T15:14:40","guid":{"rendered":"https:\/\/www.hydraulic-cylinders.net\/product\/bucket-cylinder-for-sinomach-zg3335lc-9c\/"},"modified":"2025-01-19T15:14:42","modified_gmt":"2025-01-19T15:14:42","slug":"bucket-cylinder-for-sinomach-zg3335lc-9c","status":"publish","type":"product","link":"https:\/\/www.hydraulic-cylinders.net\/sv\/produkt\/bucket-cylinder-for-sinomach-zg3335lc-9c\/","title":{"rendered":"Skopscylinder f\u00f6r Sinomach ZG3335LC-9C"},"content":{"rendered":"<h1>Skopscylinder f\u00f6r Sinomach ZG3335LC-9C<\/h1>\n<h2>Introduktion<\/h2>\n<p>The bucket cylinder, also known as the boom cylinder, is a specially designed hydraulic cylinder primarily used to control the movement of buckets in heavy machinery such as excavators, backhoes, and front-end loaders. Its main function is to enable the bucket to lift, lower, and tilt, making it easier to handle various material handling tasks. In the hydraulic system, the bucket cylinder controls the bucket&#8217;s precise movement through changes in hydraulic oil pressure, allowing operators to efficiently handle heavy loads, adapt to complex work environments, and diverse job requirements.<\/p>\n<p><img decoding=\"async\" src=\"https:\/\/www.hydraulic-cylinders.net\/wp-content\/uploads\/2025\/01\/songte-company-2.webp\" alt=\"bild av skopcylinder\"><\/p>\n<h2>Drag<\/h2>\n<ul>\n<li>H\u00f6g h\u00e5llfasthet och h\u00e5llbarhet: Vanligtvis tillverkad av h\u00f6gh\u00e5llfast st\u00e5l eller aluminium, t\u00e5l h\u00f6gt tryck och tunga belastningar, anpassar sig till tuffa arbetsmilj\u00f6er, utformad med h\u00e4nsyn till slitstyrka och korrosionsbest\u00e4ndighet, vilket f\u00f6rl\u00e4nger livsl\u00e4ngden.<\/li>\n<li>Effektiv hydraulisk drift: Anv\u00e4nder hydrauloljetryck f\u00f6r att uppn\u00e5 en j\u00e4mn teleskopisk r\u00f6relse, kan reagera snabbt p\u00e5 kontrollkommandon och ger kraftfull tryck- och dragkraft, l\u00e4mplig f\u00f6r hantering av tunga laster och komplexa arbetsuppgifter.<\/li>\n<li>Flera typer: Finns som enkelverkande (hydrauliska cylindrar anv\u00e4nds endast i en riktning) eller dubbelverkande (hydrauliska cylindrar anv\u00e4nds i b\u00e5da riktningarna) efter behov f\u00f6r att m\u00f6ta olika driftskrav. Vissa modeller \u00e4r teleskopiska, vilket m\u00f6jligg\u00f6r st\u00f6rre utbyggnad utan att \u00f6ka de yttersta m\u00e5tten, l\u00e4mpliga f\u00f6r applikationer med begr\u00e4nsat utrymme.<\/li>\n<li>Utbytbar med andra hydraulcylindrar: V\u00e5ra produkter kan perfekt ers\u00e4tta dessa hydraulcylindrar.<\/li>\n<li>Anpassningsbar: Vi kan anpassa produkten efter kundens behov.<\/li>\n<\/ul>\n<p><img decoding=\"async\" src=\"https:\/\/www.hydraulic-cylinders.net\/wp-content\/uploads\/2025\/01\/songte-cylinder-head-with-all-kinds-excavator-models.webp\" alt=\"bild av skopcylinder\"><\/p>\n<h2>Applikationer<\/h2>\n<p>Skopscylindern anv\u00e4nds ofta i olika tunga maskiner och utrustningar s\u00e5som:<\/p>\n<ul>\n<li>Byggmaskiner: I gr\u00e4vmaskiner \u00e4r de avg\u00f6rande f\u00f6r att gr\u00e4va, lasta och flytta jord eller skr\u00e4p. I gr\u00e4vmaskiner hj\u00e4lper skopcylindern till med b\u00e5de gr\u00e4vning och lyftning. <\/li>\n<li>Jordbruksmaskiner: Anv\u00e4nds i frontlastare f\u00f6r att \u00f6sa, lyfta och transportera jord, h\u00f6 och andra material. <\/li>\n<li>Gr\u00e4vmaskiner: Skopans cylinder uppn\u00e5r gr\u00e4vningsverkan genom att l\u00e5ta skopan tr\u00e4nga ner i jorden. <\/li>\n<li>Lastare: I frontlastare hj\u00e4lper de till att lyfta och dumpa gods effektivt.<\/li>\n<\/ul>\n<h2>Design\u00f6verv\u00e4ganden och urvalskriterier<\/h2>\n<p>From a design consideration, the bucket cylinder&#8217;s critical factors are load-bearing capacity, sealing, durability, safety, and maintainability. <\/p>\n<h3>B\u00e4rf\u00f6rm\u00e5ga:<\/h3>\n<p>Cylinderns b\u00e4rf\u00f6rm\u00e5ga b\u00f6r v\u00e4ljas baserat p\u00e5 den maximala belastning den kommer att uts\u00e4ttas f\u00f6r under drift.<\/p>\n<h3>T\u00e4tning:<\/h3>\n<p>The cylinder&#8217;s sealing system should prevent the entry of dust, dirt, and other foreign materials into the cylinder and ensure a reliable seal to prevent leaks.<\/p>\n<h3>Varaktighet:<\/h3>\n<p>Cylindern b\u00f6r vara tillverkad av h\u00f6gkvalitativa material f\u00f6r att motst\u00e5 slitage och korrosion, och dess yta b\u00f6r behandlas f\u00f6r att motst\u00e5 yttre slitage.<\/p>\n<h3>S\u00e4kerhet:<\/h3>\n<p>Cylindern b\u00f6r vara konstruerad med s\u00e4kerhetsfunktioner som \u00f6vertrycksventiler f\u00f6r att f\u00f6rhindra skador p\u00e5 utrustningen om cylindern \u00f6verbelastas.<\/p>\n<h3>Underh\u00e5llbarhet:<\/h3>\n<p>Cylindern ska vara l\u00e4tt att underh\u00e5lla, med l\u00e4tt\u00e5tkomliga t\u00e4tningar och utbytbara delar, och konstruerad f\u00f6r enkel reparation.<\/p>\n<p><img decoding=\"async\" src=\"https:\/\/www.hydraulic-cylinders.net\/wp-content\/uploads\/2025\/01\/songte-oil-pipes-and-spare-parts.webp\" alt=\"bild av skopcylinder\"><\/p>\n<h2>T\u00e4tning och sm\u00f6rjning<\/h2>\n<p>Cylindern anv\u00e4nder olika t\u00e4tningskomponenter s\u00e5som kolvt\u00e4tningar, kolvst\u00e5ngst\u00e4tningar etc. Dessa t\u00e4tningar \u00e4r tillverkade av slitstarka material som polyuretan och nitrilgummi. Cylinderhuset och g\u00e4ngans \u00e4ndyta \u00e4r fint behandlade f\u00f6r att f\u00f6rb\u00e4ttra slitstyrkan. Det \u00e4r viktigt att regelbundet tills\u00e4tta l\u00e4mplig hydraulolja f\u00f6r sm\u00f6rjning.<\/p>\n<h2>F\u00f6rebyggande underh\u00e5ll och inspektion<\/h2>\n<p>Regelbunden inspektion och f\u00f6rebyggande underh\u00e5ll kan bidra till att f\u00f6rl\u00e4nga skopcylinderns livsl\u00e4ngd. Vanliga underh\u00e5llsuppgifter inkluderar:<\/p>\n<ul>\n<li>Regelbundna kontroller<\/li>\n<li>Periodisk sm\u00f6rjning<\/li>\n<li>Byte av t\u00e4tningar och packningar<\/li>\n<li>Kalibreringskontroller<\/li>\n<\/ul>\n<p>Korrekt installation, sm\u00f6rjning och justering av skopcylindern \u00e4r avg\u00f6rande f\u00f6r dess prestanda. Under installationsprocessen \u00e4r det viktigt att rikta in cylindern korrekt. Det rekommenderas att anv\u00e4nda l\u00e4mpliga monteringsf\u00e4sten f\u00f6r att s\u00e4kra cylindern. Rekommenderade inspektions-, reparations- och utbytesprocedurer kan f\u00f6rl\u00e4nga skopcylinderns livsl\u00e4ngd.<\/p>\n<p><img decoding=\"async\" src=\"https:\/\/www.hydraulic-cylinders.net\/wp-content\/uploads\/2025\/01\/songte-chushion-collar.webp\" alt=\"bild av skopcylinder\"><\/p>\n<h2>S\u00e4kerhetsaspekter och milj\u00f6faktorer<\/h2>\n<p>When using the bucket cylinder, it is important to follow safety measures to prevent accidents. Any damage to the cylinder&#8217;s sealing system may cause hydraulic oil leakage, which could be detrimental to the environment and human health. <\/p>\n<h2>Feldiagnos och vanliga problem<\/h2>\n<p>Vanliga problem med skopcylindern inkluderar l\u00e4ckor, skador eller b\u00f6jningar av st\u00e5ngen och problem med uppriktningen. Korrekt inspektion och underh\u00e5ll kan hj\u00e4lpa till att uppt\u00e4cka och l\u00f6sa dessa problem. <\/p>\n<h2>F\u00f6retagsintroduktion<\/h2>\n<p>We are a leading manufacturer and wholesaler of hydraulic cylinders in the domestic and international markets, specializing in replacing hydraulic cylinders. We follow excellent quality control, rely on industrialized production management strategies for fine manufacturing workshops, and continuously improve our manufacturing platform through the use of technology talent, digital high-end manufacturing equipment, and professional testing systems. We have strong creative abilities and strive to meet customers&#8217; diverse needs through principles of high efficiency, high precision, and high quality.<\/p>\n<p>We offer professional, international certification, customized services, production equipment, and after-sales services according to our customers&#8217; needs. <\/p>\n<p><img decoding=\"async\" src=\"https:\/\/hzpt.com\/wp-content\/uploads\/2024\/11\/songte-company-1.webp\" alt=\"bild av skopcylinder\"><\/p>\n<p>F\u00f6rfattare: lyl<\/p>","protected":false},"excerpt":{"rendered":"<p>Bucket Cylinder For Sinomach ZG3335LC-9C Introduction The bucket cylinder, also known as the boom cylinder, is a specially designed hydraulic cylinder primarily used to control the movement of buckets in heavy machinery such as excavators, backhoes, and front-end loaders. Its main function is to enable the bucket to lift, lower, and tilt, making it easier [&hellip;]<\/p>","protected":false},"featured_media":14778,"comment_status":"open","ping_status":"closed","template":"","meta":{"_et_pb_use_builder":"","_et_pb_old_content":"","_et_gb_content_width":""},"product_brand":[],"product_cat":[1494],"product_tag":[1495,1496],"class_list":{"0":"post-15979","1":"product","2":"type-product","3":"status-publish","4":"has-post-thumbnail","6":"product_cat-bucket-cylinders","7":"product_tag-bucket-cylinders","8":"product_tag-hydraulic-cylinders","10":"first","11":"instock","12":"shipping-taxable","13":"product-type-simple"},"amp_enabled":true,"_links":{"self":[{"href":"https:\/\/www.hydraulic-cylinders.net\/sv\/wp-json\/wp\/v2\/product\/15979","targetHints":{"allow":["GET"]}}],"collection":[{"href":"https:\/\/www.hydraulic-cylinders.net\/sv\/wp-json\/wp\/v2\/product"}],"about":[{"href":"https:\/\/www.hydraulic-cylinders.net\/sv\/wp-json\/wp\/v2\/types\/product"}],"replies":[{"embeddable":true,"href":"https:\/\/www.hydraulic-cylinders.net\/sv\/wp-json\/wp\/v2\/comments?post=15979"}],"wp:featuredmedia":[{"embeddable":true,"href":"https:\/\/www.hydraulic-cylinders.net\/sv\/wp-json\/wp\/v2\/media\/14778"}],"wp:attachment":[{"href":"https:\/\/www.hydraulic-cylinders.net\/sv\/wp-json\/wp\/v2\/media?parent=15979"}],"wp:term":[{"taxonomy":"product_brand","embeddable":true,"href":"https:\/\/www.hydraulic-cylinders.net\/sv\/wp-json\/wp\/v2\/product_brand?post=15979"},{"taxonomy":"product_cat","embeddable":true,"href":"https:\/\/www.hydraulic-cylinders.net\/sv\/wp-json\/wp\/v2\/product_cat?post=15979"},{"taxonomy":"product_tag","embeddable":true,"href":"https:\/\/www.hydraulic-cylinders.net\/sv\/wp-json\/wp\/v2\/product_tag?post=15979"}],"curies":[{"name":"wp","href":"https:\/\/api.w.org\/{rel}","templated":true}]}}