{"id":15982,"date":"2025-01-19T15:14:52","date_gmt":"2025-01-19T15:14:52","guid":{"rendered":"https:\/\/www.hydraulic-cylinders.net\/product\/bucket-cylinder-for-sinomach-zg3235-9c\/"},"modified":"2025-01-19T15:14:54","modified_gmt":"2025-01-19T15:14:54","slug":"bucket-cylinder-for-sinomach-zg3235-9c","status":"publish","type":"product","link":"https:\/\/www.hydraulic-cylinders.net\/sv\/produkt\/bucket-cylinder-for-sinomach-zg3235-9c\/","title":{"rendered":"Skopscylinder f\u00f6r Sinomach ZG3235-9C"},"content":{"rendered":"<h1>Skopscylinder f\u00f6r Sinomach ZG3235-9C<\/h1>\n<p><img decoding=\"async\" src=\"https:\/\/www.hydraulic-cylinders.net\/wp-content\/uploads\/2025\/01\/songte-company-2.webp\" alt=\"Skopscylinder f\u00f6r Sinomach ZG3235-9C\"><\/p>\n<h2>Introduktion<\/h2>\n<p>Skopcylindern \u00e4r en specialdesignad hydraulcylinder som anv\u00e4nds f\u00f6r att styra skopans r\u00f6relse i tunga maskiner som gr\u00e4vmaskiner, gr\u00e4vlastare och frontlastare. Dess huvudsakliga funktion \u00e4r att m\u00f6jligg\u00f6ra lyftning, s\u00e4nkning och lutning av skopan, vilket underl\u00e4ttar olika materialhanteringsuppgifter. I hydraulsystemet uppn\u00e5r skopcylindern exakt kontroll \u00f6ver skopan genom tryckf\u00f6r\u00e4ndringar i hydrauloljan, vilket g\u00f6r det m\u00f6jligt f\u00f6r operat\u00f6rer att effektivt hantera tunga laster och anpassa sig till komplexa arbetsmilj\u00f6er och olika arbetskrav.<\/p>\n<h2>Drag<\/h2>\n<ul>\n<li>H\u00f6g h\u00e5llfasthet och h\u00e5llbarhet: Skopscylindern \u00e4r vanligtvis tillverkad av h\u00f6gh\u00e5llfast st\u00e5l eller aluminium och t\u00e5l h\u00f6gt tryck och tunga belastningar, vilket g\u00f6r den l\u00e4mplig f\u00f6r tuffa arbetsf\u00f6rh\u00e5llanden. Dess design tar h\u00e4nsyn till slitstyrka och korrosionsbest\u00e4ndighet, vilket f\u00f6rl\u00e4nger dess livsl\u00e4ngd.<\/li>\n<li>Effektiv hydraulisk drift: Genom att utnyttja hydrauloljans tryck uppn\u00e5r skopcylindern smidiga ut- och inf\u00e4llningsr\u00f6relser, vilket m\u00f6jligg\u00f6r snabb respons p\u00e5 styrkommandon och ger kraftfulla tryck- och dragkrafter, l\u00e4mpliga f\u00f6r hantering av tunga laster och komplexa arbetsuppgifter.<\/li>\n<li>Olika typer: Skopscylindern kan v\u00e4ljas som enkelverkande (hydraultryck anv\u00e4nds endast i en riktning) eller dubbelverkande (hydraultryck anv\u00e4nds i b\u00e5da riktningarna) baserat p\u00e5 specifika driftsbehov. Vissa modeller \u00e4r teleskopiska, vilket m\u00f6jligg\u00f6r st\u00f6rre utdrag utan att \u00f6ka de yttre m\u00e5tten, l\u00e4mpliga f\u00f6r applikationer med begr\u00e4nsat utrymme.<\/li>\n<li>Ers\u00e4ttning f\u00f6r hydraulcylindrar: V\u00e5ra produkter kan perfekt ers\u00e4tta dessa hydraulcylindrar. <img decoding=\"async\" src=\"https:\/\/www.hydraulic-cylinders.net\/wp-content\/uploads\/2025\/01\/songte-cylinder-head-with-all-kinds-excavator-models.webp\" alt=\"Byte av skopcylinder\"><\/li>\n<\/ul>\n<h2>Applikationer<\/h2>\n<p>Skopscylindern anv\u00e4nds i olika typer av utrustning:<\/p>\n<ol>\n<li>Byggmaskiner: De finns i gr\u00e4vmaskiner och \u00e4r avg\u00f6rande f\u00f6r att gr\u00e4va, lasta och flytta jord eller skr\u00e4p. I gr\u00e4vlastare hj\u00e4lper skopcylindern till vid b\u00e5de gr\u00e4vning och lyftning.<\/li>\n<li>Jordbruksmaskiner: Anv\u00e4nds i frontlastare och hj\u00e4lper till med att \u00f6sa, lyfta och transportera jord, h\u00f6 och andra material.<\/li>\n<li>Gr\u00e4vmaskiner: Skopans cylinder m\u00f6jligg\u00f6r gr\u00e4vning genom att l\u00e5ta skopan tr\u00e4nga ner i jorden.<\/li>\n<li>Lastare: I frontlastare bidrar de till effektiv lyftning och lossning av gods.<\/li>\n<\/ol>\n<h2>Design\u00f6verv\u00e4ganden och urvalskriterier<\/h2>\n<p>N\u00e4r det g\u00e4ller design\u00f6verv\u00e4ganden och urvalskriterier f\u00f6r skopcylindern m\u00e5ste flera viktiga faktorer diskuteras:<\/p>\n<ul>\n<li>B\u00e4rf\u00f6rm\u00e5ga: Skopans cylinder b\u00f6r vara konstruerad f\u00f6r att motst\u00e5 de f\u00f6rv\u00e4ntade belastningarna och krafterna som uppst\u00e5r under drift.<\/li>\n<li>T\u00e4tningsf\u00f6rm\u00e5ga: L\u00e4mpliga t\u00e4tningar, s\u00e5som kolvt\u00e4tningar och kolvst\u00e5ngst\u00e4tningar tillverkade av slitstarka material som polyuretan och nitrilgummi, b\u00f6r anv\u00e4ndas f\u00f6r att s\u00e4kerst\u00e4lla effektiv t\u00e4tning och f\u00f6rhindra l\u00e4ckage.<\/li>\n<li>H\u00e5llbarhet: Cylinderhuset och de g\u00e4ngade \u00e4ndarna b\u00f6r genomg\u00e5 finbearbetning f\u00f6r att f\u00f6rb\u00e4ttra slitstyrkan. Detta s\u00e4kerst\u00e4ller skopcylinderns l\u00e5nga livsl\u00e4ngd.<\/li>\n<li>S\u00e4kerhet: S\u00e4kerhetsfunktioner b\u00f6r inf\u00f6rlivas i konstruktionen f\u00f6r att f\u00f6rhindra olyckor och s\u00e4kerst\u00e4lla operat\u00f6rsskydd.<\/li>\n<li>Underh\u00e5llbarhet: Enkel \u00e5tkomst f\u00f6r underh\u00e5ll och reparation \u00e4r en avg\u00f6rande faktor f\u00f6r att minimera driftstopp och f\u00f6rl\u00e4nga skopcylinderns livsl\u00e4ngd. <img decoding=\"async\" src=\"https:\/\/www.hydraulic-cylinders.net\/wp-content\/uploads\/2025\/01\/songte-oil-pipes-and-spare-parts.webp\" alt=\"Komponenter f\u00f6r skopcylinder\"><\/li>\n<\/ul>\n<h2>T\u00e4tning och sm\u00f6rjning<\/h2>\n<p>Skopscylindern anv\u00e4nder olika t\u00e4tningar, s\u00e5som kolvt\u00e4tningar och kolvst\u00e5ngst\u00e4tningar, tillverkade av slitstarka material som polyuretan och nitrilgummi. Cylinderhuset och de g\u00e4ngade \u00e4ndarna genomg\u00e5r finbearbetning f\u00f6r att f\u00f6rb\u00e4ttra slitstyrkan. Regelbunden sm\u00f6rjning med l\u00e4mplig m\u00e4ngd hydraulolja \u00e4r n\u00f6dv\u00e4ndig f\u00f6r att s\u00e4kerst\u00e4lla smidig drift och f\u00f6rhindra slitage.<\/p>\n<h2>Regelbunden inspektion och f\u00f6rebyggande underh\u00e5ll<\/h2>\n<ul>\n<li>Kontrollera regelbundet skopcylindern f\u00f6r tecken p\u00e5 skador eller l\u00e4ckor.<\/li>\n<li>S\u00e4kerst\u00e4ll korrekt sm\u00f6rjning av alla r\u00f6rliga delar.<\/li>\n<li>Byt regelbundet ut slitna packningar f\u00f6r att bibeh\u00e5lla korrekt t\u00e4tning.<\/li>\n<li>Utf\u00f6r kalibreringskontroller f\u00f6r att s\u00e4kerst\u00e4lla att cylinderns prestanda uppfyller de \u00f6nskade specifikationerna.<\/li>\n<\/ul>\n<h2>Korrekt installationsguide<\/h2>\n<p>F\u00f6lj dessa steg f\u00f6r korrekt installation av skopcylindern:<\/p>\n<ol>\n<li>Se till att cylindern \u00e4r korrekt justerad under installationen.<\/li>\n<li>Anv\u00e4nd l\u00e4mpliga monteringsf\u00e4sten f\u00f6r att montera cylindern s\u00e4kert.<\/li>\n<\/ol>\n<h2>Underh\u00e5llsuppgifter<\/h2>\n<p>Vanliga underh\u00e5llsuppgifter f\u00f6r skopcylindern inkluderar:<\/p>\n<ol>\n<li>Regelbundna inspektioner<\/li>\n<li>Korrekt sm\u00f6rjning<\/li>\n<li>T\u00e4tningsbyten<\/li>\n<li>Kalibreringskontroller<\/li>\n<\/ol>\n<h2>S\u00e4kerhetsaspekter och milj\u00f6faktorer<\/h2>\n<p>Vid anv\u00e4ndning av skopcylindern \u00e4r det viktigt att prioritera s\u00e4kerhets\u00e5tg\u00e4rder f\u00f6r att f\u00f6rhindra olyckor eller skador. Dessutom b\u00f6r milj\u00f6faktorer beaktas f\u00f6r att s\u00e4kerst\u00e4lla ansvarsfull och h\u00e5llbar drift.<\/p>\n<h2>Fels\u00f6kning och vanliga problem<\/h2>\n<p>N\u00e4r du st\u00f6ter p\u00e5 problem med skopcylindern, t\u00e4nk p\u00e5 f\u00f6ljande:<\/p>\n<ul>\n<li>Kontrollera om det finns synliga skador eller l\u00e4ckor.<\/li>\n<li>Kontrollera hydraulv\u00e4tskeniv\u00e5erna och kvaliteten.<\/li>\n<li>Kontrollera korrekt inriktning och installation.<\/li>\n<\/ul>\n<h2>Slutsats<\/h2>\n<p><img decoding=\"async\" src=\"https:\/\/hzpt.com\/wp-content\/uploads\/2024\/11\/songte-company-1.webp\" alt=\"Tillverkare av skopcylinder\"><\/p>\n<p>Sammanfattningsvis \u00e4r vi en ledande tillverkare och grossistdistribut\u00f6r av hydraulcylindrar p\u00e5 den inhemska och internationella marknaden. Med fokus p\u00e5 utm\u00e4rkt kvalitet och genom att anv\u00e4nda avancerade tillverkningsanl\u00e4ggningar och professionella testsystem f\u00f6rb\u00e4ttrar vi kontinuerligt v\u00e5r tillverkningsplattform och s\u00e4kerst\u00e4ller produktion av h\u00f6geffektiva, precisions- och kvalitetsprodukter. Vi erbjuder professionalism, internationella certifieringar, kundanpassade tj\u00e4nster, toppmodern produktionsutrustning och omfattande eftermarknadsservice. <img decoding=\"async\" src=\"https:\/\/www.hydraulic-cylinders.net\/wp-content\/uploads\/2025\/01\/songte-company-3.webp\" alt=\"F\u00f6retagsintroduktion\"><\/p>\n<p>F\u00f6rfattare: lyl<\/p>","protected":false},"excerpt":{"rendered":"<p>Bucket Cylinder For Sinomach ZG3235-9C Introduction The bucket cylinder is a specially designed hydraulic cylinder used to control the movement of the bucket in heavy machinery such as excavators, backhoe loaders, and front-end loaders. Its main function is to enable the lifting, lowering, and tilting of the bucket, making it easier for various material handling [&hellip;]<\/p>","protected":false},"featured_media":14771,"comment_status":"open","ping_status":"closed","template":"","meta":{"_et_pb_use_builder":"","_et_pb_old_content":"","_et_gb_content_width":""},"product_brand":[],"product_cat":[1494],"product_tag":[1495,1496],"class_list":{"0":"post-15982","1":"product","2":"type-product","3":"status-publish","4":"has-post-thumbnail","6":"product_cat-bucket-cylinders","7":"product_tag-bucket-cylinders","8":"product_tag-hydraulic-cylinders","10":"first","11":"instock","12":"shipping-taxable","13":"product-type-simple"},"amp_enabled":true,"_links":{"self":[{"href":"https:\/\/www.hydraulic-cylinders.net\/sv\/wp-json\/wp\/v2\/product\/15982","targetHints":{"allow":["GET"]}}],"collection":[{"href":"https:\/\/www.hydraulic-cylinders.net\/sv\/wp-json\/wp\/v2\/product"}],"about":[{"href":"https:\/\/www.hydraulic-cylinders.net\/sv\/wp-json\/wp\/v2\/types\/product"}],"replies":[{"embeddable":true,"href":"https:\/\/www.hydraulic-cylinders.net\/sv\/wp-json\/wp\/v2\/comments?post=15982"}],"wp:featuredmedia":[{"embeddable":true,"href":"https:\/\/www.hydraulic-cylinders.net\/sv\/wp-json\/wp\/v2\/media\/14771"}],"wp:attachment":[{"href":"https:\/\/www.hydraulic-cylinders.net\/sv\/wp-json\/wp\/v2\/media?parent=15982"}],"wp:term":[{"taxonomy":"product_brand","embeddable":true,"href":"https:\/\/www.hydraulic-cylinders.net\/sv\/wp-json\/wp\/v2\/product_brand?post=15982"},{"taxonomy":"product_cat","embeddable":true,"href":"https:\/\/www.hydraulic-cylinders.net\/sv\/wp-json\/wp\/v2\/product_cat?post=15982"},{"taxonomy":"product_tag","embeddable":true,"href":"https:\/\/www.hydraulic-cylinders.net\/sv\/wp-json\/wp\/v2\/product_tag?post=15982"}],"curies":[{"name":"wp","href":"https:\/\/api.w.org\/{rel}","templated":true}]}}