{"id":15991,"date":"2025-01-19T15:15:39","date_gmt":"2025-01-19T15:15:39","guid":{"rendered":"https:\/\/www.hydraulic-cylinders.net\/product\/bucket-cylinder-for-hengte-wheel-excavator-htl106\/"},"modified":"2025-01-19T15:15:41","modified_gmt":"2025-01-19T15:15:41","slug":"bucket-cylinder-for-hengte-wheel-excavator-htl106","status":"publish","type":"product","link":"https:\/\/www.hydraulic-cylinders.net\/sv\/produkt\/bucket-cylinder-for-hengte-wheel-excavator-htl106\/","title":{"rendered":"Skopscylinder f\u00f6r Hengte hjulgr\u00e4vmaskin HTL106"},"content":{"rendered":"<h1>Skopscylinder f\u00f6r Hengte hjulgr\u00e4vmaskin HTL106<\/h1>\n<h2>Introduktion<\/h2>\n<p>A bucket cylinder is a specially designed hydraulic cylinder used to control the movement of buckets in heavy machinery such as excavators, backhoe excavators, and front-end loaders. Its main function is to enable the bucket to lift, lower, and tilt, facilitating the handling of various materials. In the hydraulic system, the bucket cylinder achieves precise control of the bucket&#8217;s movement through the pressure changes of hydraulic oil, making it possible for the operator to handle heavy loads efficiently, adapt to complex working environments, and diverse job requirements.<\/p>\n<p><img decoding=\"async\" src=\"https:\/\/www.hydraulic-cylinders.net\/wp-content\/uploads\/2025\/01\/songte-company-2.webp\"><\/p>\n<h2>Drag<\/h2>\n<ul>\n<li>H\u00f6g h\u00e5llfasthet och h\u00e5llbarhet: Den \u00e4r vanligtvis tillverkad av h\u00f6gh\u00e5llfast st\u00e5l eller aluminium, t\u00e5l h\u00f6gt tryck och tunga belastningar, anpassar sig till tuffa arbetsmilj\u00f6er och \u00e4r konstruerad med slitstyrka och korrosionsbest\u00e4ndighet i \u00e5tanke, vilket f\u00f6rl\u00e4nger dess livsl\u00e4ngd.<\/li>\n<li>Effektiv hydraulisk drift: Smidiga ut- och indragningsr\u00f6relser uppn\u00e5s med hj\u00e4lp av hydrauloljans tryck, vilket m\u00f6jligg\u00f6r snabb respons p\u00e5 styrkommandon och ger kraftfulla drag- och tryckkrafter, l\u00e4mpliga f\u00f6r hantering av tunga laster och komplexa arbetsuppgifter.<\/li>\n<li>Olika typer: Enkelverkande (hydrauliska cylindrar anv\u00e4nds endast i en riktning) eller dubbelverkande (hydrauliska cylindrar anv\u00e4nds i b\u00e5da riktningarna) cylindrar kan v\u00e4ljas efter behov f\u00f6r att m\u00f6ta olika driftskrav. Vissa modeller \u00e4r teleskopiska, vilket m\u00f6jligg\u00f6r st\u00f6rre expansion utan att \u00f6ka de yttre m\u00e5tten, l\u00e4mpliga f\u00f6r utrymmesbegr\u00e4nsade till\u00e4mpningar.<\/li>\n<li>Utbytbar: V\u00e5r produkt ers\u00e4tter perfekt dessa hydraulcylindrar.<\/li>\n<\/ul>\n<p><img decoding=\"async\" src=\"https:\/\/www.hydraulic-cylinders.net\/wp-content\/uploads\/2025\/01\/songte-cylinder-head-with-all-kinds-excavator-models.webp\"><\/p>\n<h2>Applikationer<\/h2>\n<p>Skopscylindrar har betydande anv\u00e4ndning inom olika industrier, av vilka n\u00e5gra diskuteras nedan:<\/p>\n<h3>Byggutrustning<\/h3>\n<p>Skopcylindrar spelar en avg\u00f6rande roll i gr\u00e4vmaskiner f\u00f6r att gr\u00e4va, lasta och flytta jord eller skr\u00e4p. I gr\u00e4vmaskiner med gr\u00e4vaggregat hj\u00e4lper skopcylindern till med b\u00e5de gr\u00e4vning och lyftning. I frontlastare hj\u00e4lper de till med att lyfta och tilta gods effektivt.<\/p>\n<h3>Jordbruksmaskiner<\/h3>\n<p>Skopcylindrar som anv\u00e4nds i frontlastare anv\u00e4nds f\u00f6r att \u00f6sa, lyfta och transportera jord, h\u00f6 och andra material.<\/p>\n<h3>Gr\u00e4vmaskiner<\/h3>\n<p>Skopcylindern g\u00f6r att skopan kan tr\u00e4nga ner i jorden, vilket m\u00f6jligg\u00f6r gr\u00e4vning.<\/p>\n<h3>Lastare<\/h3>\n<p>I frontlastare hj\u00e4lper de till med att lyfta och tilta gods.<\/p>\n<p><img decoding=\"async\" src=\"https:\/\/www.hydraulic-cylinders.net\/wp-content\/uploads\/2025\/01\/songte-bushings-with-all-kinds-of-excavator-models.webp\"><\/p>\n<h2>Design\u00f6verv\u00e4ganden och val<\/h2>\n<ul>\n<li>B\u00e4rf\u00f6rm\u00e5ga: Cylindern m\u00e5ste klara belastningen fr\u00e5n de material som ska hanteras under drift.<\/li>\n<li>T\u00e4tning: Olika t\u00e4tningskomponenter s\u00e5som kolvt\u00e4tningar, kolvst\u00e5ngst\u00e4tningar etc. anv\u00e4nds f\u00f6r att f\u00f6rhindra l\u00e4ckage av hydraulv\u00e4tska.<\/li>\n<li>H\u00e5llbarhet: Cylindern f\u00f6rv\u00e4ntas ha en f\u00f6rl\u00e4ngd livsl\u00e4ngd och klara tuffa arbetsf\u00f6rh\u00e5llanden.<\/li>\n<li>S\u00e4kerhet: S\u00e4kerhetsfunktioner som tryckavlastningsventiler, s\u00e4kerhetsl\u00e5s etc. \u00e4r integrerade f\u00f6r att garantera operat\u00f6rernas och utrustningens s\u00e4kerhet.<\/li>\n<li>Underh\u00e5ll: Cylindern \u00e4r konstruerad f\u00f6r att vara enkel att underh\u00e5lla och reparera.<\/li>\n<\/ul>\n<p><img decoding=\"async\" src=\"https:\/\/www.hydraulic-cylinders.net\/wp-content\/uploads\/2025\/01\/songte-oil-pipes-and-spare-parts.webp\"><\/p>\n<h2>T\u00e4tning och sm\u00f6rjning<\/h2>\n<p>Cylindern anv\u00e4nder olika t\u00e4tningskomponenter, s\u00e5som kolvt\u00e4tningar, st\u00e5ngt\u00e4tningar etc. T\u00e4tningskomponenterna \u00e4r tillverkade av material som \u00e4r slitstarka, s\u00e5som polyuretan, nitrilgummi etc. Cylinderhuset och g\u00e4ngans \u00e4ndyta genomg\u00e5r fin bearbetning f\u00f6r att f\u00f6rb\u00e4ttra slitstyrkan. Korrekt och regelbunden sm\u00f6rjning med hydraulolja \u00e4r n\u00f6dv\u00e4ndig f\u00f6r smidig drift.<\/p>\n<h2>F\u00f6rebyggande underh\u00e5ll<\/h2>\n<p>Regelbundna kontroller och f\u00f6rebyggande underh\u00e5ll \u00e4r avg\u00f6rande f\u00f6r smidig drift. N\u00e5gra vanliga underh\u00e5llsuppgifter \u00e4r:<\/p>\n<ul>\n<li>Regelbunden inspektion<\/li>\n<li>Korrekt sm\u00f6rjning<\/li>\n<li>Byte av t\u00e4tning<\/li>\n<li>Kalibreringskontroll<\/li>\n<\/ul>\n<h2>S\u00e4kerhetsaspekter och milj\u00f6faktorer<\/h2>\n<p>Det \u00e4r viktigt att f\u00f6lja s\u00e4kerhets\u00e5tg\u00e4rder n\u00e4r du anv\u00e4nder cylindern. Milj\u00f6faktorer som temperatur, luftfuktighet etc. kan p\u00e5verka cylinderns prestanda.<\/p>\n<h2>Feldiagnos och fels\u00f6kning<\/h2>\n<p>Cylindern kan st\u00f6ta p\u00e5 vanliga problem, s\u00e5som oljel\u00e4ckage, otillr\u00e4ckligt tryck etc. Korrekt diagnos och fels\u00f6kning \u00e4r n\u00f6dv\u00e4ndiga f\u00f6r att undvika driftstopp och f\u00f6rhindra ytterligare skador.<\/p>\n<h2>F\u00f6retagsintroduktion<\/h2>\n<p>Vi \u00e4r en tillverkare av hydraulcylindrar som kan ers\u00e4tta originalcylindrar. V\u00e5rt f\u00f6retag har ett komplett produktsortiment och har blivit en av de ledande tillverkarna och grossistdistribut\u00f6rerna av hydraulcylindrar p\u00e5 den inhemska och utl\u00e4ndska marknaden. Vi f\u00f6ljer principen om utm\u00e4rkt kvalitet och f\u00f6rlitar oss p\u00e5 den industriella produktionsledningsstrategin som en precisionstillverkningsverkstad erbjuder. V\u00e5rt f\u00f6retag f\u00f6rb\u00e4ttrar kontinuerligt verkstadens tillverkningsplattform, full\u00e4ndar produktens produktionskvalitet och har en stark kreativ f\u00f6rm\u00e5ga. Vi m\u00f6ter kundernas olika behov med principer f\u00f6r h\u00f6g effektivitet, h\u00f6g precision och h\u00f6g kvalitet.<\/p>\n<p><img decoding=\"async\" src=\"https:\/\/hzpt.com\/wp-content\/uploads\/2024\/11\/songte-company-1.webp\"><\/p>\n<h3>Professionalism<\/h3>\n<p>V\u00e5rt f\u00f6retag har professionell teknisk personal, avancerad digital tillverkningsutrustning och professionella inspektionssystem. Vi har ett team av experter med omfattande kunskap om hydraulcylindrar och erbjuder utm\u00e4rkta tj\u00e4nster till v\u00e5ra kunder.<\/p>\n<h3>Internationell certifiering<\/h3>\n<p>V\u00e5ra produkter \u00e4r certifierade av internationella certifieringsmyndigheter som ISO9001, SGS och CE, vilket garanterar kvalitet och tillf\u00f6rlitlighet.<\/p>\n<h3>Anpassningstj\u00e4nster<\/h3>\n<p>Vi erbjuder skr\u00e4ddarsydda tj\u00e4nster f\u00f6r att m\u00f6ta v\u00e5ra kunders specifika behov.<\/p>\n<h3>Produktionsutrustning<\/h3>\n<p>V\u00e5rt f\u00f6retag har avancerad produktionsutrustning som CNC-svarvar, slipmaskiner och fr\u00e4smaskiner, vilket s\u00e4kerst\u00e4ller h\u00f6g precision och kvalitet p\u00e5 produkterna.<\/p>\n<h3>Eftermarknadsservice<\/h3>\n<p>Vi erbjuder omfattande eftermarknadstj\u00e4nster s\u00e5som underh\u00e5ll, reparation och utbyte av delar, vilket s\u00e4kerst\u00e4ller att v\u00e5ra kunder f\u00e5r maximalt v\u00e4rde av v\u00e5ra produkter.<\/p>\n<h2>F\u00f6rfattare: lyl<\/h2>","protected":false},"excerpt":{"rendered":"<p>Bucket Cylinder For Hengte Wheel Excavator HTL106 Introduction A bucket cylinder is a specially designed hydraulic cylinder used to control the movement of buckets in heavy machinery such as excavators, backhoe excavators, and front-end loaders. Its main function is to enable the bucket to lift, lower, and tilt, facilitating the handling of various materials. In [&hellip;]<\/p>","protected":false},"featured_media":14784,"comment_status":"open","ping_status":"closed","template":"","meta":{"_et_pb_use_builder":"","_et_pb_old_content":"","_et_gb_content_width":""},"product_brand":[],"product_cat":[1494],"product_tag":[1495,1496],"class_list":{"0":"post-15991","1":"product","2":"type-product","3":"status-publish","4":"has-post-thumbnail","6":"product_cat-bucket-cylinders","7":"product_tag-bucket-cylinders","8":"product_tag-hydraulic-cylinders","10":"first","11":"instock","12":"shipping-taxable","13":"product-type-simple"},"amp_enabled":true,"_links":{"self":[{"href":"https:\/\/www.hydraulic-cylinders.net\/sv\/wp-json\/wp\/v2\/product\/15991","targetHints":{"allow":["GET"]}}],"collection":[{"href":"https:\/\/www.hydraulic-cylinders.net\/sv\/wp-json\/wp\/v2\/product"}],"about":[{"href":"https:\/\/www.hydraulic-cylinders.net\/sv\/wp-json\/wp\/v2\/types\/product"}],"replies":[{"embeddable":true,"href":"https:\/\/www.hydraulic-cylinders.net\/sv\/wp-json\/wp\/v2\/comments?post=15991"}],"wp:featuredmedia":[{"embeddable":true,"href":"https:\/\/www.hydraulic-cylinders.net\/sv\/wp-json\/wp\/v2\/media\/14784"}],"wp:attachment":[{"href":"https:\/\/www.hydraulic-cylinders.net\/sv\/wp-json\/wp\/v2\/media?parent=15991"}],"wp:term":[{"taxonomy":"product_brand","embeddable":true,"href":"https:\/\/www.hydraulic-cylinders.net\/sv\/wp-json\/wp\/v2\/product_brand?post=15991"},{"taxonomy":"product_cat","embeddable":true,"href":"https:\/\/www.hydraulic-cylinders.net\/sv\/wp-json\/wp\/v2\/product_cat?post=15991"},{"taxonomy":"product_tag","embeddable":true,"href":"https:\/\/www.hydraulic-cylinders.net\/sv\/wp-json\/wp\/v2\/product_tag?post=15991"}],"curies":[{"name":"wp","href":"https:\/\/api.w.org\/{rel}","templated":true}]}}