{"id":15995,"date":"2025-01-19T15:16:04","date_gmt":"2025-01-19T15:16:04","guid":{"rendered":"https:\/\/www.hydraulic-cylinders.net\/product\/bucket-cylinder-for-yigong-cy8150\/"},"modified":"2025-01-19T15:16:06","modified_gmt":"2025-01-19T15:16:06","slug":"bucket-cylinder-for-yigong-cy8150","status":"publish","type":"product","link":"https:\/\/www.hydraulic-cylinders.net\/sv\/produkt\/bucket-cylinder-for-yigong-cy8150\/","title":{"rendered":"Skopscylinder f\u00f6r Yigong CY8150"},"content":{"rendered":"<h1>Skopscylinder f\u00f6r Yigong CY8150<\/h1>\n<h2>Introduktion<\/h2>\n<p>Skopcylindern \u00e4r en specialdesignad hydraulcylinder som huvudsakligen anv\u00e4nds f\u00f6r att styra r\u00f6relsen hos skopor i tunga maskiner, s\u00e5som gr\u00e4vmaskiner, gr\u00e4vlastare och frontlastare. Dess huvudsakliga funktion \u00e4r att g\u00f6ra det m\u00f6jligt f\u00f6r skopan att lyfta, s\u00e4nka och luta, vilket g\u00f6r det enklare att hantera olika materialhanteringsuppgifter. I hydraulsystemet uppn\u00e5r skopcylindern exakt kontroll \u00f6ver skopan genom f\u00f6r\u00e4ndringar i hydrauloljetrycket, vilket g\u00f6r det m\u00f6jligt f\u00f6r f\u00f6rare att hantera tunga laster effektivt och anpassa sig till komplexa arbetsmilj\u00f6er och olika arbetskrav.<\/p>\n<p><img decoding=\"async\" src=\"https:\/\/www.hydraulic-cylinders.net\/wp-content\/uploads\/2025\/01\/songte-company-2.webp\"\/><\/p>\n<h2>Drag<\/h2>\n<ul>\n<li>H\u00f6g h\u00e5llfasthet och h\u00e5llbarhet: vanligtvis tillverkad av h\u00f6gh\u00e5llfast st\u00e5l eller aluminium, t\u00e5l h\u00f6gt tryck och tunga belastningar, anpassar sig till tuffa arbetsmilj\u00f6er, utformad med slitstyrka och korrosionsbest\u00e4ndighet i \u00e5tanke, vilket f\u00f6rl\u00e4nger livsl\u00e4ngden.<\/li>\n<li>Effektiv hydraulisk drift: smidiga utskjutnings- och sammandragningsr\u00f6relser uppn\u00e5s genom att utnyttja hydrauloljetrycket, vilket ger snabb respons p\u00e5 styrkommandon och kraftfulla tryck- och dragkrafter, l\u00e4mplig f\u00f6r hantering av tunga laster och komplexa arbetsuppgifter.<\/li>\n<li>Olika typer: enkelverkande (hydrauliska i endast en riktning) eller dubbelverkande (hydrauliska i b\u00e5da riktningarna) cylindrar kan v\u00e4ljas efter driftsbehov. Vissa modeller \u00e4r teleskopiska, vilket m\u00f6jligg\u00f6r st\u00f6rre utdrag utan att \u00f6ka de yttre m\u00e5tten, l\u00e4mpliga f\u00f6r applikationer med begr\u00e4nsat utrymme.<\/li>\n<li>L\u00e4tt att producera: v\u00e5rt f\u00f6retag kan producera denna produkt perfekt och ers\u00e4tta dessa hydraulcylindrar.<\/li>\n<\/ul>\n<p><img decoding=\"async\" src=\"https:\/\/www.hydraulic-cylinders.net\/wp-content\/uploads\/2025\/01\/songte-cylinder-head-with-all-kinds-excavator-models.webp\"\/><\/p>\n<h2>Applikationer<\/h2>\n<p>Skopcylindern anv\u00e4nds ofta i olika utrustningar, inklusive:<\/p>\n<ul>\n<li>Byggmaskiner: I gr\u00e4vmaskiner \u00e4r de avg\u00f6rande f\u00f6r att gr\u00e4va, lasta och flytta jord eller skr\u00e4p. I gr\u00e4vlastare hj\u00e4lper skopcylindrar till med b\u00e5de gr\u00e4vning och lyftning. <\/li>\n<li>Jordbruksmaskiner: Anv\u00e4nds i frontlastare f\u00f6r att \u00f6sa, lyfta och transportera jord, h\u00f6 och andra material. <\/li>\n<li>Gr\u00e4vmaskiner: Skopscylindrar m\u00f6jligg\u00f6r gr\u00e4vning genom att l\u00e5ta skopan tr\u00e4nga ner i jorden.<\/li>\n<li>Frontlastare: I frontlastare hj\u00e4lper de till med att lyfta och luta last effektivt.<\/li>\n<\/ul>\n<p>Var och en av dessa applikationer kan dra stor nytta av anv\u00e4ndningen av skopcylindrar, vilket m\u00f6jligg\u00f6r effektiv och exakt kontroll av tunga laster.<\/p>\n<h2>Design- och urvalskriterier<\/h2>\n<p>Vid konstruktion av skopcylindrar beaktas flera faktorer, inklusive:<\/p>\n<ul>\n<li>B\u00e4rf\u00f6rm\u00e5ga: cylindern m\u00e5ste kunna b\u00e4ra vikten av den last den ska b\u00e4ra.<\/li>\n<li>T\u00e4tning: olika t\u00e4tningar anv\u00e4nds f\u00f6r att f\u00f6rhindra oljel\u00e4ckage och s\u00e4kerst\u00e4lla att cylindern fungerar smidigt och effektivt.<\/li>\n<li>H\u00e5llbarhet: cylindern m\u00e5ste kunna motst\u00e5 tuffa driftsf\u00f6rh\u00e5llanden och ha l\u00e5ng livsl\u00e4ngd.<\/li>\n<li>S\u00e4kerhet: cylinderns konstruktion m\u00e5ste s\u00e4kerst\u00e4lla s\u00e4ker drift och minimera risken f\u00f6r olyckor.<\/li>\n<li>Underh\u00e5ll: Cylinderns design ska m\u00f6jligg\u00f6ra enkelt och snabbt underh\u00e5ll och reparation.<\/li>\n<\/ul>\n<p>Valet av material och komponenter m\u00e5ste ocks\u00e5 uppfylla dessa standarder, och regelbundet underh\u00e5ll och inspektion \u00e4r n\u00f6dv\u00e4ndigt f\u00f6r att s\u00e4kerst\u00e4lla optimal prestanda och f\u00f6rl\u00e4nga livsl\u00e4ngden.<\/p>\n<p><img decoding=\"async\" src=\"https:\/\/www.hydraulic-cylinders.net\/wp-content\/uploads\/2025\/01\/songte-oil-pipes-and-spare-parts.webp\"\/><\/p>\n<h2>T\u00e4tning och sm\u00f6rjning<\/h2>\n<p>Olika t\u00e4tningskomponenter, s\u00e5som kolvt\u00e4tningar och kolvst\u00e5ngst\u00e4tningar, anv\u00e4nds f\u00f6r att f\u00f6rhindra oljel\u00e4ckage och s\u00e4kerst\u00e4lla smidig drift. Dessa t\u00e4tningar \u00e4r tillverkade av slitstarka material som polyuretan och nitrilgummi. Cylinderhuset och g\u00e4ng\u00e4nden \u00e4r fint bearbetade f\u00f6r att f\u00f6rb\u00e4ttra slitstyrkan. Regelbunden tillsats av l\u00e4mplig hydraulolja \u00e4r n\u00f6dv\u00e4ndig f\u00f6r sm\u00f6rjning.<\/p>\n<h2>Underh\u00e5ll och reparation<\/h2>\n<p>Regelbundet underh\u00e5ll och inspektion \u00e4r n\u00f6dv\u00e4ndigt f\u00f6r att s\u00e4kerst\u00e4lla optimal prestanda och f\u00f6rl\u00e4nga livsl\u00e4ngden. Vanliga underh\u00e5llsuppgifter inkluderar:<\/p>\n<ul>\n<li>Regelbunden inspektion<\/li>\n<li>L\u00e4mplig sm\u00f6rjning<\/li>\n<li>Byte av t\u00e4tning<\/li>\n<li>Kalibreringskontroll<\/li>\n<\/ul>\n<p>Korrekt installation \u00e4r ocks\u00e5 viktig f\u00f6r att s\u00e4kerst\u00e4lla att cylindern fungerar korrekt och s\u00e4kert. Korrekt inriktning b\u00f6r tillhandah\u00e5llas under installationen, och l\u00e4mpliga monteringsf\u00e4sten kan anv\u00e4ndas f\u00f6r att s\u00e4kra cylindern. Rekommenderade inspektions-, reparations- och utbytesprocedurer tillhandah\u00e5lls, och ombyggnadstj\u00e4nster finns tillg\u00e4ngliga f\u00f6r att f\u00f6rl\u00e4nga livsl\u00e4ngden.<\/p>\n<p><img decoding=\"async\" src=\"https:\/\/www.hydraulic-cylinders.net\/wp-content\/uploads\/2025\/01\/songte-chushion-collar.webp\"\/><\/p>\n<h2>S\u00e4kerhetsaspekter och milj\u00f6faktorer<\/h2>\n<p>Vid anv\u00e4ndning av skopcylindrar \u00e4r s\u00e4kerhets\u00e5tg\u00e4rder avg\u00f6rande f\u00f6r att minimera risken f\u00f6r olyckor. Korrekt anv\u00e4ndning och underh\u00e5ll kan ocks\u00e5 minska milj\u00f6p\u00e5verkan och \u00f6ka effektiviteten.<\/p>\n<h2>Fels\u00f6kning och vanliga problem<\/h2>\n<p>Vanliga problem som kan uppst\u00e5 vid anv\u00e4ndning av skopcylindrar inkluderar oljel\u00e4ckage, felaktiga t\u00e4tningar och felaktig funktion. Fels\u00f6kningstips och l\u00f6sningar kan hj\u00e4lpa till att diagnostisera och l\u00f6sa dessa problem, medan f\u00f6rebyggande \u00e5tg\u00e4rder kan minska sannolikheten f\u00f6r att problem uppst\u00e5r.<\/p>\n<p><img decoding=\"async\" src=\"https:\/\/www.hydraulic-cylinders.net\/wp-content\/uploads\/2025\/01\/songte-bushings-with-all-kinds-of-excavator-models.webp\"\/><\/p>\n<h2>Om v\u00e5rt f\u00f6retag<\/h2>\n<p>V\u00e5rt f\u00f6retag \u00e4r en tillverkare av hydraulcylindrar som kan ers\u00e4tta traditionella hydraulcylindrar. Vi erbjuder ett komplett sortiment av produkter och har blivit en av de ledande tillverkarna och grossisterna av hydraulcylindrar p\u00e5 den inhemska och internationella marknaden. Vi uppr\u00e4tth\u00e5ller principen om utm\u00e4rkt kvalitet, f\u00f6rlitar oss p\u00e5 industrialiserade produktionsledningsstrategier i fint tillverkade verkst\u00e4der och f\u00f6rb\u00e4ttrar kontinuerligt verkstadens tillverkningsplattform, finslipar produktionslinjen med produktkvalitet och har en stark f\u00f6rm\u00e5ga att skapa produkter med h\u00f6g effektivitet, h\u00f6g precision och h\u00f6g kvalitet f\u00f6r att m\u00f6ta kundernas olika behov.<\/p>\n<p>Vi erbjuder professionella, internationellt certifierade och kundanpassade tj\u00e4nster, anv\u00e4nder avancerad produktionsutrustning och erbjuder utm\u00e4rkt eftermarknadsservice. Vi str\u00e4var efter att tillhandah\u00e5lla h\u00f6gkvalitativa produkter och tj\u00e4nster till v\u00e5ra kunder.<\/p>\n<p><img decoding=\"async\" src=\"https:\/\/www.hydraulic-cylinders.net\/wp-content\/uploads\/2025\/01\/songte-company-3.webp\"\/><\/p>\n<p>F\u00f6rfattare: lyl<\/p>","protected":false},"excerpt":{"rendered":"<p>Bucket Cylinder For Yigong CY8150 Introduction The bucket cylinder is a specially designed hydraulic cylinder that is mainly used to control the movement of buckets in heavy machinery, such as excavators, backhoe loaders, and front-end loaders. Its main function is to enable the bucket to lift, lower, and tilt, making it easier to handle various [&hellip;]<\/p>","protected":false},"featured_media":14776,"comment_status":"open","ping_status":"closed","template":"","meta":{"_et_pb_use_builder":"","_et_pb_old_content":"","_et_gb_content_width":""},"product_brand":[],"product_cat":[1494],"product_tag":[1495,1496],"class_list":{"0":"post-15995","1":"product","2":"type-product","3":"status-publish","4":"has-post-thumbnail","6":"product_cat-bucket-cylinders","7":"product_tag-bucket-cylinders","8":"product_tag-hydraulic-cylinders","10":"first","11":"instock","12":"shipping-taxable","13":"product-type-simple"},"amp_enabled":true,"_links":{"self":[{"href":"https:\/\/www.hydraulic-cylinders.net\/sv\/wp-json\/wp\/v2\/product\/15995","targetHints":{"allow":["GET"]}}],"collection":[{"href":"https:\/\/www.hydraulic-cylinders.net\/sv\/wp-json\/wp\/v2\/product"}],"about":[{"href":"https:\/\/www.hydraulic-cylinders.net\/sv\/wp-json\/wp\/v2\/types\/product"}],"replies":[{"embeddable":true,"href":"https:\/\/www.hydraulic-cylinders.net\/sv\/wp-json\/wp\/v2\/comments?post=15995"}],"wp:featuredmedia":[{"embeddable":true,"href":"https:\/\/www.hydraulic-cylinders.net\/sv\/wp-json\/wp\/v2\/media\/14776"}],"wp:attachment":[{"href":"https:\/\/www.hydraulic-cylinders.net\/sv\/wp-json\/wp\/v2\/media?parent=15995"}],"wp:term":[{"taxonomy":"product_brand","embeddable":true,"href":"https:\/\/www.hydraulic-cylinders.net\/sv\/wp-json\/wp\/v2\/product_brand?post=15995"},{"taxonomy":"product_cat","embeddable":true,"href":"https:\/\/www.hydraulic-cylinders.net\/sv\/wp-json\/wp\/v2\/product_cat?post=15995"},{"taxonomy":"product_tag","embeddable":true,"href":"https:\/\/www.hydraulic-cylinders.net\/sv\/wp-json\/wp\/v2\/product_tag?post=15995"}],"curies":[{"name":"wp","href":"https:\/\/api.w.org\/{rel}","templated":true}]}}