{"id":16005,"date":"2025-01-19T15:16:50","date_gmt":"2025-01-19T15:16:50","guid":{"rendered":"https:\/\/www.hydraulic-cylinders.net\/product\/bucket-cylinder-for-xiniu-xn65-4l\/"},"modified":"2025-01-19T15:16:52","modified_gmt":"2025-01-19T15:16:52","slug":"bucket-cylinder-for-xiniu-xn65-4l","status":"publish","type":"product","link":"https:\/\/www.hydraulic-cylinders.net\/sv\/produkt\/bucket-cylinder-for-xiniu-xn65-4l\/","title":{"rendered":"Skopscylinder f\u00f6r Xiniu XN65-4L"},"content":{"rendered":"<h1>Skopscylinder f\u00f6r Xiniu XN65-4L<\/h1>\n<h2>Introduktion<\/h2>\n<p>En skopcylinder \u00e4r en specialdesignad hydraulcylinder som anv\u00e4nds f\u00f6r att styra skopans r\u00f6relse i tunga maskiner som gr\u00e4vmaskiner, gr\u00e4vlastare och frontlastare. Dess huvudsakliga funktion \u00e4r att m\u00f6jligg\u00f6ra lyftning, s\u00e4nkning och lutning av skopan, vilket g\u00f6r det enklare att hantera olika materialhanteringsuppgifter. I ett hydraulsystem uppn\u00e5r skopcylindern exakt kontroll \u00f6ver skopan genom att anv\u00e4nda tryckf\u00f6r\u00e4ndringarna i hydrauloljan, vilket g\u00f6r det m\u00f6jligt f\u00f6r operat\u00f6rer att effektivt hantera tunga laster och anpassa sig till komplexa arbetsmilj\u00f6er och olika driftskrav.<\/p>\n<p><img decoding=\"async\" src=\"https:\/\/www.hydraulic-cylinders.net\/wp-content\/uploads\/2025\/01\/songte-company-2.webp\" alt=\"Bild av skopcylinder\"><\/p>\n<h2>Drag<\/h2>\n<ul>\n<li>H\u00f6g h\u00e5llfasthet och h\u00e5llbarhet: Skopscylindern \u00e4r vanligtvis tillverkad av h\u00f6gh\u00e5llfast st\u00e5l eller aluminium och t\u00e5l h\u00f6gt tryck och tunga belastningar, vilket g\u00f6r den l\u00e4mplig f\u00f6r tuffa arbetsmilj\u00f6er. Dess design tar h\u00e4nsyn till slitstyrka och korrosionsbest\u00e4ndighet, vilket f\u00f6rl\u00e4nger dess livsl\u00e4ngd.<\/li>\n<li>Effektiv hydraulisk drift: Genom att utnyttja hydrauloljans tryck uppn\u00e5r skopcylindern smidiga ut- och inf\u00e4llningsr\u00f6relser, vilket ger snabb respons p\u00e5 styrkommandon och levererar kraftfulla tryck- och dragkrafter, l\u00e4mpliga f\u00f6r hantering av tunga laster och komplexa driftsuppgifter.<\/li>\n<li>Olika typer: Skopscylindern kan v\u00e4ljas som enkelverkande (hydraultryck anv\u00e4nds endast i en riktning) eller dubbelverkande (hydraultryck anv\u00e4nds i b\u00e5da riktningarna) cylindrar beroende p\u00e5 specifika driftsbehov. Vissa modeller \u00e4r teleskopiska, vilket m\u00f6jligg\u00f6r st\u00f6rre utbyggnad utan att \u00f6ka de yttre m\u00e5tten, vilket g\u00f6r dem l\u00e4mpliga f\u00f6r utrymmesbegr\u00e4nsade till\u00e4mpningar.<\/li>\n<li>Perfekt ers\u00e4ttning: V\u00e5ra produkter kan perfekt ers\u00e4tta dessa hydraulcylindrar.<\/li>\n<\/ul>\n<p><img decoding=\"async\" src=\"https:\/\/www.hydraulic-cylinders.net\/wp-content\/uploads\/2025\/01\/songte-cylinder-head-with-all-kinds-excavator-models.webp\" alt=\"Bild f\u00f6r utbyte av skopcylinder\"><\/p>\n<h2>Applikationer<\/h2>\n<ul>\n<li>Byggutrustning: De finns i gr\u00e4vmaskiner och \u00e4r viktiga f\u00f6r gr\u00e4vning, lastning och flyttning av jord eller skr\u00e4p. I gr\u00e4vlastare hj\u00e4lper skopcylindern till vid b\u00e5de gr\u00e4vning och lyftning.<\/li>\n<li>Jordbruksmaskiner: Anv\u00e4nds i frontlastare f\u00f6r att \u00f6sa, lyfta och transportera jord, h\u00f6 och andra material.<\/li>\n<li>Gr\u00e4vmaskiner: Skopans cylinder m\u00f6jligg\u00f6r gr\u00e4vning genom att l\u00e5ta skopan tr\u00e4nga ner i jorden.<\/li>\n<li>Frontlastare: Frontlastare hj\u00e4lper till att lyfta och dumpa gods effektivt.<\/li>\n<\/ul>\n<h2>Design\u00f6verv\u00e4ganden och urvalskriterier<\/h2>\n<p>When it comes to design considerations, the bucket cylinder&#8217;s load-bearing capacity, sealing, durability, safety, and ease of maintenance are essential factors to discuss. Each point is elaborated below:<\/p>\n<p><img decoding=\"async\" src=\"https:\/\/www.hydraulic-cylinders.net\/wp-content\/uploads\/2025\/01\/songte-oil-pipes-and-spare-parts.webp\" alt=\"Design\u00f6verv\u00e4ganden och urvalskriterier Bild\"><\/p>\n<h2>T\u00e4tning och sm\u00f6rjning<\/h2>\n<p>Skopscylindern anv\u00e4nder olika t\u00e4tningskomponenter, s\u00e5som kolvt\u00e4tningar och kolvst\u00e5ngst\u00e4tningar, tillverkade av slitstarka material som polyuretan och nitrilgummi. Cylinderhuset och de g\u00e4ngade \u00e4ndarna genomg\u00e5r noggrann behandling f\u00f6r att f\u00f6rb\u00e4ttra slitstyrkan. Regelbunden sm\u00f6rjning med en l\u00e4mplig m\u00e4ngd hydraulolja kr\u00e4vs.<\/p>\n<h2>Regelbunden inspektion och f\u00f6rebyggande underh\u00e5ll<\/h2>\n<p>Regelbundna inspektioner och f\u00f6rebyggande underh\u00e5ll \u00e4r avg\u00f6rande f\u00f6r att s\u00e4kerst\u00e4lla optimal prestanda och livsl\u00e4ngd f\u00f6r skopcylindern. F\u00f6ljande punkter belyser de rekommenderade \u00e5tg\u00e4rderna:<\/p>\n<h2>Korrekt installationsguide<\/h2>\n<p>To ensure proper installation, alignment, and stability, it is important to follow the correct installation guide for the bucket cylinder. Adequate installation brackets are recommended for securely fixing the cylinder. The guide should include recommended inspection, repair, and replacement procedures, as well as tips for extending the cylinder&#8217;s lifespan.<\/p>\n<p><img decoding=\"async\" src=\"https:\/\/www.hydraulic-cylinders.net\/wp-content\/uploads\/2025\/01\/songte-chushion-collar.webp\" alt=\"Korrekt installationsguidebild\"><\/p>\n<h2>S\u00e4kerhetsaspekter och milj\u00f6faktorer<\/h2>\n<p>Vikten av s\u00e4kerhets\u00e5tg\u00e4rder vid anv\u00e4ndning av skopcylindrar kan inte nog betonas. Det \u00e4r avg\u00f6rande att ta h\u00e4nsyn till s\u00e4kerhetsaspekter och milj\u00f6faktorer n\u00e4r utrustningen anv\u00e4nds.<\/p>\n<h2>Fels\u00f6kning och vanliga problem<\/h2>\n<p>Identifiering och \u00e5tg\u00e4rd av fel \u00e4r avg\u00f6rande f\u00f6r effektiv drift. F\u00f6ljande punkter ger anv\u00e4ndbara tips och l\u00f6sningar f\u00f6r att diagnostisera och l\u00f6sa vanliga problem, tillsammans med f\u00f6rebyggande \u00e5tg\u00e4rder f\u00f6r att minimera potentiella problem.<\/p>\n<p><img decoding=\"async\" src=\"https:\/\/www.hydraulic-cylinders.net\/wp-content\/uploads\/2025\/01\/songte-bushings-with-all-kinds-of-excavator-models.webp\" alt=\"Fels\u00f6kning och vanliga problem Bild\"><\/p>\n<p>Kom ih\u00e5g att organisera artikeln logiskt, anv\u00e4nda underrubriker f\u00f6r enkel navigering, inkludera relevanta bilder eller diagram f\u00f6r \u00f6kad f\u00f6rst\u00e5else och se till att inneh\u00e5llet \u00e4r tydligt, koncist och l\u00e4mpligt f\u00f6r l\u00e4sare med varierande tekniska kunskapsniv\u00e5er.<\/p>\n<h2>Om v\u00e5rt f\u00f6retag<\/h2>\n<p>Vi \u00e4r en tillverkare som specialiserar oss p\u00e5 utbyte av hydraulcylindrar. V\u00e5rt f\u00f6retag erbjuder ett omfattande produktsortiment och har blivit en av de ledande tillverkarna och grossistdistribut\u00f6rerna av hydraulcylindrar p\u00e5 den inhemska och internationella marknaden. Med fokus p\u00e5 utm\u00e4rkt kvalitet och industrialiserade produktionsstrategier baserade p\u00e5 sofistikerade tillverkningsverkst\u00e4der f\u00f6rb\u00e4ttrar vi kontinuerligt v\u00e5r tillverkningsplattform, perfektionerar produktionsv\u00e4gen f\u00f6r produktkvalitet och har starka kreativa f\u00f6rm\u00e5gor. Genom att f\u00f6lja principerna om h\u00f6g effektivitet, h\u00f6g precision och h\u00f6g kvalitet m\u00f6ter vi olika kunders behov. <\/p>\n<p><img decoding=\"async\" src=\"https:\/\/www.hydraulic-cylinders.net\/wp-content\/uploads\/2025\/01\/songte-company-3.webp\" alt=\"V\u00e5r f\u00f6retagsbild\"><\/p>\n<h3>Professionalism:<\/h3>\n<p>Vi prioriterar professionalism i alla aspekter av v\u00e5r verksamhet och s\u00e4kerst\u00e4ller att v\u00e5ra produkter uppfyller h\u00f6gsta standard.<\/p>\n<h3>Internationella certifieringar:<\/h3>\n<p>V\u00e5rt f\u00f6retag har internationella certifieringar som visar v\u00e5rt engagemang f\u00f6r kvalitet och efterlevnad av regler och krav.<\/p>\n<h3>Anpassningstj\u00e4nster:<\/h3>\n<p>Vi erbjuder skr\u00e4ddarsydda l\u00f6sningar f\u00f6r att m\u00f6ta specifika kundkrav och s\u00e4kerst\u00e4lla optimal prestanda.<\/p>\n<h3>Produktionsutrustning:<\/h3>\n<p>Vi anv\u00e4nder avancerad produktionsutrustning f\u00f6r att leverera h\u00f6gkvalitativa hydraulcylindrar.<\/p>\n<h3>Eftermarknadsservice:<\/h3>\n<p>V\u00e5rt f\u00f6retag erbjuder p\u00e5litlig eftermarknadsservice, vilket s\u00e4kerst\u00e4ller kundn\u00f6jdhet och support.<\/p>\n<p>F\u00f6rfattare: lyl<\/p>","protected":false},"excerpt":{"rendered":"<p>Bucket Cylinder For Xiniu XN65-4L Introduction A bucket cylinder is a specially designed hydraulic cylinder used to control the movement of the bucket in heavy machinery such as excavators, backhoe loaders, and front loaders. Its main function is to enable the lifting, lowering, and tilting of the bucket, making it easier to handle various material [&hellip;]<\/p>","protected":false},"featured_media":14785,"comment_status":"open","ping_status":"closed","template":"","meta":{"_et_pb_use_builder":"","_et_pb_old_content":"","_et_gb_content_width":""},"product_brand":[],"product_cat":[1494],"product_tag":[1495,1496],"class_list":{"0":"post-16005","1":"product","2":"type-product","3":"status-publish","4":"has-post-thumbnail","6":"product_cat-bucket-cylinders","7":"product_tag-bucket-cylinders","8":"product_tag-hydraulic-cylinders","10":"first","11":"instock","12":"shipping-taxable","13":"product-type-simple"},"amp_enabled":true,"_links":{"self":[{"href":"https:\/\/www.hydraulic-cylinders.net\/sv\/wp-json\/wp\/v2\/product\/16005","targetHints":{"allow":["GET"]}}],"collection":[{"href":"https:\/\/www.hydraulic-cylinders.net\/sv\/wp-json\/wp\/v2\/product"}],"about":[{"href":"https:\/\/www.hydraulic-cylinders.net\/sv\/wp-json\/wp\/v2\/types\/product"}],"replies":[{"embeddable":true,"href":"https:\/\/www.hydraulic-cylinders.net\/sv\/wp-json\/wp\/v2\/comments?post=16005"}],"wp:featuredmedia":[{"embeddable":true,"href":"https:\/\/www.hydraulic-cylinders.net\/sv\/wp-json\/wp\/v2\/media\/14785"}],"wp:attachment":[{"href":"https:\/\/www.hydraulic-cylinders.net\/sv\/wp-json\/wp\/v2\/media?parent=16005"}],"wp:term":[{"taxonomy":"product_brand","embeddable":true,"href":"https:\/\/www.hydraulic-cylinders.net\/sv\/wp-json\/wp\/v2\/product_brand?post=16005"},{"taxonomy":"product_cat","embeddable":true,"href":"https:\/\/www.hydraulic-cylinders.net\/sv\/wp-json\/wp\/v2\/product_cat?post=16005"},{"taxonomy":"product_tag","embeddable":true,"href":"https:\/\/www.hydraulic-cylinders.net\/sv\/wp-json\/wp\/v2\/product_tag?post=16005"}],"curies":[{"name":"wp","href":"https:\/\/api.w.org\/{rel}","templated":true}]}}