{"id":16006,"date":"2025-01-19T15:16:54","date_gmt":"2025-01-19T15:16:54","guid":{"rendered":"https:\/\/www.hydraulic-cylinders.net\/product\/bucket-cylinder-for-xiniu-xn120-l\/"},"modified":"2025-01-19T15:16:56","modified_gmt":"2025-01-19T15:16:56","slug":"bucket-cylinder-for-xiniu-xn120-l","status":"publish","type":"product","link":"https:\/\/www.hydraulic-cylinders.net\/sv\/produkt\/bucket-cylinder-for-xiniu-xn120-l\/","title":{"rendered":"Skopscylinder f\u00f6r Xiniu XN120-L"},"content":{"rendered":"<h1>Skopscylinder f\u00f6r Xiniu XN120-L<\/h1>\n<h2>Introduktion<\/h2>\n<p>Skopcylindern till Xiniu XN120-L \u00e4r en typ av hydraulcylinder som \u00e4r speciellt utformad f\u00f6r att styra r\u00f6relsen hos spadar i tunga maskiner som gr\u00e4vmaskiner, traktorgr\u00e4vmaskiner och frontlastare. Dess huvudsakliga funktion \u00e4r att l\u00e5ta skopan lyftas, s\u00e4nkas och lutas, vilket g\u00f6r det enklare att hantera olika materialhanteringsuppgifter. I hydraulsystemet anv\u00e4nder skopcylindern f\u00f6r\u00e4ndringar i hydrauloljetrycket f\u00f6r att exakt styra skopan, vilket g\u00f6r det m\u00f6jligt f\u00f6r f\u00f6rare att effektivt hantera tunga laster, anpassa sig till komplexa arbetsmilj\u00f6er och olika arbetskrav.<\/p>\n<p><img decoding=\"async\" src=\"https:\/\/www.hydraulic-cylinders.net\/wp-content\/uploads\/2025\/01\/songte-company-2.webp\" alt=\"Skopscylinder f\u00f6r Xiniu XN120-L bild\"><\/p>\n<h2>Drag<\/h2>\n<ul>\n<li>H\u00f6g h\u00e5llfasthet och h\u00e5llbarhet: Vanligtvis tillverkad av h\u00f6gh\u00e5llfast st\u00e5l eller aluminium, t\u00e5l h\u00f6gt tryck och tunga belastningar, anpassar sig till tuffa arbetsmilj\u00f6er, \u00e4r konstruerad med slitstyrka och korrosionsbest\u00e4ndighet och f\u00f6rl\u00e4nger livsl\u00e4ngden.<\/li>\n<li>Effektiv hydraulisk drift: Anv\u00e4ndning av hydrauloljans tryck f\u00f6r att uppn\u00e5 j\u00e4mn expansions- och kontraktionsr\u00f6relse, snabb respons p\u00e5 kontrollkommandon, kraftfull tryck- och dragkraft, l\u00e4mplig f\u00f6r hantering av tunga laster och komplexa arbetsuppgifter.<\/li>\n<li>Olika typer: Enkelverkande (hydrauliska cylindrar anv\u00e4nds endast i en riktning) eller dubbelverkande (hydrauliska cylindrar anv\u00e4nds i tv\u00e5 riktningar) cylindrar kan v\u00e4ljas efter behov f\u00f6r att m\u00f6ta olika driftsbehov. Vissa modeller \u00e4r teleskopiska, vilket m\u00f6jligg\u00f6r st\u00f6rre utdrag utan att \u00f6ka de yttre m\u00e5tten, l\u00e4mpliga f\u00f6r applikationer med begr\u00e4nsat utrymme.<\/li>\n<li>Perfekt ers\u00e4ttning: V\u00e5ra produkter kan perfekt ers\u00e4tta dessa hydraulcylindrar.<\/li>\n<\/ul>\n<p><img decoding=\"async\" src=\"https:\/\/www.hydraulic-cylinders.net\/wp-content\/uploads\/2025\/01\/songte-cylinder-head-with-all-kinds-excavator-models.webp\" alt=\"Skopscylinder f\u00f6r Xiniu XN120-L bild\"><\/p>\n<h2>Applikationer<\/h2>\n<p>Skopscylindern f\u00f6r Xiniu XN120-L anv\u00e4nds flitigt i flera till\u00e4mpningar. N\u00e5gra av dem \u00e4r:<\/p>\n<ul>\n<li>Byggmaskiner: I gr\u00e4vmaskiner \u00e4r de viktiga f\u00f6r gr\u00e4vning, lastning och flyttning av jord eller skr\u00e4p. I gr\u00e4vmaskiner med gr\u00e4vaggregat hj\u00e4lper skopcylindrar till med b\u00e5de gr\u00e4vning och lyftning. I frontlastare hj\u00e4lper de till med att lyfta och tilta gods effektivt.<\/li>\n<li>Jordbruksmaskiner: Anv\u00e4nds i frontlastare f\u00f6r att skopa, lyfta och transportera jord, h\u00f6 och andra material. I gr\u00e4vmaskiner m\u00f6jligg\u00f6r skopcylindern gr\u00e4vning genom att l\u00e5ta skopan tr\u00e4nga ner i jorden.<\/li>\n<\/ul>\n<h2>Design\u00f6verv\u00e4ganden och urvalskriterier<\/h2>\n<p>Urvalskriterierna f\u00f6r skopcylindrar m\u00e5ste beakta flera designaspekter, s\u00e5som:<\/p>\n<ul>\n<li>B\u00e4rf\u00f6rm\u00e5ga: Cylindern ska kunna motst\u00e5 den maximala belastning som maskinen kan ut\u00f6va p\u00e5 cylindern.<\/li>\n<li>T\u00e4tning: Cylindern b\u00f6r vara ordentligt t\u00e4tad f\u00f6r att f\u00f6rhindra att hydraulolja och f\u00f6roreningar l\u00e4cker in i cylindern.<\/li>\n<li>H\u00e5llbarhet: Cylindern ska vara tillr\u00e4ckligt h\u00e5llbar f\u00f6r att motst\u00e5 p\u00e5verkan av h\u00e5rda milj\u00f6faktorer, s\u00e5som damm, vatten och skr\u00e4p.<\/li>\n<li>S\u00e4kerhet: Cylindern b\u00f6r utformas med h\u00e4nsyn till s\u00e4kerhets\u00e5tg\u00e4rder, s\u00e5som skydd av cylindern mot fysisk skada.<\/li>\n<li>Underh\u00e5llbarhet: Cylindern ska vara l\u00e4tt att underh\u00e5lla och reparera, eftersom den \u00e4r en viktig del av maskinen, och eventuella fel kan leda till betydande stillest\u00e5ndstid.<\/li>\n<\/ul>\n<p><img decoding=\"async\" src=\"https:\/\/www.hydraulic-cylinders.net\/wp-content\/uploads\/2025\/01\/songte-oil-pipes-and-spare-parts.webp\" alt=\"Skopscylinder f\u00f6r Xiniu XN120-L bild\"><\/p>\n<h2>T\u00e4tning och sm\u00f6rjning<\/h2>\n<p>Skopcylindern anv\u00e4nder olika t\u00e4tningselement, s\u00e5som kolvt\u00e4tningar, kolvst\u00e5ngst\u00e4tningar med mera. Dessa t\u00e4tningselement \u00e4r tillverkade av slitstarka material som polyuretan och nitrilgummi f\u00f6r att s\u00e4kerst\u00e4lla en l\u00e5ng livsl\u00e4ngd. Cylinderhuset och g\u00e4ngorna \u00e4r behandlade f\u00f6r att f\u00f6rb\u00e4ttra slitstyrkan. Skopcylindern kr\u00e4ver regelbunden sm\u00f6rjning med hydraulolja f\u00f6r att s\u00e4kerst\u00e4lla korrekt funktion.<\/p>\n<h2>Underh\u00e5ll och reparation<\/h2>\n<p>Regelbunden inspektion, l\u00e4mplig sm\u00f6rjning, byte av t\u00e4tningar, kalibreringskontroll och andra underh\u00e5llsuppgifter \u00e4r avg\u00f6rande f\u00f6r skopcylindrarnas livsl\u00e4ngd. Korrekt inriktning av cylindern under installationen \u00e4r avg\u00f6rande f\u00f6r optimal prestanda. Anv\u00e4ndning av l\u00e4mpliga installationsf\u00e4sten f\u00f6r att s\u00e4kra cylindern rekommenderas. Vi erbjuder inspektions-, reparations- och utbytestj\u00e4nster f\u00f6r att hj\u00e4lpa kunder med eventuella problem de kan st\u00f6ta p\u00e5 med sina skopcylindrar.<\/p>\n<p><img decoding=\"async\" src=\"https:\/\/www.hydraulic-cylinders.net\/wp-content\/uploads\/2025\/01\/songte-chushion-collar.webp\" alt=\"Skopscylinder f\u00f6r Xiniu XN120-L bild\"><\/p>\n<h2>S\u00e4kerhetsaspekter och milj\u00f6faktorer<\/h2>\n<p>Skopscylindern f\u00f6r Xiniu XN120-L ska installeras, anv\u00e4ndas och underh\u00e5llas med s\u00e4kerhets\u00e5tg\u00e4rder i \u00e5tanke. Underl\u00e5tenhet att g\u00f6ra detta kan leda till personskador eller skador p\u00e5 maskinen. Milj\u00f6faktorer som temperatur, fuktighet och damm kan p\u00e5verka cylinderns prestanda och b\u00f6r beaktas vid val och installation.<\/p>\n<h2>Feldiagnos och fels\u00f6kning<\/h2>\n<p>Vanliga problem med skopcylindrar kan inkludera l\u00e4ckage, otillr\u00e4cklig kraft och onormalt ljud. Vi rekommenderar att man inspekterar cylindern regelbundet och \u00e5tg\u00e4rdar eventuella problem omedelbart f\u00f6r att undvika betydande driftstopp. Fels\u00f6kningstips och l\u00f6sningar kan hj\u00e4lpa l\u00e4sarna att diagnostisera och l\u00f6sa problem med skopcylindrar effektivt.<\/p>\n<p><img decoding=\"async\" src=\"https:\/\/www.hydraulic-cylinders.net\/wp-content\/uploads\/2025\/01\/songte-bushings-with-all-kinds-of-excavator-models.webp\" alt=\"Skopscylinder f\u00f6r Xiniu XN120-L bild\"><\/p>\n<h2>Om v\u00e5rt f\u00f6retag<\/h2>\n<p>Vi \u00e4r en tillverkare av hydraulcylindrar f\u00f6r reservdelar med ett komplett produktsortiment och har blivit en av de ledande tillverkarna och grossistdistribut\u00f6rerna av hydraulcylindrar p\u00e5 den inhemska och internationella marknaden. Vi f\u00f6ljer principen om utm\u00e4rkt kvalitet och f\u00f6rlitar oss p\u00e5 den industrialiserade produktionsstrategin fr\u00e5n fintillverkningsverkst\u00e4der. Vi f\u00f6rb\u00e4ttrar kontinuerligt verkstadens tillverkningsplattform, finslipar kvalitetsproduktionsprocessen och har en stark skapande f\u00f6rm\u00e5ga att m\u00f6ta kundernas olika behov med principer om h\u00f6g effektivitet, h\u00f6g precision och h\u00f6g kvalitet.<\/p>\n<p>Vi erbjuder skr\u00e4ddarsydda tj\u00e4nster, professionell produktionsutrustning, internationellt erk\u00e4nda certifieringar och ett omfattande eftermarknadssystem, vilket s\u00e4kerst\u00e4ller att v\u00e5ra produkter uppfyller eller \u00f6vertr\u00e4ffar kundernas f\u00f6rv\u00e4ntningar.<\/p>\n<p><img decoding=\"async\" src=\"https:\/\/hzpt.com\/wp-content\/uploads\/2024\/11\/songte-company-1.webp\" alt=\"Skopscylinder f\u00f6r Xiniu XN120-L bild\"><\/p>\n<p>F\u00f6rfattare: lyl.<\/p>","protected":false},"excerpt":{"rendered":"<p>Bucket Cylinder For Xiniu XN120-L Introduction The bucket cylinder for Xiniu XN120-L is a type of hydraulic cylinder specially designed to control the movement of shovels in heavy machinery such as excavators, backhoe excavators, and front-end loaders. Its main function is to allow the bucket to lift, lower and tilt, making it easier to handle [&hellip;]<\/p>","protected":false},"featured_media":14784,"comment_status":"open","ping_status":"closed","template":"","meta":{"_et_pb_use_builder":"","_et_pb_old_content":"","_et_gb_content_width":""},"product_brand":[],"product_cat":[1494],"product_tag":[1495,1496],"class_list":{"0":"post-16006","1":"product","2":"type-product","3":"status-publish","4":"has-post-thumbnail","6":"product_cat-bucket-cylinders","7":"product_tag-bucket-cylinders","8":"product_tag-hydraulic-cylinders","10":"first","11":"instock","12":"shipping-taxable","13":"product-type-simple"},"amp_enabled":true,"_links":{"self":[{"href":"https:\/\/www.hydraulic-cylinders.net\/sv\/wp-json\/wp\/v2\/product\/16006","targetHints":{"allow":["GET"]}}],"collection":[{"href":"https:\/\/www.hydraulic-cylinders.net\/sv\/wp-json\/wp\/v2\/product"}],"about":[{"href":"https:\/\/www.hydraulic-cylinders.net\/sv\/wp-json\/wp\/v2\/types\/product"}],"replies":[{"embeddable":true,"href":"https:\/\/www.hydraulic-cylinders.net\/sv\/wp-json\/wp\/v2\/comments?post=16006"}],"wp:featuredmedia":[{"embeddable":true,"href":"https:\/\/www.hydraulic-cylinders.net\/sv\/wp-json\/wp\/v2\/media\/14784"}],"wp:attachment":[{"href":"https:\/\/www.hydraulic-cylinders.net\/sv\/wp-json\/wp\/v2\/media?parent=16006"}],"wp:term":[{"taxonomy":"product_brand","embeddable":true,"href":"https:\/\/www.hydraulic-cylinders.net\/sv\/wp-json\/wp\/v2\/product_brand?post=16006"},{"taxonomy":"product_cat","embeddable":true,"href":"https:\/\/www.hydraulic-cylinders.net\/sv\/wp-json\/wp\/v2\/product_cat?post=16006"},{"taxonomy":"product_tag","embeddable":true,"href":"https:\/\/www.hydraulic-cylinders.net\/sv\/wp-json\/wp\/v2\/product_tag?post=16006"}],"curies":[{"name":"wp","href":"https:\/\/api.w.org\/{rel}","templated":true}]}}