{"id":16080,"date":"2025-01-20T08:27:06","date_gmt":"2025-01-20T08:27:06","guid":{"rendered":"https:\/\/www.hydraulic-cylinders.net\/product\/arm-cylinderfor-komatsu-wheel-excavator-pw100s\/"},"modified":"2025-01-20T08:27:08","modified_gmt":"2025-01-20T08:27:08","slug":"arm-cylinderfor-komatsu-wheel-excavator-pw100s","status":"publish","type":"product","link":"https:\/\/www.hydraulic-cylinders.net\/sv\/produkt\/arm-cylinderfor-komatsu-wheel-excavator-pw100s\/","title":{"rendered":"Armcylinder f\u00f6r Komatsu hjulgr\u00e4vmaskin PW100S"},"content":{"rendered":"<h1>Armcylinder f\u00f6r Komatsu hjulgr\u00e4vmaskin PW100S<\/h1>\n<h2>Introduktion<\/h2>\n<p>Armcylindern \u00e4r en specialdesignad hydraulcylinder som ger linj\u00e4r r\u00f6relse och kraft till armen p\u00e5 olika maskiner, s\u00e5som gr\u00e4vmaskiner, kranar och mekaniska armar. Den spelar en avg\u00f6rande roll i hydrauliska system och m\u00f6jligg\u00f6r effektiv r\u00f6relse och styrning av redskap eller tillbeh\u00f6r. Dessa cylindrar s\u00e4kerst\u00e4ller inte bara j\u00e4mn r\u00f6relse utan t\u00e5l \u00e4ven tunga belastningar, vilket s\u00e4kerst\u00e4ller h\u00f6g effektivitet och tillf\u00f6rlitlighet hos maskiner under olika driftsf\u00f6rh\u00e5llanden.<\/p>\n<p><img decoding=\"async\" src=\"https:\/\/www.hydraulic-cylinders.net\/wp-content\/uploads\/2025\/01\/songte-company-2.webp\"><\/p>\n<h2>Drag<\/h2>\n<ol>\n<li><strong>H\u00f6geffektiv transmission:<\/strong> Armcylindern ger kraftfull linj\u00e4r r\u00f6relse och kraft, vilket s\u00e4kerst\u00e4ller effektiv prestanda f\u00f6r den mekaniska armen i olika operationer.<\/li>\n<li><strong>Exakt kontroll:<\/strong> Genom det hydrauliska systemet m\u00f6jligg\u00f6r armcylindern exakt r\u00f6relsekontroll, vilket g\u00f6r man\u00f6vreringen av redskap mer flexibel och exakt.<\/li>\n<li><strong>Varaktighet:<\/strong> Armcylindrar \u00e4r vanligtvis tillverkade av h\u00f6gh\u00e5llfasta material med utm\u00e4rkt slitage- och korrosionsbest\u00e4ndighet, vilket g\u00f6r dem l\u00e4mpliga f\u00f6r l\u00e5ngvarig anv\u00e4ndning i tuffa milj\u00f6er.<\/li>\n<li><strong>Multifunktionell anpassningsf\u00f6rm\u00e5ga:<\/strong> Dessa cylindrar \u00e4r allm\u00e4nt till\u00e4mpbara p\u00e5 olika maskiner, s\u00e5som gr\u00e4vmaskiner, kranar och mekaniska armar, och anpassar sig till olika arbetskrav.<\/li>\n<li><strong>Enkelt underh\u00e5ll:<\/strong> Armcylindern \u00e4r konstruerad f\u00f6r enkelt underh\u00e5ll och utbyte och underl\u00e4ttar regelbundna inspektioner och underh\u00e5ll, vilket minskar stillest\u00e5ndstiden f\u00f6r utrustningen.<\/li>\n<\/ol>\n<p><img decoding=\"async\" src=\"https:\/\/www.hydraulic-cylinders.net\/wp-content\/uploads\/2025\/01\/songte-oil-pipes-and-spare-parts.webp\"><\/p>\n<h2>Applikationer<\/h2>\n<p>Armcylindern hittar sina till\u00e4mpningar inom olika branscher:<\/p>\n<h3>1. Byggteknik<\/h3>\n<p>I gr\u00e4vmaskiner och kranar styr armcylindern skopans eller bommens r\u00f6relse, vilket m\u00f6jligg\u00f6r schaktningsarbeten, materialhantering och strukturella installationer.<\/p>\n<h3>2. Tillverkningsindustrin<\/h3>\n<p>I automatiserade produktionslinjer underl\u00e4ttar armcylindern r\u00f6relsen av mekaniska armar f\u00f6r processer som montering, svetsning och materialhantering, vilket f\u00f6rb\u00e4ttrar produktionseffektiviteten och precisionen.<\/p>\n<h3>3. Jordbruksmaskiner<\/h3>\n<p>I jordbruksmaskiner som sk\u00f6rdemaskiner och s\u00e5maskiner styr armcylindern r\u00f6relsen hos man\u00f6verarmen och utf\u00f6r uppgifter som s\u00e5dd, g\u00f6dsling och sk\u00f6rd.<\/p>\n<h3>4. Gruvdrift<\/h3>\n<p>I gruvutrustning styr armcylindern armr\u00f6relsen hos gruvmaskineriet, vilket m\u00f6jligg\u00f6r utvinning och transport av mineraler.<\/p>\n<h3>5. Logistik och transport<\/h3>\n<p>I gaffeltruckar och hanteringsrobotar styr armcylindern lyftning och r\u00f6relse av gafflar, vilket underl\u00e4ttar materialhantering och stapling.<\/p>\n<p><img decoding=\"async\" src=\"https:\/\/www.hydraulic-cylinders.net\/wp-content\/uploads\/2025\/01\/songte-cylinder-head-with-all-kinds-excavator-models.webp\"><\/p>\n<h2>Design\u00f6verv\u00e4ganden och urvalskriterier<\/h2>\n<ol>\n<li><strong>B\u00e4rkraft:<\/strong> Armcylindern \u00e4r konstruerad f\u00f6r att motst\u00e5 de specificerade belastningskraven f\u00f6r s\u00e4ker och effektiv drift.<\/li>\n<li><strong>T\u00e4tning:<\/strong> Olika t\u00e4tningskomponenter, s\u00e5som kolvt\u00e4tningar och kolvst\u00e5ngst\u00e4tningar, anv\u00e4nds f\u00f6r att s\u00e4kerst\u00e4lla korrekt t\u00e4tning. Dessa t\u00e4tningar \u00e4r tillverkade av slitstarka material som polyuretan och nitrilgummi.<\/li>\n<li><strong>Varaktighet:<\/strong> Cylinderkroppen och de g\u00e4ngade \u00e4ndarna genomg\u00e5r en noggrann ytbehandling f\u00f6r att f\u00f6rb\u00e4ttra slitstyrkan och f\u00f6rl\u00e4nga armcylinderns livsl\u00e4ngd.<\/li>\n<li><strong>S\u00e4kerhet:<\/strong> S\u00e4kerhetsaspekter \u00e4r inf\u00f6rlivade i konstruktionen f\u00f6r att f\u00f6rhindra olyckor och s\u00e4kerst\u00e4lla s\u00e4ker drift av armcylindern.<\/li>\n<li><strong>Underh\u00e5llbarhet:<\/strong> Konstruktionen m\u00f6jligg\u00f6r enkelt underh\u00e5ll och regelbunden sm\u00f6rjning f\u00f6r att s\u00e4kerst\u00e4lla optimal prestanda och f\u00f6rl\u00e4nga armcylinderns livsl\u00e4ngd.<\/li>\n<\/ol>\n<p><img decoding=\"async\" src=\"https:\/\/www.hydraulic-cylinders.net\/wp-content\/uploads\/2025\/01\/songte-chushion-collar.webp\"><\/p>\n<h2>T\u00e4tning och sm\u00f6rjning<\/h2>\n<p>Armcylindern anv\u00e4nder olika t\u00e4tningskomponenter, s\u00e5som kolvt\u00e4tningar och st\u00e5ngt\u00e4tningar, tillverkade av slitstarka material som polyuretan och nitrilgummi. Cylinderhuset och de g\u00e4ngade \u00e4ndarna genomg\u00e5r noggrann ytbehandling f\u00f6r att f\u00f6rb\u00e4ttra slitstyrkan. Regelbunden sm\u00f6rjning med l\u00e4mplig m\u00e4ngd hydraulolja \u00e4r n\u00f6dv\u00e4ndig f\u00f6r att s\u00e4kerst\u00e4lla smidig drift och sm\u00f6rjning av armcylindern.<\/p>\n<h2>Regelbunden inspektion och f\u00f6rebyggande underh\u00e5ll<\/h2>\n<p>F\u00f6r att bibeh\u00e5lla optimal prestanda och f\u00f6rl\u00e4nga armcylinderns livsl\u00e4ngd b\u00f6r f\u00f6ljande \u00e5tg\u00e4rder vidtas:<\/p>\n<ol>\n<li>Inspektera regelbundet armcylindern f\u00f6r tecken p\u00e5 slitage, l\u00e4ckage eller skador.<\/li>\n<li>S\u00e4kerst\u00e4ll korrekt sm\u00f6rjning genom att regelbundet kontrollera och fylla p\u00e5 hydrauloljan.<\/li>\n<li>\u00d6vervaka driftsf\u00f6rh\u00e5llandena och \u00e5tg\u00e4rda eventuella onormala vibrationer eller ljud omedelbart.<\/li>\n<li>F\u00f6lj tillverkarens riktlinjer f\u00f6r underh\u00e5llsintervall och procedurer.<\/li>\n<li>Byt ut alla slitna eller skadade komponenter mot originaldelar fr\u00e5n v\u00e4lrenommerade leverant\u00f6rer.<\/li>\n<\/ol>\n<h2>Produktinstallationsguide<\/h2>\n<p>F\u00f6ljande steg b\u00f6r f\u00f6ljas f\u00f6r korrekt installation av armcylindern:<\/p>\n<ol>\n<li>F\u00f6rbered installationsomr\u00e5det och se till att det \u00e4r rent och fritt fr\u00e5n skr\u00e4p.<\/li>\n<li>Placera armcylindern p\u00e5 \u00f6nskad plats och justera den med monteringsf\u00e4stena eller anslutningarna.<\/li>\n<li>F\u00e4st armcylindern ordentligt med l\u00e4mpliga bultar eller f\u00e4stelement och dra \u00e5t dem till angivet \u00e5tdragningsmoment.<\/li>\n<li>Anslut hydraulledningarna till motsvarande anslutningar och se till att de \u00e4r ordentligt t\u00e4tade och t\u00e4ta.<\/li>\n<li>Testa armcylindern f\u00f6r korrekt funktion och kontrollera om det finns n\u00e5gra l\u00e4ckor eller onormalt beteende.<\/li>\n<\/ol>\n<p><img decoding=\"async\" src=\"https:\/\/www.hydraulic-cylinders.net\/wp-content\/uploads\/2025\/01\/songte-bushings-with-all-kinds-of-excavator-models.webp\"><\/p>\n<h2>S\u00e4kerhetsaspekter och milj\u00f6faktorer<\/h2>\n<p>N\u00e4r man anv\u00e4nder armcylindern \u00e4r det avg\u00f6rande att prioritera s\u00e4kerhets\u00e5tg\u00e4rder. Korrekt utbildning, efterlevnad av bruksanvisningar och anv\u00e4ndning av l\u00e4mplig personlig skyddsutrustning \u00e4r avg\u00f6rande f\u00f6r att f\u00f6rhindra olyckor och s\u00e4kerst\u00e4lla en s\u00e4ker arbetsmilj\u00f6. Dessutom bidrar h\u00e4nsyn till milj\u00f6faktorer som att minimera l\u00e4ckage och korrekt kassera hydraulv\u00e4tskor till milj\u00f6m\u00e4ssig h\u00e5llbarhet.<\/p>\n<h2>Fels\u00f6kning och vanliga problem<\/h2>\n<p>F\u00f6ljande \u00e4r n\u00e5gra vanliga problem som kan uppst\u00e5 med armcylindern:<\/p>\n<ol>\n<li>L\u00e4ckage av hydraulv\u00e4tska fr\u00e5n t\u00e4tningar eller anslutningar<\/li>\n<li>Onormala ljud eller vibrationer under drift<\/li>\n<li>Minskad prestanda eller otillr\u00e4cklig effekt<\/li>\n<li>Inkonsekvent eller ryckig r\u00f6relse<\/li>\n<\/ol>\n<p>F\u00f6r att \u00e5tg\u00e4rda dessa problem, \u00f6verv\u00e4g f\u00f6ljande fels\u00f6kningstips och l\u00f6sningar:<\/p>\n<ol>\n<li>Kontrollera t\u00e4tningar och anslutningar f\u00f6r tecken p\u00e5 slitage eller skador och byt ut dem vid behov.<\/li>\n<li>Kontrollera hydraulv\u00e4tskeniv\u00e5n och fyll p\u00e5 om den \u00e4r l\u00e5g eller f\u00f6rorenad.<\/li>\n<li>Kontrollera cylindern f\u00f6r eventuella feljusteringar eller mekaniska problem och \u00e5tg\u00e4rda vid behov.<\/li>\n<li>S\u00e4kerst\u00e4ll korrekt sm\u00f6rjning och kontrollera om det finns n\u00e5gra hinder eller skr\u00e4p i hydraulsystemet.<\/li>\n<\/ol>\n<p><img decoding=\"async\" src=\"https:\/\/www.hydraulic-cylinders.net\/wp-content\/uploads\/2025\/01\/songte-chushion-collar.webp\"><\/p>\n<p>Kom ih\u00e5g att organisera artikeln logiskt med underrubriker f\u00f6r enkel navigering. Anv\u00e4nd relevanta bilder eller diagram f\u00f6r att f\u00f6rb\u00e4ttra f\u00f6rst\u00e5elsen och se till att inneh\u00e5llet \u00e4r tydligt, koncist och l\u00e4mpligt f\u00f6r l\u00e4sare med olika niv\u00e5er av teknisk kunskap.<\/p>\n<h2>Om oss<\/h2>\n<p>Vi \u00e4r en professionell tillverkare av hydraulcylindrar f\u00f6r reservdelar och erbjuder ett brett utbud av produkter. Vi har blivit en av de ledande tillverkarna och grossisterna av hydraulcylindrar p\u00e5 den inhemska och internationella marknaden. Med fokus p\u00e5 utm\u00e4rkt kvalitet f\u00f6rb\u00e4ttrar vi kontinuerligt v\u00e5r tekniska niv\u00e5 och produktionseffektivitet. Genom att introducera avancerad digital tillverkningsutrustning och professionella testsystem optimerar vi v\u00e5r tillverkningsplattform och f\u00f6rb\u00e4ttrar produktkvalitetskontrollprocesserna. V\u00e5rt m\u00e5l \u00e4r att m\u00f6ta kundernas olika behov med effektivitet, precision och h\u00f6gkvalitativa produkter.<\/p>\n<p><img decoding=\"async\" src=\"https:\/\/www.hydraulic-cylinders.net\/wp-content\/uploads\/2025\/01\/songte-company-4.webp\"><br \/>\n<img decoding=\"async\" src=\"https:\/\/www.hydraulic-cylinders.net\/wp-content\/uploads\/2025\/01\/songte-company-3.webp\"><\/p>\n<p><em>F\u00f6rfattare: lyl<\/em\n<\/p>","protected":false},"excerpt":{"rendered":"<p>Arm Cylinder for Komatsu Wheel Excavator PW100S Introduction The Arm Cylinder is a specially designed hydraulic cylinder that provides linear motion and power to the arm of various machinery, such as excavators, cranes, and mechanical arms. It plays a crucial role in hydraulic systems, enabling the effective movement and control of attachments or accessories. These [&hellip;]<\/p>","protected":false},"featured_media":14766,"comment_status":"open","ping_status":"closed","template":"","meta":{"_et_pb_use_builder":"","_et_pb_old_content":"","_et_gb_content_width":""},"product_brand":[],"product_cat":[1497],"product_tag":[1498,1496],"class_list":{"0":"post-16080","1":"product","2":"type-product","3":"status-publish","4":"has-post-thumbnail","6":"product_cat-arm-cylinders","7":"product_tag-arm-cylinders","8":"product_tag-hydraulic-cylinders","10":"first","11":"instock","12":"shipping-taxable","13":"product-type-simple"},"amp_enabled":true,"_links":{"self":[{"href":"https:\/\/www.hydraulic-cylinders.net\/sv\/wp-json\/wp\/v2\/product\/16080","targetHints":{"allow":["GET"]}}],"collection":[{"href":"https:\/\/www.hydraulic-cylinders.net\/sv\/wp-json\/wp\/v2\/product"}],"about":[{"href":"https:\/\/www.hydraulic-cylinders.net\/sv\/wp-json\/wp\/v2\/types\/product"}],"replies":[{"embeddable":true,"href":"https:\/\/www.hydraulic-cylinders.net\/sv\/wp-json\/wp\/v2\/comments?post=16080"}],"wp:featuredmedia":[{"embeddable":true,"href":"https:\/\/www.hydraulic-cylinders.net\/sv\/wp-json\/wp\/v2\/media\/14766"}],"wp:attachment":[{"href":"https:\/\/www.hydraulic-cylinders.net\/sv\/wp-json\/wp\/v2\/media?parent=16080"}],"wp:term":[{"taxonomy":"product_brand","embeddable":true,"href":"https:\/\/www.hydraulic-cylinders.net\/sv\/wp-json\/wp\/v2\/product_brand?post=16080"},{"taxonomy":"product_cat","embeddable":true,"href":"https:\/\/www.hydraulic-cylinders.net\/sv\/wp-json\/wp\/v2\/product_cat?post=16080"},{"taxonomy":"product_tag","embeddable":true,"href":"https:\/\/www.hydraulic-cylinders.net\/sv\/wp-json\/wp\/v2\/product_tag?post=16080"}],"curies":[{"name":"wp","href":"https:\/\/api.w.org\/{rel}","templated":true}]}}