{"id":16095,"date":"2025-01-20T08:28:17","date_gmt":"2025-01-20T08:28:17","guid":{"rendered":"https:\/\/www.hydraulic-cylinders.net\/product\/arm-cylinderfor-sumitomo-small-excavator-sh130-5\/"},"modified":"2025-01-20T08:28:25","modified_gmt":"2025-01-20T08:28:25","slug":"arm-cylinderfor-sumitomo-small-excavator-sh130-5","status":"publish","type":"product","link":"https:\/\/www.hydraulic-cylinders.net\/sv\/produkt\/arm-cylinderfor-sumitomo-small-excavator-sh130-5\/","title":{"rendered":"Armcylinder f\u00f6r Sumitomo liten gr\u00e4vmaskin SH130-5"},"content":{"rendered":"<p><!DOCTYPE html><br \/>\n<html><br \/>\n<head><br \/>\n<title>Armcylinder f\u00f6r Sumitomo liten gr\u00e4vmaskin SH130-5<\/title><br \/>\n<\/head><br \/>\n<body><\/p>\n<h1>Armcylinder f\u00f6r Sumitomo liten gr\u00e4vmaskin SH130-5<\/h1>\n<h2>Introduktion<\/h2>\n<p>Armcylindern \u00e4r en specialdesignad hydraulcylinder som anv\u00e4nds f\u00f6r att ge linj\u00e4r r\u00f6relse och kraft till armen p\u00e5 olika maskiner, s\u00e5som gr\u00e4vmaskiner, kranar och robotarmar. Armcylindern spelar en avg\u00f6rande roll i hydrauliska system och m\u00f6jligg\u00f6r effektiv f\u00f6rflyttning och styrning av ytterligare verktyg eller redskap. Dessa cylindrar m\u00f6jligg\u00f6r inte bara j\u00e4mn r\u00f6relse utan t\u00e5l \u00e4ven tunga belastningar, vilket s\u00e4kerst\u00e4ller effektiv drift och tillf\u00f6rlitlighet hos maskineriet under olika arbetsf\u00f6rh\u00e5llanden.<\/p>\n<p><img decoding=\"async\" src=\"https:\/\/www.hydraulic-cylinders.net\/wp-content\/uploads\/2025\/01\/songte-company-2.webp\" alt=\"Bild av armcylinder\"><\/p>\n<h2>Drag<\/h2>\n<ul>\n<li><strong>Effektiv kraft\u00f6verf\u00f6ring:<\/strong> Armcylindern ger kraftfull linj\u00e4r r\u00f6relse och kraft, vilket s\u00e4kerst\u00e4ller h\u00f6g prestanda hos den mekaniska armen i olika operationer.<\/li>\n<li><strong>Exakt kontroll:<\/strong> Genom hydrauliska system m\u00f6jligg\u00f6r armcylindern exakt r\u00f6relsekontroll, vilket g\u00f6r man\u00f6vreringen av anslutna verktyg mer flexibel och exakt.<\/li>\n<li><strong>Varaktighet:<\/strong> Armcylindrar tillverkas vanligtvis av h\u00f6gh\u00e5llfasta material, vilket ger utm\u00e4rkt slitstyrka och korrosionsbest\u00e4ndighet, vilket g\u00f6r dem l\u00e4mpliga f\u00f6r l\u00e5ngvarig anv\u00e4ndning i tuffa milj\u00f6er.<\/li>\n<li><strong>Multifunktionell anpassningsf\u00f6rm\u00e5ga:<\/strong> Dessa cylindrar kan anv\u00e4ndas i stor utstr\u00e4ckning i olika typer av maskiner, s\u00e5som gr\u00e4vmaskiner, kranar och robotarmar, och anpassas till olika arbetskrav.<\/li>\n<li><strong>Enkelt underh\u00e5ll:<\/strong> Utformade med enkelt underh\u00e5ll och utbyte i \u00e5tanke, blir regelbundna inspektioner och underh\u00e5ll enklare, vilket minskar stillest\u00e5ndstiden f\u00f6r utrustningen.<\/li>\n<\/ul>\n<p><img decoding=\"async\" src=\"https:\/\/www.hydraulic-cylinders.net\/wp-content\/uploads\/2025\/01\/songte-oil-pipes-and-spare-parts.webp\" alt=\"Bild av reservdelar till armcylinder\"><\/p>\n<h2>Applikationer<\/h2>\n<p>Armcylindern anv\u00e4nds inom olika branscher:<\/p>\n<ul>\n<li><strong>Byggteknik:<\/strong> I gr\u00e4vmaskiner och kranar styr armcylindern skopans eller bommens r\u00f6relse, vilket m\u00f6jligg\u00f6r markarbete, materialhantering och strukturell installation.<\/li>\n<li><strong>Tillverkning:<\/strong> I automatiserade produktionslinjer underl\u00e4ttar armcylindern robotarmarnas r\u00f6relse f\u00f6r montering, svetsning och materialhanteringsprocesser, vilket f\u00f6rb\u00e4ttrar produktionseffektiviteten och precisionen.<\/li>\n<li><strong>Jordbruksmaskiner:<\/strong> I jordbruksutrustning som sk\u00f6rdetr\u00f6skor och s\u00e5maskiner styr armcylindern r\u00f6relsen hos man\u00f6verarmarna f\u00f6r uppgifter som s\u00e5dd, g\u00f6dsling och sk\u00f6rd.<\/li>\n<li><strong>Brytning:<\/strong> I gruvutrustning styr armcylindern armr\u00f6relsen f\u00f6r malmutvinning och transport.<\/li>\n<li><strong>Logistik och transport:<\/strong> I gaffeltruckar och hanteringsrobotar styr armcylindern lyftningen och r\u00f6relsen av gafflarna, vilket m\u00f6jligg\u00f6r materialhantering och stapling.<\/li>\n<\/ul>\n<h2>Design\u00f6verv\u00e4ganden och urvalskriterier<\/h2>\n<p>Vid design och val av en armcylinder b\u00f6r flera faktorer beaktas:<\/p>\n<ul>\n<li><strong>B\u00e4rkraft:<\/strong> Armcylindern m\u00e5ste kunna motst\u00e5 den avsedda belastningen och fungera s\u00e4kert under de f\u00f6rv\u00e4ntade f\u00f6rh\u00e5llandena.<\/li>\n<li><strong>T\u00e4tning:<\/strong> Olika t\u00e4tningar, s\u00e5som kolvt\u00e4tningar och kolvst\u00e5ngst\u00e4tningar, b\u00f6r anv\u00e4ndas f\u00f6r att s\u00e4kerst\u00e4lla effektiv t\u00e4tning. Dessa t\u00e4tningar \u00e4r ofta tillverkade av slitstarka material som polyuretan och nitrilgummi.<\/li>\n<li><strong>Varaktighet:<\/strong> Cylinderhuset och de g\u00e4ngade \u00e4ndarna b\u00f6r genomg\u00e5 noggrann bearbetning f\u00f6r att f\u00f6rb\u00e4ttra slitstyrkan. Regelbunden sm\u00f6rjning med l\u00e4mplig m\u00e4ngd hydraulolja \u00e4r n\u00f6dv\u00e4ndig.<\/li>\n<li><strong>S\u00e4kerhet:<\/strong> S\u00e4kerhets\u00e5tg\u00e4rder b\u00f6r vidtas f\u00f6r att f\u00f6rhindra olyckor under drift, s\u00e5som n\u00f6dstoppssystem och skyddsk\u00e5por.<\/li>\n<li><strong>Underh\u00e5ll:<\/strong> Regelbundna inspektioner och proaktivt underh\u00e5ll b\u00f6r utf\u00f6ras f\u00f6r att uppt\u00e4cka eventuella problem och s\u00e4kerst\u00e4lla optimal prestanda.<\/li>\n<\/ul>\n<p><img decoding=\"async\" src=\"https:\/\/www.hydraulic-cylinders.net\/wp-content\/uploads\/2025\/01\/songte-cylinder-head-with-all-kinds-excavator-models.webp\" alt=\"Bild av armcylinderkomponenter\"><\/p>\n<h2>T\u00e4tning och sm\u00f6rjning<\/h2>\n<p>Armcylindern anv\u00e4nder olika t\u00e4tningskomponenter, s\u00e5som kolvt\u00e4tningar och st\u00e5ngt\u00e4tningar, vilka \u00e4r tillverkade av slitstarka material som polyuretan och nitrilgummi. Cylinderhuset och de g\u00e4ngade \u00e4ndarna \u00e4r fint bearbetade f\u00f6r att f\u00f6rb\u00e4ttra slitstyrkan. Regelbunden sm\u00f6rjning med r\u00e4tt m\u00e4ngd hydraulolja \u00e4r avg\u00f6rande f\u00f6r korrekt funktion.<\/p>\n<h2>Regelbunden inspektion och f\u00f6rebyggande underh\u00e5ll<\/h2>\n<p>F\u00f6r att s\u00e4kerst\u00e4lla armcylinderns l\u00e5nga livsl\u00e4ngd och optimala prestanda b\u00f6r f\u00f6ljande \u00e5tg\u00e4rder vidtas:<\/p>\n<ul>\n<li>Kontrollera regelbundet cylindern f\u00f6r tecken p\u00e5 l\u00e4ckage, skador eller slitage.<\/li>\n<li>Kontrollera hydrauloljeniv\u00e5n och kvaliteten och byt ut eller fyll p\u00e5 vid behov.<\/li>\n<li>Inspektera och reng\u00f6r t\u00e4tningskomponenterna f\u00f6r att bibeh\u00e5lla korrekt t\u00e4tningseffektivitet.<\/li>\n<li>Dra \u00e5t alla l\u00f6sa anslutningar eller f\u00e4stelement.<\/li>\n<li>F\u00f6lj tillverkarens rekommendationer f\u00f6r underh\u00e5llsintervall och procedurer.<\/li>\n<\/ul>\n<p><img decoding=\"async\" src=\"https:\/\/www.hydraulic-cylinders.net\/wp-content\/uploads\/2025\/01\/songte-chushion-collar.webp\" alt=\"Bild f\u00f6r underh\u00e5ll av armcylinder\"><\/p>\n<h2>Riktlinjer f\u00f6r produktinstallation<\/h2>\n<p>Korrekt installation av armcylindern \u00e4r avg\u00f6rande f\u00f6r optimal prestanda och livsl\u00e4ngd. F\u00f6lj dessa riktlinjer:<\/p>\n<ul>\n<li>Se till att monteringsytan \u00e4r ren och fri fr\u00e5n skr\u00e4p.<\/li>\n<li>Anv\u00e4nd l\u00e4mpliga verktyg och tekniker f\u00f6r att f\u00e4sta cylindern p\u00e5 plats.<\/li>\n<li>Se till att alla anslutningar \u00e4r ordentligt \u00e5tdragna.<\/li>\n<li>F\u00f6lj tillverkarens anvisningar f\u00f6r p\u00e5fyllning och luftning av hydraulv\u00e4tska.<\/li>\n<li>Testa cylinderns funktion innan du tar den i bruk fullt ut.<\/li>\n<\/ul>\n<p><img decoding=\"async\" src=\"https:\/\/www.hydraulic-cylinders.net\/wp-content\/uploads\/2025\/01\/songte-bushings-with-all-kinds-of-excavator-models.webp\" alt=\"Bild f\u00f6r installation av armcylinder\"><\/p>\n<h2>S\u00e4kerhetsaspekter och milj\u00f6faktorer<\/h2>\n<p>Vid arbete med armcylindrar \u00e4r det viktigt att prioritera s\u00e4kerhets\u00e5tg\u00e4rder med h\u00e4nsyn till f\u00f6ljande:<\/p>\n<ul>\n<li>Ge l\u00e4mplig utbildning till operat\u00f6rer och se till att de f\u00f6rst\u00e5r de s\u00e4kra driftsprocedurerna och potentiella faror.<\/li>\n<li>Implementera s\u00e4kerhetsfunktioner, s\u00e5som n\u00f6dstoppssystem och skyddsk\u00e5por, f\u00f6r att f\u00f6rhindra olyckor.<\/li>\n<li>F\u00f6lj lokala f\u00f6reskrifter och standarder g\u00e4llande anv\u00e4ndning och installation av hydraulisk utrustning.<\/li>\n<li>T\u00e4nk p\u00e5 milj\u00f6faktorer och v\u00e4lj material som minimerar p\u00e5verkan p\u00e5 ekosystemet.<\/li>\n<\/ul>\n<h2>Fels\u00f6kning och vanliga problem<\/h2>\n<p>N\u00e4r du st\u00f6ter p\u00e5 problem med armcylindern kan f\u00f6ljande fels\u00f6kningssteg vara till hj\u00e4lp:<\/p>\n<ul>\n<li><strong>Utf\u00e4rda: <\/strong>Cylindern l\u00e4cker.<\/li>\n<li><strong>L\u00f6sning: <\/strong>Kontrollera och byt ut eventuella skadade t\u00e4tningar eller komponenter. S\u00e4kerst\u00e4ll korrekt t\u00e4tning och anslutning.<\/li>\n<li><strong>Utf\u00e4rda: <\/strong>Cylindern r\u00f6r sig inte smidigt.<\/li>\n<li><strong>L\u00f6sning: <\/strong>Kontrollera om det finns n\u00e5gra hinder eller feljusteringar. Sm\u00f6rj cylindern och se till att hydraulsystemet fungerar korrekt.<\/li>\n<li><strong>Utf\u00e4rda: <\/strong>Cylindern genererar inte tillr\u00e4ckligt med kraft.<\/li>\n<li><strong>L\u00f6sning: <\/strong>Kontrollera eventuella fel i hydraulsystemet, s\u00e5som l\u00e5gt oljetryck eller otillr\u00e4ckligt fl\u00f6de. Inspektera cylindern f\u00f6r eventuella skador eller slitage.<\/li>\n<\/ul>\n<p>Genom att f\u00f6lja dessa fels\u00f6kningssteg och implementera f\u00f6rebyggande \u00e5tg\u00e4rder kan potentiella problem minimeras, vilket s\u00e4kerst\u00e4ller optimal prestanda och livsl\u00e4ngd f\u00f6r armcylindern.<\/p>\n<p><img decoding=\"async\" src=\"https:\/\/www.hydraulic-cylinders.net\/wp-content\/uploads\/2025\/01\/songte-chushion-collar.webp\" alt=\"Fels\u00f6kningsbild f\u00f6r armcylinder\"><\/p>\n<h2>Om oss<\/h2>\n<p>Vi \u00e4r en professionell tillverkare av hydraulcylindrar f\u00f6r reservdelar och erbjuder ett brett utbud av produkter. Vi har blivit en av de ledande tillverkarna och grossistdistribut\u00f6rerna av hydraulcylindrar p\u00e5 b\u00e5de inhemska och internationella marknader. V\u00e5rt engagemang f\u00f6r h\u00f6gsta kvalitet uppr\u00e4tth\u00e5lls genom v\u00e5r industrialiserade produktionsstrategi, utnyttjande av sofistikerade tillverkningsanl\u00e4ggningar och f\u00f6rb\u00e4ttring av teknisk expertis och produktionseffektivitet. Genom att introducera avancerad digital tillverkningsutrustning och professionella testsystem kan vi...<\/p>","protected":false},"excerpt":{"rendered":"<p>Arm Cylinder For Sumitomo Small Excavator SH130-5 Arm Cylinder For Sumitomo Small Excavator SH130-5 Introduction The arm cylinder is a specially designed hydraulic cylinder that is used to provide linear motion and power to the arm of various machinery, such as excavators, cranes, and robotic arms. The arm cylinder plays a crucial role in hydraulic [&hellip;]<\/p>","protected":false},"featured_media":14779,"comment_status":"open","ping_status":"closed","template":"","meta":{"_et_pb_use_builder":"","_et_pb_old_content":"","_et_gb_content_width":""},"product_brand":[],"product_cat":[1497],"product_tag":[1498,1496],"class_list":{"0":"post-16095","1":"product","2":"type-product","3":"status-publish","4":"has-post-thumbnail","6":"product_cat-arm-cylinders","7":"product_tag-arm-cylinders","8":"product_tag-hydraulic-cylinders","10":"first","11":"instock","12":"shipping-taxable","13":"product-type-simple"},"amp_enabled":true,"_links":{"self":[{"href":"https:\/\/www.hydraulic-cylinders.net\/sv\/wp-json\/wp\/v2\/product\/16095","targetHints":{"allow":["GET"]}}],"collection":[{"href":"https:\/\/www.hydraulic-cylinders.net\/sv\/wp-json\/wp\/v2\/product"}],"about":[{"href":"https:\/\/www.hydraulic-cylinders.net\/sv\/wp-json\/wp\/v2\/types\/product"}],"replies":[{"embeddable":true,"href":"https:\/\/www.hydraulic-cylinders.net\/sv\/wp-json\/wp\/v2\/comments?post=16095"}],"wp:featuredmedia":[{"embeddable":true,"href":"https:\/\/www.hydraulic-cylinders.net\/sv\/wp-json\/wp\/v2\/media\/14779"}],"wp:attachment":[{"href":"https:\/\/www.hydraulic-cylinders.net\/sv\/wp-json\/wp\/v2\/media?parent=16095"}],"wp:term":[{"taxonomy":"product_brand","embeddable":true,"href":"https:\/\/www.hydraulic-cylinders.net\/sv\/wp-json\/wp\/v2\/product_brand?post=16095"},{"taxonomy":"product_cat","embeddable":true,"href":"https:\/\/www.hydraulic-cylinders.net\/sv\/wp-json\/wp\/v2\/product_cat?post=16095"},{"taxonomy":"product_tag","embeddable":true,"href":"https:\/\/www.hydraulic-cylinders.net\/sv\/wp-json\/wp\/v2\/product_tag?post=16095"}],"curies":[{"name":"wp","href":"https:\/\/api.w.org\/{rel}","templated":true}]}}