{"id":16111,"date":"2025-01-20T08:30:04","date_gmt":"2025-01-20T08:30:04","guid":{"rendered":"https:\/\/www.hydraulic-cylinders.net\/product\/arm-cylinderfor-sumitomo-large-excavator-sh350-5\/"},"modified":"2025-01-20T08:30:07","modified_gmt":"2025-01-20T08:30:07","slug":"arm-cylinderfor-sumitomo-large-excavator-sh350-5","status":"publish","type":"product","link":"https:\/\/www.hydraulic-cylinders.net\/sv\/produkt\/arm-cylinderfor-sumitomo-large-excavator-sh350-5\/","title":{"rendered":"Armcylinder f\u00f6r Sumitomo stor gr\u00e4vmaskin SH350-5"},"content":{"rendered":"<h1>Armcylinder f\u00f6r Sumitomo stor gr\u00e4vmaskin SH350-5<\/h1>\n<h2>Introduktion<\/h2>\n<p>En armcylinder \u00e4r en specialdesignad hydraulcylinder som anv\u00e4nds f\u00f6r att ge linj\u00e4r r\u00f6relse och kraft till armarna p\u00e5 olika typer av maskiner, s\u00e5som gr\u00e4vmaskiner, kranar och robotarmar. Armcylindern spelar en nyckelroll i det hydrauliska systemet och m\u00f6jligg\u00f6r effektiv r\u00f6relse och kontroll av redskap och tillbeh\u00f6r. Dessa cylindrar ger inte bara j\u00e4mn r\u00f6relse utan t\u00e5l \u00e4ven tunga belastningar, vilket s\u00e4kerst\u00e4ller effektiv drift och tillf\u00f6rlitlighet hos maskineriet under olika arbetsf\u00f6rh\u00e5llanden.<\/p>\n<p><img decoding=\"async\" src=\"https:\/\/www.hydraulic-cylinders.net\/wp-content\/uploads\/2025\/01\/songte-company-2.webp\" alt=\"Bild av armcylinder\"><\/p>\n<h2>Drag<\/h2>\n<ul>\n<li>\n<h3>H\u00f6geffektiv drivning<\/h3>\n<p>Armcylindern ger kraftfull linj\u00e4r r\u00f6relse och kraft, vilket s\u00e4kerst\u00e4ller h\u00f6g effektivitet hos maskinarmen i olika operationer.<\/p>\n<\/li>\n<li>\n<h3>Exakt kontroll<\/h3>\n<p>Genom det hydrauliska systemet kan armcylindern uppn\u00e5 exakt r\u00f6relsekontroll, vilket g\u00f6r man\u00f6vreringen av redskap mer flexibel och exakt.<\/p>\n<\/li>\n<li>\n<h3>Stark h\u00e5llbarhet<\/h3>\n<p>Armcylindrar \u00e4r vanligtvis tillverkade av h\u00f6gh\u00e5llfasta material med god slitstyrka och korrosionsbest\u00e4ndighet, l\u00e4mpliga f\u00f6r l\u00e5ngvarig anv\u00e4ndning i tuffa milj\u00f6er.<\/p>\n<\/li>\n<li>\n<h3>Multifunktionell anpassningsf\u00f6rm\u00e5ga<\/h3>\n<p>Dessa cylindrar kan anv\u00e4ndas i stor utstr\u00e4ckning i olika maskiner och utrustning, s\u00e5som gr\u00e4vmaskiner, kranar och robotarmar, och anpassas till olika arbetsbehov.<\/p>\n<\/li>\n<li>\n<h3>Enkelt underh\u00e5ll<\/h3>\n<p>Designaspekter f\u00f6r enkelt underh\u00e5ll och utbyte g\u00f6r regelbundna inspektioner och underh\u00e5ll enklare, vilket minskar stillest\u00e5ndstiden f\u00f6r utrustningen.<\/p>\n<\/li>\n<\/ul>\n<p>Vi kan producera den h\u00e4r produkten, och v\u00e5r produkt kan perfekt ers\u00e4tta dessa hydraulcylindrar.<\/p>\n<p><img decoding=\"async\" src=\"https:\/\/www.hydraulic-cylinders.net\/wp-content\/uploads\/2025\/01\/songte-oil-pipes-and-spare-parts.webp\" alt=\"Bild av oljer\u00f6r och reservdelar\"><\/p>\n<h2>Applikationer<\/h2>\n<p>Armcylindern har ett brett anv\u00e4ndningsomr\u00e5de, inklusive:<\/p>\n<ul>\n<li>\n<h3>Byggprojekt<\/h3>\n<p>I gr\u00e4vmaskiner och kranar anv\u00e4nds armcylindern f\u00f6r att styra skopans eller bommens r\u00f6relse vid markarbete, materialhantering och strukturell installation.<\/p>\n<\/li>\n<li>\n<h3>Tillverkningsindustrin<\/h3>\n<p>I automatiserade produktionslinjer anv\u00e4nds armcylindern f\u00f6r att f\u00f6rflytta robotarmar vid montering, svetsning och hantering, vilket f\u00f6rb\u00e4ttrar produktionseffektiviteten och noggrannheten.<\/p>\n<\/li>\n<li>\n<h3>Jordbruksmaskiner<\/h3>\n<p>I jordbruksmaskiner som sk\u00f6rdetr\u00f6skor och s\u00e5maskiner styr armcylindern r\u00f6relsen hos man\u00f6verarmen f\u00f6r uppgifter som s\u00e5dd, g\u00f6dsling och sk\u00f6rd.<\/p>\n<\/li>\n<li>\n<h3>Brytning<\/h3>\n<p>I gruvutrustning anv\u00e4nds armcylindern f\u00f6r att styra armr\u00f6relsen p\u00e5 gruvutrustning, f\u00f6r gruvdrift och transport av malm.<\/p>\n<\/li>\n<li>\n<h3>Logistik och transport<\/h3>\n<p>I gaffeltruckar och materialhanteringsrobotar anv\u00e4nds armcylindern f\u00f6r att styra lyftning och r\u00f6relse av gafflarna, vilket m\u00f6jligg\u00f6r transport och stapling av material.<\/p>\n<\/li>\n<\/ul>\n<h2>Design\u00f6verv\u00e4ganden och urvalskriterier<\/h2>\n<p>Vid konstruktion och val av armcylinder m\u00e5ste viktiga faktorer som b\u00e4rf\u00f6rm\u00e5ga, t\u00e4tning, h\u00e5llbarhet, s\u00e4kerhet och underh\u00e5llsv\u00e4nlighet beaktas:<\/p>\n<ul>\n<li>\n<h3>B\u00e4rf\u00f6rm\u00e5ga<\/h3>\n<p>Armcylindern m\u00e5ste kunna motst\u00e5 redskapets vikt och belastningen under drift.<\/p>\n<\/li>\n<li>\n<h3>T\u00e4tning<\/h3>\n<p>Olika t\u00e4tningselement som kolvt\u00e4tningar och st\u00e5ngt\u00e4tningar b\u00f6r anv\u00e4ndas f\u00f6r att s\u00e4kerst\u00e4lla att hydraulv\u00e4tskan i cylindern inte l\u00e4cker.<\/p>\n<\/li>\n<li>\n<h3>Varaktighet<\/h3>\n<p>Armcylindern b\u00f6r vara tillverkad av material som t\u00e5l slitage och korrosion, och cylinderns och de g\u00e4ngade \u00e4ndarnas yta b\u00f6r vara finbearbetade f\u00f6r att f\u00f6rb\u00e4ttra slitstyrkan.<\/p>\n<\/li>\n<li>\n<h3>S\u00e4kerhet<\/h3>\n<p>S\u00e4kerhetsfunktioner som tryckavlastningsventiler b\u00f6r installeras f\u00f6r att f\u00f6rhindra skador p\u00e5 cylindern och s\u00e4kerst\u00e4lla operat\u00f6rens s\u00e4kerhet.<\/p>\n<\/li>\n<li>\n<h3>Underh\u00e5llbarhet<\/h3>\n<p>Armcylindern b\u00f6r vara konstruerad f\u00f6r enkelt underh\u00e5ll och utbyte av komponenter, och b\u00f6r sm\u00f6rjas regelbundet med hydraulolja.<\/p>\n<\/li>\n<\/ul>\n<p><img decoding=\"async\" src=\"https:\/\/www.hydraulic-cylinders.net\/wp-content\/uploads\/2025\/01\/songte-cylinder-head-with-all-kinds-excavator-models.webp\" alt=\"Bild av cylinderhuvud med gr\u00e4vmaskinsmodeller\"><\/p>\n<h2>T\u00e4tning och sm\u00f6rjning<\/h2>\n<p>Armcylindern anv\u00e4nder olika t\u00e4tningselement som kolvt\u00e4tningar och st\u00e5ngt\u00e4tningar tillverkade av slitstarka material som polyuretan och nitrilgummi f\u00f6r att s\u00e4kerst\u00e4lla en t\u00e4t t\u00e4tning. Cylinderhuset och den g\u00e4ngade \u00e4ndytan \u00e4r fint bearbetade f\u00f6r att f\u00f6rb\u00e4ttra slitstyrkan. Det \u00e4r n\u00f6dv\u00e4ndigt att regelbundet tills\u00e4tta hydraulolja f\u00f6r att sm\u00f6rja cylindern och minska slitaget.<\/p>\n<h2>Periodisk inspektion och f\u00f6rebyggande underh\u00e5ll<\/h2>\n<p>Regelbundna inspektioner och f\u00f6rebyggande underh\u00e5ll \u00e4r n\u00f6dv\u00e4ndiga f\u00f6r att s\u00e4kerst\u00e4lla att armcylindern fungerar smidigt och effektivt. N\u00e5gra \u00e5tg\u00e4rder inkluderar:<\/p>\n<ul>\n<li>\n<h3>Regelbunden inspektion<\/h3>\n<p>Kontrollera armcylindern regelbundet f\u00f6r slitage och skador och s\u00e4kerst\u00e4ll att det inte finns n\u00e5got l\u00e4ckage av hydraulv\u00e4tska.<\/p>\n<\/li>\n<li>\n<h3>F\u00f6rebyggande underh\u00e5ll<\/h3>\n<p>Byt ut t\u00e4tningselementen i tid och sm\u00f6rj cylindern regelbundet med hydraulolja.<\/p>\n<\/li>\n<\/ul>\n<h2>Installationsguide<\/h2>\n<p>Korrekt installation av armcylindern \u00e4r avg\u00f6rande f\u00f6r att s\u00e4kerst\u00e4lla optimal prestanda:<\/p>\n<ol>\n<li>\n<h3>F\u00f6rbereda<\/h3>\n<p>Innan installation, kontrollera cylindern och komponenterna f\u00f6r skador eller slitage. Se till att installationsplatsen \u00e4r ren och fri fr\u00e5n skr\u00e4p.<\/p>\n<\/li>\n<li>\n<h3>Installera<\/h3>\n<p>Montera armcylindern och anslut den till hydraulsystemet. S\u00e4kerst\u00e4ll att alla anslutningar \u00e4r \u00e5tdragna enligt tillverkarens specifikationer.<\/p>\n<\/li>\n<li>\n<h3>Testa<\/h3>\n<p>Testa armcylindern f\u00f6r att s\u00e4kerst\u00e4lla att den fungerar smidigt och effektivt. Kontrollera eventuella l\u00e4ckor och se till att redskapet r\u00f6r sig i r\u00e4tt riktning.<\/p>\n<\/li>\n<\/ol>\n<p><img decoding=\"async\" src=\"https:\/\/www.hydraulic-cylinders.net\/wp-content\/uploads\/2025\/01\/songte-bushings-with-all-kinds-of-excavator-models.webp\" alt=\"Bussningar med gr\u00e4vmaskinsmodellbild\"><\/p>\n<h2>S\u00e4kerhets- och milj\u00f6h\u00e4nsyn<\/h2>\n<p>N\u00e4r man anv\u00e4nder armcylindern \u00e4r det viktigt att f\u00f6lja s\u00e4kerhetsf\u00f6reskrifterna f\u00f6r att f\u00f6rhindra olyckor. S\u00e4kerhetsfunktioner som tryckavlastningsventiler b\u00f6r installeras f\u00f6r att f\u00f6rhindra skador p\u00e5 cylindern och s\u00e4kerst\u00e4lla operat\u00f6rens s\u00e4kerhet. Milj\u00f6h\u00e4nsyn b\u00f6r ocks\u00e5 beaktas. Hydraulv\u00e4tska b\u00f6r kasseras p\u00e5 r\u00e4tt s\u00e4tt f\u00f6r att f\u00f6rhindra milj\u00f6f\u00f6roreningar.<\/p>\n<h2>Fels\u00f6kning och vanliga problem<\/h2>\n<p>Vanliga problem med armcylindern inkluderar l\u00e4ckage, slitage och skador. N\u00e5gra fels\u00f6kningstips och l\u00f6sningar inkluderar:<\/p>\n<ul>\n<li>\n<h3>L\u00e4ckage<\/h3>\n<p>Kontrollera t\u00e4tningarna f\u00f6r skador eller slitage och byt ut dem vid behov.<\/p>\n<\/li>\n<li>\n<h3>B\u00e4ra<\/h3>\n<p>Kontrollera cylindern f\u00f6r slitage och byt ut den vid behov.<\/p>\n<\/li>\n<li>\n<h3>Skada<\/h3>\n<p>Om cylindern \u00e4r skadad b\u00f6r den bytas ut mot en ny.<\/p>\n<\/li>\n<\/ul>\n<p>F\u00f6rebyggande \u00e5tg\u00e4rder inkluderar regelbunden inspektion och underh\u00e5ll samt korrekt sm\u00f6rjning.<\/p>\n<p><img decoding=\"async\" src=\"https:\/\/www.hydraulic-cylinders.net\/wp-content\/uploads\/2025\/01\/songte-chushion-collar.webp\" alt=\"Bild av kuddekrage\"><\/p>\n<h2>Om oss<\/h2>\n<p>Vi \u00e4r en professionell tillverkare av hydraulcylindrar f\u00f6r ers\u00e4ttning. Vi har ett brett produktsortiment och har blivit en av de ledande tillverkarna och grossistdistribut\u00f6rerna av hydraulcylindrar p\u00e5 den inhemska och internationella marknaden. Vi f\u00f6ljer alltid principen om utm\u00e4rkt kvalitet, f\u00f6rlitar oss p\u00e5 den industrialiserade produktionsstrategin fr\u00e5n f\u00f6rfinade tillverkningsverkst\u00e4der och f\u00f6rb\u00e4ttrar st\u00e4ndigt v\u00e5r tekniska niv\u00e5 och produktionseffektivitet. Genom att introducera avancerad digital tillverkningsutrustning och professionella testsystem optimerar vi kontinuerligt tillverkningsplattformen, f\u00f6rb\u00e4ttrar produktkvalitetskontrollprocessen och har stark innovationsf\u00f6rm\u00e5ga. V\u00e5rt m\u00e5l \u00e4r att m\u00f6ta v\u00e5ra kunders olika behov med h\u00f6g effektivitet, noggrannhet och h\u00f6g kvalitet.<\/p>\n<p><img decoding=\"async\" src=\"https:\/\/www.hydraulic-cylinders.net\/wp-content\/uploads\/2025\/01\/songte-company-4.webp\" alt=\"F\u00f6retagsbild\"><br \/>\n<img decoding=\"async\" src=\"https:\/\/www.hydraulic-cylinders.net\/wp-content\/uploads\/2025\/01\/songte-company-3.webp\" alt=\"F\u00f6retagsbild\"><\/p>\n<p>Vi erbjuder professionella, internationellt certifierade och kundanpassade tj\u00e4nster, och v\u00e5r produktionsutrustning och eftermarknadsservice \u00e4r av h\u00f6gsta kvalitet.<\/p>\n<p>F\u00f6rfattare: lyl<\/p>","protected":false},"excerpt":{"rendered":"<p>Arm Cylinder for Sumitomo Large Excavator SH350-5 Introduction An arm cylinder is a specially designed hydraulic cylinder used to provide linear motion and power to the arms of various types of machinery such as excavators, cranes, and robotic arms. The arm cylinder plays a key role in the hydraulic system, allowing for effective movement and [&hellip;]<\/p>","protected":false},"featured_media":14763,"comment_status":"open","ping_status":"closed","template":"","meta":{"_et_pb_use_builder":"","_et_pb_old_content":"","_et_gb_content_width":""},"product_brand":[],"product_cat":[1497],"product_tag":[1498,1496],"class_list":{"0":"post-16111","1":"product","2":"type-product","3":"status-publish","4":"has-post-thumbnail","6":"product_cat-arm-cylinders","7":"product_tag-arm-cylinders","8":"product_tag-hydraulic-cylinders","10":"first","11":"instock","12":"shipping-taxable","13":"product-type-simple"},"amp_enabled":true,"_links":{"self":[{"href":"https:\/\/www.hydraulic-cylinders.net\/sv\/wp-json\/wp\/v2\/product\/16111","targetHints":{"allow":["GET"]}}],"collection":[{"href":"https:\/\/www.hydraulic-cylinders.net\/sv\/wp-json\/wp\/v2\/product"}],"about":[{"href":"https:\/\/www.hydraulic-cylinders.net\/sv\/wp-json\/wp\/v2\/types\/product"}],"replies":[{"embeddable":true,"href":"https:\/\/www.hydraulic-cylinders.net\/sv\/wp-json\/wp\/v2\/comments?post=16111"}],"wp:featuredmedia":[{"embeddable":true,"href":"https:\/\/www.hydraulic-cylinders.net\/sv\/wp-json\/wp\/v2\/media\/14763"}],"wp:attachment":[{"href":"https:\/\/www.hydraulic-cylinders.net\/sv\/wp-json\/wp\/v2\/media?parent=16111"}],"wp:term":[{"taxonomy":"product_brand","embeddable":true,"href":"https:\/\/www.hydraulic-cylinders.net\/sv\/wp-json\/wp\/v2\/product_brand?post=16111"},{"taxonomy":"product_cat","embeddable":true,"href":"https:\/\/www.hydraulic-cylinders.net\/sv\/wp-json\/wp\/v2\/product_cat?post=16111"},{"taxonomy":"product_tag","embeddable":true,"href":"https:\/\/www.hydraulic-cylinders.net\/sv\/wp-json\/wp\/v2\/product_tag?post=16111"}],"curies":[{"name":"wp","href":"https:\/\/api.w.org\/{rel}","templated":true}]}}