{"id":16129,"date":"2025-01-20T08:31:43","date_gmt":"2025-01-20T08:31:43","guid":{"rendered":"https:\/\/www.hydraulic-cylinders.net\/product\/arm-cylinderfor-caterpillar-small-excavator-e308b\/"},"modified":"2025-01-20T08:31:45","modified_gmt":"2025-01-20T08:31:45","slug":"arm-cylinderfor-caterpillar-small-excavator-e308b","status":"publish","type":"product","link":"https:\/\/www.hydraulic-cylinders.net\/sv\/produkt\/arm-cylinderfor-caterpillar-small-excavator-e308b\/","title":{"rendered":"Armcylinder f\u00f6r Caterpillar liten gr\u00e4vmaskin E308B"},"content":{"rendered":"<h1>Armcylinder f\u00f6r Caterpillar liten gr\u00e4vmaskin E308B<\/h1>\n<h2>Introduktion<\/h2>\n<p>En armcylinder \u00e4r en specialdesignad hydraulcylinder som ger linj\u00e4r r\u00f6relse och kraft till armen p\u00e5 olika maskiner, s\u00e5som gr\u00e4vmaskiner, kranar och robotarmar. Den spelar en avg\u00f6rande roll i hydrauliska system och m\u00f6jligg\u00f6r effektiv f\u00f6rflyttning och kontroll av ytterligare verktyg eller redskap. Dessa cylindrar underl\u00e4ttar inte bara smidig r\u00f6relse utan t\u00e5l \u00e4ven tunga belastningar, vilket s\u00e4kerst\u00e4ller effektiv drift och tillf\u00f6rlitlighet hos maskiner under olika arbetsf\u00f6rh\u00e5llanden.<\/p>\n<p><img decoding=\"async\" src=\"https:\/\/www.hydraulic-cylinders.net\/wp-content\/uploads\/2025\/01\/songte-company-2.webp\" alt=\"Armcylinder\" \/><\/p>\n<h2>Drag<\/h2>\n<ul>\n<li><strong>H\u00f6geffektiv transmission:<\/strong> Armcylindern ger kraftfull linj\u00e4r r\u00f6relse och kraft, vilket s\u00e4kerst\u00e4ller h\u00f6g prestanda f\u00f6r maskinarmen i olika operationer.<\/li>\n<li><strong>Exakt kontroll:<\/strong> Genom det hydrauliska systemet m\u00f6jligg\u00f6r armcylindern exakt r\u00f6relsekontroll, vilket g\u00f6r man\u00f6vreringen av anslutna verktyg mer flexibel och exakt.<\/li>\n<li><strong>Varaktighet:<\/strong> Armcylindrar \u00e4r vanligtvis tillverkade av h\u00f6gh\u00e5llfasta material, vilket ger utm\u00e4rkt slitage- och korrosionsbest\u00e4ndighet, vilket g\u00f6r dem l\u00e4mpliga f\u00f6r l\u00e5ngvarig anv\u00e4ndning i tuffa milj\u00f6er.<\/li>\n<li><strong>Multifunktionell anpassningsf\u00f6rm\u00e5ga:<\/strong> Dessa cylindrar kan anv\u00e4ndas i stor utstr\u00e4ckning i olika maskiner s\u00e5som gr\u00e4vmaskiner, kranar och robotarmar, och anpassas till olika arbetskrav.<\/li>\n<li><strong>Enkelt underh\u00e5ll:<\/strong> Armcylindern \u00e4r konstruerad f\u00f6r enkelt underh\u00e5ll och utbyte och m\u00f6jligg\u00f6r bekv\u00e4ma regelbundna inspektioner och underh\u00e5ll, vilket minskar stillest\u00e5ndstiden f\u00f6r utrustningen.<\/li>\n<\/ul>\n<p><img decoding=\"async\" src=\"https:\/\/www.hydraulic-cylinders.net\/wp-content\/uploads\/2025\/01\/songte-oil-pipes-and-spare-parts.webp\" alt=\"Hydraulcylinder\" \/><\/p>\n<h2>Applikationer<\/h2>\n<p>Armcylindern anv\u00e4nds inom olika branscher:<\/p>\n<h3>1. Byggteknik<\/h3>\n<p>I gr\u00e4vmaskiner och kranar styr armcylindern skopans eller bommens r\u00f6relse f\u00f6r schaktning, materialhantering och strukturell installation.<\/p>\n<h3>2. Tillverkning<\/h3>\n<p>I automatiserade produktionslinjer underl\u00e4ttar armcylindern robotarmarnas r\u00f6relse f\u00f6r montering, svetsning och materialhantering, vilket f\u00f6rb\u00e4ttrar produktionseffektiviteten och precisionen.<\/p>\n<h3>3. Jordbruksmaskiner<\/h3>\n<p>I jordbruksutrustning som sk\u00f6rdetr\u00f6skor och s\u00e5maskiner styr armcylindern r\u00f6relsen hos man\u00f6verarmarna och utf\u00f6r uppgifter som s\u00e5dd, g\u00f6dsling och sk\u00f6rd.<\/p>\n<h3>4. Gruvdrift<\/h3>\n<p>I gruvutrustning styr armcylindern armr\u00f6relsen hos gruvmaskiner f\u00f6r malmutvinning och transport.<\/p>\n<h3>5. Logistik och transport<\/h3>\n<p>I gaffeltruckar och hanteringsrobotar styr armcylindern lyftningen och r\u00f6relsen av gafflarna, vilket m\u00f6jligg\u00f6r materialhantering och stapling.<\/p>\n<p><img decoding=\"async\" src=\"https:\/\/www.hydraulic-cylinders.net\/wp-content\/uploads\/2025\/01\/songte-cylinder-head-with-all-kinds-excavator-models.webp\" alt=\"Topplock\" \/><\/p>\n<h2>Design\u00f6verv\u00e4ganden och urvalskriterier<\/h2>\n<p>N\u00e4r det g\u00e4ller design\u00f6verv\u00e4ganden och urvalskriterier f\u00f6r armcylindrar b\u00f6r flera viktiga faktorer beaktas:<\/p>\n<ul>\n<li><strong>B\u00e4rf\u00f6rm\u00e5ga:<\/strong> Armcylindrar ska kunna hantera de erforderliga belastningarna utan att kompromissa med prestanda eller s\u00e4kerhet.<\/li>\n<li><strong>T\u00e4tning:<\/strong> Olika t\u00e4tningskomponenter, s\u00e5som kolvt\u00e4tningar och kolvst\u00e5ngst\u00e4tningar, b\u00f6r anv\u00e4ndas, helst tillverkade av slitstarka material som polyuretan eller nitrilgummi.<\/li>\n<li><strong>Varaktighet:<\/strong> Cylinderhuset och de g\u00e4ngade \u00e4ndarna b\u00f6r genomg\u00e5 noggrann bearbetning f\u00f6r att f\u00f6rb\u00e4ttra slitstyrkan och s\u00e4kerst\u00e4lla l\u00e5ngvarig prestanda.<\/li>\n<li><strong>S\u00e4kerhet:<\/strong> Att f\u00f6lja s\u00e4kerhetsstandarder och integrera s\u00e4kerhetsfunktioner i konstruktionen \u00e4r avg\u00f6rande f\u00f6r att f\u00f6rhindra olyckor och s\u00e4kerst\u00e4lla f\u00f6rarens v\u00e4lbefinnande.<\/li>\n<li><strong>Underh\u00e5llbarhet:<\/strong> Enkel \u00e5tkomst f\u00f6r underh\u00e5ll och effektiv reparationsm\u00f6jlighet b\u00f6r beaktas i konstruktionen, vilket minskar stillest\u00e5ndstid och underh\u00e5llskostnader.<\/li>\n<\/ul>\n<p><img decoding=\"async\" src=\"https:\/\/www.hydraulic-cylinders.net\/wp-content\/uploads\/2025\/01\/songte-chushion-collar.webp\" alt=\"Kuddekrage\" \/><\/p>\n<h2>T\u00e4tning och sm\u00f6rjning<\/h2>\n<p>Armcylindrar b\u00f6r anv\u00e4nda olika t\u00e4tningskomponenter f\u00f6r att uppr\u00e4tth\u00e5lla effektiv t\u00e4tning, s\u00e5som kolvt\u00e4tningar och st\u00e5ngt\u00e4tningar. Dessa t\u00e4tningar b\u00f6r vara tillverkade av slitstarka material som polyuretan eller nitrilgummi. Dessutom b\u00f6r cylinderhuset och de g\u00e4ngade \u00e4ndarna genomg\u00e5 finbearbetning f\u00f6r att f\u00f6rb\u00e4ttra slitstyrkan. Regelbunden sm\u00f6rjning med en l\u00e4mplig m\u00e4ngd hydraulolja \u00e4r n\u00f6dv\u00e4ndig f\u00f6r att s\u00e4kerst\u00e4lla smidig drift.<\/p>\n<h2>Regelbunden inspektion och f\u00f6rebyggande underh\u00e5ll<\/h2>\n<p>Regelbunden inspektion och f\u00f6rebyggande underh\u00e5lls\u00e5tg\u00e4rder bidrar till att s\u00e4kerst\u00e4lla optimal prestanda och livsl\u00e4ngd f\u00f6r armcylindrarna:<\/p>\n<ul>\n<li>Kontrollera t\u00e4tningarna f\u00f6r slitage eller skador och byt ut dem vid behov.<\/li>\n<li>Kontrollera eventuella l\u00e4ckor och reparera eller byt ut defekta komponenter omedelbart.<\/li>\n<li>\u00d6vervaka cylinderns prestanda, inklusive j\u00e4mnhet i drift och reaktionstid.<\/li>\n<li>H\u00e5ll cylindern ren och fri fr\u00e5n f\u00f6roreningar som kan skada t\u00e4tningarna.<\/li>\n<li>F\u00f6lj tillverkarens riktlinjer f\u00f6r underh\u00e5llsintervall och procedurer.<\/li>\n<\/ul>\n<h2>Produktinstallationsguide<\/h2>\n<p>Korrekt installation av armcylindern \u00e4r avg\u00f6rande f\u00f6r optimal prestanda och s\u00e4kerhet. F\u00f6lj dessa riktlinjer:<\/p>\n<ul>\n<li>Se till att monteringsytan \u00e4r ren och fri fr\u00e5n skr\u00e4p.<\/li>\n<li>Applicera ett l\u00e4mpligt sm\u00f6rjmedel p\u00e5 monteringspunkterna.<\/li>\n<li>Rikta in cylindern och dra \u00e5t den ordentligt med de rekommenderade \u00e5tdragningsmomentspecifikationerna.<\/li>\n<li>Dubbelkolla alla anslutningar och kopplingar f\u00f6r att s\u00e4kerst\u00e4lla att de sitter ordentligt.<\/li>\n<li>Testa cylinderns funktion innan du tar den i bruk fullt ut.<\/li>\n<\/ul>\n<p><img decoding=\"async\" src=\"https:\/\/www.hydraulic-cylinders.net\/wp-content\/uploads\/2025\/01\/songte-bushings-with-all-kinds-of-excavator-models.webp\" alt=\"Bussningar\" \/><\/p>\n<h2>S\u00e4kerhetsaspekter och milj\u00f6faktorer<\/h2>\n<p>Vid anv\u00e4ndning av armcylindrar \u00e4r det viktigt att prioritera s\u00e4kerhets\u00e5tg\u00e4rder. Att f\u00f6lja s\u00e4kerhetsprotokoll och riktlinjer \u00e4r avg\u00f6rande f\u00f6r att f\u00f6rhindra olyckor och skador. Korrekt utbildning och medvetenhet om potentiella faror \u00e4r n\u00f6dv\u00e4ndig f\u00f6r operat\u00f6rer.<\/p>\n<h2>Feldiagnos och vanliga problem<\/h2>\n<p>Armcylindrar kan st\u00f6ta p\u00e5 olika fel och vanliga problem, inklusive:<\/p>\n<ul>\n<li>L\u00e4ckage fr\u00e5n t\u00e4tningar eller kopplingar<\/li>\n<li>F\u00f6rlust av effekt eller minskad prestanda<\/li>\n<li>Onormala ljud under drift<\/li>\n<li>Inkonsekvent eller ryckig r\u00f6relse<\/li>\n<li>\u00d6verdrivet slitage eller skador p\u00e5 t\u00e4tningar<\/li>\n<\/ul>\n<p>F\u00f6r att \u00e5tg\u00e4rda dessa problem, \u00f6verv\u00e4g f\u00f6ljande fels\u00f6kning och l\u00f6sningar:<\/p>\n<ul>\n<li>Inspektera och byt ut slitna eller skadade t\u00e4tningar.<\/li>\n<li>Kontrollera om det finns n\u00e5gra l\u00f6sa eller defekta kopplingar och dra \u00e5t eller byt ut vid behov.<\/li>\n<li>S\u00e4kerst\u00e4ll att hydraulsystemet har tillr\u00e4ckliga v\u00e4tskeniv\u00e5er och tryck.<\/li>\n<li>Reng\u00f6r cylindern och tillh\u00f6rande komponenter f\u00f6r att avl\u00e4gsna eventuella f\u00f6roreningar.<\/li>\n<li>Om problemet kvarst\u00e5r, kontakta en kvalificerad tekniker f\u00f6r vidare diagnos.<\/li>\n<\/ul>\n<p><img decoding=\"async\" src=\"https:\/\/www.hydraulic-cylinders.net\/wp-content\/uploads\/2025\/01\/songte-chushion-collar.webp\" alt=\"Kuddekrage\" \/><\/p>\n<h2>Om oss<\/h2>\n<p>Vi \u00e4r en professionell tillverkare av hydraulcylindrar f\u00f6r reservdelar och erbjuder ett brett utbud av produkter. Vi har blivit en av de ledande tillverkarna och grossistdistribut\u00f6rerna av hydraulcylindrar p\u00e5 den inhemska och internationella marknaden. Vi uppr\u00e4tth\u00e5ller principen om excellens och f\u00f6rb\u00e4ttrar kontinuerligt v\u00e5r tekniska kapacitet och produktionseffektivitet.<\/p>\n<p>Genom att introducera avancerad digital tillverkningsutrustning och professionella testsystem optimerar vi v\u00e5r tillverkningsplattform och f\u00f6rb\u00e4ttrar produktkvalitetskontrollprocesserna, vilket g\u00f6r att vi har stark innovationsf\u00f6rm\u00e5ga. V\u00e5rt m\u00e5l \u00e4r att m\u00f6ta kundernas olika behov med effektivitet, precision och h\u00f6gkvalitativa produkter.<\/p>\n<p><img decoding=\"async\" src=\"https:\/\/www.hydraulic-cylinders.net\/wp-content\/uploads\/2025\/01\/songte-company-4.webp\" alt=\"F\u00f6retag 1\" \/><br \/>\n<img decoding=\"async\" src=\"https:\/\/www.hydraulic-cylinders.net\/wp-content\/uploads\/2025\/01\/songte-company-3.webp\" alt=\"F\u00f6retag 2\" \/><\/p>\n<p><em>F\u00f6rfattare: lyl<\/em><\/p>","protected":false},"excerpt":{"rendered":"<p>Arm Cylinder For Caterpillar Small Excavator E308B Introduction An arm cylinder is a specially designed hydraulic cylinder that provides linear motion and power to the arm of various machinery, such as excavators, cranes, and robotic arms. It plays a critical role in hydraulic systems, enabling the effective movement and control of additional tools or attachments. [&hellip;]<\/p>","protected":false},"featured_media":14770,"comment_status":"open","ping_status":"closed","template":"","meta":{"_et_pb_use_builder":"","_et_pb_old_content":"","_et_gb_content_width":""},"product_brand":[],"product_cat":[1497],"product_tag":[1498,1496],"class_list":{"0":"post-16129","1":"product","2":"type-product","3":"status-publish","4":"has-post-thumbnail","6":"product_cat-arm-cylinders","7":"product_tag-arm-cylinders","8":"product_tag-hydraulic-cylinders","10":"first","11":"instock","12":"shipping-taxable","13":"product-type-simple"},"amp_enabled":true,"_links":{"self":[{"href":"https:\/\/www.hydraulic-cylinders.net\/sv\/wp-json\/wp\/v2\/product\/16129","targetHints":{"allow":["GET"]}}],"collection":[{"href":"https:\/\/www.hydraulic-cylinders.net\/sv\/wp-json\/wp\/v2\/product"}],"about":[{"href":"https:\/\/www.hydraulic-cylinders.net\/sv\/wp-json\/wp\/v2\/types\/product"}],"replies":[{"embeddable":true,"href":"https:\/\/www.hydraulic-cylinders.net\/sv\/wp-json\/wp\/v2\/comments?post=16129"}],"wp:featuredmedia":[{"embeddable":true,"href":"https:\/\/www.hydraulic-cylinders.net\/sv\/wp-json\/wp\/v2\/media\/14770"}],"wp:attachment":[{"href":"https:\/\/www.hydraulic-cylinders.net\/sv\/wp-json\/wp\/v2\/media?parent=16129"}],"wp:term":[{"taxonomy":"product_brand","embeddable":true,"href":"https:\/\/www.hydraulic-cylinders.net\/sv\/wp-json\/wp\/v2\/product_brand?post=16129"},{"taxonomy":"product_cat","embeddable":true,"href":"https:\/\/www.hydraulic-cylinders.net\/sv\/wp-json\/wp\/v2\/product_cat?post=16129"},{"taxonomy":"product_tag","embeddable":true,"href":"https:\/\/www.hydraulic-cylinders.net\/sv\/wp-json\/wp\/v2\/product_tag?post=16129"}],"curies":[{"name":"wp","href":"https:\/\/api.w.org\/{rel}","templated":true}]}}