{"id":1623,"date":"2023-10-08T08:41:38","date_gmt":"2023-10-08T08:41:38","guid":{"rendered":"https:\/\/hydraulic-cylinders.net\/?post_type=product&#038;p=1623"},"modified":"2025-04-11T02:55:33","modified_gmt":"2025-04-11T02:55:33","slug":"press-return-cylinder","status":"publish","type":"product","link":"https:\/\/www.hydraulic-cylinders.net\/sv\/produkt\/press-return-cylinder\/","title":{"rendered":"Tryck p\u00e5 returcylindern"},"content":{"rendered":"<h1 style=\"text-align: center;\"><strong>Tryck p\u00e5 returcylindern<\/strong><\/h1>\n<p><img loading=\"lazy\" decoding=\"async\" class=\"aligncenter wp-image-1624\" src=\"https:\/\/hydraulic-cylinders.net\/wp-content\/uploads\/2023\/10\/return-cylinder-1-300x300.webp\" alt=\"\" width=\"400\" height=\"400\" \/><\/p>\n<p>Pressreturcylindern \u00e4r en viktig komponent f\u00f6r att optimera pressningsoperationer inom olika branscher. Med sina avancerade funktioner och tillf\u00f6rlitliga prestanda erbjuder denna cylinder f\u00f6rb\u00e4ttrad effektivitet, noggrannhet och s\u00e4kerhet.<\/p>\n<p>The press return cylinder is valuable for enhancing efficiency, accuracy, and safety in pressing operations. With its robust construction, precise positioning, efficient return, and integrated safety features, this cylinder empowers you to achieve superior results. By following the recommended usage methods and maintenance practices, you can maximize your pressing operations&#8217; performance, productivity, and lifespan. Choose the press return cylinder to streamline critical processes and elevate operational excellence.<\/p>\n<p>Egenskaper f\u00f6r tryckreturcylindernyckel:<\/p>\n<ol>\n<li>Robust konstruktion:<\/li>\n<\/ol>\n<ul>\n<li>Pressreturcylindern \u00e4r konstruerad av h\u00f6gkvalitativa material, vilket s\u00e4kerst\u00e4ller h\u00e5llbarhet och livsl\u00e4ngd.<\/li>\n<li>Dess robusta design t\u00e5l tunga belastningar och tuffa driftsf\u00f6rh\u00e5llanden, vilket ger p\u00e5litlig prestanda i kr\u00e4vande industriella milj\u00f6er.<\/li>\n<\/ul>\n<ol start=\"2\">\n<li>Exakt positionering:<\/li>\n<\/ol>\n<ul>\n<li>Denna cylinder erbjuder exakt positioneringskontroll, vilket m\u00f6jligg\u00f6r noggrann inriktning av pressreturmekanismen.<\/li>\n<li>Dess exceptionella noggrannhet s\u00e4kerst\u00e4ller konsekvent och tillf\u00f6rlitlig positionering, vilket minimerar risken f\u00f6r fel eller feljusteringar.<\/li>\n<\/ul>\n<ol start=\"3\">\n<li>Effektiv avkastning:<\/li>\n<\/ol>\n<ul>\n<li>Pressreturcylindern m\u00f6jligg\u00f6r snabb och effektiv \u00e5terg\u00e5ng av pressmekanismen till utg\u00e5ngsl\u00e4get.<\/li>\n<li>Dess kraftfulla hydraulsystem m\u00f6jligg\u00f6r snabb r\u00f6relse, vilket minskar tomg\u00e5ngstiden och \u00f6kar den totala produktiviteten.<\/li>\n<\/ul>\n<ol start=\"4\">\n<li>S\u00e4kerhetsfunktioner:<\/li>\n<\/ol>\n<ul>\n<li>Denna cylinder har s\u00e4kerhetsfunktioner som tryckavlastningsventiler och n\u00f6dstoppsmekanismer.<\/li>\n<li>Dessa s\u00e4kerhetsfunktioner hj\u00e4lper till att skydda pressen och operat\u00f6ren, vilket f\u00f6rhindrar olyckor och minimerar risken f\u00f6r skador.<\/li>\n<\/ul>\n<h2><strong>Tryck p\u00e5 returcylinderparameter:<\/strong><\/h2>\n<table border=\"1\" cellspacing=\"0\" cellpadding=\"0\">\n<tbody>\n<tr>\n<td>Produktnamn<\/td>\n<td>Hydraulisk pressreturcylinder<\/td>\n<\/tr>\n<tr>\n<td>Drag:<\/td>\n<td>Ge returkraft f\u00f6r huvudcylinder och sidocylinder, uppdelad i kolvtyp\/kolvtyp<\/td>\n<\/tr>\n<tr>\n<td>Borrdiameter:<\/td>\n<td>180 mm\uff5e410 mm<\/td>\n<\/tr>\n<tr>\n<td>St\u00e5ngdiameter:<\/td>\n<td>\u00a0120 mm\uff5e360 mm<br \/>\nSlagl\u00e4ngd \u22644500 mm<\/td>\n<\/tr>\n<tr>\n<td>Tryckkraft:<\/td>\n<td>Maximalt 2612 kN<br \/>\n(Borrdiameter: 410 mm\/tryck 31,5 MPa)<\/td>\n<\/tr>\n<tr>\n<td>Kolv:<\/td>\n<td>\u00a0140 mm\uff5e360 mm<br \/>\nSlagl\u00e4ngd \u22643000 mm<\/td>\n<\/tr>\n<tr>\n<td>Kolvens tryckkraft:<\/td>\n<td>Maximalt 3206 kN<br \/>\n(Kolv 360 mm\/tryck 31,5 MPa)<\/td>\n<\/tr>\n<tr>\n<td>Hydraulisk pressreturcylinder applikationer:<\/td>\n<td>Hydraulisk press<\/td>\n<\/tr>\n<\/tbody>\n<\/table>\n<div class=\"txtboxL\">\n<div><\/div>\n<div class=\"txtboxL\">Drag:<\/div>\n<div class=\"txtboxR\">Ge returkraft f\u00f6r huvudcylinder och sidocylinder, uppdelad i kolvtyp\/kolvtyp<\/div>\n<div class=\"txtboxL\">Specifikation:<br \/>\nKolv<\/div>\n<div class=\"txtboxR\">Borrdiameter: 180 mm ~ 410 mm<br \/>\nSt\u00e5ngdiameter: 120 mm ~ 360 mm<br \/>\nSlagl\u00e4ngd \u22644500 mm<\/div>\n<div class=\"txtboxL\">Tryckkraft:<\/div>\n<div class=\"txtboxR\">Maximalt 2612 kN<br \/>\n(Borrdiameter: 410 mm\/tryck 31,5 MPa)<\/div>\n<div class=\"txtboxL\">Specifikation:<br \/>\nKolven<\/div>\n<div class=\"txtboxR\">Kolv: 140 mm ~ 360 mm<br \/>\nSlagl\u00e4ngd \u22643000 mm<\/div>\n<div class=\"txtboxL\">Tryckkraft:<\/div>\n<div class=\"txtboxR\">Maximalt 3206 kN<br \/>\n(Kolv 360 mm\/tryck 31,5 MPa)<\/div>\n<\/div>\n<h2><strong>Presscylinderfabrik:<\/strong><\/h2>\n<p><img loading=\"lazy\" decoding=\"async\" class=\"alignnone wp-image-1619 size-full\" src=\"https:\/\/hydraulic-cylinders.net\/wp-content\/uploads\/2023\/10\/press-cylinder.webp\" alt=\"\" width=\"1418\" height=\"946\" srcset=\"https:\/\/hydraulic-cylinders.net\/wp-content\/uploads\/2023\/10\/press-cylinder.webp 1418w, https:\/\/hydraulic-cylinders.net\/wp-content\/uploads\/2023\/10\/press-cylinder-1280x854.webp 1280w, https:\/\/hydraulic-cylinders.net\/wp-content\/uploads\/2023\/10\/press-cylinder-980x654.webp 980w, https:\/\/hydraulic-cylinders.net\/wp-content\/uploads\/2023\/10\/press-cylinder-480x320.webp 480w\" sizes=\"(min-width: 0px) and (max-width: 480px) 480px, (min-width: 481px) and (max-width: 980px) 980px, (min-width: 981px) and (max-width: 1280px) 1280px, (min-width: 1281px) 1418px, 100vw\" \/><\/p>\n<h2><strong>Anv\u00e4ndningsmetod f\u00f6r pressreturcylinder<\/strong><strong>:<\/strong><\/h2>\n<ol>\n<li><strong>Installation och integration:<\/strong><\/li>\n<\/ol>\n<ul>\n<li>Montera pressreturcylindern ordentligt p\u00e5 pressramen eller den avsedda monteringsplatsen.<\/li>\n<li>Ensure proper alignment and connection, following the manufacturer&#8217;s guidelines and recommendations.<\/li>\n<\/ul>\n<ol start=\"2\">\n<li><strong>Hydrauliska anslutningar:<\/strong><\/li>\n<\/ol>\n<ul>\n<li>Anslut pressreturcylindern till hydraulaggregatet med l\u00e4mpliga hydraulslangar och kopplingar.<\/li>\n<li>Kontrollera att de hydrauliska anslutningarna \u00e4r s\u00e4kra och l\u00e4ckagefria f\u00f6r att s\u00e4kerst\u00e4lla effektiv v\u00e4tske\u00f6verf\u00f6ring och s\u00e4ker drift.<\/li>\n<\/ul>\n<ol start=\"3\">\n<li><strong>Positioneringsjustering:<\/strong><\/li>\n<\/ol>\n<ul>\n<li>Justera pressreturcylinderns positionering enligt de specifika kraven f\u00f6r din pressapplikation.<\/li>\n<li>Follow the manufacturer&#8217;s instructions to set the desired starting and return positions for optimal performance.<\/li>\n<\/ul>\n<ol start=\"4\">\n<li><strong>Operativa kontroller:<\/strong><\/li>\n<\/ol>\n<ul>\n<li>Bekanta dig med de man\u00f6verorgan som pressreturcylindern tillhandah\u00e5ller.<\/li>\n<li>F\u00f6rst\u00e5 hur man initierar returr\u00f6relsen och ytterligare funktioner, s\u00e5som hastighetsreglering eller n\u00f6dstoppsfunktioner.<\/li>\n<\/ul>\n<h2><strong>Vilken hydraulisk lag anv\u00e4nder bromssystemet?<\/strong><\/h2>\n<p>The brake system in vehicles typically utilizes Pascal&#8217;s law of hydraulics. Pascal&#8217;s law states that when pressure is applied to a confined fluid, the pressure is transmitted equally in all directions. In the context of a hydraulic brake system, this principle allows for force transmission from the brake pedal to the brakes themselves.<\/p>\n<p>Here is a simplified explanation of how the brake system utilizes Pascal&#8217;s law:<\/p>\n<ol>\n<li><strong>Bromspedalens till\u00e4mpning:<\/strong>\n<ul>\n<li>N\u00e4r f\u00f6raren trycker p\u00e5 bromspedalen appliceras en mekanisk kraft p\u00e5 huvudcylindern.<\/li>\n<\/ul>\n<\/li>\n<li><strong>Huvudcylinder:<\/strong>\n<ul>\n<li>Huvudcylindern inneh\u00e5ller en kolv som r\u00f6r sig som svar p\u00e5 den kraft som appliceras av bromspedalen.<\/li>\n<li>N\u00e4r kolven r\u00f6r sig ut\u00f6var den tryck p\u00e5 bromsv\u00e4tskan i huvudcylindern.<\/li>\n<\/ul>\n<\/li>\n<li><strong>\u00d6verf\u00f6ring av tryck:<\/strong>\n<ul>\n<li>Pascal&#8217;s law comes into play at this point.<\/li>\n<li>Trycket som skapas av kolvens r\u00f6relse \u00f6verf\u00f6rs j\u00e4mnt genom bromsv\u00e4tskan i alla riktningar.<\/li>\n<\/ul>\n<\/li>\n<li><strong>Hydrauliska ledningar:<\/strong>\n<ul>\n<li>Bromsv\u00e4tskan, under tryck, fl\u00f6dar genom hydraulledningar eller bromsr\u00f6r.<\/li>\n<li>Dessa ledningar ansluter huvudcylindern till bromsoken eller hjulcylindrarna vid varje hjul.<\/li>\n<\/ul>\n<\/li>\n<li><strong>Bromsok\/Hjulcylindrar:<\/strong>\n<ul>\n<li>Bromsoken (i skivbromsar) eller hjulcylindrarna (i trumbromsar) f\u00e5r trycksatt bromsv\u00e4tska vid varje hjul.<\/li>\n<li>Trycket g\u00f6r att bromsoken eller cylindrarna ut\u00f6var kraft p\u00e5 bromsbel\u00e4ggen eller bromsbackarna, vilka trycker mot bromsskivorna eller bromstrummorna.<\/li>\n<\/ul>\n<\/li>\n<li><strong>Friktion och bromsverkan:<\/strong>\n<ul>\n<li>The friction between the brake pads and rotors (or shoes and drums) slows down or stops the vehicle&#8217;s wheels.<\/li>\n<\/ul>\n<\/li>\n<\/ol>\n<h2><strong>Fabrikens kapacitet och kapacitet:<\/strong><\/h2>\n<h3>(1) Montering<\/h3>\n<p>Vi har en f\u00f6rstklassig oberoende forsknings- och utvecklingsplattform. Verkstaden f\u00f6r tillverkning av hydraulcylindrar har fyra halvautomatiska monteringslinjer f\u00f6r lyftcylindrar och en automatisk monteringslinje f\u00f6r tiltcylindrar, med en planerad \u00e5rlig produktionskapacitet p\u00e5 1 miljon enheter. Specialcylinderverkstaden \u00e4r utrustad med olika specifikationer f\u00f6r ett halvautomatiskt reng\u00f6ringsmonteringssystem med en planerad \u00e5rlig produktionskapacitet p\u00e5 200 000 och utrustad med k\u00e4nd CNC-bearbetningsutrustning, ett fleroperationscenter, en specialutrustning f\u00f6r h\u00f6gprecisionscylindrar, en robotsvetsmaskin, en automatisk reng\u00f6ringsmaskin, en automatisk cylindermonteringsmaskin och en automatisk produktionslinje f\u00f6r m\u00e5lning. Befintlig kritisk utrustning p\u00e5 mer \u00e4n 300 set (set). Optimal allokering och effektiv anv\u00e4ndning av utrustningsresurser s\u00e4kerst\u00e4ller produkternas noggrannhetskrav och uppfyller produkternas h\u00f6ga kvalitetsbehov.<\/p>\n<p><img loading=\"lazy\" decoding=\"async\" class=\"alignnone wp-image-626\" src=\"https:\/\/hydraulic-cylinders.net\/wp-content\/uploads\/2023\/08\/hydraulic-cylinder-product-1-300x158.webp\" alt=\"\" width=\"495\" height=\"260\" srcset=\"https:\/\/hydraulic-cylinders.net\/wp-content\/uploads\/2023\/08\/hydraulic-cylinder-product-1-300x158.webp 495w, https:\/\/hydraulic-cylinders.net\/wp-content\/uploads\/2023\/08\/hydraulic-cylinder-product-1-480x252.webp 480w\" sizes=\"(min-width: 0px) and (max-width: 480px) 480px, (min-width: 481px) 495px, 100vw\" \/> <img loading=\"lazy\" decoding=\"async\" class=\"alignnone wp-image-627\" src=\"https:\/\/hydraulic-cylinders.net\/wp-content\/uploads\/2023\/08\/hydraulic-cylinder-product-2-300x189.webp\" alt=\"\" width=\"413\" height=\"260\" \/><\/p>\n<h3>(2) Maskinbearbetning<\/h3>\n<p>Bearbetningsverkstaden \u00e4r utrustad med en specialanpassad svarvcentral f\u00f6r lutande r\u00e4ls, bearbetningscenter, h\u00f6ghastighetsh\u00f6nsmaskin, svetsrobot och annan relaterad utrustning, som kan hantera bearbetning av cylinderr\u00f6r med en maximal innerdiameter p\u00e5 400 mm och en maximal l\u00e4ngd p\u00e5 6 meter.<\/p>\n<p><img loading=\"lazy\" decoding=\"async\" class=\"alignnone wp-image-628 size-large\" src=\"https:\/\/hydraulic-cylinders.net\/wp-content\/uploads\/2023\/08\/hydraulic-cylinder-product-3-1024x391.webp\" alt=\"\" width=\"1024\" height=\"391\" srcset=\"https:\/\/hydraulic-cylinders.net\/wp-content\/uploads\/2023\/08\/hydraulic-cylinder-product-3-980x374.webp 980w, https:\/\/hydraulic-cylinders.net\/wp-content\/uploads\/2023\/08\/hydraulic-cylinder-product-3-480x183.webp 480w\" sizes=\"(min-width: 0px) and (max-width: 480px) 480px, (min-width: 481px) and (max-width: 980px) 980px, (min-width: 981px) 1024px, 100vw\" \/><\/p>\n<h3>(3) Svetsning<\/h3>\n<p><img loading=\"lazy\" decoding=\"async\" class=\"alignnone wp-image-629 size-large\" src=\"https:\/\/hydraulic-cylinders.net\/wp-content\/uploads\/2023\/08\/hydraulic-cylinder-product-4-1024x510.webp\" alt=\"\" width=\"1024\" height=\"510\" srcset=\"https:\/\/hydraulic-cylinders.net\/wp-content\/uploads\/2023\/08\/hydraulic-cylinder-product-4-980x488.webp 980w, https:\/\/hydraulic-cylinders.net\/wp-content\/uploads\/2023\/08\/hydraulic-cylinder-product-4-480x239.webp 480w\" sizes=\"(min-width: 0px) and (max-width: 480px) 480px, (min-width: 481px) and (max-width: 980px) 980px, (min-width: 981px) 1024px, 100vw\" \/><\/p>\n<h3>(4) M\u00e5lning och ytbehandling<\/h3>\n<p>Med sm\u00e5 och medelstora cylindriska automatiska vattenbaserade f\u00e4rgbel\u00e4ggningslinjer, f\u00f6r att uppn\u00e5 automatisk robotlastning och lossning samt automatisk sprutning, \u00e4r den designade kapaciteten 4000 stycken per skift;<br \/>\nVi har \u00e4ven en halvautomatisk f\u00e4rgproduktionslinje f\u00f6r stora cylindrar som drivs av en sl\u00e4pkedja, med en designkapacitet p\u00e5 60 l\u00e5dor per skift.<\/p>\n<p><img loading=\"lazy\" decoding=\"async\" class=\"alignnone wp-image-630\" src=\"https:\/\/hydraulic-cylinders.net\/wp-content\/uploads\/2023\/08\/hydraulic-cylinder-product-5-300x213.webp\" alt=\"\" width=\"366\" height=\"260\" \/> <img loading=\"lazy\" decoding=\"async\" class=\"alignnone wp-image-631\" src=\"https:\/\/hydraulic-cylinders.net\/wp-content\/uploads\/2023\/08\/hydraulic-cylinder-product-6-300x225.webp\" alt=\"\" width=\"347\" height=\"260\" \/><\/p>\n<h3>(5) Testning<\/h3>\n<p>Vi har f\u00f6rstklassiga inspektionsanl\u00e4ggningar och testb\u00e4ddar f\u00f6r att s\u00e4kerst\u00e4lla att cylinderns prestanda uppfyller kraven.<\/p>\n<p><img loading=\"lazy\" decoding=\"async\" class=\"alignnone wp-image-632\" src=\"https:\/\/hydraulic-cylinders.net\/wp-content\/uploads\/2023\/08\/hydraulic-cylinder-product-8-300x200.webp\" alt=\"\" width=\"389\" height=\"260\" \/><\/p>\n<p>&nbsp;<\/p>\n<p>&nbsp;<\/p>\n<p>Vi \u00e4r en av de b\u00e4sta tillverkarna av hydraulcylindrar. Vi kan erbjuda ett helt\u00e4ckande utbud av hydraulcylindrar. Vi tillhandah\u00e5ller \u00e4ven motsvarande <a href=\"https:\/\/hzpt.com\/agricultural-pto-gearbox\/\" target=\"_blank\" rel=\"noopener\">jordbruksv\u00e4xell\u00e5dor<\/a>Vi har exporterat v\u00e5ra produkter till kunder \u00f6ver hela v\u00e4rlden och f\u00e5tt ett gott rykte tack vare v\u00e5r \u00f6verl\u00e4gsna produktkvalitet och kundservice. Vi v\u00e4lkomnar kunder b\u00e5de hemma och utomlands att kontakta oss f\u00f6r att f\u00f6rhandla aff\u00e4rer, utbyta information och <a href=\"https:\/\/www.hydraulic-cylinders.net\/sv\/contact-us\/\">samarbeta med oss<\/a>!<\/p>","protected":false},"excerpt":{"rendered":"<p>Press Return Cylinder The press return cylinder is a vital component in optimizing pressing operations in various industries. With its advanced features and reliable performance, this cylinder offers enhanced efficiency, accuracy, and safety. The press return cylinder is valuable for enhancing efficiency, accuracy, and safety in pressing operations. With its robust construction, precise positioning, efficient [&hellip;]<\/p>","protected":false},"featured_media":1625,"comment_status":"open","ping_status":"closed","template":"","meta":{"_et_pb_use_builder":"","_et_pb_old_content":"","_et_gb_content_width":""},"product_brand":[],"product_cat":[1522,1549,1376],"product_tag":[1380],"class_list":{"0":"post-1623","1":"product","2":"type-product","3":"status-publish","4":"has-post-thumbnail","6":"product_cat-press-hydraulic-cylinders","7":"product_cat-single-acting-hydraulic-cylinder","8":"product_cat-hydraulic-cylinder","9":"product_tag-hydraulic-cylinder","11":"first","12":"instock","13":"shipping-taxable","14":"product-type-simple"},"amp_enabled":true,"_links":{"self":[{"href":"https:\/\/www.hydraulic-cylinders.net\/sv\/wp-json\/wp\/v2\/product\/1623","targetHints":{"allow":["GET"]}}],"collection":[{"href":"https:\/\/www.hydraulic-cylinders.net\/sv\/wp-json\/wp\/v2\/product"}],"about":[{"href":"https:\/\/www.hydraulic-cylinders.net\/sv\/wp-json\/wp\/v2\/types\/product"}],"replies":[{"embeddable":true,"href":"https:\/\/www.hydraulic-cylinders.net\/sv\/wp-json\/wp\/v2\/comments?post=1623"}],"wp:featuredmedia":[{"embeddable":true,"href":"https:\/\/www.hydraulic-cylinders.net\/sv\/wp-json\/wp\/v2\/media\/1625"}],"wp:attachment":[{"href":"https:\/\/www.hydraulic-cylinders.net\/sv\/wp-json\/wp\/v2\/media?parent=1623"}],"wp:term":[{"taxonomy":"product_brand","embeddable":true,"href":"https:\/\/www.hydraulic-cylinders.net\/sv\/wp-json\/wp\/v2\/product_brand?post=1623"},{"taxonomy":"product_cat","embeddable":true,"href":"https:\/\/www.hydraulic-cylinders.net\/sv\/wp-json\/wp\/v2\/product_cat?post=1623"},{"taxonomy":"product_tag","embeddable":true,"href":"https:\/\/www.hydraulic-cylinders.net\/sv\/wp-json\/wp\/v2\/product_tag?post=1623"}],"curies":[{"name":"wp","href":"https:\/\/api.w.org\/{rel}","templated":true}]}}