{"id":1647,"date":"2023-10-10T06:38:09","date_gmt":"2023-10-10T06:38:09","guid":{"rendered":"https:\/\/hydraulic-cylinders.net\/?post_type=product&#038;p=1647"},"modified":"2025-04-11T03:46:26","modified_gmt":"2025-04-11T03:46:26","slug":"press-leveling-cylinder","status":"publish","type":"product","link":"https:\/\/www.hydraulic-cylinders.net\/sv\/produkt\/press-leveling-cylinder\/","title":{"rendered":"Pressniv\u00e5cylinder"},"content":{"rendered":"<h1 style=\"text-align: center;\"><strong>Pressniv\u00e5cylinder<\/strong><\/h1>\n<p><img loading=\"lazy\" decoding=\"async\" class=\"aligncenter wp-image-1648\" src=\"https:\/\/hydraulic-cylinders.net\/wp-content\/uploads\/2023\/10\/leveling-cylinder-1-300x300.webp\" alt=\"\" width=\"400\" height=\"400\" \/><\/p>\n<p>Pressnivelleringscylindern \u00e4r en toppmodern produkt med exceptionell precision och stabilitet i olika industriella till\u00e4mpningar. Med sina avancerade funktioner och robusta konstruktion erbjuder denna cylinder tillf\u00f6rlitliga nivelleringsfunktioner, vilket s\u00e4kerst\u00e4ller optimal bearbetning, montering och uppriktningsprestanda.<\/p>\n<p>The press leveling cylinder is an indispensable tool for achieving precision and stability in industrial applications. With its accurate leveling capabilities, robust construction, and height adjustability, this cylinder empowers you to optimize the alignment and positioning of workpieces or machinery. By following the recommended usage methods and maintenance practices, you can maximize the performance, longevity, and safety of the Press Leveling Cylinder in your industrial setup. Choose this cylinder to enhance your industrial operations&#8217; accuracy, efficiency, and quality.<\/p>\n<p>Pressens nivelleringscylinders viktiga egenskaper:<\/p>\n<ol>\n<li>Noggrann nivellering:<\/li>\n<\/ol>\n<ul>\n<li>Pressnivelleringscylindern \u00e4r konstruerad f\u00f6r att ge exakta nivelleringsfunktioner, s\u00e5 att du kan rikta in och positionera arbetsstycken eller maskiner korrekt.<\/li>\n<li>Med sin fina justeringsmekanism och h\u00f6ga b\u00e4rf\u00f6rm\u00e5ga s\u00e4kerst\u00e4ller denna cylinder stabila och j\u00e4mna ytor, vilket minimerar fel och f\u00f6rb\u00e4ttrar kvaliteten.<\/li>\n<\/ul>\n<ol start=\"2\">\n<li>Robust konstruktion:<\/li>\n<\/ol>\n<ul>\n<li>Denna cylinder \u00e4r byggd av slitstarka material, vilket s\u00e4kerst\u00e4ller dess f\u00f6rm\u00e5ga att motst\u00e5 tunga belastningar och tuffa driftsf\u00f6rh\u00e5llanden.<\/li>\n<li>Den robusta konstruktionen av pressnivelleringscylindern garanterar l\u00e5ng livsl\u00e4ngd och tillf\u00f6rlitlighet, vilket g\u00f6r den l\u00e4mplig f\u00f6r kr\u00e4vande industriella milj\u00f6er.<\/li>\n<\/ul>\n<ol start=\"3\">\n<li>H\u00f6jdjusterbarhet:<\/li>\n<\/ol>\n<ul>\n<li>Cylindern erbjuder bekv\u00e4m h\u00f6jdjustering, vilket g\u00f6r att du kan finjustera niv\u00e5n p\u00e5 ditt arbetsstycke eller din maskin.<\/li>\n<li>Med sin l\u00e4ttanv\u00e4nda h\u00f6jdjusteringsmekanism kan du uppn\u00e5 exakt nivellering, anpassa dig till ytf\u00f6rh\u00e5llanden eller variationer i utrustningskrav.<\/li>\n<\/ul>\n<ol start=\"4\">\n<li>Snabb och enkel installation:<\/li>\n<\/ol>\n<ul>\n<li>Pressnivelleringscylindern \u00e4r konstruerad f\u00f6r s\u00f6ml\u00f6s installation, vilket m\u00f6jligg\u00f6r en problemfri installationsprocess.<\/li>\n<li>Dess anv\u00e4ndarv\u00e4nliga installationsfunktioner minimerar driftstopp och s\u00e4kerst\u00e4ller en snabb integration i dina befintliga industriella system.<\/li>\n<\/ul>\n<h2><strong>Parameter f\u00f6r tryckniv\u00e5cylinder:<\/strong><\/h2>\n<table border=\"1\" cellspacing=\"0\" cellpadding=\"0\">\n<tbody>\n<tr>\n<td>Produktnamn<\/td>\n<td>Hydraulisk pressutj\u00e4mningscylinder<\/td>\n<\/tr>\n<tr>\n<td>Drag:<\/td>\n<td>Parallell lyftning av \u00e4mnen eller arbetsstycken<\/td>\n<\/tr>\n<tr>\n<td>Borrdiameter:<\/td>\n<td>\u00a090 mm\uff5e380 mm<\/td>\n<\/tr>\n<tr>\n<td>St\u00e5ngdiameter:<\/td>\n<td>50 mm\uff5e280 mm<br \/>\nSlagl\u00e4ngd \u22642500 mm<\/td>\n<\/tr>\n<tr>\n<td>Tryckkraft:<\/td>\n<td>Maximalt 2835 kN<br \/>\n(Cylinderdiameter 380 mm\/tryck 25 MPa)<\/td>\n<\/tr>\n<tr>\n<td>Hydraulisk press nivelleringscylinder applikationer:<\/td>\n<td>Hydraulisk press<\/td>\n<\/tr>\n<\/tbody>\n<\/table>\n<div><\/div>\n<div>\n<div class=\"txtboxL\">Drag:<\/div>\n<div class=\"txtboxR\">Parallell lyftning av \u00e4mnen eller arbetsstycken<\/div>\n<div class=\"txtboxL\">Specifikation:<\/div>\n<div class=\"txtboxR\">Borrdiameter: 90 mm ~ 380 mm<br \/>\nSt\u00e5ngdiameter: 50 mm ~ 280 mm<br \/>\nSlagl\u00e4ngd \u22642500 mm<\/div>\n<div class=\"txtboxL\">Tryckkraft:<\/div>\n<div class=\"txtboxR\">Maximalt 2835 kN<br \/>\n(Cylinderdiameter 380 mm\/tryck 25 MPa)<\/div>\n<\/div>\n<h2><strong>Presscylinderfabrik:<\/strong><\/h2>\n<p><img loading=\"lazy\" decoding=\"async\" class=\"alignnone wp-image-1619 size-full\" src=\"https:\/\/hydraulic-cylinders.net\/wp-content\/uploads\/2023\/10\/press-cylinder.webp\" alt=\"\" width=\"1418\" height=\"946\" srcset=\"https:\/\/hydraulic-cylinders.net\/wp-content\/uploads\/2023\/10\/press-cylinder.webp 1418w, https:\/\/hydraulic-cylinders.net\/wp-content\/uploads\/2023\/10\/press-cylinder-1280x854.webp 1280w, https:\/\/hydraulic-cylinders.net\/wp-content\/uploads\/2023\/10\/press-cylinder-980x654.webp 980w, https:\/\/hydraulic-cylinders.net\/wp-content\/uploads\/2023\/10\/press-cylinder-480x320.webp 480w\" sizes=\"(min-width: 0px) and (max-width: 480px) 480px, (min-width: 481px) and (max-width: 980px) 980px, (min-width: 981px) and (max-width: 1280px) 1280px, (min-width: 1281px) 1418px, 100vw\" \/><\/p>\n<h2><strong>Anv\u00e4ndningsmetod f\u00f6r pressnivelleringscylinder<\/strong><strong>:<\/strong><\/h2>\n<ol>\n<li><strong>F\u00f6rberedelser inf\u00f6r installation:<\/strong><\/li>\n<\/ol>\n<ul>\n<li>Innan du installerar pressens nivelleringscylinder, se till att arbetsytan eller maskinen \u00e4r ren och fri fr\u00e5n skr\u00e4p eller hinder.<\/li>\n<li>Identifiera l\u00e4mpliga monteringspunkter och placera cylindern d\u00e4refter.<\/li>\n<\/ul>\n<ol start=\"2\">\n<li><strong>Montering av cylindern:<\/strong><\/li>\n<\/ol>\n<ul>\n<li>F\u00e4st cylindern ordentligt vid de avsedda monteringspunkterna med hj\u00e4lp av de medf\u00f6ljande monteringsf\u00e4stena eller h\u00e5rdvaran.<\/li>\n<li>Follow the manufacturer&#8217;s instructions and guidelines to ensure proper alignment and stability.<\/li>\n<\/ul>\n<ol start=\"3\">\n<li><strong>Justera niv\u00e5n:<\/strong><\/li>\n<\/ol>\n<ul>\n<li>Activate the height adjustment mechanism on the press leveling cylinder per the manufacturer&#8217;s instructions.<\/li>\n<li>Gradually adjust the cylinder to achieve the desired level, considering your application&#8217;s specific requirements.<\/li>\n<\/ul>\n<ol start=\"4\">\n<li><strong>L\u00e5sa niv\u00e5n:<\/strong><\/li>\n<\/ol>\n<ul>\n<li>N\u00e4r \u00f6nskad niv\u00e5 har uppn\u00e5tts, aktivera l\u00e5smekanismen f\u00f6r att s\u00e4kra cylindern.<\/li>\n<li>L\u00e5smekanismen s\u00e4kerst\u00e4ller stabilitet och f\u00f6rhindrar oavsiktlig r\u00f6relse eller justeringar.<\/li>\n<\/ul>\n<h2><strong>Hur kontrollerar man om en hydraulcylinder l\u00e4cker inuti?<\/strong><\/h2>\n<div class=\"ChatMessage_chatMessage__xkgHx\" data-complete=\"true\">\n<div class=\"ChatMessage_botMessageHeader__8yA1R\">\n<div class=\"ChatMessage_headerWrapper__UeGSI\">Att kontrollera om det finns interna l\u00e4ckor i en hydraulcylinder \u00e4r en viktig underh\u00e5llsuppgift f\u00f6r att s\u00e4kerst\u00e4lla optimal prestanda och f\u00f6rhindra potentiella skador. H\u00e4r \u00e4r stegen f\u00f6r att kontrollera om en hydraulcylinder l\u00e4cker internt:<\/div>\n<\/div>\n<div class=\"ChatMessage_messageRow__DHlnq\">\n<div class=\"ChatMessage_messageWrapper__4Ugd6\">\n<div class=\"Message_row__ug_UU\">\n<div class=\"Message_botMessageBubble__aYctV\">\n<div class=\"Markdown_markdownContainer__Tz3HQ\">\n<ol>\n<li><strong>S\u00e4kerhets\u00e5tg\u00e4rder:<\/strong> Innan n\u00e5gon inspektion p\u00e5b\u00f6rjas, f\u00f6lj l\u00e4mpliga s\u00e4kerhetsrutiner. St\u00e4ng av den hydrauliska kraftk\u00e4llan, avlasta systemtrycket och se till att cylindern \u00e4r helt indragen.<\/li>\n<li><strong>Visuell inspektion:<\/strong> B\u00f6rja med att visuellt inspektera hydraulcylinderns utsida f\u00f6r att uppt\u00e4cka eventuella tecken p\u00e5 oljel\u00e4ckage. Leta efter oljefl\u00e4ckar, v\u00e5ta fl\u00e4ckar eller ansamlad olja runt cylinderhuset, kolven eller t\u00e4tningarna. Externa l\u00e4ckor kan vara en indikation p\u00e5 interna l\u00e4ckor.<\/li>\n<li><strong>F\u00f6rl\u00e4ng cylindern:<\/strong> Dra ut hydraulcylindern helt. Detta kommer att exponera kolvst\u00e5ngen och l\u00e5ta dig observera eventuellt oljel\u00e4ckage fr\u00e5n kolvst\u00e5ngst\u00e4tningsomr\u00e5det.<\/li>\n<li><strong>Torka av och observera:<\/strong> Anv\u00e4nd en ren trasa f\u00f6r att torka av hela st\u00e5ngens l\u00e4ngd. Kontrollera trasan f\u00f6r tecken p\u00e5 oljerester. Om du m\u00e4rker en betydande m\u00e4ngd olja p\u00e5 tyget kan det tyda p\u00e5 en intern l\u00e4cka.<\/li>\n<li><strong>Kontrollera st\u00e5ngr\u00f6relsen:<\/strong> Dra l\u00e5ngsamt tillbaka cylindern medan du observerar kolvst\u00e5ngens r\u00f6relse. Var uppm\u00e4rksam p\u00e5 eventuella ryckiga eller oj\u00e4mna r\u00f6relser, vilka kan tyda p\u00e5 internt l\u00e4ckage eller skadade t\u00e4tningar.<\/li>\n<li><strong>Cylinderdriftstest:<\/strong> Med cylindern helt indragen och hydraulsystemet avst\u00e4ngt, \u00f6vervaka cylindern f\u00f6r ov\u00e4ntade r\u00f6relser. Om cylindern b\u00f6rjar f\u00f6rl\u00e4ngas eller l\u00e5ngsamt glida ut\u00e5t kan det tyda p\u00e5 internt l\u00e4ckage.<\/li>\n<li><strong>Tryckprovning:<\/strong> A pressure test can be performed if internal leakage is suspected but not visually evident. Consult the manufacturer&#8217;s guidelines or a hydraulic specialist to conduct a pressure test safely. This involves pressurizing the cylinder and monitoring pressure loss over a specific period. A significant pressure drop may indicate internal leakage.<\/li>\n<li><strong>Oljeanalys:<\/strong> Om man misst\u00e4nker internt l\u00e4ckage men inte bekr\u00e4ftar det genom visuell inspektion eller andra metoder, \u00f6verv\u00e4g att utf\u00f6ra en oljeanalys. Samla in ett prov av hydraulv\u00e4tska fr\u00e5n systemet och l\u00e5t ett laboratorium analysera det. Unders\u00f6kningen kan identifiera f\u00f6roreningar eller onormala niv\u00e5er av slitpartiklar, vilket kan tyda p\u00e5 internt l\u00e4ckage eller andra problem.<\/li>\n<\/ol>\n<\/div>\n<\/div>\n<\/div>\n<\/div>\n<\/div>\n<\/div>\n<h2><strong>Fabrikens kapacitet och kapacitet:<\/strong><\/h2>\n<h3>(1) Montering<\/h3>\n<p>Vi har en f\u00f6rstklassig oberoende forsknings- och utvecklingsplattform. Verkstaden f\u00f6r tillverkning av hydraulcylindrar har fyra halvautomatiska monteringslinjer f\u00f6r lyftcylindrar och en automatisk monteringslinje f\u00f6r tiltcylindrar, med en planerad \u00e5rlig produktionskapacitet p\u00e5 1 miljon enheter. Specialcylinderverkstaden \u00e4r utrustad med olika specifikationer f\u00f6r ett halvautomatiskt reng\u00f6ringsmonteringssystem med en planerad \u00e5rlig produktionskapacitet p\u00e5 200 000 och utrustad med k\u00e4nd CNC-bearbetningsutrustning, ett fleroperationscenter, en specialutrustning f\u00f6r h\u00f6gprecisionscylindrar, en robotsvetsmaskin, en automatisk reng\u00f6ringsmaskin, en automatisk cylindermonteringsmaskin och en automatisk produktionslinje f\u00f6r m\u00e5lning. Befintlig kritisk utrustning p\u00e5 mer \u00e4n 300 set (set). Optimal allokering och effektiv anv\u00e4ndning av utrustningsresurser s\u00e4kerst\u00e4ller produkternas noggrannhetskrav och uppfyller produkternas h\u00f6ga kvalitetsbehov.<\/p>\n<p><img loading=\"lazy\" decoding=\"async\" class=\"alignnone wp-image-626\" src=\"https:\/\/hydraulic-cylinders.net\/wp-content\/uploads\/2023\/08\/hydraulic-cylinder-product-1-300x158.webp\" alt=\"\" width=\"495\" height=\"260\" srcset=\"https:\/\/hydraulic-cylinders.net\/wp-content\/uploads\/2023\/08\/hydraulic-cylinder-product-1-300x158.webp 495w, https:\/\/hydraulic-cylinders.net\/wp-content\/uploads\/2023\/08\/hydraulic-cylinder-product-1-480x252.webp 480w\" sizes=\"(min-width: 0px) and (max-width: 480px) 480px, (min-width: 481px) 495px, 100vw\" \/> <img loading=\"lazy\" decoding=\"async\" class=\"alignnone wp-image-627\" src=\"https:\/\/hydraulic-cylinders.net\/wp-content\/uploads\/2023\/08\/hydraulic-cylinder-product-2-300x189.webp\" alt=\"\" width=\"413\" height=\"260\" \/><\/p>\n<h3>(2) Maskinbearbetning<\/h3>\n<p>Bearbetningsverkstaden \u00e4r utrustad med en specialanpassad svarvcentral f\u00f6r lutande r\u00e4ls, bearbetningscenter, h\u00f6ghastighetsh\u00f6nsmaskin, svetsrobot och annan relaterad utrustning, som kan hantera bearbetning av cylinderr\u00f6r med en maximal innerdiameter p\u00e5 400 mm och en maximal l\u00e4ngd p\u00e5 6 meter.<\/p>\n<p><img loading=\"lazy\" decoding=\"async\" class=\"alignnone wp-image-628 size-large\" src=\"https:\/\/hydraulic-cylinders.net\/wp-content\/uploads\/2023\/08\/hydraulic-cylinder-product-3-1024x391.webp\" alt=\"\" width=\"1024\" height=\"391\" srcset=\"https:\/\/hydraulic-cylinders.net\/wp-content\/uploads\/2023\/08\/hydraulic-cylinder-product-3-980x374.webp 980w, https:\/\/hydraulic-cylinders.net\/wp-content\/uploads\/2023\/08\/hydraulic-cylinder-product-3-480x183.webp 480w\" sizes=\"(min-width: 0px) and (max-width: 480px) 480px, (min-width: 481px) and (max-width: 980px) 980px, (min-width: 981px) 1024px, 100vw\" \/><\/p>\n<h3>(3) Svetsning<\/h3>\n<p><img loading=\"lazy\" decoding=\"async\" class=\"alignnone wp-image-629 size-large\" src=\"https:\/\/hydraulic-cylinders.net\/wp-content\/uploads\/2023\/08\/hydraulic-cylinder-product-4-1024x510.webp\" alt=\"\" width=\"1024\" height=\"510\" srcset=\"https:\/\/hydraulic-cylinders.net\/wp-content\/uploads\/2023\/08\/hydraulic-cylinder-product-4-980x488.webp 980w, https:\/\/hydraulic-cylinders.net\/wp-content\/uploads\/2023\/08\/hydraulic-cylinder-product-4-480x239.webp 480w\" sizes=\"(min-width: 0px) and (max-width: 480px) 480px, (min-width: 481px) and (max-width: 980px) 980px, (min-width: 981px) 1024px, 100vw\" \/><\/p>\n<h3>(4) M\u00e5lning och ytbehandling<\/h3>\n<p>Med sm\u00e5 och medelstora cylindriska automatiska vattenbaserade f\u00e4rgbel\u00e4ggningslinjer, f\u00f6r att uppn\u00e5 automatisk robotlastning och lossning samt automatisk sprutning, \u00e4r den designade kapaciteten 4000 stycken per skift;<br \/>\nVi har \u00e4ven en halvautomatisk f\u00e4rgproduktionslinje f\u00f6r stora cylindrar som drivs av en sl\u00e4pkedja, med en designkapacitet p\u00e5 60 l\u00e5dor per skift.<\/p>\n<p><img loading=\"lazy\" decoding=\"async\" class=\"alignnone wp-image-630\" src=\"https:\/\/hydraulic-cylinders.net\/wp-content\/uploads\/2023\/08\/hydraulic-cylinder-product-5-300x213.webp\" alt=\"\" width=\"366\" height=\"260\" \/> <img loading=\"lazy\" decoding=\"async\" class=\"alignnone wp-image-631\" src=\"https:\/\/hydraulic-cylinders.net\/wp-content\/uploads\/2023\/08\/hydraulic-cylinder-product-6-300x225.webp\" alt=\"\" width=\"347\" height=\"260\" \/><\/p>\n<h3>(5) Testning<\/h3>\n<p>Vi har f\u00f6rstklassiga inspektionsanl\u00e4ggningar och testb\u00e4ddar f\u00f6r att s\u00e4kerst\u00e4lla att cylinderns prestanda uppfyller kraven.<\/p>\n<p><img loading=\"lazy\" decoding=\"async\" class=\"alignnone wp-image-632\" src=\"https:\/\/hydraulic-cylinders.net\/wp-content\/uploads\/2023\/08\/hydraulic-cylinder-product-8-300x200.webp\" alt=\"\" width=\"389\" height=\"260\" \/><\/p>\n<p>&nbsp;<\/p>\n<p>&nbsp;<\/p>\n<p>Vi \u00e4r en av de b\u00e4sta tillverkarna av hydraulcylindrar. Vi kan erbjuda ett helt\u00e4ckande utbud av hydraulcylindrar. Vi tillhandah\u00e5ller \u00e4ven motsvarande <a href=\"https:\/\/hzpt.com\/agricultural-pto-gearbox\/\" target=\"_blank\" rel=\"noopener\">jordbruksv\u00e4xell\u00e5dor<\/a>Vi har exporterat v\u00e5ra produkter till kunder \u00f6ver hela v\u00e4rlden och f\u00e5tt ett gott rykte tack vare v\u00e5r \u00f6verl\u00e4gsna produktkvalitet och kundservice. Vi v\u00e4lkomnar kunder b\u00e5de hemma och utomlands att kontakta oss f\u00f6r att f\u00f6rhandla aff\u00e4rer, utbyta information och <a href=\"https:\/\/www.hydraulic-cylinders.net\/sv\/contact-us\/\">samarbeta med oss<\/a>!<\/p>","protected":false},"excerpt":{"rendered":"<p>Press Leveling Cylinder The press leveling cylinder is a state-of-the-art product with exceptional precision and stability in various industrial applications. With its advanced features and robust construction, this cylinder offers reliable leveling capabilities, ensuring optimal machining, assembly, and alignment performance. The press leveling cylinder is an indispensable tool for achieving precision and stability in industrial [&hellip;]<\/p>","protected":false},"featured_media":1649,"comment_status":"open","ping_status":"closed","template":"","meta":{"_et_pb_use_builder":"","_et_pb_old_content":"","_et_gb_content_width":""},"product_brand":[],"product_cat":[1550,1522,1376],"product_tag":[1380],"class_list":{"0":"post-1647","1":"product","2":"type-product","3":"status-publish","4":"has-post-thumbnail","6":"product_cat-double-acting-hydraulic-cylinder","7":"product_cat-press-hydraulic-cylinders","8":"product_cat-hydraulic-cylinder","9":"product_tag-hydraulic-cylinder","11":"first","12":"instock","13":"shipping-taxable","14":"product-type-simple"},"amp_enabled":true,"_links":{"self":[{"href":"https:\/\/www.hydraulic-cylinders.net\/sv\/wp-json\/wp\/v2\/product\/1647","targetHints":{"allow":["GET"]}}],"collection":[{"href":"https:\/\/www.hydraulic-cylinders.net\/sv\/wp-json\/wp\/v2\/product"}],"about":[{"href":"https:\/\/www.hydraulic-cylinders.net\/sv\/wp-json\/wp\/v2\/types\/product"}],"replies":[{"embeddable":true,"href":"https:\/\/www.hydraulic-cylinders.net\/sv\/wp-json\/wp\/v2\/comments?post=1647"}],"wp:featuredmedia":[{"embeddable":true,"href":"https:\/\/www.hydraulic-cylinders.net\/sv\/wp-json\/wp\/v2\/media\/1649"}],"wp:attachment":[{"href":"https:\/\/www.hydraulic-cylinders.net\/sv\/wp-json\/wp\/v2\/media?parent=1647"}],"wp:term":[{"taxonomy":"product_brand","embeddable":true,"href":"https:\/\/www.hydraulic-cylinders.net\/sv\/wp-json\/wp\/v2\/product_brand?post=1647"},{"taxonomy":"product_cat","embeddable":true,"href":"https:\/\/www.hydraulic-cylinders.net\/sv\/wp-json\/wp\/v2\/product_cat?post=1647"},{"taxonomy":"product_tag","embeddable":true,"href":"https:\/\/www.hydraulic-cylinders.net\/sv\/wp-json\/wp\/v2\/product_tag?post=1647"}],"curies":[{"name":"wp","href":"https:\/\/api.w.org\/{rel}","templated":true}]}}