{"id":1653,"date":"2023-10-10T07:56:30","date_gmt":"2023-10-10T07:56:30","guid":{"rendered":"https:\/\/hydraulic-cylinders.net\/?post_type=product&#038;p=1653"},"modified":"2025-04-11T03:46:19","modified_gmt":"2025-04-11T03:46:19","slug":"press-cushion-cylinder","status":"publish","type":"product","link":"https:\/\/www.hydraulic-cylinders.net\/sv\/produkt\/press-cushion-cylinder\/","title":{"rendered":"Pressd\u00e4mparcylinder"},"content":{"rendered":"<h1 style=\"text-align: center;\"><strong>Pressd\u00e4mparcylinder<\/strong><\/h1>\n<p><img loading=\"lazy\" decoding=\"async\" class=\"aligncenter wp-image-1654\" src=\"https:\/\/hydraulic-cylinders.net\/wp-content\/uploads\/2023\/10\/cushion-cylinder-1-300x300.webp\" alt=\"\" width=\"400\" height=\"400\" \/><\/p>\n<p>Pressd\u00e4mpningscylindern \u00e4r en mycket effektiv och m\u00e5ngsidig komponent utformad f\u00f6r att f\u00f6rb\u00e4ttra precision och produktivitet i industriella pressapplikationer. Med sina avancerade funktioner och innovativa design erbjuder denna cylinder \u00f6verl\u00e4gsen d\u00e4mpningsf\u00f6rm\u00e5ga, vilket s\u00e4kerst\u00e4ller kontrollerad retardation och minskade slagkrafter under pressoperationer.<\/p>\n<p>Pressd\u00e4mpningscylindern \u00e4r ett fantastiskt verktyg f\u00f6r att f\u00f6rb\u00e4ttra precision, effektivitet och produktivitet i industriella pressapplikationer. Med sin avancerade d\u00e4mpningsteknik, justerbara inst\u00e4llningar, snabba returslag och robusta konstruktion ger denna cylinder dig m\u00f6jlighet att uppn\u00e5 exceptionella resultat samtidigt som livsl\u00e4ngden p\u00e5 din pressutrustning f\u00f6rl\u00e4ngs. Genom att f\u00f6lja rekommenderade anv\u00e4ndningsmetoder och underh\u00e5llspraxis kan du maximera presd\u00e4mpningscylinderns prestanda, livsl\u00e4ngd och s\u00e4kerhet i dina pressoperationer. V\u00e4lj denna cylinder f\u00f6r att h\u00f6ja dina presskapaciteter och uppleva \u00f6verl\u00e4gsen kontroll och effektivitet.<\/p>\n<p>Pressd\u00e4mparcylinderns nyckelegenskaper:<\/p>\n<ol>\n<li>Avancerad d\u00e4mpningsteknik:\n<ul>\n<li>Pressd\u00e4mpningscylindern \u00e4r utrustad med avancerad d\u00e4mpningsteknik som m\u00f6jligg\u00f6r kontrollerad retardation av kolvslaget, vilket minimerar slagkrafterna och f\u00f6rhindrar \u00f6verdrivet slitage eller skador p\u00e5 pressverktyget och arbetsstycket.<\/li>\n<li>Denna teknik f\u00f6rb\u00e4ttrar precisionen och f\u00f6rl\u00e4nger pressutrustningens livsl\u00e4ngd, vilket s\u00e4kerst\u00e4ller konsekventa resultat av h\u00f6g kvalitet.<\/li>\n<\/ul>\n<\/li>\n<li>Justerbar d\u00e4mpning:\n<ul>\n<li>Denna cylinder m\u00f6jligg\u00f6r snabb justering av d\u00e4mpningsegenskaperna f\u00f6r att passa specifika applikationskrav.<\/li>\n<li>Genom att finjustera d\u00e4mpningsinst\u00e4llningarna kan operat\u00f6rerna uppn\u00e5 optimal kontroll \u00f6ver retardationsprocessen, vilket m\u00f6jligg\u00f6r hantering av olika arbetsstycksmaterial och varierande presskrafter.<\/li>\n<\/ul>\n<\/li>\n<li>Snabb returslag:\n<ul>\n<li>Pressd\u00e4mparcylindern har ett snabbt returslag, vilket minskar cykeltiderna och \u00f6kar den totala produktiviteten.<\/li>\n<li>Den snabba returr\u00f6relsen \u00f6kar effektiviteten och minimerar stillest\u00e5ndstiden, vilket g\u00f6r den till ett idealiskt val f\u00f6r produktionsmilj\u00f6er med h\u00f6g volym.<\/li>\n<\/ul>\n<\/li>\n<li>Robust konstruktion:\n<ul>\n<li>Denna cylinder \u00e4r konstruerad av h\u00f6gkvalitativa material, vilket garanterar h\u00e5llbarhet och l\u00e5ngsiktig tillf\u00f6rlitlighet i kr\u00e4vande industriella milj\u00f6er.<\/li>\n<li>Dess robusta design g\u00f6r att den t\u00e5l tunga belastningar, repetitiva operationer och tuffa arbetsf\u00f6rh\u00e5llanden, vilket garanterar j\u00e4mn prestanda \u00f6ver tid.<\/li>\n<\/ul>\n<\/li>\n<\/ol>\n<h2><strong>Parameter f\u00f6r pressd\u00e4mpcylinder:<\/strong><\/h2>\n<table border=\"1\" cellspacing=\"0\" cellpadding=\"0\">\n<tbody>\n<tr>\n<td>Produktnamn<\/td>\n<td>Hydraulisk presskuddcylinder<\/td>\n<\/tr>\n<tr>\n<td>Drag:<\/td>\n<td>Absorbera smidesf\u00f6rskjutning\/st\u00f6tvibrationer<\/td>\n<\/tr>\n<tr>\n<td>Borrdiameter:<\/td>\n<td>75 mm\uff5e300 mm<\/td>\n<\/tr>\n<tr>\n<td>St\u00e5ngdiameter:<\/td>\n<td>\u00a050 mm\uff5e180 mm<br \/>\nSlagl\u00e4ngd \u2264500 mm<\/td>\n<\/tr>\n<tr>\n<td>Tryckkraft:<\/td>\n<td>Maximalt 1130 kN<br \/>\n(Cylinderdiameter 300 mm\/tryck 25 MPa)<\/td>\n<\/tr>\n<tr>\n<td>Till\u00e4mpningar av kuddecylinder:<\/td>\n<td>Hydraulisk press<\/td>\n<\/tr>\n<\/tbody>\n<\/table>\n<div><\/div>\n<div>\n<div class=\"txtboxL\">\n<div class=\"txtboxL\">\n<div class=\"txtboxL\">Drag:<\/div>\n<div class=\"txtboxR\">Absorbera smidesf\u00f6rskjutning\/st\u00f6tvibrationer<\/div>\n<div class=\"txtboxL\">Specifikation:<\/div>\n<div class=\"txtboxR\">Borrdiameter: 75 mm ~ 300 mm<br \/>\nSt\u00e5ngdiameter: 50 mm ~ 180 mm<br \/>\nSlagl\u00e4ngd \u2264500 mm<\/div>\n<div class=\"txtboxL\">Tryckkraft:<\/div>\n<div class=\"txtboxR\">Maximalt 1130 kN<br \/>\n(Cylinderdiameter 300 mm\/tryck 25 MPa)<\/div>\n<\/div>\n<\/div>\n<\/div>\n<h2><strong>Presscylinderfabrik:<\/strong><\/h2>\n<p><img loading=\"lazy\" decoding=\"async\" class=\"alignnone wp-image-1619 size-full\" src=\"https:\/\/hydraulic-cylinders.net\/wp-content\/uploads\/2023\/10\/press-cylinder.webp\" alt=\"\" width=\"1418\" height=\"946\" srcset=\"https:\/\/hydraulic-cylinders.net\/wp-content\/uploads\/2023\/10\/press-cylinder.webp 1418w, https:\/\/hydraulic-cylinders.net\/wp-content\/uploads\/2023\/10\/press-cylinder-1280x854.webp 1280w, https:\/\/hydraulic-cylinders.net\/wp-content\/uploads\/2023\/10\/press-cylinder-980x654.webp 980w, https:\/\/hydraulic-cylinders.net\/wp-content\/uploads\/2023\/10\/press-cylinder-480x320.webp 480w\" sizes=\"(min-width: 0px) and (max-width: 480px) 480px, (min-width: 481px) and (max-width: 980px) 980px, (min-width: 981px) and (max-width: 1280px) 1280px, (min-width: 1281px) 1418px, 100vw\" \/><\/p>\n<h2><strong>Anv\u00e4ndningsmetod f\u00f6r presskuddcylinder<\/strong><strong>:<\/strong><\/h2>\n<ol>\n<li><strong>Installation och integration:<\/strong>\n<ul>\n<li>Montera presskuddcylindern s\u00e4kert p\u00e5 \u00f6nskad plats och se till att den \u00e4r korrekt inriktad mot pressverktyget och arbetsstycket.<\/li>\n<li>Anslut hydraulledningarna enligt tillverkarens anvisningar, s\u00e4kerst\u00e4ll korrekt v\u00e4tskefl\u00f6de och undvik l\u00e4ckor.<\/li>\n<li>Integrera cylindern med pressens styrsystem och f\u00f6lj instruktionerna f\u00f6r smidig drift.<\/li>\n<\/ul>\n<\/li>\n<li><strong>Justera d\u00e4mpningsinst\u00e4llningar:<\/strong>\n<ul>\n<li>Se tillverkarens dokumentation f\u00f6r att identifiera de specifika metoderna f\u00f6r att justera cylinderns d\u00e4mpningsinst\u00e4llningar.<\/li>\n<li>Justeringar kan g\u00f6ras genom att reglera fl\u00f6desreglerventilerna eller modifiera d\u00e4mpningsdistanserna.<\/li>\n<li>Finjustera d\u00e4mpningsinst\u00e4llningarna baserat p\u00e5 de specifika kraven f\u00f6r din pressapplikation, med h\u00e4nsyn till faktorer som arbetsstyckets material, presskraft och \u00f6nskade retardationsegenskaper.<\/li>\n<\/ul>\n<\/li>\n<li><strong>Operativa \u00f6verv\u00e4ganden:<\/strong>\n<ul>\n<li>\u00d6vervaka presskuddcylinderns prestanda noggrant under drift.<\/li>\n<li>Observera retardationsprocessen och s\u00e4kerst\u00e4ll att d\u00e4mpningseffekten effektivt minimerar st\u00f6tkrafterna och ger en j\u00e4mn och kontrollerad pressning.<\/li>\n<li>Justera d\u00e4mpningsinst\u00e4llningarna f\u00f6r att optimera prestandan och uppn\u00e5 \u00f6nskat pressresultat om det beh\u00f6vs.<\/li>\n<\/ul>\n<\/li>\n<\/ol>\n<h2><strong>Hur hittar man t\u00e4tningssats f\u00f6r hydraulcylinder?<\/strong><\/h2>\n<p>Att hitta r\u00e4tt t\u00e4tningssats f\u00f6r en hydraulcylinder \u00e4r avg\u00f6rande f\u00f6r korrekt underh\u00e5ll och reparation. H\u00e4r \u00e4r en steg-f\u00f6r-steg-guide som hj\u00e4lper dig att hitta den t\u00e4tningssats du beh\u00f6ver:<\/p>\n<ol>\n<li><strong>Identifiera cylinderinformationen:<\/strong><br \/>\nSamla s\u00e5 mycket information som m\u00f6jligt om den hydraulcylinder som du beh\u00f6ver en t\u00e4tningssats f\u00f6r. Detta inkluderar tillverkarens namn, modellnummer och andra identifieringsm\u00e4rken eller etiketter p\u00e5 cylindern. Granska cylinderns dokumentation eller specifikationer f\u00f6r att f\u00e5 ytterligare information om du har tillg\u00e5ng till den.<\/li>\n<li><strong>Best\u00e4m t\u00e4tningstypen:<\/strong><br \/>\nHydraulcylindrar kan anv\u00e4nda olika t\u00e4tningar, s\u00e5som kolvt\u00e4tningar, kolvst\u00e5ngst\u00e4tningar, avstrykart\u00e4tningar eller slitringar. Identifiera den specifika typ av t\u00e4tning eller t\u00e4tningar du beh\u00f6ver byta ut. Att f\u00f6rst\u00e5 t\u00e4tningskonfigurationen \u00e4r avg\u00f6rande f\u00f6r att hitta r\u00e4tt t\u00e4tningssats.<\/li>\n<li><strong>Unders\u00f6k tillverkaren:<\/strong><br \/>\nB\u00f6rja din s\u00f6kning genom att kontakta cylindertillverkaren direkt. Bes\u00f6k deras officiella webbplats eller kontakta deras kundtj\u00e4nstavdelning. Ge dem cylinderinformationen du samlade in i steg 1. Tillverkaren kan ofta tillhandah\u00e5lla r\u00e4tt artikelnummer f\u00f6r t\u00e4tningssatsen eller v\u00e4gleda dig till sina auktoriserade distribut\u00f6rer.<\/li>\n<li><strong>Auktoriserade distribut\u00f6rer:<\/strong><br \/>\nOm tillverkaren inte s\u00e4ljer t\u00e4tningssatser direkt eller om du f\u00f6redrar att utforska andra alternativ, fr\u00e5ga om auktoriserade distribut\u00f6rer eller \u00e5terf\u00f6rs\u00e4ljare. Dessa distribut\u00f6rer har ofta t\u00e4tningssatser som \u00e4r speciellt utformade f\u00f6r tillverkarens cylindrar. De kan hj\u00e4lpa dig att hitta r\u00e4tt t\u00e4tningssats baserat p\u00e5 den cylinderinformation du anger.<\/li>\n<li><strong>Online-marknadsplatser och leverant\u00f6rer:<\/strong><br \/>\nS\u00f6k efter v\u00e4lrenommerade leverant\u00f6rer av hydrauliska t\u00e4tningssatser eller online-marknadsplatser som specialiserar sig p\u00e5 hydrauliska komponenter. N\u00e5gra popul\u00e4ra alternativ inkluderar webbplatser f\u00f6r industriella f\u00f6rn\u00f6denheter, leverant\u00f6rer av hydraulisk utrustning och dedikerade \u00e5terf\u00f6rs\u00e4ljare av hydrauliska t\u00e4tningar. Anv\u00e4nd s\u00f6kfilter eller nyckelord som matchar din cylinders tillverkare och modellnummer f\u00f6r att begr\u00e4nsa resultaten.<\/li>\n<li><strong>Korsreferensguider:<\/strong><br \/>\nVissa webbplatser eller kataloger erbjuder korsreferensguider eller kompatibilitetstabeller f\u00f6r hydrauliska t\u00e4tningssatser. Dessa resurser l\u00e5ter dig s\u00f6ka efter t\u00e4tningssatser baserat p\u00e5 cylindertillverkare, modellnummer eller t\u00e4tningsdimensioner. Korsreferenser kan hj\u00e4lpa dig att hitta t\u00e4tningssatser fr\u00e5n alternativa tillverkare som \u00e4r kompatibla med din cylinder.<\/li>\n<li><strong>T\u00e4tningsm\u00e5tt och specifikationer:<\/strong><br \/>\nOm du inte hittar en t\u00e4tningssats som \u00e4r specifikt utformad f\u00f6r din cylinder kan du m\u00e4ta de befintliga t\u00e4tningarna. Notera t\u00e4tningsdimensionerna, inklusive innerdiameter, ytterdiameter och h\u00f6jd. Med denna information kan du s\u00f6ka efter enskilda t\u00e4tningar som matchar dessa dimensioner eller r\u00e5dfr\u00e5ga en specialist p\u00e5 hydrauliska t\u00e4tningar som kan hj\u00e4lpa dig att hitta l\u00e4mpliga ers\u00e4ttningsdelar.<\/li>\n<li><strong>S\u00f6k professionell hj\u00e4lp:<\/strong><br \/>\nOm du har sv\u00e5rt att hitta r\u00e4tt t\u00e4tningssats eller om du \u00e4r os\u00e4ker p\u00e5 processen, \u00f6verv\u00e4g att r\u00e5dg\u00f6ra med en specialist p\u00e5 hydraulreparationer eller en leverant\u00f6r av hydrault\u00e4tningar. De har expertis inom att identifiera och hitta t\u00e4tningssatser f\u00f6r olika hydraulcylindrar och kan v\u00e4gleda dig i att hitta r\u00e4tt l\u00f6sning.<\/li>\n<\/ol>\n<h2><strong>Fabrikens kapacitet och kapacitet:<\/strong><\/h2>\n<h3>(1) Montering<\/h3>\n<p>Vi har en f\u00f6rstklassig oberoende forsknings- och utvecklingsplattform. Verkstaden f\u00f6r tillverkning av hydraulcylindrar har fyra halvautomatiska monteringslinjer f\u00f6r lyftcylindrar och en automatisk monteringslinje f\u00f6r tiltcylindrar, med en planerad \u00e5rlig produktionskapacitet p\u00e5 1 miljon enheter. Specialcylinderverkstaden \u00e4r utrustad med olika specifikationer f\u00f6r ett halvautomatiskt reng\u00f6ringsmonteringssystem med en planerad \u00e5rlig produktionskapacitet p\u00e5 200 000 och utrustad med k\u00e4nd CNC-bearbetningsutrustning, ett fleroperationscenter, en specialutrustning f\u00f6r h\u00f6gprecisionscylindrar, en robotsvetsmaskin, en automatisk reng\u00f6ringsmaskin, en automatisk cylindermonteringsmaskin och en automatisk produktionslinje f\u00f6r m\u00e5lning. Befintlig kritisk utrustning p\u00e5 mer \u00e4n 300 set (set). Optimal allokering och effektiv anv\u00e4ndning av utrustningsresurser s\u00e4kerst\u00e4ller produkternas noggrannhetskrav och uppfyller produkternas h\u00f6ga kvalitetsbehov.<\/p>\n<p><img loading=\"lazy\" decoding=\"async\" class=\"alignnone wp-image-626\" src=\"https:\/\/hydraulic-cylinders.net\/wp-content\/uploads\/2023\/08\/hydraulic-cylinder-product-1-300x158.webp\" alt=\"\" width=\"495\" height=\"260\" srcset=\"https:\/\/hydraulic-cylinders.net\/wp-content\/uploads\/2023\/08\/hydraulic-cylinder-product-1-300x158.webp 495w, https:\/\/hydraulic-cylinders.net\/wp-content\/uploads\/2023\/08\/hydraulic-cylinder-product-1-480x252.webp 480w\" sizes=\"(min-width: 0px) and (max-width: 480px) 480px, (min-width: 481px) 495px, 100vw\" \/> <img loading=\"lazy\" decoding=\"async\" class=\"alignnone wp-image-627\" src=\"https:\/\/hydraulic-cylinders.net\/wp-content\/uploads\/2023\/08\/hydraulic-cylinder-product-2-300x189.webp\" alt=\"\" width=\"413\" height=\"260\" \/><\/p>\n<h3>(2) Maskinbearbetning<\/h3>\n<p>Bearbetningsverkstaden \u00e4r utrustad med en specialanpassad svarvcentral f\u00f6r lutande r\u00e4ls, bearbetningscenter, h\u00f6ghastighetsh\u00f6nsmaskin, svetsrobot och annan relaterad utrustning, som kan hantera bearbetning av cylinderr\u00f6r med en maximal innerdiameter p\u00e5 400 mm och en maximal l\u00e4ngd p\u00e5 6 meter.<\/p>\n<p><img loading=\"lazy\" decoding=\"async\" class=\"alignnone wp-image-628 size-large\" src=\"https:\/\/hydraulic-cylinders.net\/wp-content\/uploads\/2023\/08\/hydraulic-cylinder-product-3-1024x391.webp\" alt=\"\" width=\"1024\" height=\"391\" srcset=\"https:\/\/hydraulic-cylinders.net\/wp-content\/uploads\/2023\/08\/hydraulic-cylinder-product-3-980x374.webp 980w, https:\/\/hydraulic-cylinders.net\/wp-content\/uploads\/2023\/08\/hydraulic-cylinder-product-3-480x183.webp 480w\" sizes=\"(min-width: 0px) and (max-width: 480px) 480px, (min-width: 481px) and (max-width: 980px) 980px, (min-width: 981px) 1024px, 100vw\" \/><\/p>\n<h3>(3) Svetsning<\/h3>\n<p><img loading=\"lazy\" decoding=\"async\" class=\"alignnone wp-image-629 size-large\" src=\"https:\/\/hydraulic-cylinders.net\/wp-content\/uploads\/2023\/08\/hydraulic-cylinder-product-4-1024x510.webp\" alt=\"\" width=\"1024\" height=\"510\" srcset=\"https:\/\/hydraulic-cylinders.net\/wp-content\/uploads\/2023\/08\/hydraulic-cylinder-product-4-980x488.webp 980w, https:\/\/hydraulic-cylinders.net\/wp-content\/uploads\/2023\/08\/hydraulic-cylinder-product-4-480x239.webp 480w\" sizes=\"(min-width: 0px) and (max-width: 480px) 480px, (min-width: 481px) and (max-width: 980px) 980px, (min-width: 981px) 1024px, 100vw\" \/><\/p>\n<h3>(4) M\u00e5lning och ytbehandling<\/h3>\n<p>Med sm\u00e5 och medelstora cylindriska automatiska vattenbaserade f\u00e4rgbel\u00e4ggningslinjer, f\u00f6r att uppn\u00e5 automatisk robotlastning och lossning samt automatisk sprutning, \u00e4r den designade kapaciteten 4000 stycken per skift;<br \/>\nVi har \u00e4ven en halvautomatisk f\u00e4rgproduktionslinje f\u00f6r stora cylindrar som drivs av en sl\u00e4pkedja, med en designkapacitet p\u00e5 60 l\u00e5dor per skift.<\/p>\n<p><img loading=\"lazy\" decoding=\"async\" class=\"alignnone wp-image-630\" src=\"https:\/\/hydraulic-cylinders.net\/wp-content\/uploads\/2023\/08\/hydraulic-cylinder-product-5-300x213.webp\" alt=\"\" width=\"366\" height=\"260\" \/> <img loading=\"lazy\" decoding=\"async\" class=\"alignnone wp-image-631\" src=\"https:\/\/hydraulic-cylinders.net\/wp-content\/uploads\/2023\/08\/hydraulic-cylinder-product-6-300x225.webp\" alt=\"\" width=\"347\" height=\"260\" \/><\/p>\n<h3>(5) Testning<\/h3>\n<p>Vi har f\u00f6rstklassiga inspektionsanl\u00e4ggningar och testb\u00e4ddar f\u00f6r att s\u00e4kerst\u00e4lla att cylinderns prestanda uppfyller kraven.<\/p>\n<p><img loading=\"lazy\" decoding=\"async\" class=\"alignnone wp-image-632\" src=\"https:\/\/hydraulic-cylinders.net\/wp-content\/uploads\/2023\/08\/hydraulic-cylinder-product-8-300x200.webp\" alt=\"\" width=\"389\" height=\"260\" \/><\/p>\n<p>&nbsp;<\/p>\n<p>&nbsp;<\/p>\n<p>Vi \u00e4r en av de b\u00e4sta tillverkarna av hydraulcylindrar. Vi kan erbjuda ett helt\u00e4ckande utbud av hydraulcylindrar. Vi tillhandah\u00e5ller \u00e4ven motsvarande <a href=\"https:\/\/hzpt.com\/agricultural-pto-gearbox\/\" target=\"_blank\" rel=\"noopener\">jordbruksv\u00e4xell\u00e5dor<\/a>Vi har exporterat v\u00e5ra produkter till kunder \u00f6ver hela v\u00e4rlden och f\u00e5tt ett gott rykte tack vare v\u00e5r \u00f6verl\u00e4gsna produktkvalitet och kundservice. Vi v\u00e4lkomnar kunder b\u00e5de hemma och utomlands att kontakta oss f\u00f6r att f\u00f6rhandla aff\u00e4rer, utbyta information och <a href=\"https:\/\/www.hydraulic-cylinders.net\/sv\/contact-us\/\">samarbeta med oss<\/a>!<\/p>","protected":false},"excerpt":{"rendered":"<p>Press Cushion Cylinder The press cushion cylinder is a highly efficient and versatile component designed to improve precision and productivity in industrial pressing applications. With its advanced features and innovative design, this cylinder offers superior cushioning capabilities, ensuring controlled deceleration and reduced impact forces during pressing operations. The press cushion cylinder is a remarkable tool [&hellip;]<\/p>","protected":false},"featured_media":1655,"comment_status":"open","ping_status":"closed","template":"","meta":{"_et_pb_use_builder":"","_et_pb_old_content":"","_et_gb_content_width":""},"product_brand":[],"product_cat":[1550,1522,1376],"product_tag":[1380],"class_list":{"0":"post-1653","1":"product","2":"type-product","3":"status-publish","4":"has-post-thumbnail","6":"product_cat-double-acting-hydraulic-cylinder","7":"product_cat-press-hydraulic-cylinders","8":"product_cat-hydraulic-cylinder","9":"product_tag-hydraulic-cylinder","11":"first","12":"instock","13":"shipping-taxable","14":"product-type-simple"},"amp_enabled":true,"_links":{"self":[{"href":"https:\/\/www.hydraulic-cylinders.net\/sv\/wp-json\/wp\/v2\/product\/1653","targetHints":{"allow":["GET"]}}],"collection":[{"href":"https:\/\/www.hydraulic-cylinders.net\/sv\/wp-json\/wp\/v2\/product"}],"about":[{"href":"https:\/\/www.hydraulic-cylinders.net\/sv\/wp-json\/wp\/v2\/types\/product"}],"replies":[{"embeddable":true,"href":"https:\/\/www.hydraulic-cylinders.net\/sv\/wp-json\/wp\/v2\/comments?post=1653"}],"wp:featuredmedia":[{"embeddable":true,"href":"https:\/\/www.hydraulic-cylinders.net\/sv\/wp-json\/wp\/v2\/media\/1655"}],"wp:attachment":[{"href":"https:\/\/www.hydraulic-cylinders.net\/sv\/wp-json\/wp\/v2\/media?parent=1653"}],"wp:term":[{"taxonomy":"product_brand","embeddable":true,"href":"https:\/\/www.hydraulic-cylinders.net\/sv\/wp-json\/wp\/v2\/product_brand?post=1653"},{"taxonomy":"product_cat","embeddable":true,"href":"https:\/\/www.hydraulic-cylinders.net\/sv\/wp-json\/wp\/v2\/product_cat?post=1653"},{"taxonomy":"product_tag","embeddable":true,"href":"https:\/\/www.hydraulic-cylinders.net\/sv\/wp-json\/wp\/v2\/product_tag?post=1653"}],"curies":[{"name":"wp","href":"https:\/\/api.w.org\/{rel}","templated":true}]}}