{"id":16578,"date":"2025-01-21T05:35:30","date_gmt":"2025-01-21T05:35:30","guid":{"rendered":"https:\/\/www.hydraulic-cylinders.net\/product\/arm-cylinder-for-sdlg-small-excavator-lg6135e\/"},"modified":"2025-01-21T05:35:32","modified_gmt":"2025-01-21T05:35:32","slug":"arm-cylinder-for-sdlg-small-excavator-lg6135e","status":"publish","type":"product","link":"https:\/\/www.hydraulic-cylinders.net\/sv\/produkt\/arm-cylinder-for-sdlg-small-excavator-lg6135e\/","title":{"rendered":"Armcylinder f\u00f6r SDLG liten gr\u00e4vmaskin LG6135E"},"content":{"rendered":"<h2>Armcylinder f\u00f6r SDLG liten gr\u00e4vmaskin LG6135E<\/h2>\n<h3>Definition och f\u00f6rklaring<\/h3>\n<p>En armcylinder \u00e4r en specialdesignad hydraulcylinder som fr\u00e4mst anv\u00e4nds f\u00f6r att ge linj\u00e4r r\u00f6relse och kraft \u00e5t olika maskinarmar, s\u00e5som gr\u00e4vmaskiner, kranar och robotarmar. Armcylindern spelar en avg\u00f6rande roll i hydraulsystem och m\u00f6jligg\u00f6r effektiv r\u00f6relse och styrning av ytterligare verktyg eller redskap. Dessa cylindrar ger inte bara j\u00e4mn r\u00f6relse utan t\u00e5l \u00e4ven tunga belastningar, vilket s\u00e4kerst\u00e4ller effektiv drift och tillf\u00f6rlitlighet hos maskiner under olika arbetsf\u00f6rh\u00e5llanden.<\/p>\n<p><img decoding=\"async\" src=\"https:\/\/www.hydraulic-cylinders.net\/wp-content\/uploads\/2025\/01\/songte-company-2.webp\" alt=\"Bild av armcylinder\"><\/p>\n<h3>Drag<\/h3>\n<ul>\n<li><strong>H\u00f6geffektiv transmission:<\/strong> Armcylindern kan ge kraftfull linj\u00e4r r\u00f6relse och kraft, vilket s\u00e4kerst\u00e4ller h\u00f6g effektivitet hos maskinarmen i olika operationer.<\/li>\n<li><strong>Exakt kontroll:<\/strong> Genom det hydrauliska systemet kan armcylindern uppn\u00e5 exakt r\u00f6relsekontroll, vilket g\u00f6r man\u00f6vreringen av ytterligare verktyg mer flexibel och exakt.<\/li>\n<li><strong>Stark h\u00e5llbarhet:<\/strong> Armcylindrar \u00e4r vanligtvis tillverkade av h\u00f6gh\u00e5llfasta material med god slitstyrka och korrosionsbest\u00e4ndighet, l\u00e4mpliga f\u00f6r l\u00e5ngvarig anv\u00e4ndning i tuffa milj\u00f6er.<\/li>\n<li><strong>Multifunktionell anpassningsf\u00f6rm\u00e5ga:<\/strong> Dessa cylindrar kan anv\u00e4ndas i stor utstr\u00e4ckning i olika mekaniska utrustningar, s\u00e5som gr\u00e4vmaskiner, kranar och robotarmar, f\u00f6r att m\u00f6ta olika arbetskrav.<\/li>\n<li><strong>Enkelt underh\u00e5ll:<\/strong> Konstruktionen tar h\u00e4nsyn till enkelt underh\u00e5ll och utbyte, vilket g\u00f6r regelbunden inspektion och underh\u00e5ll enklare och minskar stillest\u00e5ndstiden f\u00f6r utrustningen.<\/li>\n<\/ul>\n<p>Vi kan producera denna produkt och v\u00e5r produkt kan perfekt ers\u00e4tta dessa hydraulcylindrar.<\/p>\n<p><img decoding=\"async\" src=\"https:\/\/www.hydraulic-cylinders.net\/wp-content\/uploads\/2025\/01\/songte-oil-pipes-and-spare-parts.webp\" alt=\"Produktbytesbild\"><\/p>\n<h3>Applikationer<\/h3>\n<p>Armcylindern har ett brett anv\u00e4ndningsomr\u00e5de inom olika branscher, s\u00e5som:<\/p>\n<ul>\n<li><strong>Byggteknik:<\/strong> I gr\u00e4vmaskiner och kranar anv\u00e4nds armcylindern f\u00f6r att styra r\u00f6relsen av skopor eller bommar f\u00f6r schaktning, materialhantering och strukturell installation.<\/li>\n<li><strong>Tillverkning:<\/strong> I automatiserade produktionslinjer anv\u00e4nds armcylindern f\u00f6r r\u00f6relse av robotarmar f\u00f6r montering, svetsning och hantering, vilket f\u00f6rb\u00e4ttrar produktionseffektiviteten och noggrannheten.<\/li>\n<li><strong>Jordbruksmaskiner:<\/strong> I jordbruksmaskiner som sk\u00f6rdetr\u00f6skor och s\u00e5maskiner styr armcylindern r\u00f6relsen hos man\u00f6verarmen f\u00f6r uppgifter som plantering, g\u00f6dsling och sk\u00f6rd.<\/li>\n<li><strong>Brytning:<\/strong> I gruvutrustning anv\u00e4nds armcylindern f\u00f6r att styra armr\u00f6relsen p\u00e5 gruvutrustning f\u00f6r malmbrytning och hantering.<\/li>\n<li><strong>Logistik och transport:<\/strong> I gaffeltruckar och hanteringsrobotar anv\u00e4nds armcylindern f\u00f6r att styra lyftning och r\u00f6relse av gafflar, vilket m\u00f6jligg\u00f6r hantering och stapling av material.<\/li>\n<\/ul>\n<h3>Design\u00f6verv\u00e4ganden och urvalskriterier<\/h3>\n<p>Armcylinderns design tar h\u00e4nsyn till flera kritiska faktorer, s\u00e5som:<\/p>\n<ul>\n<li><strong>B\u00e4rf\u00f6rm\u00e5ga:<\/strong> Armcylindern b\u00f6r vara konstruerad f\u00f6r att motst\u00e5 den maximala belastning den kommer att uts\u00e4ttas f\u00f6r under drift.<\/li>\n<li><strong>T\u00e4tning:<\/strong> Olika t\u00e4tningselement som kolvt\u00e4tningar och st\u00e5ngt\u00e4tningar anv\u00e4nds f\u00f6r att f\u00f6rhindra oljel\u00e4ckage och s\u00e4kerst\u00e4lla att cylindern fungerar smidigt.<\/li>\n<li><strong>Varaktighet:<\/strong> Cylindern b\u00f6r vara tillverkad av material med h\u00f6g slitstyrka och korrosionsbest\u00e4ndighet f\u00f6r att s\u00e4kerst\u00e4lla dess l\u00e5nga livsl\u00e4ngd i tuffa milj\u00f6er.<\/li>\n<li><strong>S\u00e4kerhet:<\/strong> Cylindern b\u00f6r vara konstruerad med s\u00e4kerhetsfunktioner f\u00f6r att f\u00f6rhindra olyckor under drift.<\/li>\n<li><strong>Underh\u00e5llbarhet:<\/strong> Cylindern b\u00f6r vara konstruerad f\u00f6r att vara l\u00e4tt att underh\u00e5lla och reparera f\u00f6r att minimera stillest\u00e5ndstiden f\u00f6r utrustningen.<\/li>\n<\/ul>\n<p><img decoding=\"async\" src=\"https:\/\/www.hydraulic-cylinders.net\/wp-content\/uploads\/2025\/01\/songte-cylinder-head-with-all-kinds-excavator-models.webp\" alt=\"Designbild\"><\/p>\n<h3>T\u00e4tning och sm\u00f6rjning<\/h3>\n<p>Armcylindern anv\u00e4nder olika t\u00e4tningselement, s\u00e5som kolvt\u00e4tningar och st\u00e5ngt\u00e4tningar, tillverkade av slitstarka material som polyuretan och nitrilgummi, f\u00f6r att f\u00f6rhindra oljel\u00e4ckage och s\u00e4kerst\u00e4lla att cylindern fungerar smidigt. Cylinderhuset och den g\u00e4ngade \u00e4ndytan \u00e4r noggrant behandlade f\u00f6r att f\u00f6rb\u00e4ttra slitstyrkan. Regelbunden p\u00e5fyllning av l\u00e4mplig m\u00e4ngd hydraulolja \u00e4r n\u00f6dv\u00e4ndig f\u00f6r sm\u00f6rjning.<\/p>\n<h3>Periodisk inspektion och f\u00f6rebyggande underh\u00e5lls\u00e5tg\u00e4rder<\/h3>\n<p>Regelbunden inspektion \u00e4r n\u00f6dv\u00e4ndig f\u00f6r att s\u00e4kerst\u00e4lla att armcylindern fungerar korrekt. F\u00f6ljande f\u00f6rebyggande underh\u00e5lls\u00e5tg\u00e4rder b\u00f6r vidtas:<\/p>\n<ul>\n<li>Regelbunden reng\u00f6ring och kontroll av tecken p\u00e5 slitage och skador<\/li>\n<li>Kontroll av oljeniv\u00e5n och p\u00e5fyllning av olja vid behov<\/li>\n<li>Kontroll av t\u00e4tningarna och byte av dem vid behov<\/li>\n<li>Kontroll av f\u00e4stbultarna och \u00e5tdragning av dem vid behov<\/li>\n<\/ul>\n<h3>Installationsguide<\/h3>\n<p>Installationen av armcylindern inneb\u00e4r f\u00f6ljande steg:<\/p>\n<ol>\n<li>S\u00e4kerst\u00e4ll att cylindern \u00e4r kompatibel med utrustningen och att monteringsm\u00e5tten \u00e4r korrekta.<\/li>\n<li>Montera cylindern och se till att den \u00e4r ordentligt fastsatt.<\/li>\n<li>Anslut hydraulr\u00f6ren till cylindern och se till att de \u00e4r korrekt anslutna.<\/li>\n<li>Testa cylindern f\u00f6r att s\u00e4kerst\u00e4lla att den fungerar korrekt.<\/li>\n<\/ol>\n<p><img decoding=\"async\" src=\"https:\/\/www.hydraulic-cylinders.net\/wp-content\/uploads\/2025\/01\/songte-bushings-with-all-kinds-of-excavator-models.webp\" alt=\"Installationsbild\"><\/p>\n<h3>S\u00e4kerhetsaspekter och milj\u00f6faktorer<\/h3>\n<p>Att s\u00e4kerst\u00e4lla s\u00e4kerheten under anv\u00e4ndning av armcylindern \u00e4r avg\u00f6rande. S\u00e4kerhetsfunktioner som s\u00e4kerhetsventiler och tryckavlastningsventiler \u00e4r integrerade i konstruktionen f\u00f6r att f\u00f6rhindra olyckor. Milj\u00f6faktorer som driftstemperatur och luftfuktighet b\u00f6r ocks\u00e5 beaktas f\u00f6r att s\u00e4kerst\u00e4lla korrekt drift av cylindern.<\/p>\n<h3>Fels\u00f6kning och vanliga problem<\/h3>\n<p>F\u00f6ljande \u00e4r n\u00e5gra vanliga problem som kan uppst\u00e5 med armcylindern:<\/p>\n<ul>\n<li>Oljel\u00e4ckage<\/li>\n<li>L\u00e5ngsam drift eller funktionsfel<\/li>\n<li>\u00d6verdrivet buller under drift<\/li>\n<li>Felaktig placering av cylindern<\/li>\n<\/ul>\n<p>F\u00f6ljande \u00e4r n\u00e5gra tips och l\u00f6sningar p\u00e5 dessa problem:<\/p>\n<ul>\n<li>Kontrollera t\u00e4tningarna och byt ut dem vid behov<\/li>\n<li>Kontrollera hydrauloljeniv\u00e5n och fyll p\u00e5 vid behov<\/li>\n<li>Kontrollera cylindern f\u00f6r skador och byt ut den vid behov.<\/li>\n<li>Kontrollera cylinderns position och justera den vid behov<\/li>\n<\/ul>\n<p><img decoding=\"async\" src=\"https:\/\/www.hydraulic-cylinders.net\/wp-content\/uploads\/2025\/01\/songte-chushion-collar.webp\" alt=\"Fels\u00f6kningsbild\"><\/p>\n<h3>Om oss<\/h3>\n<p>Vi \u00e4r en professionell tillverkare av hydraulcylindrar f\u00f6r ers\u00e4ttning med ett brett produktsortiment och har blivit en av de ledande tillverkarna och grossistdistribut\u00f6rerna av hydraulcylindrar p\u00e5 den inhemska och internationella marknaden. Vi f\u00f6ljer alltid principen om utm\u00e4rkt kvalitet, f\u00f6rlitar oss p\u00e5 den industriella produktionsstrategin fr\u00e5n den f\u00f6rfinade tillverkningsverkstaden och f\u00f6rb\u00e4ttrar kontinuerligt v\u00e5r tekniska niv\u00e5 och produktionseffektivitet. Genom att introducera avancerad digital tillverkningsutrustning och professionella testsystem optimerar vi tillverkningsplattformen och f\u00f6rb\u00e4ttrar produktkvalitetskontrollprocessen, vilket g\u00f6r att v\u00e5ra produkter har stark innovationsf\u00f6rm\u00e5ga. V\u00e5rt m\u00e5l \u00e4r att m\u00f6ta kundernas varierande behov med h\u00f6g effektivitet, precision och h\u00f6g kvalitet.<\/p>\n<p>Vi erbjuder professionella tj\u00e4nster, internationella certifieringar, kundanpassade tj\u00e4nster, h\u00f6gkvalitativ produktionsutrustning och eftermarknadsservice f\u00f6r att m\u00f6ta kundernas behov.<\/p>\n<p><img decoding=\"async\" src=\"https:\/\/www.hydraulic-cylinders.net\/wp-content\/uploads\/2025\/01\/songte-company-4.webp\" alt=\"F\u00f6retagsbild\"><br \/>\n<img decoding=\"async\" src=\"https:\/\/www.hydraulic-cylinders.net\/wp-content\/uploads\/2025\/01\/songte-company-3.webp\" alt=\"F\u00f6retagsbild\"><\/p>\n<p>F\u00f6rfattare: lyl.<\/p>","protected":false},"excerpt":{"rendered":"<p>Arm Cylinder For SDLG Small Excavator LG6135E Definition and Explanation Arm cylinder is a specially designed hydraulic cylinder primarily used to provide linear motion and power for various machinery arms, such as excavators, cranes, and robotic arms. The arm cylinder plays a crucial role in hydraulic systems, enabling the effective movement and control of additional [&hellip;]<\/p>","protected":false},"featured_media":14779,"comment_status":"open","ping_status":"closed","template":"","meta":{"_et_pb_use_builder":"","_et_pb_old_content":"","_et_gb_content_width":""},"product_brand":[],"product_cat":[1497],"product_tag":[1498,1496],"class_list":{"0":"post-16578","1":"product","2":"type-product","3":"status-publish","4":"has-post-thumbnail","6":"product_cat-arm-cylinders","7":"product_tag-arm-cylinders","8":"product_tag-hydraulic-cylinders","10":"first","11":"instock","12":"shipping-taxable","13":"product-type-simple"},"amp_enabled":true,"_links":{"self":[{"href":"https:\/\/www.hydraulic-cylinders.net\/sv\/wp-json\/wp\/v2\/product\/16578","targetHints":{"allow":["GET"]}}],"collection":[{"href":"https:\/\/www.hydraulic-cylinders.net\/sv\/wp-json\/wp\/v2\/product"}],"about":[{"href":"https:\/\/www.hydraulic-cylinders.net\/sv\/wp-json\/wp\/v2\/types\/product"}],"replies":[{"embeddable":true,"href":"https:\/\/www.hydraulic-cylinders.net\/sv\/wp-json\/wp\/v2\/comments?post=16578"}],"wp:featuredmedia":[{"embeddable":true,"href":"https:\/\/www.hydraulic-cylinders.net\/sv\/wp-json\/wp\/v2\/media\/14779"}],"wp:attachment":[{"href":"https:\/\/www.hydraulic-cylinders.net\/sv\/wp-json\/wp\/v2\/media?parent=16578"}],"wp:term":[{"taxonomy":"product_brand","embeddable":true,"href":"https:\/\/www.hydraulic-cylinders.net\/sv\/wp-json\/wp\/v2\/product_brand?post=16578"},{"taxonomy":"product_cat","embeddable":true,"href":"https:\/\/www.hydraulic-cylinders.net\/sv\/wp-json\/wp\/v2\/product_cat?post=16578"},{"taxonomy":"product_tag","embeddable":true,"href":"https:\/\/www.hydraulic-cylinders.net\/sv\/wp-json\/wp\/v2\/product_tag?post=16578"}],"curies":[{"name":"wp","href":"https:\/\/api.w.org\/{rel}","templated":true}]}}