{"id":16588,"date":"2025-01-21T05:36:08","date_gmt":"2025-01-21T05:36:08","guid":{"rendered":"https:\/\/www.hydraulic-cylinders.net\/product\/arm-cylinder-for-jonyang-small-excavator-jy6085\/"},"modified":"2025-01-21T05:36:11","modified_gmt":"2025-01-21T05:36:11","slug":"arm-cylinder-for-jonyang-small-excavator-jy6085","status":"publish","type":"product","link":"https:\/\/www.hydraulic-cylinders.net\/sv\/produkt\/arm-cylinder-for-jonyang-small-excavator-jy6085\/","title":{"rendered":"Armcylinder f\u00f6r Jonyang liten gr\u00e4vmaskin JY6085"},"content":{"rendered":"<h1>Armcylinder f\u00f6r Jonyang liten gr\u00e4vmaskin JY6085<\/h1>\n<h2>Introduktion<\/h2>\n<p>Armcylindern \u00e4r en specialdesignad hydraulcylinder som ger linj\u00e4r r\u00f6relse och kraft till armarna p\u00e5 olika maskiner, s\u00e5som gr\u00e4vmaskiner, kranar och robotarmar. Armcylindern spelar en avg\u00f6rande roll i hydrauliska system och m\u00f6jligg\u00f6r effektiv r\u00f6relse och styrning av ytterligare verktyg eller redskap. Dessa cylindrar ger inte bara j\u00e4mn r\u00f6relse utan t\u00e5l \u00e4ven tunga belastningar, vilket s\u00e4kerst\u00e4ller effektiv drift och tillf\u00f6rlitlighet hos maskineriet under olika arbetsf\u00f6rh\u00e5llanden.<\/p>\n<p><img decoding=\"async\" src=\"https:\/\/www.hydraulic-cylinders.net\/wp-content\/uploads\/2025\/01\/songte-company-2.webp\"><\/p>\n<h2>Drag<\/h2>\n<ul>\n<li><strong>H\u00f6geffektiv transmission:<\/strong> Armcylindern ger kraftfull linj\u00e4r r\u00f6relse och kraft, vilket s\u00e4kerst\u00e4ller h\u00f6gpresterande kapacitet f\u00f6r robotarmen i olika operationer.<\/li>\n<li><strong>Precisionskontroll:<\/strong> Genom det hydrauliska systemet m\u00f6jligg\u00f6r armcylindern exakt r\u00f6relsekontroll, vilket g\u00f6r man\u00f6vreringen av anslutna verktyg mer flexibel och exakt.<\/li>\n<li><strong>Varaktighet:<\/strong> Armcylindrar tillverkas vanligtvis av h\u00f6gh\u00e5llfasta material, vilket ger utm\u00e4rkt slitstyrka och korrosionsbest\u00e4ndighet, vilket g\u00f6r dem l\u00e4mpliga f\u00f6r l\u00e5ngvarig anv\u00e4ndning i tuffa milj\u00f6er.<\/li>\n<li><strong>Multifunktionell anpassningsf\u00f6rm\u00e5ga:<\/strong> Dessa cylindrar kan anv\u00e4ndas i stor utstr\u00e4ckning p\u00e5 olika typer av maskiner, s\u00e5som gr\u00e4vmaskiner, kranar och robotarmar, och anpassas till olika arbetskrav.<\/li>\n<li><strong>Enkelt underh\u00e5ll:<\/strong> Armcylindrarna \u00e4r konstruerade med enkelt underh\u00e5ll och utbyte i \u00e5tanke och underl\u00e4ttar regelbundna inspektioner och underh\u00e5ll, vilket minimerar stillest\u00e5ndstiden f\u00f6r utrustningen.<\/li>\n<\/ul>\n<p><img decoding=\"async\" src=\"https:\/\/www.hydraulic-cylinders.net\/wp-content\/uploads\/2025\/01\/songte-oil-pipes-and-spare-parts.webp\"><\/p>\n<h2>Applikationer<\/h2>\n<p>Armcylindern anv\u00e4nds inom olika branscher:<\/p>\n<ul>\n<li><strong>Byggteknik:<\/strong> Armcylindrar, som anv\u00e4nds i gr\u00e4vmaskiner och kranar, styr r\u00f6relsen av skopor eller bommar f\u00f6r markarbeten, materialhantering och strukturella installationer.<\/li>\n<li><strong>Tillverkning:<\/strong> I automatiserade produktionslinjer m\u00f6jligg\u00f6r armcylindrar f\u00f6rflyttning av robotarmar f\u00f6r processer som montering, svetsning och hantering, vilket f\u00f6rb\u00e4ttrar produktionseffektiviteten och precisionen.<\/li>\n<li><strong>Jordbruksmaskiner:<\/strong> I jordbruksmaskiner som sk\u00f6rdetr\u00f6skor och s\u00e5maskiner styr armcylindrar r\u00f6relsen hos man\u00f6verarmarna f\u00f6r uppgifter som s\u00e5dd, g\u00f6dsling och sk\u00f6rd.<\/li>\n<li><strong>Brytning:<\/strong> I gruvutrustning styr armcylindrar armr\u00f6relsen hos gruvmaskiner f\u00f6r malmutvinning och transport.<\/li>\n<li><strong>Logistik och transport:<\/strong> I gaffeltruckar och hanteringsrobotar styr armcylindrar lyftningen och r\u00f6relsen av gafflarna, vilket m\u00f6jligg\u00f6r materialhantering och stapling.<\/li>\n<\/ul>\n<h2>Design\u00f6verv\u00e4ganden och urvalskriterier<\/h2>\n<p>N\u00e4r det g\u00e4ller utformningen av armcylindrar b\u00f6r flera viktiga \u00f6verv\u00e4ganden och urvalskriterier beaktas:<\/p>\n<ul>\n<li><strong>B\u00e4rf\u00f6rm\u00e5ga:<\/strong> Armcylindern b\u00f6r vara konstruerad f\u00f6r att motst\u00e5 de specifika belastningskraven f\u00f6r den maskin den ska anv\u00e4ndas med.<\/li>\n<li><strong>T\u00e4tning:<\/strong> Olika t\u00e4tningselement, s\u00e5som kolvt\u00e4tningar och kolvst\u00e5ngst\u00e4tningar, tillverkade av slitstarka material som polyuretan och nitrilgummi, b\u00f6r anv\u00e4ndas f\u00f6r att s\u00e4kerst\u00e4lla effektiv t\u00e4tningsprestanda.<\/li>\n<li><strong>Varaktighet:<\/strong> Cylinderhuset och de g\u00e4ngade \u00e4ndarna b\u00f6r genomg\u00e5 noggrann ytbehandling f\u00f6r att f\u00f6rb\u00e4ttra slitstyrkan och f\u00f6rl\u00e4nga cylinderns livsl\u00e4ngd.<\/li>\n<li><strong>S\u00e4kerhet:<\/strong> S\u00e4kerhets\u00e5tg\u00e4rder, s\u00e5som tryckavlastningsventiler och n\u00f6dstoppssystem, b\u00f6r inf\u00f6rlivas f\u00f6r att s\u00e4kerst\u00e4lla s\u00e4ker drift och skydda mot potentiella faror.<\/li>\n<li><strong>Underh\u00e5llbarhet:<\/strong> Enkel \u00e5tkomst till komponenter och tydliga underh\u00e5llsinstruktioner b\u00f6r beaktas i konstruktionen f\u00f6r att underl\u00e4tta regelbundet underh\u00e5ll och minimera driftstopp.<\/li>\n<\/ul>\n<p><img decoding=\"async\" src=\"https:\/\/www.hydraulic-cylinders.net\/wp-content\/uploads\/2025\/01\/songte-cylinder-head-with-all-kinds-excavator-models.webp\"><\/p>\n<h2>T\u00e4tning och sm\u00f6rjning<\/h2>\n<p>F\u00f6r att s\u00e4kerst\u00e4lla optimal prestanda anv\u00e4nder armcylindrar olika t\u00e4tningskomponenter, s\u00e5som kolvt\u00e4tningar och st\u00e5ngt\u00e4tningar, tillverkade av material som polyuretan och nitrilgummi. Cylinderhuset och de g\u00e4ngade \u00e4ndarna genomg\u00e5r noggrann ytbehandling f\u00f6r att f\u00f6rb\u00e4ttra slitstyrkan. Regelbunden sm\u00f6rjning med l\u00e4mplig hydraulolja \u00e4r n\u00f6dv\u00e4ndig f\u00f6r att uppr\u00e4tth\u00e5lla smidig drift och f\u00f6rhindra f\u00f6r tidigt slitage och skador.<\/p>\n<h2>Regelbunden inspektion och f\u00f6rebyggande underh\u00e5ll<\/h2>\n<p>F\u00f6r att s\u00e4kerst\u00e4lla armcylinderns livsl\u00e4ngd och tillf\u00f6rlitlighet \u00e4r regelbundna inspektioner och f\u00f6rebyggande underh\u00e5ll avg\u00f6rande. F\u00f6ljande \u00e5tg\u00e4rder b\u00f6r vidtas:<\/p>\n<ul>\n<li>Inspektera cylindern f\u00f6r tecken p\u00e5 l\u00e4ckage, skador eller onormalt slitage.<\/li>\n<li>Kontrollera och dra \u00e5t alla anslutningar f\u00f6r att f\u00f6rhindra lossning och potentiella l\u00e4ckor.<\/li>\n<li>Reng\u00f6r cylindern och dess komponenter f\u00f6r att avl\u00e4gsna smuts, skr\u00e4p och f\u00f6roreningar.<\/li>\n<li>\u00d6vervaka hydraulv\u00e4tskeniv\u00e5er och kvalitet, fyll p\u00e5 eller byt ut vid behov.<\/li>\n<li>F\u00f6lj tillverkarens rekommenderade underh\u00e5llsschema och riktlinjer.<\/li>\n<\/ul>\n<h2>Korrekt produktinstallation<\/h2>\n<p>Korrekt installation av armcylindern \u00e4r avg\u00f6rande f\u00f6r optimal prestanda och s\u00e4kerhet. F\u00f6lj dessa riktlinjer:<\/p>\n<ul>\n<li>Se till att monteringsytan \u00e4r ren, plan och fri fr\u00e5n deformationer.<\/li>\n<li>Anv\u00e4nd l\u00e4mpliga verktyg och utrustning f\u00f6r att f\u00e4sta cylindern p\u00e5 plats.<\/li>\n<li>Dra \u00e5t alla f\u00e4stelement enligt tillverkarens angivna \u00e5tdragningsmoment.<\/li>\n<li>Kontrollera att alla hydrauliska anslutningar \u00e4r ordentligt t\u00e4tade och fria fr\u00e5n l\u00e4ckor.<\/li>\n<li>F\u00f6lj de rekommenderade luftningsprocedurerna f\u00f6r att avl\u00e4gsna luft fr\u00e5n hydraulsystemet.<\/li>\n<\/ul>\n<p><img decoding=\"async\" src=\"https:\/\/www.hydraulic-cylinders.net\/wp-content\/uploads\/2025\/01\/songte-bushings-with-all-kinds-of-excavator-models.webp\"><\/p>\n<h2>S\u00e4kerhetsaspekter och milj\u00f6faktorer<\/h2>\n<p>N\u00e4r man arbetar med armcylindrar \u00e4r det avg\u00f6rande att prioritera s\u00e4kerhets\u00e5tg\u00e4rder. Korrekt utbildning, efterlevnad av s\u00e4kerhetsriktlinjer och anv\u00e4ndning av personlig skyddsutrustning \u00e4r avg\u00f6rande. Milj\u00f6faktorer, s\u00e5som temperatur, fuktighet och kemisk exponering, b\u00f6r ocks\u00e5 beaktas f\u00f6r att s\u00e4kerst\u00e4lla armcylinderns livsl\u00e4ngd och prestanda.<\/p>\n<h2>Fels\u00f6kning och vanliga problem<\/h2>\n<p>N\u00e5gra vanliga problem som kan uppst\u00e5 med armcylindrar inkluderar l\u00e4ckage, otillr\u00e4cklig kraft och oregelbundna r\u00f6relser. F\u00f6r att diagnostisera och l\u00f6sa dessa problem effektivt, \u00f6verv\u00e4g f\u00f6ljande:<\/p>\n<ul>\n<li>Kontrollera alla t\u00e4tningar och anslutningar f\u00f6r tecken p\u00e5 l\u00e4ckage.<\/li>\n<li>Kontrollera hydraulv\u00e4tskeniv\u00e5n och kvaliteten och se till att den ligger inom det rekommenderade intervallet.<\/li>\n<li>Kontrollera att hydraulsystemet \u00e4r korrekt trycksatt.<\/li>\n<li>Kontrollera cylinderkomponenterna f\u00f6r tecken p\u00e5 skador eller slitage.<\/li>\n<li>Se tillverkarens fels\u00f6kningsguide eller s\u00f6k professionell hj\u00e4lp om det beh\u00f6vs.<\/li>\n<\/ul>\n<p><img decoding=\"async\" src=\"https:\/\/www.hydraulic-cylinders.net\/wp-content\/uploads\/2025\/01\/songte-chushion-collar.webp\"><\/p>\n<p>Genom att f\u00f6lja dessa fels\u00f6kningstips kan du effektivt diagnostisera och l\u00f6sa problem med armcylindern, minimera driftstopp och optimera prestanda.<\/p>\n<h2>Om oss<\/h2>\n<p>Vi \u00e4r en professionell tillverkare av hydraulcylindrar f\u00f6r reservdelar och erbjuder ett brett utbud av produkter. Vi har blivit en av de ledande tillverkarna och grossistdistribut\u00f6rerna av hydraulcylindrar p\u00e5 b\u00e5de inhemska och internationella marknader. Med ett engagemang f\u00f6r excellens f\u00f6rb\u00e4ttrar vi kontinuerligt v\u00e5r tekniska expertis och produktionseffektivitet genom implementering av avancerade tillverkningsanl\u00e4ggningar och professionella testsystem. V\u00e5rt m\u00e5l \u00e4r att m\u00f6ta kundernas olika behov med principer om effektivitet, precision och h\u00f6g kvalitet.<\/p>\n<p><img decoding=\"async\" src=\"https:\/\/www.hydraulic-cylinders.net\/wp-content\/uploads\/2025\/01\/songte-company-4.webp\"><br \/>\n<img decoding=\"async\" src=\"https:\/\/www.hydraulic-cylinders.net\/wp-content\/uploads\/2025\/01\/songte-company-3.webp\"><\/p>\n<p>V\u00e5rt f\u00f6retag \u00e4r stolta \u00f6ver v\u00e5r professionalism, internationella certifieringar, kundanpassade tj\u00e4nster, toppmoderna produktionsutrustning och utm\u00e4rkta eftermarknadsservice. Vi str\u00e4var efter att leverera kundn\u00f6jdhet genom att erbjuda innovativa l\u00f6sningar och tillgodose olika branschkrav.<\/p>\n<p>F\u00f6rfattare: lyl<\/p>","protected":false},"excerpt":{"rendered":"<p>Arm Cylinder For Jonyang Small Excavator JY6085 Introduction The arm cylinder is a specially designed hydraulic cylinder that provides linear motion and power to the arms of various machinery, such as excavators, cranes, and robotic arms. The arm cylinder plays a crucial role in hydraulic systems, allowing for efficient movement and control of additional tools [&hellip;]<\/p>","protected":false},"featured_media":14779,"comment_status":"open","ping_status":"closed","template":"","meta":{"_et_pb_use_builder":"","_et_pb_old_content":"","_et_gb_content_width":""},"product_brand":[],"product_cat":[1497],"product_tag":[1498,1496],"class_list":{"0":"post-16588","1":"product","2":"type-product","3":"status-publish","4":"has-post-thumbnail","6":"product_cat-arm-cylinders","7":"product_tag-arm-cylinders","8":"product_tag-hydraulic-cylinders","10":"first","11":"instock","12":"shipping-taxable","13":"product-type-simple"},"amp_enabled":true,"_links":{"self":[{"href":"https:\/\/www.hydraulic-cylinders.net\/sv\/wp-json\/wp\/v2\/product\/16588","targetHints":{"allow":["GET"]}}],"collection":[{"href":"https:\/\/www.hydraulic-cylinders.net\/sv\/wp-json\/wp\/v2\/product"}],"about":[{"href":"https:\/\/www.hydraulic-cylinders.net\/sv\/wp-json\/wp\/v2\/types\/product"}],"replies":[{"embeddable":true,"href":"https:\/\/www.hydraulic-cylinders.net\/sv\/wp-json\/wp\/v2\/comments?post=16588"}],"wp:featuredmedia":[{"embeddable":true,"href":"https:\/\/www.hydraulic-cylinders.net\/sv\/wp-json\/wp\/v2\/media\/14779"}],"wp:attachment":[{"href":"https:\/\/www.hydraulic-cylinders.net\/sv\/wp-json\/wp\/v2\/media?parent=16588"}],"wp:term":[{"taxonomy":"product_brand","embeddable":true,"href":"https:\/\/www.hydraulic-cylinders.net\/sv\/wp-json\/wp\/v2\/product_brand?post=16588"},{"taxonomy":"product_cat","embeddable":true,"href":"https:\/\/www.hydraulic-cylinders.net\/sv\/wp-json\/wp\/v2\/product_cat?post=16588"},{"taxonomy":"product_tag","embeddable":true,"href":"https:\/\/www.hydraulic-cylinders.net\/sv\/wp-json\/wp\/v2\/product_tag?post=16588"}],"curies":[{"name":"wp","href":"https:\/\/api.w.org\/{rel}","templated":true}]}}