{"id":16621,"date":"2025-01-21T05:38:26","date_gmt":"2025-01-21T05:38:26","guid":{"rendered":"https:\/\/www.hydraulic-cylinders.net\/product\/arm-cylinder-for-bobcat-small-excavator-e35i\/"},"modified":"2025-01-21T05:38:32","modified_gmt":"2025-01-21T05:38:32","slug":"arm-cylinder-for-bobcat-small-excavator-e35i","status":"publish","type":"product","link":"https:\/\/www.hydraulic-cylinders.net\/sv\/produkt\/arm-cylinder-for-bobcat-small-excavator-e35i\/","title":{"rendered":"Armcylinder f\u00f6r Bobcat liten gr\u00e4vmaskin E35i"},"content":{"rendered":"<h1>Armcylinder f\u00f6r Bobcat liten gr\u00e4vmaskin E35i<\/h1>\n<h2>Introduktion<\/h2>\n<h3>Definierande armcylinder<\/h3>\n<p>Armcylindern \u00e4r en specialiserad hydraulcylinder som fr\u00e4mst anv\u00e4nds f\u00f6r att ge linj\u00e4r r\u00f6relse och kraft till armarna p\u00e5 olika typer av maskiner, s\u00e5som gr\u00e4vmaskiner, kranar och robotarmar. Armcylindern spelar en avg\u00f6rande roll i hydrauliska system och g\u00f6r det m\u00f6jligt f\u00f6r ytterligare verktyg eller redskap att r\u00f6ra sig och styras effektivt. Dessa cylindrar m\u00f6jligg\u00f6r inte bara smidiga r\u00f6relser utan b\u00e4r \u00e4ven tunga belastningar, vilket s\u00e4kerst\u00e4ller effektiv drift och tillf\u00f6rlitlighet hos maskiner under olika driftsf\u00f6rh\u00e5llanden.<\/p>\n<p><img decoding=\"async\" src=\"https:\/\/www.hydraulic-cylinders.net\/wp-content\/uploads\/2025\/01\/songte-company-2.webp\" alt=\"Bild av armcylinder\"><\/p>\n<h3>Funktioner hos armcylindern<\/h3>\n<ul>\n<li><strong>H\u00f6geffektiv drivning:<\/strong> Armcylindern ger kraftfull linj\u00e4r r\u00f6relse och kraft, vilket s\u00e4kerst\u00e4ller robotarmens h\u00f6geffektiva prestanda under olika operationer.<\/li>\n<li><strong>Precisionskontroll:<\/strong> Det hydrauliska systemet g\u00f6r att armcylindern kan uppn\u00e5 exakt r\u00f6relsekontroll, vilket g\u00f6r man\u00f6vreringen av ytterligare verktyg mer flexibel och exakt.<\/li>\n<li><strong>Stark h\u00e5llbarhet:<\/strong> Armcylindrar \u00e4r vanligtvis tillverkade av h\u00f6gh\u00e5llfasta material, med god slitstyrka och korrosionsbest\u00e4ndighet, vilket g\u00f6r dem l\u00e4mpliga f\u00f6r l\u00e5ngvarig anv\u00e4ndning i tuffa milj\u00f6er.<\/li>\n<li><strong>Multifunktionell anpassningsf\u00f6rm\u00e5ga:<\/strong> Dessa cylindrar kan anv\u00e4ndas i stor utstr\u00e4ckning i olika mekaniska utrustningar s\u00e5som gr\u00e4vmaskiner, kranar och robotarmar, och anpassas till olika arbetskrav.<\/li>\n<li><strong>Enkelt underh\u00e5ll:<\/strong> Armcylinderns design tar h\u00e4nsyn till enkelt underh\u00e5ll och utbyte, vilket g\u00f6r regelbundna inspektioner och underh\u00e5ll enklare och minskar utrustningens stillest\u00e5ndstid.<\/li>\n<\/ul>\n<p>V\u00e5ra produkter kan perfekt ers\u00e4tta dessa hydraulcylindrar. Kolla in v\u00e5rt breda utbud av produkter och reservdelar p\u00e5 <a href=\"https:\/\/www.hydraulic-cylinders.net\/wp-content\/uploads\/2025\/01\/songte-oil-pipes-and-spare-parts.webp\">https:\/\/www.hydraulic-cylinders.net\/<\/a><\/p>\n<h3>Till\u00e4mpningar av armcylinder<\/h3>\n<p>Armcylindern har olika till\u00e4mpningar inom olika branscher:<\/p>\n<ul>\n<li><strong>Byggteknik:<\/strong> I gr\u00e4vmaskiner och kranar anv\u00e4nds armcylindern f\u00f6r att styra r\u00f6relsen av skopor eller bommar och utf\u00f6ra markarbeten, materialhantering och strukturell installation.<\/li>\n<li><strong>Tillverkning:<\/strong> I automatiserade produktionslinjer anv\u00e4nds armcylindern f\u00f6r att flytta robotarmar och utf\u00f6ra monterings-, svets- och hanteringsprocesser, vilket \u00f6kar produktionseffektiviteten och noggrannheten.<\/li>\n<li><strong>Jordbruksmaskiner:<\/strong> I jordbruksmaskiner som sk\u00f6rdetr\u00f6skor och s\u00e5maskiner styr armcylindern r\u00f6relsen hos man\u00f6verarmen och utf\u00f6r uppgifter som plantering, g\u00f6dsling och sk\u00f6rd.<\/li>\n<li><strong>Brytning:<\/strong> In mining equipment, the arm cylinder is used to control the movement of mining equipment&#8217;s arm, performing ore excavation and handling.<\/li>\n<li><strong>Logistik och transport:<\/strong> I gaffeltruckar och hanteringsrobotar anv\u00e4nds armcylindern f\u00f6r att styra lyftning och r\u00f6relse av lastgafflar, vilket m\u00f6jligg\u00f6r materialhantering och stapling.<\/li>\n<\/ul>\n<h2>Design\u00f6verv\u00e4ganden och urvalskriterier<\/h2>\n<h3>B\u00e4rf\u00f6rm\u00e5ga<\/h3>\n<p>Armcylindern m\u00e5ste kunna b\u00e4ra lasten fr\u00e5n ytterligare verktyg eller tillbeh\u00f6r effektivt. D\u00e4rf\u00f6r \u00e4r b\u00e4rf\u00f6rm\u00e5gan en kritisk designaspekt f\u00f6r tillverkare av armcylinder.<\/p>\n<h3>T\u00e4tning<\/h3>\n<p>Det hydrauliska systemet \u00e4r beroende av korrekt t\u00e4tning av armcylindern f\u00f6r att f\u00f6rhindra l\u00e4ckage av hydraulv\u00e4tska. D\u00e4rf\u00f6r anv\u00e4nder tillverkare h\u00f6gkvalitativa t\u00e4tningskomponenter, s\u00e5som kolvt\u00e4tningar och st\u00e5ngt\u00e4tningar, tillverkade av slitstarka material som polyuretan och nitrilgummi, f\u00f6r att s\u00e4kerst\u00e4lla effektiv t\u00e4tning.<\/p>\n<h3>Varaktighet<\/h3>\n<p>Armcylindern m\u00e5ste klara tuffa driftsf\u00f6rh\u00e5llanden, inklusive korrosion och n\u00f6tning, utan att dess prestanda minskar. D\u00e4rf\u00f6r anv\u00e4nder tillverkare h\u00f6gh\u00e5llfasta material som legerat st\u00e5l och h\u00e4rdat st\u00e5l f\u00f6r att s\u00e4kerst\u00e4lla h\u00f6g h\u00e5llbarhet.<\/p>\n<h3>S\u00e4kerhet<\/h3>\n<p>Armcylindrar m\u00e5ste konstrueras med s\u00e4kerhet som h\u00f6gsta prioritet. Tillverkare s\u00e4kerst\u00e4ller att armcylindrarna uppfyller branschens s\u00e4kerhetsstandarder och inkluderar funktioner som tryckavlastningsventiler och positionssensorer f\u00f6r att s\u00e4kerst\u00e4lla s\u00e4ker drift.<\/p>\n<h3>Underh\u00e5ll<\/h3>\n<p>Tillverkare konstruerar armcylindrar f\u00f6r enkelt underh\u00e5ll och reparation. Armcylinderns komponenter, s\u00e5som st\u00e5ng, kolv och t\u00e4tningar, ska vara l\u00e4tta att byta ut. Tillverkare tillhandah\u00e5ller ocks\u00e5 detaljerade underh\u00e5lls- och reparationsinstruktioner f\u00f6r sina produkter.<\/p>\n<p><img decoding=\"async\" src=\"https:\/\/www.hydraulic-cylinders.net\/wp-content\/uploads\/2025\/01\/songte-cylinder-head-with-all-kinds-excavator-models.webp\" alt=\"Bild av armcylinderdesign\"><\/p>\n<h2>T\u00e4tning och sm\u00f6rjning<\/h2>\n<p>Tillverkare anv\u00e4nder olika t\u00e4tningskomponenter f\u00f6r att s\u00e4kerst\u00e4lla effektiv t\u00e4tning av armcylindrar. Komponenterna inkluderar kolvt\u00e4tningar, kolvst\u00e5ngst\u00e4tningar och torkarblad. Cylinderhuvudet, kolvst\u00e5ngen och t\u00e4tningsytorna f\u00e5r en fin finish f\u00f6r att f\u00f6rb\u00e4ttra slitstyrkan. Dessutom \u00e4r regelbunden sm\u00f6rjning med hydraulolja avg\u00f6rande f\u00f6r att s\u00e4kerst\u00e4lla att armcylindern fungerar smidigt.<\/p>\n<h2>F\u00f6rebyggande underh\u00e5ll och fels\u00f6kning<\/h2>\n<p>F\u00f6rebyggande underh\u00e5ll och fels\u00f6kning av armcylindrar \u00e4r avg\u00f6rande f\u00f6r att s\u00e4kerst\u00e4lla optimal prestanda. Regelbundet underh\u00e5ll inkluderar kontroll av l\u00e4ckor, slitage och skador p\u00e5 cylindern och dess komponenter. Fels\u00f6kning inneb\u00e4r att identifiera och \u00e5tg\u00e4rda problem som l\u00e4ckor, otillr\u00e4cklig effekt och skador p\u00e5 cylindern. Tillverkare tillhandah\u00e5ller fels\u00f6kningstips och l\u00f6sningar f\u00f6r att hj\u00e4lpa kunder att diagnostisera och l\u00f6sa problem effektivt.<\/p>\n<p><img decoding=\"async\" src=\"https:\/\/www.hydraulic-cylinders.net\/wp-content\/uploads\/2025\/01\/songte-chushion-collar.webp\" alt=\"Bild f\u00f6r underh\u00e5ll av armcylinder\"><\/p>\n<h2>Installationsguide<\/h2>\n<p>Korrekt installation av armcylindrar \u00e4r avg\u00f6rande f\u00f6r att s\u00e4kerst\u00e4lla optimal prestanda. Installationen inneb\u00e4r att man tar bort den gamla cylindern, installerar den nya cylindern, ansluter hydraulslangarna och testar cylinderns funktion. Tillverkare tillhandah\u00e5ller detaljerade installationsanvisningar f\u00f6r att s\u00e4kerst\u00e4lla korrekt installation.<\/p>\n<p><img decoding=\"async\" src=\"https:\/\/www.hydraulic-cylinders.net\/wp-content\/uploads\/2025\/01\/songte-bushings-with-all-kinds-of-excavator-models.webp\" alt=\"Bild f\u00f6r installation av armcylinder\"><\/p>\n<h2>S\u00e4kerhets- och milj\u00f6h\u00e4nsyn<\/h2>\n<p>S\u00e4kerhet \u00e4r en viktig faktor vid design och anv\u00e4ndning av armcylindrar. Anv\u00e4ndare b\u00f6r se till att cylindern anv\u00e4nds f\u00f6r sitt avsedda \u00e4ndam\u00e5l och i en s\u00e4ker milj\u00f6. Milj\u00f6faktorer som temperatur och fuktighet kan ocks\u00e5 p\u00e5verka armcylindrarnas prestanda. Tillverkare utformar sina produkter f\u00f6r att motst\u00e5 olika milj\u00f6faktorer och ger riktlinjer f\u00f6r s\u00e4ker och effektiv anv\u00e4ndning.<\/p>\n<h2>Om v\u00e5rt f\u00f6retag<\/h2>\n<p>Vi \u00e4r en professionell tillverkare av hydraulcylindrar f\u00f6r ers\u00e4ttning och erbjuder ett brett utbud av produkter som har gjort oss till en av de ledande tillverkarna och grossistdistribut\u00f6rerna av hydraulcylindrar p\u00e5 den inhemska och internationella marknaden. Vi uppr\u00e4tth\u00e5ller alltid principen om utm\u00e4rkt kvalitet och f\u00f6rlitar oss p\u00e5 den industriella produktionsstyrningsstrategin i fintillverkningsverkst\u00e4der f\u00f6r att kontinuerligt f\u00f6rb\u00e4ttra v\u00e5r teknik och produktionseffektivitet. Vi har en stark innovationsf\u00f6rm\u00e5ga och har introducerat avancerad digital tillverkningsutrustning och professionella testsystem f\u00f6r att optimera v\u00e5r produktionsplattform och f\u00f6rb\u00e4ttra produktkvalitetskontrollprocesserna. V\u00e5rt m\u00e5l \u00e4r att m\u00f6ta v\u00e5ra kunders olika behov med principer f\u00f6r h\u00f6g effektivitet, precision och h\u00f6g kvalitet.<\/p>\n<p>Vi erbjuder professionella tj\u00e4nster, internationella certifieringar, kundanpassade tj\u00e4nster, avancerad produktionsutrustning och utm\u00e4rkt eftermarknadsservice. Bes\u00f6k v\u00e5r webbplats p\u00e5 <a href=\"https:\/\/www.hydraulic-cylinders.net\/sv\/\">https:\/\/www.hydraulic-cylinders.net\/<\/a><\/p>\n<p><img decoding=\"async\" src=\"https:\/\/www.hydraulic-cylinders.net\/wp-content\/uploads\/2025\/01\/songte-company-4.webp\" alt=\"F\u00f6retagsbild 1\"><\/p>\n<p><img decoding=\"async\" src=\"https:\/\/www.hydraulic-cylinders.net\/wp-content\/uploads\/2025\/01\/songte-company-3.webp\" alt=\"F\u00f6retagsbild 2\"><\/p>\n<p>F\u00f6rfattare: lyl<\/p>","protected":false},"excerpt":{"rendered":"<p>Arm Cylinder For Bobcat Small Excavator E35i Introduction Defining Arm Cylinder The arm cylinder is a specialized hydraulic cylinder used primarily to provide linear motion and power to the arms of various types of machinery such as excavators, cranes, and robotic arms. The arm cylinder plays a crucial role in hydraulic systems, enabling additional tools [&hellip;]<\/p>","protected":false},"featured_media":14772,"comment_status":"open","ping_status":"closed","template":"","meta":{"_et_pb_use_builder":"","_et_pb_old_content":"","_et_gb_content_width":""},"product_brand":[],"product_cat":[1497],"product_tag":[1498,1496],"class_list":{"0":"post-16621","1":"product","2":"type-product","3":"status-publish","4":"has-post-thumbnail","6":"product_cat-arm-cylinders","7":"product_tag-arm-cylinders","8":"product_tag-hydraulic-cylinders","10":"first","11":"instock","12":"shipping-taxable","13":"product-type-simple"},"amp_enabled":true,"_links":{"self":[{"href":"https:\/\/www.hydraulic-cylinders.net\/sv\/wp-json\/wp\/v2\/product\/16621","targetHints":{"allow":["GET"]}}],"collection":[{"href":"https:\/\/www.hydraulic-cylinders.net\/sv\/wp-json\/wp\/v2\/product"}],"about":[{"href":"https:\/\/www.hydraulic-cylinders.net\/sv\/wp-json\/wp\/v2\/types\/product"}],"replies":[{"embeddable":true,"href":"https:\/\/www.hydraulic-cylinders.net\/sv\/wp-json\/wp\/v2\/comments?post=16621"}],"wp:featuredmedia":[{"embeddable":true,"href":"https:\/\/www.hydraulic-cylinders.net\/sv\/wp-json\/wp\/v2\/media\/14772"}],"wp:attachment":[{"href":"https:\/\/www.hydraulic-cylinders.net\/sv\/wp-json\/wp\/v2\/media?parent=16621"}],"wp:term":[{"taxonomy":"product_brand","embeddable":true,"href":"https:\/\/www.hydraulic-cylinders.net\/sv\/wp-json\/wp\/v2\/product_brand?post=16621"},{"taxonomy":"product_cat","embeddable":true,"href":"https:\/\/www.hydraulic-cylinders.net\/sv\/wp-json\/wp\/v2\/product_cat?post=16621"},{"taxonomy":"product_tag","embeddable":true,"href":"https:\/\/www.hydraulic-cylinders.net\/sv\/wp-json\/wp\/v2\/product_tag?post=16621"}],"curies":[{"name":"wp","href":"https:\/\/api.w.org\/{rel}","templated":true}]}}