{"id":16624,"date":"2025-01-21T05:38:41","date_gmt":"2025-01-21T05:38:41","guid":{"rendered":"https:\/\/www.hydraulic-cylinders.net\/product\/arm-cylinder-for-bobcat-small-excavator-e85\/"},"modified":"2025-01-21T05:38:43","modified_gmt":"2025-01-21T05:38:43","slug":"arm-cylinder-for-bobcat-small-excavator-e85","status":"publish","type":"product","link":"https:\/\/www.hydraulic-cylinders.net\/sv\/produkt\/arm-cylinder-for-bobcat-small-excavator-e85\/","title":{"rendered":"Armcylinder f\u00f6r Bobcat liten gr\u00e4vmaskin E85"},"content":{"rendered":"<h2>Armcylinder f\u00f6r Bobcat liten gr\u00e4vmaskin E85<\/h2>\n<h3>Introduktion<\/h3>\n<p>Armcylindern, \u00e4ven k\u00e4nd som hydraulcylinder, \u00e4r ett specialdesignat hydrauliskt st\u00e4lldon som anv\u00e4nds f\u00f6r att ge linj\u00e4r r\u00f6relse och kraft till armarna p\u00e5 olika maskiner s\u00e5som gr\u00e4vmaskiner, kranar och robotarmar. Armcylindern spelar en avg\u00f6rande roll i hydrauliska system och m\u00f6jligg\u00f6r r\u00f6relse och styrning av redskap eller tillbeh\u00f6r. Dessa cylindrar ger inte bara j\u00e4mn r\u00f6relse, utan t\u00e5l \u00e4ven tunga belastningar, vilket s\u00e4kerst\u00e4ller effektiv drift och tillf\u00f6rlitlighet hos maskiner under olika driftsf\u00f6rh\u00e5llanden.<\/p>\n<p><img decoding=\"async\" src=\"https:\/\/www.hydraulic-cylinders.net\/wp-content\/uploads\/2025\/01\/songte-company-2.webp\" alt=\"Bild av armcylinder\" \/><\/p>\n<h3>Drag<\/h3>\n<ul>\n<li><strong>H\u00f6g effektiv kraft\u00f6verf\u00f6ring:<\/strong> Armcylindern kan ge kraftfull linj\u00e4r r\u00f6relse och kraft, vilket s\u00e4kerst\u00e4ller h\u00f6g effektivitet hos maskinarmen under olika operationer.<\/li>\n<li><strong>Exakt kontroll:<\/strong> Genom hydrauliska system kan armcylindern uppn\u00e5 exakt r\u00f6relsekontroll, vilket g\u00f6r man\u00f6vreringen av anslutna verktyg mer flexibel och exakt.<\/li>\n<li><strong>H\u00e5llbar:<\/strong> Armcylindrar \u00e4r vanligtvis tillverkade av h\u00f6gh\u00e5llfasta material och har god slitage- och korrosionsbest\u00e4ndighet, vilket g\u00f6r dem l\u00e4mpliga f\u00f6r l\u00e5ngvarig anv\u00e4ndning i tuffa milj\u00f6er.<\/li>\n<li><strong>Multifunktionell anpassningsf\u00f6rm\u00e5ga:<\/strong> Dessa cylindrar kan anv\u00e4ndas i stor utstr\u00e4ckning i olika mekaniska utrustningar, s\u00e5som gr\u00e4vmaskiner, kranar och robotarmar, och anpassas till olika arbetskrav.<\/li>\n<li><strong>Enkelt underh\u00e5ll:<\/strong> Utformade f\u00f6r enkelt underh\u00e5ll och utbyte blir regelbunden inspektion och underh\u00e5ll enklare, vilket minskar stillest\u00e5ndstiden f\u00f6r utrustningen.<\/li>\n<\/ul>\n<p>Vi kan producera denna produkt och erbjuda en perfekt ers\u00e4ttning f\u00f6r dessa hydraulcylindrar.<\/p>\n<p><img decoding=\"async\" src=\"https:\/\/www.hydraulic-cylinders.net\/wp-content\/uploads\/2025\/01\/songte-oil-pipes-and-spare-parts.webp\" alt=\"Bild av hydrauliska cylinderdelar\" \/><\/p>\n<h3>Ans\u00f6kan<\/h3>\n<p>Armcylindrar har olika till\u00e4mpningar inom olika branscher:<\/p>\n<ul>\n<li><strong>Byggteknik:<\/strong> Armcylindrar anv\u00e4nds i gr\u00e4vmaskiner och kranar f\u00f6r att styra r\u00f6relsen av skopor eller bommar f\u00f6r markarbeten, materialhantering och strukturell installation.<\/li>\n<li><strong>Tillverkning:<\/strong> I automatiserade produktionslinjer anv\u00e4nds armcylindrar f\u00f6r att f\u00f6rflytta robotarmar under montering, svetsning och hanteringsprocesser f\u00f6r att f\u00f6rb\u00e4ttra produktionseffektiviteten och precisionen.<\/li>\n<li><strong>Jordbruksmaskiner:<\/strong> Armcylindrar styr r\u00f6relsen hos man\u00f6verarmarna i jordbruksmaskiner som sk\u00f6rdetr\u00f6skor och s\u00e5maskiner, och utf\u00f6r uppgifter som plantering, g\u00f6dsling och sk\u00f6rd.<\/li>\n<li><strong>Brytning:<\/strong> Armcylindrar anv\u00e4nds i gruvutrustning f\u00f6r att styra armr\u00f6relsen hos gruvutrustning f\u00f6r gruvdrift och transport av mineraler.<\/li>\n<li><strong>Logistik och transport:<\/strong> I gaffeltruckar och hanteringsrobotar styr armcylindrar lyftning och r\u00f6relse av gafflar, f\u00f6r materialhantering och stapling.<\/li>\n<\/ul>\n<h3>Design\u00f6verv\u00e4ganden och urvalskriterier<\/h3>\n<p>Ur ett designperspektiv b\u00f6r f\u00f6ljande kriterier beaktas:<\/p>\n<ul>\n<li><strong>B\u00e4rf\u00f6rm\u00e5ga:<\/strong> Hydraulcylindrar m\u00e5ste vara konstruerade f\u00f6r att hantera maskineriets driftsbelastningar.<\/li>\n<li><strong>T\u00e4tning:<\/strong> Hydraulcylindrar m\u00e5ste vara ordentligt t\u00e4tade f\u00f6r att f\u00f6rhindra l\u00e4ckage och bibeh\u00e5lla trycket.<\/li>\n<li><strong>Varaktighet:<\/strong> Hydraulcylindrar b\u00f6r vara tillverkade av material som \u00e4r motst\u00e5ndskraftiga mot slitage och korrosion.<\/li>\n<li><strong>S\u00e4kerhet:<\/strong> Hydraulcylindrar m\u00e5ste vara konstruerade f\u00f6r att f\u00f6rhindra olyckor och s\u00e4kerst\u00e4lla personalens och utrustningens s\u00e4kerhet.<\/li>\n<li><strong>Underh\u00e5llbarhet:<\/strong> Hydraulcylindrar b\u00f6r utformas f\u00f6r att underl\u00e4tta underh\u00e5ll och utbyte av delar, vilket minskar stillest\u00e5ndstiden.<\/li>\n<\/ul>\n<p><img decoding=\"async\" src=\"https:\/\/www.hydraulic-cylinders.net\/wp-content\/uploads\/2025\/01\/songte-cylinder-head-with-all-kinds-excavator-models.webp\" alt=\"Bild p\u00e5 topplock\" \/><\/p>\n<h3>T\u00e4tning och sm\u00f6rjning<\/h3>\n<p>Olika t\u00e4tningskomponenter, s\u00e5som kolvt\u00e4tningar och kolvst\u00e5ngst\u00e4tningar, anv\u00e4nds i hydraulcylindrar. Dessa t\u00e4tningar \u00e4r tillverkade av slitstarka material som polyuretan och nitrilgummi. Cylinderhuset och g\u00e4ng\u00e4nden \u00e4r finbearbetade f\u00f6r att f\u00f6rb\u00e4ttra slitstyrkan. Regelbunden sm\u00f6rjning med l\u00e4mplig m\u00e4ngd hydraulolja \u00e4r ocks\u00e5 n\u00f6dv\u00e4ndig f\u00f6r att bibeh\u00e5lla korrekt funktion.<\/p>\n<h3>Inspektion och f\u00f6rebyggande underh\u00e5lls\u00e5tg\u00e4rder<\/h3>\n<p>Regelbunden inspektion och f\u00f6rebyggande underh\u00e5lls\u00e5tg\u00e4rder \u00e4r n\u00f6dv\u00e4ndiga f\u00f6r att s\u00e4kerst\u00e4lla att hydraulcylindrarna fungerar korrekt. F\u00f6ljande \u00e5tg\u00e4rder b\u00f6r vidtas:<\/p>\n<ul>\n<li><strong>Regelbunden inspektion av cylinderhus, kolvst\u00e5ng och t\u00e4tningar:<\/strong> Detta s\u00e4kerst\u00e4ller att hydraulcylindern \u00e4r i gott skick och att eventuella problem uppt\u00e4cks tidigt.<\/li>\n<li><strong>Byte av slitna t\u00e4tningar:<\/strong> Detta f\u00f6rhindrar l\u00e4ckage och bibeh\u00e5ller hydraultrycket.<\/li>\n<li><strong>Regelbunden sm\u00f6rjning:<\/strong> Detta s\u00e4kerst\u00e4ller korrekt funktion och f\u00f6rl\u00e4nger hydraulcylinderns livsl\u00e4ngd.<\/li>\n<\/ul>\n<p>Dessa \u00e5tg\u00e4rder kan bidra till att minska f\u00f6rekomsten av problem och f\u00f6rl\u00e4nga livsl\u00e4ngden p\u00e5 hydraulcylindrar.<\/p>\n<p><img decoding=\"async\" src=\"https:\/\/www.hydraulic-cylinders.net\/wp-content\/uploads\/2025\/01\/songte-chushion-collar.webp\" alt=\"Bild av kuddekrage\" \/><\/p>\n<h3>Installationsguide<\/h3>\n<p>Korrekt installation \u00e4r avg\u00f6rande f\u00f6r att hydraulcylindrar ska fungera korrekt. F\u00f6ljande steg b\u00f6r vidtas:<\/p>\n<ul>\n<li><strong>Reng\u00f6r installationsytan:<\/strong> Detta s\u00e4kerst\u00e4ller att det inte finns n\u00e5gon smuts eller skr\u00e4p som kan p\u00e5verka installationen.<\/li>\n<li><strong>Montera cylindern:<\/strong> S\u00e4kerst\u00e4ll att cylindern \u00e4r korrekt monterad p\u00e5 f\u00e4stet och ansluten till hydraulsystemet.<\/li>\n<li><strong>Kontrollera t\u00e4tningarna:<\/strong> Se till att t\u00e4tningarna \u00e4r korrekt monterade och i gott skick.<\/li>\n<li><strong>Sm\u00f6rja:<\/strong> Sm\u00f6rj cylindern enligt tillverkarens anvisningar.<\/li>\n<li><strong>Kontrollera \u00e5tg\u00e4rden:<\/strong> Kontrollera cylinderns funktion f\u00f6r att s\u00e4kerst\u00e4lla att den fungerar korrekt.<\/li>\n<\/ul>\n<p><img decoding=\"async\" src=\"https:\/\/www.hydraulic-cylinders.net\/wp-content\/uploads\/2025\/01\/songte-bushings-with-all-kinds-of-excavator-models.webp\" alt=\"Bussningar Bild\" \/><\/p>\n<h3>S\u00e4kerhetsaspekter och milj\u00f6faktorer<\/h3>\n<p>Anv\u00e4ndning av hydraulcylindrar kr\u00e4ver att s\u00e4kerhetsregler och f\u00f6reskrifter f\u00f6ljs. S\u00e4kerhets\u00e5tg\u00e4rder som korrekt utbildning, regelbunden inspektion och f\u00f6rebyggande underh\u00e5ll b\u00f6r implementeras f\u00f6r att minska risken f\u00f6r olyckor. Milj\u00f6faktorer som temperatur och fuktighet b\u00f6r ocks\u00e5 beaktas, eftersom de kan p\u00e5verka hydraulcylindrarnas prestanda.<\/p>\n<h3>Fels\u00f6kning och vanliga problem<\/h3>\n<p>N\u00e5gra vanliga problem som kan uppst\u00e5 med hydraulcylindrar \u00e4r l\u00e4ckage, otillr\u00e4ckligt tryck och cylinderdrift. F\u00f6r att \u00e5tg\u00e4rda dessa problem b\u00f6r f\u00f6ljande tips och l\u00f6sningar \u00f6verv\u00e4gas:<\/p>\n<ul>\n<li><strong>L\u00e4ckage:<\/strong> L\u00e4ckage kan uppst\u00e5 p\u00e5 grund av skadade t\u00e4tningar eller otillr\u00e4cklig \u00e5tdragning av kopplingar. Byt ut t\u00e4tningarna eller dra \u00e5t kopplingarna vid behov.<\/li>\n<li><strong>Otillr\u00e4ckligt tryck:<\/strong> Otillr\u00e4ckligt tryck kan uppst\u00e5 p\u00e5 grund av en trasig pump eller igensatta filter. Kontrollera pumpen och filtren och reng\u00f6r eller byt ut dem vid behov.<\/li>\n<li><strong>Cylinderdrift:<\/strong> Cylinderdrift kan uppst\u00e5 p\u00e5 grund av l\u00e5gt hydraultryck eller en skadad kolvt\u00e4tning. Kontrollera hydraultrycket och byt ut kolvt\u00e4tningen vid behov.<\/li>\n<\/ul>\n<p>F\u00f6rebyggande \u00e5tg\u00e4rder som regelbunden inspektion och underh\u00e5ll kan ocks\u00e5 bidra till att minska f\u00f6rekomsten av dessa problem.<\/p>\n<p><img decoding=\"async\" src=\"https:\/\/www.hydraulic-cylinders.net\/wp-content\/uploads\/2025\/01\/songte-company-4.webp\" alt=\"F\u00f6retagsbild\" \/><\/p>\n<h3>Om oss<\/h3>\n<p>Vi \u00e4r en professionell tillverkare av hydraulcylindrar f\u00f6r ers\u00e4ttning med ett brett produktsortiment. Vi har blivit en av de ledande tillverkarna och grossistdistribut\u00f6rerna av hydraulcylindrar p\u00e5 den inhemska och internationella marknaden. Vi f\u00f6ljer alltid principen om utm\u00e4rkt kvalitet och f\u00f6rlitar oss p\u00e5 industrialiserade produktionshanteringsstrategier i fina tillverkningsverkst\u00e4der, och f\u00f6rb\u00e4ttrar st\u00e4ndigt v\u00e5r tekniska niv\u00e5 och produktionseffektivitet. Genom att introducera avancerad digital tillverkningsutrustning och professionella testsystem optimerar vi kontinuerligt v\u00e5r tillverkningsplattform, f\u00f6rb\u00e4ttrar v\u00e5ra produktkvalitetskontrollprocesser och har stark innovationsf\u00f6rm\u00e5ga. V\u00e5rt m\u00e5l \u00e4r att tillgodose kundernas olika behov med h\u00f6g effektivitet, precision och h\u00f6g kvalitet.<\/p>\n<p>Vi erbjuder v\u00e5ra kunder professionell expertis, internationell certifiering, kundanpassade tj\u00e4nster, produktionsutrustning och eftermarknadsservice.<\/p>\n<p><img decoding=\"async\" src=\"https:\/\/www.hydraulic-cylinders.net\/wp-content\/uploads\/2025\/01\/songte-company-3.webp\" alt=\"F\u00f6retagsbild\" \/><\/p>\n<p>F\u00f6rfattare: lyl<\/p>","protected":false},"excerpt":{"rendered":"<p>Arm Cylinder For Bobcat Small Excavator E85 Introduction The arm cylinder, also known as hydraulic cylinder, is a specially designed hydraulic actuator used to provide linear motion and power to the arms of various machinery such as excavators, cranes and robotic arms. The arm cylinder plays a critical role in hydraulic systems, enabling the movement [&hellip;]<\/p>","protected":false},"featured_media":14763,"comment_status":"open","ping_status":"closed","template":"","meta":{"_et_pb_use_builder":"","_et_pb_old_content":"","_et_gb_content_width":""},"product_brand":[],"product_cat":[1497],"product_tag":[1498,1496],"class_list":{"0":"post-16624","1":"product","2":"type-product","3":"status-publish","4":"has-post-thumbnail","6":"product_cat-arm-cylinders","7":"product_tag-arm-cylinders","8":"product_tag-hydraulic-cylinders","10":"first","11":"instock","12":"shipping-taxable","13":"product-type-simple"},"amp_enabled":true,"_links":{"self":[{"href":"https:\/\/www.hydraulic-cylinders.net\/sv\/wp-json\/wp\/v2\/product\/16624","targetHints":{"allow":["GET"]}}],"collection":[{"href":"https:\/\/www.hydraulic-cylinders.net\/sv\/wp-json\/wp\/v2\/product"}],"about":[{"href":"https:\/\/www.hydraulic-cylinders.net\/sv\/wp-json\/wp\/v2\/types\/product"}],"replies":[{"embeddable":true,"href":"https:\/\/www.hydraulic-cylinders.net\/sv\/wp-json\/wp\/v2\/comments?post=16624"}],"wp:featuredmedia":[{"embeddable":true,"href":"https:\/\/www.hydraulic-cylinders.net\/sv\/wp-json\/wp\/v2\/media\/14763"}],"wp:attachment":[{"href":"https:\/\/www.hydraulic-cylinders.net\/sv\/wp-json\/wp\/v2\/media?parent=16624"}],"wp:term":[{"taxonomy":"product_brand","embeddable":true,"href":"https:\/\/www.hydraulic-cylinders.net\/sv\/wp-json\/wp\/v2\/product_brand?post=16624"},{"taxonomy":"product_cat","embeddable":true,"href":"https:\/\/www.hydraulic-cylinders.net\/sv\/wp-json\/wp\/v2\/product_cat?post=16624"},{"taxonomy":"product_tag","embeddable":true,"href":"https:\/\/www.hydraulic-cylinders.net\/sv\/wp-json\/wp\/v2\/product_tag?post=16624"}],"curies":[{"name":"wp","href":"https:\/\/api.w.org\/{rel}","templated":true}]}}